{"id":6104,"date":"2025-10-20T09:29:29","date_gmt":"2025-10-20T01:29:29","guid":{"rendered":"https:\/\/meskernel.net\/?post_type=product&#038;p=6104"},"modified":"2025-11-04T10:46:33","modified_gmt":"2025-11-04T02:46:33","slug":"sensor-de-alcance-de-alta-frequencia","status":"publish","type":"product","link":"https:\/\/meskernel.net\/pt\/product\/high-frequency-ranging-sensor\/","title":{"rendered":"LDLG-P4 | IP54 Sensor de alcance de alta frequ\u00eancia 20Hz com feixe de laser verde"},"content":{"rendered":"<p data-start=\"289\" data-end=\"810\">O Meskernel LDLG-P4 \u00e9 um sensor de medi\u00e7\u00e3o de alta frequ\u00eancia de n\u00edvel industrial concebido para a medi\u00e7\u00e3o precisa de dist\u00e2ncias em ambientes exigentes.<br data-start=\"444\" data-end=\"447\" \/>Constru\u00eddo com base na tecnologia iToF (Indirect Time of Flight) comprovada da s\u00e9rie LDL40, o LDLG-P4 integra um feixe de laser verde, um inv\u00f3lucro de alum\u00ednio dur\u00e1vel com prote\u00e7\u00e3o IP54 e uma taxa de medi\u00e7\u00e3o de alta velocidade de 100 Hz.<br data-start=\"671\" data-end=\"674\" \/>Proporciona leituras de dist\u00e2ncia r\u00e1pidas, est\u00e1veis e precisas, mesmo sob luz ambiente forte, vibra\u00e7\u00e3o ou condi\u00e7\u00f5es industriais poeirentas.<\/p>\n<p data-start=\"812\" data-end=\"1022\">Para responder a diferentes necessidades de aplica\u00e7\u00e3o, a s\u00e9rie de sensores de medi\u00e7\u00e3o de alta frequ\u00eancia est\u00e1 dispon\u00edvel em v\u00e1rias vers\u00f5es de alcance - 40 m, 60 m e 100 m - mantendo sempre uma precis\u00e3o de medi\u00e7\u00e3o consistente e estabilidade de sinal.<\/p>\n<hr data-start=\"1024\" data-end=\"1027\" \/>\n<h3 data-start=\"1029\" data-end=\"1049\"><strong data-start=\"1033\" data-end=\"1049\">Carater\u00edsticas principais<\/strong><\/h3>\n<ul data-start=\"1050\" data-end=\"1725\">\n<li data-start=\"1050\" data-end=\"1161\">\n<p data-start=\"1052\" data-end=\"1161\"><strong data-start=\"1052\" data-end=\"1083\">Medi\u00e7\u00e3o de alta frequ\u00eancia:<\/strong> Varia\u00e7\u00e3o cont\u00ednua at\u00e9 100 Hz para aplica\u00e7\u00f5es din\u00e2micas e em tempo real.<\/p>\n<\/li>\n<li data-start=\"1162\" data-end=\"1261\">\n<p data-start=\"1164\" data-end=\"1261\"><strong data-start=\"1164\" data-end=\"1195\">Gama de medi\u00e7\u00e3o selecion\u00e1vel:<\/strong> Vers\u00f5es de 40 m \/ 60 m \/ 100 m dispon\u00edveis para uma utiliza\u00e7\u00e3o flex\u00edvel.<\/p>\n<\/li>\n<li data-start=\"1262\" data-end=\"1372\">\n<p data-start=\"1264\" data-end=\"1372\"><strong data-start=\"1264\" data-end=\"1298\">Feixe de laser verde (\u03bb = 520 nm):<\/strong> Melhoria da visibilidade e da refletividade em diversas superf\u00edcies e materiais.<\/p>\n<\/li>\n<li data-start=\"1373\" data-end=\"1465\">\n<p data-start=\"1375\" data-end=\"1465\"><strong data-start=\"1375\" data-end=\"1398\">Caixa com classifica\u00e7\u00e3o IP54:<\/strong> Resistente a poeiras e salpicos para utiliza\u00e7\u00e3o industrial em interiores e exteriores.<\/p>\n<\/li>\n<li data-start=\"1466\" data-end=\"1563\">\n<p data-start=\"1468\" data-end=\"1563\"><strong data-start=\"1468\" data-end=\"1492\">Integra\u00e7\u00e3o compacta:<\/strong> O corpo de alum\u00ednio de 58,00 \u00d7 42,20 \u00d7 17,40 mm adapta-se facilmente aos sistemas OEM.<\/p>\n<\/li>\n<li data-start=\"1564\" data-end=\"1628\">\n<p data-start=\"1566\" data-end=\"1628\"><strong data-start=\"1566\" data-end=\"1584\">Elevada precis\u00e3o:<\/strong> \u00b1(3 mm + D \u00d7 1\/10 000) precis\u00e3o t\u00edpica.<\/p>\n<\/li>\n<li data-start=\"1629\" data-end=\"1725\">\n<p data-start=\"1631\" data-end=\"1725\"><strong data-start=\"1631\" data-end=\"1670\">Comunica\u00e7\u00e3o fi\u00e1vel e de baixo consumo:<\/strong> &lt; 100 mA a 3,3 V com op\u00e7\u00f5es de interface UART\/RS485.<\/p>\n<\/li>\n<\/ul>\n<hr data-start=\"1727\" data-end=\"1730\" \/>\n<h3 data-start=\"1732\" data-end=\"1764\"><strong data-start=\"1736\" data-end=\"1764\">Especifica\u00e7\u00f5es t\u00e9cnicas<\/strong><\/h3>\n<div class=\"_tableContainer_1rjym_1\">\n<div class=\"group _tableWrapper_1rjym_13 flex w-fit flex-col-reverse\" tabindex=\"-1\">\n<table class=\"w-fit min-w-(--thread-content-width)\" data-start=\"1766\" data-end=\"2820\">\n<thead data-start=\"1766\" data-end=\"1798\">\n<tr data-start=\"1766\" data-end=\"1798\">\n<th data-start=\"1766\" data-end=\"1777\" data-col-size=\"sm\"><strong data-start=\"1768\" data-end=\"1776\">Item<\/strong><\/th>\n<th data-start=\"1777\" data-end=\"1798\" data-col-size=\"md\"><strong data-start=\"1779\" data-end=\"1796\">Especifica\u00e7\u00e3o<\/strong><\/th>\n<\/tr>\n<\/thead>\n<tbody data-start=\"1833\" data-end=\"2820\">\n<tr data-start=\"1833\" data-end=\"1908\">\n<td data-start=\"1833\" data-end=\"1861\" data-col-size=\"sm\"><strong data-start=\"1835\" data-end=\"1860\">Princ\u00edpio de medi\u00e7\u00e3o<\/strong><\/td>\n<td data-col-size=\"md\" data-start=\"1861\" data-end=\"1908\">iToF (Tempo de voo indireto, baseado em fases)<\/td>\n<\/tr>\n<tr data-start=\"1909\" data-end=\"1991\">\n<td data-start=\"1909\" data-end=\"1939\" data-col-size=\"sm\"><strong data-start=\"1911\" data-end=\"1938\">Op\u00e7\u00f5es de gama de medi\u00e7\u00e3o<\/strong><\/td>\n<td data-col-size=\"md\" data-start=\"1939\" data-end=\"1991\">0,03 m - 40 m \/ 60 m \/ 100 m (modelos selecion\u00e1veis)<\/td>\n<\/tr>\n<tr data-start=\"1992\" data-end=\"2033\">\n<td data-start=\"1992\" data-end=\"2007\" data-col-size=\"sm\"><strong data-start=\"1994\" data-end=\"2006\">Exatid\u00e3o<\/strong><\/td>\n<td data-start=\"2007\" data-end=\"2033\" data-col-size=\"md\">\u00b1(3 mm + D \u00d7 1\/10 000)<\/td>\n<\/tr>\n<tr data-start=\"2034\" data-end=\"2059\">\n<td data-start=\"2034\" data-end=\"2051\" data-col-size=\"sm\"><strong data-start=\"2036\" data-end=\"2050\">Resolu\u00e7\u00e3o<\/strong><\/td>\n<td data-col-size=\"md\" data-start=\"2051\" data-end=\"2059\">1 mm<\/td>\n<\/tr>\n<tr data-start=\"2060\" data-end=\"2109\">\n<td data-start=\"2060\" data-end=\"2088\" data-col-size=\"sm\"><strong data-start=\"2062\" data-end=\"2087\">Frequ\u00eancia de medi\u00e7\u00e3o<\/strong><\/td>\n<td data-col-size=\"md\" data-start=\"2088\" data-end=\"2109\">100 Hz cont\u00ednuo<\/td>\n<\/tr>\n<tr data-start=\"2110\" data-end=\"2151\">\n<td data-start=\"2110\" data-end=\"2127\" data-col-size=\"sm\"><strong data-start=\"2112\" data-end=\"2126\">Tipo de laser<\/strong><\/td>\n<td data-col-size=\"md\" data-start=\"2127\" data-end=\"2151\">Laser verde de classe II<\/td>\n<\/tr>\n<tr data-start=\"2152\" data-end=\"2185\">\n<td data-start=\"2152\" data-end=\"2175\" data-col-size=\"sm\"><strong data-start=\"2154\" data-end=\"2174\">Comprimento de onda do laser<\/strong><\/td>\n<td data-col-size=\"md\" data-start=\"2175\" data-end=\"2185\">520 nm<\/td>\n<\/tr>\n<tr data-start=\"2186\" data-end=\"2214\">\n<td data-start=\"2186\" data-end=\"2204\" data-col-size=\"sm\"><strong data-start=\"2188\" data-end=\"2203\">Pot\u00eancia laser<\/strong><\/td>\n<td data-col-size=\"md\" data-start=\"2204\" data-end=\"2214\">&lt; 1 mW<\/td>\n<\/tr>\n<tr data-start=\"2215\" data-end=\"2252\">\n<td data-start=\"2215\" data-end=\"2235\" data-col-size=\"sm\"><strong data-start=\"2217\" data-end=\"2234\">Di\u00e2metro do ponto<\/strong><\/td>\n<td data-col-size=\"md\" data-start=\"2235\" data-end=\"2252\">&lt; 8 mm @ 10 m<\/td>\n<\/tr>\n<tr data-start=\"2253\" data-end=\"2308\">\n<td data-start=\"2253\" data-end=\"2277\" data-col-size=\"sm\"><strong data-start=\"2255\" data-end=\"2276\">Tens\u00e3o de funcionamento<\/strong><\/td>\n<td data-col-size=\"md\" data-start=\"2277\" data-end=\"2308\">DC 2,5 - 3,6 V (tip. 3,3 V)<\/td>\n<\/tr>\n<tr data-start=\"2309\" data-end=\"2353\">\n<td data-start=\"2309\" data-end=\"2333\" data-col-size=\"sm\"><strong data-start=\"2311\" data-end=\"2332\">Corrente operacional<\/strong><\/td>\n<td data-col-size=\"md\" data-start=\"2333\" data-end=\"2353\">&lt; 100 mA @ 3,3 V<\/td>\n<\/tr>\n<tr data-start=\"2354\" data-end=\"2407\">\n<td data-start=\"2354\" data-end=\"2370\" data-col-size=\"sm\"><strong data-start=\"2356\" data-end=\"2369\">Interface<\/strong><\/td>\n<td data-col-size=\"md\" data-start=\"2370\" data-end=\"2407\">UART (TTL 3,3 V) \/ RS485 opcional<\/td>\n<\/tr>\n<tr data-start=\"2408\" data-end=\"2462\">\n<td data-start=\"2408\" data-end=\"2424\" data-col-size=\"sm\"><strong data-start=\"2410\" data-end=\"2423\">Taxa de transmiss\u00e3o<\/strong><\/td>\n<td data-col-size=\"md\" data-start=\"2424\" data-end=\"2462\">9600 - 115200 bps (predefini\u00e7\u00e3o 115200)<\/td>\n<\/tr>\n<tr data-start=\"2463\" data-end=\"2537\">\n<td data-start=\"2463\" data-end=\"2491\" data-col-size=\"sm\"><strong data-start=\"2465\" data-end=\"2490\">Temperatura de funcionamento<\/strong><\/td>\n<td data-col-size=\"md\" data-start=\"2491\" data-end=\"2537\">0 \u00b0C - 40 \u00b0C (personaliz\u00e1vel -25 \u00b0C - 60 \u00b0C)<\/td>\n<\/tr>\n<tr data-start=\"2538\" data-end=\"2582\">\n<td data-start=\"2538\" data-end=\"2564\" data-col-size=\"sm\"><strong data-start=\"2540\" data-end=\"2563\">Temperatura de armazenamento<\/strong><\/td>\n<td data-col-size=\"md\" data-start=\"2564\" data-end=\"2582\">-25 \u00b0C - 60 \u00b0C<\/td>\n<\/tr>\n<tr data-start=\"2583\" data-end=\"2614\">\n<td data-start=\"2583\" data-end=\"2606\" data-col-size=\"sm\"><strong data-start=\"2585\" data-end=\"2605\">N\u00edvel de prote\u00e7\u00e3o<\/strong><\/td>\n<td data-col-size=\"md\" data-start=\"2606\" data-end=\"2614\">IP54<\/td>\n<\/tr>\n<tr data-start=\"2615\" data-end=\"2682\">\n<td data-start=\"2615\" data-end=\"2638\" data-col-size=\"sm\"><strong data-start=\"2617\" data-end=\"2637\">Material da caixa<\/strong><\/td>\n<td data-col-size=\"md\" data-start=\"2638\" data-end=\"2682\">Liga de alum\u00ednio com janela de vidro \u00f3tico<\/td>\n<\/tr>\n<tr data-start=\"2683\" data-end=\"2728\">\n<td data-start=\"2683\" data-end=\"2700\" data-col-size=\"sm\"><strong data-start=\"2685\" data-end=\"2699\">Dimens\u00f5es<\/strong><\/td>\n<td data-col-size=\"md\" data-start=\"2700\" data-end=\"2728\">58,00 \u00d7 42,20 \u00d7 17,40 mm<\/td>\n<\/tr>\n<tr data-start=\"2729\" data-end=\"2758\">\n<td data-start=\"2729\" data-end=\"2742\" data-col-size=\"sm\"><strong data-start=\"2731\" data-end=\"2741\">Peso<\/strong><\/td>\n<td data-col-size=\"md\" data-start=\"2742\" data-end=\"2758\">Aprox. 50 g<\/td>\n<\/tr>\n<tr data-start=\"2759\" data-end=\"2820\">\n<td data-start=\"2759\" data-end=\"2774\" data-col-size=\"sm\"><strong data-start=\"2761\" data-end=\"2773\">Montagem<\/strong><\/td>\n<td data-col-size=\"md\" data-start=\"2774\" data-end=\"2820\">Orif\u00edcios para parafusos M3 \/ adesivo \/ fixa\u00e7\u00e3o personalizada<\/td>\n<\/tr>\n<\/tbody>\n<\/table>\n<\/div>\n<\/div>\n<hr data-start=\"2822\" data-end=\"2825\" \/>\n<h3 data-start=\"2827\" data-end=\"2863\"><strong data-start=\"2831\" data-end=\"2863\">Vantagens do sensor de telemetria de alta frequ\u00eancia<\/strong><\/h3>\n<div class=\"_tableContainer_1rjym_1\">\n<div class=\"group _tableWrapper_1rjym_13 flex w-fit flex-col-reverse\" tabindex=\"-1\">\n<table class=\"w-fit min-w-(--thread-content-width)\" data-start=\"2865\" data-end=\"3365\">\n<thead data-start=\"2865\" data-end=\"2906\">\n<tr data-start=\"2865\" data-end=\"2906\">\n<th data-start=\"2865\" data-end=\"2879\" data-col-size=\"sm\"><strong data-start=\"2867\" data-end=\"2878\">Carater\u00edstica<\/strong><\/th>\n<th data-start=\"2879\" data-end=\"2891\" data-col-size=\"sm\"><strong data-start=\"2881\" data-end=\"2890\">LDL40<\/strong><\/th>\n<th data-start=\"2891\" data-end=\"2906\" data-col-size=\"sm\"><strong data-start=\"2893\" data-end=\"2904\">LDLG-P4<\/strong><\/th>\n<\/tr>\n<\/thead>\n<tbody data-start=\"2952\" data-end=\"3365\">\n<tr data-start=\"2952\" data-end=\"3011\">\n<td data-start=\"2952\" data-end=\"2970\" data-col-size=\"sm\"><strong data-start=\"2954\" data-end=\"2969\">Cor laser<\/strong><\/td>\n<td data-col-size=\"sm\" data-start=\"2970\" data-end=\"2989\">Vermelho (610-690 nm)<\/td>\n<td data-col-size=\"sm\" data-start=\"2989\" data-end=\"3011\"><strong data-start=\"2991\" data-end=\"3009\">Verde (520 nm)<\/strong><\/td>\n<\/tr>\n<tr data-start=\"3012\" data-end=\"3067\">\n<td data-start=\"3012\" data-end=\"3028\" data-col-size=\"sm\"><strong data-start=\"3014\" data-end=\"3027\">Frequ\u00eancia<\/strong><\/td>\n<td data-col-size=\"sm\" data-start=\"3028\" data-end=\"3038\">3-20 Hz<\/td>\n<td data-col-size=\"sm\" data-start=\"3038\" data-end=\"3067\"><strong data-start=\"3040\" data-end=\"3065\">100 Hz Alta frequ\u00eancia<\/strong><\/td>\n<\/tr>\n<tr data-start=\"3068\" data-end=\"3138\">\n<td data-start=\"3068\" data-end=\"3091\" data-col-size=\"sm\"><strong data-start=\"3070\" data-end=\"3090\">Dist\u00e2ncia de alcance<\/strong><\/td>\n<td data-col-size=\"sm\" data-start=\"3091\" data-end=\"3104\">At\u00e9 40 m<\/td>\n<td data-col-size=\"sm\" data-start=\"3104\" data-end=\"3138\"><strong data-start=\"3106\" data-end=\"3136\">Modelos de 40 m \/ 60 m \/ 100 m<\/strong><\/td>\n<\/tr>\n<tr data-start=\"3139\" data-end=\"3202\">\n<td data-start=\"3139\" data-end=\"3155\" data-col-size=\"sm\"><strong data-start=\"3141\" data-end=\"3154\">Inv\u00f3lucro<\/strong><\/td>\n<td data-col-size=\"sm\" data-start=\"3155\" data-end=\"3173\">M\u00f3dulo PCB nu<\/td>\n<td data-col-size=\"sm\" data-start=\"3173\" data-end=\"3202\"><strong data-start=\"3175\" data-end=\"3200\">Caixa de alum\u00ednio IP54<\/strong><\/td>\n<\/tr>\n<tr data-start=\"3203\" data-end=\"3282\">\n<td data-start=\"3203\" data-end=\"3218\" data-col-size=\"sm\"><strong data-start=\"3205\" data-end=\"3217\">Caso de utiliza\u00e7\u00e3o<\/strong><\/td>\n<td data-start=\"3218\" data-end=\"3241\" data-col-size=\"sm\">Ensaios em interiores \/ laborat\u00f3rios<\/td>\n<td data-col-size=\"sm\" data-start=\"3241\" data-end=\"3282\"><strong data-start=\"3243\" data-end=\"3280\">Aplica\u00e7\u00f5es industriais \/ exteriores<\/strong><\/td>\n<\/tr>\n<tr data-start=\"3283\" data-end=\"3365\">\n<td data-start=\"3283\" data-end=\"3300\" data-col-size=\"sm\"><strong data-start=\"3285\" data-end=\"3299\">Visibilidade<\/strong><\/td>\n<td data-start=\"3300\" data-end=\"3325\" data-col-size=\"sm\">Limitado \u00e0 luz solar<\/td>\n<td data-col-size=\"sm\" data-start=\"3325\" data-end=\"3365\"><strong data-start=\"3327\" data-end=\"3363\">Excelente em ambientes com muita luz<\/strong><\/td>\n<\/tr>\n<\/tbody>\n<\/table>\n<\/div>\n<\/div>\n<hr data-start=\"3367\" data-end=\"3370\" \/>\n<h3 data-start=\"3372\" data-end=\"3400\"><img data-dominant-color=\"bbc1be\" data-has-transparency=\"false\" style=\"--dominant-color: #bbc1be;\" fetchpriority=\"high\" decoding=\"async\" class=\"alignleft wp-image-3992 size-full not-transparent\" src=\"https:\/\/meskernel.net\/wp-content\/uploads\/2025\/03\/laser-distance-sensor-1.jpg\" alt=\"sensor de dist\u00e2ncia por laser\" width=\"1695\" height=\"340\" srcset=\"https:\/\/meskernel.net\/wp-content\/uploads\/2025\/03\/laser-distance-sensor-1.jpg 1695w, https:\/\/meskernel.net\/wp-content\/uploads\/2025\/03\/laser-distance-sensor-1-300x60.jpg 300w, https:\/\/meskernel.net\/wp-content\/uploads\/2025\/03\/laser-distance-sensor-1-1024x205.jpg 1024w, https:\/\/meskernel.net\/wp-content\/uploads\/2025\/03\/laser-distance-sensor-1-768x154.jpg 768w, https:\/\/meskernel.net\/wp-content\/uploads\/2025\/03\/laser-distance-sensor-1-1536x308.jpg 1536w, https:\/\/meskernel.net\/wp-content\/uploads\/2025\/03\/laser-distance-sensor-1-400x80.jpg 400w\" sizes=\"(max-width: 1695px) 100vw, 1695px\" \/><strong data-start=\"3376\" data-end=\"3400\">Aplica\u00e7\u00f5es t\u00edpicas<\/strong><\/h3>\n<ul data-start=\"3401\" data-end=\"3788\">\n<li data-start=\"3401\" data-end=\"3481\">\n<p data-start=\"3403\" data-end=\"3481\"><strong data-start=\"3403\" data-end=\"3446\">Automa\u00e7\u00e3o industrial e controlo de processos<\/strong> que requerem um feedback de resposta r\u00e1pida<\/p>\n<\/li>\n<li data-start=\"3482\" data-end=\"3563\">\n<p data-start=\"3484\" data-end=\"3563\"><strong data-start=\"3484\" data-end=\"3515\">Rob\u00f3tica e controlo de movimentos<\/strong> - posicionamento em tempo real para bra\u00e7os e p\u00f3rticos<\/p>\n<\/li>\n<li data-start=\"3564\" data-end=\"3638\">\n<p data-start=\"3566\" data-end=\"3638\"><strong data-start=\"3566\" data-end=\"3600\">Monitoriza\u00e7\u00e3o do n\u00edvel de tanques e silos<\/strong> em ambientes poeirentos ou com reflexos<\/p>\n<\/li>\n<li data-start=\"3639\" data-end=\"3709\">\n<p data-start=\"3641\" data-end=\"3709\"><strong data-start=\"3641\" data-end=\"3665\">Navega\u00e7\u00e3o UAV \/ AGV<\/strong>, dete\u00e7\u00e3o de colis\u00f5es e cartografia do terreno<\/p>\n<\/li>\n<li data-start=\"3710\" data-end=\"3788\">\n<p data-start=\"3712\" data-end=\"3788\"><strong data-start=\"3712\" data-end=\"3742\">Constru\u00e7\u00e3o e topografia<\/strong> aplica\u00e7\u00f5es que exigem precis\u00e3o de longo alcance<\/p>\n<\/li>\n<\/ul>\n<hr data-start=\"3790\" data-end=\"3793\" \/>\n<h3 data-start=\"3795\" data-end=\"3845\"><strong data-start=\"3799\" data-end=\"3845\">Porqu\u00ea escolher um sensor de telemetria de alta frequ\u00eancia<\/strong><\/h3>\n<p data-start=\"3846\" data-end=\"4235\">Ao contr\u00e1rio dos m\u00f3dulos tradicionais de baixa frequ\u00eancia, o LDLG-P4 <a href=\"https:\/\/www.youtube.com\/@Meskernelnet\/videos\" target=\"_blank\" rel=\"noopener\">Sensor de telemetria de alta frequ\u00eancia<\/a> capta dados de dist\u00e2ncia cont\u00ednuos at\u00e9 100 Hz, melhorando significativamente a precis\u00e3o do seguimento de movimentos e a dete\u00e7\u00e3o de superf\u00edcies em cen\u00e1rios din\u00e2micos.<br data-start=\"4081\" data-end=\"4084\" \/>O seu laser verde melhora a resposta da superf\u00edcie, enquanto a caixa com classifica\u00e7\u00e3o IP54 garante um funcionamento consistente em condi\u00e7\u00f5es industriais e semi-exteriores.<\/p>\n<p data-start=\"3846\" data-end=\"4235\"><img data-dominant-color=\"b2aead\" data-has-transparency=\"false\" style=\"--dominant-color: #b2aead;\" decoding=\"async\" class=\"alignleft wp-image-4222 size-full not-transparent\" src=\"https:\/\/meskernel.net\/wp-content\/uploads\/2025\/04\/Industrial-Applications.webp\" alt=\"\" width=\"719\" height=\"292\" srcset=\"https:\/\/meskernel.net\/wp-content\/uploads\/2025\/04\/Industrial-Applications.webp 719w, https:\/\/meskernel.net\/wp-content\/uploads\/2025\/04\/Industrial-Applications-300x122.webp 300w, https:\/\/meskernel.net\/wp-content\/uploads\/2025\/04\/Industrial-Applications-400x162.webp 400w\" sizes=\"(max-width: 719px) 100vw, 719px\" \/><\/p>\n<hr data-start=\"4237\" data-end=\"4240\" \/>\n<h3 data-start=\"4242\" data-end=\"4254\"><strong data-start=\"4246\" data-end=\"4254\">FAQs<\/strong><\/h3>\n<p data-start=\"4256\" data-end=\"4466\"><strong data-start=\"4256\" data-end=\"4316\">Q1: Quais s\u00e3o as gamas de medi\u00e7\u00e3o dispon\u00edveis para o sensor de gama de alta frequ\u00eancia?<\/strong><br data-start=\"4316\" data-end=\"4319\" \/>R: O LDLG-P4 est\u00e1 dispon\u00edvel nas vers\u00f5es de 40 m, 60 m e 100 m, todas oferecendo o mesmo desempenho e precis\u00e3o de alta frequ\u00eancia (100 Hz).<\/p>\n<p data-start=\"4468\" data-end=\"4678\"><strong data-start=\"4468\" data-end=\"4533\">Q2: Quais s\u00e3o as vantagens de um laser verde em rela\u00e7\u00e3o ao vermelho?<\/strong><br data-start=\"4533\" data-end=\"4536\" \/>R: Os lasers verdes (520 nm) t\u00eam maior visibilidade e refletividade, garantindo uma melhor precis\u00e3o em diferentes materiais e condi\u00e7\u00f5es de ilumina\u00e7\u00e3o.<\/p>\n<p data-start=\"4680\" data-end=\"4841\"><strong data-start=\"4680\" data-end=\"4721\">P3: O LDLG-P4 pode ser utilizado no exterior?<\/strong><br data-start=\"4721\" data-end=\"4724\" \/>R: Sim. A caixa IP54 protege contra poeiras e salpicos, tornando-a adequada para ambientes exteriores ou industriais.<\/p>\n<p data-start=\"4843\" data-end=\"5000\"><strong data-start=\"4843\" data-end=\"4895\">Q4: Que interfaces de comunica\u00e7\u00e3o est\u00e3o dispon\u00edveis?<\/strong><br data-start=\"4895\" data-end=\"4898\" \/>R: O sensor suporta UART (TTL 3,3 V) e RS485 opcional para comunica\u00e7\u00e3o industrial de longa dist\u00e2ncia.<\/p>\n<p data-start=\"5002\" data-end=\"5171\"><strong data-start=\"5002\" data-end=\"5060\">Q5: \u00c9 compat\u00edvel com o software e o protocolo LDL40?<\/strong><br data-start=\"5060\" data-end=\"5063\" \/>R: Sim. Utiliza o mesmo protocolo de comunica\u00e7\u00e3o, garantindo uma f\u00e1cil integra\u00e7\u00e3o ou atualiza\u00e7\u00e3o a partir da s\u00e9rie LDL40.<\/p>\n<hr data-start=\"5173\" data-end=\"5176\" \/>\n<h3 data-start=\"5178\" data-end=\"5202\"><strong data-start=\"5182\" data-end=\"5202\">Produtos relacionados<\/strong><\/h3>\n<ul data-start=\"5203\" data-end=\"5542\">\n<li data-start=\"5203\" data-end=\"5304\">\n<p data-start=\"5205\" data-end=\"5304\"><a class=\"decorated-link cursor-pointer\" href=\"https:\/\/meskernel.net\/pt\/product\/sensor-de-distancia-laser-de-10-m\/\" target=\"_new\" rel=\"noopener\" data-start=\"5205\" data-end=\"5302\">M\u00f3dulo de sensor de dist\u00e2ncia compacto LDL<\/a><\/p>\n<\/li>\n<li data-start=\"5305\" data-end=\"5419\">\n<p data-start=\"5307\" data-end=\"5419\"><a class=\"decorated-link cursor-pointer\" href=\"https:\/\/meskernel.net\/pt\/sensores-de-alcance-laser-de-longa-distancia\/\" target=\"_new\" rel=\"noopener\" data-start=\"5307\" data-end=\"5417\">Sensor de dist\u00e2ncia a laser RS485 de longo alcance<\/a><\/p>\n<\/li>\n<li data-start=\"5420\" data-end=\"5542\">\n<p data-start=\"5422\" data-end=\"5542\"><a class=\"decorated-link cursor-pointer\" href=\"https:\/\/meskernel.net\/pt\/product\/modulo-de-sensor-de-distancia-por-laser-de-1-mm\/\" target=\"_new\" rel=\"noopener\" data-start=\"5422\" data-end=\"5542\">Sensores de sa\u00edda digital para medi\u00e7\u00e3o do n\u00edvel do tanque<\/a><\/p>\n<\/li>\n<\/ul>","protected":false},"excerpt":{"rendered":"<p>O sensor de alcance de alta frequ\u00eancia Meskernel LDLG-P4 combina uma medi\u00e7\u00e3o r\u00e1pida de 100 Hz, precis\u00e3o de laser verde e um inv\u00f3lucro com prote\u00e7\u00e3o IP54 para um desempenho fi\u00e1vel em ambientes industriais e exteriores. Com uma precis\u00e3o de n\u00edvel milim\u00e9trico e um alcance de 100 m, este sensor compacto baseado em iToF \u00e9 ideal para aplica\u00e7\u00f5es de automa\u00e7\u00e3o, rob\u00f3tica e dete\u00e7\u00e3o de dist\u00e2ncias em tempo real.<\/p>","protected":false},"featured_media":6105,"template":"","meta":{"site-sidebar-layout":"default","site-content-layout":"","ast-site-content-layout":"default","site-content-style":"default","site-sidebar-style":"default","ast-global-header-display":"","ast-banner-title-visibility":"","ast-main-header-display":"","ast-hfb-above-header-display":"","ast-hfb-below-header-display":"","ast-hfb-mobile-header-display":"","site-post-title":"","ast-breadcrumbs-content":"","ast-featured-img":"","footer-sml-layout":"","ast-disable-related-posts":"","theme-transparent-header-meta":"default","adv-header-id-meta":"","stick-header-meta":"","header-above-stick-meta":"","header-main-stick-meta":"","header-below-stick-meta":"","astra-migrate-meta-layouts":"set","ast-page-background-enabled":"default","ast-page-background-meta":{"desktop":{"background-color":"var(--ast-global-color-4)","background-image":"","background-repeat":"repeat","background-position":"center center","background-size":"auto","background-attachment":"scroll","background-type":"","background-media":"","overlay-type":"","overlay-color":"","overlay-opacity":"","overlay-gradient":""},"tablet":{"background-color":"","background-image":"","background-repeat":"repeat","background-position":"center center","background-size":"auto","background-attachment":"scroll","background-type":"","background-media":"","overlay-type":"","overlay-color":"","overlay-opacity":"","overlay-gradient":""},"mobile":{"background-color":"","background-image":"","background-repeat":"repeat","background-position":"center center","background-size":"auto","background-attachment":"scroll","background-type":"","background-media":"","overlay-type":"","overlay-color":"","overlay-opacity":"","overlay-gradient":""}},"ast-content-background-meta":{"desktop":{"background-color":"var(--ast-global-color-5)","background-image":"","background-repeat":"repeat","background-position":"center center","background-size":"auto","background-attachment":"scroll","background-type":"","background-media":"","overlay-type":"","overlay-color":"","overlay-opacity":"","overlay-gradient":""},"tablet":{"background-color":"var(--ast-global-color-5)","background-image":"","background-repeat":"repeat","background-position":"center center","background-size":"auto","background-attachment":"scroll","background-type":"","background-media":"","overlay-type":"","overlay-color":"","overlay-opacity":"","overlay-gradient":""},"mobile":{"background-color":"var(--ast-global-color-5)","background-image":"","background-repeat":"repeat","background-position":"center center","background-size":"auto","background-attachment":"scroll","background-type":"","background-media":"","overlay-type":"","overlay-color":"","overlay-opacity":"","overlay-gradient":""}}},"product_brand":[],"product_cat":[33],"product_tag":[],"class_list":{"0":"post-6104","1":"product","2":"type-product","3":"status-publish","4":"has-post-thumbnail","6":"product_cat-industrial-laser-distance-sensors","7":"desktop-align-center","8":"tablet-align-left","9":"mobile-align-left","11":"first","12":"instock","13":"shipping-taxable","14":"product-type-simple"},"_links":{"self":[{"href":"https:\/\/meskernel.net\/pt\/wp-json\/wp\/v2\/product\/6104","targetHints":{"allow":["GET"]}}],"collection":[{"href":"https:\/\/meskernel.net\/pt\/wp-json\/wp\/v2\/product"}],"about":[{"href":"https:\/\/meskernel.net\/pt\/wp-json\/wp\/v2\/types\/product"}],"version-history":[{"count":0,"href":"https:\/\/meskernel.net\/pt\/wp-json\/wp\/v2\/product\/6104\/revisions"}],"wp:featuredmedia":[{"embeddable":true,"href":"https:\/\/meskernel.net\/pt\/wp-json\/wp\/v2\/media\/6105"}],"wp:attachment":[{"href":"https:\/\/meskernel.net\/pt\/wp-json\/wp\/v2\/media?parent=6104"}],"wp:term":[{"taxonomy":"product_brand","embeddable":true,"href":"https:\/\/meskernel.net\/pt\/wp-json\/wp\/v2\/product_brand?post=6104"},{"taxonomy":"product_cat","embeddable":true,"href":"https:\/\/meskernel.net\/pt\/wp-json\/wp\/v2\/product_cat?post=6104"},{"taxonomy":"product_tag","embeddable":true,"href":"https:\/\/meskernel.net\/pt\/wp-json\/wp\/v2\/product_tag?post=6104"}],"curies":[{"name":"wp","href":"https:\/\/api.w.org\/{rel}","templated":true}]}}