{"id":6180,"date":"2025-11-04T10:57:48","date_gmt":"2025-11-04T02:57:48","guid":{"rendered":"https:\/\/meskernel.net\/?post_type=product&#038;p=6180"},"modified":"2025-11-04T11:12:25","modified_gmt":"2025-11-04T03:12:25","slug":"sensor-de-telemetro-laser","status":"publish","type":"product","link":"https:\/\/meskernel.net\/pt\/product\/laser-range-finder-sensor\/","title":{"rendered":"Sensor de tel\u00e9metro a laser vermelho de alta velocidade de 100 Hz para seguimento din\u00e2mico de alvos"},"content":{"rendered":"<p class=\"\" data-start=\"286\" data-end=\"640\">O m\u00f3dulo de sensor de tel\u00e9metro a laser vermelho de alta velocidade 100Hz \u00e9 um sensor \u00f3tico de alta precis\u00e3o concebido para automa\u00e7\u00e3o industrial e aplica\u00e7\u00f5es exigentes no exterior. Com um design compacto e uma precis\u00e3o de 1 mm em dist\u00e2ncias at\u00e9 80 metros, este m\u00f3dulo \u00e9 ideal para integra\u00e7\u00e3o em sistemas em que a poupan\u00e7a de espa\u00e7o e a medi\u00e7\u00e3o precisa s\u00e3o fundamentais.<\/p>\n<p class=\"\" data-start=\"642\" data-end=\"861\">Concebido para funcionar de forma fi\u00e1vel mesmo sob luz solar intensa, o sensor de localiza\u00e7\u00e3o de dist\u00e2ncias a laser destaca-se em ambientes de baixa refletividade ou de sinal fraco, tornando-o uma solu\u00e7\u00e3o fi\u00e1vel para cen\u00e1rios de medi\u00e7\u00e3o desafiantes do mundo real.<\/p>\n<p class=\"\" data-start=\"863\" data-end=\"1263\">Constru\u00eddo com base numa tecnologia avan\u00e7ada de dete\u00e7\u00e3o \u00f3tica, o sensor de dete\u00e7\u00e3o de dist\u00e2ncias a laser suporta sa\u00eddas digitais e anal\u00f3gicas, com compatibilidade vers\u00e1til de tomadas, incluindo CAN, SPI, I\u00b2C, UART, TTL, RS232, RS485 e interfaces anal\u00f3gicas. A sua interface de comunica\u00e7\u00e3o tr\u00eas-em-um flex\u00edvel com transmiss\u00e3o Bluetooth opcional assegura uma integra\u00e7\u00e3o de dados eficiente e sem falhas numa vasta gama de sistemas.<\/p>\n<p><img data-dominant-color=\"d0d3d0\" data-has-transparency=\"false\" style=\"--dominant-color: #d0d3d0;\" fetchpriority=\"high\" decoding=\"async\" class=\"alignnone wp-image-4444 size-full not-transparent\" src=\"https:\/\/meskernel.net\/wp-content\/uploads\/2025\/04\/distance-sensor-module.webp\" alt=\"m\u00f3dulo sensor de dist\u00e2ncia\" width=\"800\" height=\"718\" srcset=\"https:\/\/meskernel.net\/wp-content\/uploads\/2025\/04\/distance-sensor-module.webp 800w, https:\/\/meskernel.net\/wp-content\/uploads\/2025\/04\/distance-sensor-module-300x269.webp 300w, https:\/\/meskernel.net\/wp-content\/uploads\/2025\/04\/distance-sensor-module-768x689.webp 768w, https:\/\/meskernel.net\/wp-content\/uploads\/2025\/04\/distance-sensor-module-400x359.webp 400w\" sizes=\"(max-width: 800px) 100vw, 800px\" \/><\/p>\n<p>&nbsp;<\/p>\n<h3 data-start=\"1265\" data-end=\"1278\">Carater\u00edsticas principais do sensor de localiza\u00e7\u00e3o de dist\u00e2ncias a laser:<\/h3>\n<h3 data-start=\"1265\" data-end=\"1278\">\ud83d\udd39 <strong style=\"font-size: 16px;\" data-start=\"1284\" data-end=\"1304\">Design em miniatura<\/strong><span style=\"font-size: 16px;\"> - Ultra-compacto para espa\u00e7os de integra\u00e7\u00e3o apertados<\/span><\/h3>\n<h3 data-start=\"1265\" data-end=\"1278\">\ud83d\udd39 <strong style=\"font-size: 16px;\" data-start=\"1357\" data-end=\"1374\">Elevada precis\u00e3o<\/strong><span style=\"font-size: 16px;\"> - At\u00e9 <\/span><strong style=\"font-size: 16px;\" data-start=\"1383\" data-end=\"1391\">\u00b1<\/strong><span style=\"font-size: 16px;\">Precis\u00e3o de 1 mm<\/span><\/h3>\n<h3 data-start=\"1265\" data-end=\"1278\">\ud83d\udd39 <strong style=\"font-size: 16px;\" data-start=\"1409\" data-end=\"1423\">Longo alcance<\/strong><span style=\"font-size: 16px;\"> - Medi\u00e7\u00e3o efectiva at\u00e9 80 metros<\/span><\/h3>\n<h3 data-start=\"1265\" data-end=\"1278\">\ud83d\udd39 <strong style=\"font-size: 16px;\" data-start=\"1475\" data-end=\"1492\">Preparado para o exterior<\/strong><span style=\"font-size: 16px;\"> - Resistente \u00e0 luz ambiente forte, perfeito para coloca\u00e7\u00e3o no exterior<\/span><\/h3>\n<h3 data-start=\"1265\" data-end=\"1278\">\ud83d\udd39 <strong style=\"font-size: 16px;\" data-start=\"1577\" data-end=\"1613\">Excelente desempenho de sinal baixo<\/strong><span style=\"font-size: 16px;\"> - Funcionamento est\u00e1vel em condi\u00e7\u00f5es de fraca refletividade<\/span><\/h3>\n<h3 data-start=\"1265\" data-end=\"1278\">\ud83d\udd39 <strong style=\"font-size: 16px;\" data-start=\"1672\" data-end=\"1706\">Gama de temperaturas personaliz\u00e1veis<\/strong><span style=\"font-size: 16px;\"> - Adequado para ambientes extremos<\/span><\/h3>\n<h3 data-start=\"1265\" data-end=\"1278\">\ud83d\udd39 <strong style=\"font-size: 16px;\" data-start=\"1750\" data-end=\"1767\">Op\u00e7\u00f5es de laser<\/strong><span style=\"font-size: 16px;\"> - Escolha entre laser vermelho ou verde com base nas necessidades da sua aplica\u00e7\u00e3o<\/span><\/h3>\n<h3 data-start=\"1265\" data-end=\"1278\">\ud83d\udd39 <strong style=\"font-size: 16px;\" data-start=\"1846\" data-end=\"1874\">Amplificador multifun\u00e7\u00f5es<\/strong><span style=\"font-size: 16px;\"> - Processamento de sinal adapt\u00e1vel<\/span><\/h3>\n<h3 data-start=\"1265\" data-end=\"1278\">\ud83d\udd39 <strong style=\"font-size: 16px;\" data-start=\"1912\" data-end=\"1938\">Suporte a interfaces avan\u00e7adas<\/strong><span style=\"font-size: 16px;\"> - TTL\/RS232\/RS485, Bluetooth e outros protocolos comuns<\/span><\/h3>\n<p class=\"\" data-start=\"2003\" data-end=\"2213\">Este sensor de tel\u00e9metro a laser\u00a0<span style=\"font-size: 16px;\">\u00e9 a escolha ideal para engenheiros e programadores que procuram uma solu\u00e7\u00e3o de medi\u00e7\u00e3o laser compacta, fi\u00e1vel e totalmente personaliz\u00e1vel, com um desempenho robusto e uma integra\u00e7\u00e3o flex\u00edvel.<\/span><\/p>\n<p data-start=\"2003\" data-end=\"2213\"><img data-dominant-color=\"ebeceb\" data-has-transparency=\"false\" style=\"--dominant-color: #ebeceb;\" decoding=\"async\" class=\"wp-image-6112 size-full aligncenter not-transparent\" src=\"https:\/\/meskernel.net\/wp-content\/uploads\/2025\/04\/laser-distance-sensor-Quick-Testing-Guidance.webp\" alt=\"sensor de dist\u00e2ncia por laser Guia de teste r\u00e1pido\" width=\"703\" height=\"185\" srcset=\"https:\/\/meskernel.net\/wp-content\/uploads\/2025\/04\/laser-distance-sensor-Quick-Testing-Guidance.webp 703w, https:\/\/meskernel.net\/wp-content\/uploads\/2025\/04\/laser-distance-sensor-Quick-Testing-Guidance-300x79.webp 300w, https:\/\/meskernel.net\/wp-content\/uploads\/2025\/04\/laser-distance-sensor-Quick-Testing-Guidance-18x5.webp 18w, https:\/\/meskernel.net\/wp-content\/uploads\/2025\/04\/laser-distance-sensor-Quick-Testing-Guidance-400x105.webp 400w\" sizes=\"(max-width: 703px) 100vw, 703px\" \/><\/p>\n<p class=\"\" data-start=\"2215\" data-end=\"2353\">\ud83d\udce9 <a href=\"https:\/\/meskernel.net\/pt\/contacto\/\"><strong data-start=\"2218\" data-end=\"2238\">Contacte-nos hoje<\/strong><\/a> para obter fichas de dados, suporte de aplica\u00e7\u00f5es ou para discutir a personaliza\u00e7\u00e3o OEM\/ODM com base nas necessidades espec\u00edficas do seu projeto.<\/p>\n<p data-start=\"2363\" data-end=\"2441\">","protected":false},"excerpt":{"rendered":"<p class=\"\" data-start=\"88\" data-end=\"634\">O m\u00f3dulo de sensor de tel\u00e9metro a laser \u00e9 um sensor \u00f3tico ultra-compacto de alta precis\u00e3o que oferece uma precis\u00e3o de 1 mm e um alcance de medi\u00e7\u00e3o at\u00e9 80 m. Concebido para utiliza\u00e7\u00e3o no exterior, proporciona um desempenho est\u00e1vel mesmo sob luz solar intensa e em ambientes de baixa refletividade. Com op\u00e7\u00f5es personaliz\u00e1veis, incluindo laser vermelho ou verde, ampla faixa de temperatura e suporte vers\u00e1til a v\u00e1rias interfaces (Bluetooth, TTL, RS232\/RS485), o LDL-S \u00e9 ideal para aplica\u00e7\u00f5es de automa\u00e7\u00e3o industrial e medi\u00e7\u00e3o de precis\u00e3o.<\/p>","protected":false},"featured_media":6181,"template":"","meta":{"site-sidebar-layout":"default","site-content-layout":"","ast-site-content-layout":"default","site-content-style":"default","site-sidebar-style":"default","ast-global-header-display":"","ast-banner-title-visibility":"","ast-main-header-display":"","ast-hfb-above-header-display":"","ast-hfb-below-header-display":"","ast-hfb-mobile-header-display":"","site-post-title":"","ast-breadcrumbs-content":"","ast-featured-img":"","footer-sml-layout":"","ast-disable-related-posts":"","theme-transparent-header-meta":"default","adv-header-id-meta":"","stick-header-meta":"","header-above-stick-meta":"","header-main-stick-meta":"","header-below-stick-meta":"","astra-migrate-meta-layouts":"set","ast-page-background-enabled":"default","ast-page-background-meta":{"desktop":{"background-color":"var(--ast-global-color-4)","background-image":"","background-repeat":"repeat","background-position":"center center","background-size":"auto","background-attachment":"scroll","background-type":"","background-media":"","overlay-type":"","overlay-color":"","overlay-opacity":"","overlay-gradient":""},"tablet":{"background-color":"","background-image":"","background-repeat":"repeat","background-position":"center center","background-size":"auto","background-attachment":"scroll","background-type":"","background-media":"","overlay-type":"","overlay-color":"","overlay-opacity":"","overlay-gradient":""},"mobile":{"background-color":"","background-image":"","background-repeat":"repeat","background-position":"center center","background-size":"auto","background-attachment":"scroll","background-type":"","background-media":"","overlay-type":"","overlay-color":"","overlay-opacity":"","overlay-gradient":""}},"ast-content-background-meta":{"desktop":{"background-color":"var(--ast-global-color-5)","background-image":"","background-repeat":"repeat","background-position":"center center","background-size":"auto","background-attachment":"scroll","background-type":"","background-media":"","overlay-type":"","overlay-color":"","overlay-opacity":"","overlay-gradient":""},"tablet":{"background-color":"var(--ast-global-color-5)","background-image":"","background-repeat":"repeat","background-position":"center center","background-size":"auto","background-attachment":"scroll","background-type":"","background-media":"","overlay-type":"","overlay-color":"","overlay-opacity":"","overlay-gradient":""},"mobile":{"background-color":"var(--ast-global-color-5)","background-image":"","background-repeat":"repeat","background-position":"center center","background-size":"auto","background-attachment":"scroll","background-type":"","background-media":"","overlay-type":"","overlay-color":"","overlay-opacity":"","overlay-gradient":""}}},"product_brand":[],"product_cat":[52],"product_tag":[],"class_list":{"0":"post-6180","1":"product","2":"type-product","3":"status-publish","4":"has-post-thumbnail","6":"product_cat-phase-distance-sensor","7":"desktop-align-center","8":"tablet-align-left","9":"mobile-align-left","11":"first","12":"instock","13":"shipping-taxable","14":"product-type-simple"},"_links":{"self":[{"href":"https:\/\/meskernel.net\/pt\/wp-json\/wp\/v2\/product\/6180","targetHints":{"allow":["GET"]}}],"collection":[{"href":"https:\/\/meskernel.net\/pt\/wp-json\/wp\/v2\/product"}],"about":[{"href":"https:\/\/meskernel.net\/pt\/wp-json\/wp\/v2\/types\/product"}],"version-history":[{"count":0,"href":"https:\/\/meskernel.net\/pt\/wp-json\/wp\/v2\/product\/6180\/revisions"}],"wp:featuredmedia":[{"embeddable":true,"href":"https:\/\/meskernel.net\/pt\/wp-json\/wp\/v2\/media\/6181"}],"wp:attachment":[{"href":"https:\/\/meskernel.net\/pt\/wp-json\/wp\/v2\/media?parent=6180"}],"wp:term":[{"taxonomy":"product_brand","embeddable":true,"href":"https:\/\/meskernel.net\/pt\/wp-json\/wp\/v2\/product_brand?post=6180"},{"taxonomy":"product_cat","embeddable":true,"href":"https:\/\/meskernel.net\/pt\/wp-json\/wp\/v2\/product_cat?post=6180"},{"taxonomy":"product_tag","embeddable":true,"href":"https:\/\/meskernel.net\/pt\/wp-json\/wp\/v2\/product_tag?post=6180"}],"curies":[{"name":"wp","href":"https:\/\/api.w.org\/{rel}","templated":true}]}}