{"id":6255,"date":"2025-11-17T11:31:04","date_gmt":"2025-11-17T03:31:04","guid":{"rendered":"https:\/\/meskernel.net\/?post_type=product&#038;p=6255"},"modified":"2025-11-17T11:31:05","modified_gmt":"2025-11-17T03:31:05","slug":"fotodiodo-de-avalanche-de-silicio","status":"publish","type":"product","link":"https:\/\/meskernel.net\/pt\/product\/silicon-avalanche-photodiode\/","title":{"rendered":"Fotod\u00edodos de avalanche de sil\u00edcio (APD) - Detectores de alta sensibilidade para aplica\u00e7\u00f5es LIDAR e de determina\u00e7\u00e3o de dist\u00e2ncias"},"content":{"rendered":"<p data-start=\"445\" data-end=\"848\">Os nossos fotod\u00edodos de avalanche de sil\u00edcio (APD) s\u00e3o fotodetectores de elevado desempenho concebidos para medi\u00e7\u00e3o \u00f3tica de precis\u00e3o, dete\u00e7\u00e3o de longo alcance e sistemas de dete\u00e7\u00e3o baseados em laser. Com elevada sensibilidade, baixo ru\u00eddo e velocidade de resposta r\u00e1pida, estes APDs s\u00e3o optimizados para aplica\u00e7\u00f5es como a medi\u00e7\u00e3o de dist\u00e2ncias, LIDAR, dete\u00e7\u00e3o industrial por laser e instrumenta\u00e7\u00e3o \u00f3tica.<\/p>\n<p data-start=\"850\" data-end=\"1057\">Dispon\u00edveis em vers\u00f5es de \u00e1rea ativa de \u03c61,8 mm e \u03c63 mm, e suportando comprimentos de onda de 905 nm e 1064 nm, proporcionam uma excelente efici\u00eancia de dete\u00e7\u00e3o na gama espetral de 400-1100 nm.<\/p>\n<p data-start=\"850\" data-end=\"1057\"><img data-dominant-color=\"efeff0\" data-has-transparency=\"false\" style=\"--dominant-color: #efeff0;\" fetchpriority=\"high\" decoding=\"async\" class=\"alignleft wp-image-6258 size-full not-transparent\" src=\"https:\/\/meskernel.net\/wp-content\/uploads\/2025\/11\/LIDAR-photodiode.webp\" alt=\"Fotod\u00edodo LIDAR\" width=\"1000\" height=\"656\" srcset=\"https:\/\/meskernel.net\/wp-content\/uploads\/2025\/11\/LIDAR-photodiode.webp 1000w, https:\/\/meskernel.net\/wp-content\/uploads\/2025\/11\/LIDAR-photodiode-300x197.webp 300w, https:\/\/meskernel.net\/wp-content\/uploads\/2025\/11\/LIDAR-photodiode-768x504.webp 768w, https:\/\/meskernel.net\/wp-content\/uploads\/2025\/11\/LIDAR-photodiode-18x12.webp 18w, https:\/\/meskernel.net\/wp-content\/uploads\/2025\/11\/LIDAR-photodiode-400x262.webp 400w\" sizes=\"(max-width: 1000px) 100vw, 1000px\" \/><\/p>\n<h1 data-start=\"1064\" data-end=\"1082\"><strong data-start=\"1066\" data-end=\"1082\">Carater\u00edsticas principais<\/strong><\/h1>\n<ul data-start=\"1083\" data-end=\"1687\">\n<li data-start=\"1083\" data-end=\"1217\">\n<p data-start=\"1085\" data-end=\"1217\"><strong data-start=\"1085\" data-end=\"1117\">Alta sensibilidade e baixo ru\u00eddo<\/strong><br data-start=\"1117\" data-end=\"1120\" \/>Assegura a dete\u00e7\u00e3o precisa de sinais \u00f3pticos fracos em ambientes de longa dist\u00e2ncia e com pouca luz.<\/p>\n<\/li>\n<li data-start=\"1219\" data-end=\"1330\">\n<p data-start=\"1221\" data-end=\"1330\"><strong data-start=\"1221\" data-end=\"1243\">Tempo de resposta r\u00e1pido<\/strong><br data-start=\"1243\" data-end=\"1246\" \/>Adequado para sistemas de alcance de alta frequ\u00eancia, medi\u00e7\u00e3o TOF e dete\u00e7\u00e3o de impulsos.<\/p>\n<\/li>\n<li data-start=\"1332\" data-end=\"1450\">\n<p data-start=\"1334\" data-end=\"1450\"><strong data-start=\"1334\" data-end=\"1361\">Elevado ganho e fiabilidade<\/strong><br data-start=\"1361\" data-end=\"1364\" \/>Fator de multiplica\u00e7\u00e3o est\u00e1vel com desempenho consistente em mudan\u00e7as de temperatura.<\/p>\n<\/li>\n<li data-start=\"1452\" data-end=\"1563\">\n<p data-start=\"1454\" data-end=\"1563\"><strong data-start=\"1454\" data-end=\"1480\">Resposta espetral ampla<\/strong><br data-start=\"1480\" data-end=\"1483\" \/>Gama de resposta de 400-1100 nm com sensibilidade m\u00e1xima a 905 nm ou 1064 nm.<\/p>\n<\/li>\n<li data-start=\"1565\" data-end=\"1687\">\n<p data-start=\"1567\" data-end=\"1687\"><strong data-start=\"1567\" data-end=\"1598\">Embalagem met\u00e1lica TO-5 robusta<\/strong><br data-start=\"1598\" data-end=\"1601\" \/>Com janela de vidro para maior durabilidade e estabilidade a longo prazo em ambientes industriais.<\/p>\n<\/li>\n<\/ul>\n<hr data-start=\"1689\" data-end=\"1692\" \/>\n<h1 data-start=\"1694\" data-end=\"1720\"><strong data-start=\"1696\" data-end=\"1720\">Aplica\u00e7\u00f5es t\u00edpicas<\/strong><\/h1>\n<ul data-start=\"1721\" data-end=\"2023\">\n<li data-start=\"1721\" data-end=\"1769\">\n<p data-start=\"1723\" data-end=\"1769\"><strong data-start=\"1723\" data-end=\"1767\">Medi\u00e7\u00e3o de dist\u00e2ncias por laser e dete\u00e7\u00e3o TOF<\/strong><\/p>\n<\/li>\n<li data-start=\"1770\" data-end=\"1823\">\n<p data-start=\"1772\" data-end=\"1823\"><strong data-start=\"1772\" data-end=\"1821\">Sistemas LIDAR (rob\u00f3tica, UAV, AGV, topografia)<\/strong><\/p>\n<\/li>\n<li data-start=\"1824\" data-end=\"1869\">\n<p data-start=\"1826\" data-end=\"1869\"><strong data-start=\"1826\" data-end=\"1867\">Detectores laser para automa\u00e7\u00e3o industrial<\/strong><\/p>\n<\/li>\n<li data-start=\"1870\" data-end=\"1917\">\n<p data-start=\"1872\" data-end=\"1917\"><strong data-start=\"1872\" data-end=\"1915\">Comunica\u00e7\u00e3o \u00f3tica e dete\u00e7\u00e3o de impulsos<\/strong><\/p>\n<\/li>\n<li data-start=\"1918\" data-end=\"1959\">\n<p data-start=\"1920\" data-end=\"1959\"><strong data-start=\"1920\" data-end=\"1957\">Equipamentos de medi\u00e7\u00e3o sem contacto<\/strong><\/p>\n<\/li>\n<li data-start=\"1960\" data-end=\"2023\">\n<p data-start=\"1962\" data-end=\"2023\"><strong data-start=\"1962\" data-end=\"2023\">Instrumentos cient\u00edficos e sistemas de convers\u00e3o fotoel\u00e9ctrica<\/strong><\/p>\n<\/li>\n<\/ul>\n<hr data-start=\"2025\" data-end=\"2028\" \/>\n<h1 data-start=\"2030\" data-end=\"2050\"><strong data-start=\"2032\" data-end=\"2050\">Linha de produtos<\/strong><\/h1>\n<h2 data-start=\"2051\" data-end=\"2107\"><strong data-start=\"2054\" data-end=\"2107\">1. Fotod\u00edodo de avalanche de sil\u00edcio APD \u03c61,8 - 905 nm<\/strong><\/h2>\n<ul data-start=\"2108\" data-end=\"2336\">\n<li data-start=\"2108\" data-end=\"2133\">\n<p data-start=\"2110\" data-end=\"2133\">\u00c1rea ativa: <strong data-start=\"2123\" data-end=\"2133\">1,8 mm<\/strong><\/p>\n<\/li>\n<li data-start=\"2134\" data-end=\"2179\">\n<p data-start=\"2136\" data-end=\"2179\">Capacidade de resposta: <strong data-start=\"2150\" data-end=\"2179\">50-55 A\/W a 905 nm, M=100<\/strong><\/p>\n<\/li>\n<li data-start=\"2180\" data-end=\"2201\">\n<p data-start=\"2182\" data-end=\"2201\">Tempo de subida: <strong data-start=\"2193\" data-end=\"2201\">3 ns<\/strong><\/p>\n<\/li>\n<li data-start=\"2202\" data-end=\"2228\">\n<p data-start=\"2204\" data-end=\"2228\">Corrente negra: <strong data-start=\"2218\" data-end=\"2228\">3-8 nA<\/strong><\/p>\n<\/li>\n<li data-start=\"2229\" data-end=\"2261\">\n<p data-start=\"2231\" data-end=\"2261\">Capacit\u00e2ncia do terminal: <strong data-start=\"2253\" data-end=\"2261\">8 pF<\/strong><\/p>\n<\/li>\n<li data-start=\"2262\" data-end=\"2296\">\n<p data-start=\"2264\" data-end=\"2296\">Tens\u00e3o de rutura: <strong data-start=\"2283\" data-end=\"2296\">120-300 V<\/strong><\/p>\n<\/li>\n<li data-start=\"2297\" data-end=\"2336\">\n<p data-start=\"2299\" data-end=\"2336\">Coeficiente de temperatura: <strong data-start=\"2324\" data-end=\"2336\">1,3 V\/\u00b0C<\/strong><\/p>\n<\/li>\n<\/ul>\n<hr data-start=\"2338\" data-end=\"2341\" \/>\n<h2 data-start=\"2343\" data-end=\"2397\"><strong data-start=\"2346\" data-end=\"2397\">2. APD \u03c63 - Fotod\u00edodo de avalanche de sil\u00edcio de 905 nm<\/strong><\/h2>\n<ul data-start=\"2398\" data-end=\"2623\">\n<li data-start=\"2398\" data-end=\"2423\">\n<p data-start=\"2400\" data-end=\"2423\">\u00c1rea ativa: <strong data-start=\"2413\" data-end=\"2423\">3,0 mm<\/strong><\/p>\n<\/li>\n<li data-start=\"2424\" data-end=\"2462\">\n<p data-start=\"2426\" data-end=\"2462\">Capacidade de resposta: <strong data-start=\"2440\" data-end=\"2462\">50-55 A\/W a 905 nm<\/strong><\/p>\n<\/li>\n<li data-start=\"2463\" data-end=\"2485\">\n<p data-start=\"2465\" data-end=\"2485\">Tempo de subida: <strong data-start=\"2476\" data-end=\"2485\">10 ns<\/strong><\/p>\n<\/li>\n<li data-start=\"2486\" data-end=\"2514\">\n<p data-start=\"2488\" data-end=\"2514\">Corrente negra: <strong data-start=\"2502\" data-end=\"2514\">15-50 nA<\/strong><\/p>\n<\/li>\n<li data-start=\"2515\" data-end=\"2548\">\n<p data-start=\"2517\" data-end=\"2548\">Capacit\u00e2ncia do terminal: <strong data-start=\"2539\" data-end=\"2548\">20 pF<\/strong><\/p>\n<\/li>\n<li data-start=\"2549\" data-end=\"2583\">\n<p data-start=\"2551\" data-end=\"2583\">Tens\u00e3o de rutura: <strong data-start=\"2570\" data-end=\"2583\">120-300 V<\/strong><\/p>\n<\/li>\n<li data-start=\"2584\" data-end=\"2623\">\n<p data-start=\"2586\" data-end=\"2623\">Coeficiente de temperatura: <strong data-start=\"2611\" data-end=\"2623\">1,3 V\/\u00b0C<\/strong><\/p>\n<\/li>\n<\/ul>\n<hr data-start=\"2625\" data-end=\"2628\" \/>\n<h2 data-start=\"2630\" data-end=\"2687\"><strong data-start=\"2633\" data-end=\"2687\">3. APD \u03c61,8 - Fotod\u00edodo de avalanche de sil\u00edcio de 1064 nm<\/strong><\/h2>\n<p><img data-dominant-color=\"f3f4f5\" data-has-transparency=\"false\" style=\"--dominant-color: #f3f4f5;\" decoding=\"async\" class=\"wp-image-6262 size-full aligncenter not-transparent\" src=\"https:\/\/meskernel.net\/wp-content\/uploads\/2025\/11\/silicon-avalanche-photodiode-APD-1064nm.webp\" alt=\"\" width=\"1000\" height=\"771\" srcset=\"https:\/\/meskernel.net\/wp-content\/uploads\/2025\/11\/silicon-avalanche-photodiode-APD-1064nm.webp 1000w, https:\/\/meskernel.net\/wp-content\/uploads\/2025\/11\/silicon-avalanche-photodiode-APD-1064nm-300x231.webp 300w, https:\/\/meskernel.net\/wp-content\/uploads\/2025\/11\/silicon-avalanche-photodiode-APD-1064nm-768x592.webp 768w, https:\/\/meskernel.net\/wp-content\/uploads\/2025\/11\/silicon-avalanche-photodiode-APD-1064nm-16x12.webp 16w, https:\/\/meskernel.net\/wp-content\/uploads\/2025\/11\/silicon-avalanche-photodiode-APD-1064nm-400x308.webp 400w\" sizes=\"(max-width: 1000px) 100vw, 1000px\" \/><\/p>\n<ul data-start=\"2688\" data-end=\"2910\">\n<li data-start=\"2688\" data-end=\"2713\">\n<p data-start=\"2690\" data-end=\"2713\">\u00c1rea ativa: <strong data-start=\"2703\" data-end=\"2713\">1,8 mm<\/strong><\/p>\n<\/li>\n<li data-start=\"2714\" data-end=\"2750\">\n<p data-start=\"2716\" data-end=\"2750\">Capacidade de resposta: <strong data-start=\"2730\" data-end=\"2750\">28 A\/W a 1064 nm<\/strong><\/p>\n<\/li>\n<li data-start=\"2751\" data-end=\"2773\">\n<p data-start=\"2753\" data-end=\"2773\">Tempo de subida: <strong data-start=\"2764\" data-end=\"2773\">15 ns<\/strong><\/p>\n<\/li>\n<li data-start=\"2774\" data-end=\"2802\">\n<p data-start=\"2776\" data-end=\"2802\">Corrente negra: <strong data-start=\"2790\" data-end=\"2802\">20-50 nA<\/strong><\/p>\n<\/li>\n<li data-start=\"2803\" data-end=\"2835\">\n<p data-start=\"2805\" data-end=\"2835\">Capacit\u00e2ncia do terminal: <strong data-start=\"2827\" data-end=\"2835\">5 pF<\/strong><\/p>\n<\/li>\n<li data-start=\"2836\" data-end=\"2870\">\n<p data-start=\"2838\" data-end=\"2870\">Tens\u00e3o de rutura: <strong data-start=\"2857\" data-end=\"2870\">360-480 V<\/strong><\/p>\n<\/li>\n<li data-start=\"2871\" data-end=\"2910\">\n<p data-start=\"2873\" data-end=\"2910\">Coeficiente de temperatura: <strong data-start=\"2898\" data-end=\"2910\">2,6 V\/\u00b0C<\/strong><\/p>\n<\/li>\n<\/ul>\n<hr data-start=\"2912\" data-end=\"2915\" \/>\n<h2 data-start=\"2917\" data-end=\"2972\"><strong data-start=\"2920\" data-end=\"2972\">4. APD \u03c63 - Fotod\u00edodo de avalanche de sil\u00edcio de 1064 nm<\/strong><\/h2>\n<ul data-start=\"2973\" data-end=\"3195\">\n<li data-start=\"2973\" data-end=\"2998\">\n<p data-start=\"2975\" data-end=\"2998\">\u00c1rea ativa: <strong data-start=\"2988\" data-end=\"2998\">3,0 mm<\/strong><\/p>\n<\/li>\n<li data-start=\"2999\" data-end=\"3035\">\n<p data-start=\"3001\" data-end=\"3035\">Capacidade de resposta: <strong data-start=\"3015\" data-end=\"3035\">36 A\/W a 1064 nm<\/strong><\/p>\n<\/li>\n<li data-start=\"3036\" data-end=\"3058\">\n<p data-start=\"3038\" data-end=\"3058\">Tempo de subida: <strong data-start=\"3049\" data-end=\"3058\">20 ns<\/strong><\/p>\n<\/li>\n<li data-start=\"3059\" data-end=\"3087\">\n<p data-start=\"3061\" data-end=\"3087\">Corrente negra: <strong data-start=\"3075\" data-end=\"3087\">40-80 nA<\/strong><\/p>\n<\/li>\n<li data-start=\"3088\" data-end=\"3120\">\n<p data-start=\"3090\" data-end=\"3120\">Capacit\u00e2ncia do terminal: <strong data-start=\"3112\" data-end=\"3120\">7 pF<\/strong><\/p>\n<\/li>\n<li data-start=\"3121\" data-end=\"3155\">\n<p data-start=\"3123\" data-end=\"3155\">Tens\u00e3o de rutura: <strong data-start=\"3142\" data-end=\"3155\">360-480 V<\/strong><\/p>\n<\/li>\n<li data-start=\"3156\" data-end=\"3195\">\n<p data-start=\"3158\" data-end=\"3195\">Coeficiente de temperatura: <strong data-start=\"3183\" data-end=\"3195\">3,3 V\/\u00b0C<\/strong><\/p>\n<\/li>\n<\/ul>\n<hr data-start=\"3197\" data-end=\"3200\" \/>\n<h1 data-start=\"3202\" data-end=\"3240\"><strong data-start=\"3204\" data-end=\"3240\">Condi\u00e7\u00f5es de funcionamento recomendadas<\/strong><\/h1>\n<ul data-start=\"3241\" data-end=\"3312\">\n<li data-start=\"3241\" data-end=\"3267\">\n<p data-start=\"3243\" data-end=\"3267\">Funcionamento com polariza\u00e7\u00e3o inversa<\/p>\n<\/li>\n<li data-start=\"3268\" data-end=\"3312\">\n<p data-start=\"3270\" data-end=\"3312\">Tens\u00e3o de funcionamento recomendada: <strong data-start=\"3299\" data-end=\"3312\">90% \u00d7 VBR<\/strong><\/p>\n<\/li>\n<\/ul>\n<hr data-start=\"3314\" data-end=\"3317\" \/>\n<h1 data-start=\"3319\" data-end=\"3349\"><strong data-start=\"3321\" data-end=\"3349\">Valores nominais m\u00e1ximos absolutos<\/strong><\/h1>\n<ul data-start=\"3350\" data-end=\"3568\">\n<li data-start=\"3350\" data-end=\"3395\">\n<p data-start=\"3352\" data-end=\"3395\">Temperatura de funcionamento: <strong data-start=\"3375\" data-end=\"3393\">-45\u00b0C a +85\u00b0C<\/strong><\/p>\n<\/li>\n<li data-start=\"3396\" data-end=\"3440\">\n<p data-start=\"3398\" data-end=\"3440\">Temperatura de armazenamento: <strong data-start=\"3419\" data-end=\"3438\">-55\u00b0C a +100\u00b0C<\/strong><\/p>\n<\/li>\n<li data-start=\"3441\" data-end=\"3492\">\n<p data-start=\"3443\" data-end=\"3492\">Temperatura m\u00e1xima de soldadura: <strong data-start=\"3474\" data-end=\"3490\">260\u00b0C (10 s)<\/strong><\/p>\n<\/li>\n<li data-start=\"3493\" data-end=\"3535\">\n<p data-start=\"3495\" data-end=\"3535\">Tens\u00e3o inversa m\u00e1xima: <strong data-start=\"3520\" data-end=\"3533\">95% \u00d7 VBR<\/strong><\/p>\n<\/li>\n<li data-start=\"3536\" data-end=\"3568\">\n<p data-start=\"3538\" data-end=\"3568\">Corrente de avan\u00e7o m\u00e1xima: <strong data-start=\"3559\" data-end=\"3568\">10 mA<\/strong><\/p>\n<\/li>\n<\/ul>\n<hr data-start=\"3570\" data-end=\"3573\" \/>\n<h1 data-start=\"3575\" data-end=\"3601\"><strong data-start=\"3577\" data-end=\"3601\">Estrutura mec\u00e2nica<\/strong><\/h1>\n<p><img data-dominant-color=\"f2f4f5\" data-has-transparency=\"false\" style=\"--dominant-color: #f2f4f5;\" decoding=\"async\" class=\"wp-image-6257 size-full aligncenter not-transparent\" src=\"https:\/\/meskernel.net\/wp-content\/uploads\/2025\/11\/silicon-avalanche-photodiode-APD-905nm.webp\" alt=\"fotod\u00edodo de avalanche de sil\u00edcio APD 905nm\" width=\"1000\" height=\"419\" srcset=\"https:\/\/meskernel.net\/wp-content\/uploads\/2025\/11\/silicon-avalanche-photodiode-APD-905nm.webp 1000w, https:\/\/meskernel.net\/wp-content\/uploads\/2025\/11\/silicon-avalanche-photodiode-APD-905nm-300x126.webp 300w, https:\/\/meskernel.net\/wp-content\/uploads\/2025\/11\/silicon-avalanche-photodiode-APD-905nm-768x322.webp 768w, https:\/\/meskernel.net\/wp-content\/uploads\/2025\/11\/silicon-avalanche-photodiode-APD-905nm-18x8.webp 18w, https:\/\/meskernel.net\/wp-content\/uploads\/2025\/11\/silicon-avalanche-photodiode-APD-905nm-400x168.webp 400w\" sizes=\"(max-width: 1000px) 100vw, 1000px\" \/><\/p>\n<ul data-start=\"3602\" data-end=\"3749\">\n<li data-start=\"3602\" data-end=\"3635\">\n<p data-start=\"3604\" data-end=\"3635\">Embalagem: <strong data-start=\"3613\" data-end=\"3635\">Caixa met\u00e1lica TO-5<\/strong><\/p>\n<\/li>\n<li data-start=\"3636\" data-end=\"3670\">\n<p data-start=\"3638\" data-end=\"3670\">Janela: <strong data-start=\"3646\" data-end=\"3670\">Janela \u00f3tica de vidro<\/strong><\/p>\n<\/li>\n<li data-start=\"3671\" data-end=\"3749\">\n<p data-start=\"3673\" data-end=\"3749\">Atribui\u00e7\u00e3o de pinos:<br data-start=\"3688\" data-end=\"3691\" \/><strong data-start=\"3693\" data-end=\"3710\">Pino 1 = \u00c2nodo<\/strong>, <strong data-start=\"3712\" data-end=\"3731\">Pino 2 = C\u00e1todo<\/strong>, <strong data-start=\"3733\" data-end=\"3749\">Pino 3 = Caixa<\/strong><\/p>\n<\/li>\n<\/ul>\n<hr data-start=\"3751\" data-end=\"3754\" \/>\n<h1 data-start=\"3756\" data-end=\"3785\"><strong data-start=\"3758\" data-end=\"3785\">Notas de manuseamento e seguran\u00e7a<\/strong><\/h1>\n<ul data-start=\"3786\" data-end=\"4056\">\n<li data-start=\"3786\" data-end=\"3897\">\n<p data-start=\"3788\" data-end=\"3897\">O APD deve funcionar com a polaridade de polariza\u00e7\u00e3o inversa correta. A polaridade invertida pode causar danos permanentes.<\/p>\n<\/li>\n<li data-start=\"3898\" data-end=\"3989\">\n<p data-start=\"3900\" data-end=\"3989\">\u00c9 necess\u00e1ria uma prote\u00e7\u00e3o ESD adequada durante a instala\u00e7\u00e3o, transporte e armazenamento.<\/p>\n<\/li>\n<li data-start=\"3990\" data-end=\"4056\">\n<p data-start=\"3992\" data-end=\"4056\">Assegurar uma fonte de alimenta\u00e7\u00e3o limpa e est\u00e1vel para uma estabilidade de ganho \u00f3ptima.<\/p>\n<\/li>\n<\/ul>\n<hr data-start=\"4058\" data-end=\"4061\" \/>\n<h1 data-start=\"4063\" data-end=\"4097\"><strong data-start=\"4065\" data-end=\"4097\">Porqu\u00ea escolher os nossos APDs de sil\u00edcio?<\/strong><\/h1>\n<ul data-start=\"4098\" data-end=\"4377\">\n<li data-start=\"4098\" data-end=\"4156\">\n<p data-start=\"4100\" data-end=\"4156\">Optimizado para dete\u00e7\u00e3o de dist\u00e2ncias por laser e LIDAR<\/p>\n<\/li>\n<li data-start=\"4157\" data-end=\"4211\">\n<p data-start=\"4159\" data-end=\"4211\">Desempenho consistente em temperaturas extremas<\/p>\n<\/li>\n<li data-start=\"4212\" data-end=\"4248\">\n<p data-start=\"4214\" data-end=\"4248\">Excelente rela\u00e7\u00e3o custo\/desempenho<\/p>\n<\/li>\n<li data-start=\"4249\" data-end=\"4311\">\n<p data-start=\"4251\" data-end=\"4311\">Embalagem de n\u00edvel industrial adequada para ambientes agressivos<\/p>\n<\/li>\n<li data-start=\"4312\" data-end=\"4377\">\n<p data-start=\"4314\" data-end=\"4377\">Compat\u00edvel com a maioria dos sistemas de comprimento de onda laser (905 nm, 1064 nm)<\/p>\n<\/li>\n<\/ul>","protected":false},"excerpt":{"rendered":"<p>Fotod\u00edodo de avalanche de sil\u00edcio (APD) de elevado desempenho para LIDAR, medi\u00e7\u00e3o de dist\u00e2ncias por laser e dete\u00e7\u00e3o \u00f3tica. Resposta r\u00e1pida, baixo ru\u00eddo e optimizado para aplica\u00e7\u00f5es de 905nm e 1064nm<\/p>","protected":false},"featured_media":6259,"template":"","meta":{"site-sidebar-layout":"default","site-content-layout":"","ast-site-content-layout":"default","site-content-style":"default","site-sidebar-style":"default","ast-global-header-display":"","ast-banner-title-visibility":"","ast-main-header-display":"","ast-hfb-above-header-display":"","ast-hfb-below-header-display":"","ast-hfb-mobile-header-display":"","site-post-title":"","ast-breadcrumbs-content":"","ast-featured-img":"","footer-sml-layout":"","ast-disable-related-posts":"","theme-transparent-header-meta":"default","adv-header-id-meta":"","stick-header-meta":"","header-above-stick-meta":"","header-main-stick-meta":"","header-below-stick-meta":"","astra-migrate-meta-layouts":"set","ast-page-background-enabled":"default","ast-page-background-meta":{"desktop":{"background-color":"var(--ast-global-color-4)","background-image":"","background-repeat":"repeat","background-position":"center center","background-size":"auto","background-attachment":"scroll","background-type":"","background-media":"","overlay-type":"","overlay-color":"","overlay-opacity":"","overlay-gradient":""},"tablet":{"background-color":"","background-image":"","background-repeat":"repeat","background-position":"center center","background-size":"auto","background-attachment":"scroll","background-type":"","background-media":"","overlay-type":"","overlay-color":"","overlay-opacity":"","overlay-gradient":""},"mobile":{"background-color":"","background-image":"","background-repeat":"repeat","background-position":"center center","background-size":"auto","background-attachment":"scroll","background-type":"","background-media":"","overlay-type":"","overlay-color":"","overlay-opacity":"","overlay-gradient":""}},"ast-content-background-meta":{"desktop":{"background-color":"var(--ast-global-color-5)","background-image":"","background-repeat":"repeat","background-position":"center center","background-size":"auto","background-attachment":"scroll","background-type":"","background-media":"","overlay-type":"","overlay-color":"","overlay-opacity":"","overlay-gradient":""},"tablet":{"background-color":"var(--ast-global-color-5)","background-image":"","background-repeat":"repeat","background-position":"center center","background-size":"auto","background-attachment":"scroll","background-type":"","background-media":"","overlay-type":"","overlay-color":"","overlay-opacity":"","overlay-gradient":""},"mobile":{"background-color":"var(--ast-global-color-5)","background-image":"","background-repeat":"repeat","background-position":"center center","background-size":"auto","background-attachment":"scroll","background-type":"","background-media":"","overlay-type":"","overlay-color":"","overlay-opacity":"","overlay-gradient":""}}},"product_brand":[],"product_cat":[62],"product_tag":[],"class_list":{"0":"post-6255","1":"product","2":"type-product","3":"status-publish","4":"has-post-thumbnail","6":"product_cat-detectors-components","7":"desktop-align-center","8":"tablet-align-left","9":"mobile-align-left","11":"first","12":"instock","13":"shipping-taxable","14":"product-type-simple"},"_links":{"self":[{"href":"https:\/\/meskernel.net\/pt\/wp-json\/wp\/v2\/product\/6255","targetHints":{"allow":["GET"]}}],"collection":[{"href":"https:\/\/meskernel.net\/pt\/wp-json\/wp\/v2\/product"}],"about":[{"href":"https:\/\/meskernel.net\/pt\/wp-json\/wp\/v2\/types\/product"}],"version-history":[{"count":0,"href":"https:\/\/meskernel.net\/pt\/wp-json\/wp\/v2\/product\/6255\/revisions"}],"wp:featuredmedia":[{"embeddable":true,"href":"https:\/\/meskernel.net\/pt\/wp-json\/wp\/v2\/media\/6259"}],"wp:attachment":[{"href":"https:\/\/meskernel.net\/pt\/wp-json\/wp\/v2\/media?parent=6255"}],"wp:term":[{"taxonomy":"product_brand","embeddable":true,"href":"https:\/\/meskernel.net\/pt\/wp-json\/wp\/v2\/product_brand?post=6255"},{"taxonomy":"product_cat","embeddable":true,"href":"https:\/\/meskernel.net\/pt\/wp-json\/wp\/v2\/product_cat?post=6255"},{"taxonomy":"product_tag","embeddable":true,"href":"https:\/\/meskernel.net\/pt\/wp-json\/wp\/v2\/product_tag?post=6255"}],"curies":[{"name":"wp","href":"https:\/\/api.w.org\/{rel}","templated":true}]}}