{"id":6278,"date":"2025-11-17T11:33:03","date_gmt":"2025-11-17T03:33:03","guid":{"rendered":"https:\/\/meskernel.net\/?post_type=product&#038;p=6278"},"modified":"2025-11-17T11:33:04","modified_gmt":"2025-11-17T03:33:04","slug":"sensor-ccd","status":"publish","type":"product","link":"https:\/\/meskernel.net\/pt\/product\/ccd-sensor\/","title":{"rendered":"Sensor CCD com ilumina\u00e7\u00e3o posterior de 2000\u00d7256 elementos"},"content":{"rendered":"<p data-start=\"1198\" data-end=\"1275\"><strong data-start=\"1198\" data-end=\"1275\">CCD full-frame de alta sensibilidade para espetroscopia e instrumentos cient\u00edficos<\/strong><\/p>\n<p data-start=\"1277\" data-end=\"1726\">O sensor CCD retro-iluminado de 2000\u00d7256 elementos \u00e9 um CCD cient\u00edfico full-frame de alto desempenho optimizado para espetroscopia, medi\u00e7\u00e3o \u00f3tica de precis\u00e3o e imagens cient\u00edficas com pouca luz. Com 2048(H) \u00d7 264(V) p\u00edxeis efectivos e uma arquitetura de p\u00edxeis de 15 \u03bcm \u00d7 15 \u03bcm, este sensor proporciona uma sensibilidade, uniformidade e estabilidade excepcionais, o que o torna ideal para os criadores de instrumentos OEM que procuram um detetor CCD fi\u00e1vel.<\/p>\n<p data-start=\"1728\" data-end=\"2079\">Concebido para um ru\u00eddo ultra-baixo e uma corrente escura baixa, o dispositivo atinge um desempenho \u00f3timo quando funciona a -60\u00b0C, utilizando normalmente uma embalagem DIL em cer\u00e2mica ou uma caixa arrefecida por termoel\u00e9ctrica (TE). Com um pico de efici\u00eancia qu\u00e2ntica de \u226585%, proporciona uma excelente efici\u00eancia de recolha de fot\u00f5es para aplica\u00e7\u00f5es espectrais e anal\u00edticas exigentes.<\/p>\n<p data-start=\"1728\" data-end=\"2079\"><img data-dominant-color=\"e5ddc0\" data-has-transparency=\"false\" style=\"--dominant-color: #e5ddc0;\" fetchpriority=\"high\" decoding=\"async\" class=\"aligncenter wp-image-6279 size-full not-transparent\" src=\"https:\/\/meskernel.net\/wp-content\/uploads\/2025\/11\/2000\u00d7256-Elementos-Sensor-CCD-iluminado-atr\u00e1s.webp\" alt=\"Sensor CCD com retroilumina\u00e7\u00e3o de 2000\u00d7256 elementos\" width=\"800\" height=\"800\" srcset=\"\" sizes=\"(max-width: 800px) 100vw, 800px\" data-srcset=\"\" \/><\/p>\n<hr data-start=\"2081\" data-end=\"2084\" \/>\n<h2 data-start=\"2086\" data-end=\"2105\"><strong data-start=\"2089\" data-end=\"2105\">Carater\u00edsticas principais<\/strong><\/h2>\n<ul data-start=\"2106\" data-end=\"2527\">\n<li data-start=\"2106\" data-end=\"2186\">\n<p data-start=\"2108\" data-end=\"2186\"><strong data-start=\"2108\" data-end=\"2138\">Estrutura retro-iluminada<\/strong> para uma efici\u00eancia qu\u00e2ntica elevada (\u226580%, pico \u226585%)<\/p>\n<\/li>\n<li data-start=\"2187\" data-end=\"2256\">\n<p data-start=\"2189\" data-end=\"2256\"><strong data-start=\"2189\" data-end=\"2224\">Sensor espetrosc\u00f3pico full-frame<\/strong> com design de p\u00edxeis grandes de 15 \u03bcm<\/p>\n<\/li>\n<li data-start=\"2257\" data-end=\"2321\">\n<p data-start=\"2259\" data-end=\"2321\"><strong data-start=\"2259\" data-end=\"2286\">Baixo ru\u00eddo de leitura \u22647 e-<\/strong> para uma dete\u00e7\u00e3o precisa com pouca luz<\/p>\n<\/li>\n<li data-start=\"2322\" data-end=\"2373\">\n<p data-start=\"2324\" data-end=\"2373\"><strong data-start=\"2324\" data-end=\"2371\">Excelente sinal escuro baixo \u2264<\/strong>0,3 e-\/pixel\/seg.<\/p>\n<\/li>\n<li data-start=\"2374\" data-end=\"2439\">\n<p data-start=\"2376\" data-end=\"2439\"><strong data-start=\"2376\" data-end=\"2412\">Elevada capacidade de enchimento \u2265<\/strong>150 ke<strong data-start=\"2376\" data-end=\"2412\">\u207b<\/strong> para uma gama din\u00e2mica forte<\/p>\n<\/li>\n<li data-start=\"2440\" data-end=\"2489\">\n<p data-start=\"2442\" data-end=\"2489\"><strong data-start=\"2442\" data-end=\"2487\">Aquisi\u00e7\u00e3o espetral r\u00e1pida - <\/strong>at\u00e9 100 fps<\/p>\n<\/li>\n<li data-start=\"2490\" data-end=\"2527\">\n<p data-start=\"2492\" data-end=\"2527\"><strong data-start=\"2492\" data-end=\"2511\">Elevada uniformidade<\/strong> com PRNU \u22641%<\/p>\n<\/li>\n<\/ul>\n<hr data-start=\"2529\" data-end=\"2532\" \/>\n<h2 data-start=\"2534\" data-end=\"2561\"><strong data-start=\"2537\" data-end=\"2561\">Aplica\u00e7\u00f5es t\u00edpicas<\/strong><\/h2>\n<ul data-start=\"2562\" data-end=\"2832\">\n<li data-start=\"2562\" data-end=\"2605\">\n<p data-start=\"2564\" data-end=\"2605\">Instrumentos de espetroscopia UV-VIS-NIR<\/p>\n<\/li>\n<li data-start=\"2606\" data-end=\"2628\">\n<p data-start=\"2608\" data-end=\"2628\">Espectroscopia Raman<\/p>\n<\/li>\n<li data-start=\"2629\" data-end=\"2654\">\n<p data-start=\"2631\" data-end=\"2654\">An\u00e1lise de fluoresc\u00eancia<\/p>\n<\/li>\n<li data-start=\"2655\" data-end=\"2685\">\n<p data-start=\"2657\" data-end=\"2685\">Sistemas de imagiologia cient\u00edfica<\/p>\n<\/li>\n<li data-start=\"2686\" data-end=\"2716\">\n<p data-start=\"2688\" data-end=\"2716\">Instrumenta\u00e7\u00e3o de laborat\u00f3rio<\/p>\n<\/li>\n<li data-start=\"2717\" data-end=\"2762\">\n<p data-start=\"2719\" data-end=\"2762\">Dispositivos \u00f3pticos de medi\u00e7\u00e3o e metrologia<\/p>\n<\/li>\n<li data-start=\"2763\" data-end=\"2832\">\n<p data-start=\"2765\" data-end=\"2832\">Equipamento anal\u00edtico OEM que requer detectores CCD de alta sensibilidade<\/p>\n<\/li>\n<\/ul>\n<hr data-start=\"2834\" data-end=\"2837\" \/>\n<h2 data-start=\"2839\" data-end=\"2872\"><strong data-start=\"2842\" data-end=\"2870\">Especifica\u00e7\u00f5es t\u00e9cnicas<\/strong><\/h2>\n<div class=\"_tableContainer_1rjym_1\">\n<div class=\"group _tableWrapper_1rjym_13 flex w-fit flex-col-reverse\" tabindex=\"-1\">\n<table class=\"w-fit min-w-(--thread-content-width)\" data-start=\"2873\" data-end=\"3343\">\n<thead data-start=\"2873\" data-end=\"2902\">\n<tr data-start=\"2873\" data-end=\"2902\">\n<th data-start=\"2873\" data-end=\"2889\" data-col-size=\"sm\"><strong data-start=\"2875\" data-end=\"2888\">Par\u00e2metro<\/strong><\/th>\n<th data-start=\"2889\" data-end=\"2902\" data-col-size=\"sm\"><strong data-start=\"2891\" data-end=\"2900\">Valor<\/strong><\/th>\n<\/tr>\n<\/thead>\n<tbody data-start=\"2933\" data-end=\"3343\">\n<tr data-start=\"2933\" data-end=\"2971\">\n<td data-start=\"2933\" data-end=\"2949\" data-col-size=\"sm\">Pix\u00e9is activos<\/td>\n<td data-col-size=\"sm\" data-start=\"2949\" data-end=\"2971\">2000 (H) \u00d7 256 (V)<\/td>\n<\/tr>\n<tr data-start=\"2972\" data-end=\"3002\">\n<td data-start=\"2972\" data-end=\"2985\" data-col-size=\"sm\">Tamanho do pixel<\/td>\n<td data-col-size=\"sm\" data-start=\"2985\" data-end=\"3002\">15 \u03bcm \u00d7 15 \u03bcm<\/td>\n<\/tr>\n<tr data-start=\"3003\" data-end=\"3041\">\n<td data-start=\"3003\" data-end=\"3023\" data-col-size=\"sm\">\u00c1rea de imagem ativa<\/td>\n<td data-col-size=\"sm\" data-start=\"3023\" data-end=\"3041\">30 mm \u00d7 3,8 mm<\/td>\n<\/tr>\n<tr data-start=\"3042\" data-end=\"3073\">\n<td data-start=\"3042\" data-end=\"3059\" data-col-size=\"sm\">Modo de funcionamento<\/td>\n<td data-col-size=\"sm\" data-start=\"3059\" data-end=\"3073\">Full-frame<\/td>\n<\/tr>\n<tr data-start=\"3074\" data-end=\"3107\">\n<td data-start=\"3074\" data-end=\"3095\" data-col-size=\"sm\">Capacidade total do reservat\u00f3rio<\/td>\n<td data-col-size=\"sm\" data-start=\"3095\" data-end=\"3107\">\u2265150 ke-<\/td>\n<\/tr>\n<tr data-start=\"3108\" data-end=\"3149\">\n<td data-start=\"3108\" data-end=\"3137\" data-col-size=\"sm\">Satura\u00e7\u00e3o do registo de sa\u00edda<\/td>\n<td data-col-size=\"sm\" data-start=\"3137\" data-end=\"3149\">\u2265300 ke-<\/td>\n<\/tr>\n<tr data-start=\"3150\" data-end=\"3175\">\n<td data-start=\"3150\" data-end=\"3166\" data-col-size=\"sm\">Ru\u00eddo de leitura<\/td>\n<td data-col-size=\"sm\" data-start=\"3166\" data-end=\"3175\">\u22647 e-<\/td>\n<\/tr>\n<tr data-start=\"3176\" data-end=\"3212\">\n<td data-start=\"3176\" data-end=\"3191\" data-col-size=\"sm\">Corrente escura<\/td>\n<td data-col-size=\"sm\" data-start=\"3191\" data-end=\"3212\">\u22640,3 e-\/pixel\/seg.<\/td>\n<\/tr>\n<tr data-start=\"3213\" data-end=\"3255\">\n<td data-start=\"3213\" data-end=\"3247\" data-col-size=\"sm\">Efici\u00eancia qu\u00e2ntica (540-700 nm)<\/td>\n<td data-col-size=\"sm\" data-start=\"3247\" data-end=\"3255\">\u226580%<\/td>\n<\/tr>\n<tr data-start=\"3256\" data-end=\"3290\">\n<td data-start=\"3256\" data-end=\"3282\" data-col-size=\"sm\">Pico de efici\u00eancia qu\u00e2ntica<\/td>\n<td data-col-size=\"sm\" data-start=\"3282\" data-end=\"3290\">\u226585%<\/td>\n<\/tr>\n<tr data-start=\"3291\" data-end=\"3328\">\n<td data-start=\"3291\" data-end=\"3317\" data-col-size=\"sm\">Taxa de quadros espetral m\u00e1xima<\/td>\n<td data-col-size=\"sm\" data-start=\"3317\" data-end=\"3328\">100 fps<\/td>\n<\/tr>\n<tr data-start=\"3329\" data-end=\"3343\">\n<td data-start=\"3329\" data-end=\"3336\" data-col-size=\"sm\">PRNU<\/td>\n<td data-start=\"3336\" data-end=\"3343\" data-col-size=\"sm\">\u22641%<\/td>\n<\/tr>\n<\/tbody>\n<\/table>\n<\/div>\n<\/div>\n<hr data-start=\"3345\" data-end=\"3348\" \/>\n<h2 data-start=\"3350\" data-end=\"3401\"><strong data-start=\"3353\" data-end=\"3401\">Porqu\u00ea escolher este sensor CCD retroiluminado?<\/strong><\/h2>\n<p data-start=\"3402\" data-end=\"3740\">Para fabricantes de instrumentos e investigadores que procuram elevada precis\u00e3o, baixo ru\u00eddo e excelente sensibilidade espetral, este CCD oferece uma das solu\u00e7\u00f5es mais rent\u00e1veis e est\u00e1veis. O elevado QE e as carater\u00edsticas de baixo ru\u00eddo garantem um desempenho fi\u00e1vel em espetroscopia, instrumentos de laborat\u00f3rio e plataformas de dete\u00e7\u00e3o OEM.<\/p>\n<p data-start=\"3742\" data-end=\"3939\">O sensor tamb\u00e9m \u00e9 adequado para clientes que pretendam comprar sensores CCD, integrar m\u00f3dulos CCD OEM ou atualizar detectores de espectr\u00f3metros existentes com um CCD retroiluminado de alta sensibilidade.<\/p>\n<hr data-start=\"3941\" data-end=\"3944\" \/>\n<h2 data-start=\"3946\" data-end=\"3978\"><strong data-start=\"3949\" data-end=\"3978\">Integra\u00e7\u00e3o e suporte OEM<\/strong><\/h2>\n<p data-start=\"3979\" data-end=\"3990\">N\u00f3s fornecemos:<\/p>\n<ul data-start=\"3991\" data-end=\"4118\">\n<li data-start=\"3991\" data-end=\"4019\">\n<p data-start=\"3993\" data-end=\"4019\">Personaliza\u00e7\u00e3o de m\u00f3dulos OEM<\/p>\n<\/li>\n<li data-start=\"4020\" data-end=\"4049\">\n<p data-start=\"4022\" data-end=\"4049\">Op\u00e7\u00f5es do pacote TE-cooled<\/p>\n<\/li>\n<li data-start=\"4050\" data-end=\"4118\">\n<p data-start=\"4052\" data-end=\"4118\">Apoio ao fornecimento a longo prazo para clientes industriais e cient\u00edficos<\/p>\n<\/li>\n<\/ul>\n<p data-start=\"4120\" data-end=\"4191\">Contacte-nos para obter amostras de engenharia, pre\u00e7os ou consulta t\u00e9cnica.<\/p>","protected":false},"excerpt":{"rendered":"<p>Compre um sensor CCD retroiluminado 2000\u00d7256 de elevado desempenho concebido para espetroscopia, Raman e medi\u00e7\u00f5es \u00f3pticas cient\u00edficas. Baixo ru\u00eddo, elevado QE e dete\u00e7\u00e3o fi\u00e1vel de fotograma completo para integra\u00e7\u00e3o de instrumentos OEM.<\/p>","protected":false},"featured_media":6279,"template":"","meta":{"site-sidebar-layout":"default","site-content-layout":"","ast-site-content-layout":"default","site-content-style":"default","site-sidebar-style":"default","ast-global-header-display":"","ast-banner-title-visibility":"","ast-main-header-display":"","ast-hfb-above-header-display":"","ast-hfb-below-header-display":"","ast-hfb-mobile-header-display":"","site-post-title":"","ast-breadcrumbs-content":"","ast-featured-img":"","footer-sml-layout":"","ast-disable-related-posts":"","theme-transparent-header-meta":"default","adv-header-id-meta":"","stick-header-meta":"","header-above-stick-meta":"","header-main-stick-meta":"","header-below-stick-meta":"","astra-migrate-meta-layouts":"set","ast-page-background-enabled":"default","ast-page-background-meta":{"desktop":{"background-color":"var(--ast-global-color-4)","background-image":"","background-repeat":"repeat","background-position":"center center","background-size":"auto","background-attachment":"scroll","background-type":"","background-media":"","overlay-type":"","overlay-color":"","overlay-opacity":"","overlay-gradient":""},"tablet":{"background-color":"","background-image":"","background-repeat":"repeat","background-position":"center center","background-size":"auto","background-attachment":"scroll","background-type":"","background-media":"","overlay-type":"","overlay-color":"","overlay-opacity":"","overlay-gradient":""},"mobile":{"background-color":"","background-image":"","background-repeat":"repeat","background-position":"center center","background-size":"auto","background-attachment":"scroll","background-type":"","background-media":"","overlay-type":"","overlay-color":"","overlay-opacity":"","overlay-gradient":""}},"ast-content-background-meta":{"desktop":{"background-color":"var(--ast-global-color-5)","background-image":"","background-repeat":"repeat","background-position":"center center","background-size":"auto","background-attachment":"scroll","background-type":"","background-media":"","overlay-type":"","overlay-color":"","overlay-opacity":"","overlay-gradient":""},"tablet":{"background-color":"var(--ast-global-color-5)","background-image":"","background-repeat":"repeat","background-position":"center center","background-size":"auto","background-attachment":"scroll","background-type":"","background-media":"","overlay-type":"","overlay-color":"","overlay-opacity":"","overlay-gradient":""},"mobile":{"background-color":"var(--ast-global-color-5)","background-image":"","background-repeat":"repeat","background-position":"center center","background-size":"auto","background-attachment":"scroll","background-type":"","background-media":"","overlay-type":"","overlay-color":"","overlay-opacity":"","overlay-gradient":""}}},"product_brand":[],"product_cat":[62],"product_tag":[],"class_list":{"0":"post-6278","1":"product","2":"type-product","3":"status-publish","4":"has-post-thumbnail","6":"product_cat-detectors-components","7":"desktop-align-center","8":"tablet-align-left","9":"mobile-align-left","11":"first","12":"instock","13":"shipping-taxable","14":"product-type-simple"},"_links":{"self":[{"href":"https:\/\/meskernel.net\/pt\/wp-json\/wp\/v2\/product\/6278","targetHints":{"allow":["GET"]}}],"collection":[{"href":"https:\/\/meskernel.net\/pt\/wp-json\/wp\/v2\/product"}],"about":[{"href":"https:\/\/meskernel.net\/pt\/wp-json\/wp\/v2\/types\/product"}],"version-history":[{"count":0,"href":"https:\/\/meskernel.net\/pt\/wp-json\/wp\/v2\/product\/6278\/revisions"}],"wp:featuredmedia":[{"embeddable":true,"href":"https:\/\/meskernel.net\/pt\/wp-json\/wp\/v2\/media\/6279"}],"wp:attachment":[{"href":"https:\/\/meskernel.net\/pt\/wp-json\/wp\/v2\/media?parent=6278"}],"wp:term":[{"taxonomy":"product_brand","embeddable":true,"href":"https:\/\/meskernel.net\/pt\/wp-json\/wp\/v2\/product_brand?post=6278"},{"taxonomy":"product_cat","embeddable":true,"href":"https:\/\/meskernel.net\/pt\/wp-json\/wp\/v2\/product_cat?post=6278"},{"taxonomy":"product_tag","embeddable":true,"href":"https:\/\/meskernel.net\/pt\/wp-json\/wp\/v2\/product_tag?post=6278"}],"curies":[{"name":"wp","href":"https:\/\/api.w.org\/{rel}","templated":true}]}}