{"id":6381,"date":"2025-12-02T17:55:41","date_gmt":"2025-12-02T09:55:41","guid":{"rendered":"https:\/\/meskernel.net\/?post_type=product&#038;p=6381"},"modified":"2026-01-29T10:07:24","modified_gmt":"2026-01-29T02:07:24","slug":"distance-sensor-for-drones","status":"publish","type":"product","link":"https:\/\/meskernel.net\/pt\/product\/distance-sensor-for-drones\/","title":{"rendered":"Sensor de dist\u00e2ncia de longo alcance de 1500 m para drones"},"content":{"rendered":"<p><span style=\"font-size: 16px;\">The 1500m Distance Sensor for Drones Module offers a powerful and precise measurement solution, combining accuracy, reliability, and versatility in one compact design. With a measuring range of 5 meters to 2000 meters and <\/span><strong style=\"font-size: 16px;\">\u00b1<\/strong><span style=\"font-size: 16px;\">1 meter accuracy, it is the ideal choice for projects requiring both short and long-distance measurements. Operating at frequencies between 1-3Hz, this module is perfect for a broad range of industries, including construction, surveying, robotics, and scientific research.This\u00a0Distance Sensor for Drones module is a laser distance sensor based on 905nm semiconductor laser, with UART (TTL protocol) data transmission interface for users to easily facilitate secondary development.<\/span><\/p>\n<figure id=\"attachment_2986\" aria-describedby=\"caption-attachment-2986\" style=\"width: 1000px\" class=\"wp-caption aligncenter\"><img fetchpriority=\"high\" decoding=\"async\" class=\"wp-image-2986 size-full\" title=\"M\u00f3dulo de dist\u00e2ncia laser UART TS1224 2000m\" src=\"https:\/\/meskernel.net\/wp-content\/uploads\/2024\/11\/UART-laser-distance-module-TS1224.jpg\" alt=\"M\u00f3dulo de dist\u00e2ncia laser UART TS1224\" width=\"1000\" height=\"500\" srcset=\"https:\/\/meskernel.net\/wp-content\/uploads\/2024\/11\/UART-laser-distance-module-TS1224.jpg 1000w, https:\/\/meskernel.net\/wp-content\/uploads\/2024\/11\/UART-laser-distance-module-TS1224-300x150.jpg 300w, https:\/\/meskernel.net\/wp-content\/uploads\/2024\/11\/UART-laser-distance-module-TS1224-768x384.jpg 768w, https:\/\/meskernel.net\/wp-content\/uploads\/2024\/11\/UART-laser-distance-module-TS1224-400x200.jpg 400w\" sizes=\"(max-width: 1000px) 100vw, 1000px\" \/><figcaption id=\"caption-attachment-2986\" class=\"wp-caption-text\">M\u00f3dulo de dist\u00e2ncia laser UART TS1224<\/figcaption><\/figure>\n<h3>Carater\u00edsticas principais:<\/h3>\n<ul>\n<li><strong>Medi\u00e7\u00e3o de longo alcance para grandes projectos:<\/strong><br \/>\nOne of the standout features of the <span style=\"font-size: 16px;\">Distance Sensor for Drones module<\/span> is its impressive measuring range of up to 2000 meters. This makes it especially suitable for large-scale applications, such as land surveying, infrastructure projects, and environmental monitoring. Whether you need to measure distances over vast areas or capture data from remote locations, this module ensures accurate and reliable results over long distances.<\/li>\n<li><strong>Design ultra-compacto e economizador de espa\u00e7o:<\/strong><br \/>\nApesar do seu potente desempenho, este m\u00f3dulo tem um formato ultra-compacto (25,72\u00d724,60\u00d713,40 mm), o que o torna mais pequeno do que uma moeda. Este design economizador de espa\u00e7o \u00e9 crucial quando se trabalha com sistemas incorporados ou dispositivos compactos, onde cada mil\u00edmetro conta. \u00c9 particularmente adequado para utiliza\u00e7\u00e3o em rob\u00f3tica, drones ou dispositivos de medi\u00e7\u00e3o port\u00e1teis, permitindo uma integra\u00e7\u00e3o perfeita nos seus sistemas sem comprometer o desempenho.<\/li>\n<li><strong>Rece\u00e7\u00e3o de sinal superior para medi\u00e7\u00f5es mais claras:<\/strong><br \/>\nEquipped with high-transmittance glass, the <span style=\"font-size: 16px;\">Distance Sensor for Drones module<\/span> excels in signal reception, delivering clearer, more accurate measurements even at greater distances. This feature ensures reliable performance in environments where signal interference or obstacles may be present, such as outdoor or industrial settings. As a result, you can trust the module to deliver consistent, precise measurements in even the most challenging conditions.<\/li>\n<li><strong>Estrutura met\u00e1lica dur\u00e1vel para ambientes dif\u00edceis:<\/strong><br \/>\nConstru\u00eddo com um inv\u00f3lucro met\u00e1lico robusto, este m\u00f3dulo foi concebido para resistir a ambientes adversos. O inv\u00f3lucro met\u00e1lico dur\u00e1vel n\u00e3o s\u00f3 fornece prote\u00e7\u00e3o f\u00edsica, como tamb\u00e9m contribui para a longevidade geral do m\u00f3dulo. Quer esteja a trabalhar em temperaturas extremas, condi\u00e7\u00f5es poeirentas ou projectos no exterior, o design robusto garante que o m\u00f3dulo continua a funcionar de forma fi\u00e1vel ao longo do tempo.<\/li>\n<\/ul>\n<h3>Integra\u00e7\u00e3o sem esfor\u00e7o com m\u00faltiplas interfaces:<\/h3>\n<p>O <span style=\"font-size: 16px;\">Distance Sensor for Drones module<\/span> offers flexible integration options with TTL, RS485, and RS232 interfaces, making it easy to connect to a wide range of devices and controllers. Whether you&#8217;re integrating the module into a microcontroller-based system, an industrial automation setup, or a custom-built project, its compatibility ensures a hassle-free integration process.<\/p>\n<figure id=\"attachment_2987\" aria-describedby=\"caption-attachment-2987\" style=\"width: 750px\" class=\"wp-caption aligncenter\"><img decoding=\"async\" class=\"wp-image-2987 size-full\" title=\"M\u00f3dulo de dist\u00e2ncia laser 2000m\" src=\"https:\/\/meskernel.net\/wp-content\/uploads\/2024\/11\/Laser-Distance-Module-2000m.jpg\" alt=\"M\u00f3dulo de dist\u00e2ncia laser 2000m\" width=\"750\" height=\"266\" srcset=\"https:\/\/meskernel.net\/wp-content\/uploads\/2024\/11\/Laser-Distance-Module-2000m.jpg 750w, https:\/\/meskernel.net\/wp-content\/uploads\/2024\/11\/Laser-Distance-Module-2000m-300x106.jpg 300w, https:\/\/meskernel.net\/wp-content\/uploads\/2024\/11\/Laser-Distance-Module-2000m-400x142.jpg 400w\" sizes=\"(max-width: 750px) 100vw, 750px\" \/><figcaption id=\"caption-attachment-2987\" class=\"wp-caption-text\">M\u00f3dulo de dist\u00e2ncia laser 2000m<\/figcaption><\/figure>\n<h3>Aplica\u00e7\u00f5es vers\u00e1teis em todos os sectores:<\/h3>\n<p>O <span style=\"font-size: 16px;\">Distance Sensor for Drones module<\/span> is designed to meet the diverse needs of professionals in various fields. Thanks to its high accuracy and long-range capabilities, it is suitable for a wide range of applications:<\/p>\n<ul>\n<li><strong>Constru\u00e7\u00e3o e engenharia:<\/strong><br \/>\nPara os profissionais de constru\u00e7\u00e3o e engenharia, este m\u00f3dulo \u00e9 inestim\u00e1vel para medir grandes \u00e1reas de terreno, construir estruturas ou efetuar levantamentos de locais. A sua capacidade de medir com precis\u00e3o em longas dist\u00e2ncias torna-o uma ferramenta fundamental para o planeamento e execu\u00e7\u00e3o de projectos de grande escala.<\/li>\n<li><strong>Levantamento topogr\u00e1fico:<\/strong><br \/>\nOs top\u00f3grafos apreciar\u00e3o o M\u00f3dulo de Dist\u00e2ncia de Laser de Impulso pela sua precis\u00e3o e fiabilidade. Quer esteja a mapear grandes \u00e1reas, a calcular topografia ou a efetuar levantamentos geod\u00e9sicos, este m\u00f3dulo fornece as medi\u00e7\u00f5es de dist\u00e2ncia exactas necess\u00e1rias para uma avalia\u00e7\u00e3o precisa do terreno.<\/li>\n<li><strong>Rob\u00f3tica e Automa\u00e7\u00e3o:<\/strong><br \/>\nO tamanho compacto e as medi\u00e7\u00f5es precisas deste m\u00f3dulo fazem dele uma excelente escolha para integra\u00e7\u00e3o em rob\u00f3tica e sistemas automatizados. Quer seja utilizado para dete\u00e7\u00e3o de obst\u00e1culos, navega\u00e7\u00e3o ou posicionamento, a versatilidade do m\u00f3dulo ajuda a garantir um funcionamento sem problemas em ambientes automatizados.<\/li>\n<li><strong>Monitoriza\u00e7\u00e3o ambiental:<\/strong><br \/>\nA monitoriza\u00e7\u00e3o ambiental requer medi\u00e7\u00f5es precisas em \u00e1reas remotas ou de dif\u00edcil acesso. A capacidade de longo alcance e a elevada exatid\u00e3o do m\u00f3dulo de dist\u00e2ncia por laser de impulsos tornam-no ideal para aplica\u00e7\u00f5es como a silvicultura, o seguimento da vida selvagem e os levantamentos geol\u00f3gicos, onde a precis\u00e3o e a fiabilidade s\u00e3o fundamentais.<\/li>\n<\/ul>\n<h3><img data-dominant-color=\"687c8a\" data-has-transparency=\"true\" style=\"--dominant-color: #687c8a;\" decoding=\"async\" class=\"aligncenter wp-image-6383 size-large has-transparency\" src=\"https:\/\/meskernel.net\/wp-content\/uploads\/2025\/12\/Distance-Sensor-for-Drones-application-1024x251.webp\" alt=\"Distance Sensor for Drones application\" width=\"1024\" height=\"251\" srcset=\"https:\/\/meskernel.net\/wp-content\/uploads\/2025\/12\/Distance-Sensor-for-Drones-application-1024x251.webp 1024w, https:\/\/meskernel.net\/wp-content\/uploads\/2025\/12\/Distance-Sensor-for-Drones-application-300x74.webp 300w, https:\/\/meskernel.net\/wp-content\/uploads\/2025\/12\/Distance-Sensor-for-Drones-application-768x188.webp 768w, https:\/\/meskernel.net\/wp-content\/uploads\/2025\/12\/Distance-Sensor-for-Drones-application-1536x376.webp 1536w, https:\/\/meskernel.net\/wp-content\/uploads\/2025\/12\/Distance-Sensor-for-Drones-application-18x4.webp 18w, https:\/\/meskernel.net\/wp-content\/uploads\/2025\/12\/Distance-Sensor-for-Drones-application-400x98.webp 400w, https:\/\/meskernel.net\/wp-content\/uploads\/2025\/12\/Distance-Sensor-for-Drones-application.webp 1922w\" sizes=\"(max-width: 1024px) 100vw, 1024px\" \/><\/h3>\n<p>N\u00e3o tem a certeza de qual o sensor de dist\u00e2ncia adequado ao seu projeto? Leia o nosso guia de sele\u00e7\u00e3o \u2192<a href=\"https:\/\/meskernel.net\/pt\/escolher-o-sensor-de-distancia-correto\/\">Escolher o sensor de dist\u00e2ncia correto<\/a><\/p>\n<h3>Porqu\u00ea escolher o m\u00f3dulo de dist\u00e2ncia de laser de impulso?<\/h3>\n<p>If you&#8217;re looking for a high-performance, reliable, and compact laser distance sensor, the <span style=\"font-size: 16px;\">Distance Sensor for Drones module<\/span> is the ideal solution. Here\u2019s why:<\/p>\n<ul>\n<li><strong>Medi\u00e7\u00f5es exactas e fi\u00e1veis:<\/strong> Oferece uma precis\u00e3o de \u00b11 metro em dist\u00e2ncias que variam entre 5 metros e 2000 metros, proporcionando resultados consistentes e precisos em diversas condi\u00e7\u00f5es.<\/li>\n<li><strong>Design compacto e economizador de espa\u00e7o:<\/strong> O seu tamanho ultra-compacto facilita a sua integra\u00e7\u00e3o em espa\u00e7os pequenos, tornando-o perfeito para sistemas incorporados ou dispositivos compactos.<\/li>\n<li><strong>Rece\u00e7\u00e3o de sinal superior:<\/strong> O vidro de alta transmit\u00e2ncia garante medi\u00e7\u00f5es claras e precisas, mesmo a dist\u00e2ncias maiores, ideal para aplica\u00e7\u00f5es industriais ou no exterior.<\/li>\n<li><strong>Dur\u00e1vel e de longa dura\u00e7\u00e3o:<\/strong> Com o seu inv\u00f3lucro met\u00e1lico robusto, o m\u00f3dulo foi constru\u00eddo para durar e resistir a ambientes dif\u00edceis, garantindo longevidade e fiabilidade ao longo do tempo.<\/li>\n<\/ul>\n<p>Quer se trate de constru\u00e7\u00e3o, topografia, rob\u00f3tica ou <a href=\"https:\/\/meskernel.net\/pt\/aplicacao\/controlo-ambiental\/\">controlo ambiental<\/a>, o <span style=\"font-size: 16px;\">Distance Sensor for Drones module<\/span> offers unmatched performance, durability, and ease of use. Its versatility makes it a reliable tool for projects across various industries, ensuring that you get precise and accurate measurements every time.<\/p>\n<p><a class=\"wps-ellipsis-parent wps-internal-link\" href=\"https:\/\/meskernel.net\/pt\/sensores-de-distancia-laser-de-ponto-unico\/\" aria-label=\"Como escolher os melhores sensores de dist\u00e2ncia laser de ponto \u00fanico para a carga \u00fatil do seu UAV (\/pt\/single-point-laser-distance-sensors\/)\"><span class=\"wps-ellipsis-text\">Como escolher os melhores sensores de dist\u00e2ncia a laser de ponto \u00fanico para a carga \u00fatil do seu UAV\u00a0<\/span><\/a><\/p>","protected":false},"excerpt":{"rendered":"<p>Achieve stable long-range distance measurements from 5\u20132000 m for drones, UAV mapping, and robotics. This <span style=\"font-size: 16px;\">Distance Sensor for Drones module<\/span> combines high-transmittance optics with a durable metal housing for reliable performance in harsh outdoor environments. Designed for easy flight-controller integration via TTL, RS485, and RS232, it\u2019s the go-to 1500 m drone distance sensor for surveying, construction, and critical field applications.<\/p>","protected":false},"featured_media":6382,"template":"","meta":{"site-sidebar-layout":"default","site-content-layout":"","ast-site-content-layout":"default","site-content-style":"default","site-sidebar-style":"default","ast-global-header-display":"","ast-banner-title-visibility":"","ast-main-header-display":"","ast-hfb-above-header-display":"","ast-hfb-below-header-display":"","ast-hfb-mobile-header-display":"","site-post-title":"","ast-breadcrumbs-content":"","ast-featured-img":"","footer-sml-layout":"","ast-disable-related-posts":"","theme-transparent-header-meta":"default","adv-header-id-meta":"","stick-header-meta":"","header-above-stick-meta":"","header-main-stick-meta":"","header-below-stick-meta":"","astra-migrate-meta-layouts":"set","ast-page-background-enabled":"default","ast-page-background-meta":{"desktop":{"background-color":"var(--ast-global-color-4)","background-image":"","background-repeat":"repeat","background-position":"center center","background-size":"auto","background-attachment":"scroll","background-type":"","background-media":"","overlay-type":"","overlay-color":"","overlay-opacity":"","overlay-gradient":""},"tablet":{"background-color":"","background-image":"","background-repeat":"repeat","background-position":"center center","background-size":"auto","background-attachment":"scroll","background-type":"","background-media":"","overlay-type":"","overlay-color":"","overlay-opacity":"","overlay-gradient":""},"mobile":{"background-color":"","background-image":"","background-repeat":"repeat","background-position":"center center","background-size":"auto","background-attachment":"scroll","background-type":"","background-media":"","overlay-type":"","overlay-color":"","overlay-opacity":"","overlay-gradient":""}},"ast-content-background-meta":{"desktop":{"background-color":"var(--ast-global-color-5)","background-image":"","background-repeat":"repeat","background-position":"center center","background-size":"auto","background-attachment":"scroll","background-type":"","background-media":"","overlay-type":"","overlay-color":"","overlay-opacity":"","overlay-gradient":""},"tablet":{"background-color":"var(--ast-global-color-5)","background-image":"","background-repeat":"repeat","background-position":"center center","background-size":"auto","background-attachment":"scroll","background-type":"","background-media":"","overlay-type":"","overlay-color":"","overlay-opacity":"","overlay-gradient":""},"mobile":{"background-color":"var(--ast-global-color-5)","background-image":"","background-repeat":"repeat","background-position":"center center","background-size":"auto","background-attachment":"scroll","background-type":"","background-media":"","overlay-type":"","overlay-color":"","overlay-opacity":"","overlay-gradient":""}}},"product_brand":[60],"product_cat":[54],"product_tag":[],"class_list":{"0":"post-6381","1":"product","2":"type-product","3":"status-publish","4":"has-post-thumbnail","6":"product_brand-meskernel","7":"product_cat-long-distance-laser-ranging-sensors","8":"desktop-align-center","9":"tablet-align-left","10":"mobile-align-left","12":"first","13":"instock","14":"shipping-taxable","15":"product-type-simple"},"_links":{"self":[{"href":"https:\/\/meskernel.net\/pt\/wp-json\/wp\/v2\/product\/6381","targetHints":{"allow":["GET"]}}],"collection":[{"href":"https:\/\/meskernel.net\/pt\/wp-json\/wp\/v2\/product"}],"about":[{"href":"https:\/\/meskernel.net\/pt\/wp-json\/wp\/v2\/types\/product"}],"version-history":[{"count":0,"href":"https:\/\/meskernel.net\/pt\/wp-json\/wp\/v2\/product\/6381\/revisions"}],"wp:featuredmedia":[{"embeddable":true,"href":"https:\/\/meskernel.net\/pt\/wp-json\/wp\/v2\/media\/6382"}],"wp:attachment":[{"href":"https:\/\/meskernel.net\/pt\/wp-json\/wp\/v2\/media?parent=6381"}],"wp:term":[{"taxonomy":"product_brand","embeddable":true,"href":"https:\/\/meskernel.net\/pt\/wp-json\/wp\/v2\/product_brand?post=6381"},{"taxonomy":"product_cat","embeddable":true,"href":"https:\/\/meskernel.net\/pt\/wp-json\/wp\/v2\/product_cat?post=6381"},{"taxonomy":"product_tag","embeddable":true,"href":"https:\/\/meskernel.net\/pt\/wp-json\/wp\/v2\/product_tag?post=6381"}],"curies":[{"name":"wp","href":"https:\/\/api.w.org\/{rel}","templated":true}]}}