{"id":6410,"date":"2025-12-04T10:57:46","date_gmt":"2025-12-04T02:57:46","guid":{"rendered":"https:\/\/meskernel.net\/?post_type=product&#038;p=6410"},"modified":"2025-12-04T11:18:37","modified_gmt":"2025-12-04T03:18:37","slug":"analog-distance-sensor","status":"publish","type":"product","link":"https:\/\/meskernel.net\/pt\/product\/analog-distance-sensor\/","title":{"rendered":"Sensor de dist\u00e2ncia anal\u00f3gico 4-20mA para dete\u00e7\u00e3o de n\u00edvel de l\u00edquido"},"content":{"rendered":"<h2 data-start=\"386\" data-end=\"460\"><strong data-start=\"389\" data-end=\"458\">Analog Distance Sensor Module \u2013 Compact Power, Industrial Precision<\/strong><\/h2>\n<p data-start=\"462\" data-end=\"878\">Unlock next-level distance measurement with the Analog Distance Sensor Module, a cutting-edge high-precision laser distance sensor module from Chengdu Meskernel Integrated Technology Co., Ltd.\u00a0 Designed for integration into size- and weight-sensitive systems, this micro laser distance sensor module delivers exceptional accuracy, fast response, and industrial-grade reliability \u2014 all in a package weighing just 2 grams.<img data-dominant-color=\"c6ced1\" data-has-transparency=\"false\" style=\"--dominant-color: #c6ced1;\" fetchpriority=\"high\" decoding=\"async\" class=\"alignleft wp-image-6319 size-full not-transparent\" src=\"https:\/\/meskernel.net\/wp-content\/uploads\/2025\/11\/Green-beam-laser-distance-module.webp\" alt=\"M\u00f3dulo de dist\u00e2ncia laser de feixe verde\" width=\"1920\" height=\"800\" srcset=\"https:\/\/meskernel.net\/wp-content\/uploads\/2025\/11\/Green-beam-laser-distance-module.webp 1920w, https:\/\/meskernel.net\/wp-content\/uploads\/2025\/11\/Green-beam-laser-distance-module-300x125.webp 300w, https:\/\/meskernel.net\/wp-content\/uploads\/2025\/11\/Green-beam-laser-distance-module-1024x427.webp 1024w, https:\/\/meskernel.net\/wp-content\/uploads\/2025\/11\/Green-beam-laser-distance-module-768x320.webp 768w, https:\/\/meskernel.net\/wp-content\/uploads\/2025\/11\/Green-beam-laser-distance-module-1536x640.webp 1536w, https:\/\/meskernel.net\/wp-content\/uploads\/2025\/11\/Green-beam-laser-distance-module-18x8.webp 18w, https:\/\/meskernel.net\/wp-content\/uploads\/2025\/11\/Green-beam-laser-distance-module-400x167.webp 400w\" sizes=\"(max-width: 1920px) 100vw, 1920px\" \/><\/p>\n<p>&nbsp;<\/p>\n<h3 data-start=\"885\" data-end=\"916\"><strong data-start=\"889\" data-end=\"914\">Why Choose the <\/strong><strong data-start=\"389\" data-end=\"458\">Analog Distance Sensor Module<\/strong><strong data-start=\"889\" data-end=\"914\">?<\/strong><\/h3>\n<h4 data-start=\"918\" data-end=\"960\"><\/h4>\n<h4 data-start=\"918\" data-end=\"960\"><strong data-start=\"923\" data-end=\"958\">1. Ultra-compacto e leve como uma pena<\/strong><\/h4>\n<p data-start=\"961\" data-end=\"1115\">Com 27,87 \u00d7 16,57 \u00d7 7,01 mm e apenas 2 g, o Green Beam Laser Distance Module adapta-se sem esfor\u00e7o a UAVs, AGVs, instrumentos de m\u00e3o e outros dispositivos com limita\u00e7\u00f5es de espa\u00e7o.<\/p>\n<h4 data-start=\"1117\" data-end=\"1156\"><strong data-start=\"1122\" data-end=\"1154\">2. Alta precis\u00e3o, longo alcance<\/strong><\/h4>\n<ul data-start=\"1157\" data-end=\"1335\">\n<li data-start=\"1157\" data-end=\"1193\">\n<p data-start=\"1159\" data-end=\"1193\">Gama de medi\u00e7\u00e3o<strong data-start=\"1159\" data-end=\"1181\">:<\/strong> 0.03-80 m<\/p>\n<\/li>\n<li data-start=\"1194\" data-end=\"1270\">\n<p data-start=\"1196\" data-end=\"1270\">Precis\u00e3o<strong data-start=\"1196\" data-end=\"1210\">:<\/strong> \u00b11 mm mesmo em condi\u00e7\u00f5es de baixa refletividade ou de luz intensa<\/p>\n<\/li>\n<li data-start=\"1271\" data-end=\"1335\">\n<p data-start=\"1273\" data-end=\"1335\">Leituras fi\u00e1veis para tarefas de curto e longo alcance.<\/p>\n<\/li>\n<\/ul>\n<h4 data-start=\"1337\" data-end=\"1377\"><strong data-start=\"1342\" data-end=\"1375\">3. Medi\u00e7\u00e3o r\u00e1pida como um rel\u00e2mpago<\/strong><\/h4>\n<ul data-start=\"1378\" data-end=\"1511\">\n<li data-start=\"1378\" data-end=\"1436\">\n<p data-start=\"1380\" data-end=\"1436\">Frequ\u00eancia<strong data-start=\"1380\" data-end=\"1394\">:<\/strong> At\u00e9 30 Hz para aplica\u00e7\u00f5es em tempo real.<\/p>\n<\/li>\n<li data-start=\"1437\" data-end=\"1511\">\n<p data-start=\"1439\" data-end=\"1511\">Perfeito para alvos m\u00f3veis, linhas de automatiza\u00e7\u00e3o e navega\u00e7\u00e3o rob\u00f3tica.<\/p>\n<\/li>\n<\/ul>\n<h4 data-start=\"1513\" data-end=\"1550\"><strong data-start=\"1518\" data-end=\"1548\">4. Conce\u00e7\u00e3o eficiente do ponto de vista energ\u00e9tico<\/strong><\/h4>\n<ul data-start=\"1551\" data-end=\"1682\">\n<li data-start=\"1551\" data-end=\"1614\">\n<p data-start=\"1553\" data-end=\"1614\">Baixo consumo de corrente, ideal para sistemas alimentados por bateria.<\/p>\n<\/li>\n<li data-start=\"1615\" data-end=\"1682\">\n<p data-start=\"1617\" data-end=\"1682\">Compat\u00edvel com entradas de alimenta\u00e7\u00e3o de pilhas secas e de l\u00edtio.<\/p>\n<\/li>\n<\/ul>\n<h4 data-start=\"1684\" data-end=\"1719\"><strong data-start=\"1689\" data-end=\"1717\">5. Conectividade flex\u00edvel<\/strong><\/h4>\n<ul data-start=\"1720\" data-end=\"1850\">\n<li data-start=\"1720\" data-end=\"1776\">\n<p data-start=\"1722\" data-end=\"1776\">M\u00faltiplas op\u00e7\u00f5es de interface: USART, RS232, RS485.<\/p>\n<\/li>\n<li data-start=\"1777\" data-end=\"1850\">\n<p data-start=\"1779\" data-end=\"1850\">Taxas de transmiss\u00e3o ajust\u00e1veis para uma integra\u00e7\u00e3o perfeita com os sistemas existentes.<\/p>\n<\/li>\n<\/ul>\n<h4 data-start=\"1852\" data-end=\"1892\"><strong data-start=\"1857\" data-end=\"1890\">6. Seguran\u00e7a e conformidade comprovadas<\/strong><\/h4>\n<ul data-start=\"1893\" data-end=\"2030\">\n<li data-start=\"1893\" data-end=\"1964\">\n<p data-start=\"1895\" data-end=\"1964\">Laser vermelho vis\u00edvel de classe II, seguro para utiliza\u00e7\u00e3o industrial e comercial.<\/p>\n<\/li>\n<li data-start=\"1965\" data-end=\"2030\">\n<p data-start=\"1967\" data-end=\"2030\">Certificado CE \/ FCC \/ RoHS \/ FDA para conformidade mundial.<\/p>\n<\/li>\n<\/ul>\n<h4 data-start=\"2032\" data-end=\"2077\"><strong data-start=\"2037\" data-end=\"2075\">7. Personaliza\u00e7\u00e3o de acordo com as suas necessidades<\/strong><\/h4>\n<p data-start=\"2078\" data-end=\"2223\">Precisa de defini\u00e7\u00f5es espec\u00edficas de alcance, precis\u00e3o ou comunica\u00e7\u00e3o? A Meskernel oferece personaliza\u00e7\u00e3o total para corresponder aos requisitos exactos da sua aplica\u00e7\u00e3o.<\/p>\n<p data-start=\"2078\" data-end=\"2223\"><img data-dominant-color=\"d2d0cd\" data-has-transparency=\"false\" style=\"--dominant-color: #d2d0cd;\" decoding=\"async\" class=\"wp-image-6412 size-large aligncenter not-transparent\" src=\"https:\/\/meskernel.net\/wp-content\/uploads\/2025\/12\/ToF-Laser-Sensors-1024x1024.webp\" alt=\"Sensores laser ToF\" width=\"1024\" height=\"1024\" srcset=\"https:\/\/meskernel.net\/wp-content\/uploads\/2025\/12\/ToF-Laser-Sensors-1024x1024.webp 1024w, https:\/\/meskernel.net\/wp-content\/uploads\/2025\/12\/ToF-Laser-Sensors-300x300.webp 300w, https:\/\/meskernel.net\/wp-content\/uploads\/2025\/12\/ToF-Laser-Sensors-150x150.webp 150w, https:\/\/meskernel.net\/wp-content\/uploads\/2025\/12\/ToF-Laser-Sensors-768x768.webp 768w, https:\/\/meskernel.net\/wp-content\/uploads\/2025\/12\/ToF-Laser-Sensors-1536x1536.webp 1536w, https:\/\/meskernel.net\/wp-content\/uploads\/2025\/12\/ToF-Laser-Sensors-12x12.webp 12w, https:\/\/meskernel.net\/wp-content\/uploads\/2025\/12\/ToF-Laser-Sensors-400x400.webp 400w, https:\/\/meskernel.net\/wp-content\/uploads\/2025\/12\/ToF-Laser-Sensors-100x100.webp 100w, https:\/\/meskernel.net\/wp-content\/uploads\/2025\/12\/ToF-Laser-Sensors.webp 2000w\" sizes=\"(max-width: 1024px) 100vw, 1024px\" \/><\/p>\n<p data-start=\"2078\" data-end=\"2223\">\n<p>&nbsp;<\/p>\n<hr data-start=\"2225\" data-end=\"2228\" \/>\n<h3 data-start=\"2230\" data-end=\"2260\"><\/h3>\n<h3 data-start=\"2230\" data-end=\"2260\"><strong data-start=\"2234\" data-end=\"2258\">Aplica\u00e7\u00f5es t\u00edpicas<\/strong><\/h3>\n<ul data-start=\"2261\" data-end=\"2647\">\n<li data-start=\"2261\" data-end=\"2340\">\n<p data-start=\"2263\" data-end=\"2340\"><strong data-start=\"2263\" data-end=\"2288\">Automa\u00e7\u00e3o industrial<\/strong> - Posicionamento, dete\u00e7\u00e3o de objectos, controlo de m\u00e1quinas.<\/p>\n<\/li>\n<li data-start=\"2341\" data-end=\"2416\">\n<p data-start=\"2343\" data-end=\"2416\"><strong data-start=\"2343\" data-end=\"2364\">Drones e rob\u00f3tica<\/strong> - Evitar obst\u00e1culos, controlo da altura, navega\u00e7\u00e3o.<\/p>\n<\/li>\n<li data-start=\"2417\" data-end=\"2480\">\n<p data-start=\"2419\" data-end=\"2480\"><strong data-start=\"2419\" data-end=\"2442\">Topografia e cartografia<\/strong> - Medi\u00e7\u00f5es de campo de elevada precis\u00e3o.<\/p>\n<\/li>\n<li data-start=\"2481\" data-end=\"2565\">\n<p data-start=\"2483\" data-end=\"2565\"><strong data-start=\"2483\" data-end=\"2502\">Log\u00edstica inteligente<\/strong> - Controlo automatizado de dist\u00e2ncias para correias transportadoras e armazenamento.<\/p>\n<\/li>\n<li data-start=\"2566\" data-end=\"2647\">\n<p data-start=\"2568\" data-end=\"2647\"><strong data-start=\"2568\" data-end=\"2588\">Dispositivos port\u00e1teis<\/strong> - Integra\u00e7\u00e3o em ferramentas de medi\u00e7\u00e3o port\u00e1teis ou vest\u00edveis.<\/p>\n<\/li>\n<\/ul>\n<p><img data-dominant-color=\"858580\" data-has-transparency=\"false\" style=\"--dominant-color: #858580;\" decoding=\"async\" class=\"wp-image-4226 size-full aligncenter not-transparent\" src=\"https:\/\/meskernel.net\/wp-content\/uploads\/2025\/04\/height-measurement-sensor.webp\" alt=\"\" width=\"716\" height=\"291\" srcset=\"https:\/\/meskernel.net\/wp-content\/uploads\/2025\/04\/height-measurement-sensor.webp 716w, https:\/\/meskernel.net\/wp-content\/uploads\/2025\/04\/height-measurement-sensor-300x122.webp 300w, https:\/\/meskernel.net\/wp-content\/uploads\/2025\/04\/height-measurement-sensor-400x163.webp 400w\" sizes=\"(max-width: 716px) 100vw, 716px\" \/><\/p>\n<hr data-start=\"2649\" data-end=\"2652\" \/>\n<h3 data-start=\"2654\" data-end=\"2684\"><strong data-start=\"2658\" data-end=\"2682\">Destaques t\u00e9cnicos<\/strong><\/h3>\n<div class=\"_tableContainer_1rjym_1\">\n<div class=\"_tableWrapper_1rjym_13 group flex w-fit flex-col-reverse\" tabindex=\"-1\">\n<table class=\"w-fit min-w-(--thread-content-width)\" data-start=\"2685\" data-end=\"3074\">\n<thead data-start=\"2685\" data-end=\"2722\">\n<tr data-start=\"2685\" data-end=\"2722\">\n<th data-start=\"2685\" data-end=\"2705\" data-col-size=\"sm\">Carater\u00edstica<\/th>\n<th data-start=\"2705\" data-end=\"2722\" data-col-size=\"sm\">Especifica\u00e7\u00e3o<\/th>\n<\/tr>\n<\/thead>\n<tbody data-start=\"2760\" data-end=\"3074\">\n<tr data-start=\"2760\" data-end=\"2793\">\n<td data-start=\"2760\" data-end=\"2780\" data-col-size=\"sm\">Gama<\/td>\n<td data-col-size=\"sm\" data-start=\"2780\" data-end=\"2793\">0.03-80 m<\/td>\n<\/tr>\n<tr data-start=\"2794\" data-end=\"2823\">\n<td data-start=\"2794\" data-end=\"2814\" data-col-size=\"sm\">Exatid\u00e3o<\/td>\n<td data-col-size=\"sm\" data-start=\"2814\" data-end=\"2823\">\u00b11 mm<\/td>\n<\/tr>\n<tr data-start=\"2824\" data-end=\"2859\">\n<td data-start=\"2824\" data-end=\"2844\" data-col-size=\"sm\">Frequ\u00eancia<\/td>\n<td data-col-size=\"sm\" data-start=\"2844\" data-end=\"2859\">At\u00e9 30 Hz<\/td>\n<\/tr>\n<tr data-start=\"2860\" data-end=\"2908\">\n<td data-start=\"2860\" data-end=\"2880\" data-col-size=\"sm\">Tipo de laser<\/td>\n<td data-col-size=\"sm\" data-start=\"2880\" data-end=\"2908\">610-690 nm (vermelho vis\u00edvel)<\/td>\n<\/tr>\n<tr data-start=\"2909\" data-end=\"2956\">\n<td data-start=\"2909\" data-end=\"2929\" data-col-size=\"sm\">Dimens\u00f5es<\/td>\n<td data-col-size=\"sm\" data-start=\"2929\" data-end=\"2956\">27,87 \u00d7 16,57 \u00d7 7,01 mm<\/td>\n<\/tr>\n<tr data-start=\"2957\" data-end=\"2984\">\n<td data-start=\"2957\" data-end=\"2977\" data-col-size=\"sm\">Peso<\/td>\n<td data-col-size=\"sm\" data-start=\"2977\" data-end=\"2984\">2 g<\/td>\n<\/tr>\n<tr data-start=\"2985\" data-end=\"3028\">\n<td data-start=\"2985\" data-end=\"3005\" data-col-size=\"sm\">Interfaces<\/td>\n<td data-col-size=\"sm\" data-start=\"3005\" data-end=\"3028\">USART, RS232, RS485<\/td>\n<\/tr>\n<tr data-start=\"3029\" data-end=\"3074\">\n<td data-start=\"3029\" data-end=\"3049\" data-col-size=\"sm\">Certifica\u00e7\u00f5es<\/td>\n<td data-col-size=\"sm\" data-start=\"3049\" data-end=\"3074\">CE \/ FCC \/ RoHS \/ FDA<\/td>\n<\/tr>\n<\/tbody>\n<\/table>\n<\/div>\n<\/div>\n<hr data-start=\"3076\" data-end=\"3079\" \/>\n<p data-start=\"3081\" data-end=\"3399\">O m\u00f3dulo de dist\u00e2ncia a laser Green Beam \u00e9 a escolha perfeita para engenheiros, OEMs e inovadores que procuram combinar tamanho em miniatura com desempenho m\u00e1ximo de medi\u00e7\u00e3o. Quer esteja a construir equipamento industrial, rob\u00f3tica ou dispositivos inteligentes, este m\u00f3dulo de dist\u00e2ncia a laser proporciona velocidade, precis\u00e3o e durabilidade em que pode confiar.<\/p>\n<p data-start=\"3401\" data-end=\"3555\">\ud83d\udce9 <a href=\"https:\/\/meskernel.net\/pt\/contacto\/\"><strong data-start=\"3404\" data-end=\"3445\">Informe-se agora sobre pre\u00e7os e op\u00e7\u00f5es OEM<\/strong><\/a><\/p>","protected":false},"excerpt":{"rendered":"<p>The Analog Distance Sensor Module is a miniature, high-precision 1mm laser distance sensor with a range of up to 80 meters. Ultra-compact 2g laser distance module with \u00b11mm accuracy, 0.03\u201380m range, 30Hz speed, low power, and industrial-grade reliability.<\/p>","protected":false},"featured_media":6411,"template":"","meta":{"site-sidebar-layout":"default","site-content-layout":"","ast-site-content-layout":"default","site-content-style":"default","site-sidebar-style":"default","ast-global-header-display":"","ast-banner-title-visibility":"","ast-main-header-display":"","ast-hfb-above-header-display":"","ast-hfb-below-header-display":"","ast-hfb-mobile-header-display":"","site-post-title":"","ast-breadcrumbs-content":"","ast-featured-img":"","footer-sml-layout":"","ast-disable-related-posts":"","theme-transparent-header-meta":"default","adv-header-id-meta":"","stick-header-meta":"","header-above-stick-meta":"","header-main-stick-meta":"","header-below-stick-meta":"","astra-migrate-meta-layouts":"set","ast-page-background-enabled":"default","ast-page-background-meta":{"desktop":{"background-color":"var(--ast-global-color-4)","background-image":"","background-repeat":"repeat","background-position":"center center","background-size":"auto","background-attachment":"scroll","background-type":"","background-media":"","overlay-type":"","overlay-color":"","overlay-opacity":"","overlay-gradient":""},"tablet":{"background-color":"","background-image":"","background-repeat":"repeat","background-position":"center center","background-size":"auto","background-attachment":"scroll","background-type":"","background-media":"","overlay-type":"","overlay-color":"","overlay-opacity":"","overlay-gradient":""},"mobile":{"background-color":"","background-image":"","background-repeat":"repeat","background-position":"center center","background-size":"auto","background-attachment":"scroll","background-type":"","background-media":"","overlay-type":"","overlay-color":"","overlay-opacity":"","overlay-gradient":""}},"ast-content-background-meta":{"desktop":{"background-color":"var(--ast-global-color-5)","background-image":"","background-repeat":"repeat","background-position":"center center","background-size":"auto","background-attachment":"scroll","background-type":"","background-media":"","overlay-type":"","overlay-color":"","overlay-opacity":"","overlay-gradient":""},"tablet":{"background-color":"var(--ast-global-color-5)","background-image":"","background-repeat":"repeat","background-position":"center center","background-size":"auto","background-attachment":"scroll","background-type":"","background-media":"","overlay-type":"","overlay-color":"","overlay-opacity":"","overlay-gradient":""},"mobile":{"background-color":"var(--ast-global-color-5)","background-image":"","background-repeat":"repeat","background-position":"center center","background-size":"auto","background-attachment":"scroll","background-type":"","background-media":"","overlay-type":"","overlay-color":"","overlay-opacity":"","overlay-gradient":""}}},"product_brand":[],"product_cat":[51],"product_tag":[],"class_list":{"0":"post-6410","1":"product","2":"type-product","3":"status-publish","4":"has-post-thumbnail","6":"product_cat-laser-distance-sensor","7":"desktop-align-center","8":"tablet-align-left","9":"mobile-align-left","11":"first","12":"instock","13":"shipping-taxable","14":"product-type-simple"},"_links":{"self":[{"href":"https:\/\/meskernel.net\/pt\/wp-json\/wp\/v2\/product\/6410","targetHints":{"allow":["GET"]}}],"collection":[{"href":"https:\/\/meskernel.net\/pt\/wp-json\/wp\/v2\/product"}],"about":[{"href":"https:\/\/meskernel.net\/pt\/wp-json\/wp\/v2\/types\/product"}],"version-history":[{"count":0,"href":"https:\/\/meskernel.net\/pt\/wp-json\/wp\/v2\/product\/6410\/revisions"}],"wp:featuredmedia":[{"embeddable":true,"href":"https:\/\/meskernel.net\/pt\/wp-json\/wp\/v2\/media\/6411"}],"wp:attachment":[{"href":"https:\/\/meskernel.net\/pt\/wp-json\/wp\/v2\/media?parent=6410"}],"wp:term":[{"taxonomy":"product_brand","embeddable":true,"href":"https:\/\/meskernel.net\/pt\/wp-json\/wp\/v2\/product_brand?post=6410"},{"taxonomy":"product_cat","embeddable":true,"href":"https:\/\/meskernel.net\/pt\/wp-json\/wp\/v2\/product_cat?post=6410"},{"taxonomy":"product_tag","embeddable":true,"href":"https:\/\/meskernel.net\/pt\/wp-json\/wp\/v2\/product_tag?post=6410"}],"curies":[{"name":"wp","href":"https:\/\/api.w.org\/{rel}","templated":true}]}}