{"id":6696,"date":"2026-01-08T18:00:27","date_gmt":"2026-01-08T10:00:27","guid":{"rendered":"https:\/\/meskernel.net\/?post_type=product&#038;p=6696"},"modified":"2026-01-19T17:03:44","modified_gmt":"2026-01-19T09:03:44","slug":"modulo-sensor-de-telemetro-laser","status":"publish","type":"product","link":"https:\/\/meskernel.net\/pt\/product\/laser-rangefinder-sensor-module\/","title":{"rendered":"M\u00f3dulo de sensor tel\u00e9metro a laser 0,03-60 m para monitoriza\u00e7\u00e3o exacta do n\u00edvel do tanque"},"content":{"rendered":"<p data-start=\"298\" data-end=\"705\">O m\u00f3dulo sensor de tel\u00e9metro laser LDL-T \u00e9 um m\u00f3dulo de medi\u00e7\u00e3o de dist\u00e2ncias a laser compacto e de elevada precis\u00e3o, concebido para automa\u00e7\u00e3o industrial, rob\u00f3tica, dispositivos inteligentes e sistemas de medi\u00e7\u00e3o de precis\u00e3o.<br data-start=\"498\" data-end=\"501\" \/>Baseado na avan\u00e7ada tecnologia iToF (tempo de voo indireto) de mudan\u00e7a de fase, <a href=\"https:\/\/www.youtube.com\/@Meskernelnet\/videos\" target=\"_blank\" rel=\"noopener\">LDL-T<\/a> oferece precis\u00e3o ao n\u00edvel do mil\u00edmetro, desempenho est\u00e1vel e integra\u00e7\u00e3o flex\u00edvel do sistema num formato leve.<\/p>\n<p data-start=\"298\" data-end=\"705\"><img data-dominant-color=\"f5f5f5\" data-has-transparency=\"false\" fetchpriority=\"high\" decoding=\"async\" class=\"wp-image-6709 size-full aligncenter not-transparent\" style=\"--dominant-color: #f5f5f5; font-style: inherit; font-weight: inherit;\" src=\"https:\/\/meskernel.net\/wp-content\/uploads\/2026\/01\/LDL-T-PIN.webp\" alt=\"LDL-T PIN\" width=\"837\" height=\"336\" srcset=\"https:\/\/meskernel.net\/wp-content\/uploads\/2026\/01\/LDL-T-PIN.webp 837w, https:\/\/meskernel.net\/wp-content\/uploads\/2026\/01\/LDL-T-PIN-300x120.webp 300w, https:\/\/meskernel.net\/wp-content\/uploads\/2026\/01\/LDL-T-PIN-768x308.webp 768w, https:\/\/meskernel.net\/wp-content\/uploads\/2026\/01\/LDL-T-PIN-18x7.webp 18w, https:\/\/meskernel.net\/wp-content\/uploads\/2026\/01\/LDL-T-PIN-400x161.webp 400w\" sizes=\"(max-width: 837px) 100vw, 837px\" \/><\/p>\n<h2 data-start=\"712\" data-end=\"778\">Sensor de tel\u00e9metro laser de alta precis\u00e3o baseado na tecnologia iToF<\/h2>\n<p data-start=\"780\" data-end=\"1068\">Ao contr\u00e1rio dos sensores ultra-s\u00f3nicos tradicionais ou dos sensores \u00f3pticos de baixa resolu\u00e7\u00e3o, o m\u00f3dulo de sensor de tel\u00e9metro laser LDL-T utiliza o alcance laser iToF baseado na fase. Ao analisar a diferen\u00e7a de fase entre os sinais laser modulados emitidos e reflectidos, o sensor calcula a dist\u00e2ncia com uma precis\u00e3o excecional.<\/p>\n<p data-start=\"1070\" data-end=\"1109\"><strong data-start=\"1070\" data-end=\"1109\">Principais vantagens do iToF laser ranging:<\/strong><\/p>\n<ul data-start=\"1111\" data-end=\"1313\">\n<li data-start=\"1111\" data-end=\"1154\">\n<p data-start=\"1113\" data-end=\"1154\">Resolu\u00e7\u00e3o de medi\u00e7\u00e3o ao n\u00edvel do mil\u00edmetro<\/p>\n<\/li>\n<li data-start=\"1155\" data-end=\"1206\">\n<p data-start=\"1157\" data-end=\"1206\">Forte resist\u00eancia \u00e0 interfer\u00eancia da luz ambiente<\/p>\n<\/li>\n<li data-start=\"1207\" data-end=\"1255\">\n<p data-start=\"1209\" data-end=\"1255\">Excelente repetibilidade e estabilidade do sinal<\/p>\n<\/li>\n<li data-start=\"1256\" data-end=\"1313\">\n<p data-start=\"1258\" data-end=\"1313\">Ideal para medi\u00e7\u00f5es de precis\u00e3o de curto a m\u00e9dio alcance<\/p>\n<\/li>\n<\/ul>\n<p data-start=\"1315\" data-end=\"1450\">Isto torna o m\u00f3dulo sensor de tel\u00e9metro laser LDL-T especialmente adequado para aplica\u00e7\u00f5es que requerem elevada precis\u00e3o e integra\u00e7\u00e3o compacta.<\/p>\n<p data-start=\"1315\" data-end=\"1450\"><img data-dominant-color=\"e9e6e4\" data-has-transparency=\"false\" style=\"--dominant-color: #e9e6e4;\" decoding=\"async\" class=\"wp-image-5798 aligncenter not-transparent\" src=\"https:\/\/meskernel.net\/wp-content\/uploads\/2025\/08\/Laser-Distance-Measurers.webp\" alt=\"Medidores de dist\u00e2ncia a laser\" width=\"495\" height=\"495\" srcset=\"https:\/\/meskernel.net\/wp-content\/uploads\/2025\/08\/Laser-Distance-Measurers.webp 800w, https:\/\/meskernel.net\/wp-content\/uploads\/2025\/08\/Laser-Distance-Measurers-300x300.webp 300w, https:\/\/meskernel.net\/wp-content\/uploads\/2025\/08\/Laser-Distance-Measurers-150x150.webp 150w, https:\/\/meskernel.net\/wp-content\/uploads\/2025\/08\/Laser-Distance-Measurers-768x768.webp 768w, https:\/\/meskernel.net\/wp-content\/uploads\/2025\/08\/Laser-Distance-Measurers-12x12.webp 12w, https:\/\/meskernel.net\/wp-content\/uploads\/2025\/08\/Laser-Distance-Measurers-400x400.webp 400w, https:\/\/meskernel.net\/wp-content\/uploads\/2025\/08\/Laser-Distance-Measurers-100x100.webp 100w\" sizes=\"(max-width: 495px) 100vw, 495px\" \/><\/p>\n<hr data-start=\"1452\" data-end=\"1455\" \/>\n<h2 data-start=\"1457\" data-end=\"1483\">Desempenho da medi\u00e7\u00e3o<\/h2>\n<div class=\"TyagGW_tableContainer\">\n<div class=\"group TyagGW_tableWrapper flex w-fit flex-col-reverse\" tabindex=\"-1\">\n<table class=\"w-fit min-w-(--thread-content-width)\" data-start=\"1485\" data-end=\"1960\">\n<thead data-start=\"1485\" data-end=\"1514\">\n<tr data-start=\"1485\" data-end=\"1514\">\n<th data-start=\"1485\" data-end=\"1497\" data-col-size=\"sm\">Par\u00e2metro<\/th>\n<th data-start=\"1497\" data-end=\"1514\" data-col-size=\"md\">Especifica\u00e7\u00e3o<\/th>\n<\/tr>\n<\/thead>\n<tbody data-start=\"1541\" data-end=\"1960\">\n<tr data-start=\"1541\" data-end=\"1633\">\n<td data-start=\"1541\" data-end=\"1565\" data-col-size=\"sm\"><strong data-start=\"1543\" data-end=\"1564\">Gama de medi\u00e7\u00e3o<\/strong><\/td>\n<td data-col-size=\"md\" data-start=\"1565\" data-end=\"1633\">0,03 m - 60 m (dependendo da refletividade do alvo e da luz ambiente)<\/td>\n<\/tr>\n<tr data-start=\"1634\" data-end=\"1674\">\n<td data-start=\"1634\" data-end=\"1649\" data-col-size=\"sm\"><strong data-start=\"1636\" data-end=\"1648\">Exatid\u00e3o<\/strong><\/td>\n<td data-col-size=\"md\" data-start=\"1649\" data-end=\"1674\">\u00b1(1 mm + D \u00d7 1\/10000)<\/td>\n<\/tr>\n<tr data-start=\"1675\" data-end=\"1700\">\n<td data-start=\"1675\" data-end=\"1692\" data-col-size=\"sm\"><strong data-start=\"1677\" data-end=\"1691\">Resolu\u00e7\u00e3o<\/strong><\/td>\n<td data-col-size=\"md\" data-start=\"1692\" data-end=\"1700\">1 mm<\/td>\n<\/tr>\n<tr data-start=\"1701\" data-end=\"1737\">\n<td data-start=\"1701\" data-end=\"1724\" data-col-size=\"sm\"><strong data-start=\"1703\" data-end=\"1723\">Tempo de medi\u00e7\u00e3o<\/strong><\/td>\n<td data-col-size=\"md\" data-start=\"1724\" data-end=\"1737\">0.3 - 4 s<\/td>\n<\/tr>\n<tr data-start=\"1738\" data-end=\"1807\">\n<td data-start=\"1738\" data-end=\"1777\" data-col-size=\"sm\"><strong data-start=\"1740\" data-end=\"1776\">Frequ\u00eancia de medi\u00e7\u00e3o cont\u00ednua<\/strong><\/td>\n<td data-col-size=\"md\" data-start=\"1777\" data-end=\"1807\">5 Hz \/ 30 Hz (curto alcance)<\/td>\n<\/tr>\n<tr data-start=\"1808\" data-end=\"1846\">\n<td data-start=\"1808\" data-end=\"1833\" data-col-size=\"sm\"><strong data-start=\"1810\" data-end=\"1832\">Gama de refletividade<\/strong><\/td>\n<td data-col-size=\"md\" data-start=\"1833\" data-end=\"1846\">2% - 100%<\/td>\n<\/tr>\n<tr data-start=\"1847\" data-end=\"1891\">\n<td data-start=\"1847\" data-end=\"1865\" data-col-size=\"sm\"><strong data-start=\"1849\" data-end=\"1864\">Classe Laser<\/strong><\/td>\n<td data-col-size=\"md\" data-start=\"1865\" data-end=\"1891\">Classe II (IEC 60825-1)<\/td>\n<\/tr>\n<tr data-start=\"1892\" data-end=\"1931\">\n<td data-start=\"1892\" data-end=\"1915\" data-col-size=\"sm\"><strong data-start=\"1894\" data-end=\"1914\">Comprimento de onda do laser<\/strong><\/td>\n<td data-col-size=\"md\" data-start=\"1915\" data-end=\"1931\">610 - 690 nm<\/td>\n<\/tr>\n<tr data-start=\"1932\" data-end=\"1960\">\n<td data-start=\"1932\" data-end=\"1950\" data-col-size=\"sm\"><strong data-start=\"1934\" data-end=\"1949\">Pot\u00eancia laser<\/strong><\/td>\n<td data-col-size=\"md\" data-start=\"1950\" data-end=\"1960\">&lt; 1 mW<\/td>\n<\/tr>\n<\/tbody>\n<\/table>\n<\/div>\n<\/div>\n<blockquote data-start=\"1962\" data-end=\"2121\">\n<p data-start=\"1964\" data-end=\"2121\">Mesmo em condi\u00e7\u00f5es complexas, como baixa refletividade ou luz ambiente moderada, o sensor do tel\u00e9metro laser LDL-T mant\u00e9m resultados est\u00e1veis e repet\u00edveis.<\/p>\n<\/blockquote>\n<hr data-start=\"2123\" data-end=\"2126\" \/>\n<h2 data-start=\"2128\" data-end=\"2166\">Design compacto para f\u00e1cil integra\u00e7\u00e3o<\/h2>\n<p data-start=\"2168\" data-end=\"2362\">Concebido para projectos incorporados e OEM, o m\u00f3dulo de sensor de tel\u00e9metro laser LDL-T ocupa pouco espa\u00e7o e tem uma estrutura leve, permitindo uma integra\u00e7\u00e3o perfeita em sistemas com limita\u00e7\u00f5es de espa\u00e7o.<\/p>\n<ul data-start=\"2364\" data-end=\"2539\">\n<li data-start=\"2364\" data-end=\"2407\">\n<p data-start=\"2366\" data-end=\"2407\">Dimens\u00f5es: 27,87 \u00d7 17,03 \u00d7 7,01 mm<\/p>\n<\/li>\n<li data-start=\"2408\" data-end=\"2435\">\n<p data-start=\"2410\" data-end=\"2435\">Peso: aprox. 3 g<\/p>\n<\/li>\n<li data-start=\"2436\" data-end=\"2482\">\n<p data-start=\"2438\" data-end=\"2482\">Furos castelados para soldadura direta<\/p>\n<\/li>\n<li data-start=\"2483\" data-end=\"2539\">\n<p data-start=\"2485\" data-end=\"2539\">Conector FPC opcional para uma instala\u00e7\u00e3o flex\u00edvel<\/p>\n<\/li>\n<\/ul>\n<p data-start=\"2541\" data-end=\"2645\">O seu design compacto torna-o ideal para drones, rob\u00f4s, dispositivos port\u00e1teis e sistemas industriais incorporados.<\/p>\n<p data-start=\"2541\" data-end=\"2645\"><img data-dominant-color=\"bfc2c7\" data-has-transparency=\"false\" style=\"--dominant-color: #bfc2c7;\" decoding=\"async\" class=\"wp-image-6101 size-full aligncenter not-transparent\" src=\"https:\/\/meskernel.net\/wp-content\/uploads\/2025\/10\/Digital-Output-Sensors.webp\" alt=\"Sensores de sa\u00edda digital\" width=\"492\" height=\"375\" srcset=\"https:\/\/meskernel.net\/wp-content\/uploads\/2025\/10\/Digital-Output-Sensors.webp 492w, https:\/\/meskernel.net\/wp-content\/uploads\/2025\/10\/Digital-Output-Sensors-300x229.webp 300w, https:\/\/meskernel.net\/wp-content\/uploads\/2025\/10\/Digital-Output-Sensors-16x12.webp 16w, https:\/\/meskernel.net\/wp-content\/uploads\/2025\/10\/Digital-Output-Sensors-400x305.webp 400w\" sizes=\"(max-width: 492px) 100vw, 492px\" \/><\/p>\n<hr data-start=\"2647\" data-end=\"2650\" \/>\n<h2 data-start=\"2652\" data-end=\"2688\">Interfaces de comunica\u00e7\u00e3o flex\u00edveis<\/h2>\n<p data-start=\"2690\" data-end=\"2845\">O m\u00f3dulo de sensor de tel\u00e9metro laser LDL-T suporta v\u00e1rios m\u00e9todos de comunica\u00e7\u00e3o, assegurando a compatibilidade com uma vasta gama de controladores e sistemas industriais.<\/p>\n<ul data-start=\"2847\" data-end=\"3028\">\n<li data-start=\"2847\" data-end=\"2866\">\n<p data-start=\"2849\" data-end=\"2866\">TTL (3,3 V)<\/p>\n<\/li>\n<li data-start=\"2867\" data-end=\"2880\">\n<p data-start=\"2869\" data-end=\"2880\">USART<\/p>\n<\/li>\n<li data-start=\"2881\" data-end=\"2934\">\n<p data-start=\"2883\" data-end=\"2934\">RS232 \/ RS485 (atrav\u00e9s de convers\u00e3o de n\u00edvel externo)<\/p>\n<\/li>\n<li data-start=\"2935\" data-end=\"2972\">\n<p data-start=\"2937\" data-end=\"2972\">Taxa de transmiss\u00e3o predefinida: 115200 bps<\/p>\n<\/li>\n<li data-start=\"2973\" data-end=\"3028\">\n<p data-start=\"2975\" data-end=\"3028\">Configura\u00e7\u00e3o opcional de taxa de transmiss\u00e3o autom\u00e1tica ou fixa<\/p>\n<\/li>\n<\/ul>\n<p data-start=\"3030\" data-end=\"3135\">Esta flexibilidade permite uma f\u00e1cil integra\u00e7\u00e3o com MCUs, PLCs, PCs industriais e sistemas Linux incorporados.<\/p>\n<hr data-start=\"3137\" data-end=\"3140\" \/>\n<h2 data-start=\"3142\" data-end=\"3174\">Modos de medi\u00e7\u00e3o inteligentes<\/h2>\n<p data-start=\"3176\" data-end=\"3305\">Para se adaptar a diferentes requisitos de aplica\u00e7\u00e3o, o m\u00f3dulo de sensor de tel\u00e9metro laser LDL-T oferece v\u00e1rios modos de funcionamento e de medi\u00e7\u00e3o:<\/p>\n<ul data-start=\"3307\" data-end=\"3492\">\n<li data-start=\"3307\" data-end=\"3343\">\n<p data-start=\"3309\" data-end=\"3343\">Medi\u00e7\u00e3o autom\u00e1tica \u00fanica<\/p>\n<\/li>\n<li data-start=\"3344\" data-end=\"3384\">\n<p data-start=\"3346\" data-end=\"3384\">Medi\u00e7\u00e3o autom\u00e1tica cont\u00ednua<\/p>\n<\/li>\n<li data-start=\"3385\" data-end=\"3439\">\n<p data-start=\"3387\" data-end=\"3439\">Ajuste autom\u00e1tico da velocidade com base na qualidade do sinal<\/p>\n<\/li>\n<li data-start=\"3440\" data-end=\"3492\">\n<p data-start=\"3442\" data-end=\"3492\">Controlo remoto de ligar\/desligar o laser atrav\u00e9s do registo de comandos<\/p>\n<\/li>\n<\/ul>\n<p data-start=\"3494\" data-end=\"3606\">Os resultados da medi\u00e7\u00e3o incluem dados de dist\u00e2ncia e qualidade do sinal, permitindo verifica\u00e7\u00f5es de fiabilidade ao n\u00edvel do sistema.<\/p>\n<hr data-start=\"3608\" data-end=\"3611\" \/>\n<h2 data-start=\"3613\" data-end=\"3645\">Op\u00e7\u00f5es de baixo consumo de energia<\/h2>\n<p data-start=\"3647\" data-end=\"3780\">O m\u00f3dulo de sensor de tel\u00e9metro laser LDL-T est\u00e1 dispon\u00edvel nas vers\u00f5es de bateria seca e bateria de l\u00edtio, suportando designs sens\u00edveis \u00e0 energia:<\/p>\n<ul data-start=\"3782\" data-end=\"3971\">\n<li data-start=\"3782\" data-end=\"3810\">\n<p data-start=\"3784\" data-end=\"3810\">Corrente de espera: &lt; 10 \u03bcA<\/p>\n<\/li>\n<li data-start=\"3811\" data-end=\"3881\">\n<p data-start=\"3813\" data-end=\"3881\">Corrente de medi\u00e7\u00e3o cont\u00ednua: &lt; 80-100 mA (consoante a vers\u00e3o)<\/p>\n<\/li>\n<li data-start=\"3882\" data-end=\"3971\">\n<p data-start=\"3884\" data-end=\"3901\">Tens\u00e3o de alimenta\u00e7\u00e3o:<\/p>\n<ul data-start=\"3904\" data-end=\"3971\">\n<li data-start=\"3904\" data-end=\"3935\">\n<p data-start=\"3906\" data-end=\"3935\">3,3 V (vers\u00e3o com pilha seca)<\/p>\n<\/li>\n<li data-start=\"3938\" data-end=\"3971\">\n<p data-start=\"3940\" data-end=\"3971\">4,0 V (vers\u00e3o com bateria de l\u00edtio)<\/p>\n<\/li>\n<\/ul>\n<\/li>\n<\/ul>\n<p data-start=\"3973\" data-end=\"4061\">Isto torna o m\u00f3dulo adequado para sistemas port\u00e1teis, alimentados por bateria e sempre activos.<\/p>\n<hr data-start=\"4063\" data-end=\"4066\" \/>\n<h2 data-start=\"4068\" data-end=\"4119\">Aplica\u00e7\u00f5es t\u00edpicas do sensor de tel\u00e9metro a laser<\/h2>\n<p data-start=\"4121\" data-end=\"4174\">O m\u00f3dulo sensor de tel\u00e9metro laser LDL-T \u00e9 amplamente utilizado em:<\/p>\n<ul data-start=\"4176\" data-end=\"4420\">\n<li data-start=\"4176\" data-end=\"4224\">\n<p data-start=\"4178\" data-end=\"4224\">Medi\u00e7\u00e3o industrial de dist\u00e2ncias e posi\u00e7\u00f5es<\/p>\n<\/li>\n<li data-start=\"4225\" data-end=\"4256\">\n<p data-start=\"4227\" data-end=\"4256\">Rob\u00f3tica e navega\u00e7\u00e3o AGV<\/p>\n<\/li>\n<li data-start=\"4257\" data-end=\"4296\">\n<p data-start=\"4259\" data-end=\"4296\">Altitude do UAV e dete\u00e7\u00e3o de obst\u00e1culos<\/p>\n<\/li>\n<li data-start=\"4297\" data-end=\"4339\">\n<p data-start=\"4299\" data-end=\"4339\">Dispositivos inteligentes e equipamentos de automa\u00e7\u00e3o<\/p>\n<\/li>\n<li data-start=\"4340\" data-end=\"4375\">\n<p data-start=\"4342\" data-end=\"4375\">Sistemas de levantamento topogr\u00e1fico e de alinhamento<\/p>\n<\/li>\n<li data-start=\"4376\" data-end=\"4420\">\n<p data-start=\"4378\" data-end=\"4420\">Solu\u00e7\u00f5es de medi\u00e7\u00e3o laser OEM incorporadas<\/p>\n<\/li>\n<\/ul>\n<p data-start=\"4422\" data-end=\"4554\">O seu equil\u00edbrio entre precis\u00e3o, tamanho e estabilidade faz dele um sensor de tel\u00e9metro laser fi\u00e1vel para projectos de I&amp;D e de produ\u00e7\u00e3o em massa.<\/p>\n<p data-start=\"4422\" data-end=\"4554\"><img data-dominant-color=\"818380\" data-has-transparency=\"false\" style=\"--dominant-color: #818380;\" loading=\"lazy\" decoding=\"async\" class=\"wp-image-4836 size-full aligncenter not-transparent\" src=\"https:\/\/meskernel.net\/wp-content\/uploads\/2025\/07\/application.webp\" alt=\"aplica\u00e7\u00e3o\" width=\"720\" height=\"720\" srcset=\"https:\/\/meskernel.net\/wp-content\/uploads\/2025\/07\/application.webp 720w, https:\/\/meskernel.net\/wp-content\/uploads\/2025\/07\/application-300x300.webp 300w, https:\/\/meskernel.net\/wp-content\/uploads\/2025\/07\/application-150x150.webp 150w, https:\/\/meskernel.net\/wp-content\/uploads\/2025\/07\/application-400x400.webp 400w, https:\/\/meskernel.net\/wp-content\/uploads\/2025\/07\/application-100x100.webp 100w\" sizes=\"(max-width: 720px) 100vw, 720px\" \/><\/p>\n<p data-start=\"4422\" data-end=\"4554\">N\u00e3o tem a certeza de qual o sensor de dist\u00e2ncia adequado ao seu projeto? Leia o nosso guia de sele\u00e7\u00e3o \u2192<a href=\"https:\/\/meskernel.net\/pt\/escolher-o-sensor-de-distancia-correto\/\">Sele\u00e7\u00e3o do sensor de dist\u00e2ncia a laser<\/a><\/p>\n<hr data-start=\"4556\" data-end=\"4559\" \/>\n<h2 data-start=\"4561\" data-end=\"4610\">Porqu\u00ea escolher o sensor de tel\u00e9metro laser Meskernel?<\/h2>\n<ul data-start=\"4612\" data-end=\"4836\">\n<li data-start=\"4612\" data-end=\"4665\">\n<p data-start=\"4614\" data-end=\"4665\">Precis\u00e3o ao n\u00edvel do mil\u00edmetro com a tecnologia iToF<\/p>\n<\/li>\n<li data-start=\"4666\" data-end=\"4709\">\n<p data-start=\"4668\" data-end=\"4709\">Design compacto, leve e preparado para OEM<\/p>\n<\/li>\n<li data-start=\"4710\" data-end=\"4749\">\n<p data-start=\"4712\" data-end=\"4749\">Interfaces de comunica\u00e7\u00e3o flex\u00edveis<\/p>\n<\/li>\n<li data-start=\"4750\" data-end=\"4801\">\n<p data-start=\"4752\" data-end=\"4801\">Desempenho est\u00e1vel em condi\u00e7\u00f5es de refletividade vari\u00e1vel<\/p>\n<\/li>\n<li data-start=\"4802\" data-end=\"4836\">\n<p data-start=\"4804\" data-end=\"4836\">Fiabilidade de n\u00edvel industrial<\/p>\n<\/li>\n<\/ul>\n<p data-start=\"4838\" data-end=\"5013\">Se procura um m\u00f3dulo de sensor de tel\u00e9metro laser de alta precis\u00e3o que combine desempenho, flexibilidade de integra\u00e7\u00e3o e estabilidade a longo prazo, o <a href=\"https:\/\/meskernel.net\/pt\/sobre\/\">Meskernel<\/a> \u00e9 a escolha ideal.<\/p>","protected":false},"excerpt":{"rendered":"<p>O m\u00f3dulo sensor de tel\u00e9metro laser LDL-T proporciona uma medi\u00e7\u00e3o de dist\u00e2ncia de alta precis\u00e3o de 0,03 a 60 metros utilizando a tecnologia avan\u00e7ada de mudan\u00e7a de fase iToF. Com precis\u00e3o de n\u00edvel milim\u00e9trico, tamanho compacto e interfaces de comunica\u00e7\u00e3o flex\u00edveis (TTL \/ RS232 \/ RS485), \u00e9 ideal para automa\u00e7\u00e3o industrial, rob\u00f3tica, UAVs e aplica\u00e7\u00f5es OEM incorporadas.<\/p>","protected":false},"featured_media":6710,"template":"","meta":{"site-sidebar-layout":"default","site-content-layout":"","ast-site-content-layout":"default","site-content-style":"default","site-sidebar-style":"default","ast-global-header-display":"","ast-banner-title-visibility":"","ast-main-header-display":"","ast-hfb-above-header-display":"","ast-hfb-below-header-display":"","ast-hfb-mobile-header-display":"","site-post-title":"","ast-breadcrumbs-content":"","ast-featured-img":"","footer-sml-layout":"","ast-disable-related-posts":"","theme-transparent-header-meta":"default","adv-header-id-meta":"","stick-header-meta":"","header-above-stick-meta":"","header-main-stick-meta":"","header-below-stick-meta":"","astra-migrate-meta-layouts":"set","ast-page-background-enabled":"default","ast-page-background-meta":{"desktop":{"background-color":"var(--ast-global-color-4)","background-image":"","background-repeat":"repeat","background-position":"center center","background-size":"auto","background-attachment":"scroll","background-type":"","background-media":"","overlay-type":"","overlay-color":"","overlay-opacity":"","overlay-gradient":""},"tablet":{"background-color":"","background-image":"","background-repeat":"repeat","background-position":"center center","background-size":"auto","background-attachment":"scroll","background-type":"","background-media":"","overlay-type":"","overlay-color":"","overlay-opacity":"","overlay-gradient":""},"mobile":{"background-color":"","background-image":"","background-repeat":"repeat","background-position":"center center","background-size":"auto","background-attachment":"scroll","background-type":"","background-media":"","overlay-type":"","overlay-color":"","overlay-opacity":"","overlay-gradient":""}},"ast-content-background-meta":{"desktop":{"background-color":"var(--ast-global-color-5)","background-image":"","background-repeat":"repeat","background-position":"center center","background-size":"auto","background-attachment":"scroll","background-type":"","background-media":"","overlay-type":"","overlay-color":"","overlay-opacity":"","overlay-gradient":""},"tablet":{"background-color":"var(--ast-global-color-5)","background-image":"","background-repeat":"repeat","background-position":"center center","background-size":"auto","background-attachment":"scroll","background-type":"","background-media":"","overlay-type":"","overlay-color":"","overlay-opacity":"","overlay-gradient":""},"mobile":{"background-color":"var(--ast-global-color-5)","background-image":"","background-repeat":"repeat","background-position":"center center","background-size":"auto","background-attachment":"scroll","background-type":"","background-media":"","overlay-type":"","overlay-color":"","overlay-opacity":"","overlay-gradient":""}}},"product_brand":[],"product_cat":[51],"product_tag":[],"class_list":{"0":"post-6696","1":"product","2":"type-product","3":"status-publish","4":"has-post-thumbnail","6":"product_cat-laser-distance-sensor","7":"desktop-align-center","8":"tablet-align-left","9":"mobile-align-left","11":"first","12":"instock","13":"shipping-taxable","14":"product-type-simple"},"_links":{"self":[{"href":"https:\/\/meskernel.net\/pt\/wp-json\/wp\/v2\/product\/6696","targetHints":{"allow":["GET"]}}],"collection":[{"href":"https:\/\/meskernel.net\/pt\/wp-json\/wp\/v2\/product"}],"about":[{"href":"https:\/\/meskernel.net\/pt\/wp-json\/wp\/v2\/types\/product"}],"version-history":[{"count":0,"href":"https:\/\/meskernel.net\/pt\/wp-json\/wp\/v2\/product\/6696\/revisions"}],"wp:featuredmedia":[{"embeddable":true,"href":"https:\/\/meskernel.net\/pt\/wp-json\/wp\/v2\/media\/6710"}],"wp:attachment":[{"href":"https:\/\/meskernel.net\/pt\/wp-json\/wp\/v2\/media?parent=6696"}],"wp:term":[{"taxonomy":"product_brand","embeddable":true,"href":"https:\/\/meskernel.net\/pt\/wp-json\/wp\/v2\/product_brand?post=6696"},{"taxonomy":"product_cat","embeddable":true,"href":"https:\/\/meskernel.net\/pt\/wp-json\/wp\/v2\/product_cat?post=6696"},{"taxonomy":"product_tag","embeddable":true,"href":"https:\/\/meskernel.net\/pt\/wp-json\/wp\/v2\/product_tag?post=6696"}],"curies":[{"name":"wp","href":"https:\/\/api.w.org\/{rel}","templated":true}]}}