{"id":113,"date":"2024-10-10T10:54:25","date_gmt":"2024-10-10T02:54:25","guid":{"rendered":"http:\/\/170.106.98.143\/?post_type=product&#038;p=113"},"modified":"2025-07-03T14:02:48","modified_gmt":"2025-07-03T06:02:48","slug":"arduino-lazer-sensoru","status":"publish","type":"product","link":"https:\/\/meskernel.net\/tr\/product\/arduino-laser-sensor\/","title":{"rendered":"Arduino Lazer Sens\u00f6r\u00fc 20Hz Y\u00fcksek Frekans \u00d6l\u00e7\u00fcm\u00fc"},"content":{"rendered":"<dl id=\"attachment_2320\">\n<dd>\n<h3>Hareket Mesafesi veya Diy i\u00e7in Arduino Lazer Sens\u00f6r\u00fc 20Hz<\/h3>\n<\/dd>\n<dd><\/dd>\n<dd>1mm hassasiyetli bir lazer mesafe \u00f6l\u00e7\u00fcm mod\u00fcl\u00fc olan Arduino Lazer Sens\u00f6r\u00fc, hedef mesafeleri \u00f6l\u00e7mek ve veri iletmek i\u00e7in kullan\u0131lan bir cihazd\u0131r. Nesneler ve sens\u00f6r aras\u0131ndaki mesafeyi \u00f6l\u00e7mek i\u00e7in lazer \u0131\u015f\u0131nlar\u0131 yaymak ve yans\u0131yan lazer sinyallerini almak i\u00e7in g\u00f6r\u00fcn\u00fcr lazer teknolojisini kullan\u0131r. Lazer mesafe sens\u00f6r\u00fc USB, TTL, RS232, RS485, Bluetooth gibi ileti\u015fim aray\u00fczlerini destekleyerek veri iletimini ve di\u011fer cihazlarla ileti\u015fimi m\u00fcmk\u00fcn k\u0131lar.<\/dd>\n<dd>1.Meskernel mod\u00fcl\u00fc y\u00fcksek do\u011fruluk ve uzun menzilli \u00f6l\u00e7\u00fcm ile h\u0131zl\u0131 yan\u0131t verir<\/dd>\n<dd>2. \u00c7in'de lazer mesafe \u00f6l\u00e7er \/ sens\u00f6r mod\u00fcllerinin lider tedarik\u00e7isi olarak 20 y\u0131l\u0131 a\u015fk\u0131n s\u00fcredir bu lazer hatt\u0131nda duruyoruz<\/dd>\n<dd>3. 30m, 40m, 60m, 80m, 100m, 120m, 150m, her mesafe \u00e7ok i\u015flevli olabilir<\/dd>\n<dd>4. Voltaj, g\u00fc\u00e7 d\u00f6n\u00fc\u015ft\u00fcr\u00fcc\u00fc LDO taraf\u0131ndan de\u011fi\u015ftirilebilir<\/dd>\n<dd>5. \u00c7al\u0131\u015fma s\u0131cakl\u0131\u011f\u0131 -10 \u2103 ~ 50 \u2103 \u00f6zelle\u015ftirilebilir<\/dd>\n<dd>6. Analog \u00f6zelle\u015ftirilebilir.<\/dd>\n<\/dl>\n<figure id=\"attachment_2958\" aria-describedby=\"caption-attachment-2958\" style=\"width: 1080px\" class=\"wp-caption aligncenter\"><img fetchpriority=\"high\" decoding=\"async\" class=\"wp-image-2958 size-full\" title=\"Arduino Lazer Sens\u00f6r\u00fc\" src=\"https:\/\/meskernel.net\/wp-content\/uploads\/2024\/11\/laser-distance-senso.jpg\" alt=\"lazer mesafe sens\u00f6r\u00fc\" width=\"1080\" height=\"300\" srcset=\"https:\/\/meskernel.net\/wp-content\/uploads\/2024\/11\/laser-distance-senso.jpg 1080w, https:\/\/meskernel.net\/wp-content\/uploads\/2024\/11\/laser-distance-senso-300x83.jpg 300w, https:\/\/meskernel.net\/wp-content\/uploads\/2024\/11\/laser-distance-senso-1024x284.jpg 1024w, https:\/\/meskernel.net\/wp-content\/uploads\/2024\/11\/laser-distance-senso-768x213.jpg 768w, https:\/\/meskernel.net\/wp-content\/uploads\/2024\/11\/laser-distance-senso-400x111.jpg 400w\" sizes=\"(max-width: 1080px) 100vw, 1080px\" \/><figcaption id=\"caption-attachment-2958\" class=\"wp-caption-text\">lazer mesafe sens\u00f6r\u00fc<\/figcaption><\/figure>\n<h3>Arduino Lazer Sens\u00f6r\u00fc Temel \u00d6zellikler:<\/h3>\n<ul>\n<li><strong>Geni\u015f Mesafe Se\u00e7enekleri<\/strong><br \/>\nGeni\u015f se\u00e7ilebilir mesafe aral\u0131\u011f\u0131, \u00e7e\u015fitli uygulamalar i\u00e7in uygun hale getirir.<\/li>\n<li><strong>H\u0131zl\u0131 Yan\u0131t H\u0131z\u0131<\/strong><br \/>\nH\u0131zl\u0131 veri toplama \u00f6zellikleri, mesafe \u00f6l\u00e7\u00fcmlerini milisaniyeler i\u00e7inde tamamlar.<\/li>\n<li><strong>\u00c7oklu \u0130leti\u015fim Aray\u00fczleri<\/strong><br \/>\nRS232, RS485, Bluetooth, Modbus ve UART dahil olmak \u00fczere \u00e7e\u015fitli ileti\u015fim aray\u00fczlerini ve protokollerini destekleyerek mevcut kontrol veya verilerle entegrasyonu kolayla\u015ft\u0131r\u0131r.<\/li>\n<li><strong>Y\u00fcksek \u00d6l\u00e7\u00fcm Hassasiyeti<\/strong><br \/>\nTipik olarak milimetre aral\u0131\u011f\u0131nda hassasiyete sahip bu sens\u00f6r, jeodezik ve in\u015faat m\u00fchendisli\u011fi senaryolar\u0131 gibi uygulamalar\u0131n y\u00fcksek do\u011fruluk gereksinimlerini kar\u015f\u0131lar.<\/li>\n<li><strong>\u0130stikrarl\u0131 Performans<\/strong><br \/>\nSens\u00f6r, dar bir veri dalgalanmas\u0131 aral\u0131\u011f\u0131n\u0131 korur ve \u00e7ok d\u00fc\u015f\u00fck tekrarlanabilirlik hatas\u0131 sergiler.<\/li>\n<li><strong>Temass\u0131z \u00d6l\u00e7\u00fcm<\/strong><br \/>\nTemass\u0131z \u00f6l\u00e7\u00fcm yapabilen sens\u00f6r, hareketli nesneleri, y\u00fcksek veya d\u00fc\u015f\u00fck s\u0131cakl\u0131ktaki nesneleri, s\u0131v\u0131lar\u0131 ve d\u00fczensiz \u015fekilli nesneleri alg\u0131lamak i\u00e7in uygundur.<\/li>\n<\/ul>\n<p>Arduino ile bir lazer sens\u00f6r\u00fc kullanmak mesafeleri tespit etmek, konumu \u00f6l\u00e7mek veya nesneleri tespit etmek i\u00e7in harika bir yol olabilir. Tipik olarak, Arduino ile kullan\u0131lan lazer sens\u00f6rler ya lazer telemetreler (mesafeyi \u00f6l\u00e7mek i\u00e7in) ya da lazer dedekt\u00f6rler (bir lazer noktas\u0131n\u0131n varl\u0131\u011f\u0131n\u0131 tespit etmek i\u00e7in) olabilir. A\u015fa\u011f\u0131da, lazer sens\u00f6rleri i\u00e7in genel kurulum boyunca size yol g\u00f6sterece\u011fim, \u00f6zellikle de en yayg\u0131n kullan\u0131m durumlar\u0131ndan biri oldu\u011fu i\u00e7in bir lazer mesafe sens\u00f6r\u00fcn\u00fcn bir Arduino ile nas\u0131l aray\u00fczlenece\u011fine odaklanaca\u011f\u0131m.<\/p>\n<h3>Arduino Lazer Sens\u00f6r\u00fc nas\u0131l kullan\u0131l\u0131r?<\/h3>\n<p><strong>1. <\/strong>Lazer Mesafe Sens\u00f6r\u00fc (\u00f6rn. Lidar, LDJ Lazer Sens\u00f6r\u00fc)<\/p>\n<p>Mesafe \u00f6l\u00e7\u00fcm\u00fc i\u00e7in pop\u00fcler lazer tabanl\u0131 sens\u00f6rlerden biri LDJ Lazer Sens\u00f6r\u00fc U\u00e7u\u015f S\u00fcresi (ToF) sens\u00f6r\u00fcd\u00fcr. Bu, bir nesneye olan mesafeyi \u00f6l\u00e7mek i\u00e7in lazer \u0131\u015f\u0131\u011f\u0131 kullanan kompakt ve ucuz bir sens\u00f6rd\u00fcr.<\/p>\n<p>Gerekli Bile\u015fenler:<\/p>\n<ul>\n<li>Arduino kart\u0131 (\u00f6rn. Uno, Mega, Nano)<\/li>\n<li>LDJ Lazer Sens\u00f6r mod\u00fcl\u00fc<\/li>\n<li>Jumper kablolar\u0131<\/li>\n<li>Breadboard (iste\u011fe ba\u011fl\u0131)<\/li>\n<\/ul>\n<p>LDJ Lazer Sens\u00f6r\u00fcn\u00fcn Kablolanmas\u0131:<\/p>\n<p>LDJ Lazer Sens\u00f6r\u00fc, I2C protokol\u00fcn\u00fc kullanarak Arduino ile ileti\u015fim kurar, bu da sens\u00f6r\u00fc Arduino'nuzdaki SCL ve SDA pinlerine ba\u011flaman\u0131z gerekti\u011fi anlam\u0131na gelir.<\/p>\n<p>Arduino Uno i\u00e7in:<\/p>\n<ul>\n<li><strong>GND<\/strong> (sens\u00f6r) ile <strong>GND<\/strong> (Arduino)<\/li>\n<li><strong>VCC<\/strong> (sens\u00f6r) ile <strong>5V<\/strong> (Arduino)<\/li>\n<li><strong>SDA<\/strong> (sens\u00f6r) ile <strong>A4<\/strong> (Arduino Uno)<\/li>\n<li><strong>SCL<\/strong> (sens\u00f6r) ile <strong>A5<\/strong> (Arduino Uno)<\/li>\n<\/ul>\n<p>Farkl\u0131 bir Arduino modeli kullan\u0131yorsan\u0131z, o kart i\u00e7in I2C pinlerini (SCL\/SDA) kontrol edin.<\/p>\n<h3 class=\"text-title\"><span class=\"magic-22\" data-spm-anchor-id=\"a2700.details.0.i63.18bf346eInG0ZW\">Arduino Lazer Sens\u00f6r\u00fc \u0130\u00e7in Test Yaz\u0131l\u0131m Platformu<\/span><\/h3>\n<div class=\"text-content\">Mesafe \u00f6l\u00e7\u00fcm\u00fc yoluyla bilgisayara aktar\u0131lan kendi yaz\u0131l\u0131m test ara\u00e7lar\u0131m\u0131z var.<\/div>\n<div>\n<figure id=\"attachment_2967\" aria-describedby=\"caption-attachment-2967\" style=\"width: 1024px\" class=\"wp-caption aligncenter\"><img decoding=\"async\" class=\"wp-image-2967 size-large\" src=\"https:\/\/meskernel.net\/wp-content\/uploads\/2024\/10\/Arduino-Laser-Sensor-1024x520.jpg\" alt=\"Arduino Lazer Sens\u00f6r\u00fc\" width=\"1024\" height=\"520\" srcset=\"https:\/\/meskernel.net\/wp-content\/uploads\/2024\/10\/Arduino-Laser-Sensor-1024x520.jpg 1024w, https:\/\/meskernel.net\/wp-content\/uploads\/2024\/10\/Arduino-Laser-Sensor-300x152.jpg 300w, https:\/\/meskernel.net\/wp-content\/uploads\/2024\/10\/Arduino-Laser-Sensor-768x390.jpg 768w, https:\/\/meskernel.net\/wp-content\/uploads\/2024\/10\/Arduino-Laser-Sensor-1536x779.jpg 1536w, https:\/\/meskernel.net\/wp-content\/uploads\/2024\/10\/Arduino-Laser-Sensor-400x203.jpg 400w, https:\/\/meskernel.net\/wp-content\/uploads\/2024\/10\/Arduino-Laser-Sensor.jpg 1906w\" sizes=\"(max-width: 1024px) 100vw, 1024px\" \/><figcaption id=\"caption-attachment-2967\" class=\"wp-caption-text\">Arduino Lazer Sens\u00f6r\u00fc<\/figcaption><\/figure>\n<\/div>\n<div><\/div>\n<h3>Neden Bizi Se\u00e7melisiniz?<\/h3>\n<p>G\u00fcvenilir bir OEM \u00fcreticisi olarak, \u00f6zel gereksinimlerinizi kar\u015f\u0131lamak i\u00e7in \u00f6zel \u00e7\u00f6z\u00fcmlerle y\u00fcksek kaliteli end\u00fcstriyel lazer sens\u00f6rleri sa\u011flama konusunda uzman\u0131z. \u00d6zelle\u015ftirme se\u00e7eneklerimiz, sens\u00f6r konfig\u00fcrasyonlar\u0131n\u0131 operasyonel ihtiya\u00e7lar\u0131n\u0131za g\u00f6re uyarlaman\u0131za olanak tan\u0131rken, OEM fiyatland\u0131rmam\u0131z hem b\u00fcy\u00fck \u00f6l\u00e7ekli hem de k\u00fc\u00e7\u00fck i\u015fletmeler i\u00e7in rekabet\u00e7i maliyet \u00e7\u00f6z\u00fcmleri sa\u011flar. Uzman ekibimiz, dan\u0131\u015fmanl\u0131ktan kurulum sonras\u0131na kadar sizinle yak\u0131n bir \u015fekilde \u00e7al\u0131\u015farak end\u00fcstriyel lazer sens\u00f6r sisteminizin benzersiz ihtiya\u00e7lar\u0131n\u0131z i\u00e7in optimize edilmesini sa\u011flayacakt\u0131r.<\/p>","protected":false},"excerpt":{"rendered":"<p>End\u00fcstriyel uygulamalar i\u00e7in y\u00fcksek hassasiyetli, temass\u0131z \u00f6l\u00e7\u00fcm \u00e7\u00f6z\u00fcm\u00fc olan Arduino Lazer Sens\u00f6r\u00fcn\u00fc ke\u015ffedin. H\u0131zl\u0131 tepki s\u00fcreleri, milimetre d\u00fczeyinde do\u011fruluk ve kolay entegrasyon ile bu sens\u00f6r robotik, otomasyon, kalite kontrol ve malzeme i\u015fleme i\u00e7in m\u00fckemmeldir. G\u00fcvenilir, ger\u00e7ek zamanl\u0131 veriler ve \u00f6zelle\u015ftirilebilir se\u00e7eneklerle operasyonlar\u0131n\u0131z\u0131 optimize edin.<\/p>","protected":false},"featured_media":2201,"template":"","meta":{"site-sidebar-layout":"default","site-content-layout":"","ast-site-content-layout":"default","site-content-style":"default","site-sidebar-style":"default","ast-global-header-display":"","ast-banner-title-visibility":"","ast-main-header-display":"","ast-hfb-above-header-display":"","ast-hfb-below-header-display":"","ast-hfb-mobile-header-display":"","site-post-title":"","ast-breadcrumbs-content":"","ast-featured-img":"","footer-sml-layout":"","ast-disable-related-posts":"","theme-transparent-header-meta":"default","adv-header-id-meta":"","stick-header-meta":"","header-above-stick-meta":"","header-main-stick-meta":"","header-below-stick-meta":"","astra-migrate-meta-layouts":"set","ast-page-background-enabled":"default","ast-page-background-meta":{"desktop":{"background-color":"var(--ast-global-color-4)","background-image":"","background-repeat":"repeat","background-position":"center center","background-size":"auto","background-attachment":"scroll","background-type":"","background-media":"","overlay-type":"","overlay-color":"","overlay-opacity":"","overlay-gradient":""},"tablet":{"background-color":"","background-image":"","background-repeat":"repeat","background-position":"center center","background-size":"auto","background-attachment":"scroll","background-type":"","background-media":"","overlay-type":"","overlay-color":"","overlay-opacity":"","overlay-gradient":""},"mobile":{"background-color":"","background-image":"","background-repeat":"repeat","background-position":"center center","background-size":"auto","background-attachment":"scroll","background-type":"","background-media":"","overlay-type":"","overlay-color":"","overlay-opacity":"","overlay-gradient":""}},"ast-content-background-meta":{"desktop":{"background-color":"var(--ast-global-color-5)","background-image":"","background-repeat":"repeat","background-position":"center center","background-size":"auto","background-attachment":"scroll","background-type":"","background-media":"","overlay-type":"","overlay-color":"","overlay-opacity":"","overlay-gradient":""},"tablet":{"background-color":"var(--ast-global-color-5)","background-image":"","background-repeat":"repeat","background-position":"center center","background-size":"auto","background-attachment":"scroll","background-type":"","background-media":"","overlay-type":"","overlay-color":"","overlay-opacity":"","overlay-gradient":""},"mobile":{"background-color":"var(--ast-global-color-5)","background-image":"","background-repeat":"repeat","background-position":"center center","background-size":"auto","background-attachment":"scroll","background-type":"","background-media":"","overlay-type":"","overlay-color":"","overlay-opacity":"","overlay-gradient":""}}},"product_brand":[60],"product_cat":[52],"product_tag":[],"class_list":{"0":"post-113","1":"product","2":"type-product","3":"status-publish","4":"has-post-thumbnail","6":"product_brand-meskernel","7":"product_cat-phase-distance-sensor","8":"desktop-align-center","9":"tablet-align-left","10":"mobile-align-left","12":"first","13":"instock","14":"shipping-taxable","15":"product-type-simple"},"_links":{"self":[{"href":"https:\/\/meskernel.net\/tr\/wp-json\/wp\/v2\/product\/113","targetHints":{"allow":["GET"]}}],"collection":[{"href":"https:\/\/meskernel.net\/tr\/wp-json\/wp\/v2\/product"}],"about":[{"href":"https:\/\/meskernel.net\/tr\/wp-json\/wp\/v2\/types\/product"}],"version-history":[{"count":0,"href":"https:\/\/meskernel.net\/tr\/wp-json\/wp\/v2\/product\/113\/revisions"}],"wp:featuredmedia":[{"embeddable":true,"href":"https:\/\/meskernel.net\/tr\/wp-json\/wp\/v2\/media\/2201"}],"wp:attachment":[{"href":"https:\/\/meskernel.net\/tr\/wp-json\/wp\/v2\/media?parent=113"}],"wp:term":[{"taxonomy":"product_brand","embeddable":true,"href":"https:\/\/meskernel.net\/tr\/wp-json\/wp\/v2\/product_brand?post=113"},{"taxonomy":"product_cat","embeddable":true,"href":"https:\/\/meskernel.net\/tr\/wp-json\/wp\/v2\/product_cat?post=113"},{"taxonomy":"product_tag","embeddable":true,"href":"https:\/\/meskernel.net\/tr\/wp-json\/wp\/v2\/product_tag?post=113"}],"curies":[{"name":"wp","href":"https:\/\/api.w.org\/{rel}","templated":true}]}}