{"id":115,"date":"2024-10-10T10:56:28","date_gmt":"2024-10-10T02:56:28","guid":{"rendered":"http:\/\/170.106.98.143\/?post_type=product&#038;p=115"},"modified":"2026-02-10T11:32:24","modified_gmt":"2026-02-10T03:32:24","slug":"dis-mekan-lazer-mesafe-sensoru","status":"publish","type":"product","link":"https:\/\/meskernel.net\/tr\/product\/outdoor-laser-distance-sensor\/","title":{"rendered":"Y\u00fcksek Performansl\u0131 D\u0131\u015f Mekan Lazer Mesafe Sens\u00f6r\u00fc 100m: 5mm Do\u011fruluk \u00d6l\u00e7\u00fcm\u00fc"},"content":{"rendered":"<div class=\"mceTemp\"><\/div>\n<p>Outdoor Laser Distance Sensor, a 5mm precision laser distance measurement module, is a device utilized for measuring target distances and transmitting data. It employs visible laser technology to emit laser beams and receive reflected laser signals to measure the distance between objects and the sensor. The laser ranging sensor supports communication interfaces such as USB, TTL, RS232, RS485, Bluetooth, enabling data transmission and communication with other devices.<\/p>\n<h3>Temel \u00d6zellikler:<img fetchpriority=\"high\" decoding=\"async\" class=\"wp-image-2966 size-full alignright\" title=\"D\u0131\u015f Mekan Lazer Mesafe Sens\u00f6r\u00fc\" src=\"https:\/\/meskernel.net\/wp-content\/uploads\/2024\/10\/Outdoor-Laser-Distance-Sensor.jpg\" alt=\"D\u0131\u015f Mekan Lazer Mesafe Sens\u00f6r\u00fc\" width=\"445\" height=\"410\" srcset=\"https:\/\/meskernel.net\/wp-content\/uploads\/2024\/10\/Outdoor-Laser-Distance-Sensor.jpg 445w, https:\/\/meskernel.net\/wp-content\/uploads\/2024\/10\/Outdoor-Laser-Distance-Sensor-300x276.jpg 300w, https:\/\/meskernel.net\/wp-content\/uploads\/2024\/10\/Outdoor-Laser-Distance-Sensor-400x369.jpg 400w\" sizes=\"(max-width: 445px) 100vw, 445px\" \/><\/h3>\n<ul>\n<li><strong><strong>Daha \u0130yi G\u00f6r\u00fcn\u00fcrl\u00fck<\/strong><\/strong><\/li>\n<\/ul>\n<p style=\"padding-left: 40px;\"><span style=\"font-size: 16px;\">510-550nm insan g\u00f6z\u00fc i\u00e7in daha g\u00f6r\u00fcn\u00fcrd\u00fcr.<\/span><span style=\"font-size: 16px;\">Ortam \u0131\u015f\u0131\u011f\u0131ndan daha az etkilenir.<\/span><\/p>\n<ul>\n<li><strong>Daha Y\u00fcksek Penetrasyon<\/strong><\/li>\n<\/ul>\n<p style=\"padding-left: 40px;\">Suya n\u00fcfuz edebilir ve su alt\u0131 sahnelerinde kullan\u0131labilir<br \/>\n-Zorlu ortamlarda y\u00fcksek g\u00fcvenilirlik.<\/p>\n<ul>\n<li><strong>Daha Uzun Menzil ve Kararl\u0131l\u0131k<\/strong><\/li>\n<\/ul>\n<p style=\"padding-left: 40px;\">\u00c7e\u015fitli y\u00fczeylerle farkl\u0131 \u015fekilde etkile\u015fime girer. Daha do\u011fru okumalar sa\u011flar<br \/>\nBelirli malzemelerin y\u00fczeylerinde, bu da onu d\u0131\u015f mekan kullan\u0131m\u0131 i\u00e7in iyi hale getirir.<\/p>\n<ul>\n<li><strong>\u00d6l\u00e7\u00fcm Aral\u0131\u011f\u0131<\/strong>: 0.05m to 100m<\/li>\n<li><strong>Yan\u0131t S\u00fcresi<\/strong>: H\u0131zl\u0131, ger\u00e7ek zamanl\u0131 veri toplama<\/li>\n<li><strong>Temass\u0131z \u00d6l\u00e7\u00fcm<\/strong>: Hassas veya tehlikeli malzemeler i\u00e7in ideal<\/li>\n<li><strong>Aray\u00fczler<\/strong>: RS232, RS485, Modbus, Ethernet, Bluetooth<\/li>\n<li><strong>\u00d6zelle\u015ftirme<\/strong>: \u00d6zel ihtiya\u00e7lar i\u00e7in uyarlanm\u0131\u015f \u00e7\u00f6z\u00fcmler<\/li>\n<li><strong>Dayan\u0131kl\u0131l\u0131k<\/strong>: Zorlu ko\u015fullarda istikrarl\u0131 performans<\/li>\n<\/ul>\n<p>&nbsp;<\/p>\n<p>&nbsp;<\/p>\n<h3 class=\"magic-4\"><span class=\"magic-5\" data-spm-anchor-id=\"a2700.details.0.i67.469255a4z4kxlM\">\u0130leti\u015fim Portu:<\/span><\/h3>\n<div class=\"magic-16\">\n<div class=\"magic-17\">\n<div class=\"magic-18\" data-spm-anchor-id=\"a2700.details.0.i68.469255a4z4kxlM\"><span class=\"magic-6\"><span data-spm-anchor-id=\"a2700.details.0.i74.469255a4z4kxlM\">D\u0131\u015f Mekan Lazer Mesafe Sens\u00f6r\u00fc USB, TTL, RS232, RS485, Bluetooth ve di\u011fer ileti\u015fim aray\u00fczlerini destekler, Arduino, Raspberry PI ve di\u011fer harici cihazlar\u0131 destekler.<\/span><\/span><\/div>\n<div data-spm-anchor-id=\"a2700.details.0.i68.469255a4z4kxlM\">\n<figure id=\"attachment_2841\" aria-describedby=\"caption-attachment-2841\" style=\"width: 712px\" class=\"wp-caption aligncenter\"><img decoding=\"async\" class=\"wp-image-2841 size-full\" title=\"D\u0131\u015f Mekan Lazer Mesafe Sens\u00f6r\u00fc\" src=\"https:\/\/meskernel.net\/wp-content\/uploads\/2024\/11\/usb-laser-distance-sensor.jpg\" alt=\"D\u0131\u015f Mekan Lazer Mesafe Sens\u00f6r\u00fc\" width=\"712\" height=\"694\" srcset=\"https:\/\/meskernel.net\/wp-content\/uploads\/2024\/11\/usb-laser-distance-sensor.jpg 712w, https:\/\/meskernel.net\/wp-content\/uploads\/2024\/11\/usb-laser-distance-sensor-300x292.jpg 300w, https:\/\/meskernel.net\/wp-content\/uploads\/2024\/11\/usb-laser-distance-sensor-400x390.jpg 400w\" sizes=\"(max-width: 712px) 100vw, 712px\" \/><figcaption id=\"caption-attachment-2841\" class=\"wp-caption-text\">D\u0131\u015f Mekan Lazer Mesafe Sens\u00f6r\u00fc<\/figcaption><\/figure>\n<\/div>\n<\/div>\n<\/div>\n<h3><strong>Hassas \u00d6l\u00e7\u00fcmler i\u00e7in D\u0131\u015f Mekan Lazer Mesafe Sens\u00f6r\u00fc<\/strong><\/h3>\n<p>Milimetre Seviyesinde Y\u00fcksek Hassasiyetli Lazer Sens\u00f6r\u00fc, \u00e7ok \u00e7e\u015fitli sekt\u00f6rlerde g\u00fcvenilir, h\u0131zl\u0131 ve hassas \u00f6l\u00e7\u00fcmler sunmak i\u00e7in tasarlanm\u0131\u015f son teknoloji \u00fcr\u00fcn\u00fc bir ara\u00e7t\u0131r. \u0130ster jeodezi, in\u015faat, otomasyon veya robotik alanlar\u0131nda \u00e7al\u0131\u015f\u0131yor olun, bu lazer \u00f6l\u00e7\u00fcm sens\u00f6r\u00fc y\u00fcksek hassasiyetli verileri garanti eder. \u00d6l\u00e7\u00fcm aral\u0131\u011f\u0131 0,03 metreden 200 metreye kadar uzanan bu sens\u00f6r, her ayr\u0131nt\u0131da do\u011fruluk gerektiren hem k\u00fc\u00e7\u00fck \u00f6l\u00e7ekli hem de uzun menzilli uygulamalar i\u00e7in uygundur. Esnek tasar\u0131m\u0131 ve geli\u015fmi\u015f teknolojisi sayesinde bu sens\u00f6r hem i\u00e7 hem de d\u0131\u015f ortamlara m\u00fckemmel uyum sa\u011flayarak ola\u011fan\u00fcst\u00fc \u00e7ok y\u00f6nl\u00fcl\u00fck sunar.<\/p>\n<h3>\u00c7ok Y\u00f6nl\u00fc Uygulamalar i\u00e7in Geni\u015f \u00d6l\u00e7\u00fcm Aral\u0131\u011f\u0131<\/h3>\n<p>One of the primary strengths of the Laser Distance Sensor is its broad measurement range, offering options that can accommodate different project requirements. Whether you&#8217;re measuring short distances for industrial applications or tackling longer distances for tasks such as surveying or construction, this sensor provides a solution that fits your specific needs. With measurement ranges from 0.05 meters to 200 meters, it ensures that precision is maintained for both small-scale and large-scale projects, making it an ideal choice for industries that require both flexibility and accuracy.<\/p>\n<h3>Ger\u00e7ek Zamanl\u0131 \u0130zleme i\u00e7in H\u0131zl\u0131 Veri Toplama<\/h3>\n<p>H\u0131zl\u0131 tempolu end\u00fcstrilerde ger\u00e7ek zamanl\u0131 geri bildirim \u00e7ok \u00f6nemlidir ve D\u0131\u015f Mekan Lazer Mesafe Sens\u00f6r\u00fc bu alanda m\u00fckemmeldir. H\u0131zl\u0131 veri toplama \u00f6zelli\u011fi sayesinde sens\u00f6r, \u00f6l\u00e7\u00fcmleri milisaniyeler i\u00e7inde tamamlayarak an\u0131nda sonu\u00e7 verir. Bu da onu \u00f6zellikle h\u0131z\u0131n kritik \u00f6nem ta\u015f\u0131d\u0131\u011f\u0131 robotik, otomatik sistemler ve drone teknolojisi gibi uygulamalar i\u00e7in kullan\u0131\u015fl\u0131 hale getirir. Bu sens\u00f6r\u00fcn h\u0131zl\u0131 tepki s\u00fcresi, i\u015f ak\u0131\u015flar\u0131n\u0131 optimize etmeye ve karar verme s\u00fcrecini geli\u015ftirmeye yard\u0131mc\u0131 olarak an\u0131nda ayarlamalar yapman\u0131z\u0131 ve y\u00fcksek performansl\u0131 ortamlarda \u00fcretkenli\u011fi art\u0131rman\u0131z\u0131 sa\u011flar.<\/p>\n<h3>Hassasiyet Odakl\u0131 Projeler i\u00e7in \u00dcst\u00fcn Do\u011fruluk<\/h3>\n<p>Do\u011fruluk \u00e7ok \u00f6nemli oldu\u011funda, Milimetre Seviyesinde D\u0131\u015f Mekan Lazer Mesafe Sens\u00f6r\u00fc en iyi \u00e7\u00f6z\u00fcm olarak \u00f6ne \u00e7\u0131kar. Sens\u00f6r, jeodezik \u00f6l\u00e7me, bilimsel ara\u015ft\u0131rma ve in\u015faat m\u00fchendisli\u011fi i\u00e7in \u00e7ok \u00f6nemli olan milimetre d\u00fczeyinde hassasiyet sunar. \u0130ster malzemelerin kal\u0131nl\u0131\u011f\u0131n\u0131 \u00f6l\u00e7\u00fcyor, ister makinelerdeki yer de\u011fi\u015ftirmeyi izliyor veya \u00e7evresel verileri topluyor olun, sens\u00f6r \u00f6l\u00e7\u00fcmlerdeki en k\u00fc\u00e7\u00fck tutars\u0131zl\u0131klar\u0131n bile i\u015finizin sonucunu etkilememesini sa\u011flar. Y\u00fcksek hassasiyeti, projelerinizin yolunda gitmesini ve verilerinizin g\u00fcvenilir ve do\u011fru olmas\u0131n\u0131 sa\u011flar.<\/p>\n<h3>Zorlu Ko\u015fullarda G\u00fcvenilir Performans<\/h3>\n<p>Zorlu ortamlara dayanacak \u015fekilde tasarlanan bu D\u0131\u015f Mekan Lazer Mesafe Sens\u00f6r\u00fc, kararl\u0131l\u0131k ve g\u00fcvenilirlik i\u00e7in \u00fcretilmi\u015ftir. Toza, titre\u015fime ve s\u0131cakl\u0131k dalgalanmalar\u0131na maruz kald\u0131\u011f\u0131nda bile tutarl\u0131, y\u00fcksek kaliteli \u00f6l\u00e7\u00fcmler sa\u011flar. Bu sens\u00f6r\u00fcn d\u00fc\u015f\u00fck tekrarlanabilirlik hatas\u0131, \u00f6l\u00e7\u00fcmlerin birden fazla okumada tutarl\u0131 kalmas\u0131 anlam\u0131na gelir. \u0130ster bir fabrikada, ister bir \u015fantiyede veya bir ara\u015ft\u0131rma laboratuvar\u0131nda kullan\u0131ls\u0131n, sens\u00f6r d\u0131\u015f ko\u015fullardan ba\u011f\u0131ms\u0131z olarak her g\u00fcn do\u011fru sonu\u00e7lar sa\u011flar. Bu da onu zorlu end\u00fcstriyel ortamlarda s\u00fcrekli operasyonlar i\u00e7in tercih edilen bir \u00e7\u00f6z\u00fcm haline getirir.<\/p>\n<h3>Daha Fazla Esneklik i\u00e7in Temass\u0131z \u00d6l\u00e7\u00fcm<\/h3>\n<p>Bu lazer sens\u00f6r\u00fcn bir di\u011fer \u00f6nemli avantaj\u0131, geleneksel temas tabanl\u0131 sistemlere g\u00f6re \u00e7e\u015fitli avantajlar sunan temass\u0131z \u00f6l\u00e7\u00fcm \u00f6zelli\u011fidir. Lazer teknolojisini kullanan bu sens\u00f6r, hareketli hedefler, y\u00fcksek s\u0131cakl\u0131ktaki y\u00fczeyler veya k\u0131r\u0131lgan bile\u015fenler gibi ula\u015f\u0131lmas\u0131 zor veya hassas nesneleri herhangi bir hasara neden olmadan do\u011fru bir \u015fekilde \u00f6l\u00e7ebilir. Bu temass\u0131z \u00f6zellik, sens\u00f6r\u00fc malzeme testi, otomotiv \u00fcretimi veya y\u00fczey profili olu\u015fturma gibi do\u011frudan temas\u0131n zor oldu\u011fu veya istenmedi\u011fi uygulamalar i\u00e7in ideal hale getirir. Tehlikeli maddeleri veya d\u00fczensiz \u015fekilli nesneleri fiziksel temas olmadan \u00f6l\u00e7ebilme \u00f6zelli\u011fi, bu sens\u00f6r\u00fcn \u00e7ok y\u00f6nl\u00fcl\u00fc\u011f\u00fcn\u00fc ve g\u00fcvenli\u011fini daha da art\u0131r\u0131r.<strong> lazer yer de\u011fi\u0307\u015fti\u0307rme sens\u00f6r\u00fc<\/strong>.<\/p>\n<h3>\u00c7oklu \u0130leti\u015fim Aray\u00fczleri ile Sorunsuz Entegrasyon<\/h3>\n<p>D\u0131\u015f Mekan Lazer Mesafe Sens\u00f6r\u00fc, mevcut sistemlere kolay entegrasyon i\u00e7in tasarlanm\u0131\u015ft\u0131r. RS232, RS485, Modbus, Ethernet ve Bluetooth dahil olmak \u00fczere \u00e7e\u015fitli ileti\u015fim aray\u00fczlerini destekler. Bu geni\u015f uyumluluk, sens\u00f6r\u00fcn farkl\u0131 otomasyon platformlar\u0131na, veri kaydedicilere ve kontrol sistemlerine kolayca entegre edilebilmesini sa\u011flar. Hangi sistemi kullan\u0131yor olursan\u0131z olun, ileti\u015fim se\u00e7eneklerinin \u00e7e\u015fitlili\u011fi kurulum s\u00fcresini azalt\u0131r ve kurulumu basitle\u015ftirerek sisteminizi gereksiz gecikmeler olmadan \u00e7al\u0131\u015f\u0131r hale getirmenizi sa\u011flar.<\/p>\n<h3>\u0130htiya\u00e7lar\u0131n\u0131za G\u00f6re Uyarlanm\u0131\u015f \u00d6zel \u00c7\u00f6z\u00fcmler<\/h3>\n<p>Her uygulama benzersizdir ve bu nedenle \u00f6zel \u00f6l\u00e7\u00fcm ihtiya\u00e7lar\u0131n\u0131z i\u00e7in \u00f6zel \u00e7\u00f6z\u00fcmler sunuyoruz. \u00d6l\u00e7\u00fcm aral\u0131\u011f\u0131, frekans, \u00e7\u00f6z\u00fcn\u00fcrl\u00fck veya ileti\u015fim protokollerinde ayarlamalar yapman\u0131z gerekip gerekmedi\u011fine bak\u0131lmaks\u0131z\u0131n, kesin gereksinimlerinizi kar\u015f\u0131layan \u00f6zel konfig\u00fcrasyonlar sa\u011flamaya haz\u0131r\u0131z. Uzman ekibimiz, lazer sens\u00f6r\u00fcn\u00fcn sisteminize m\u00fckemmel \u015fekilde uymas\u0131n\u0131 sa\u011flamak, performans\u0131 optimize etmek ve genel \u00fcretkenli\u011fi art\u0131rmak i\u00e7in sizinle birlikte \u00e7al\u0131\u015f\u0131r.<\/p>\n<h3>Neden D\u0131\u015f Mekan Lazer Mesafe Sens\u00f6r\u00fcn\u00fc Se\u00e7melisiniz?<\/h3>\n<p>Milimetre Seviyesinde D\u0131\u015f Mekan Lazer Mesafe Sens\u00f6r\u00fc h\u0131z, hassasiyet ve \u00e7ok y\u00f6nl\u00fcl\u00fc\u011f\u00fc bir araya getirerek g\u00fcvenilir ve do\u011fru veriler gerektiren end\u00fcstriyel uygulamalar i\u00e7in en iyi se\u00e7imdir. Geni\u015f \u00f6l\u00e7\u00fcm aral\u0131\u011f\u0131, h\u0131zl\u0131 tepki s\u00fcresi ve d\u00fc\u015f\u00fck tekrarlanabilirlik hatas\u0131, onu ger\u00e7ek zamanl\u0131 \u00f6l\u00e7\u00fcm g\u00f6revleri i\u00e7in ideal bir \u00e7\u00f6z\u00fcm haline getirir. Ayr\u0131ca, temass\u0131z \u00f6l\u00e7\u00fcm \u00f6zelli\u011fi ve \u00e7oklu ileti\u015fim aray\u00fczleriyle entegrasyonu, hem esnek hem de uygulamas\u0131 kolay bir \u00e7\u00f6z\u00fcm sa\u011flar. \u0130ster in\u015faat, \u00f6l\u00e7\u00fcm, robotik veya otomasyon alan\u0131nda \u00e7al\u0131\u015f\u0131yor olun, bu sens\u00f6r en zorlu ko\u015fullarda bile g\u00fcvenilir veri toplama ve tutarl\u0131 performans\u0131 garanti eder.<\/p>\n<p>Projelerinizin benzersiz taleplerini kar\u015f\u0131lamak i\u00e7in \u00f6zelle\u015ftirilebilir se\u00e7eneklere sahip lazer mesafe sens\u00f6r\u00fc, \u00f6l\u00e7\u00fcmlerinizin do\u011fru, s\u00fcre\u00e7lerinizin verimli ve sonu\u00e7lar\u0131n\u0131z\u0131n ba\u015far\u0131l\u0131 olmas\u0131n\u0131 sa\u011flar.<\/p>","protected":false},"excerpt":{"rendered":"<p>Milimetre Seviyesinde D\u0131\u015f Mekan Lazer Mesafe Sens\u00f6r\u00fc, geni\u015f bir aral\u0131kta h\u0131zl\u0131 ve do\u011fru \u00f6l\u00e7\u00fcmler yaparak in\u015faat, \u00f6l\u00e7me, robotik ve otomasyon uygulamalar\u0131 i\u00e7in idealdir. Bu sens\u00f6r, 200 metreye kadar \u00f6l\u00e7\u00fcm aral\u0131\u011f\u0131 ve milimetre d\u00fczeyinde hassasiyetiyle hem i\u00e7 hem de d\u0131\u015f mekanlarda g\u00fcvenilir veriler sa\u011flar. Bu sens\u00f6r, mevcut sistemlere kolay entegrasyon i\u00e7in RS232, RS485 ve Bluetooth dahil olmak \u00fczere \u00e7oklu ileti\u015fim aray\u00fczlerini destekler. Temass\u0131z \u00f6l\u00e7\u00fcm \u00f6zelli\u011fi ve \u00f6zelle\u015ftirilebilir se\u00e7enekleri, onu \u00e7ok \u00e7e\u015fitli projeler i\u00e7in \u00e7ok y\u00f6nl\u00fc hale getirir.<\/p>","protected":false},"featured_media":2201,"template":"","meta":{"site-sidebar-layout":"default","site-content-layout":"","ast-site-content-layout":"default","site-content-style":"default","site-sidebar-style":"default","ast-global-header-display":"","ast-banner-title-visibility":"","ast-main-header-display":"","ast-hfb-above-header-display":"","ast-hfb-below-header-display":"","ast-hfb-mobile-header-display":"","site-post-title":"","ast-breadcrumbs-content":"","ast-featured-img":"","footer-sml-layout":"","ast-disable-related-posts":"","theme-transparent-header-meta":"default","adv-header-id-meta":"","stick-header-meta":"","header-above-stick-meta":"","header-main-stick-meta":"","header-below-stick-meta":"","astra-migrate-meta-layouts":"set","ast-page-background-enabled":"default","ast-page-background-meta":{"desktop":{"background-color":"var(--ast-global-color-4)","background-image":"","background-repeat":"repeat","background-position":"center center","background-size":"auto","background-attachment":"scroll","background-type":"","background-media":"","overlay-type":"","overlay-color":"","overlay-opacity":"","overlay-gradient":""},"tablet":{"background-color":"","background-image":"","background-repeat":"repeat","background-position":"center center","background-size":"auto","background-attachment":"scroll","background-type":"","background-media":"","overlay-type":"","overlay-color":"","overlay-opacity":"","overlay-gradient":""},"mobile":{"background-color":"","background-image":"","background-repeat":"repeat","background-position":"center center","background-size":"auto","background-attachment":"scroll","background-type":"","background-media":"","overlay-type":"","overlay-color":"","overlay-opacity":"","overlay-gradient":""}},"ast-content-background-meta":{"desktop":{"background-color":"var(--ast-global-color-5)","background-image":"","background-repeat":"repeat","background-position":"center center","background-size":"auto","background-attachment":"scroll","background-type":"","background-media":"","overlay-type":"","overlay-color":"","overlay-opacity":"","overlay-gradient":""},"tablet":{"background-color":"var(--ast-global-color-5)","background-image":"","background-repeat":"repeat","background-position":"center center","background-size":"auto","background-attachment":"scroll","background-type":"","background-media":"","overlay-type":"","overlay-color":"","overlay-opacity":"","overlay-gradient":""},"mobile":{"background-color":"var(--ast-global-color-5)","background-image":"","background-repeat":"repeat","background-position":"center center","background-size":"auto","background-attachment":"scroll","background-type":"","background-media":"","overlay-type":"","overlay-color":"","overlay-opacity":"","overlay-gradient":""}}},"product_brand":[60],"product_cat":[51],"product_tag":[],"class_list":{"0":"post-115","1":"product","2":"type-product","3":"status-publish","4":"has-post-thumbnail","6":"product_brand-meskernel","7":"product_cat-laser-distance-sensor","8":"desktop-align-center","9":"tablet-align-left","10":"mobile-align-left","12":"first","13":"instock","14":"shipping-taxable","15":"product-type-simple"},"_links":{"self":[{"href":"https:\/\/meskernel.net\/tr\/wp-json\/wp\/v2\/product\/115","targetHints":{"allow":["GET"]}}],"collection":[{"href":"https:\/\/meskernel.net\/tr\/wp-json\/wp\/v2\/product"}],"about":[{"href":"https:\/\/meskernel.net\/tr\/wp-json\/wp\/v2\/types\/product"}],"version-history":[{"count":0,"href":"https:\/\/meskernel.net\/tr\/wp-json\/wp\/v2\/product\/115\/revisions"}],"wp:featuredmedia":[{"embeddable":true,"href":"https:\/\/meskernel.net\/tr\/wp-json\/wp\/v2\/media\/2201"}],"wp:attachment":[{"href":"https:\/\/meskernel.net\/tr\/wp-json\/wp\/v2\/media?parent=115"}],"wp:term":[{"taxonomy":"product_brand","embeddable":true,"href":"https:\/\/meskernel.net\/tr\/wp-json\/wp\/v2\/product_brand?post=115"},{"taxonomy":"product_cat","embeddable":true,"href":"https:\/\/meskernel.net\/tr\/wp-json\/wp\/v2\/product_cat?post=115"},{"taxonomy":"product_tag","embeddable":true,"href":"https:\/\/meskernel.net\/tr\/wp-json\/wp\/v2\/product_tag?post=115"}],"curies":[{"name":"wp","href":"https:\/\/api.w.org\/{rel}","templated":true}]}}