{"id":120,"date":"2024-10-10T11:10:33","date_gmt":"2024-10-10T03:10:33","guid":{"rendered":"http:\/\/170.106.98.143\/?post_type=product&#038;p=120"},"modified":"2026-01-20T09:52:39","modified_gmt":"2026-01-20T01:52:39","slug":"mesafe-sensorleri","status":"publish","type":"product","link":"https:\/\/meskernel.net\/tr\/product\/distance-sensors\/","title":{"rendered":"TC25 Mesafe Sens\u00f6rleri 1500m"},"content":{"rendered":"<p>Kompakt Mesafe Sens\u00f6rleri Mod\u00fcl\u00fc, \u00e7e\u015fitli uygulamalarda do\u011fru ve g\u00fcvenilir mesafe \u00f6l\u00e7\u00fcmleri sunmak \u00fczere tasarlanm\u0131\u015f y\u00fcksek performansl\u0131 bir sens\u00f6rd\u00fcr. Bu \u00e7ok y\u00f6nl\u00fc mod\u00fcl, 700 metre ve 3000 metre \u00f6l\u00e7\u00fcm se\u00e7enekleriyle hem orta hem de uzun menzilli \u00f6l\u00e7\u00fcmlerde m\u00fckemmeldir. \u0130ster b\u00fcy\u00fck \u00f6l\u00e7ekli ortamlarda \u00e7al\u0131\u015f\u0131yor ister uzaktan izleme yeteneklerine ihtiya\u00e7 duyuyor olun, bu sens\u00f6r \u00e7e\u015fitli g\u00f6revlerde ola\u011fan\u00fcst\u00fc esneklik ve performans sa\u011flar.<\/p>\n<figure id=\"attachment_3004\" aria-describedby=\"caption-attachment-3004\" style=\"width: 818px\" class=\"wp-caption aligncenter\"><img fetchpriority=\"high\" decoding=\"async\" class=\"wp-image-3004 size-full\" title=\"mesafe sens\u00f6r\u00fc\" src=\"https:\/\/meskernel.net\/wp-content\/uploads\/2024\/10\/distance-sensor-with-alarm-and-mobile-notifications.jpg\" alt=\"mesafe sens\u00f6r\u00fc\" width=\"818\" height=\"309\" srcset=\"https:\/\/meskernel.net\/wp-content\/uploads\/2024\/10\/distance-sensor-with-alarm-and-mobile-notifications.jpg 818w, https:\/\/meskernel.net\/wp-content\/uploads\/2024\/10\/distance-sensor-with-alarm-and-mobile-notifications-300x113.jpg 300w, https:\/\/meskernel.net\/wp-content\/uploads\/2024\/10\/distance-sensor-with-alarm-and-mobile-notifications-768x290.jpg 768w, https:\/\/meskernel.net\/wp-content\/uploads\/2024\/10\/distance-sensor-with-alarm-and-mobile-notifications-400x151.jpg 400w\" sizes=\"(max-width: 818px) 100vw, 818px\" \/><figcaption id=\"caption-attachment-3004\" class=\"wp-caption-text\">mesafe sens\u00f6r\u00fc<\/figcaption><\/figure>\n<h3>Mesafe Sens\u00f6rleri Temel \u00d6zellikler<\/h3>\n<ul>\n<li><strong>\u00c7ok Y\u00f6nl\u00fc Kullan\u0131m i\u00e7in Geni\u015f \u00d6l\u00e7\u00fcm Se\u00e7enekleri<\/strong><\/li>\n<\/ul>\n<p style=\"padding-left: 40px;\">Mesafe Sens\u00f6rleri Mod\u00fcl\u00fc, 700 metre ve 1000 metre dahil olmak \u00fczere birden fazla mesafe se\u00e7ene\u011fini destekleyerek geni\u015f bir uygulama yelpazesine hitap etmesini sa\u011flar. Bu esneklik, ister arazi ara\u015ft\u0131rmalar\u0131 yap\u0131yor, ister in\u015faat projelerini y\u00f6netiyor veya uzaktan izleme ortamlar\u0131nda \u00e7al\u0131\u015f\u0131yor olun, hem orta menzilli hem de ultra uzun menzilli \u00f6l\u00e7\u00fcmler i\u00e7in idealdir. Uyarlanabilirli\u011fi, geni\u015f alanlarda veya ula\u015f\u0131lmas\u0131 zor yerlerde hassas \u00f6l\u00e7\u00fcmler sa\u011flayarak \u00e7e\u015fitli zorlu g\u00f6revlerin \u00fcstesinden gelebilmesini sa\u011flar.<\/p>\n<ul>\n<li><strong>Sorunsuz Entegrasyon i\u00e7in Silindirik \u015eekil<\/strong><\/li>\n<\/ul>\n<p style=\"padding-left: 40px;\">Silindirik bir \u015fekle sahip olan bu mod\u00fcl\u00fcn kompakt sistemlere entegrasyonu \u00f6zellikle kolayd\u0131r; bu da onu drone'lar, d\u0131\u015f mekanlarda kullan\u0131lan ni\u015fangahlar ve robotik uygulamalar gibi \u00fcr\u00fcnler i\u00e7in ideal hale getirir. Kompakt \u015fekli, \u00f6zellikle boyutun kritik bir fakt\u00f6r oldu\u011fu g\u00f6m\u00fcl\u00fc sistemlerde faydal\u0131 olan basit, yerden tasarruf sa\u011flayan kuruluma olanak tan\u0131r. \u015eekli ayn\u0131 zamanda estetik \u00e7ekicili\u011fini ve i\u015flevsel verimlili\u011fini art\u0131rarak performanstan \u00f6d\u00fcn vermeden sorunsuz entegrasyon sa\u011flar.<\/p>\n<ul>\n<li><strong>G\u00fcvenilir ve Do\u011fru \u00d6l\u00e7\u00fcmler i\u00e7in Y\u00fcksek Hassasiyet<\/strong><\/li>\n<\/ul>\n<p style=\"padding-left: 40px;\">Do\u011fruluk, herhangi bir \u00f6l\u00e7\u00fcm arac\u0131n\u0131n kritik bir y\u00f6n\u00fcd\u00fcr ve Pulse Lazer Mesafe Mod\u00fcl\u00fc hayal k\u0131r\u0131kl\u0131\u011f\u0131na u\u011fratmaz. \u0130le <strong>\u00b1<\/strong>1 metre hassasiyete sahip bu sens\u00f6r, daha uzun mesafelerde bile g\u00fcvenilir ve hassas veriler sa\u011flar. \u0130ster in\u015faat, ister jeo-uzamsal haritalama veya robotik alan\u0131nda \u00e7al\u0131\u015f\u0131yor olun, bu mod\u00fcl ihtiyac\u0131n\u0131z olan kesin \u00f6l\u00e7\u00fcmleri sa\u011flayarak minimum hata ve maksimum g\u00fcvenilirlik sa\u011flar. Y\u00fcksek hassasiyeti sayesinde \u00f6zellikle arazi \u00f6l\u00e7\u00fcm\u00fc, \u00e7evresel izleme ve bilimsel ara\u015ft\u0131rma gibi kesin okuma gerektiren uygulamalar i\u00e7in \u00e7ok uygundur.<\/p>\n<h3>\u00c7oklu Aray\u00fczlerle Kolay Entegrasyon<\/h3>\n<p>TTL, RS485 ve RS232 aray\u00fczleriyle donat\u0131lan Mesafe Sens\u00f6rleri Mod\u00fcl\u00fc, \u00e7ok \u00e7e\u015fitli sistemlere kolayca entegre edilebilir. Bu, mikrodenetleyiciler, end\u00fcstriyel kontrol\u00f6rler ve \u00f6zel yap\u0131m \u00e7\u00f6z\u00fcmlerle uyumluluk sa\u011flar ve hem DIY projeleri hem de profesyonel uygulamalar i\u00e7in m\u00fckemmel bir se\u00e7imdir. Entegrasyon sorunsuzdur ve kurulum zahmetsizdir, verimli veri iletimi ve sorunsuz sistem ileti\u015fimi sa\u011flar.<\/p>\n<p><img data-dominant-color=\"d0d0ce\" data-has-transparency=\"false\" style=\"--dominant-color: #d0d0ce;\" decoding=\"async\" class=\"alignleft wp-image-6404 size-full not-transparent\" src=\"https:\/\/meskernel.net\/wp-content\/uploads\/2024\/10\/TC-series-pulse-laser-ranging-module.webp\" alt=\"TC series pulse laser ranging module\" width=\"799\" height=\"777\" srcset=\"https:\/\/meskernel.net\/wp-content\/uploads\/2024\/10\/TC-series-pulse-laser-ranging-module.webp 799w, https:\/\/meskernel.net\/wp-content\/uploads\/2024\/10\/TC-series-pulse-laser-ranging-module-300x292.webp 300w, https:\/\/meskernel.net\/wp-content\/uploads\/2024\/10\/TC-series-pulse-laser-ranging-module-768x747.webp 768w, https:\/\/meskernel.net\/wp-content\/uploads\/2024\/10\/TC-series-pulse-laser-ranging-module-12x12.webp 12w, https:\/\/meskernel.net\/wp-content\/uploads\/2024\/10\/TC-series-pulse-laser-ranging-module-400x389.webp 400w\" sizes=\"(max-width: 799px) 100vw, 799px\" \/><\/p>\n<h3><\/h3>\n<h3>Benzersiz \u0130htiya\u00e7lar\u0131n\u0131z\u0131 Kar\u015f\u0131layacak \u00d6zelle\u015ftirme Hizmetleri<\/h3>\n<p>Mesafe Sens\u00f6rleri Mod\u00fcl\u00fc, ola\u011fan\u00fcst\u00fc performans\u0131n\u0131n yan\u0131 s\u0131ra \u00f6zel gereksinimleri kar\u015f\u0131lamak i\u00e7in \u00f6zelle\u015ftirme se\u00e7enekleri de sunar. \u0130ster farkl\u0131 bir \u00f6l\u00e7\u00fcm aral\u0131\u011f\u0131na, ister \u00f6zelle\u015ftirilmi\u015f bir aray\u00fcze ya da \u00f6zel uygulamalar i\u00e7in boyut veya \u015fekil ayarlamalar\u0131na ihtiyac\u0131n\u0131z olsun, ihtiya\u00e7lar\u0131n\u0131za g\u00f6re uyarlanm\u0131\u015f bir \u00e7\u00f6z\u00fcm sunmak i\u00e7in sizinle birlikte \u00e7al\u0131\u015fabiliriz. Esnek tasar\u0131m ve \u00fcretim kabiliyetlerimiz, mod\u00fcl\u00fc proje spesifikasyonlar\u0131n\u0131za uyacak \u015fekilde de\u011fi\u015ftirmemize olanak tan\u0131yarak uygulaman\u0131z i\u00e7in gereken tam performans\u0131 ve i\u015flevselli\u011fi elde etmenizi sa\u011flar.<\/p>\n<p>For engineers selecting the right laser distance sensor or laser rangefinder module, see our <a href=\"https:\/\/meskernel.net\/tr\/laser-distance-sensor-selection\/\">Lazer Mesafe Sens\u00f6r\u00fc Se\u00e7im K\u0131lavuzu<\/a> Faz ve darbe teknolojilerinin ayr\u0131nt\u0131l\u0131 bir kar\u015f\u0131la\u015ft\u0131rmas\u0131 i\u00e7in.<\/p>\n<figure id=\"attachment_2995\" aria-describedby=\"caption-attachment-2995\" style=\"width: 1069px\" class=\"wp-caption aligncenter\"><img decoding=\"async\" class=\"wp-image-2995 size-full\" title=\"neden mesafe sens\u00f6r\u00fc kullaniyoruz\" src=\"https:\/\/meskernel.net\/wp-content\/uploads\/2024\/11\/why-us-distance-sensor.jpg\" alt=\"neden mesafe sens\u00f6r\u00fc kullaniyoruz\" width=\"1069\" height=\"228\" srcset=\"https:\/\/meskernel.net\/wp-content\/uploads\/2024\/11\/why-us-distance-sensor.jpg 1069w, https:\/\/meskernel.net\/wp-content\/uploads\/2024\/11\/why-us-distance-sensor-300x64.jpg 300w, https:\/\/meskernel.net\/wp-content\/uploads\/2024\/11\/why-us-distance-sensor-1024x218.jpg 1024w, https:\/\/meskernel.net\/wp-content\/uploads\/2024\/11\/why-us-distance-sensor-768x164.jpg 768w, https:\/\/meskernel.net\/wp-content\/uploads\/2024\/11\/why-us-distance-sensor-400x85.jpg 400w\" sizes=\"(max-width: 1069px) 100vw, 1069px\" \/><figcaption id=\"caption-attachment-2995\" class=\"wp-caption-text\">neden mesafe sens\u00f6r\u00fc kullaniyoruz<\/figcaption><\/figure>\n<h3>Neden Mesafe Sens\u00f6rleri Mod\u00fcl\u00fcn\u00fc Se\u00e7melisiniz?<\/h3>\n<p>Kompakt, son derece hassas ve uzun menzilli bir \u00f6l\u00e7\u00fcm \u00e7\u00f6z\u00fcm\u00fc ar\u0131yorsan\u0131z Mesafe Sens\u00f6rleri Mod\u00fcl\u00fc ideal se\u00e7imdir. \u00c7ok y\u00f6nl\u00fc tasar\u0131m\u0131 sayesinde insans\u0131z hava ara\u00e7lar\u0131, robotik, in\u015faat ve \u00f6l\u00e7me dahil olmak \u00fczere \u00e7ok \u00e7e\u015fitli uygulamalar i\u00e7in uygundur. Kolay entegrasyon i\u00e7in silindirik bir \u015fekle sahiptir, <strong>\u00b1<\/strong>Hassas \u00f6l\u00e7\u00fcmler i\u00e7in 1 metre hassasiyet ve esneklik i\u00e7in \u00e7oklu mesafe se\u00e7enekleri sunan bu sens\u00f6r, uzun mesafelerde g\u00fcvenilir veri gerektiren g\u00f6revler i\u00e7in m\u00fckemmel bir \u00e7\u00f6z\u00fcm sunar. Ayr\u0131ca, \u00f6zelle\u015ftirme hizmetlerimiz, ne kadar uzmanla\u015fm\u0131\u015f olursa olsun, mod\u00fcl\u00fc projenizin ihtiya\u00e7lar\u0131na tam olarak uyacak \u015fekilde uyarlayabilmenizi sa\u011flar.<\/p>","protected":false},"excerpt":{"rendered":"<p>Kompakt Mesafe Sens\u00f6rleri Mod\u00fcl\u00fc, 1000 metreye kadar hassas, uzun menzilli \u00f6l\u00e7\u00fcmler sunar. <strong>\u00b1<\/strong>1 metre hassasiyet. Silindirik tasar\u0131m\u0131 drone ve robotik gibi kompakt sistemlere kolayca s\u0131\u011far. Birden fazla aray\u00fcz se\u00e7ene\u011fi (TTL, RS485, RS232) ile in\u015faat, \u00f6l\u00e7me ve izleme i\u00e7in m\u00fckemmeldir. Ayr\u0131ca, mod\u00fcl\u00fc \u00f6zel ihtiya\u00e7lar\u0131n\u0131za g\u00f6re uyarlamak ve projeniz i\u00e7in m\u00fckemmel bir uyum sa\u011flamak i\u00e7in \u00f6zelle\u015ftirme hizmetleri sunuyoruz.<\/p>","protected":false},"featured_media":3002,"template":"","meta":{"site-sidebar-layout":"default","site-content-layout":"","ast-site-content-layout":"default","site-content-style":"default","site-sidebar-style":"default","ast-global-header-display":"","ast-banner-title-visibility":"","ast-main-header-display":"","ast-hfb-above-header-display":"","ast-hfb-below-header-display":"","ast-hfb-mobile-header-display":"","site-post-title":"","ast-breadcrumbs-content":"","ast-featured-img":"","footer-sml-layout":"","ast-disable-related-posts":"","theme-transparent-header-meta":"default","adv-header-id-meta":"","stick-header-meta":"","header-above-stick-meta":"","header-main-stick-meta":"","header-below-stick-meta":"","astra-migrate-meta-layouts":"set","ast-page-background-enabled":"default","ast-page-background-meta":{"desktop":{"background-color":"var(--ast-global-color-4)","background-image":"","background-repeat":"repeat","background-position":"center center","background-size":"auto","background-attachment":"scroll","background-type":"","background-media":"","overlay-type":"","overlay-color":"","overlay-opacity":"","overlay-gradient":""},"tablet":{"background-color":"","background-image":"","background-repeat":"repeat","background-position":"center center","background-size":"auto","background-attachment":"scroll","background-type":"","background-media":"","overlay-type":"","overlay-color":"","overlay-opacity":"","overlay-gradient":""},"mobile":{"background-color":"","background-image":"","background-repeat":"repeat","background-position":"center center","background-size":"auto","background-attachment":"scroll","background-type":"","background-media":"","overlay-type":"","overlay-color":"","overlay-opacity":"","overlay-gradient":""}},"ast-content-background-meta":{"desktop":{"background-color":"var(--ast-global-color-5)","background-image":"","background-repeat":"repeat","background-position":"center center","background-size":"auto","background-attachment":"scroll","background-type":"","background-media":"","overlay-type":"","overlay-color":"","overlay-opacity":"","overlay-gradient":""},"tablet":{"background-color":"var(--ast-global-color-5)","background-image":"","background-repeat":"repeat","background-position":"center center","background-size":"auto","background-attachment":"scroll","background-type":"","background-media":"","overlay-type":"","overlay-color":"","overlay-opacity":"","overlay-gradient":""},"mobile":{"background-color":"var(--ast-global-color-5)","background-image":"","background-repeat":"repeat","background-position":"center center","background-size":"auto","background-attachment":"scroll","background-type":"","background-media":"","overlay-type":"","overlay-color":"","overlay-opacity":"","overlay-gradient":""}}},"product_brand":[60],"product_cat":[54],"product_tag":[59],"class_list":{"0":"post-120","1":"product","2":"type-product","3":"status-publish","4":"has-post-thumbnail","6":"product_brand-meskernel","7":"product_cat-long-distance-laser-ranging-sensors","8":"product_tag-advantage","9":"desktop-align-center","10":"tablet-align-left","11":"mobile-align-left","13":"first","14":"instock","15":"shipping-taxable","16":"product-type-simple"},"_links":{"self":[{"href":"https:\/\/meskernel.net\/tr\/wp-json\/wp\/v2\/product\/120","targetHints":{"allow":["GET"]}}],"collection":[{"href":"https:\/\/meskernel.net\/tr\/wp-json\/wp\/v2\/product"}],"about":[{"href":"https:\/\/meskernel.net\/tr\/wp-json\/wp\/v2\/types\/product"}],"version-history":[{"count":0,"href":"https:\/\/meskernel.net\/tr\/wp-json\/wp\/v2\/product\/120\/revisions"}],"wp:featuredmedia":[{"embeddable":true,"href":"https:\/\/meskernel.net\/tr\/wp-json\/wp\/v2\/media\/3002"}],"wp:attachment":[{"href":"https:\/\/meskernel.net\/tr\/wp-json\/wp\/v2\/media?parent=120"}],"wp:term":[{"taxonomy":"product_brand","embeddable":true,"href":"https:\/\/meskernel.net\/tr\/wp-json\/wp\/v2\/product_brand?post=120"},{"taxonomy":"product_cat","embeddable":true,"href":"https:\/\/meskernel.net\/tr\/wp-json\/wp\/v2\/product_cat?post=120"},{"taxonomy":"product_tag","embeddable":true,"href":"https:\/\/meskernel.net\/tr\/wp-json\/wp\/v2\/product_tag?post=120"}],"curies":[{"name":"wp","href":"https:\/\/api.w.org\/{rel}","templated":true}]}}