{"id":2684,"date":"2024-11-19T17:41:19","date_gmt":"2024-11-19T09:41:19","guid":{"rendered":"https:\/\/meskernel.net\/?post_type=product&#038;p=2684"},"modified":"2025-07-03T13:48:52","modified_gmt":"2025-07-03T05:48:52","slug":"lazer-mesafe-bulucu","status":"publish","type":"product","link":"https:\/\/meskernel.net\/tr\/product\/laser-range-finder\/","title":{"rendered":"TC25 700m Lazer Mesafe Bulucu Sens\u00f6r Moudle"},"content":{"rendered":"<p><strong style=\"font-size: 1.7em;\">Y\u00fcksek Hassasiyetli Lazer Mesafe Bulucu - Kompakt ve G\u00fcvenilir \u00c7\u00f6z\u00fcmler<\/strong><\/p>\n<p>Meskernel'in \u00e7ok \u00e7e\u015fitli uygulamalar i\u00e7in do\u011fru ve g\u00fcvenilir mesafe \u00f6l\u00e7\u00fcmleri sa\u011flamak \u00fczere tasarlad\u0131\u011f\u0131 Lazer Mesafe Bulucu ile tan\u0131\u015f\u0131n. \u0130ster otomasyon, robotik, end\u00fcstriyel \u00f6l\u00e7\u00fcm alanlar\u0131nda \u00e7al\u0131\u015f\u0131yor olun, ister <a href=\"https:\/\/meskernel.net\/tr\/kategori\/uygulama\/cevresel-izleme\/\">\u00e7evresel izleme<\/a>cihaz\u0131m\u0131z, sistemlerinize sorunsuz bir \u015fekilde entegre olan kompakt ve verimli bir tasar\u0131m\u0131 korurken ihtiyac\u0131n\u0131z olan hassasiyeti sunar.<\/p>\n<p>&nbsp;<\/p>\n<figure id=\"attachment_2991\" aria-describedby=\"caption-attachment-2991\" style=\"width: 1000px\" class=\"wp-caption aligncenter\"><img fetchpriority=\"high\" decoding=\"async\" class=\"wp-image-2991 size-full\" title=\"TC22 Lazer Mesafe Bulucu 700m\" src=\"https:\/\/meskernel.net\/wp-content\/uploads\/2024\/11\/TC22-Laser-Range-Finder-700m.jpg\" alt=\"TC22 Lazer Mesafe Bulucu 700m\" width=\"1000\" height=\"500\" srcset=\"https:\/\/meskernel.net\/wp-content\/uploads\/2024\/11\/TC22-Laser-Range-Finder-700m.jpg 1000w, https:\/\/meskernel.net\/wp-content\/uploads\/2024\/11\/TC22-Laser-Range-Finder-700m-300x150.jpg 300w, https:\/\/meskernel.net\/wp-content\/uploads\/2024\/11\/TC22-Laser-Range-Finder-700m-768x384.jpg 768w, https:\/\/meskernel.net\/wp-content\/uploads\/2024\/11\/TC22-Laser-Range-Finder-700m-400x200.jpg 400w\" sizes=\"(max-width: 1000px) 100vw, 1000px\" \/><figcaption id=\"caption-attachment-2991\" class=\"wp-caption-text\">TC22 Lazer Mesafe Bulucu 700m<\/figcaption><\/figure>\n<h3>Temel \u00d6zellikler<\/h3>\n<ul>\n<li>Geni\u015f Mesafe<\/li>\n<\/ul>\n<p style=\"padding-left: 40px;\">\u00c7oklu mesafe se\u00e7enekleri, 700 metre ve 1000 metre \u00f6l\u00e7\u00fcm aral\u0131klar\u0131 sa\u011flar. Bu \u00e7ok y\u00f6nl\u00fcl\u00fck, hem orta menzilli hem de ultra uzun menzilli uygulamalar\u0131n ihtiya\u00e7lar\u0131n\u0131 kar\u015f\u0131lamas\u0131na olanak tan\u0131yarak geni\u015f alanlarda veya uzaktan izlemede ola\u011fan\u00fcst\u00fc performans sa\u011flar.<\/p>\n<ul>\n<li>Silindirik \u015eekil<\/li>\n<\/ul>\n<p style=\"padding-left: 40px;\">Silindirik \u015fekli, dronlar ve d\u0131\u015f mekanlarda kullan\u0131lan ni\u015fangahlar gibi \u00fcr\u00fcnlere entegre edilmesini kolayla\u015ft\u0131r\u0131yor.<\/p>\n<ul>\n<li>Y\u00fcksek Hassasiyet<\/li>\n<\/ul>\n<p style=\"padding-left: 40px;\">Sens\u00f6r, 1 metreye kadar \u00f6l\u00e7\u00fcm hassasiyeti sunarak uzun mesafeli \u00f6l\u00e7\u00fcmler i\u00e7in g\u00fcvenilir ve hassas veriler sa\u011flar.<\/p>\n<ul>\n<li>\u00c7ok Y\u00f6nl\u00fc Entegrasyon i\u00e7in Kompakt Boyut<\/li>\n<\/ul>\n<p style=\"padding-left: 40px;\">Sadece \u03a622x43mm \u00f6l\u00e7\u00fclerinde olan Lazer Mesafe Bulucu, alan\u0131n s\u0131n\u0131rl\u0131 oldu\u011fu sistemler i\u00e7in idealdir. K\u00fc\u00e7\u00fck form fakt\u00f6r\u00fc, kompakt robotik platformlardan daha b\u00fcy\u00fck end\u00fcstriyel sistemlere kadar \u00e7e\u015fitli projelere entegre edilmesini kolayla\u015ft\u0131r\u0131r. Kompakt boyutuna ra\u011fmen cihaz, hem i\u00e7 hem de d\u0131\u015f ortamlarda y\u00fcksek kaliteli, hassas \u00f6l\u00e7\u00fcmler sa\u011flayarak sa\u011flam performans\u0131n\u0131 korur. Ayr\u0131ca, hafif tasar\u0131m\u0131 dayan\u0131kl\u0131l\u0131ktan \u00f6d\u00fcn vermez ve en zorlu uygulamalarda bile uzun \u00f6m\u00fcrl\u00fc i\u015flevsellik sa\u011flar.<\/p>\n<figure id=\"attachment_2994\" aria-describedby=\"caption-attachment-2994\" style=\"width: 1048px\" class=\"wp-caption aligncenter\"><img decoding=\"async\" class=\"wp-image-2994 size-full\" title=\"mesafe sens\u00f6r\u00fc uygulamas\u0131\" src=\"https:\/\/meskernel.net\/wp-content\/uploads\/2024\/11\/application.jpg\" alt=\"mesafe sens\u00f6r\u00fc uygulamas\u0131\" width=\"1048\" height=\"226\" srcset=\"https:\/\/meskernel.net\/wp-content\/uploads\/2024\/11\/application.jpg 1048w, https:\/\/meskernel.net\/wp-content\/uploads\/2024\/11\/application-300x65.jpg 300w, https:\/\/meskernel.net\/wp-content\/uploads\/2024\/11\/application-1024x221.jpg 1024w, https:\/\/meskernel.net\/wp-content\/uploads\/2024\/11\/application-768x166.jpg 768w, https:\/\/meskernel.net\/wp-content\/uploads\/2024\/11\/application-400x86.jpg 400w\" sizes=\"(max-width: 1048px) 100vw, 1048px\" \/><figcaption id=\"caption-attachment-2994\" class=\"wp-caption-text\">mesafe sens\u00f6r\u00fc uygulamas\u0131<\/figcaption><\/figure>\n<h3>Sorunsuz Entegrasyon i\u00e7in \u00c7oklu Aray\u00fczler<\/h3>\n<p>Zahmetsiz sistem entegrasyonu sa\u011flamak i\u00e7in Lazer Mesafe Bulucu, TTL, RS485 ve RS232 dahil olmak \u00fczere bir dizi ileti\u015fim aray\u00fcz\u00fcyle donat\u0131lm\u0131\u015ft\u0131r. Bu \u00e7e\u015fitli se\u00e7enekler, sens\u00f6r\u00fc \u00e7ok \u00e7e\u015fitli sistemlere kolayca ba\u011flaman\u0131za olanak tan\u0131yarak veri iletimini basit ve sorunsuz hale getirir. Sonu\u00e7 olarak, hangi platformu kullan\u0131yor olursan\u0131z olun, mevcut altyap\u0131n\u0131zla uyumluluk sa\u011flayarak sorunsuz entegrasyona g\u00fcvenebilirsiniz. \u0130ster geli\u015fmi\u015f robotik sistemlerle ister end\u00fcstriyel otomasyon ekipmanlar\u0131yla \u00e7al\u0131\u015f\u0131yor olun, sens\u00f6r\u00fcm\u00fcz \u00e7ok \u00e7e\u015fitli uygulamalar i\u00e7in ihtiya\u00e7 duydu\u011funuz esnekli\u011fi sa\u011flar.<\/p>\n<figure id=\"attachment_2987\" aria-describedby=\"caption-attachment-2987\" style=\"width: 750px\" class=\"wp-caption aligncenter\"><img decoding=\"async\" class=\"wp-image-2987 size-full\" title=\"Lazer Mesafe Bulucu 700m\" src=\"https:\/\/meskernel.net\/wp-content\/uploads\/2024\/11\/Laser-Distance-Module-2000m.jpg\" alt=\"Lazer Mesafe Mod\u00fcl\u00fc 2000m\" width=\"750\" height=\"266\" srcset=\"https:\/\/meskernel.net\/wp-content\/uploads\/2024\/11\/Laser-Distance-Module-2000m.jpg 750w, https:\/\/meskernel.net\/wp-content\/uploads\/2024\/11\/Laser-Distance-Module-2000m-300x106.jpg 300w, https:\/\/meskernel.net\/wp-content\/uploads\/2024\/11\/Laser-Distance-Module-2000m-400x142.jpg 400w\" sizes=\"(max-width: 750px) 100vw, 750px\" \/><figcaption id=\"caption-attachment-2987\" class=\"wp-caption-text\">Lazer Mesafe Mod\u00fcl\u00fc 2000m<\/figcaption><\/figure>\n<h3><strong>Neden Meskernel'in Lazer Mesafe Bulucusunu Se\u00e7melisiniz?<\/strong><\/h3>\n<ul>\n<li><strong>\u00d6zelle\u015ftirilebilir \u00c7\u00f6z\u00fcmler<\/strong>: \u00d6nde gelen bir \u00fcretici olarak Meskernel, hem OEM hem de ODM hizmetleri sunmaktad\u0131r. Bu, lazer telemetreyi \u00f6zel proje gereksinimlerinizi kar\u015f\u0131layacak \u015fekilde uyarlayabilece\u011fimiz anlam\u0131na gelir. Menzilin de\u011fi\u015ftirilmesinden aray\u00fcz\u00fcn veya do\u011frulu\u011fun \u00f6zelle\u015ftirilmesine kadar, cihaz\u0131 ihtiya\u00e7lar\u0131n\u0131za m\u00fckemmel \u015fekilde uyacak \u015fekilde tasarlayabiliriz.<\/li>\n<li><strong>Rekabet\u00e7i Fiyatland\u0131rma<\/strong>: Cihazlar\u0131m\u0131z\u0131 kendi b\u00fcnyemizde \u00fcreterek, kaliteden \u00f6d\u00fcn vermeden son derece rekabet\u00e7i fiyatlar sunabiliyoruz. Sonu\u00e7 olarak, \u00fcr\u00fcnlerimizin hem uygun maliyetli hem de g\u00fcvenilir olmas\u0131n\u0131 sa\u011flad\u0131\u011f\u0131m\u0131z i\u00e7in yat\u0131r\u0131m\u0131n\u0131z i\u00e7in b\u00fcy\u00fck bir de\u011fer elde edersiniz.<\/li>\n<li><strong>Uzman Teknik Destek<\/strong>: Kendini i\u015fine adam\u0131\u015f uzman ekibimiz, tam teknik destek sa\u011flamak ve \u00fcr\u00fcnlerimizin sorunsuz entegrasyonunu ve \u00e7al\u0131\u015fmas\u0131n\u0131 sa\u011flamak i\u00e7in buradad\u0131r. <a href=\"https:\/\/meskernel.net\/tr\/product\/yuksek-hassasiyetli-lazer-mesafe-sensoru\/\">lazer mesafe sens\u00f6r\u00fc<\/a> sistemlerinizde. \u00dcr\u00fcn\u00fcn\u00fcz\u00fc se\u00e7ti\u011finiz andan kurulum sonras\u0131na kadar, s\u00fcrecin her ad\u0131m\u0131nda size rehberlik etmek ve gerekti\u011finde s\u00fcrekli yard\u0131m sa\u011flamak i\u00e7in buraday\u0131z.<\/li>\n<li><strong>\u00c7ok Y\u00f6nl\u00fc Uygulamalar<\/strong>: \u0130ster end\u00fcstriyel otomasyon, ister robotik sistemler, hassas \u00f6l\u00e7me veya g\u00fcvenlik izleme i\u00e7in olsun, lazer mesafe sens\u00f6r\u00fcm\u00fcz \u00e7ok \u00e7e\u015fitli alanlarda kullan\u0131labilen \u00e7ok y\u00f6nl\u00fc bir ara\u00e7t\u0131r. \u00d6rne\u011fin, sens\u00f6r\u00fcm\u00fcz otomatik malzeme ta\u015f\u0131ma sistemlerindeki mesafeyi \u00f6l\u00e7mek, in\u015faat alanlar\u0131ndaki potansiyel tehlikeleri tespit etmek ve hatta vah\u015fi ya\u015fam\u0131 koruma sistemlerinde hayvanlar ve \u00e7evreler aras\u0131ndaki mesafeyi izlemek i\u00e7in idealdir.\n<p><figure id=\"attachment_2995\" aria-describedby=\"caption-attachment-2995\" style=\"width: 1069px\" class=\"wp-caption aligncenter\"><img loading=\"lazy\" decoding=\"async\" class=\"wp-image-2995 size-full\" title=\"neden mesafe sens\u00f6r\u00fc kullaniyoruz\" src=\"https:\/\/meskernel.net\/wp-content\/uploads\/2024\/11\/why-us-distance-sensor.jpg\" alt=\"neden mesafe sens\u00f6r\u00fc kullaniyoruz\" width=\"1069\" height=\"228\" srcset=\"https:\/\/meskernel.net\/wp-content\/uploads\/2024\/11\/why-us-distance-sensor.jpg 1069w, https:\/\/meskernel.net\/wp-content\/uploads\/2024\/11\/why-us-distance-sensor-300x64.jpg 300w, https:\/\/meskernel.net\/wp-content\/uploads\/2024\/11\/why-us-distance-sensor-1024x218.jpg 1024w, https:\/\/meskernel.net\/wp-content\/uploads\/2024\/11\/why-us-distance-sensor-768x164.jpg 768w, https:\/\/meskernel.net\/wp-content\/uploads\/2024\/11\/why-us-distance-sensor-400x85.jpg 400w\" sizes=\"(max-width: 1069px) 100vw, 1069px\" \/><figcaption id=\"caption-attachment-2995\" class=\"wp-caption-text\">neden mesafe sens\u00f6r\u00fc kullaniyoruz<\/figcaption><\/figure><\/li>\n<\/ul>\n<p>&nbsp;<\/p>\n<h3><strong>Meskernel'in Lazer Mesafe Bulucusu ile Projelerinizi Geli\u015ftirin<\/strong><\/h3>\n<p>Meskernel'de, ola\u011fan\u00fcst\u00fc m\u00fc\u015fteri hizmetleriyle birlikte en son teknolojiyi sunmaktan gurur duyuyoruz. Lazer Mesafe Bulucu, hassasiyet, menzil ve entegrasyon esnekli\u011fi aras\u0131nda m\u00fckemmel bir denge kurarak \u00e7e\u015fitli zorlu projeler i\u00e7in m\u00fckemmel bir se\u00e7imdir.<\/p>\n<p>Lazer Mesafe Bulucumuzun sistemlerinizi nas\u0131l geli\u015ftirebilece\u011fi hakk\u0131nda daha fazla bilgi edinmek i\u00e7in bug\u00fcn bize ula\u015f\u0131n. Ayr\u0131ca, ister OEM \u00fcretimi ister \u00f6zel bir tasar\u0131m ar\u0131yor olun, benzersiz gereksinimlerinize uyacak \u00f6zelle\u015ftirilmi\u015f \u00e7\u00f6z\u00fcmler sunuyoruz. Her \u00f6l\u00e7\u00fcmde hassasiyet ve g\u00fcvenilirlik elde etmenize yard\u0131mc\u0131 olal\u0131m.<\/p>","protected":false},"excerpt":{"rendered":"<p>Meskernel Lazer Mesafe Bulucu, otomasyon, robotik ve end\u00fcstriyel uygulamalar dahil olmak \u00fczere \u00e7e\u015fitli end\u00fcstriler i\u00e7in y\u00fcksek hassasiyetli mesafe \u00f6l\u00e7\u00fcm \u00e7\u00f6z\u00fcmleri sunar. Kompakt tasar\u0131m\u0131, geni\u015f \u00f6l\u00e7\u00fcm aral\u0131\u011f\u0131 (3 ila 700 metre, 1000 metreye kadar uzat\u0131labilir) ve do\u011fru performans\u0131 (\u00b11m) ile karma\u015f\u0131k ortamlarda bile g\u00fcvenilir sonu\u00e7lar sa\u011flar. TTL, RS485 ve RS232 aray\u00fczleri ile esnek entegrasyon sunan bu cihaz, ger\u00e7ek zamanl\u0131 izleme, g\u00fcvenlik izleme ve end\u00fcstriyel denetim gibi \u00e7e\u015fitli uygulamalar i\u00e7in idealdir. Meskernel ayr\u0131ca OEM ve ODM hizmetleri sunarak \u00f6zel ihtiya\u00e7lar\u0131n\u0131za uygun \u00f6zelle\u015ftirilmi\u015f \u00e7\u00f6z\u00fcmler sunar. Lazer mesafe sens\u00f6r\u00fcm\u00fcz\u00fcn hassasiyeti ve \u00e7ok y\u00f6nl\u00fcl\u00fc\u011f\u00fc ile projelerinizi geli\u015ftirin<\/p>","protected":false},"featured_media":3005,"template":"","meta":{"site-sidebar-layout":"default","site-content-layout":"","ast-site-content-layout":"default","site-content-style":"default","site-sidebar-style":"default","ast-global-header-display":"","ast-banner-title-visibility":"","ast-main-header-display":"","ast-hfb-above-header-display":"","ast-hfb-below-header-display":"","ast-hfb-mobile-header-display":"","site-post-title":"","ast-breadcrumbs-content":"","ast-featured-img":"","footer-sml-layout":"","ast-disable-related-posts":"","theme-transparent-header-meta":"default","adv-header-id-meta":"","stick-header-meta":"","header-above-stick-meta":"","header-main-stick-meta":"","header-below-stick-meta":"","astra-migrate-meta-layouts":"set","ast-page-background-enabled":"default","ast-page-background-meta":{"desktop":{"background-color":"var(--ast-global-color-4)","background-image":"","background-repeat":"repeat","background-position":"center center","background-size":"auto","background-attachment":"scroll","background-type":"","background-media":"","overlay-type":"","overlay-color":"","overlay-opacity":"","overlay-gradient":""},"tablet":{"background-color":"","background-image":"","background-repeat":"repeat","background-position":"center center","background-size":"auto","background-attachment":"scroll","background-type":"","background-media":"","overlay-type":"","overlay-color":"","overlay-opacity":"","overlay-gradient":""},"mobile":{"background-color":"","background-image":"","background-repeat":"repeat","background-position":"center center","background-size":"auto","background-attachment":"scroll","background-type":"","background-media":"","overlay-type":"","overlay-color":"","overlay-opacity":"","overlay-gradient":""}},"ast-content-background-meta":{"desktop":{"background-color":"var(--ast-global-color-5)","background-image":"","background-repeat":"repeat","background-position":"center center","background-size":"auto","background-attachment":"scroll","background-type":"","background-media":"","overlay-type":"","overlay-color":"","overlay-opacity":"","overlay-gradient":""},"tablet":{"background-color":"var(--ast-global-color-5)","background-image":"","background-repeat":"repeat","background-position":"center center","background-size":"auto","background-attachment":"scroll","background-type":"","background-media":"","overlay-type":"","overlay-color":"","overlay-opacity":"","overlay-gradient":""},"mobile":{"background-color":"var(--ast-global-color-5)","background-image":"","background-repeat":"repeat","background-position":"center center","background-size":"auto","background-attachment":"scroll","background-type":"","background-media":"","overlay-type":"","overlay-color":"","overlay-opacity":"","overlay-gradient":""}}},"product_brand":[60],"product_cat":[54],"product_tag":[],"class_list":{"0":"post-2684","1":"product","2":"type-product","3":"status-publish","4":"has-post-thumbnail","6":"product_brand-meskernel","7":"product_cat-long-distance-laser-ranging-sensors","8":"desktop-align-center","9":"tablet-align-left","10":"mobile-align-left","12":"first","13":"instock","14":"shipping-taxable","15":"product-type-simple"},"_links":{"self":[{"href":"https:\/\/meskernel.net\/tr\/wp-json\/wp\/v2\/product\/2684","targetHints":{"allow":["GET"]}}],"collection":[{"href":"https:\/\/meskernel.net\/tr\/wp-json\/wp\/v2\/product"}],"about":[{"href":"https:\/\/meskernel.net\/tr\/wp-json\/wp\/v2\/types\/product"}],"version-history":[{"count":0,"href":"https:\/\/meskernel.net\/tr\/wp-json\/wp\/v2\/product\/2684\/revisions"}],"wp:featuredmedia":[{"embeddable":true,"href":"https:\/\/meskernel.net\/tr\/wp-json\/wp\/v2\/media\/3005"}],"wp:attachment":[{"href":"https:\/\/meskernel.net\/tr\/wp-json\/wp\/v2\/media?parent=2684"}],"wp:term":[{"taxonomy":"product_brand","embeddable":true,"href":"https:\/\/meskernel.net\/tr\/wp-json\/wp\/v2\/product_brand?post=2684"},{"taxonomy":"product_cat","embeddable":true,"href":"https:\/\/meskernel.net\/tr\/wp-json\/wp\/v2\/product_cat?post=2684"},{"taxonomy":"product_tag","embeddable":true,"href":"https:\/\/meskernel.net\/tr\/wp-json\/wp\/v2\/product_tag?post=2684"}],"curies":[{"name":"wp","href":"https:\/\/api.w.org\/{rel}","templated":true}]}}