{"id":2737,"date":"2024-11-25T15:56:45","date_gmt":"2024-11-25T07:56:45","guid":{"rendered":"https:\/\/meskernel.net\/?post_type=product&#038;p=2737"},"modified":"2025-09-25T14:37:29","modified_gmt":"2025-09-25T06:37:29","slug":"ip54-lazer-sensoru","status":"publish","type":"product","link":"https:\/\/meskernel.net\/tr\/product\/ip54-laser-sensor\/","title":{"rendered":"PTFS-P4 IP54 Lazer Sens\u00f6r 400Hz Y\u00fcksek Frekans"},"content":{"rendered":"<p>IP54 Lazer Sens\u00f6r\u00fcm\u00fcz, zorlu end\u00fcstriyel ortamlardaki lazer sens\u00f6rler i\u00e7in \u00fcst\u00fcn koruma, dayan\u0131kl\u0131l\u0131k ve g\u00fcvenilirlik sunmak \u00fczere ustal\u0131kla tasarlanm\u0131\u015ft\u0131r. Kompakt boyutuyla (80x65x32,20 mm \u00f6l\u00e7\u00fclerinde) bu koruyucu muhafaza, lazer sens\u00f6rlerini fiziksel hasardan, \u00e7evresel tehlikelerden ve elektromanyetik parazitten korur. 3m ila 1100m \u00f6l\u00e7\u00fcm aral\u0131\u011f\u0131n\u0131 destekler ve <strong>\u00b1<\/strong>1 m hassasiyete sahip IP54 Lazer Sens\u00f6r\u00fcm\u00fcz, lazer sens\u00f6rlerinin zorlu ko\u015fullar alt\u0131nda bile hassasiyetle \u00e7al\u0131\u015fmas\u0131n\u0131 sa\u011flar.<\/p>\n<h3>Neden IP54 Lazer Sens\u00f6r\u00fcm\u00fcz\u00fc Se\u00e7melisiniz?<\/h3>\n<ol>\n<li><strong>Lazer Sens\u00f6rler i\u00e7in E\u015fsiz Koruma<\/strong><br \/>\nIP54 Lazer Sens\u00f6r\u00fcm\u00fcz toza, suya ve fiziksel hasara kar\u015f\u0131 ola\u011fan\u00fcst\u00fc koruma sa\u011flar. \u0130ster in\u015faat, robotik veya \u00f6l\u00e7\u00fcm alan\u0131nda \u00e7al\u0131\u015f\u0131yor olun, bu sa\u011flam muhafaza lazer sens\u00f6rlerinizi g\u00fcvende ve \u00e7al\u0131\u015f\u0131r durumda tutar. \u00d6rne\u011fin, \u00f6l\u00e7\u00fcm uygulamalar\u0131nda sens\u00f6r muhafazalar\u0131 zorlu d\u0131\u015f ortamlara maruz kal\u0131r, ancak koruyucu muhafazam\u0131z tozlu veya ya\u011fmurlu ko\u015fullarda bile g\u00fcvenilir performans g\u00f6stermelerini sa\u011flar.<\/li>\n<li><strong>Y\u00fcksek Do\u011fruluk ve Geni\u015f \u00d6l\u00e7\u00fcm Aral\u0131\u011f\u0131<\/strong><br \/>\nSens\u00f6r muhafazas\u0131, 3m ila 1100m aras\u0131nda geni\u015f bir \u00f6l\u00e7\u00fcm aral\u0131\u011f\u0131n\u0131 destekleyecek \u015fekilde tasarlanm\u0131\u015ft\u0131r. <strong>\u00b1<\/strong>1 m hassasiyet, uzun mesafelerde hassas \u00f6l\u00e7\u00fcmler gerektiren end\u00fcstriler i\u00e7in idealdir. \u00d6rne\u011fin robotikte, koruma muhafazam\u0131za yerle\u015ftirilmi\u015f lazer sens\u00f6rler do\u011fru konumland\u0131rma ve nesne alg\u0131lama sa\u011flar. Lazer sens\u00f6rler i\u00e7in dayan\u0131kl\u0131 muhafaza, end\u00fcstriyel ortamlarda istikrarl\u0131 performans\u0131 garanti ederek kritik \u00f6l\u00e7\u00fcmler i\u00e7in g\u00fcvenilirlik sa\u011flar.<\/li>\n<li><strong>\u00c7oklu \u0130leti\u015fim Aray\u00fczleri ile Sorunsuz Entegrasyon<\/strong><br \/>\nIP54 Lazer Sens\u00f6r\u00fcm\u00fcz TTL, RS485 ve RS232 ileti\u015fim aray\u00fczleriyle donat\u0131lm\u0131\u015f olarak gelir ve sorunsuz veri iletimi ve kontrol sistemleriyle kolay entegrasyon sa\u011flar. \u00d6rne\u011fin end\u00fcstriyel otomasyonda, muhafazam\u0131zla entegre edilmi\u015f lazer sens\u00f6rler makine konumlar\u0131n\u0131 ve hizalamay\u0131 izlemek i\u00e7in kullan\u0131l\u0131r. Bu, ger\u00e7ek zamanl\u0131 operasyonel verimlilik i\u00e7in sens\u00f6r muhafazas\u0131 ile sistem aras\u0131nda sorunsuz ileti\u015fim sa\u011flar.<\/li>\n<li><strong>Zorlu Ortamlarda G\u00fcvenilir Performans<\/strong><br \/>\nLazer sens\u00f6rleri i\u00e7in koruyucu muhafaza, a\u015f\u0131r\u0131 ko\u015fullara dayanacak \u015fekilde \u00fcretilmi\u015ftir. Sens\u00f6r performans\u0131n\u0131 bozabilecek elektromanyetik paraziti (EMI) ve elektrostatik bo\u015falmay\u0131 (ESD) \u00f6nler. \u0130ster d\u0131\u015f mekan haritalama, madencilik veya in\u015faat sekt\u00f6r\u00fcnde olsun, bu muhafaza lazer sens\u00f6rlerin zorlu ortamlarda bile do\u011fru ve tutarl\u0131 sonu\u00e7lar vermeye devam etmesini sa\u011flar.<\/li>\n<li><strong>\u00d6zel IP54 Lazer Sens\u00f6r \u00c7\u00f6z\u00fcmleri - \u0130htiya\u00e7lar\u0131n\u0131za G\u00f6re Uyarlan\u0131r<\/strong><br \/>\nLider bir lazer sens\u00f6r\u00fc \u00fcreticisi olarak, sekt\u00f6r\u00fcn\u00fcz\u00fcn \u00f6zel taleplerini kar\u015f\u0131layan \u00f6zel lazer sens\u00f6r\u00fc sunmak i\u00e7in OEM ve ODM hizmetleri sunuyoruz. G\u00f6vde boyutunun de\u011fi\u015ftirilmesinden benzersiz \u00e7evresel ko\u015fullara uyarlanmas\u0131na kadar, optimum performans sa\u011flayan esnek \u00e7\u00f6z\u00fcmler sunuyoruz. \u00d6rne\u011fin, otomotiv \u00fcretiminde, lazer sens\u00f6rler i\u00e7in \u00f6zel tasarlanm\u0131\u015f muhafaza \u00e7\u00f6z\u00fcmlerimiz, robotik montaj hatlar\u0131nda hassas \u00f6l\u00e7\u00fcmlere yard\u0131mc\u0131 olarak do\u011fru konumland\u0131rma ve hizalama sa\u011flar.<\/li>\n<\/ol>\n<h3>Temel \u00d6zellikler<\/h3>\n<ul>\n<li><strong>Kompakt ve Dayan\u0131kl\u0131 Tasar\u0131m:<\/strong> Sadece 80x65x32,20 mm \u00f6l\u00e7\u00fclerindeki IP54 Lazer Sens\u00f6r\u00fcm\u00fcz, end\u00fcstriyel uygulamalar i\u00e7in m\u00fckemmel olan kompakt bir form fakt\u00f6r\u00fcnde lazer sens\u00f6rler i\u00e7in sa\u011flam koruma sa\u011flar.<\/li>\n<li><strong>Y\u00fcksek Hassasiyetli Performans:<\/strong> Zorlu ko\u015fullarda lazer sens\u00f6rler i\u00e7in hassas ve g\u00fcvenilir performans sa\u011flayan \u00b11m hassasiyetle 3m ila 1100m aras\u0131nda bir \u00f6l\u00e7\u00fcm aral\u0131\u011f\u0131n\u0131 destekler.<\/li>\n<li><strong>\u00c7ok Y\u00f6nl\u00fc \u0130leti\u015fim Se\u00e7enekleri:<\/strong> Sorunsuz veri iletimi ve \u00e7e\u015fitli cihazlarla entegrasyon i\u00e7in TTL, RS485 ve RS232 aray\u00fczleri i\u00e7erir.<\/li>\n<li><strong>Geli\u015ftirilmi\u015f Dayan\u0131kl\u0131l\u0131k:<\/strong> Lazer sens\u00f6r muhafazas\u0131 IP s\u0131n\u0131f\u0131d\u0131r ve toza, suya ve fiziksel hasara kar\u015f\u0131 koruma sa\u011flayarak sens\u00f6r\u00fcn\u00fcz\u00fcn zorlu ortamlarda bile \u00e7al\u0131\u015f\u0131r durumda kalmas\u0131n\u0131 sa\u011flar.<\/li>\n<li><strong>\u00d6zel \u00c7\u00f6z\u00fcmler:<\/strong> End\u00fcstriyel uygulamalar\u0131n\u0131z\u0131n \u00f6zel ihtiya\u00e7lar\u0131na g\u00f6re uyarlanm\u0131\u015f \u00f6zel muhafazalar olu\u015fturmak i\u00e7in OEM ve ODM hizmetleri sunuyoruz.<\/li>\n<\/ul>\n<h3>IP54 Lazer Sens\u00f6r\u00fc i\u00e7in Ger\u00e7ek D\u00fcnya Kullan\u0131m \u00d6rnekleri<\/h3>\n<ul>\n<li><strong>End\u00fcstriyel Otomasyon:<\/strong> Otomatik fabrikalarda, sens\u00f6r muhafazam\u0131z taraf\u0131ndan korunan lazer sens\u00f6rler makine konumland\u0131rma ve hizalama i\u00e7in kullan\u0131l\u0131r. Muhafaza toza, neme ve s\u0131cakl\u0131k dalgalanmalar\u0131na kar\u015f\u0131 koruma sa\u011flayarak g\u00fcvenilir performans\u0131 korur.<\/li>\n<li><strong>Robotik:<\/strong> \u00d6zel muhafazam\u0131zdaki lazer sens\u00f6rler, robotlar\u0131n zorlu ko\u015fullarda bile nesneleri hassas bir \u015fekilde y\u00f6nlendirmesine ve alg\u0131lamas\u0131na yard\u0131mc\u0131 olur. Koruyucu muhafaza, lazer sens\u00f6r\u00fcn\u00fcn verimli bir \u015fekilde \u00e7al\u0131\u015fmaya devam etmesini sa\u011flayarak sorunsuz otomasyon s\u00fcre\u00e7leri sa\u011flar.<\/li>\n<li><strong><a href=\"https:\/\/meskernel.net\/tr\/uygulama\/surveying-and-geospatial-analysis\/\">\u00d6l\u00e7me ve Haritalama<\/a>:<\/strong> Lazer sens\u00f6rler, \u00f6l\u00e7\u00fcm uygulamalar\u0131nda \u00e7ok \u00f6nemlidir ve sens\u00f6r muhafazam\u0131z ya\u011fmur, toz ve \u015fiddetli r\u00fczgar gibi unsurlara kar\u015f\u0131 koruma sa\u011flayarak s\u00fcrekli veri toplanmas\u0131n\u0131 sa\u011flar.<\/li>\n<li><strong>Madencilik ve Tar\u0131m:<\/strong> Madencilik veya tar\u0131m gibi zorlu ortamlarda, dayan\u0131kl\u0131 muhafazalar\u0131m\u0131za yerle\u015ftirilen lazer sens\u00f6rler, stok hacimlerini \u00f6l\u00e7mek veya bitki b\u00fcy\u00fcmesini izlemek i\u00e7in kullan\u0131l\u0131r ve kir, nem ve a\u015f\u0131r\u0131 s\u0131cakl\u0131klardan koruma sa\u011flar.<\/li>\n<\/ul>\n<h3>M\u00fc\u015fterilerimiz Neden Bizi Se\u00e7iyor?<\/h3>\n<p>Biz bir tedarik\u00e7iden daha fazlas\u0131y\u0131z; \u00f6zel sekt\u00f6r ihtiya\u00e7lar\u0131n\u0131za g\u00f6re uyarlanm\u0131\u015f \u00f6zel lazer sens\u00f6r \u00e7\u00f6z\u00fcmleri geli\u015ftirmede g\u00fcvenilir orta\u011f\u0131n\u0131z\u0131z. \u0130ster robotik, ister end\u00fcstriyel otomasyon, ister \u00f6l\u00e7me veya madencilik alan\u0131nda olun, en zorlu ortamlarda bile hassas ve g\u00fcvenilir \u00e7al\u0131\u015fma sa\u011flayan y\u00fcksek performansl\u0131 lazer sens\u00f6r\u00fc sa\u011fl\u0131yoruz. Esnek OEM\/ODM hizmetlerimiz, \u00f6zel \u00e7\u00f6z\u00fcmler i\u00e7in tam spesifikasyonlar\u0131n\u0131z\u0131 kar\u015f\u0131lamam\u0131z\u0131 sa\u011flar.<\/p>\n<div class=\"ast-oembed-container\" style=\"height: 100%;\"><iframe title=\"Chengdu Meskernel Integrated Technology Co, Ltd\" width=\"500\" height=\"281\" src=\"https:\/\/www.youtube.com\/embed\/l3-XWIFqqic?feature=oembed\" frameborder=\"0\" allow=\"accelerometer; autoplay; clipboard-write; encrypted-media; gyroscope; picture-in-picture; web-share\" referrerpolicy=\"strict-origin-when-cross-origin\" allowfullscreen><\/iframe><\/div>\n<h3>\u00d6zel IP54 Lazer Sens\u00f6r Yolculu\u011funuza Bug\u00fcn Ba\u015flay\u0131n<\/h3>\n<p>Kullan\u0131ma haz\u0131r \u00e7\u00f6z\u00fcmlerle yetinmeyin. IP54 Lazer Sens\u00f6r\u00fcm\u00fcz\u00fc se\u00e7in ve sekt\u00f6r\u00fcn\u00fcz i\u00e7in \u00f6zel olarak tasarlanm\u0131\u015f \u00f6zelle\u015ftirilmi\u015f koruman\u0131n avantajlar\u0131ndan yararlan\u0131n. \u0130ster zorlu ortamlar, ister y\u00fcksek hassasiyetli \u00f6l\u00e7\u00fcmler veya uzun mesafe yetenekleri i\u00e7in \u00f6zel IP54 Lazer Sens\u00f6r\u00fcne ihtiyac\u0131n\u0131z olsun, size yard\u0131mc\u0131 olmak i\u00e7in buraday\u0131z. OEM\/ODM hizmetlerimiz ve benzersiz ihtiya\u00e7lar\u0131n\u0131za uygun bir \u00e7\u00f6z\u00fcm\u00fc nas\u0131l sa\u011flayabilece\u011fimiz hakk\u0131nda daha fazla bilgi edinmek i\u00e7in bug\u00fcn bize ula\u015f\u0131n.<\/p>","protected":false},"excerpt":{"rendered":"<p>Optimum koruma ve performans i\u00e7in tasarlanm\u0131\u015f dayan\u0131kl\u0131 IP54 Lazer Sens\u00f6r\u00fcm\u00fcz\u00fc ke\u015ffedin. \u00d6zel \u00e7\u00f6z\u00fcmler sunan muhafazam\u0131z, lazer sens\u00f6rlerinizin zorlu end\u00fcstriyel ortamlarda toz, su ve fiziksel hasara kar\u015f\u0131 g\u00fcvende kalmas\u0131n\u0131 sa\u011flar. Hassas \u00f6l\u00e7\u00fcmler ve \u00e7ok y\u00f6nl\u00fc ileti\u015fim se\u00e7enekleri ile otomasyon, robotik, \u00f6l\u00e7me ve daha fazlas\u0131 gibi sekt\u00f6rler i\u00e7in m\u00fckemmel bir se\u00e7imdir. OEM\/ODM hizmetlerimizi bug\u00fcn ke\u015ffedin!<\/p>","protected":false},"featured_media":5981,"template":"","meta":{"site-sidebar-layout":"default","site-content-layout":"","ast-site-content-layout":"default","site-content-style":"default","site-sidebar-style":"default","ast-global-header-display":"","ast-banner-title-visibility":"","ast-main-header-display":"","ast-hfb-above-header-display":"","ast-hfb-below-header-display":"","ast-hfb-mobile-header-display":"","site-post-title":"","ast-breadcrumbs-content":"","ast-featured-img":"","footer-sml-layout":"","ast-disable-related-posts":"","theme-transparent-header-meta":"default","adv-header-id-meta":"","stick-header-meta":"","header-above-stick-meta":"","header-main-stick-meta":"","header-below-stick-meta":"","astra-migrate-meta-layouts":"set","ast-page-background-enabled":"default","ast-page-background-meta":{"desktop":{"background-color":"var(--ast-global-color-4)","background-image":"","background-repeat":"repeat","background-position":"center center","background-size":"auto","background-attachment":"scroll","background-type":"","background-media":"","overlay-type":"","overlay-color":"","overlay-opacity":"","overlay-gradient":""},"tablet":{"background-color":"","background-image":"","background-repeat":"repeat","background-position":"center center","background-size":"auto","background-attachment":"scroll","background-type":"","background-media":"","overlay-type":"","overlay-color":"","overlay-opacity":"","overlay-gradient":""},"mobile":{"background-color":"","background-image":"","background-repeat":"repeat","background-position":"center center","background-size":"auto","background-attachment":"scroll","background-type":"","background-media":"","overlay-type":"","overlay-color":"","overlay-opacity":"","overlay-gradient":""}},"ast-content-background-meta":{"desktop":{"background-color":"var(--ast-global-color-5)","background-image":"","background-repeat":"repeat","background-position":"center center","background-size":"auto","background-attachment":"scroll","background-type":"","background-media":"","overlay-type":"","overlay-color":"","overlay-opacity":"","overlay-gradient":""},"tablet":{"background-color":"var(--ast-global-color-5)","background-image":"","background-repeat":"repeat","background-position":"center center","background-size":"auto","background-attachment":"scroll","background-type":"","background-media":"","overlay-type":"","overlay-color":"","overlay-opacity":"","overlay-gradient":""},"mobile":{"background-color":"var(--ast-global-color-5)","background-image":"","background-repeat":"repeat","background-position":"center center","background-size":"auto","background-attachment":"scroll","background-type":"","background-media":"","overlay-type":"","overlay-color":"","overlay-opacity":"","overlay-gradient":""}}},"product_brand":[60],"product_cat":[33],"product_tag":[],"class_list":{"0":"post-2737","1":"product","2":"type-product","3":"status-publish","4":"has-post-thumbnail","6":"product_brand-meskernel","7":"product_cat-industrial-laser-distance-sensors","8":"desktop-align-center","9":"tablet-align-left","10":"mobile-align-left","12":"first","13":"instock","14":"shipping-taxable","15":"product-type-simple"},"_links":{"self":[{"href":"https:\/\/meskernel.net\/tr\/wp-json\/wp\/v2\/product\/2737","targetHints":{"allow":["GET"]}}],"collection":[{"href":"https:\/\/meskernel.net\/tr\/wp-json\/wp\/v2\/product"}],"about":[{"href":"https:\/\/meskernel.net\/tr\/wp-json\/wp\/v2\/types\/product"}],"version-history":[{"count":0,"href":"https:\/\/meskernel.net\/tr\/wp-json\/wp\/v2\/product\/2737\/revisions"}],"wp:featuredmedia":[{"embeddable":true,"href":"https:\/\/meskernel.net\/tr\/wp-json\/wp\/v2\/media\/5981"}],"wp:attachment":[{"href":"https:\/\/meskernel.net\/tr\/wp-json\/wp\/v2\/media?parent=2737"}],"wp:term":[{"taxonomy":"product_brand","embeddable":true,"href":"https:\/\/meskernel.net\/tr\/wp-json\/wp\/v2\/product_brand?post=2737"},{"taxonomy":"product_cat","embeddable":true,"href":"https:\/\/meskernel.net\/tr\/wp-json\/wp\/v2\/product_cat?post=2737"},{"taxonomy":"product_tag","embeddable":true,"href":"https:\/\/meskernel.net\/tr\/wp-json\/wp\/v2\/product_tag?post=2737"}],"curies":[{"name":"wp","href":"https:\/\/api.w.org\/{rel}","templated":true}]}}