{"id":2742,"date":"2024-11-25T17:51:09","date_gmt":"2024-11-25T09:51:09","guid":{"rendered":"https:\/\/meskernel.net\/?post_type=product&#038;p=2742"},"modified":"2025-07-03T13:45:18","modified_gmt":"2025-07-03T05:45:18","slug":"tasinabilir-telemetre","status":"publish","type":"product","link":"https:\/\/meskernel.net\/tr\/product\/portable-rangefinder\/","title":{"rendered":"Ta\u015f\u0131nabilir Telemetre 1200m"},"content":{"rendered":"<h3>3000m Menzilli Ta\u015f\u0131nabilir Telemetre - Y\u00fcksek Do\u011fruluk \u00b10,5m, Kompakt ve G\u00fc\u00e7l\u00fc \u00d6l\u00e7\u00fcm Arac\u0131<\/h3>\n<p>Bir lazerli Portatif telemetre, lazer teknolojisini kullanarak bir hedefe olan mesafeyi \u00f6l\u00e7er. A\u015fa\u011f\u0131dakilere g\u00f6re \u00e7al\u0131\u015f\u0131r <a href=\"https:\/\/meskernel.net\/tr\/ucus-zamani\/\"><strong>U\u00e7u\u015f S\u00fcresi (ToF)<\/strong><\/a> prensibine g\u00f6re, bir lazer \u0131\u015f\u0131n\u0131n\u0131n hedefe gitmesi ve sens\u00f6re geri yans\u0131mas\u0131 i\u00e7in ge\u00e7en s\u00fcre hesaplan\u0131r.<\/p>\n<p>PTFG serisi lazer telemetre teleskopu, y\u00fcksek ge\u00e7irgenli\u011fe sahip bir LCD ekran, y\u00fcksek kaliteli 6x monok\u00fcler teleskop ve parlak ve net bir g\u00f6r\u00fc\u015f alan\u0131na sahip \u00e7ok katmanl\u0131 kaplama kullan\u0131r. Mesafeden ba\u011f\u0131ms\u0131z olarak h\u0131zl\u0131 ve istikrarl\u0131 \u00f6l\u00e7\u00fcm sa\u011flayabilir. Golf, avc\u0131l\u0131k, d\u0131\u015f mekan in\u015faat\u0131 ve di\u011fer sahnelerde yayg\u0131n olarak kullan\u0131lmaktad\u0131r. Mesafe \u00f6l\u00e7\u00fcm prensibi: Telemetre, g\u00fcvenli bir 905nm lazer (S\u0131n\u0131f I, insan g\u00f6z\u00fc i\u00e7in g\u00fcvenli, g\u00f6r\u00fcnmez) yayar ve lazerin emisyondan hedef nesneye geri d\u00f6nmesi i\u00e7in ge\u00e7en s\u00fcreyi, hedef nesnenin mesafesini elde etmek i\u00e7in \u0131\u015f\u0131k h\u0131z\u0131n\u0131n yar\u0131s\u0131 ile \u00e7arparak kullan\u0131r.<\/p>\n<p>Lazer Mesafe \u00d6l\u00e7er ile hassasiyeti daha \u00f6nce hi\u00e7 olmad\u0131\u011f\u0131 gibi ya\u015fay\u0131n. \u0130ster in\u015faat, \u00f6l\u00e7\u00fcm, ister a\u00e7\u0131k hava merakl\u0131s\u0131 bir profesyonel olun, bu lazer mesafe bulucu benzersiz bir do\u011fruluk ve hareket halindeyken kullan\u0131m i\u00e7in m\u00fckemmel olan kompakt bir tasar\u0131m sunar. Golf, avc\u0131l\u0131k ve daha fazlas\u0131 dahil olmak \u00fczere \u00e7e\u015fitli uygulamalar i\u00e7in 3000 metreye kadar \u00f6l\u00e7\u00fcm aral\u0131\u011f\u0131 ile ola\u011fan\u00fcst\u00fc do\u011fruluk sa\u011flar.<\/p>\n<figure id=\"attachment_3476\" aria-describedby=\"caption-attachment-3476\" style=\"width: 1460px\" class=\"wp-caption aligncenter\"><img fetchpriority=\"high\" decoding=\"async\" class=\"wp-image-3476 size-full\" src=\"https:\/\/meskernel.net\/wp-content\/uploads\/2024\/11\/laser-rangefinder-1.jpg\" alt=\"lazer telemetre\" width=\"1460\" height=\"600\" srcset=\"https:\/\/meskernel.net\/wp-content\/uploads\/2024\/11\/laser-rangefinder-1.jpg 1460w, https:\/\/meskernel.net\/wp-content\/uploads\/2024\/11\/laser-rangefinder-1-300x123.jpg 300w, https:\/\/meskernel.net\/wp-content\/uploads\/2024\/11\/laser-rangefinder-1-1024x421.jpg 1024w, https:\/\/meskernel.net\/wp-content\/uploads\/2024\/11\/laser-rangefinder-1-768x316.jpg 768w, https:\/\/meskernel.net\/wp-content\/uploads\/2024\/11\/laser-rangefinder-1-400x164.jpg 400w\" sizes=\"(max-width: 1460px) 100vw, 1460px\" \/><figcaption id=\"caption-attachment-3476\" class=\"wp-caption-text\">d\u00fcrb\u00fcnl\u00fc telemetre<\/figcaption><\/figure>\n<hr \/>\n<h3>Temel \u00d6zellikler<\/h3>\n<p><strong>Her \u0130htiyaca Uygun \u00c7oklu \u00d6l\u00e7\u00fcm Aral\u0131klar\u0131<\/strong><\/p>\n<p>D\u00fcrb\u00fcnl\u00fc telemetre cihaz\u0131m\u0131z 3-800m, 3-1000m, 3-1200m, 3-1500m ve 3-3000m modelleri dahil olmak \u00fczere \u00e7e\u015fitli menzil se\u00e7eneklerine sahiptir. Bu \u00e7ok y\u00f6nl\u00fcl\u00fck, ister geni\u015f a\u00e7\u0131k alanlar\u0131 \u00f6l\u00e7meniz ister daha dar alanlarda \u00e7al\u0131\u015fman\u0131z gerekse de farkl\u0131 etkinlikler i\u00e7in ideal bir ara\u00e7 olmas\u0131n\u0131 sa\u011flar. \u00d6zel gereksinimlerinize en uygun aral\u0131\u011f\u0131 se\u00e7in.<\/p>\n<p><strong>G\u00fcvenilir Sonu\u00e7lar i\u00e7in Y\u00fcksek Do\u011fruluk<\/strong><\/p>\n<p>kadar d\u00fc\u015f\u00fck bir hata pay\u0131 ile hassasiyet elde edin<strong> \u00b1<\/strong>0,5 m ila \u00b11 m. Bu y\u00fcksek do\u011fruluk seviyesi, ister arazi \u00f6l\u00e7\u00fcm\u00fc yap\u0131yor olun, ister in\u015faat projeleri i\u00e7in \u00f6l\u00e7\u00fcm yap\u0131yor olun, ister golf veya avc\u0131l\u0131k gibi e\u011flence sporlar\u0131yla u\u011fra\u015f\u0131yor olun, her ortamda g\u00fcvenilir ve hassas \u00f6l\u00e7\u00fcmler sa\u011flamak i\u00e7in bu alete g\u00fcvenebilirsiniz.<\/p>\n<p><strong>Ta\u015f\u0131nabilirlik i\u00e7in Kompakt ve Hafif Tasar\u0131m<\/strong><\/p>\n<p>Yaln\u0131zca 105x75x35 mm a\u011f\u0131rl\u0131\u011f\u0131ndaki bu ta\u015f\u0131nabilir alet, hem hafif hem de kompakt olacak \u015fekilde tasarlanm\u0131\u015ft\u0131r. \u0130ster \u015fantiyede, ister da\u011fda y\u00fcr\u00fcy\u00fc\u015fte ya da golf sahas\u0131nda, nereye giderseniz gidin zahmetsizce ta\u015f\u0131y\u0131n. K\u00fc\u00e7\u00fck boyutu saklamay\u0131 kolayla\u015ft\u0131r\u0131rken, dayan\u0131kl\u0131l\u0131\u011f\u0131 zorlu ko\u015fullara dayanmas\u0131n\u0131 sa\u011flar.<\/p>\n<p><strong>Maksimum G\u00fcvenlik i\u00e7in S\u0131n\u0131f I Lazer<\/strong><\/p>\n<p>Bu cihazda kullan\u0131lan S\u0131n\u0131f I lazer 905nm dalga boyunda \u00e7al\u0131\u015farak normal kullan\u0131m s\u0131ras\u0131nda g\u00f6z i\u00e7in g\u00fcvenli olmas\u0131n\u0131 sa\u011flar. \u0130ster profesyonel ister e\u011flence ama\u00e7l\u0131 kullan\u0131yor olun, lazerin g\u00fcvenli oldu\u011funu ve g\u00fcvenlik standartlar\u0131na uygun oldu\u011funu bilerek kendinizi g\u00fcvende hissedebilirsiniz.<\/p>\n<p><strong>Her Meslek ve Hobi i\u00e7in \u00c7ok Y\u00f6nl\u00fc Uygulamalar<\/strong><\/p>\n<p>Bu mesafe bulucu, emlaktan peyzaja, golfe, avc\u0131l\u0131\u011fa, in\u015faata ve hatta \u00f6l\u00e7\u00fcme kadar geni\u015f bir kullan\u0131m yelpazesi i\u00e7in m\u00fckemmeldir. \u00c7ok y\u00f6nl\u00fc yetenekleri, onu do\u011fru mesafe \u00f6l\u00e7\u00fcmlerine ihtiya\u00e7 duyan herkes i\u00e7in sahip olunmas\u0131 gereken bir ara\u00e7 haline getirir.<\/p>\n<hr \/>\n<h3>OEM ve ODM \u00d6zelle\u015ftirme Hizmetleri<\/h3>\n<p>\u0130\u015fletmelerin ve end\u00fcstrilerin benzersiz ihtiya\u00e7lar\u0131n\u0131 kar\u015f\u0131lamak i\u00e7in kapsaml\u0131 OEM ve ODM \u00f6zelle\u015ftirme hizmetleri sunuyoruz. \u00d6zel \u00e7\u00f6z\u00fcmler ar\u0131yorsan\u0131z, lazer telemetreyi \u00f6zel gereksinimlerinize uyacak \u015fekilde de\u011fi\u015ftirebiliriz. \u0130ster \u00f6zelle\u015ftirilmi\u015f lazer telemetre mod\u00fcllerine ister komple \u00fcr\u00fcn de\u011fi\u015fikliklerine ihtiyac\u0131n\u0131z olsun, hedeflerinizi desteklemek i\u00e7in esnek se\u00e7enekler sunuyoruz.<\/p>\n<h4><strong>\u00d6zel Lazer Telemetre Mod\u00fclleri<\/strong><\/h4>\n<p>OEM ve ODM hizmetlerimiz sayesinde, lazer telemetrenin menzilini, tasar\u0131m\u0131n\u0131 veya \u00f6zelliklerini ihtiya\u00e7lar\u0131n\u0131za g\u00f6re ayarlayabiliriz. Projeniz veya markan\u0131z i\u00e7in cihaz\u0131n \u00f6zel bir versiyonuna ihtiyac\u0131n\u0131z varsa, ekibimiz i\u015fbirli\u011fi yapmaya ve teslim etmeye haz\u0131rd\u0131r.<\/p>\n<h4><strong>\u0130\u015fletmenize \u00d6zel \u00c7\u00f6z\u00fcmler<\/strong><\/h4>\n<p>Ekibimiz, hedeflerinizle uyumlu \u00f6zel bir lazer mesafe bulucu olu\u015fturmak i\u00e7in do\u011frudan i\u015fletmenizle birlikte \u00e7al\u0131\u015f\u0131r. Cihaz\u0131 markan\u0131z\u0131n tasar\u0131m\u0131na uyacak \u015fekilde modifiye etmekten teknik \u00f6zellikleri ayarlamaya kadar, \u00f6zelle\u015ftirme hizmetlerimiz tam olarak ihtiyac\u0131n\u0131z olan\u0131 sunmak i\u00e7in tasarlanm\u0131\u015ft\u0131r.<\/p>\n<h4><strong>Her Boyutta Sipari\u015f i\u00e7in \u00d6l\u00e7eklenebilir \u00dcretim<\/strong><\/h4>\n<p>\u0130ster birka\u00e7 birim ister b\u00fcy\u00fck bir parti sipari\u015f ediyor olun, talebinizi kar\u015f\u0131lamak i\u00e7in \u00f6l\u00e7eklenebilir \u00fcretim kapasitelerine sahibiz. Deneyimli ekibimiz, sipari\u015finizin boyutu ne olursa olsun tutarl\u0131 kalite ve zaman\u0131nda teslimat sa\u011flar.<\/p>\n<hr \/>\n<h3>S\u0131k\u00e7a Sorulan Sorular<\/h3>\n<h4><strong>Ta\u015f\u0131nabilir Lazer Telemetre ne kadar do\u011fru?<\/strong><\/h4>\n<p>Menzil bulucu, a\u015fa\u011f\u0131daki hata pay\u0131 ile y\u00fcksek do\u011fruluk sunar <strong>\u00b1<\/strong>0,5m ila \u00b11m, hem profesyonel hem de ki\u015fisel uygulamalar i\u00e7in idealdir.<\/p>\n<h4><strong>Lazer telemetrenin maksimum menzili nedir?<\/strong><\/h4>\n<p>Bu cihaz 800m, 1000m, 1200m, 1500m ve 3000m'ye kadar menzillere sahip birden fazla modelde mevcuttur ve size her \u00f6l\u00e7\u00fcm ihtiyac\u0131 i\u00e7in bir menzil se\u00e7ene\u011fi sunar.<\/p>\n<h4><strong>Lazer telemetreyi parlak g\u00fcne\u015f \u0131\u015f\u0131\u011f\u0131nda kullanabilir miyim?<\/strong><\/h4>\n<p>Evet, bu cihaz parlak g\u00fcne\u015f \u0131\u015f\u0131\u011f\u0131nda bile m\u00fckemmel performans g\u00f6stererek \u00e7e\u015fitli d\u0131\u015f ortamlarda net g\u00f6r\u00fcn\u00fcrl\u00fck ve do\u011fru \u00f6l\u00e7\u00fcmler sa\u011flar.<\/p>\n<h4><strong>Lazer telemetrenin kullan\u0131m\u0131 g\u00fcvenli mi?<\/strong><\/h4>\n<p>Evet, lazer mesafe bulucu, hem profesyonel hem de e\u011flence ama\u00e7l\u0131 kullan\u0131m i\u00e7in g\u00f6ze zarar vermeyen ve g\u00fcvenlik standartlar\u0131na uygun olan S\u0131n\u0131f I lazer kullan\u0131r.<\/p>\n<h4><strong>Ta\u015f\u0131nabilir Lazer Telemetre hangi uygulamalar i\u00e7in uygundur?<\/strong><\/h4>\n<p>D\u00fcrb\u00fcnl\u00fc telemetre golf, avc\u0131l\u0131k, in\u015faat, peyzaj, \u00f6l\u00e7me ve daha bir\u00e7ok profesyonel veya e\u011flence ama\u00e7l\u0131 faaliyet i\u00e7in idealdir.<\/p>\n<h4><strong>Rangefinder i\u00e7in \u00f6zelle\u015ftirme sunuyor musunuz?<\/strong><\/h4>\n<p>Evet, lazer telemetreyi \u00f6zel ihtiya\u00e7lar\u0131n\u0131za g\u00f6re \u00f6zelle\u015ftirmek i\u00e7in kapsaml\u0131 OEM ve ODM hizmetleri sunuyoruz. \u0130ster menzili ister tasar\u0131m\u0131 de\u011fi\u015ftirin, size \u00f6zel \u00e7\u00f6z\u00fcmler sunuyoruz.<\/p>\n<hr \/>\n<p>Etkileyici menzili, y\u00fcksek do\u011frulu\u011fu, kompakt tasar\u0131m\u0131 ve \u00f6zelle\u015ftirme se\u00e7enekleri ile d\u00fcrb\u00fcnl\u00fc telemetre, hassas mesafe \u00f6l\u00e7\u00fcm\u00fc i\u00e7in m\u00fckemmel bir ara\u00e7t\u0131r. \u0130ster ara\u015ft\u0131rmac\u0131, ister m\u00fcteahhit veya a\u00e7\u0131k hava merakl\u0131s\u0131 olun, bu cihaz ihtiyac\u0131n\u0131z olan g\u00fcvenilirli\u011fi ve performans\u0131 sunar.<\/p>\n<p>Lazer mesafe \u00f6l\u00e7erinizi bug\u00fcn sipari\u015f edin ve \u00f6l\u00e7\u00fcmlerinizi bir \u00fcst seviyeye ta\u015f\u0131y\u0131n!<\/p>","protected":false},"excerpt":{"rendered":"<p>3000m'ye kadar \u00f6l\u00e7\u00fcm menziline sahip y\u00fcksek hassasiyetli Ta\u015f\u0131nabilir Telemetreyi ke\u015ffedin ve <strong>\u00b1<\/strong>0,5 m hassasiyet. A\u00e7\u0131k hava merakl\u0131lar\u0131, profesyoneller ve i\u015fletmeler i\u00e7in m\u00fckemmel olan bu kompakt lazer \u00f6l\u00e7\u00fcm arac\u0131, \u00f6zel \u00e7\u00f6z\u00fcmler i\u00e7in OEM ve ODM \u00f6zelle\u015ftirme hizmetleri sunar. \u00d6l\u00e7me, in\u015faat, golf, avc\u0131l\u0131k ve daha fazlas\u0131 i\u00e7in idealdir. G\u00fcvenli, hafif ve \u00e7ok y\u00f6nl\u00fc olan bu \u00fcr\u00fcn, hareket halindeyken do\u011fru mesafe \u00f6l\u00e7\u00fcmleri i\u00e7in m\u00fckemmel bir ara\u00e7t\u0131r.<\/p>","protected":false},"featured_media":2745,"template":"","meta":{"site-sidebar-layout":"default","site-content-layout":"","ast-site-content-layout":"default","site-content-style":"default","site-sidebar-style":"default","ast-global-header-display":"","ast-banner-title-visibility":"","ast-main-header-display":"","ast-hfb-above-header-display":"","ast-hfb-below-header-display":"","ast-hfb-mobile-header-display":"","site-post-title":"","ast-breadcrumbs-content":"","ast-featured-img":"","footer-sml-layout":"","ast-disable-related-posts":"","theme-transparent-header-meta":"default","adv-header-id-meta":"","stick-header-meta":"","header-above-stick-meta":"","header-main-stick-meta":"","header-below-stick-meta":"","astra-migrate-meta-layouts":"set","ast-page-background-enabled":"default","ast-page-background-meta":{"desktop":{"background-color":"var(--ast-global-color-4)","background-image":"","background-repeat":"repeat","background-position":"center center","background-size":"auto","background-attachment":"scroll","background-type":"","background-media":"","overlay-type":"","overlay-color":"","overlay-opacity":"","overlay-gradient":""},"tablet":{"background-color":"","background-image":"","background-repeat":"repeat","background-position":"center center","background-size":"auto","background-attachment":"scroll","background-type":"","background-media":"","overlay-type":"","overlay-color":"","overlay-opacity":"","overlay-gradient":""},"mobile":{"background-color":"","background-image":"","background-repeat":"repeat","background-position":"center center","background-size":"auto","background-attachment":"scroll","background-type":"","background-media":"","overlay-type":"","overlay-color":"","overlay-opacity":"","overlay-gradient":""}},"ast-content-background-meta":{"desktop":{"background-color":"var(--ast-global-color-5)","background-image":"","background-repeat":"repeat","background-position":"center center","background-size":"auto","background-attachment":"scroll","background-type":"","background-media":"","overlay-type":"","overlay-color":"","overlay-opacity":"","overlay-gradient":""},"tablet":{"background-color":"var(--ast-global-color-5)","background-image":"","background-repeat":"repeat","background-position":"center center","background-size":"auto","background-attachment":"scroll","background-type":"","background-media":"","overlay-type":"","overlay-color":"","overlay-opacity":"","overlay-gradient":""},"mobile":{"background-color":"var(--ast-global-color-5)","background-image":"","background-repeat":"repeat","background-position":"center center","background-size":"auto","background-attachment":"scroll","background-type":"","background-media":"","overlay-type":"","overlay-color":"","overlay-opacity":"","overlay-gradient":""}}},"product_brand":[60],"product_cat":[29],"product_tag":[59],"class_list":{"0":"post-2742","1":"product","2":"type-product","3":"status-publish","4":"has-post-thumbnail","6":"product_brand-meskernel","7":"product_cat-laser-measurement-tool","8":"product_tag-advantage","9":"desktop-align-center","10":"tablet-align-left","11":"mobile-align-left","13":"first","14":"instock","15":"shipping-taxable","16":"product-type-simple"},"_links":{"self":[{"href":"https:\/\/meskernel.net\/tr\/wp-json\/wp\/v2\/product\/2742","targetHints":{"allow":["GET"]}}],"collection":[{"href":"https:\/\/meskernel.net\/tr\/wp-json\/wp\/v2\/product"}],"about":[{"href":"https:\/\/meskernel.net\/tr\/wp-json\/wp\/v2\/types\/product"}],"version-history":[{"count":0,"href":"https:\/\/meskernel.net\/tr\/wp-json\/wp\/v2\/product\/2742\/revisions"}],"wp:featuredmedia":[{"embeddable":true,"href":"https:\/\/meskernel.net\/tr\/wp-json\/wp\/v2\/media\/2745"}],"wp:attachment":[{"href":"https:\/\/meskernel.net\/tr\/wp-json\/wp\/v2\/media?parent=2742"}],"wp:term":[{"taxonomy":"product_brand","embeddable":true,"href":"https:\/\/meskernel.net\/tr\/wp-json\/wp\/v2\/product_brand?post=2742"},{"taxonomy":"product_cat","embeddable":true,"href":"https:\/\/meskernel.net\/tr\/wp-json\/wp\/v2\/product_cat?post=2742"},{"taxonomy":"product_tag","embeddable":true,"href":"https:\/\/meskernel.net\/tr\/wp-json\/wp\/v2\/product_tag?post=2742"}],"curies":[{"name":"wp","href":"https:\/\/api.w.org\/{rel}","templated":true}]}}