{"id":2818,"date":"2024-11-28T15:04:19","date_gmt":"2024-11-28T07:04:19","guid":{"rendered":"https:\/\/meskernel.net\/?post_type=product&#038;p=2818"},"modified":"2025-07-03T13:44:02","modified_gmt":"2025-07-03T05:44:02","slug":"hassas-mesafe-sensoru","status":"publish","type":"product","link":"https:\/\/meskernel.net\/tr\/product\/precision-distance-sensor\/","title":{"rendered":"IP54 Hassas Mesafe Sens\u00f6r\u00fc \u00c7oklu \u0130leti\u015fim Aray\u00fcz\u00fc 100 metre"},"content":{"rendered":"<p>Hassas Mesafe Sens\u00f6r\u00fcm\u00fcz, \u00e7e\u015fitli end\u00fcstriyel, bilimsel ve otomasyon uygulamalar\u0131 i\u00e7in ideal bir \u00e7\u00f6z\u00fcm haline getirerek do\u011fru ve g\u00fcvenilir mesafe \u00f6l\u00e7\u00fcmleri sa\u011flamak \u00fczere tasarlanm\u0131\u015ft\u0131r. Sa\u011flam end\u00fcstriyel koruyucu muhafazas\u0131, esnek ileti\u015fim se\u00e7enekleri ve \u00f6zelle\u015ftirilebilir \u00f6zellikleri ile bu sens\u00f6r, her sisteme sorunsuz entegrasyon sa\u011flar. Lider bir \u00fcretici olarak, parametre ayarlamalar\u0131ndan tam tasar\u0131m \u00f6zelle\u015ftirmesine kadar \u00f6zel ihtiya\u00e7lar\u0131n\u0131z\u0131 kar\u015f\u0131lamak i\u00e7in OEM ve ODM hizmetleri sunuyoruz.<\/p>\n<h3>Hassas Mesafe Sens\u00f6r\u00fcn\u00fcn Temel \u00d6zellikleri<\/h3>\n<ul>\n<li><strong>Geni\u015f \u00d6l\u00e7\u00fcm Aral\u0131\u011f\u0131: 0.03m ila 200m<\/strong><\/li>\n<\/ul>\n<p style=\"padding-left: 40px;\">Hassas Mesafe Sens\u00f6r\u00fc, 0,03m ila 100m\/150m\/200m aras\u0131nda etkileyici bir \u00f6l\u00e7\u00fcm aral\u0131\u011f\u0131na sahiptir ve hem k\u0131sa hem de uzun menzilli mesafe \u00f6l\u00e7\u00fcmleri i\u00e7in ola\u011fan\u00fcst\u00fc \u00e7ok y\u00f6nl\u00fcl\u00fck sa\u011flar. \u0130ster k\u00fc\u00e7\u00fck \u00f6l\u00e7ekli projeler ister b\u00fcy\u00fck end\u00fcstriyel uygulamalar \u00fczerinde \u00e7al\u0131\u015f\u0131yor olun, bu sens\u00f6r gereksinimlerinize uyum sa\u011flayabilir ve \u00e7ok \u00e7e\u015fitli mesafelerde tutarl\u0131 do\u011fruluk sunar.<\/p>\n<ul>\n<li><strong>Ola\u011fan\u00fcst\u00fc Do\u011fruluk ve Hassasiyet<\/strong><\/li>\n<\/ul>\n<p style=\"padding-left: 40px;\">Do\u011fruluk oran\u0131 ile <strong>\u00b1<\/strong>(3mm + D \u00d7 (1\/10000)), burada D \u00f6l\u00e7\u00fclen mesafedir, bu sens\u00f6r en zorlu ortamlarda bile y\u00fcksek hassasiyetli performans sa\u011flar. Form\u00fcl, minimum hata ile ince ayarl\u0131 \u00f6l\u00e7\u00fcmlere olanak tan\u0131yarak robotik, otomatik sistemler ve \u00f6l\u00e7me gibi her milimetrenin \u00f6nemli oldu\u011fu uygulamalar i\u00e7in uygun hale getirir.<\/p>\n<ul>\n<li><strong>\u00c7oklu \u0130leti\u015fim Aray\u00fczleri: TTL, RS485, RS232<\/strong><\/li>\n<\/ul>\n<p style=\"padding-left: 40px;\">Herhangi bir sisteme kolay entegrasyon i\u00e7in sens\u00f6r\u00fcm\u00fcz TTL, RS485 ve RS232 ileti\u015fim aray\u00fczlerini destekler. Bu \u00e7ok y\u00f6nl\u00fc se\u00e7enekler, ister mikro denetleyiciler, ister PLC sistemleri veya di\u011fer end\u00fcstriyel kontrol cihazlar\u0131 kullan\u0131yor olun, sens\u00f6r\u00fc \u00e7ok \u00e7e\u015fitli ekipmanlara ba\u011flamay\u0131 kolayla\u015ft\u0131r\u0131r. Bu esneklik, sens\u00f6r\u00fcn \u00f6zel projenizin ba\u011flant\u0131 ihtiya\u00e7lar\u0131n\u0131 kar\u015f\u0131layabilmesini sa\u011flar.<\/p>\n<ul>\n<li><strong>Sa\u011flam End\u00fcstriyel Koruyucu Muhafaza<\/strong><\/li>\n<\/ul>\n<p style=\"padding-left: 40px;\">Zorlu \u00e7al\u0131\u015fma ko\u015fullar\u0131na dayanacak \u015fekilde tasarlanan Hassas Mesafe Sens\u00f6r\u00fc, dayan\u0131kl\u0131 bir end\u00fcstriyel koruyucu muhafaza i\u00e7ine yerle\u015ftirilmi\u015ftir (Boyut:<strong> LDJ-P4 85.00 x 62.00 x 22.00mm<\/strong>). Bu koruyucu muhafaza sens\u00f6r\u00fc toza, neme ve mekanik hasara kar\u015f\u0131 koruyarak fabrikalar, \u015fantiyeler ve a\u00e7\u0131k alanlar gibi zorlu ortamlarda g\u00fcvenilir performans sa\u011flar.<\/p>\n<ul>\n<li><strong>Geni\u015f Frekans Aral\u0131\u011f\u0131: 3Hz ila 20Hz<\/strong><\/li>\n<\/ul>\n<p style=\"padding-left: 40px;\">3Hz ila 20Hz frekans aral\u0131\u011f\u0131nda \u00e7al\u0131\u015fan sens\u00f6r, ger\u00e7ek zamanl\u0131 veri toplama sa\u011flayarak dinamik ve h\u0131zl\u0131 uygulamalar i\u00e7in m\u00fckemmeldir. \u0130ster a\u015fa\u011f\u0131dakiler i\u00e7in kullan\u0131n<strong> ger\u00e7ek-<\/strong>zaman nesne takibi, konumland\u0131rma sistemleri veya mesafe haritalama, sens\u00f6r tutarl\u0131 ve do\u011fru sonu\u00e7lar sa\u011flayabilir.<\/p>\n<ul>\n<li><strong>\u00d6zelle\u015ftirilebilir Parametreler ile Kolay Kurulum<\/strong><\/li>\n<\/ul>\n<p style=\"padding-left: 40px;\">Hassas Mesafe Sens\u00f6r\u00fc kolay kurulum ve h\u0131zl\u0131 kurulum i\u00e7in tasarlanm\u0131\u015ft\u0131r. Her uygulaman\u0131n benzersiz oldu\u011funu biliyoruz, bu nedenle belirli proje ihtiya\u00e7lar\u0131n\u0131 kar\u015f\u0131lamak i\u00e7in \u00f6zelle\u015ftirilebilir parametreler sunuyoruz. \u00d6l\u00e7\u00fcm aral\u0131\u011f\u0131n\u0131, do\u011frulu\u011fu veya di\u011fer performans parametrelerini ayarlaman\u0131z gerekip gerekmedi\u011fine bak\u0131lmaks\u0131z\u0131n, sens\u00f6r\u00fc tam gereksinimlerinize uyacak \u015fekilde uyarlayabiliriz. Ayr\u0131ca, bir \u00fcretici olarak, sens\u00f6r\u00fcn tasar\u0131m\u0131n\u0131n ve \u00f6zelliklerinin tamamen \u00f6zelle\u015ftirilmesine olanak tan\u0131yan hem OEM hem de ODM hizmetleri sunuyoruz.<\/p>\n<h3>Neden Hassas Mesafe Sens\u00f6r\u00fcm\u00fcz\u00fc Se\u00e7melisiniz?<\/h3>\n<p>G\u00fcvenilir bir \u00fcretici olarak, bizi di\u011ferlerinden ay\u0131ran \u00e7e\u015fitli avantajlar sunuyoruz:<\/p>\n<ul>\n<li><strong>Rekabet\u00e7i Fiyatland\u0131rma:<\/strong> Yat\u0131r\u0131m\u0131n\u0131z\u0131n kar\u015f\u0131l\u0131\u011f\u0131n\u0131 en iyi \u015fekilde alman\u0131z\u0131 sa\u011flamak i\u00e7in fabrika \u00e7\u0131k\u0131\u015f fiyatlar\u0131yla y\u00fcksek kaliteli sens\u00f6rler sunuyoruz.<\/li>\n<li><strong>\u00d6zel \u00c7\u00f6z\u00fcmler:<\/strong> OEM ve ODM yeteneklerimiz, ihtiya\u00e7lar\u0131n\u0131za g\u00f6re uyarlanm\u0131\u015f belirli parametrelere sahip sens\u00f6rler olu\u015fturmam\u0131za olanak tan\u0131r. \u0130ster \u00f6zel bir muhafaza boyutuna, ister \u00f6zel ileti\u015fim protokollerine veya farkl\u0131 aral\u0131k se\u00e7eneklerine ihtiyac\u0131n\u0131z olsun, uygulaman\u0131z i\u00e7in m\u00fckemmel \u015fekilde \u00e7al\u0131\u015fan bir \u00e7\u00f6z\u00fcm tasarlayabiliriz.<\/li>\n<li><strong>G\u00fcvenilir Hizmet ve Destek:<\/strong> Uzmanlardan olu\u015fan \u00f6zel bir ekiple, \u00fcr\u00fcn ya\u015fam d\u00f6ng\u00fcs\u00fc boyunca kapsaml\u0131 sat\u0131\u015f sonras\u0131 destek ve rehberlik sunuyoruz. Kurulum yard\u0131m\u0131ndan s\u00fcrekli teknik deste\u011fe kadar, ba\u015far\u0131n\u0131z\u0131 sa\u011flamaya kararl\u0131y\u0131z.<\/li>\n<li><strong>Y\u00fcksek Kalite ve Dayan\u0131kl\u0131l\u0131k:<\/strong> Hassas Mesafe Sens\u00f6r\u00fcm\u00fcz, sa\u011flam yap\u0131s\u0131 ve en kaliteli bile\u015fenleriyle uzun \u00f6m\u00fcrl\u00fc olacak \u015fekilde \u00fcretilmi\u015ftir. Her sens\u00f6r\u00fcn en y\u00fcksek performans kriterlerini kar\u015f\u0131lamas\u0131n\u0131 sa\u011flamak i\u00e7in s\u0131k\u0131 kalite kontrol standartlar\u0131n\u0131 s\u00fcrd\u00fcr\u00fcyoruz.<\/li>\n<\/ul>\n<h3>Hassas Mesafe Sens\u00f6r\u00fc Uygulamalar\u0131:<\/h3>\n<p>Hassas Mesafe Sens\u00f6r\u00fc, a\u015fa\u011f\u0131dakiler de dahil olmak \u00fczere \u00e7e\u015fitli uygulamalar i\u00e7in m\u00fckemmeldir:<\/p>\n<ul>\n<li><strong>End\u00fcstriyel Otomasyon:<\/strong> Otomatik sistemlerde hassas mesafe \u00f6l\u00e7\u00fcm\u00fc, nesne alg\u0131lama ve konum izleme i\u00e7in idealdir.<\/li>\n<li><strong>Robotik ve Otonom Ara\u00e7lar:<\/strong> Robotik ve otonom sistemlerde engellerden ka\u00e7\u0131nma, mesafe \u00f6l\u00e7\u00fcm\u00fc ve navigasyon i\u00e7in m\u00fckemmeldir.<\/li>\n<li><strong>\u00d6l\u00e7me ve \u0130n\u015faat:<\/strong> Topografya, bina tasar\u0131m\u0131 ve \u015fantiye haritalamas\u0131 i\u00e7in do\u011fru \u00f6l\u00e7\u00fcmler.<\/li>\n<li><strong><a href=\"https:\/\/meskernel.net\/tr\/uygulama\/cevresel-izleme\/\">\u00c7evresel \u0130zleme<\/a>:<\/strong> Bitki b\u00fcy\u00fcmesini izleme, arazi haritalama veya arazi et\u00fcd\u00fc uygulamalar\u0131 gibi d\u0131\u015f ortamlarda mesafeleri \u00f6l\u00e7mek i\u00e7in kullan\u0131l\u0131r.<\/li>\n<li><strong>Malzeme Ta\u015f\u0131ma ve Lojistik:<\/strong> Depo otomasyonu, konvey\u00f6r bant sistemleri ve ger\u00e7ek zamanl\u0131 envanter y\u00f6netiminde etkilidir.<\/li>\n<\/ul>\n<p>Hassas Mesafe Sens\u00f6r\u00fcm\u00fcz uygun fiyatl\u0131, y\u00fcksek performansl\u0131 bir mesafe \u00f6l\u00e7\u00fcm \u00e7\u00f6z\u00fcm\u00fc arayanlar i\u00e7in m\u00fckemmel bir se\u00e7imdir. Kolay kurulumu, \u00f6zelle\u015ftirilebilir se\u00e7enekleri ve end\u00fcstriyel s\u0131n\u0131f dayan\u0131kl\u0131l\u0131\u011f\u0131 ile zorlu uygulamalar i\u00e7in gereken do\u011frulu\u011fu ve g\u00fcvenilirli\u011fi sa\u011flar. OEM ve ODM hizmetleri sunan bir \u00fcretici olarak, benzersiz ihtiya\u00e7lar\u0131n\u0131za uygun \u00f6zel \u00e7\u00f6z\u00fcmler sunmaya kararl\u0131y\u0131z. Bu \u00e7ok y\u00f6nl\u00fc hassas mesafe sens\u00f6r\u00fcn\u00fc projenize entegre etmenize nas\u0131l yard\u0131mc\u0131 olabilece\u011fimizi \u00f6\u011frenmek i\u00e7in bug\u00fcn bize ula\u015f\u0131n.<\/p>","protected":false},"excerpt":{"rendered":"<p>Y\u00fcksek performansl\u0131, \u00f6zelle\u015ftirilebilir bir Hassas Mesafe Sens\u00f6r\u00fc m\u00fc ar\u0131yorsunuz? Sens\u00f6r\u00fcm\u00fcz geni\u015f bir \u00f6l\u00e7\u00fcm aral\u0131\u011f\u0131 (0,03m ila 200m), ola\u011fan\u00fcst\u00fc do\u011fruluk ve \u00e7oklu ileti\u015fim aray\u00fczleri (TTL, RS485, RS232) sunar. Sa\u011flam bir end\u00fcstriyel koruyucu muhafaza i\u00e7ine yerle\u015ftirilmi\u015f olan bu sens\u00f6r end\u00fcstriyel, robotik ve otomasyon uygulamalar\u0131 i\u00e7in m\u00fckemmeldir. \u00d6zel ihtiya\u00e7lar\u0131n\u0131z i\u00e7in parametreleri \u00f6zelle\u015ftirmenize olanak tan\u0131yan OEM ve ODM hizmetleri sunuyoruz. Fabrikadan do\u011frudan fiyatland\u0131rman\u0131n, g\u00fcvenilir hizmetin ve en y\u00fcksek kaliteli performans\u0131n keyfini \u00e7\u0131kar\u0131n.<\/p>","protected":false},"featured_media":2820,"template":"","meta":{"site-sidebar-layout":"default","site-content-layout":"","ast-site-content-layout":"default","site-content-style":"default","site-sidebar-style":"default","ast-global-header-display":"","ast-banner-title-visibility":"","ast-main-header-display":"","ast-hfb-above-header-display":"","ast-hfb-below-header-display":"","ast-hfb-mobile-header-display":"","site-post-title":"","ast-breadcrumbs-content":"","ast-featured-img":"","footer-sml-layout":"","ast-disable-related-posts":"","theme-transparent-header-meta":"default","adv-header-id-meta":"","stick-header-meta":"","header-above-stick-meta":"","header-main-stick-meta":"","header-below-stick-meta":"","astra-migrate-meta-layouts":"set","ast-page-background-enabled":"default","ast-page-background-meta":{"desktop":{"background-color":"var(--ast-global-color-4)","background-image":"","background-repeat":"repeat","background-position":"center center","background-size":"auto","background-attachment":"scroll","background-type":"","background-media":"","overlay-type":"","overlay-color":"","overlay-opacity":"","overlay-gradient":""},"tablet":{"background-color":"","background-image":"","background-repeat":"repeat","background-position":"center center","background-size":"auto","background-attachment":"scroll","background-type":"","background-media":"","overlay-type":"","overlay-color":"","overlay-opacity":"","overlay-gradient":""},"mobile":{"background-color":"","background-image":"","background-repeat":"repeat","background-position":"center center","background-size":"auto","background-attachment":"scroll","background-type":"","background-media":"","overlay-type":"","overlay-color":"","overlay-opacity":"","overlay-gradient":""}},"ast-content-background-meta":{"desktop":{"background-color":"var(--ast-global-color-5)","background-image":"","background-repeat":"repeat","background-position":"center center","background-size":"auto","background-attachment":"scroll","background-type":"","background-media":"","overlay-type":"","overlay-color":"","overlay-opacity":"","overlay-gradient":""},"tablet":{"background-color":"var(--ast-global-color-5)","background-image":"","background-repeat":"repeat","background-position":"center center","background-size":"auto","background-attachment":"scroll","background-type":"","background-media":"","overlay-type":"","overlay-color":"","overlay-opacity":"","overlay-gradient":""},"mobile":{"background-color":"var(--ast-global-color-5)","background-image":"","background-repeat":"repeat","background-position":"center center","background-size":"auto","background-attachment":"scroll","background-type":"","background-media":"","overlay-type":"","overlay-color":"","overlay-opacity":"","overlay-gradient":""}}},"product_brand":[60],"product_cat":[33],"product_tag":[],"class_list":{"0":"post-2818","1":"product","2":"type-product","3":"status-publish","4":"has-post-thumbnail","6":"product_brand-meskernel","7":"product_cat-industrial-laser-distance-sensors","8":"desktop-align-center","9":"tablet-align-left","10":"mobile-align-left","12":"first","13":"instock","14":"shipping-taxable","15":"product-type-simple"},"_links":{"self":[{"href":"https:\/\/meskernel.net\/tr\/wp-json\/wp\/v2\/product\/2818","targetHints":{"allow":["GET"]}}],"collection":[{"href":"https:\/\/meskernel.net\/tr\/wp-json\/wp\/v2\/product"}],"about":[{"href":"https:\/\/meskernel.net\/tr\/wp-json\/wp\/v2\/types\/product"}],"version-history":[{"count":0,"href":"https:\/\/meskernel.net\/tr\/wp-json\/wp\/v2\/product\/2818\/revisions"}],"wp:featuredmedia":[{"embeddable":true,"href":"https:\/\/meskernel.net\/tr\/wp-json\/wp\/v2\/media\/2820"}],"wp:attachment":[{"href":"https:\/\/meskernel.net\/tr\/wp-json\/wp\/v2\/media?parent=2818"}],"wp:term":[{"taxonomy":"product_brand","embeddable":true,"href":"https:\/\/meskernel.net\/tr\/wp-json\/wp\/v2\/product_brand?post=2818"},{"taxonomy":"product_cat","embeddable":true,"href":"https:\/\/meskernel.net\/tr\/wp-json\/wp\/v2\/product_cat?post=2818"},{"taxonomy":"product_tag","embeddable":true,"href":"https:\/\/meskernel.net\/tr\/wp-json\/wp\/v2\/product_tag?post=2818"}],"curies":[{"name":"wp","href":"https:\/\/api.w.org\/{rel}","templated":true}]}}