{"id":3018,"date":"2024-12-06T15:54:12","date_gmt":"2024-12-06T07:54:12","guid":{"rendered":"https:\/\/meskernel.net\/?post_type=product&#038;p=3018"},"modified":"2025-07-03T13:40:58","modified_gmt":"2025-07-03T05:40:58","slug":"olcum-sensoru","status":"publish","type":"product","link":"https:\/\/meskernel.net\/tr\/product\/measurement-sensor\/","title":{"rendered":"400Hz Lazer \u00d6l\u00e7\u00fcm Sens\u00f6r\u00fc Kolay Entegrasyon"},"content":{"rendered":"<p><strong style=\"font-size: 1.5em;\">G\u00fcvenilir Mesafe \u00d6l\u00e7\u00fcm\u00fc i\u00e7in \u00d6l\u00e7\u00fcm Sens\u00f6r\u00fc<\/strong><\/p>\n<p>Lazer \u00d6l\u00e7\u00fcm Sens\u00f6r\u00fc, mesafeyi \u00f6l\u00e7mek i\u00e7in darbeli lazer teknolojisini kullanan bir mod\u00fcld\u00fcr. Bir dizi darbeli lazer \u0131\u015f\u0131n\u0131 yayar ve lazer \u0131\u015f\u0131nlar\u0131n\u0131n gidi\u015f-d\u00f6n\u00fc\u015f s\u00fcresini \u00f6l\u00e7erek hedef nesne ile mod\u00fcl aras\u0131ndaki mesafeyi hesaplar. 905 nm insan g\u00f6z\u00fc i\u00e7in g\u00fcvenli, \u00f6zelle\u015ftirilebilir frekans (20-3500 Hz), hem i\u00e7 hem de d\u0131\u015f mekan i\u00e7in kullan\u0131labilir. H\u0131z \u00f6l\u00e7\u00fcm\u00fc, yer de\u011fi\u015ftirme \u00f6l\u00e7\u00fcm\u00fc, mesafe \u00f6l\u00e7\u00fcm\u00fc ve di\u011fer alanlarda yayg\u0131n olarak kullan\u0131labilir.<\/p>\n<figure id=\"attachment_2978\" aria-describedby=\"caption-attachment-2978\" style=\"width: 800px\" class=\"wp-caption aligncenter\"><img fetchpriority=\"high\" decoding=\"async\" class=\"wp-image-2978 size-full\" title=\"Lazer Menzil Sens\u00f6r\u00fc 700m\" src=\"https:\/\/meskernel.net\/wp-content\/uploads\/2024\/11\/Laser-Ranging-Sensor-PTFS.jpg\" alt=\"Lazer Menzil Sens\u00f6r\u00fc PTFS\" width=\"800\" height=\"800\" srcset=\"https:\/\/meskernel.net\/wp-content\/uploads\/2024\/11\/Laser-Ranging-Sensor-PTFS.jpg 800w, https:\/\/meskernel.net\/wp-content\/uploads\/2024\/11\/Laser-Ranging-Sensor-PTFS-300x300.jpg 300w, https:\/\/meskernel.net\/wp-content\/uploads\/2024\/11\/Laser-Ranging-Sensor-PTFS-150x150.jpg 150w, https:\/\/meskernel.net\/wp-content\/uploads\/2024\/11\/Laser-Ranging-Sensor-PTFS-768x768.jpg 768w, https:\/\/meskernel.net\/wp-content\/uploads\/2024\/11\/Laser-Ranging-Sensor-PTFS-400x400.jpg 400w, https:\/\/meskernel.net\/wp-content\/uploads\/2024\/11\/Laser-Ranging-Sensor-PTFS-100x100.jpg 100w\" sizes=\"(max-width: 800px) 100vw, 800px\" \/><figcaption id=\"caption-attachment-2978\" class=\"wp-caption-text\">Lazer Menzil Sens\u00f6r\u00fc PTFS<\/figcaption><\/figure>\n<h3>Temel \u00d6zellikler<\/h3>\n<ul>\n<li><strong>Orta Mesafe<\/strong><br \/>\n\u00c7oklu mesafe se\u00e7enekleri, 100 metre, 400 metre, 700 metre ve 1100 metre \u00f6l\u00e7\u00fcm aral\u0131klar\u0131 sa\u011flar.<\/li>\n<li><strong>Y\u00fcksek Frekans<\/strong><br \/>\n50-500 Hz aras\u0131nda de\u011fi\u015fen \u00f6zelle\u015ftirilebilir frekanslar, h\u0131zl\u0131 yan\u0131t s\u00fcreleri gerektiren uygulamalar i\u00e7in idealdir.<\/li>\n<li><strong>Kolay Entegrasyon<\/strong><br \/>\nKare yap\u0131n\u0131n sisteme entegrasyonu kolayd\u0131r.<\/li>\n<li><strong>Klasik Mod\u00fcl Dayan\u0131kl\u0131l\u0131kta \u00dcst\u00fcnd\u00fcr<\/strong><br \/>\nDarbeli teknoloji ve 905nm lazer kullan\u0131larak \u00fcretilen bu \u00fcr\u00fcn, teknik yinelemeler ve g\u00fcncellemelerden sonra Meskernel'in kategorisinde amiral gemisi olmu\u015ftur ve farkl\u0131 b\u00f6lgelerdeki m\u00fc\u015fteriler taraf\u0131ndan iyi kabul g\u00f6rmektedir.<\/li>\n<\/ul>\n<h3 class=\"text-title\"><span class=\"magic-22\">Aray\u00fcz PCI<\/span><\/h3>\n<div class=\"text-content\">Bluetooth iletimini, TTL\/RS232\/RS485 \u00fc\u00e7\u00fc bir arada aray\u00fcz\u00fc destekler, b\u00f6ylece veri iletimi daha verimli olur.<\/div>\n<div>\n<figure id=\"attachment_2979\" aria-describedby=\"caption-attachment-2979\" style=\"width: 800px\" class=\"wp-caption aligncenter\"><img decoding=\"async\" class=\"wp-image-2979 size-full\" title=\"Lazer Menzil Sens\u00f6r\u00fc 700m PTFS\" src=\"https:\/\/meskernel.net\/wp-content\/uploads\/2024\/11\/PTFS-Laser-Ranging-Sensor-700m.jpg\" alt=\"PTFS Lazer Menzil Sens\u00f6r\u00fc 700m\" width=\"800\" height=\"800\" srcset=\"https:\/\/meskernel.net\/wp-content\/uploads\/2024\/11\/PTFS-Laser-Ranging-Sensor-700m.jpg 800w, https:\/\/meskernel.net\/wp-content\/uploads\/2024\/11\/PTFS-Laser-Ranging-Sensor-700m-300x300.jpg 300w, https:\/\/meskernel.net\/wp-content\/uploads\/2024\/11\/PTFS-Laser-Ranging-Sensor-700m-150x150.jpg 150w, https:\/\/meskernel.net\/wp-content\/uploads\/2024\/11\/PTFS-Laser-Ranging-Sensor-700m-768x768.jpg 768w, https:\/\/meskernel.net\/wp-content\/uploads\/2024\/11\/PTFS-Laser-Ranging-Sensor-700m-400x400.jpg 400w, https:\/\/meskernel.net\/wp-content\/uploads\/2024\/11\/PTFS-Laser-Ranging-Sensor-700m-100x100.jpg 100w\" sizes=\"(max-width: 800px) 100vw, 800px\" \/><figcaption id=\"caption-attachment-2979\" class=\"wp-caption-text\">PTFS Lazer Menzil Sens\u00f6r\u00fc 700m<\/figcaption><\/figure>\n<\/div>\n<h4><strong>\u00c7ok Y\u00f6nl\u00fc Uygulamalar i\u00e7in Etkileyici Uzun Menzilli Performans<\/strong><\/h4>\n<p>Meskernel Lazer \u00d6l\u00e7\u00fcm Sens\u00f6r\u00fcn\u00fcn \u00f6ne \u00e7\u0131kan \u00f6zelli\u011fi, 1100 metreye kadar uzat\u0131labilen 3 ila 700 metrelik ola\u011fan\u00fcst\u00fc \u00f6l\u00e7\u00fcm aral\u0131\u011f\u0131d\u0131r. Bu, onu hem i\u00e7 hem de d\u0131\u015f ortamlarda uzun mesafeli \u00f6l\u00e7\u00fcm gerektiren projeler i\u00e7in ideal bir se\u00e7im haline getirir. End\u00fcstriyel izleme sistemlerinden otomasyon g\u00f6revlerine ve robot teknolojilerine kadar, bu sens\u00f6r b\u00fcy\u00fck \u00f6l\u00e7ekli mesafeleri kolayl\u0131kla kat etme esnekli\u011fi sa\u011flar.<\/p>\n<h4><strong>Dayan\u0131kl\u0131l\u0131k ile Kompakt Tasar\u0131m<\/strong><\/h4>\n<p>Meskernel Lazer \u00d6l\u00e7\u00fcm Sens\u00f6r\u00fc, etkileyici menziline ra\u011fmen sadece 43x35x21mm boyutlar\u0131nda kompakt bir tasar\u0131ma sahiptir ve bu sayede alan k\u0131s\u0131tlamas\u0131 olan ortamlara kolayca entegre edilebilir. Sens\u00f6r\u00fcn sa\u011flam yap\u0131s\u0131, zorlu ko\u015fullarda bile g\u00fcvenilir bir \u015fekilde \u00e7al\u0131\u015fmas\u0131n\u0131 sa\u011flayarak \u00e7e\u015fitli end\u00fcstriyel, ticari ve ara\u015ft\u0131rma uygulamalar\u0131nda tutarl\u0131 performans sunar.<\/p>\n<h4><strong>Ger\u00e7ek Zamanl\u0131 Uygulamalar i\u00e7in H\u0131zl\u0131 Veri Toplama<\/strong><\/h4>\n<p>Y\u00fcksek h\u0131zl\u0131 veri toplama i\u00e7in tasarlanan bu lazer sens\u00f6r, 1-3 Hz frekans\u0131nda \u00e7al\u0131\u015farak h\u0131zl\u0131 ve s\u00fcrekli mesafe \u00f6l\u00e7\u00fcmleri sa\u011flar. Bu y\u00fcksek frekans, h\u0131zl\u0131 geri bildirimin \u00e7ok \u00f6nemli oldu\u011fu robotik ve otomasyon sistemleri gibi ger\u00e7ek zamanl\u0131 veri i\u015fleme gerektiren uygulamalarda \u00f6zellikle faydal\u0131d\u0131r.<\/p>\n<h4><strong>Sorunsuz Ba\u011flant\u0131 i\u00e7in Kolay Entegrasyon<\/strong><\/h4>\n<p>Meskernel Lazer \u00d6l\u00e7\u00fcm Sens\u00f6r\u00fc, \u00e7e\u015fitli sistemlerle esnek entegrasyon sunar. TTL, RS485 ve RS232 ileti\u015fim aray\u00fczlerini destekleyerek \u00e7o\u011fu end\u00fcstriyel, PLC, SCADA ve IoT platformuyla uyumluluk sa\u011flar. Sens\u00f6r\u00fc ister karma\u015f\u0131k bir otomasyon projesine dahil ediyor ister bir IoT a\u011f\u0131na ba\u011fl\u0131yor olun, entegrasyon h\u0131zl\u0131 ve basittir.<\/p>\n<figure id=\"attachment_2980\" aria-describedby=\"caption-attachment-2980\" style=\"width: 800px\" class=\"wp-caption aligncenter\"><img decoding=\"async\" class=\"wp-image-2980 size-full\" title=\"Drone i\u00e7in PTFS Lazer \u00d6l\u00e7\u00fcm Sens\u00f6r\u00fc\" src=\"https:\/\/meskernel.net\/wp-content\/uploads\/2024\/11\/PTFS-Laser-Measurement-Sensor.jpg\" alt=\"Drone i\u00e7in PTFS Lazer \u00d6l\u00e7\u00fcm Sens\u00f6r\u00fc\" width=\"800\" height=\"800\" srcset=\"https:\/\/meskernel.net\/wp-content\/uploads\/2024\/11\/PTFS-Laser-Measurement-Sensor.jpg 800w, https:\/\/meskernel.net\/wp-content\/uploads\/2024\/11\/PTFS-Laser-Measurement-Sensor-300x300.jpg 300w, https:\/\/meskernel.net\/wp-content\/uploads\/2024\/11\/PTFS-Laser-Measurement-Sensor-150x150.jpg 150w, https:\/\/meskernel.net\/wp-content\/uploads\/2024\/11\/PTFS-Laser-Measurement-Sensor-768x768.jpg 768w, https:\/\/meskernel.net\/wp-content\/uploads\/2024\/11\/PTFS-Laser-Measurement-Sensor-400x400.jpg 400w, https:\/\/meskernel.net\/wp-content\/uploads\/2024\/11\/PTFS-Laser-Measurement-Sensor-100x100.jpg 100w\" sizes=\"(max-width: 800px) 100vw, 800px\" \/><figcaption id=\"caption-attachment-2980\" class=\"wp-caption-text\">Drone i\u00e7in PTFS Lazer \u00d6l\u00e7\u00fcm Sens\u00f6r\u00fc<\/figcaption><\/figure>\n<h4><strong>OEM \u00c7\u00f6z\u00fcmleri Mevcuttur<\/strong><\/h4>\n<p>Meskernel Lazer \u00d6l\u00e7\u00fcm Sens\u00f6r\u00fcn\u00fc \u00fcr\u00fcnlerine veya sistemlerine dahil etmek isteyen i\u015fletmeler ve \u00fcreticiler i\u00e7in OEM \u00e7\u00f6z\u00fcmleri sunuyoruz. Sens\u00f6rlerimiz, toplu sipari\u015fler, \u00f6zel aray\u00fczler veya benzersiz ambalajlar i\u00e7in \u00f6zel ihtiya\u00e7lar\u0131n\u0131z\u0131 kar\u015f\u0131layacak \u015fekilde \u00f6zelle\u015ftirilebilir. \u00dcr\u00fcn tekliflerinizi geli\u015ftirmek i\u00e7in \u00f6l\u00e7eklenebilir \u00e7\u00f6z\u00fcmler sunmaya kararl\u0131y\u0131z.<\/p>\n<h4><strong>Neden Meskernel Lazer Mesafe Sens\u00f6r\u00fcn\u00fc Se\u00e7melisiniz?<\/strong><\/h4>\n<ul>\n<li><strong>Uzun Menzilli Do\u011fruluk<\/strong>: 1100 metreye kadar uzun mesafelerde g\u00fcvenilir mesafe \u00f6l\u00e7\u00fcmleri sa\u011flar.<\/li>\n<li><strong>Y\u00fcksek H\u0131zl\u0131 Performans<\/strong>: Ger\u00e7ek zamanl\u0131 uygulamalar i\u00e7in 1-3 Hz frekans ile h\u0131zl\u0131 bir \u015fekilde veri toplar.<\/li>\n<li><strong>Sa\u011flam ve Kompakt<\/strong>: Zorlu ortamlara dayan\u0131kl\u0131 tasar\u0131m\u0131 ile hem k\u00fc\u00e7\u00fck hem de b\u00fcy\u00fck \u00f6l\u00e7ekli projeler i\u00e7in idealdir.<\/li>\n<li><strong>Sorunsuz Entegrasyon<\/strong>: Esnek ileti\u015fim se\u00e7enekleri ile sistemlerinize kolayca ba\u011flan\u0131r.<\/li>\n<li><strong>OEM Deste\u011fi<\/strong>: \u00d6zelle\u015ftirilmi\u015f sens\u00f6r entegrasyonuna ihtiya\u00e7 duyan i\u015fletmeler i\u00e7in \u00f6zel \u00e7\u00f6z\u00fcmler.<\/li>\n<\/ul>\n<p>Meskernel Lazer \u00d6l\u00e7\u00fcm Sens\u00f6r\u00fc, uzun menzilli \u00f6l\u00e7\u00fcm, h\u0131zl\u0131 veri toplama ve kolay sistem entegrasyonu gerektiren t\u00fcm projeler i\u00e7in m\u00fckemmel bir \u00e7\u00f6z\u00fcmd\u00fcr. \u0130ster end\u00fcstriyel otomasyon, robotik veya hassas mesafe \u00f6l\u00e7\u00fcmleri gerektiren ba\u015fka bir uygulamada \u00e7al\u0131\u015f\u0131yor olun, bu sens\u00f6r ihtiyac\u0131n\u0131z olan g\u00fcvenilirli\u011fi ve performans\u0131 sa\u011flar.<\/p>\n<p><a href=\"https:\/\/meskernel.net\/tr\/iletisim\/\"><strong>Bug\u00fcn bize ula\u015f\u0131n<\/strong><\/a> lazer menzil sens\u00f6r\u00fcm\u00fcz\u00fcn sisteminizi veya projenizi nas\u0131l geli\u015ftirebilece\u011fi ve OEM gereksinimlerinize nas\u0131l yard\u0131mc\u0131 olabilece\u011fimiz hakk\u0131nda daha fazla bilgi edinmek i\u00e7in.<\/p>","protected":false},"excerpt":{"rendered":"<p>Lazer \u00d6l\u00e7\u00fcm Sens\u00f6r\u00fcn\u00fcn lider \u00fcreticisi olarak Meskernel, \u00f6zel ihtiya\u00e7lar\u0131n\u0131z\u0131 kar\u015f\u0131lamak i\u00e7in \u00f6zelle\u015ftirilebilir \u00e7\u00f6z\u00fcmler sunar. 3 ila 700 metre menzili ve y\u00fcksek do\u011frulu\u011fu ile sens\u00f6rlerimiz otomasyon, robotik ve end\u00fcstriyel uygulamalar i\u00e7in m\u00fckemmeldir. \u00d6zel gereksinimlerinizi g\u00f6r\u00fc\u015fmek ve projelerinizi hassas teknolojiyle y\u00fckseltmek i\u00e7in bug\u00fcn bize ula\u015f\u0131n!<\/p>","protected":false},"featured_media":3019,"template":"","meta":{"site-sidebar-layout":"default","site-content-layout":"","ast-site-content-layout":"default","site-content-style":"default","site-sidebar-style":"default","ast-global-header-display":"","ast-banner-title-visibility":"","ast-main-header-display":"","ast-hfb-above-header-display":"","ast-hfb-below-header-display":"","ast-hfb-mobile-header-display":"","site-post-title":"","ast-breadcrumbs-content":"","ast-featured-img":"","footer-sml-layout":"","ast-disable-related-posts":"","theme-transparent-header-meta":"default","adv-header-id-meta":"","stick-header-meta":"","header-above-stick-meta":"","header-main-stick-meta":"","header-below-stick-meta":"","astra-migrate-meta-layouts":"set","ast-page-background-enabled":"default","ast-page-background-meta":{"desktop":{"background-color":"var(--ast-global-color-4)","background-image":"","background-repeat":"repeat","background-position":"center center","background-size":"auto","background-attachment":"scroll","background-type":"","background-media":"","overlay-type":"","overlay-color":"","overlay-opacity":"","overlay-gradient":""},"tablet":{"background-color":"","background-image":"","background-repeat":"repeat","background-position":"center center","background-size":"auto","background-attachment":"scroll","background-type":"","background-media":"","overlay-type":"","overlay-color":"","overlay-opacity":"","overlay-gradient":""},"mobile":{"background-color":"","background-image":"","background-repeat":"repeat","background-position":"center center","background-size":"auto","background-attachment":"scroll","background-type":"","background-media":"","overlay-type":"","overlay-color":"","overlay-opacity":"","overlay-gradient":""}},"ast-content-background-meta":{"desktop":{"background-color":"var(--ast-global-color-5)","background-image":"","background-repeat":"repeat","background-position":"center center","background-size":"auto","background-attachment":"scroll","background-type":"","background-media":"","overlay-type":"","overlay-color":"","overlay-opacity":"","overlay-gradient":""},"tablet":{"background-color":"var(--ast-global-color-5)","background-image":"","background-repeat":"repeat","background-position":"center center","background-size":"auto","background-attachment":"scroll","background-type":"","background-media":"","overlay-type":"","overlay-color":"","overlay-opacity":"","overlay-gradient":""},"mobile":{"background-color":"var(--ast-global-color-5)","background-image":"","background-repeat":"repeat","background-position":"center center","background-size":"auto","background-attachment":"scroll","background-type":"","background-media":"","overlay-type":"","overlay-color":"","overlay-opacity":"","overlay-gradient":""}}},"product_brand":[60],"product_cat":[30],"product_tag":[],"class_list":{"0":"post-3018","1":"product","2":"type-product","3":"status-publish","4":"has-post-thumbnail","6":"product_brand-meskernel","7":"product_cat-pulse-ranging-sensor","8":"desktop-align-center","9":"tablet-align-left","10":"mobile-align-left","12":"first","13":"instock","14":"shipping-taxable","15":"product-type-simple"},"_links":{"self":[{"href":"https:\/\/meskernel.net\/tr\/wp-json\/wp\/v2\/product\/3018","targetHints":{"allow":["GET"]}}],"collection":[{"href":"https:\/\/meskernel.net\/tr\/wp-json\/wp\/v2\/product"}],"about":[{"href":"https:\/\/meskernel.net\/tr\/wp-json\/wp\/v2\/types\/product"}],"version-history":[{"count":0,"href":"https:\/\/meskernel.net\/tr\/wp-json\/wp\/v2\/product\/3018\/revisions"}],"wp:featuredmedia":[{"embeddable":true,"href":"https:\/\/meskernel.net\/tr\/wp-json\/wp\/v2\/media\/3019"}],"wp:attachment":[{"href":"https:\/\/meskernel.net\/tr\/wp-json\/wp\/v2\/media?parent=3018"}],"wp:term":[{"taxonomy":"product_brand","embeddable":true,"href":"https:\/\/meskernel.net\/tr\/wp-json\/wp\/v2\/product_brand?post=3018"},{"taxonomy":"product_cat","embeddable":true,"href":"https:\/\/meskernel.net\/tr\/wp-json\/wp\/v2\/product_cat?post=3018"},{"taxonomy":"product_tag","embeddable":true,"href":"https:\/\/meskernel.net\/tr\/wp-json\/wp\/v2\/product_tag?post=3018"}],"curies":[{"name":"wp","href":"https:\/\/api.w.org\/{rel}","templated":true}]}}