{"id":3082,"date":"2024-12-12T11:01:16","date_gmt":"2024-12-12T03:01:16","guid":{"rendered":"https:\/\/meskernel.net\/?post_type=product&#038;p=3082"},"modified":"2025-07-03T13:37:23","modified_gmt":"2025-07-03T05:37:23","slug":"el-tipi-lazer-mesafe-olcer","status":"publish","type":"product","link":"https:\/\/meskernel.net\/tr\/product\/handheld-laser-distance-meter\/","title":{"rendered":"El Tipi Lazer Mesafe \u00d6l\u00e7er 120m"},"content":{"rendered":"<p title=\"Meskernel CL150 OEM Mesafe Lazer \u00d6l\u00e7\u00fcm Ara\u00e7lar\u0131 Usb \u015earjl\u0131 Uzun Menzilli El Dijital Lazer Mesafe \u00d6l\u00e7er\" data-spm-anchor-id=\"a2700.details.0.i62.ef423650wuhkYO\">El Tipi Lazer Mesafe \u00d6l\u00e7er, \u00e7e\u015fitli g\u00f6revler i\u00e7in do\u011fru ve verimli mesafe \u00f6l\u00e7\u00fcmleri sa\u011flamak \u00fczere tasarlanm\u0131\u015f son teknoloji bir cihazd\u0131r. \u0130ster in\u015faat, mimarl\u0131k, i\u00e7 tasar\u0131m alanlar\u0131nda profesyonel olun, ister kendin yap merakl\u0131s\u0131 olun, bu alet mesafeleri, alanlar\u0131 ve hacimleri hassas ve kolay bir \u015fekilde \u00f6l\u00e7mek i\u00e7in g\u00fcvenilir bir \u00e7\u00f6z\u00fcm sunar.<\/p>\n<p>IP54 KORUMA SEV\u0130YES\u0130 Seviye 5 toz \u00f6nleme, toz giri\u015fini tamamen \u00f6nleyemez, ancak toz giri\u015fi miktar\u0131 \u00fcr\u00fcn\u00fcn normal \u00e7al\u0131\u015fmas\u0131n\u0131 etkilemeyecektir. 4. Seviye su ge\u00e7irmezlik, s\u0131\u00e7rayan suyun girmesini \u00f6nler ve her y\u00f6nden s\u0131\u00e7rayan suyun girmesini \u00f6nler G\u00f6vde sadece 60 g a\u011f\u0131rl\u0131\u011f\u0131ndad\u0131r, bu da onu tutmas\u0131 i\u00e7in rahat ve kompakt bir boyut haline getirir Nereye giderseniz gidin yan\u0131n\u0131zda ta\u015f\u0131y\u0131n.<\/p>\n<p>Y\u00fcksek Enerjili Lazer I\u015f\u0131n\u0131 100m D\u00fc\u015f\u00fck Zay\u0131fl\u0131kHassas odaklama lensi sayesinde lazer her zaman y\u00fcksek odak durumunda tutulur ve 100 metrenin \u00fczerindeki nesneleri \u00f6l\u00e7erken \u0131\u015f\u0131n sapmas\u0131n\u0131n da d\u00fc\u015f\u00fck olmas\u0131 garanti edilebilir ve optik merkez sinyalinin iletme ve alma yeteneklerinin her ikisi de geli\u015ftirilir.<\/p>\n<figure id=\"attachment_3085\" aria-describedby=\"caption-attachment-3085\" style=\"width: 1080px\" class=\"wp-caption aligncenter\"><img fetchpriority=\"high\" decoding=\"async\" class=\"wp-image-3085 size-full\" title=\"El Tipi Dijital Lazer Mesafe \u00d6l\u00e7er\" src=\"https:\/\/meskernel.net\/wp-content\/uploads\/2024\/12\/Handheld-Digital-Laser-Distance-Meter.jpg\" alt=\"El Tipi Dijital Lazer Mesafe \u00d6l\u00e7er\" width=\"1080\" height=\"300\" srcset=\"https:\/\/meskernel.net\/wp-content\/uploads\/2024\/12\/Handheld-Digital-Laser-Distance-Meter.jpg 1080w, https:\/\/meskernel.net\/wp-content\/uploads\/2024\/12\/Handheld-Digital-Laser-Distance-Meter-300x83.jpg 300w, https:\/\/meskernel.net\/wp-content\/uploads\/2024\/12\/Handheld-Digital-Laser-Distance-Meter-1024x284.jpg 1024w, https:\/\/meskernel.net\/wp-content\/uploads\/2024\/12\/Handheld-Digital-Laser-Distance-Meter-768x213.jpg 768w, https:\/\/meskernel.net\/wp-content\/uploads\/2024\/12\/Handheld-Digital-Laser-Distance-Meter-400x111.jpg 400w\" sizes=\"(max-width: 1080px) 100vw, 1080px\" \/><figcaption id=\"caption-attachment-3085\" class=\"wp-caption-text\">El Tipi Dijital Lazer Mesafe \u00d6l\u00e7er<\/figcaption><\/figure>\n<h3>Temel \u00d6zellikler:<\/h3>\n<ol>\n<li><strong>Hassasiyet i\u00e7in Lazer Teknolojisi<\/strong> \u00d6l\u00e7\u00fcm cihaz\u0131, h\u0131zl\u0131 ve do\u011fru \u00f6l\u00e7\u00fcmler sa\u011flamak i\u00e7in geli\u015fmi\u015f lazer teknolojisini kullan\u0131r. Mesafeleri 100 metreye kadar (veya modele ba\u011fl\u0131 olarak daha fazla) \u00b11,5 mm hassasiyetle \u00f6l\u00e7ebilir, bu da onu hem k\u0131sa hem de uzun menzilli \u00f6l\u00e7\u00fcmler i\u00e7in ideal hale getirir.<\/li>\n<li><strong>Geni\u015f LCD Ekran<\/strong> Dahili LCD ekran, \u00f6l\u00e7\u00fcmleri okumay\u0131 zahmetsiz hale getirir. Ger\u00e7ek zamanl\u0131 verileri net, b\u00fcy\u00fck rakamlarla g\u00f6sterir, b\u00f6ylece \u00f6l\u00e7\u00fcmleri uzaktan veya d\u00fc\u015f\u00fck \u0131\u015f\u0131k ko\u015fullar\u0131nda bile kolayca g\u00f6r\u00fcnt\u00fcleyebilirsiniz.<\/li>\n<li><strong>\u00c7oklu \u00d6l\u00e7\u00fcm Modlar\u0131<\/strong> Bu lazer mesafe \u00f6l\u00e7er, mesafe, alan, hacim ve s\u00fcrekli \u00f6l\u00e7\u00fcm gibi \u00e7e\u015fitli modlarla birlikte gelir. Bir odan\u0131n alan\u0131n\u0131 veya bir alan\u0131n hacmini hesaplaman\u0131z gerekti\u011finde, cihaz ilgili sonu\u00e7lar\u0131 sa\u011flamak i\u00e7in otomatik olarak ayarlan\u0131r.<\/li>\n<li><strong>USB Ba\u011flant\u0131s\u0131<\/strong> Bu modelin \u00f6ne \u00e7\u0131kan \u00f6zelliklerinden biri de <strong>USB ba\u011flant\u0131s\u0131<\/strong>. \u00d6l\u00e7\u00fcm verilerini daha fazla analiz, dok\u00fcmantasyon veya payla\u015f\u0131m i\u00e7in cihaz\u0131n\u0131za aktarmak \u00fczere cihaz\u0131 USB arac\u0131l\u0131\u011f\u0131yla bir bilgisayara veya diz\u00fcst\u00fc bilgisayara kolayca ba\u011flayabilirsiniz. Bu \u00f6zellik \u00f6zellikle birden fazla \u00f6l\u00e7\u00fcm\u00fc dijital formatta takip etmesi gereken profesyoneller i\u00e7in kullan\u0131\u015fl\u0131d\u0131r.<\/li>\n<li><strong>Kompakt ve Ta\u015f\u0131nabilir Tasar\u0131m<\/strong> Kolay ta\u015f\u0131nabilirlik i\u00e7in tasarlanan el tipi \u00f6l\u00e7\u00fcm cihaz\u0131 elinize rahat\u00e7a oturur ve cepte veya alet \u00e7antas\u0131nda kolayca ta\u015f\u0131nabilir. Hafif ve dayan\u0131kl\u0131 yap\u0131s\u0131, ister i\u00e7eride ister d\u0131\u015far\u0131da \u00e7al\u0131\u015f\u0131yor olun, hareket halindeyken kullan\u0131m i\u00e7in m\u00fckemmeldir.<\/li>\n<li><strong>Uzun Pil \u00d6mr\u00fc<\/strong> \u015earj edilebilir bir pille donat\u0131lm\u0131\u015f olan bu \u00f6l\u00e7\u00fcm cihaz\u0131, tek bir \u015farjla uzun s\u00fcreli kullan\u0131m sunar. \u0130ster b\u00fcy\u00fck bir proje ister k\u00fc\u00e7\u00fck bir g\u00f6rev \u00fczerinde \u00e7al\u0131\u015f\u0131yor olun, cihaz ihtiya\u00e7lar\u0131n\u0131za ayak uyduracak \u015fekilde tasarlanm\u0131\u015ft\u0131r ve s\u0131k s\u0131k \u015farj etme zahmetini azalt\u0131r.<\/li>\n<li><strong>\u00c7oklu Birim D\u00f6n\u00fc\u015ft\u00fcrme<\/strong> Bu \u00f6l\u00e7\u00fcm cihaz\u0131 metre, fit, in\u00e7 ve daha fazlas\u0131 dahil olmak \u00fczere birden fazla \u00f6l\u00e7\u00fcm birimini destekler. Basit bir ge\u00e7i\u015fle, tercihinize veya proje gereksinimlerinize uyacak \u015fekilde birimler aras\u0131nda ge\u00e7i\u015f yapabilirsiniz.<\/li>\n<li><strong>Dayan\u0131kl\u0131 ve Sa\u011flam<\/strong> G\u00fcnl\u00fck kullan\u0131m\u0131n zorluklar\u0131na dayanacak \u015fekilde tasarlanan \u00f6l\u00e7\u00fcm cihaz\u0131, a\u015f\u0131nma ve y\u0131pranmaya kar\u015f\u0131 dayan\u0131kl\u0131 sa\u011flam bir tasar\u0131ma sahiptir. Ayr\u0131ca, toza, neme ve di\u011fer \u00e7evresel fakt\u00f6rlere maruz kalmay\u0131 kald\u0131rabilmesini sa\u011flamak i\u00e7in suya dayan\u0131kl\u0131 olacak \u015fekilde tasarlanm\u0131\u015ft\u0131r.<\/li>\n<\/ol>\n<h3>Uygulamalar:<\/h3>\n<ul>\n<li><strong><a href=\"https:\/\/meskernel.net\/tr\/uygulama\/insaat\/\">\u0130n\u015faat<\/a>:<\/strong> Bina yerle\u015fimleri, oda boyutlar\u0131 ve daha fazlas\u0131 i\u00e7in mesafeleri, alanlar\u0131 ve hacimleri do\u011frulukla \u00f6l\u00e7\u00fcn.<\/li>\n<li><strong>\u0130\u00e7 Tasar\u0131m:<\/strong> Alanlar\u0131, duvar boyutlar\u0131n\u0131 ve mobilya d\u00fczenlemelerini \u00f6l\u00e7mek i\u00e7in m\u00fckemmeldir.<\/li>\n<li><strong>Gayrimenkul:<\/strong> De\u011ferleme, listeleme veya m\u00fc\u015fteri dan\u0131\u015fmanl\u0131\u011f\u0131na yard\u0131mc\u0131 olmak i\u00e7in m\u00fclkleri h\u0131zl\u0131ca \u00f6l\u00e7\u00fcn.<\/li>\n<li><strong>Kendin Yap ve Ev Geli\u015ftirme:<\/strong> D\u00f6\u015feme, duvar ve tavanlar i\u00e7in hassas \u00f6l\u00e7\u00fcmler sa\u011flayarak ev yenileme projeleri i\u00e7in idealdir.<\/li>\n<\/ul>\n<h3>Neden El Tipi Lazer Mesafe \u00d6l\u00e7eri Se\u00e7melisiniz?<\/h3>\n<ul>\n<li><strong>Hassasiyet ve Verimlilik:<\/strong> \u0130nsan hatas\u0131 olas\u0131l\u0131\u011f\u0131n\u0131 azaltarak ve hesaplamalar s\u0131ras\u0131nda zamandan tasarruf ederek son derece hassas \u00f6l\u00e7\u00fcmler elde edin.<\/li>\n<li><strong>\u00c7ok y\u00f6nl\u00fcl\u00fck:<\/strong> \u00c7ok i\u015flevli olmas\u0131, in\u015faat projelerinden ev iyile\u015ftirmelerine, gayrimenkul \u00f6l\u00e7\u00fcmlerine ve daha fazlas\u0131na kadar geni\u015f bir uygulama yelpazesi i\u00e7in uygun olmas\u0131n\u0131 sa\u011flar.<\/li>\n<li><strong>Kolay Veri Aktar\u0131m\u0131:<\/strong> USB ba\u011flant\u0131s\u0131, \u00f6l\u00e7\u00fcmlerinizi kolayca bir bilgisayara aktarman\u0131za olanak tan\u0131yarak sonu\u00e7lar\u0131n\u0131z\u0131 belgelemenizi ve analiz etmenizi kolayla\u015ft\u0131r\u0131r.<\/li>\n<li><strong>Ta\u015f\u0131nabilirlik:<\/strong> Hafif ve ta\u015f\u0131nabilir tasar\u0131m\u0131, ister \u015fantiyede ister evde \u00e7al\u0131\u015f\u0131yor olun, her yere g\u00f6t\u00fcrmenizi kolayla\u015ft\u0131r\u0131r.<\/li>\n<li><strong>Kullan\u0131c\u0131 Dostu:<\/strong> Sezgisel aray\u00fcz ve geni\u015f LCD ekran, hem profesyonellerin hem de yeni ba\u015flayanlar\u0131n \u00f6l\u00e7\u00fcm cihaz\u0131n\u0131 kolayl\u0131kla kullanabilmesini sa\u011flar<\/li>\n<\/ul>\n<p>\u015eimdi Sipari\u015f Verin ve Hassas \u00d6l\u00e7\u00fcmleri Deneyimleyin!<\/p>\n<p><img decoding=\"async\" class=\"wp-image-3084 size-full aligncenter\" title=\"Paketleme ve Teslimat\" src=\"https:\/\/meskernel.net\/wp-content\/uploads\/2024\/12\/Packaging-And-Delivery.jpg\" alt=\"Paketleme ve Teslimat\" width=\"746\" height=\"497\" srcset=\"https:\/\/meskernel.net\/wp-content\/uploads\/2024\/12\/Packaging-And-Delivery.jpg 746w, https:\/\/meskernel.net\/wp-content\/uploads\/2024\/12\/Packaging-And-Delivery-300x200.jpg 300w, https:\/\/meskernel.net\/wp-content\/uploads\/2024\/12\/Packaging-And-Delivery-400x266.jpg 400w\" sizes=\"(max-width: 746px) 100vw, 746px\" \/><\/p>\n<p>\u0130ster in\u015faat sekt\u00f6r\u00fcnde profesyonel olun ister hobi ama\u00e7l\u0131 kullan\u0131n, bu Lazer Mesafe \u00d6l\u00e7er \u00f6l\u00e7\u00fcm i\u015fleriniz i\u00e7in ihtiya\u00e7 duydu\u011funuz do\u011frulu\u011fu, ta\u015f\u0131nabilirli\u011fi ve g\u00fcvenli\u011fi sunar.<\/p>","protected":false},"excerpt":{"rendered":"<p>Hassas ve verimli mesafe \u00f6l\u00e7\u00fcmleri i\u00e7in tasarlanm\u0131\u015f USB'li El Tipi Lazer Mesafe \u00d6l\u00e7eri ke\u015ffedin. Profesyoneller ve kendin yap merakl\u0131lar\u0131 i\u00e7in m\u00fckemmel olan bu kompakt alet, lazer hassasiyeti, \u00e7oklu \u00f6l\u00e7\u00fcm modlar\u0131 ve USB \u00fczerinden kolay veri aktar\u0131m\u0131 sunar. \u0130n\u015faat, i\u00e7 tasar\u0131m ve ev geli\u015ftirme projeleri i\u00e7in idealdir.<\/p>","protected":false},"featured_media":3086,"template":"","meta":{"site-sidebar-layout":"default","site-content-layout":"","ast-site-content-layout":"default","site-content-style":"default","site-sidebar-style":"default","ast-global-header-display":"","ast-banner-title-visibility":"","ast-main-header-display":"","ast-hfb-above-header-display":"","ast-hfb-below-header-display":"","ast-hfb-mobile-header-display":"","site-post-title":"","ast-breadcrumbs-content":"","ast-featured-img":"","footer-sml-layout":"","ast-disable-related-posts":"","theme-transparent-header-meta":"default","adv-header-id-meta":"","stick-header-meta":"","header-above-stick-meta":"","header-main-stick-meta":"","header-below-stick-meta":"","astra-migrate-meta-layouts":"set","ast-page-background-enabled":"default","ast-page-background-meta":{"desktop":{"background-color":"var(--ast-global-color-4)","background-image":"","background-repeat":"repeat","background-position":"center center","background-size":"auto","background-attachment":"scroll","background-type":"","background-media":"","overlay-type":"","overlay-color":"","overlay-opacity":"","overlay-gradient":""},"tablet":{"background-color":"","background-image":"","background-repeat":"repeat","background-position":"center center","background-size":"auto","background-attachment":"scroll","background-type":"","background-media":"","overlay-type":"","overlay-color":"","overlay-opacity":"","overlay-gradient":""},"mobile":{"background-color":"","background-image":"","background-repeat":"repeat","background-position":"center center","background-size":"auto","background-attachment":"scroll","background-type":"","background-media":"","overlay-type":"","overlay-color":"","overlay-opacity":"","overlay-gradient":""}},"ast-content-background-meta":{"desktop":{"background-color":"var(--ast-global-color-5)","background-image":"","background-repeat":"repeat","background-position":"center center","background-size":"auto","background-attachment":"scroll","background-type":"","background-media":"","overlay-type":"","overlay-color":"","overlay-opacity":"","overlay-gradient":""},"tablet":{"background-color":"var(--ast-global-color-5)","background-image":"","background-repeat":"repeat","background-position":"center center","background-size":"auto","background-attachment":"scroll","background-type":"","background-media":"","overlay-type":"","overlay-color":"","overlay-opacity":"","overlay-gradient":""},"mobile":{"background-color":"var(--ast-global-color-5)","background-image":"","background-repeat":"repeat","background-position":"center center","background-size":"auto","background-attachment":"scroll","background-type":"","background-media":"","overlay-type":"","overlay-color":"","overlay-opacity":"","overlay-gradient":""}}},"product_brand":[60],"product_cat":[29],"product_tag":[57],"class_list":{"0":"post-3082","1":"product","2":"type-product","3":"status-publish","4":"has-post-thumbnail","6":"product_brand-meskernel","7":"product_cat-laser-measurement-tool","8":"product_tag-tool","9":"desktop-align-center","10":"tablet-align-left","11":"mobile-align-left","13":"first","14":"instock","15":"shipping-taxable","16":"product-type-simple"},"_links":{"self":[{"href":"https:\/\/meskernel.net\/tr\/wp-json\/wp\/v2\/product\/3082","targetHints":{"allow":["GET"]}}],"collection":[{"href":"https:\/\/meskernel.net\/tr\/wp-json\/wp\/v2\/product"}],"about":[{"href":"https:\/\/meskernel.net\/tr\/wp-json\/wp\/v2\/types\/product"}],"version-history":[{"count":0,"href":"https:\/\/meskernel.net\/tr\/wp-json\/wp\/v2\/product\/3082\/revisions"}],"wp:featuredmedia":[{"embeddable":true,"href":"https:\/\/meskernel.net\/tr\/wp-json\/wp\/v2\/media\/3086"}],"wp:attachment":[{"href":"https:\/\/meskernel.net\/tr\/wp-json\/wp\/v2\/media?parent=3082"}],"wp:term":[{"taxonomy":"product_brand","embeddable":true,"href":"https:\/\/meskernel.net\/tr\/wp-json\/wp\/v2\/product_brand?post=3082"},{"taxonomy":"product_cat","embeddable":true,"href":"https:\/\/meskernel.net\/tr\/wp-json\/wp\/v2\/product_cat?post=3082"},{"taxonomy":"product_tag","embeddable":true,"href":"https:\/\/meskernel.net\/tr\/wp-json\/wp\/v2\/product_tag?post=3082"}],"curies":[{"name":"wp","href":"https:\/\/api.w.org\/{rel}","templated":true}]}}