{"id":3100,"date":"2024-12-16T09:50:02","date_gmt":"2024-12-16T01:50:02","guid":{"rendered":"https:\/\/meskernel.net\/?post_type=product&#038;p=3100"},"modified":"2025-12-29T14:06:43","modified_gmt":"2025-12-29T06:06:43","slug":"nesne-algilama-sensoru","status":"publish","type":"product","link":"https:\/\/meskernel.net\/tr\/product\/object-detection-sensor\/","title":{"rendered":"PTFS Kare Lazer Mesafe Sens\u00f6r\u00fc - 3Hz'de 700m Uzun Menzilli Nesne Alg\u0131lama"},"content":{"rendered":"<p data-start=\"219\" data-end=\"299\"><strong data-start=\"219\" data-end=\"299\">Alarm ve Mobil Bildirimler i\u00e7in Mesafe Sens\u00f6rleri: Ak\u0131ll\u0131 Bir G\u00fcvenlik \u00c7\u00f6z\u00fcm\u00fc<\/strong><\/p>\n<p data-start=\"301\" data-end=\"735\">G\u00fcn\u00fcm\u00fcz\u00fcn ak\u0131ll\u0131 evler ve otomasyon d\u00fcnyas\u0131nda mesafe sens\u00f6rleri temel bile\u015fenler haline gelmektedir. Bu sens\u00f6rler nesneler aras\u0131ndaki mesafeyi \u00f6l\u00e7ebilir ve alarm sistemleri ve mobil bildirim \u00f6zellikleriyle sorunsuz bir \u015fekilde entegre olarak ger\u00e7ek zamanl\u0131 uyar\u0131lar ve uzaktan izleme sa\u011flayabilir. Bu blog yaz\u0131s\u0131nda, ak\u0131ll\u0131 ve otomatik bir g\u00fcvenlik \u00e7\u00f6z\u00fcm\u00fc olu\u015fturmak i\u00e7in mesafe sens\u00f6rlerinin alarmlar ve mobil bildirimlerle nas\u0131l birle\u015ftirilece\u011fini inceleyece\u011fiz.<\/p>\n<h3 style=\"text-align: left;\">Temel \u00d6zellikler<\/h3>\n<figure id=\"attachment_2978\" aria-describedby=\"caption-attachment-2978\" style=\"width: 433px\" class=\"wp-caption alignright\"><img fetchpriority=\"high\" decoding=\"async\" class=\"wp-image-2978\" title=\"Nesne Alg\u0131lama Sens\u00f6r\u00fc\" src=\"https:\/\/meskernel.net\/wp-content\/uploads\/2024\/11\/Laser-Ranging-Sensor-PTFS.jpg\" alt=\"Nesne Alg\u0131lama Sens\u00f6r\u00fc\" width=\"433\" height=\"433\" srcset=\"https:\/\/meskernel.net\/wp-content\/uploads\/2024\/11\/Laser-Ranging-Sensor-PTFS.jpg 800w, https:\/\/meskernel.net\/wp-content\/uploads\/2024\/11\/Laser-Ranging-Sensor-PTFS-300x300.jpg 300w, https:\/\/meskernel.net\/wp-content\/uploads\/2024\/11\/Laser-Ranging-Sensor-PTFS-150x150.jpg 150w, https:\/\/meskernel.net\/wp-content\/uploads\/2024\/11\/Laser-Ranging-Sensor-PTFS-768x768.jpg 768w, https:\/\/meskernel.net\/wp-content\/uploads\/2024\/11\/Laser-Ranging-Sensor-PTFS-400x400.jpg 400w, https:\/\/meskernel.net\/wp-content\/uploads\/2024\/11\/Laser-Ranging-Sensor-PTFS-100x100.jpg 100w\" sizes=\"(max-width: 433px) 100vw, 433px\" \/><figcaption id=\"caption-attachment-2978\" class=\"wp-caption-text\">Nesne Alg\u0131lama Sens\u00f6r\u00fc<\/figcaption><\/figure>\n<ul>\n<li style=\"text-align: left;\"><strong>Orta Mesafe<\/strong><br \/>\n\u00c7oklu mesafe se\u00e7enekleri, 100 metre, 400 metre, 700 metre ve 1100 metre \u00f6l\u00e7\u00fcm aral\u0131klar\u0131 sa\u011flar.<\/li>\n<li style=\"text-align: left;\"><strong>Y\u00fcksek Frekans<\/strong><br \/>\n3Hz ila 500 Hz aras\u0131nda de\u011fi\u015fen \u00f6zelle\u015ftirilebilir frekanslar, h\u0131zl\u0131 yan\u0131t s\u00fcreleri gerektiren uygulamalar i\u00e7in idealdir.<\/li>\n<li style=\"text-align: left;\"><strong>Kolay Entegrasyon<\/strong><br \/>\nKare yap\u0131n\u0131n sisteme entegrasyonu kolayd\u0131r.<\/li>\n<li style=\"text-align: left;\"><strong>Klasik Mod\u00fcl Dayan\u0131kl\u0131l\u0131kta \u00dcst\u00fcnd\u00fcr<\/strong><br \/>\nDarbeli teknoloji ve 905nm lazer kullan\u0131larak \u00fcretilen bu \u00fcr\u00fcn, teknik yinelemeler ve g\u00fcncellemelerden sonra Meskernel'in kategorisinde amiral gemisi olmu\u015ftur ve farkl\u0131 b\u00f6lgelerdeki m\u00fc\u015fteriler taraf\u0131ndan iyi kabul g\u00f6rmektedir.<\/li>\n<\/ul>\n<div class=\"mceTemp\"><\/div>\n<div class=\"text-content\">\n<h3 data-start=\"1401\" data-end=\"1433\">1. Mesafe Sens\u00f6rleri Nas\u0131l \u00c7al\u0131\u015f\u0131r?<\/h3>\n<p data-start=\"1435\" data-end=\"1572\"><strong data-start=\"1435\" data-end=\"1463\">Nesne Alg\u0131lama Sens\u00f6rleri<\/strong> \u00e7e\u015fitli teknolojileri kullanarak sens\u00f6r ile bir nesne aras\u0131ndaki mesafeyi \u00f6l\u00e7er. Yayg\u0131n t\u00fcrler \u015funlar\u0131 i\u00e7erir:<\/p>\n<ul data-start=\"1574\" data-end=\"2007\">\n<li data-start=\"1574\" data-end=\"1722\"><strong data-start=\"1576\" data-end=\"1598\">Ultrasonik Sens\u00f6rler<\/strong>: Sesin geri d\u00f6nmesi i\u00e7in ge\u00e7en s\u00fcreye ba\u011fl\u0131 olarak mesafeyi hesaplamak i\u00e7in ses dalgalar\u0131 yayar. Temel alg\u0131lama i\u00e7in kullan\u0131\u015fl\u0131d\u0131r.<\/li>\n<li data-start=\"1723\" data-end=\"1823\"><strong data-start=\"1725\" data-end=\"1745\">K\u0131z\u0131l\u00f6tesi Sens\u00f6rler<\/strong>: Tipik olarak birka\u00e7 metre i\u00e7inde k\u0131sa menzilli alg\u0131lama i\u00e7in k\u0131z\u0131l\u00f6tesi \u0131\u015f\u0131k kullan\u0131n.<\/li>\n<li data-start=\"1824\" data-end=\"2007\"><strong data-start=\"1826\" data-end=\"1843\">Lazer Sens\u00f6rler<\/strong>: PTFS Kare Mesafe Sens\u00f6r\u00fc 700m gibi orta ve uzun menzilli uygulamalar i\u00e7in ideal olan, do\u011fru mesafe \u00f6l\u00e7\u00fcmleri sa\u011flayan y\u00fcksek hassasiyetli lazer \u0131\u015f\u0131nlar\u0131.<\/li>\n<\/ul>\n<p data-start=\"2009\" data-end=\"2245\">Bir mesafe sens\u00f6r\u00fc verileri toplad\u0131ktan sonra, bir alarm\u0131 etkinle\u015ftirmek veya bir bildirim g\u00f6ndermek gibi \u00f6nceden tan\u0131mlanm\u0131\u015f ko\u015fullara dayal\u0131 eylemleri tetikleyen bir i\u015flem birimine (mikrodenetleyici veya g\u00f6m\u00fcl\u00fc cihaz gibi) g\u00f6nderir.<\/p>\n<h3 data-start=\"2247\" data-end=\"2280\">2. Bir Alarm Sisteminin Kurulmas\u0131<\/h3>\n<p data-start=\"2282\" data-end=\"2447\">Bir mesafe sens\u00f6r\u00fc \u00f6nceden tan\u0131mlanm\u0131\u015f bir b\u00f6lgeye giren bir nesne tespit etti\u011finde (yani mesafe belirli bir e\u015fi\u011fin alt\u0131na d\u00fc\u015ft\u00fc\u011f\u00fcnde), sistem \u00e7e\u015fitli alarmlar\u0131 tetikleyebilir:<\/p>\n<ul data-start=\"2449\" data-end=\"2709\">\n<li data-start=\"2449\" data-end=\"2535\"><strong data-start=\"2451\" data-end=\"2467\">Sesli Alarmlar<\/strong>: Bir sesli uyar\u0131 veya siren, kullan\u0131c\u0131lar\u0131 potansiyel tehditlere veya izinsiz giri\u015flere kar\u015f\u0131 uyar\u0131r.<\/li>\n<li data-start=\"2536\" data-end=\"2627\"><strong data-start=\"2538\" data-end=\"2555\">G\u00f6rsel Alarmlar<\/strong>: Yan\u0131p s\u00f6nen \u0131\u015f\u0131klar uyar\u0131lar veya acil durumlar gibi uyar\u0131 durumlar\u0131n\u0131 i\u015faret eder.<\/li>\n<li data-start=\"2628\" data-end=\"2709\"><strong data-start=\"2630\" data-end=\"2650\">Titre\u015fim Alarmlar\u0131<\/strong>: Titre\u015fimli bir cihaz g\u00fcr\u00fclt\u00fcl\u00fc ortamlarda kullan\u0131c\u0131lar\u0131 uyarabilir.<\/li>\n<\/ul>\n<p data-start=\"2711\" data-end=\"2848\">Bu alarm sistemi izinsiz giri\u015fleri \u00f6nlemeye, insanlar\u0131 tehlikelere kar\u015f\u0131 uyarmaya veya nesnelerin tehlikeli alanlardan g\u00fcvenli bir mesafede kalmas\u0131n\u0131 sa\u011flamaya yard\u0131mc\u0131 olur.<\/p>\n<h3 data-start=\"2850\" data-end=\"2888\">3. Mobil Bildirim Entegrasyonu<\/h3>\n<p data-start=\"2890\" data-end=\"3096\">IoT'nin b\u00fcy\u00fcmesiyle birlikte, art\u0131k bir\u00e7ok cihaz ak\u0131ll\u0131 telefonunuza bildirim g\u00f6nderme \u00f6zelli\u011fine sahip. Bir mesafe sens\u00f6r\u00fcn\u00fc bir mobil bildirim sistemiyle entegre ederek kullan\u0131c\u0131lar uzaktan uyar\u0131 alabilirler.<\/p>\n<p data-start=\"3098\" data-end=\"3127\"><strong data-start=\"3098\" data-end=\"3126\">Uygulama Ad\u0131mlar\u0131<\/strong>:<\/p>\n<ol data-start=\"3128\" data-end=\"3678\">\n<li data-start=\"3128\" data-end=\"3285\"><strong data-start=\"3131\" data-end=\"3150\">Veri Toplama<\/strong>: Nesne alg\u0131lama sens\u00f6r\u00fc s\u00fcrekli olarak \u00e7evreyi izler ve mesafe verilerini bir mikrodenetleyiciye veya g\u00f6m\u00fcl\u00fc sisteme g\u00f6nderir.<\/li>\n<li data-start=\"3286\" data-end=\"3412\"><strong data-start=\"3289\" data-end=\"3315\">Tetikleme Ko\u015fullar\u0131n\u0131 Ayarlama<\/strong>: Bir mesafe e\u015fi\u011fi tan\u0131mlay\u0131n. Bir nesne bu e\u015fi\u011fi ge\u00e7erse, sistem bir alarm tetikler.<\/li>\n<li data-start=\"3413\" data-end=\"3533\"><strong data-start=\"3416\" data-end=\"3430\">A\u011f \u0130leti\u015fimi<\/strong>: Sistem verileri Wi-Fi, Bluetooth veya h\u00fccresel a\u011flar arac\u0131l\u0131\u011f\u0131yla bir bulut platformuna veya yerel sunucuya g\u00f6nderir.<\/li>\n<li data-start=\"3534\" data-end=\"3678\"><strong data-start=\"3537\" data-end=\"3564\">Mobil Uygulama Bildirimi<\/strong>: Bir mobil uygulama (Android veya iOS) buluttan veya sunucudan anl\u0131k bildirimler alarak kullan\u0131c\u0131lar\u0131 ger\u00e7ek zamanl\u0131 olarak uyar\u0131r.<\/li>\n<\/ol>\n<p data-start=\"3680\" data-end=\"3857\">Arduino, Raspberry Pi gibi platformlar ve IFTTT veya Blynk gibi IoT hizmetleri, sens\u00f6r verilerini buluta kolayca g\u00f6ndermenize ve mobil bildirimleri tetiklemenize yard\u0131mc\u0131 olabilir.<\/p>\n<h3 data-start=\"3859\" data-end=\"3897\">4. Ger\u00e7ek D\u00fcnya Uygulama \u00d6rnekleri<\/h3>\n<p data-start=\"3899\" data-end=\"3987\">\u0130\u015fte mesafe sens\u00f6rleri, alarmlar ve mobil bildirimler i\u00e7in baz\u0131 pratik kullan\u0131mlar:<\/p>\n<ul data-start=\"3989\" data-end=\"4750\">\n<li data-start=\"3989\" data-end=\"4255\"><strong data-start=\"3991\" data-end=\"4021\">Ak\u0131ll\u0131 Ev G\u00fcvenlik Sistemi<\/strong>: Yetkisiz eri\u015fimi izlemek i\u00e7in kap\u0131lara veya pencerelere mesafe sens\u00f6rleri tak\u0131n. Birisi \u00e7ok yakla\u015f\u0131rsa veya bir kap\u0131y\u0131 \/ pencereyi a\u00e7maya \u00e7al\u0131\u015f\u0131rsa, sistem bir alarm\u0131 tetikler ve ev sahibinin ak\u0131ll\u0131 telefonuna an\u0131nda bir bildirim g\u00f6nderir.<\/li>\n<li data-start=\"4256\" data-end=\"4488\"><strong data-start=\"4258\" data-end=\"4287\">Otopark Y\u00f6netim Sistemi<\/strong>: Kullan\u0131labilir park yerlerini tespit etmek i\u00e7in kapal\u0131 otoparklarda mesafe sens\u00f6rlerini kullan\u0131n. Bir ara\u00e7 park etti\u011finde veya bir alana yakla\u015ft\u0131\u011f\u0131nda, sistem park y\u00f6neticisini veya sistem sahibini bilgilendirmek i\u00e7in uyar\u0131lar\u0131 tetikleyebilir.<\/li>\n<li data-start=\"4489\" data-end=\"4750\"><strong data-start=\"4491\" data-end=\"4523\">End\u00fcstriyel G\u00fcvenlik \u0130zleme<\/strong>: Fabrikalarda mesafe sens\u00f6rleri makineleri veya tehlikeli b\u00f6lgeleri izler. Bir nesne tehlikeli bir alana girerse, sistem bir alarm\u0131 tetikler ve bir denet\u00e7iye uyar\u0131 g\u00f6ndererek kazalar\u0131 veya ekipman hasar\u0131n\u0131 \u00f6nlemeye yard\u0131mc\u0131 olur.<\/li>\n<\/ul>\n<h3 data-start=\"4752\" data-end=\"4793\">5. Do\u011fru Mesafe Sens\u00f6r\u00fcn\u00fc Se\u00e7me<\/h3>\n<p data-start=\"4795\" data-end=\"4864\">Bir mesafe sens\u00f6r\u00fc se\u00e7erken a\u015fa\u011f\u0131daki fakt\u00f6rleri g\u00f6z \u00f6n\u00fcnde bulundurun:<\/p>\n<ul data-start=\"4866\" data-end=\"5525\">\n<li data-start=\"4866\" data-end=\"5124\"><strong data-start=\"4868\" data-end=\"4889\">\u00d6l\u00e7\u00fcm Aral\u0131\u011f\u0131<\/strong>: \u0130htiya\u00e7 duyulan menzile g\u00f6re bir sens\u00f6r se\u00e7in. Park sistemleri i\u00e7in birka\u00e7 metre menzilli bir sens\u00f6r yeterli olabilirken, end\u00fcstriyel uygulamalar PTFS Kare Mesafe Sens\u00f6r\u00fc 700m gibi daha uzun menzilli sens\u00f6rler gerektirebilir.<\/li>\n<li data-start=\"5125\" data-end=\"5254\"><strong data-start=\"5127\" data-end=\"5139\">Do\u011fruluk<\/strong>: Otomatik \u00fcretim gibi y\u00fcksek hassasiyet gerektiren uygulamalar i\u00e7in \u00fcst\u00fcn hassasiyete sahip sens\u00f6rleri tercih edin.<\/li>\n<li data-start=\"5255\" data-end=\"5365\"><strong data-start=\"5257\" data-end=\"5274\">Yan\u0131t S\u00fcresi<\/strong>: G\u00fcvenlik sistemlerinde h\u0131zl\u0131 tepki s\u00fcreleri \u00e7ok \u00f6nemlidir. H\u0131zl\u0131 geri bildirime sahip sens\u00f6rleri se\u00e7in.<\/li>\n<li data-start=\"5366\" data-end=\"5525\"><strong data-start=\"5368\" data-end=\"5399\">\u00c7evresel Uyumluluk<\/strong>: S\u0131cakl\u0131k, nem ve toz direncini g\u00f6z \u00f6n\u00fcnde bulundurun. Y\u00fcksek IP derecesine sahip sens\u00f6rler zorlu ortamlar i\u00e7in daha uygundur.<\/li>\n<\/ul>\n<h3 data-start=\"5527\" data-end=\"5569\">6. Sistemin Geni\u015fletilmesi ve Optimize Edilmesi<\/h3>\n<p data-start=\"5571\" data-end=\"5677\">Temel alarm ve bildirim sisteminiz kurulduktan sonra, bunu geni\u015fletmenin ve optimize etmenin birka\u00e7 yolu vard\u0131r:<\/p>\n<ul data-start=\"5679\" data-end=\"6150\">\n<li data-start=\"5679\" data-end=\"5813\"><strong data-start=\"5681\" data-end=\"5701\">Daha Fazla Sens\u00f6r Ekleyin<\/strong>: Daha iyi kapsama alan\u0131 ve g\u00fcvenlik i\u00e7in daha kapsaml\u0131 bir izleme a\u011f\u0131 olu\u015fturmak \u00fczere ek sens\u00f6rler kurun.<\/li>\n<li data-start=\"5814\" data-end=\"5978\"><strong data-start=\"5816\" data-end=\"5848\">Ek Cihazlar\u0131 Entegre Edin<\/strong>: Daha sa\u011flam bir sistem olu\u015fturmak i\u00e7in mesafe sens\u00f6rlerini kameralar, kilitler veya s\u0131cakl\u0131k sens\u00f6rleri gibi di\u011fer ak\u0131ll\u0131 cihazlarla birle\u015ftirin.<\/li>\n<li data-start=\"5979\" data-end=\"6150\"><strong data-start=\"5981\" data-end=\"6017\">Veri Analizi ve Makine \u00d6\u011frenimi<\/strong>: Sistemin farkl\u0131 senaryolara adapte olmas\u0131n\u0131 sa\u011flamak, uyar\u0131lar\u0131n do\u011frulu\u011funu ve genel performans\u0131 art\u0131rmak i\u00e7in sens\u00f6r verilerini analiz edin.<\/li>\n<\/ul>\n<h3 data-start=\"6152\" data-end=\"6169\">Aray\u00fcz PCI<\/h3>\n<p data-start=\"6171\" data-end=\"6333\">Bluetooth iletiminin yan\u0131 s\u0131ra TTL\/RS232\/RS485 \u00fc\u00e7\u00fc bir arada aray\u00fcz deste\u011fi, mesafe sens\u00f6rleri i\u00e7in daha verimli veri iletimi sa\u011flar.<\/p>\n<\/div>\n<div>\n<figure id=\"attachment_2979\" aria-describedby=\"caption-attachment-2979\" style=\"width: 800px\" class=\"wp-caption aligncenter\"><img decoding=\"async\" class=\"wp-image-2979 size-full\" title=\"Nesne Alg\u0131lama Sens\u00f6r\u00fc 700m\" src=\"https:\/\/meskernel.net\/wp-content\/uploads\/2024\/11\/PTFS-Laser-Ranging-Sensor-700m.jpg\" alt=\"PTFS Lazer Menzil Sens\u00f6r\u00fc 700m\" width=\"800\" height=\"800\" srcset=\"https:\/\/meskernel.net\/wp-content\/uploads\/2024\/11\/PTFS-Laser-Ranging-Sensor-700m.jpg 800w, https:\/\/meskernel.net\/wp-content\/uploads\/2024\/11\/PTFS-Laser-Ranging-Sensor-700m-300x300.jpg 300w, https:\/\/meskernel.net\/wp-content\/uploads\/2024\/11\/PTFS-Laser-Ranging-Sensor-700m-150x150.jpg 150w, https:\/\/meskernel.net\/wp-content\/uploads\/2024\/11\/PTFS-Laser-Ranging-Sensor-700m-768x768.jpg 768w, https:\/\/meskernel.net\/wp-content\/uploads\/2024\/11\/PTFS-Laser-Ranging-Sensor-700m-400x400.jpg 400w, https:\/\/meskernel.net\/wp-content\/uploads\/2024\/11\/PTFS-Laser-Ranging-Sensor-700m-100x100.jpg 100w\" sizes=\"(max-width: 800px) 100vw, 800px\" \/><figcaption id=\"caption-attachment-2979\" class=\"wp-caption-text\">Nesne Alg\u0131lama Sens\u00f6r\u00fc<\/figcaption><\/figure>\n<\/div>\n<h4><strong>OEM \u00c7\u00f6z\u00fcmleri Mevcuttur<\/strong><\/h4>\n<p>Meskernel Lazer \u00d6l\u00e7\u00fcm Sens\u00f6r\u00fcn\u00fc \u00fcr\u00fcnlerine veya sistemlerine dahil etmek isteyen i\u015fletmeler ve \u00fcreticiler i\u00e7in OEM \u00e7\u00f6z\u00fcmleri sunuyoruz. Nesne Alg\u0131lama Sens\u00f6r\u00fcm\u00fcz, toplu sipari\u015fler, \u00f6zel aray\u00fczler veya benzersiz ambalajlar i\u00e7in \u00f6zel ihtiya\u00e7lar\u0131n\u0131z\u0131 kar\u015f\u0131layacak \u015fekilde \u00f6zelle\u015ftirilebilir. \u00dcr\u00fcn tekliflerinizi geli\u015ftirmek i\u00e7in \u00f6l\u00e7eklenebilir \u00e7\u00f6z\u00fcmler sunmaya kararl\u0131y\u0131z.<\/p>\n<h4><strong>Neden Meskernel Nesne Alg\u0131lama Sens\u00f6r\u00fcn\u00fc Se\u00e7melisiniz?<\/strong><\/h4>\n<ul>\n<li><strong>Uzun Menzilli Do\u011fruluk<\/strong>: 1100 metreye kadar uzun mesafelerde g\u00fcvenilir mesafe \u00f6l\u00e7\u00fcmleri sa\u011flar.<\/li>\n<li><strong>Y\u00fcksek H\u0131zl\u0131 Performans<\/strong>: Ger\u00e7ek zamanl\u0131 uygulamalar i\u00e7in 1-3 Hz frekans ile h\u0131zl\u0131 bir \u015fekilde veri toplar.<\/li>\n<li><strong>Sa\u011flam ve Kompakt<\/strong>: Zorlu ortamlara dayan\u0131kl\u0131 tasar\u0131m\u0131 ile hem k\u00fc\u00e7\u00fck hem de b\u00fcy\u00fck \u00f6l\u00e7ekli projeler i\u00e7in idealdir.<\/li>\n<li><strong>Sorunsuz Entegrasyon<\/strong>: Esnek ileti\u015fim se\u00e7enekleri ile sistemlerinize kolayca ba\u011flan\u0131r.<\/li>\n<li><strong>OEM Deste\u011fi<\/strong>: \u00d6zelle\u015ftirilmi\u015f sens\u00f6r entegrasyonuna ihtiya\u00e7 duyan i\u015fletmeler i\u00e7in \u00f6zel \u00e7\u00f6z\u00fcmler.<\/li>\n<\/ul>\n<p>Meskernel Nesne Alg\u0131lama Sens\u00f6r\u00fc, uzun menzilli \u00f6l\u00e7\u00fcm, h\u0131zl\u0131 veri toplama ve kolay sistem entegrasyonu gerektiren t\u00fcm projeler i\u00e7in m\u00fckemmel bir \u00e7\u00f6z\u00fcmd\u00fcr. \u0130ster end\u00fcstriyel otomasyon, robotik veya hassas mesafe \u00f6l\u00e7\u00fcmleri gerektiren ba\u015fka bir uygulamada \u00e7al\u0131\u015f\u0131yor olun, bu sens\u00f6r ihtiyac\u0131n\u0131z olan g\u00fcvenilirli\u011fi ve performans\u0131 sa\u011flar.<\/p>\n<p><a href=\"https:\/\/meskernel.net\/tr\/iletisim\/\"><strong>Bug\u00fcn bize ula\u015f\u0131n<\/strong><\/a> lazer menzil sens\u00f6r\u00fcm\u00fcz\u00fcn sisteminizi veya projenizi nas\u0131l geli\u015ftirebilece\u011fi ve OEM gereksinimlerinize nas\u0131l yard\u0131mc\u0131 olabilece\u011fimiz hakk\u0131nda daha fazla bilgi edinmek i\u00e7in.<\/p>","protected":false},"excerpt":{"rendered":"<p>Ak\u0131ll\u0131 bir g\u00fcvenlik \u00e7\u00f6z\u00fcm\u00fc olu\u015fturmak i\u00e7in Mesafe Sens\u00f6r\u00fcn\u00fc Alarm sistemleri ve mobil bildirimlerle nas\u0131l entegre edece\u011finizi \u00f6\u011frenin. Bu k\u0131lavuz, ak\u0131ll\u0131 ev g\u00fcvenli\u011fi, park y\u00f6netimi ve end\u00fcstriyel g\u00fcvenlik i\u00e7in pratik uygulamalar sunan mesafe sens\u00f6rlerinin t\u00fcrlerini, alarmlar\u0131n kurulumunu ve ak\u0131ll\u0131 telefonunuza ger\u00e7ek zamanl\u0131 uyar\u0131lar\u0131n nas\u0131l g\u00f6nderilece\u011fini kapsar.<\/p>","protected":false},"featured_media":3705,"template":"","meta":{"site-sidebar-layout":"default","site-content-layout":"","ast-site-content-layout":"default","site-content-style":"default","site-sidebar-style":"default","ast-global-header-display":"","ast-banner-title-visibility":"","ast-main-header-display":"","ast-hfb-above-header-display":"","ast-hfb-below-header-display":"","ast-hfb-mobile-header-display":"","site-post-title":"","ast-breadcrumbs-content":"","ast-featured-img":"","footer-sml-layout":"","ast-disable-related-posts":"","theme-transparent-header-meta":"default","adv-header-id-meta":"","stick-header-meta":"","header-above-stick-meta":"","header-main-stick-meta":"","header-below-stick-meta":"","astra-migrate-meta-layouts":"set","ast-page-background-enabled":"default","ast-page-background-meta":{"desktop":{"background-color":"var(--ast-global-color-4)","background-image":"","background-repeat":"repeat","background-position":"center center","background-size":"auto","background-attachment":"scroll","background-type":"","background-media":"","overlay-type":"","overlay-color":"","overlay-opacity":"","overlay-gradient":""},"tablet":{"background-color":"","background-image":"","background-repeat":"repeat","background-position":"center center","background-size":"auto","background-attachment":"scroll","background-type":"","background-media":"","overlay-type":"","overlay-color":"","overlay-opacity":"","overlay-gradient":""},"mobile":{"background-color":"","background-image":"","background-repeat":"repeat","background-position":"center center","background-size":"auto","background-attachment":"scroll","background-type":"","background-media":"","overlay-type":"","overlay-color":"","overlay-opacity":"","overlay-gradient":""}},"ast-content-background-meta":{"desktop":{"background-color":"var(--ast-global-color-5)","background-image":"","background-repeat":"repeat","background-position":"center center","background-size":"auto","background-attachment":"scroll","background-type":"","background-media":"","overlay-type":"","overlay-color":"","overlay-opacity":"","overlay-gradient":""},"tablet":{"background-color":"var(--ast-global-color-5)","background-image":"","background-repeat":"repeat","background-position":"center center","background-size":"auto","background-attachment":"scroll","background-type":"","background-media":"","overlay-type":"","overlay-color":"","overlay-opacity":"","overlay-gradient":""},"mobile":{"background-color":"var(--ast-global-color-5)","background-image":"","background-repeat":"repeat","background-position":"center center","background-size":"auto","background-attachment":"scroll","background-type":"","background-media":"","overlay-type":"","overlay-color":"","overlay-opacity":"","overlay-gradient":""}}},"product_brand":[60],"product_cat":[30],"product_tag":[],"class_list":{"0":"post-3100","1":"product","2":"type-product","3":"status-publish","4":"has-post-thumbnail","6":"product_brand-meskernel","7":"product_cat-pulse-ranging-sensor","8":"desktop-align-center","9":"tablet-align-left","10":"mobile-align-left","12":"first","13":"instock","14":"shipping-taxable","15":"product-type-simple"},"_links":{"self":[{"href":"https:\/\/meskernel.net\/tr\/wp-json\/wp\/v2\/product\/3100","targetHints":{"allow":["GET"]}}],"collection":[{"href":"https:\/\/meskernel.net\/tr\/wp-json\/wp\/v2\/product"}],"about":[{"href":"https:\/\/meskernel.net\/tr\/wp-json\/wp\/v2\/types\/product"}],"version-history":[{"count":0,"href":"https:\/\/meskernel.net\/tr\/wp-json\/wp\/v2\/product\/3100\/revisions"}],"wp:featuredmedia":[{"embeddable":true,"href":"https:\/\/meskernel.net\/tr\/wp-json\/wp\/v2\/media\/3705"}],"wp:attachment":[{"href":"https:\/\/meskernel.net\/tr\/wp-json\/wp\/v2\/media?parent=3100"}],"wp:term":[{"taxonomy":"product_brand","embeddable":true,"href":"https:\/\/meskernel.net\/tr\/wp-json\/wp\/v2\/product_brand?post=3100"},{"taxonomy":"product_cat","embeddable":true,"href":"https:\/\/meskernel.net\/tr\/wp-json\/wp\/v2\/product_cat?post=3100"},{"taxonomy":"product_tag","embeddable":true,"href":"https:\/\/meskernel.net\/tr\/wp-json\/wp\/v2\/product_tag?post=3100"}],"curies":[{"name":"wp","href":"https:\/\/api.w.org\/{rel}","templated":true}]}}