{"id":3132,"date":"2024-12-19T10:14:20","date_gmt":"2024-12-19T02:14:20","guid":{"rendered":"https:\/\/meskernel.net\/?post_type=product&#038;p=3132"},"modified":"2025-07-28T11:26:19","modified_gmt":"2025-07-28T03:26:19","slug":"su-sevi%cc%87ye-dedektoru-sensoru","status":"publish","type":"product","link":"https:\/\/meskernel.net\/tr\/product\/water-level-detector-sensor\/","title":{"rendered":"Hassas D\u0131\u015f Mekan Projeleri i\u00e7in TS1224 Mesafe \u00d6l\u00e7\u00fcm Sens\u00f6r\u00fc 2000m"},"content":{"rendered":"<div class=\"text-title\">\n<div class=\"magic-3\">\n<h3 data-start=\"0\" data-end=\"77\"><strong data-start=\"4\" data-end=\"77\">TS1224 Mesafe \u00d6l\u00e7\u00fcm Sens\u00f6r\u00fc - Hassas D\u0131\u015f Mekan Projeleri i\u00e7in 2000m<\/strong><\/h3>\n<p data-start=\"79\" data-end=\"613\">TS1224 Mesafe \u00d6l\u00e7\u00fcm Sens\u00f6r\u00fc, d\u0131\u015f ortamlarda ola\u011fan\u00fcst\u00fc hassasiyet ve uzun menzilli performans sunmak \u00fczere tasarlanm\u0131\u015ft\u0131r. \u0130ster \u00f6l\u00e7\u00fcm, in\u015faat veya do\u011fru \u00f6l\u00e7\u00fcmler gerektiren herhangi bir b\u00fcy\u00fck \u00f6l\u00e7ekli proje \u00fczerinde \u00e7al\u0131\u015f\u0131yor olun, TS1224 her seferinde g\u00fcvenilir veriler elde etmenizi sa\u011flar. 2000 metrelik \u00f6l\u00e7\u00fcm aral\u0131\u011f\u0131na sahip bu sens\u00f6r, zorlu d\u0131\u015f mekan ko\u015fullar\u0131nda performans g\u00f6sterecek \u015fekilde tasarlanm\u0131\u015ft\u0131r ve projenizin ba\u015far\u0131s\u0131 i\u00e7in kritik olabilecek do\u011fru mesafe okumalar\u0131 sa\u011flar.<\/p>\n<\/div>\n<\/div>\n<figure id=\"attachment_2986\" aria-describedby=\"caption-attachment-2986\" style=\"width: 1000px\" class=\"wp-caption aligncenter\"><img fetchpriority=\"high\" decoding=\"async\" class=\"wp-image-2986 size-full\" title=\"UART lazer mesafe mod\u00fcl\u00fc TS1224 2000m\" src=\"https:\/\/meskernel.net\/wp-content\/uploads\/2024\/11\/UART-laser-distance-module-TS1224.jpg\" alt=\"UART lazer mesafe mod\u00fcl\u00fc TS1224\" width=\"1000\" height=\"500\" srcset=\"https:\/\/meskernel.net\/wp-content\/uploads\/2024\/11\/UART-laser-distance-module-TS1224.jpg 1000w, https:\/\/meskernel.net\/wp-content\/uploads\/2024\/11\/UART-laser-distance-module-TS1224-300x150.jpg 300w, https:\/\/meskernel.net\/wp-content\/uploads\/2024\/11\/UART-laser-distance-module-TS1224-768x384.jpg 768w, https:\/\/meskernel.net\/wp-content\/uploads\/2024\/11\/UART-laser-distance-module-TS1224-400x200.jpg 400w\" sizes=\"(max-width: 1000px) 100vw, 1000px\" \/><figcaption id=\"caption-attachment-2986\" class=\"wp-caption-text\">UART lazer mesafe mod\u00fcl\u00fc TS1224<\/figcaption><\/figure>\n<h3 data-start=\"620\" data-end=\"640\"><strong data-start=\"624\" data-end=\"640\">Temel \u00d6zellikler<\/strong><\/h3>\n<ul>\n<li data-start=\"642\" data-end=\"683\"><strong data-start=\"647\" data-end=\"683\">Geni\u015fletilmi\u015f 2000m \u00d6l\u00e7\u00fcm Aral\u0131\u011f\u0131<\/strong><\/li>\n<\/ul>\n<p data-start=\"684\" data-end=\"973\">TS1224, 2000 metreye varan ola\u011fan\u00fcst\u00fc menzili ile uzun mesafeli \u00f6l\u00e7\u00fcm gerektiren uygulamalar i\u00e7in m\u00fckemmeldir. \u0130ster geni\u015f alanlar\u0131n haritas\u0131n\u0131 \u00e7\u0131kar\u0131yor, ister \u00e7evresel \u00e7al\u0131\u015fmalar y\u00fcr\u00fct\u00fcyor veya geni\u015f in\u015faat sahalar\u0131n\u0131 y\u00f6netiyor olun, bu sens\u00f6r e\u015fsiz eri\u015fim ve hassasiyet sa\u011flar.<\/p>\n<ul>\n<li data-start=\"975\" data-end=\"1021\"><strong data-start=\"980\" data-end=\"1021\">Ultra Kompakt ve Yerden Tasarruf Sa\u011flayan Tasar\u0131m<\/strong><\/li>\n<\/ul>\n<p data-start=\"1022\" data-end=\"1292\">Uzun menzilli \u00f6zelliklerine ra\u011fmen TS1224, maksimum kenar\u0131 bozuk paradan daha k\u00fc\u00e7\u00fck olan kompakt bir form fakt\u00f6r\u00fcne sahiptir. Bu, dar alanlara ve kompakt sistemlere kolay entegrasyon sa\u011flar, boyut ve alan verimlili\u011finin \u00e7ok \u00f6nemli oldu\u011fu durumlarda ideal bir se\u00e7imdir.<\/p>\n<ul>\n<li data-start=\"1294\" data-end=\"1336\"><strong data-start=\"1299\" data-end=\"1336\">Y\u00fcksek Performansl\u0131 Sinyal Al\u0131m\u0131<\/strong><\/li>\n<\/ul>\n<p data-start=\"1337\" data-end=\"1668\">TS1224, sinyal al\u0131m\u0131n\u0131 en \u00fcst d\u00fczeye \u00e7\u0131karan ve uzun mesafelerde daha net, daha do\u011fru \u00f6l\u00e7\u00fcmler sa\u011flayan y\u00fcksek ge\u00e7irgenlikli cam ile donat\u0131lm\u0131\u015ft\u0131r. Bu \u00f6zellik, hava, \u0131\u015f\u0131k ko\u015fullar\u0131 ve arazi gibi \u00e7evresel fakt\u00f6rlerin ba\u015fka t\u00fcrl\u00fc performans\u0131 engelleyebilece\u011fi d\u0131\u015f mekan projeleri i\u00e7in idealdir.<\/p>\n<ul>\n<li data-start=\"1670\" data-end=\"1721\"><strong data-start=\"1675\" data-end=\"1721\">Zorlu Ortamlar i\u00e7in Dayan\u0131kl\u0131 Metal Kabuk<\/strong><\/li>\n<\/ul>\n<p data-start=\"1722\" data-end=\"2021\">Zorlu ko\u015fullara dayanacak \u015fekilde \u00fcretilen TS1224, geli\u015fmi\u015f dayan\u0131kl\u0131l\u0131k sa\u011flayan metal bir kabuk tasar\u0131m\u0131na sahiptir. Toza, neme veya a\u015f\u0131r\u0131 s\u0131cakl\u0131klara maruz kalsa da sens\u00f6r tutarl\u0131 bir performans sunarak ortam ne olursa olsun \u00f6l\u00e7\u00fcmlerinizin do\u011fru kalmas\u0131n\u0131 sa\u011flar.<\/p>\n<h3 data-start=\"3070\" data-end=\"3090\"><strong data-start=\"3074\" data-end=\"3090\">Uygulamalar<\/strong><\/h3>\n<ul>\n<li data-start=\"3092\" data-end=\"3295\"><strong data-start=\"3094\" data-end=\"3117\">\u00d6l\u00e7me ve Haritalama<\/strong>: B\u00fcy\u00fck \u00f6l\u00e7ekli ara\u015ft\u0131rmalar i\u00e7in ideal olan TS1224, 2000 metreye kadar olan mesafeleri kapsayabilir ve do\u011fru topografik haritalar ve saha planlar\u0131 i\u00e7in gerekli olan y\u00fcksek hassasiyetli \u00f6l\u00e7\u00fcmler sa\u011flar.<\/li>\n<li data-start=\"3296\" data-end=\"3481\"><strong data-start=\"3298\" data-end=\"3314\">\u0130n\u015faat<\/strong>: B\u00fcy\u00fck in\u015faat projeleri i\u00e7in sens\u00f6r\u00fcn uzun menzili, geni\u015f alanlardaki arazileri, temelleri ve di\u011fer yap\u0131lar\u0131 \u00f6l\u00e7mek i\u00e7in g\u00fcvenilir mesafe okumalar\u0131 sa\u011flar.<\/li>\n<li data-start=\"3482\" data-end=\"3681\"><strong data-start=\"3484\" data-end=\"3512\">\u00c7evresel \u0130zleme<\/strong>: TS1224, hassas mesafe \u00f6l\u00e7\u00fcmlerinin ormanlar\u0131n, sulak alanlar\u0131n ve di\u011fer do\u011fal manzaralar\u0131n izlenmesi i\u00e7in \u00e7ok \u00f6nemli olabilece\u011fi \u00e7evresel \u00e7al\u0131\u015fmalar i\u00e7in \u00e7ok uygundur.<\/li>\n<li data-start=\"3682\" data-end=\"3897\"><strong data-start=\"3684\" data-end=\"3717\">Tar\u0131m ve Arazi Y\u00f6netimi<\/strong>: Arazi \u00f6l\u00e7\u00fcm\u00fc ve y\u00f6netimindeki uygulamalar i\u00e7in bu sens\u00f6r, b\u00fcy\u00fck \u00f6l\u00e7ekli \u00e7iftlikler ve uzak araziler i\u00e7in m\u00fckemmeldir ve arazi kullan\u0131m kararlar\u0131na rehberlik edebilecek hassas okumalar sunar.<em style=\"font-size: 16px;\"><a href=\"https:\/\/meskernel.net\/tr\/yuksek-frekans-aralikli-sensor-modulu\/faz-mesafe-sensoru\/\">\u0130LG\u0130L\u0130 \u00dcR\u00dcNLER<\/a><\/em><\/li>\n<\/ul>\n<p>&nbsp;<\/p>\n<p><img decoding=\"async\" class=\"wp-image-3056 size-full aligncenter\" title=\"Yak\u0131nl\u0131k Sens\u00f6r\u00fc\" src=\"https:\/\/meskernel.net\/wp-content\/uploads\/2024\/12\/Proximity-Sensor-1.jpg\" alt=\"Yak\u0131nl\u0131k Sens\u00f6r\u00fc\" width=\"1080\" height=\"262\" srcset=\"https:\/\/meskernel.net\/wp-content\/uploads\/2024\/12\/Proximity-Sensor-1.jpg 1080w, https:\/\/meskernel.net\/wp-content\/uploads\/2024\/12\/Proximity-Sensor-1-300x73.jpg 300w, https:\/\/meskernel.net\/wp-content\/uploads\/2024\/12\/Proximity-Sensor-1-1024x248.jpg 1024w, https:\/\/meskernel.net\/wp-content\/uploads\/2024\/12\/Proximity-Sensor-1-768x186.jpg 768w, https:\/\/meskernel.net\/wp-content\/uploads\/2024\/12\/Proximity-Sensor-1-400x97.jpg 400w\" sizes=\"(max-width: 1080px) 100vw, 1080px\" \/><\/p>\n<h3 data-start=\"2028\" data-end=\"2084\"><strong data-start=\"2032\" data-end=\"2084\">Neden TS1224 Mesafe \u00d6l\u00e7\u00fcm Sens\u00f6r\u00fcn\u00fc Se\u00e7melisiniz?<\/strong><\/h3>\n<p data-start=\"2086\" data-end=\"2126\"><strong data-start=\"2091\" data-end=\"2126\">Kritik Projeler i\u00e7in Hassasiyet<\/strong><\/p>\n<p data-start=\"2127\" data-end=\"2381\">Her \u00f6l\u00e7\u00fcm\u00fcn \u00f6nemli oldu\u011fu d\u0131\u015f mekan projelerinde TS1224, ihtiya\u00e7lar\u0131n\u0131z i\u00e7in hassas veriler elde etmenizi sa\u011flar. \u015eantiyelerden \u00e7evresel izlemeye kadar bu sens\u00f6r, geni\u015f mesafelerde y\u00fcksek do\u011frulukla b\u00fcy\u00fck \u00f6l\u00e7ekli i\u015flemlerin \u00fcstesinden gelebilir.<\/p>\n<p data-start=\"2383\" data-end=\"2421\"><strong data-start=\"2388\" data-end=\"2421\">Sekt\u00f6rler Aras\u0131 \u00c7ok Y\u00f6nl\u00fcl\u00fck<\/strong><\/p>\n<p data-start=\"2422\" data-end=\"2759\">\u0130ster \u00f6l\u00e7me, jeodezi, in\u015faat veya tar\u0131mla u\u011fra\u015f\u0131yor olun, TS1224 <a href=\"https:\/\/www.globalsources.com\/chengdu-meskernel\/showroom_6002100157315.htm\" target=\"_blank\" rel=\"noopener\">sens\u00f6r<\/a> \u00e7e\u015fitli sekt\u00f6rlere sorunsuz bir \u015fekilde uyum sa\u011flar. Uzun menzil, kompakt boyut ve y\u00fcksek hassasiyet kombinasyonu, onu farkl\u0131 ko\u015fullarda hassasiyet gerektiren d\u0131\u015f mekan \u00f6l\u00e7\u00fcm g\u00f6revleri i\u00e7in vazge\u00e7ilmez bir ara\u00e7 haline getirir.<\/p>\n<p data-start=\"2761\" data-end=\"2800\"><strong data-start=\"2766\" data-end=\"2800\">H\u0131zl\u0131 Entegrasyon ve Kolay Kurulum<\/strong><\/p>\n<p data-start=\"2801\" data-end=\"3063\">Kullan\u0131c\u0131 dostu aray\u00fcz\u00fc ve basit entegrasyon s\u00fcreci ile TS1224 sens\u00f6r\u00fc mevcut sistemlere kolayca uyum sa\u011flayacak \u015fekilde tasarlanm\u0131\u015ft\u0131r. Hantal kurulumun karma\u015f\u0131kl\u0131\u011f\u0131 olmadan h\u0131zl\u0131 bir kuruluma ihtiya\u00e7 duyan m\u00fchendisler ve proje y\u00f6neticileri i\u00e7in idealdir.<\/p>\n<p data-start=\"3924\" data-end=\"4509\">TS1224 Mesafe \u00d6l\u00e7\u00fcm Sens\u00f6r\u00fc, d\u0131\u015f ortamlarda benzersiz hassasiyetle uzun mesafeli \u00f6l\u00e7\u00fcm i\u00e7in ba\u015fvuraca\u011f\u0131n\u0131z \u00e7\u00f6z\u00fcmd\u00fcr. 2000 metrelik menzili, ultra kompakt tasar\u0131m\u0131 ve sa\u011flam dayan\u0131kl\u0131l\u0131\u011f\u0131, do\u011fruluk ve g\u00fcvenilirli\u011fin \u00e7ok \u00f6nemli oldu\u011fu zorlu d\u0131\u015f mekan projeleri i\u00e7in m\u00fckemmel bir se\u00e7imdir. \u0130ster geni\u015f arazi alanlar\u0131n\u0131 \u00f6l\u00e7\u00fcyor, ister in\u015faat projelerini y\u00f6netiyor veya \u00e7evresel izleme yap\u0131yor olun, TS1224 \u00f6l\u00e7\u00fcmlerinizin her zaman do\u011fru olmas\u0131n\u0131 sa\u011flayarak projeleri verimli ve g\u00fcvenle tamamlaman\u0131za olanak tan\u0131r.<\/p>\n<p data-start=\"4511\" data-end=\"4611\">Daha fazla bilgi almak veya TS1224'\u00fc sistemlerinize entegre etme hakk\u0131nda bilgi almak i\u00e7in, <a href=\"https:\/\/meskernel.net\/tr\/iletisim\/\">bug\u00fcn bi\u0307zi\u0307mle i\u0307leti\u0307\u015fi\u0307me ge\u00e7i\u0307n<\/a>!<\/p>","protected":false},"excerpt":{"rendered":"<p>TS1224 Lazer Mesafe \u00d6l\u00e7\u00fcm Sens\u00f6r\u00fc, 2000 metrelik menzili ile ola\u011fan\u00fcst\u00fc hassasiyet sunarak haritalama, in\u015faat ve \u00e7evresel izleme gibi d\u0131\u015f mekan projeleri i\u00e7in idealdir. Ultra kompakt tasar\u0131m\u0131, y\u00fcksek performansl\u0131 sinyal al\u0131m\u0131 ve sa\u011flam metal g\u00f6vdesi zorlu ko\u015fullarda g\u00fcvenilir \u00e7al\u0131\u015fma sa\u011flar. Mevcut sistemlerle entegrasyonu kolay olan TS1224, b\u00fcy\u00fck \u00f6l\u00e7ekli, y\u00fcksek hassasiyetli \u00f6l\u00e7\u00fcmler i\u00e7in m\u00fckemmeldir ve \u00e7e\u015fitli end\u00fcstriler i\u00e7in h\u0131zl\u0131, do\u011fru veriler sa\u011flar.<\/p>","protected":false},"featured_media":3707,"template":"","meta":{"site-sidebar-layout":"default","site-content-layout":"","ast-site-content-layout":"default","site-content-style":"default","site-sidebar-style":"default","ast-global-header-display":"","ast-banner-title-visibility":"","ast-main-header-display":"","ast-hfb-above-header-display":"","ast-hfb-below-header-display":"","ast-hfb-mobile-header-display":"","site-post-title":"","ast-breadcrumbs-content":"","ast-featured-img":"","footer-sml-layout":"","ast-disable-related-posts":"","theme-transparent-header-meta":"default","adv-header-id-meta":"","stick-header-meta":"","header-above-stick-meta":"","header-main-stick-meta":"","header-below-stick-meta":"","astra-migrate-meta-layouts":"set","ast-page-background-enabled":"default","ast-page-background-meta":{"desktop":{"background-color":"var(--ast-global-color-4)","background-image":"","background-repeat":"repeat","background-position":"center center","background-size":"auto","background-attachment":"scroll","background-type":"","background-media":"","overlay-type":"","overlay-color":"","overlay-opacity":"","overlay-gradient":""},"tablet":{"background-color":"","background-image":"","background-repeat":"repeat","background-position":"center center","background-size":"auto","background-attachment":"scroll","background-type":"","background-media":"","overlay-type":"","overlay-color":"","overlay-opacity":"","overlay-gradient":""},"mobile":{"background-color":"","background-image":"","background-repeat":"repeat","background-position":"center center","background-size":"auto","background-attachment":"scroll","background-type":"","background-media":"","overlay-type":"","overlay-color":"","overlay-opacity":"","overlay-gradient":""}},"ast-content-background-meta":{"desktop":{"background-color":"var(--ast-global-color-5)","background-image":"","background-repeat":"repeat","background-position":"center center","background-size":"auto","background-attachment":"scroll","background-type":"","background-media":"","overlay-type":"","overlay-color":"","overlay-opacity":"","overlay-gradient":""},"tablet":{"background-color":"var(--ast-global-color-5)","background-image":"","background-repeat":"repeat","background-position":"center center","background-size":"auto","background-attachment":"scroll","background-type":"","background-media":"","overlay-type":"","overlay-color":"","overlay-opacity":"","overlay-gradient":""},"mobile":{"background-color":"var(--ast-global-color-5)","background-image":"","background-repeat":"repeat","background-position":"center center","background-size":"auto","background-attachment":"scroll","background-type":"","background-media":"","overlay-type":"","overlay-color":"","overlay-opacity":"","overlay-gradient":""}}},"product_brand":[60],"product_cat":[30],"product_tag":[],"class_list":{"0":"post-3132","1":"product","2":"type-product","3":"status-publish","4":"has-post-thumbnail","6":"product_brand-meskernel","7":"product_cat-pulse-ranging-sensor","8":"desktop-align-center","9":"tablet-align-left","10":"mobile-align-left","12":"first","13":"instock","14":"shipping-taxable","15":"product-type-simple"},"_links":{"self":[{"href":"https:\/\/meskernel.net\/tr\/wp-json\/wp\/v2\/product\/3132","targetHints":{"allow":["GET"]}}],"collection":[{"href":"https:\/\/meskernel.net\/tr\/wp-json\/wp\/v2\/product"}],"about":[{"href":"https:\/\/meskernel.net\/tr\/wp-json\/wp\/v2\/types\/product"}],"version-history":[{"count":0,"href":"https:\/\/meskernel.net\/tr\/wp-json\/wp\/v2\/product\/3132\/revisions"}],"wp:featuredmedia":[{"embeddable":true,"href":"https:\/\/meskernel.net\/tr\/wp-json\/wp\/v2\/media\/3707"}],"wp:attachment":[{"href":"https:\/\/meskernel.net\/tr\/wp-json\/wp\/v2\/media?parent=3132"}],"wp:term":[{"taxonomy":"product_brand","embeddable":true,"href":"https:\/\/meskernel.net\/tr\/wp-json\/wp\/v2\/product_brand?post=3132"},{"taxonomy":"product_cat","embeddable":true,"href":"https:\/\/meskernel.net\/tr\/wp-json\/wp\/v2\/product_cat?post=3132"},{"taxonomy":"product_tag","embeddable":true,"href":"https:\/\/meskernel.net\/tr\/wp-json\/wp\/v2\/product_tag?post=3132"}],"curies":[{"name":"wp","href":"https:\/\/api.w.org\/{rel}","templated":true}]}}