{"id":3295,"date":"2024-12-30T09:57:55","date_gmt":"2024-12-30T01:57:55","guid":{"rendered":"https:\/\/meskernel.net\/?post_type=product&#038;p=3295"},"modified":"2026-04-14T17:19:02","modified_gmt":"2026-04-14T09:19:02","slug":"golf-telemetre-sensoru","status":"publish","type":"product","link":"https:\/\/meskernel.net\/tr\/product\/golf-rangefinder-sensor\/","title":{"rendered":"3000m Long Range Laser Measurement Module for Golf Rangefinder &#038; Optical Devices"},"content":{"rendered":"<p>Golf Telemetre Sens\u00f6r\u00fc, y\u00fcksek do\u011fruluk, h\u0131zl\u0131 \u00f6l\u00e7\u00fcm, \u00e7ok i\u015flevli uygulama, y\u00fcksek g\u00fcvenilirlik ve kolay entegrasyon ile karakterize edilen bir t\u00fcr d\u0131\u015f mekan golf telemetre mod\u00fcl\u00fcd\u00fcr. Mod\u00fcl, hedef nesne ile telemetre aras\u0131ndaki mesafeyi do\u011fru bir \u015fekilde \u00f6l\u00e7mek i\u00e7in darbeli lazer teknolojisini kullan\u0131r.<\/p>\n<p>Golf Telemetre, geli\u015fmi\u015f lazer teknolojisini kullan\u0131c\u0131 dostu \u00f6zelliklerle birle\u015ftirerek 3000 metreye kadar etkileyici menzillerde do\u011fru ve g\u00fcvenilir mesafe \u00f6l\u00e7\u00fcmleri sunar. Hassasiyet i\u00e7in tasarlanan bu mod\u00fcl, \u00f6l\u00e7me, d\u0131\u015f mekan \u00f6l\u00e7\u00fcmleri, in\u015faat ve uzaktan izleme uygulamalar\u0131 i\u00e7in idealdir ve zorlu ortamlarda bile net, ger\u00e7ek zamanl\u0131 sonu\u00e7lar sa\u011flar.<\/p>\n<figure id=\"attachment_2997\" aria-describedby=\"caption-attachment-2997\" style=\"width: 1000px\" class=\"wp-caption aligncenter\"><img fetchpriority=\"high\" decoding=\"async\" class=\"wp-image-2997 size-full\" title=\"Teleskop Lazer sens\u00f6r\u00fc PTFG\" src=\"https:\/\/meskernel.net\/wp-content\/uploads\/2024\/10\/Telescope-Laser-sensor-PTFG.jpg\" alt=\"Teleskop Lazer sens\u00f6r\u00fc PTFG\" width=\"1000\" height=\"500\" srcset=\"https:\/\/meskernel.net\/wp-content\/uploads\/2024\/10\/Telescope-Laser-sensor-PTFG.jpg 1000w, https:\/\/meskernel.net\/wp-content\/uploads\/2024\/10\/Telescope-Laser-sensor-PTFG-300x150.jpg 300w, https:\/\/meskernel.net\/wp-content\/uploads\/2024\/10\/Telescope-Laser-sensor-PTFG-768x384.jpg 768w, https:\/\/meskernel.net\/wp-content\/uploads\/2024\/10\/Telescope-Laser-sensor-PTFG-400x200.jpg 400w\" sizes=\"(max-width: 1000px) 100vw, 1000px\" \/><figcaption id=\"caption-attachment-2997\" class=\"wp-caption-text\">Teleskop Lazer sens\u00f6r\u00fc PTFG<\/figcaption><\/figure>\n<h3>Geli\u015fmi\u015f Performans i\u00e7in Temel \u00d6zellikler<\/h3>\n<ul>\n<li><strong>Kullan\u0131c\u0131 Korumas\u0131 i\u00e7in Eyesafe Lazer:<\/strong><br \/>\nGolf Telemetre mod\u00fcl\u00fc, hem g\u00f6zler i\u00e7in g\u00fcvenli hem de g\u00fcne\u015f \u0131\u015f\u0131\u011f\u0131ndan kaynaklanan parazitlere kar\u015f\u0131 dayan\u0131kl\u0131 olan 905nm g\u00f6r\u00fcnmez \u0131\u015f\u0131k lazeri kullan\u0131r. Bu \u00f6zellik onu uzun mesafeli d\u0131\u015f mekan \u00f6l\u00e7\u00fcmleri i\u00e7in m\u00fckemmel bir \u00e7\u00f6z\u00fcm haline getirerek kullan\u0131c\u0131lar\u0131n cihaz\u0131 do\u011fruluktan \u00f6d\u00fcn vermeden g\u00fcvenli bir \u015fekilde kullanabilmelerini sa\u011flar.<\/li>\n<li><strong>Y\u00fcksek Ge\u00e7irgenlikli LCD Ekran:<\/strong><br \/>\nY\u00fcksek ge\u00e7irgenli\u011fe sahip bir LCD ekranla donat\u0131lm\u0131\u015f olan Teleskop Mesafe Mod\u00fcl\u00fc, kullan\u0131c\u0131lar\u0131n \u00f6l\u00e7\u00fcm sonu\u00e7lar\u0131n\u0131 an\u0131nda g\u00f6r\u00fcnt\u00fcleyebilmelerini sa\u011flar. Bu, yerinde h\u0131zl\u0131 karar verme ve ayarlama olana\u011f\u0131 sa\u011flayarak i\u015f ak\u0131\u015flar\u0131n\u0131 kolayla\u015ft\u0131r\u0131r ve hem saha \u00e7al\u0131\u015fmalar\u0131nda hem de ger\u00e7ek zamanl\u0131 izleme uygulamalar\u0131nda verimlili\u011fi art\u0131r\u0131r.<\/li>\n<li><strong>Net G\u00f6r\u00fcnt\u00fcleme i\u00e7in 6x Monok\u00fcler Teleskop:<\/strong><br \/>\nDahili 6x monok\u00fcler teleskop, uzaktaki hedefleri do\u011fru bir \u015fekilde tespit etmek i\u00e7in gerekli olan parlak ve net bir g\u00f6r\u00fc\u015f alan\u0131 sunar. \u00c7ok katmanl\u0131 kaplamas\u0131 \u0131\u015f\u0131k ge\u00e7irgenli\u011fini art\u0131r\u0131r, yans\u0131may\u0131 azalt\u0131r ve kontrast\u0131 art\u0131rarak daha keskin bir g\u00f6r\u00fcnt\u00fc elde edilmesini sa\u011flar. Bu kaplama ayn\u0131 zamanda lensi \u00e7izilmelere, lekelere ve toza kar\u015f\u0131 koruyarak uzun s\u00fcreli dayan\u0131kl\u0131l\u0131k ve \u00e7e\u015fitli \u00e7evre ko\u015fullar\u0131nda g\u00fcvenilir performans sa\u011flar.<\/li>\n<\/ul>\n<h3>\u0130leti\u015fim Aray\u00fcz\u00fc<\/h3>\n<p>Golf Telemetre Sens\u00f6r\u00fc USB, TTL, RS232, RS485, Bluetooth ve di\u011fer ileti\u015fim aray\u00fczlerini destekler, arduino, raspberry pi ve di\u011fer harici cihazlar\u0131 destekler.<\/p>\n<figure id=\"attachment_2987\" aria-describedby=\"caption-attachment-2987\" style=\"width: 750px\" class=\"wp-caption aligncenter\"><img decoding=\"async\" class=\"wp-image-2987 size-full\" title=\"Teleskop Lazer sens\u00f6r\u00fc\" src=\"https:\/\/meskernel.net\/wp-content\/uploads\/2024\/11\/Laser-Distance-Module-2000m.jpg\" alt=\"Teleskop Lazer sens\u00f6r\u00fc\" width=\"750\" height=\"266\" srcset=\"https:\/\/meskernel.net\/wp-content\/uploads\/2024\/11\/Laser-Distance-Module-2000m.jpg 750w, https:\/\/meskernel.net\/wp-content\/uploads\/2024\/11\/Laser-Distance-Module-2000m-300x106.jpg 300w, https:\/\/meskernel.net\/wp-content\/uploads\/2024\/11\/Laser-Distance-Module-2000m-400x142.jpg 400w\" sizes=\"(max-width: 750px) 100vw, 750px\" \/><figcaption id=\"caption-attachment-2987\" class=\"wp-caption-text\">Teleskop Lazer sens\u00f6r\u00fc<\/figcaption><\/figure>\n<h3><\/h3>\n<h3>\u00c7e\u015fitli Uygulamalar i\u00e7in \u00c7ok Y\u00f6nl\u00fc Entegrasyon<\/h3>\n<p>Kompakt tasar\u0131m\u0131 ve sa\u011flam \u00f6zellikleri sayesinde Golf Telemetre sens\u00f6r\u00fc \u00e7e\u015fitli sistemlere kolayca entegre olur. \u0130ster \u015funlar i\u00e7in <a href=\"https:\/\/meskernel.net\/tr\/uygulama\/insaat\/\">in\u015faat<\/a> saha \u00f6l\u00e7\u00fcmleri, arazi \u00f6l\u00e7\u00fcm\u00fc veya uzaktan alg\u0131lama i\u00e7in kullan\u0131lan bu mod\u00fcl, \u00e7ok \u00e7e\u015fitli kullan\u0131m durumlar\u0131nda tutarl\u0131, y\u00fcksek hassasiyetli veri toplama sa\u011flar. Mesafeleri, binalar\u0131n y\u00fcksekliklerini, end\u00fcstriyel ekipmanlar\u0131n ve b\u00fcy\u00fck yap\u0131lar\u0131n boyutlar\u0131n\u0131 \u00f6l\u00e7mek i\u00e7in kullan\u0131l\u0131r. Golf, da\u011fc\u0131l\u0131k, y\u00fcr\u00fcy\u00fc\u015f ve avc\u0131l\u0131k uygulamalar\u0131nda kullan\u0131labilir. Termal g\u00f6r\u00fcnt\u00fcleme teknolojisi ile birle\u015ftirildi\u011finde, karma\u015f\u0131k ortamlarda hedefler h\u0131zl\u0131 bir \u015fekilde tan\u0131mlanabilir. Mod\u00fcl\u00fcn LCD ekran\u0131nda verileri an\u0131nda g\u00f6r\u00fcnt\u00fcleme yetene\u011fi, \u00e7al\u0131\u015fma s\u0131ras\u0131nda an\u0131nda geri bildirim sa\u011flayarak kullan\u0131c\u0131 deneyimini daha da geli\u015ftirir.<\/p>\n<figure id=\"attachment_2998\" aria-describedby=\"caption-attachment-2998\" style=\"width: 1052px\" class=\"wp-caption aligncenter\"><img decoding=\"async\" class=\"wp-image-2998 size-full\" title=\"Teleskop Lazer sens\u00f6r\u00fc PTFG\" src=\"https:\/\/meskernel.net\/wp-content\/uploads\/2024\/10\/Telescope-Laser-sensor-PTFG-1.jpg\" alt=\"Teleskop Lazer sens\u00f6r\u00fc PTFG\" width=\"1052\" height=\"235\" srcset=\"https:\/\/meskernel.net\/wp-content\/uploads\/2024\/10\/Telescope-Laser-sensor-PTFG-1.jpg 1052w, https:\/\/meskernel.net\/wp-content\/uploads\/2024\/10\/Telescope-Laser-sensor-PTFG-1-300x67.jpg 300w, https:\/\/meskernel.net\/wp-content\/uploads\/2024\/10\/Telescope-Laser-sensor-PTFG-1-1024x229.jpg 1024w, https:\/\/meskernel.net\/wp-content\/uploads\/2024\/10\/Telescope-Laser-sensor-PTFG-1-768x172.jpg 768w, https:\/\/meskernel.net\/wp-content\/uploads\/2024\/10\/Telescope-Laser-sensor-PTFG-1-400x89.jpg 400w\" sizes=\"(max-width: 1052px) 100vw, 1052px\" \/><figcaption id=\"caption-attachment-2998\" class=\"wp-caption-text\">Teleskop Lazer sens\u00f6r\u00fc PTFG<\/figcaption><\/figure>\n<div class=\"mceTemp\"><\/div>\n<h3>Neden Meskernel'i Se\u00e7melisiniz?<\/h3>\n<p><strong>20 y\u0131l\u0131 a\u015fk\u0131n uzmanl\u0131\u011f\u0131yla<\/strong> Meskernel, lazer mesafe \u00f6l\u00e7\u00fcm\u00fcnde inovasyon ve g\u00fcvenilirlik konusunda sekt\u00f6re \u00f6nc\u00fcl\u00fck etmektedir. T\u00dcV sertifikal\u0131 7.000 metrekarelik fabrikam\u0131z en y\u00fcksek \u00fcretim standartlar\u0131n\u0131 sa\u011flamaktad\u0131r. Birden fazla patent sertifikas\u0131na sahip olmaktan ve CE, RoHS, FCC ve FDA d\u00fczenlemelerine uymaktan gurur duyuyoruz.<\/p>\n<p><strong>G\u00fc\u00e7l\u00fc OEM ve ODM yeteneklerimiz<\/strong> 40'tan fazla Ar-Ge m\u00fchendisinden olu\u015fan \u00f6zel bir ekip taraf\u0131ndan desteklenmekte ve \u00f6zel ihtiya\u00e7lar\u0131n\u0131z\u0131 kar\u015f\u0131layacak \u00e7\u00f6z\u00fcmleri uyarlamam\u0131za olanak tan\u0131maktad\u0131r. Gelen malzemelerden nihai sevkiyata kadar t\u00fcm s\u00fcre\u00e7 boyunca s\u0131k\u0131 kalite kontrol\u00fcn\u00fc s\u00fcrd\u00fcrerek tutarl\u0131, y\u00fcksek performansl\u0131 \u00fcr\u00fcnler sa\u011fl\u0131yoruz.<\/p>\n<p><strong>Meskernel ayr\u0131ca h\u0131zl\u0131 teslimat sunar<\/strong>-D\u00fczenli numune sipari\u015fleri 3 g\u00fcn i\u00e7inde g\u00f6nderilebilir ve ihtiya\u00e7 duydu\u011funuzda h\u0131zl\u0131 rehberlik sa\u011flamak i\u00e7in 7\/24 teknik destek. Uygun maliyetli fiyatland\u0131rmam\u0131zla, t\u00fcm lazer \u00f6l\u00e7\u00fcm \u00e7\u00f6z\u00fcmleriniz i\u00e7in m\u00fckemmel bir kalite, h\u0131z ve de\u011fer dengesi sunuyoruz.<\/p>\n<p>&nbsp;<\/p>","protected":false},"excerpt":{"rendered":"<p>Teleskop Golf Telemetre sens\u00f6r\u00fc 3000 metreye kadar hassas, uzun menzilli \u00f6l\u00e7\u00fcmler sunarak \u00f6l\u00e7me, in\u015faat ve d\u0131\u015f mekan izleme i\u00e7in idealdir. G\u00f6ze zarar vermeyen 905nm lazer, anl\u0131k sonu\u00e7lar i\u00e7in y\u00fcksek ge\u00e7irgenli\u011fe sahip LCD ekran ve net g\u00f6r\u00fc\u015f i\u00e7in 6x monok\u00fcler teleskop i\u00e7eren bu mod\u00fcl, hem do\u011fruluk hem de kullan\u0131m kolayl\u0131\u011f\u0131 sa\u011flar. \u0130ster parlak g\u00fcne\u015f \u0131\u015f\u0131\u011f\u0131 alt\u0131nda ister zorlu ortamlarda \u00e7al\u0131\u015f\u0131yor olun, geli\u015fmi\u015f \u00f6zellikleri ve dayan\u0131kl\u0131 tasar\u0131m\u0131 g\u00fcvenilir performans\u0131 garanti eder. Ayr\u0131ca, \u00f6zelle\u015ftirilebilir entegrasyon se\u00e7enekleri ile sisteminize sorunsuz bir \u015fekilde uyum sa\u011flayarak \u00f6zel ihtiya\u00e7lar\u0131n\u0131z\u0131 kar\u015f\u0131lama esnekli\u011fi sunar.<\/p>","protected":false},"featured_media":3693,"template":"","meta":{"site-sidebar-layout":"default","site-content-layout":"","ast-site-content-layout":"default","site-content-style":"default","site-sidebar-style":"default","ast-global-header-display":"","ast-banner-title-visibility":"","ast-main-header-display":"","ast-hfb-above-header-display":"","ast-hfb-below-header-display":"","ast-hfb-mobile-header-display":"","site-post-title":"","ast-breadcrumbs-content":"","ast-featured-img":"","footer-sml-layout":"","ast-disable-related-posts":"","theme-transparent-header-meta":"default","adv-header-id-meta":"","stick-header-meta":"","header-above-stick-meta":"","header-main-stick-meta":"","header-below-stick-meta":"","astra-migrate-meta-layouts":"set","ast-page-background-enabled":"default","ast-page-background-meta":{"desktop":{"background-color":"var(--ast-global-color-4)","background-image":"","background-repeat":"repeat","background-position":"center center","background-size":"auto","background-attachment":"scroll","background-type":"","background-media":"","overlay-type":"","overlay-color":"","overlay-opacity":"","overlay-gradient":""},"tablet":{"background-color":"","background-image":"","background-repeat":"repeat","background-position":"center center","background-size":"auto","background-attachment":"scroll","background-type":"","background-media":"","overlay-type":"","overlay-color":"","overlay-opacity":"","overlay-gradient":""},"mobile":{"background-color":"","background-image":"","background-repeat":"repeat","background-position":"center center","background-size":"auto","background-attachment":"scroll","background-type":"","background-media":"","overlay-type":"","overlay-color":"","overlay-opacity":"","overlay-gradient":""}},"ast-content-background-meta":{"desktop":{"background-color":"var(--ast-global-color-5)","background-image":"","background-repeat":"repeat","background-position":"center center","background-size":"auto","background-attachment":"scroll","background-type":"","background-media":"","overlay-type":"","overlay-color":"","overlay-opacity":"","overlay-gradient":""},"tablet":{"background-color":"var(--ast-global-color-5)","background-image":"","background-repeat":"repeat","background-position":"center center","background-size":"auto","background-attachment":"scroll","background-type":"","background-media":"","overlay-type":"","overlay-color":"","overlay-opacity":"","overlay-gradient":""},"mobile":{"background-color":"var(--ast-global-color-5)","background-image":"","background-repeat":"repeat","background-position":"center center","background-size":"auto","background-attachment":"scroll","background-type":"","background-media":"","overlay-type":"","overlay-color":"","overlay-opacity":"","overlay-gradient":""}}},"product_brand":[60],"product_cat":[30],"product_tag":[],"class_list":{"0":"post-3295","1":"product","2":"type-product","3":"status-publish","4":"has-post-thumbnail","6":"product_brand-meskernel","7":"product_cat-pulse-ranging-sensor","8":"desktop-align-center","9":"tablet-align-left","10":"mobile-align-left","12":"first","13":"instock","14":"shipping-taxable","15":"product-type-simple"},"_links":{"self":[{"href":"https:\/\/meskernel.net\/tr\/wp-json\/wp\/v2\/product\/3295","targetHints":{"allow":["GET"]}}],"collection":[{"href":"https:\/\/meskernel.net\/tr\/wp-json\/wp\/v2\/product"}],"about":[{"href":"https:\/\/meskernel.net\/tr\/wp-json\/wp\/v2\/types\/product"}],"version-history":[{"count":1,"href":"https:\/\/meskernel.net\/tr\/wp-json\/wp\/v2\/product\/3295\/revisions"}],"predecessor-version":[{"id":7436,"href":"https:\/\/meskernel.net\/tr\/wp-json\/wp\/v2\/product\/3295\/revisions\/7436"}],"wp:featuredmedia":[{"embeddable":true,"href":"https:\/\/meskernel.net\/tr\/wp-json\/wp\/v2\/media\/3693"}],"wp:attachment":[{"href":"https:\/\/meskernel.net\/tr\/wp-json\/wp\/v2\/media?parent=3295"}],"wp:term":[{"taxonomy":"product_brand","embeddable":true,"href":"https:\/\/meskernel.net\/tr\/wp-json\/wp\/v2\/product_brand?post=3295"},{"taxonomy":"product_cat","embeddable":true,"href":"https:\/\/meskernel.net\/tr\/wp-json\/wp\/v2\/product_cat?post=3295"},{"taxonomy":"product_tag","embeddable":true,"href":"https:\/\/meskernel.net\/tr\/wp-json\/wp\/v2\/product_tag?post=3295"}],"curies":[{"name":"wp","href":"https:\/\/api.w.org\/{rel}","templated":true}]}}