{"id":3297,"date":"2024-12-30T11:31:42","date_gmt":"2024-12-30T03:31:42","guid":{"rendered":"https:\/\/meskernel.net\/?post_type=product&#038;p=3297"},"modified":"2025-07-03T11:09:44","modified_gmt":"2025-07-03T03:09:44","slug":"lazer-olcum-bandi","status":"publish","type":"product","link":"https:\/\/meskernel.net\/tr\/product\/laser-measuring-tape\/","title":{"rendered":"2'si 1 Arada Lazer \u00d6l\u00e7\u00fcm Band\u0131: Hassas ve Kolay \u00d6l\u00e7\u00fcm i\u00e7in 40m Ta\u015f\u0131nabilir Cetvel"},"content":{"rendered":"<h3>2'si 1 Arada Lazer \u00d6l\u00e7\u00fcm Band\u0131 40m Ta\u015f\u0131nabilir Elektronik Cetvel \u00d6l\u00e7\u00fcm\u00fc Y\u00fcksek Hassasiyet<\/h3>\n<p>Hassasiyet ve \u00e7ok y\u00f6nl\u00fcl\u00fck i\u00e7in tasarlanm\u0131\u015f lazer \u00f6l\u00e7\u00fcm band\u0131m\u0131zla do\u011fru mesafe \u00f6l\u00e7\u00fcm\u00fcn\u00fcn g\u00fcc\u00fcn\u00fc ke\u015ffedin. Bu kompakt alet, 0,03 m ila 40 m \u00f6l\u00e7\u00fcm aral\u0131\u011f\u0131yla ola\u011fan\u00fcst\u00fc do\u011fruluk sunarak in\u015faat ve ev geli\u015ftirme projelerinden a\u00e7\u0131k hava sporlar\u0131 ve hobilere kadar \u00e7ok \u00e7e\u015fitli uygulamalar i\u00e7in m\u00fckemmeldir.<\/p>\n<figure id=\"attachment_2957\" aria-describedby=\"caption-attachment-2957\" style=\"width: 667px\" class=\"wp-caption aligncenter\"><img fetchpriority=\"high\" decoding=\"async\" class=\"wp-image-2957 size-full\" title=\"usb \u015farjl\u0131 lazer \u015ferit metre\" src=\"https:\/\/meskernel.net\/wp-content\/uploads\/2024\/11\/USB-CHARGING.png\" alt=\"usb \u015farjl\u0131 lazer \u015ferit metre\" width=\"667\" height=\"675\" srcset=\"https:\/\/meskernel.net\/wp-content\/uploads\/2024\/11\/USB-CHARGING.png 667w, https:\/\/meskernel.net\/wp-content\/uploads\/2024\/11\/USB-CHARGING-296x300.png 296w, https:\/\/meskernel.net\/wp-content\/uploads\/2024\/11\/USB-CHARGING-400x405.png 400w, https:\/\/meskernel.net\/wp-content\/uploads\/2024\/11\/USB-CHARGING-100x100.png 100w\" sizes=\"(max-width: 667px) 100vw, 667px\" \/><figcaption id=\"caption-attachment-2957\" class=\"wp-caption-text\">usb \u015farjl\u0131 lazer \u015ferit metre<\/figcaption><\/figure>\n<h3><strong>Temel \u00d6zellikler:<\/strong><\/h3>\n<h5><strong>Kompakt ve Ta\u015f\u0131nabilir Tasar\u0131m<\/strong><\/h5>\n<p>Lazer \u00f6l\u00e7\u00fcm band\u0131 M6 72x72x35mm'lik ultra kompakt boyutuyla ta\u015f\u0131may\u0131 ve saklamay\u0131 kolayla\u015ft\u0131r\u0131r. K\u00fc\u00e7\u00fck ve hafif tasar\u0131m\u0131, performanstan \u00f6d\u00fcn vermeden ta\u015f\u0131nabilirlik sa\u011flar. \u0130ster dar alanlarda ister hareket halindeyken \u00f6l\u00e7\u00fcm yap\u0131yor olun, bu cihaz rahatl\u0131k ve kullan\u0131m kolayl\u0131\u011f\u0131 sa\u011flar.<\/p>\n<h5><strong>Geni\u015f \u00d6l\u00e7\u00fcm Aral\u0131\u011f\u0131<\/strong><\/h5>\n<p>Bu cihaz, hem k\u0131sa hem de uzun mesafeli \u00f6l\u00e7\u00fcmler i\u00e7in ideal olan 0,03 m ila 40 m aras\u0131nda bir \u00f6l\u00e7\u00fcm aral\u0131\u011f\u0131 sunar. \u0130ster k\u00fc\u00e7\u00fck kapal\u0131 alanlar\u0131, ister peyzaj i\u00e7in mesafeleri veya a\u00e7\u0131k hava etkinliklerini \u00f6l\u00e7\u00fcyor olun, bu telemetre saniyeler i\u00e7inde hassas sonu\u00e7lar sa\u011flar.<\/p>\n<h5><strong>Y\u00fcksek Do\u011fruluk<\/strong><\/h5>\n<p>Do\u011fruluk oran\u0131 ile\u00a0<strong>\u00b1<\/strong>3 mm, lazer \u00f6l\u00e7\u00fcm band\u0131 her seferinde g\u00fcvenilir, y\u00fcksek hassasiyetli okumalar sa\u011flar. \u0130ster ayr\u0131nt\u0131l\u0131 bir proje \u00fczerinde \u00e7al\u0131\u015f\u0131yor ister genel i\u015fler i\u00e7in h\u0131zl\u0131 \u00f6l\u00e7\u00fcmlere ihtiya\u00e7 duyuyor olun, bu alet kusursuz sonu\u00e7lar i\u00e7in ihtiyac\u0131n\u0131z olan do\u011frulu\u011fu sunar.<\/p>\n<h5><strong>G\u00fcvenli Kullan\u0131m i\u00e7in S\u0131n\u0131f II Lazer<\/strong><\/h5>\n<p>620-690nm dalga boyu aral\u0131\u011f\u0131nda \u00e7al\u0131\u015fan S\u0131n\u0131f II lazer ile donat\u0131lm\u0131\u015f olan bu cihaz hem g\u00fcvenli hem de etkilidir. S\u0131n\u0131f II lazer, normal kullan\u0131m s\u0131ras\u0131nda g\u00fcvenli\u011fi sa\u011flar ve g\u00f6z korumas\u0131 i\u00e7in kat\u0131 standartlar\u0131 kar\u015f\u0131lar.<\/p>\n<h3><strong>Kolay Kullan\u0131m<\/strong><\/h3>\n<p>Kullan\u0131c\u0131 dostu aray\u00fcz\u00fc ve basit kontrolleri sayesinde hem profesyoneller hem de yeni ba\u015flayanlar i\u00e7in kullan\u0131m\u0131 kolayd\u0131r. Lazer \u00f6l\u00e7\u00fcm band\u0131 sezgiseldir ve tek bir d\u00fc\u011fmeye basarak h\u0131zl\u0131 okumalar sa\u011flar.<\/p>\n<figure id=\"attachment_2956\" aria-describedby=\"caption-attachment-2956\" style=\"width: 745px\" class=\"wp-caption aligncenter\"><img decoding=\"async\" class=\"wp-image-2956 size-full\" title=\"Lazer \u015eerit Metre\" src=\"https:\/\/meskernel.net\/wp-content\/uploads\/2024\/11\/Laser-Tape-Measure-1.jpg\" alt=\"Lazer \u015eerit Metre\" width=\"745\" height=\"719\" srcset=\"https:\/\/meskernel.net\/wp-content\/uploads\/2024\/11\/Laser-Tape-Measure-1.jpg 745w, https:\/\/meskernel.net\/wp-content\/uploads\/2024\/11\/Laser-Tape-Measure-1-300x290.jpg 300w, https:\/\/meskernel.net\/wp-content\/uploads\/2024\/11\/Laser-Tape-Measure-1-400x386.jpg 400w\" sizes=\"(max-width: 745px) 100vw, 745px\" \/><figcaption id=\"caption-attachment-2956\" class=\"wp-caption-text\">Lazer \u015eerit Metre<\/figcaption><\/figure>\n<p>Mini Lazer \u015eerit Metre 3'\u00fc 1 arada USB 40m Dijital \u00d6l\u00e7\u00fcm Arac\u0131, DIY ev geli\u015ftirme i\u00e7in m\u00fckemmeldir. Geleneksel mezuralara g\u00f6re daha hassas ve kullan\u0131\u015fl\u0131d\u0131r.<\/p>\n<ul>\n<li><strong>\u0130kisi Bir Arada Tasar\u0131m:<\/strong> 5 m \u015ferit metre ve 40 m lazer \u00f6l\u00e7\u00fcm cihaz\u0131n\u0131 birle\u015ftirir.<\/li>\n<li><strong>LED Ekran:<\/strong> Net ve okunmas\u0131 kolay \u00f6l\u00e7\u00fcmler.<\/li>\n<li><strong>Otomatik Kilit:<\/strong> G\u00fcvenlik i\u00e7in band\u0131n geri tepmesini \u00f6nler.<\/li>\n<li><strong>Yak\u0131n ve Uzun Menzilli \u00d6l\u00e7\u00fcm:<\/strong> Hatalar\u0131 \u00f6nlemek i\u00e7in k\u0131sa mesafeler i\u00e7in bant, uzun mesafeler i\u00e7in lazer.<\/li>\n<li><strong>\u00c7oklu Modlar:<\/strong> Mesafe, alan, hacim ve Pisagor \u00f6l\u00e7\u00fcmlerini destekler.<\/li>\n<\/ul>\n<p>Bu ara\u00e7 hem g\u00fcnl\u00fck hem de profesyonel \u00f6l\u00e7\u00fcm ihtiya\u00e7lar\u0131n\u0131 verimli bir \u015fekilde kar\u015f\u0131lar.<\/p>\n<p><strong>\u015eimdi Sipari\u015f Verin ve Hassas \u00d6l\u00e7\u00fcmleri Deneyimleyin!<\/strong><\/p>\n<p>\u0130ster bir profesyonel olun <a href=\"https:\/\/meskernel.net\/tr\/uygulama\/insaat\/\">in\u015faat<\/a> veya hobi ama\u00e7l\u0131 kullan\u0131yorsan\u0131z, bu lazer \u00f6l\u00e7\u00fcm band\u0131 \u00f6l\u00e7\u00fcm i\u015fleriniz i\u00e7in ihtiyac\u0131n\u0131z olan do\u011frulu\u011fu, ta\u015f\u0131nabilirli\u011fi ve g\u00fcvenli\u011fi sunar.<\/p>","protected":false},"excerpt":{"rendered":"<p>Lazer \u00d6l\u00e7\u00fcm Band\u0131m\u0131z\u0131n 0,03m ila 40m aral\u0131\u011f\u0131ndaki hassasiyetini ve \u00b13mm'lik y\u00fcksek do\u011frulu\u011funu ke\u015ffedin. Kompakt, hafif ve in\u015faat, ev geli\u015ftirme, spor ve daha fazlas\u0131 i\u00e7in ideal. G\u00fcvenli, kullan\u0131m\u0131 kolay ve hareket halindeyken do\u011fru \u00f6l\u00e7\u00fcmler i\u00e7in m\u00fckemmeldir.<\/p>","protected":false},"featured_media":3298,"template":"","meta":{"site-sidebar-layout":"default","site-content-layout":"","ast-site-content-layout":"default","site-content-style":"default","site-sidebar-style":"default","ast-global-header-display":"","ast-banner-title-visibility":"","ast-main-header-display":"","ast-hfb-above-header-display":"","ast-hfb-below-header-display":"","ast-hfb-mobile-header-display":"","site-post-title":"","ast-breadcrumbs-content":"","ast-featured-img":"","footer-sml-layout":"","ast-disable-related-posts":"","theme-transparent-header-meta":"default","adv-header-id-meta":"","stick-header-meta":"","header-above-stick-meta":"","header-main-stick-meta":"","header-below-stick-meta":"","astra-migrate-meta-layouts":"set","ast-page-background-enabled":"default","ast-page-background-meta":{"desktop":{"background-color":"var(--ast-global-color-4)","background-image":"","background-repeat":"repeat","background-position":"center center","background-size":"auto","background-attachment":"scroll","background-type":"","background-media":"","overlay-type":"","overlay-color":"","overlay-opacity":"","overlay-gradient":""},"tablet":{"background-color":"","background-image":"","background-repeat":"repeat","background-position":"center center","background-size":"auto","background-attachment":"scroll","background-type":"","background-media":"","overlay-type":"","overlay-color":"","overlay-opacity":"","overlay-gradient":""},"mobile":{"background-color":"","background-image":"","background-repeat":"repeat","background-position":"center center","background-size":"auto","background-attachment":"scroll","background-type":"","background-media":"","overlay-type":"","overlay-color":"","overlay-opacity":"","overlay-gradient":""}},"ast-content-background-meta":{"desktop":{"background-color":"var(--ast-global-color-5)","background-image":"","background-repeat":"repeat","background-position":"center center","background-size":"auto","background-attachment":"scroll","background-type":"","background-media":"","overlay-type":"","overlay-color":"","overlay-opacity":"","overlay-gradient":""},"tablet":{"background-color":"var(--ast-global-color-5)","background-image":"","background-repeat":"repeat","background-position":"center center","background-size":"auto","background-attachment":"scroll","background-type":"","background-media":"","overlay-type":"","overlay-color":"","overlay-opacity":"","overlay-gradient":""},"mobile":{"background-color":"var(--ast-global-color-5)","background-image":"","background-repeat":"repeat","background-position":"center center","background-size":"auto","background-attachment":"scroll","background-type":"","background-media":"","overlay-type":"","overlay-color":"","overlay-opacity":"","overlay-gradient":""}}},"product_brand":[60],"product_cat":[29],"product_tag":[],"class_list":{"0":"post-3297","1":"product","2":"type-product","3":"status-publish","4":"has-post-thumbnail","6":"product_brand-meskernel","7":"product_cat-laser-measurement-tool","8":"desktop-align-center","9":"tablet-align-left","10":"mobile-align-left","12":"first","13":"instock","14":"shipping-taxable","15":"product-type-simple"},"_links":{"self":[{"href":"https:\/\/meskernel.net\/tr\/wp-json\/wp\/v2\/product\/3297","targetHints":{"allow":["GET"]}}],"collection":[{"href":"https:\/\/meskernel.net\/tr\/wp-json\/wp\/v2\/product"}],"about":[{"href":"https:\/\/meskernel.net\/tr\/wp-json\/wp\/v2\/types\/product"}],"version-history":[{"count":0,"href":"https:\/\/meskernel.net\/tr\/wp-json\/wp\/v2\/product\/3297\/revisions"}],"wp:featuredmedia":[{"embeddable":true,"href":"https:\/\/meskernel.net\/tr\/wp-json\/wp\/v2\/media\/3298"}],"wp:attachment":[{"href":"https:\/\/meskernel.net\/tr\/wp-json\/wp\/v2\/media?parent=3297"}],"wp:term":[{"taxonomy":"product_brand","embeddable":true,"href":"https:\/\/meskernel.net\/tr\/wp-json\/wp\/v2\/product_brand?post=3297"},{"taxonomy":"product_cat","embeddable":true,"href":"https:\/\/meskernel.net\/tr\/wp-json\/wp\/v2\/product_cat?post=3297"},{"taxonomy":"product_tag","embeddable":true,"href":"https:\/\/meskernel.net\/tr\/wp-json\/wp\/v2\/product_tag?post=3297"}],"curies":[{"name":"wp","href":"https:\/\/api.w.org\/{rel}","templated":true}]}}