{"id":3303,"date":"2024-12-30T16:45:24","date_gmt":"2024-12-30T08:45:24","guid":{"rendered":"https:\/\/meskernel.net\/?post_type=product&#038;p=3303"},"modified":"2025-07-03T11:02:14","modified_gmt":"2025-07-03T03:02:14","slug":"40m-menzilli-ve-kompakt-tasarimli-yuksek-hassasiyetli-faz-lazer-mesafe-modulu-ldll","status":"publish","type":"product","link":"https:\/\/meskernel.net\/tr\/product\/high-precision-phase-laser-distance-module-ldll-with-40m-range-and-compact-design\/","title":{"rendered":"\u00d6zel Faz Lazer Mesafe \u00d6l\u00e7\u00fcm\u00fc: 40 m Menzil, Temass\u0131z End\u00fcstriyel \u00d6l\u00e7\u00fcm"},"content":{"rendered":"<h3><strong>End\u00fcstriyel Uygulamalar i\u00e7in Y\u00fcksek Hassasiyetli Faz Lazer Mesafe Sens\u00f6r\u00fc<\/strong><\/h3>\n<p>Y\u00fcksek Hassasiyetli Faz Lazer Mesafe Sens\u00f6r\u00fcm\u00fcz ola\u011fan\u00fcst\u00fc do\u011fruluk ve g\u00fcvenilirlik sunarak zorlu end\u00fcstriyel uygulamalar i\u00e7in ideal \u00e7\u00f6z\u00fcmd\u00fcr. Kullanarak <a href=\"https:\/\/meskernel.net\/tr\/mesafe-sensoru\/\">faz kaymas\u0131 \u00f6l\u00e7\u00fcm prensibi<\/a>Bu sens\u00f6r, yay\u0131lan ve yans\u0131yan lazer \u0131\u015f\u0131\u011f\u0131 aras\u0131ndaki faz fark\u0131n\u0131 \u00f6l\u00e7erek mesafeyi hesaplar. Bu yakla\u015f\u0131m, uzun mesafelerde bile y\u00fcksek hassasiyetli sonu\u00e7lar sa\u011flar. Lazer \u00f6l\u00e7\u00fcm sens\u00f6rlerinin lider \u00fcreticisi olarak otomasyon, imalat, \u00f6l\u00e7me ve m\u00fchendislik gibi sekt\u00f6rler i\u00e7in en son teknolojiyi sa\u011flama konusunda uzman\u0131z. \u0130ster k\u00fc\u00e7\u00fck bile\u015fenleri ister geni\u015f alanlar\u0131 \u00f6l\u00e7\u00fcyor olun, sens\u00f6rlerimiz zorlu ortamlarda bile her seferinde hassas sonu\u00e7lar sa\u011flar.<\/p>\n<figure id=\"attachment_2960\" aria-describedby=\"caption-attachment-2960\" style=\"width: 1080px\" class=\"wp-caption aligncenter\"><img fetchpriority=\"high\" decoding=\"async\" class=\"wp-image-2960 size-full\" title=\"TOF Lazer Mesafe Sens\u00f6r\u00fc\" src=\"https:\/\/meskernel.net\/wp-content\/uploads\/2024\/11\/TOF-Laser-Distance-Sensor.jpg\" alt=\"TOF Lazer Mesafe Sens\u00f6r\u00fc\" width=\"1080\" height=\"300\" srcset=\"https:\/\/meskernel.net\/wp-content\/uploads\/2024\/11\/TOF-Laser-Distance-Sensor.jpg 1080w, https:\/\/meskernel.net\/wp-content\/uploads\/2024\/11\/TOF-Laser-Distance-Sensor-300x83.jpg 300w, https:\/\/meskernel.net\/wp-content\/uploads\/2024\/11\/TOF-Laser-Distance-Sensor-1024x284.jpg 1024w, https:\/\/meskernel.net\/wp-content\/uploads\/2024\/11\/TOF-Laser-Distance-Sensor-768x213.jpg 768w, https:\/\/meskernel.net\/wp-content\/uploads\/2024\/11\/TOF-Laser-Distance-Sensor-400x111.jpg 400w\" sizes=\"(max-width: 1080px) 100vw, 1080px\" \/><figcaption id=\"caption-attachment-2960\" class=\"wp-caption-text\">TOF Lazer Mesafe Sens\u00f6r\u00fc<\/figcaption><\/figure>\n<h3><strong>\u00d6zel \u0130htiya\u00e7lar\u0131n\u0131z i\u00e7in Esnek \u00d6zelle\u015ftirme<\/strong><\/h3>\n<p>G\u00fcvenilir bir sens\u00f6r \u00fcreticisi olarak, \u00f6zel ihtiya\u00e7lar\u0131n\u0131z\u0131 kar\u015f\u0131lamak i\u00e7in kapsaml\u0131 \u00f6zelle\u015ftirme se\u00e7enekleri sunuyoruz. \u0130ster \u00f6l\u00e7\u00fcm aral\u0131\u011f\u0131n\u0131 ayarlamak, ister \u00f6zel \u00e7\u0131k\u0131\u015flar eklemek veya sens\u00f6r muhafazas\u0131n\u0131 \u00f6zel ortamlar i\u00e7in optimize etmek olsun, sens\u00f6r\u00fc tam gereksinimlerinize g\u00f6re uyarlayabiliriz. 40 m lazer mesafe sens\u00f6r\u00fcm\u00fcz RS485, RS232 ve TTL gibi end\u00fcstri standartlar\u0131yla uyumludur ve mevcut sistemlerinize sorunsuz entegrasyon sa\u011flar.<\/p>\n<p>\u00d6zelle\u015ftirilebilir \u00f6zellikler \u015funlar\u0131 i\u00e7erir:<\/p>\n<ul>\n<li>Programlanabilir \u00e7\u0131k\u0131\u015flar<\/li>\n<li>Veri kayd\u0131 ve ger\u00e7ek zamanl\u0131 izleme \u00f6zellikleri<\/li>\n<li>\u00d6zel \u00f6l\u00e7\u00fcm aral\u0131klar\u0131 ve \u00e7\u0131kt\u0131 formatlar\u0131<\/li>\n<li>\u00c7e\u015fitli \u00e7evre ko\u015fullar\u0131na uyumluluk<\/li>\n<\/ul>\n<h3><strong>\u00d6l\u00e7eklenebilir \u00dcretim ve H\u0131zl\u0131 \u00dcretim<\/strong><\/h3>\n<p>Son teknoloji \u00fcretim tesisimiz, h\u0131zl\u0131 \u00fcretim s\u00fcreleriyle hem k\u00fc\u00e7\u00fck parti hem de b\u00fcy\u00fck hacimli sipari\u015fleri kar\u015f\u0131layabilecek donan\u0131ma sahiptir. \u0130ster birka\u00e7 \u00fcniteye ister toplu sipari\u015fe ihtiyac\u0131n\u0131z olsun, taleplerinizi h\u0131zl\u0131 geri d\u00f6n\u00fc\u015f s\u00fcreleri ve g\u00fcvenilir teslimat programlar\u0131yla kar\u015f\u0131layabiliriz. En son \u00fcretim tekniklerini kullan\u0131yor ve her 40m'nin en iyi \u015fekilde \u00fcretilmesini sa\u011flamak i\u00e7in s\u0131k\u0131 kalite kontrol s\u00fcre\u00e7lerini takip ediyoruz. <a href=\"https:\/\/en.wikipedia.org\/wiki\/Time-of-flight_camera\" target=\"_blank\" rel=\"noopener\">TOF<\/a> lazer mesafe sens\u00f6r\u00fc, do\u011fruluk ve performans a\u00e7\u0131s\u0131ndan en y\u00fcksek end\u00fcstri standartlar\u0131n\u0131 kar\u015f\u0131lar.<\/p>\n<div class=\"ast-oembed-container\" style=\"height: 100%;\"><iframe title=\"Chengdu Meskernel Integrated Technology Co, Ltd\" width=\"500\" height=\"281\" src=\"https:\/\/www.youtube.com\/embed\/l3-XWIFqqic?feature=oembed\" frameborder=\"0\" allow=\"accelerometer; autoplay; clipboard-write; encrypted-media; gyroscope; picture-in-picture; web-share\" referrerpolicy=\"strict-origin-when-cross-origin\" allowfullscreen><\/iframe><\/div>\n<h3><strong>Faz Lazer Mesafe \u00d6l\u00e7\u00fcm Sens\u00f6r\u00fcm\u00fcz\u00fcn Temel Faydalar\u0131<\/strong><\/h3>\n<ul>\n<li><strong>E\u015fsiz Do\u011fruluk<\/strong>: ile son derece g\u00fcvenilir \u00f6l\u00e7\u00fcmler elde edin <strong>\u00b1<\/strong>1 mm hassasiyet, end\u00fcstriyel ortamlardaki hassas-kritik g\u00f6revler i\u00e7in gereklidir.<\/li>\n<li><strong>\u00d6zelle\u015ftirilebilir \u00d6zellikler<\/strong>: Sens\u00f6r\u00fcn \u00f6l\u00e7\u00fcm aral\u0131\u011f\u0131n\u0131, \u00e7\u0131k\u0131\u015f t\u00fcrlerini ve entegrasyon se\u00e7eneklerini benzersiz gereksinimlerinizi kar\u015f\u0131layacak \u015fekilde uyarlay\u0131n.<\/li>\n<li><strong>Geni\u015f Uygulama Yelpazesi<\/strong>: Robotik otomasyon, kalite kontrol, saha \u00f6l\u00e7\u00fcm\u00fc ve m\u00fchendislik uygulamalar\u0131 i\u00e7in m\u00fckemmeldir.<\/li>\n<li><strong>Kolay Entegrasyon<\/strong>: RS485, RS232 ve TTL gibi standart aray\u00fczler arac\u0131l\u0131\u011f\u0131yla mevcut sistemlerle sorunsuz bir \u015fekilde entegre olur.<\/li>\n<li><strong>\u00d6l\u00e7eklenebilir \u00dcretim<\/strong>: \u0130ster k\u00fc\u00e7\u00fck ister b\u00fcy\u00fck miktarlara ihtiyac\u0131n\u0131z olsun, h\u0131zl\u0131 \u00fcretim ve g\u00fcvenilir teslimat sunuyoruz.<\/li>\n<\/ul>\n<p>Ola\u011fan\u00fcst\u00fc do\u011fruluk, \u00e7ok y\u00f6nl\u00fcl\u00fck ve g\u00fcvenilir performans sunan y\u00fcksek hassasiyetli bir Faz Lazer Mesafe Sens\u00f6r\u00fc ar\u0131yorsan\u0131z, ba\u015fka yere bakman\u0131za gerek yok. Sens\u00f6r\u00fcm\u00fcz, \u00fcretim ve otomasyondan \u00f6l\u00e7me ve roboti\u011fe kadar \u00e7ok \u00e7e\u015fitli end\u00fcstriyel uygulamalar i\u00e7in m\u00fckemmel bir \u00e7\u00f6z\u00fcmd\u00fcr. Hassas \u00f6l\u00e7\u00fcmler sa\u011flama yetene\u011fi sayesinde operasyonel verimlili\u011fi art\u0131r\u0131r ve tutarl\u0131 sonu\u00e7lar sa\u011flar. Uygulaman\u0131z\u0131n benzersiz ihtiya\u00e7lar\u0131n\u0131 kar\u015f\u0131lamak \u00fczere uyarlanm\u0131\u015f, y\u00fcksek hassasiyet ve uzun menzilli performans i\u00e7in tasarlanm\u0131\u015f \u00e7e\u015fitli lazer mesafe sens\u00f6rleri sunuyoruz.<\/p>\n<p><a href=\"https:\/\/meskernel.net\/tr\/iletisim\/\">Bug\u00fcn bize ula\u015f\u0131n<\/a> y\u00fcksek hassasiyetli 40m Faz Lazer Mesafe sens\u00f6rlerimizin end\u00fcstriyel operasyonlar\u0131n\u0131z\u0131 nas\u0131l optimize edebilece\u011fini ve projelerinizde ba\u015far\u0131y\u0131 nas\u0131l art\u0131rabilece\u011fini \u00f6\u011frenmek i\u00e7in.<\/p>","protected":false},"excerpt":{"rendered":"<p>End\u00fcstriyel uygulamalar i\u00e7in ideal olan 40 m menzile ve kompakt tasar\u0131ma sahip \u00f6zelle\u015ftirilebilir faz lazer mesafe sens\u00f6r\u00fc. Verimli ve hassas temass\u0131z \u00f6l\u00e7\u00fcm i\u00e7in Bluetooth iletimi ve TTL\/RS232\/RS485 \u00fc\u00e7\u00fc bir arada aray\u00fcz\u00fcne sahiptir.<\/p>","protected":false},"featured_media":3304,"template":"","meta":{"site-sidebar-layout":"default","site-content-layout":"","ast-site-content-layout":"default","site-content-style":"default","site-sidebar-style":"default","ast-global-header-display":"","ast-banner-title-visibility":"","ast-main-header-display":"","ast-hfb-above-header-display":"","ast-hfb-below-header-display":"","ast-hfb-mobile-header-display":"","site-post-title":"","ast-breadcrumbs-content":"","ast-featured-img":"","footer-sml-layout":"","ast-disable-related-posts":"","theme-transparent-header-meta":"default","adv-header-id-meta":"","stick-header-meta":"","header-above-stick-meta":"","header-main-stick-meta":"","header-below-stick-meta":"","astra-migrate-meta-layouts":"set","ast-page-background-enabled":"default","ast-page-background-meta":{"desktop":{"background-color":"var(--ast-global-color-4)","background-image":"","background-repeat":"repeat","background-position":"center center","background-size":"auto","background-attachment":"scroll","background-type":"","background-media":"","overlay-type":"","overlay-color":"","overlay-opacity":"","overlay-gradient":""},"tablet":{"background-color":"","background-image":"","background-repeat":"repeat","background-position":"center center","background-size":"auto","background-attachment":"scroll","background-type":"","background-media":"","overlay-type":"","overlay-color":"","overlay-opacity":"","overlay-gradient":""},"mobile":{"background-color":"","background-image":"","background-repeat":"repeat","background-position":"center center","background-size":"auto","background-attachment":"scroll","background-type":"","background-media":"","overlay-type":"","overlay-color":"","overlay-opacity":"","overlay-gradient":""}},"ast-content-background-meta":{"desktop":{"background-color":"var(--ast-global-color-5)","background-image":"","background-repeat":"repeat","background-position":"center center","background-size":"auto","background-attachment":"scroll","background-type":"","background-media":"","overlay-type":"","overlay-color":"","overlay-opacity":"","overlay-gradient":""},"tablet":{"background-color":"var(--ast-global-color-5)","background-image":"","background-repeat":"repeat","background-position":"center center","background-size":"auto","background-attachment":"scroll","background-type":"","background-media":"","overlay-type":"","overlay-color":"","overlay-opacity":"","overlay-gradient":""},"mobile":{"background-color":"var(--ast-global-color-5)","background-image":"","background-repeat":"repeat","background-position":"center center","background-size":"auto","background-attachment":"scroll","background-type":"","background-media":"","overlay-type":"","overlay-color":"","overlay-opacity":"","overlay-gradient":""}}},"product_brand":[60],"product_cat":[51],"product_tag":[],"class_list":{"0":"post-3303","1":"product","2":"type-product","3":"status-publish","4":"has-post-thumbnail","6":"product_brand-meskernel","7":"product_cat-laser-distance-sensor","8":"desktop-align-center","9":"tablet-align-left","10":"mobile-align-left","12":"first","13":"instock","14":"shipping-taxable","15":"product-type-simple"},"_links":{"self":[{"href":"https:\/\/meskernel.net\/tr\/wp-json\/wp\/v2\/product\/3303","targetHints":{"allow":["GET"]}}],"collection":[{"href":"https:\/\/meskernel.net\/tr\/wp-json\/wp\/v2\/product"}],"about":[{"href":"https:\/\/meskernel.net\/tr\/wp-json\/wp\/v2\/types\/product"}],"version-history":[{"count":0,"href":"https:\/\/meskernel.net\/tr\/wp-json\/wp\/v2\/product\/3303\/revisions"}],"wp:featuredmedia":[{"embeddable":true,"href":"https:\/\/meskernel.net\/tr\/wp-json\/wp\/v2\/media\/3304"}],"wp:attachment":[{"href":"https:\/\/meskernel.net\/tr\/wp-json\/wp\/v2\/media?parent=3303"}],"wp:term":[{"taxonomy":"product_brand","embeddable":true,"href":"https:\/\/meskernel.net\/tr\/wp-json\/wp\/v2\/product_brand?post=3303"},{"taxonomy":"product_cat","embeddable":true,"href":"https:\/\/meskernel.net\/tr\/wp-json\/wp\/v2\/product_cat?post=3303"},{"taxonomy":"product_tag","embeddable":true,"href":"https:\/\/meskernel.net\/tr\/wp-json\/wp\/v2\/product_tag?post=3303"}],"curies":[{"name":"wp","href":"https:\/\/api.w.org\/{rel}","templated":true}]}}