{"id":3700,"date":"2025-02-11T11:08:16","date_gmt":"2025-02-11T03:08:16","guid":{"rendered":"https:\/\/meskernel.net\/?post_type=product&#038;p=3700"},"modified":"2025-12-29T14:02:35","modified_gmt":"2025-12-29T06:02:35","slug":"lazer-menzil-sensorleri","status":"publish","type":"product","link":"https:\/\/meskernel.net\/tr\/product\/laser-ranging-sensors\/","title":{"rendered":"PTFS-300 50Hz Laser Ranging Sensor | High-Speed Distance Measurement Module"},"content":{"rendered":"<p data-start=\"207\" data-end=\"311\"><strong data-start=\"207\" data-end=\"311\">PTFS-300-50Hz Lazer Menzil Sens\u00f6rleri - \u00c7ok Y\u00f6nl\u00fc Uygulamalar i\u00e7in Hassas ve Y\u00fcksek H\u0131zl\u0131 \u00d6l\u00e7\u00fcm<\/strong><\/p>\n<p data-start=\"313\" data-end=\"862\">PTFS-300-50Hz Lazer Mesafe Sens\u00f6rleri, darbeli lazer teknolojisini kullanarak g\u00fcvenilir mesafe \u00f6l\u00e7\u00fcm\u00fc i\u00e7in tasarlanm\u0131\u015f y\u00fcksek performansl\u0131 bir \u00f6l\u00e7\u00fcm mod\u00fcl\u00fcd\u00fcr. Bir dizi darbeli lazer \u0131\u015f\u0131n\u0131 yayar, lazerin gidi\u015f-d\u00f6n\u00fc\u015f s\u00fcresine g\u00f6re mesafeyi hesaplar ve zorlu ortamlarda bile do\u011fru sonu\u00e7lar sa\u011flar. Bu sens\u00f6r 300 metreye kadar menzili, 50Hz'de y\u00fcksek frekansl\u0131 \u00f6l\u00e7\u00fcm\u00fc ve sa\u011flam anti-parazit \u00f6zellikleriyle \u00e7ok \u00e7e\u015fitli end\u00fcstriyel, ticari ve ara\u015ft\u0131rma uygulamalar\u0131 i\u00e7in idealdir.<\/p>\n<div class=\"text-content\">\n<h3 data-start=\"864\" data-end=\"926\"><strong data-start=\"868\" data-end=\"926\">PTFS-300-50Hz Lazer Menzil Sens\u00f6rlerinin Temel \u00d6zellikleri<\/strong><\/h3>\n<p><img fetchpriority=\"high\" decoding=\"async\" class=\"wp-image-2979 alignright\" title=\"Lazer Menzil Sens\u00f6r\u00fc 700m PTFS\" src=\"https:\/\/meskernel.net\/wp-content\/uploads\/2024\/11\/PTFS-Laser-Ranging-Sensor-700m.jpg\" alt=\"PTFS Lazer Menzil Sens\u00f6r\u00fc 700m\" width=\"497\" height=\"497\" srcset=\"https:\/\/meskernel.net\/wp-content\/uploads\/2024\/11\/PTFS-Laser-Ranging-Sensor-700m.jpg 800w, https:\/\/meskernel.net\/wp-content\/uploads\/2024\/11\/PTFS-Laser-Ranging-Sensor-700m-300x300.jpg 300w, https:\/\/meskernel.net\/wp-content\/uploads\/2024\/11\/PTFS-Laser-Ranging-Sensor-700m-150x150.jpg 150w, https:\/\/meskernel.net\/wp-content\/uploads\/2024\/11\/PTFS-Laser-Ranging-Sensor-700m-768x768.jpg 768w, https:\/\/meskernel.net\/wp-content\/uploads\/2024\/11\/PTFS-Laser-Ranging-Sensor-700m-400x400.jpg 400w, https:\/\/meskernel.net\/wp-content\/uploads\/2024\/11\/PTFS-Laser-Ranging-Sensor-700m-100x100.jpg 100w\" sizes=\"(max-width: 497px) 100vw, 497px\" \/><strong data-start=\"933\" data-end=\"972\">1. Ola\u011fan\u00fcst\u00fc Mesafe \u00d6l\u00e7\u00fcm\u00fc<\/strong><\/p>\n<p data-start=\"973\" data-end=\"1287\">PTFS-300-50Hz Lazer Mesafe Sens\u00f6r\u00fc, 300 metreye kadar g\u00fcvenilir bir \u00f6l\u00e7\u00fcm aral\u0131\u011f\u0131 sunarak hem k\u0131sa hem de orta menzilli uygulamalar i\u00e7in m\u00fckemmeldir. Bu sens\u00f6r end\u00fcstriyel izleme, h\u0131z \u00f6l\u00e7\u00fcm\u00fc, yer de\u011fi\u015ftirme \u00f6l\u00e7\u00fcm\u00fc ve di\u011fer \u00e7e\u015fitli g\u00f6revler i\u00e7in hassas \u00f6l\u00e7\u00fcmleri destekler.<\/p>\n<p data-start=\"973\" data-end=\"1287\"><strong data-start=\"1294\" data-end=\"1334\">2. Y\u00fcksek Frekans Performans\u0131 (50Hz)<\/strong><\/p>\n<p data-start=\"1335\" data-end=\"1616\">50Hz frekans\u0131nda \u00e7al\u0131\u015fan PTFS-300-50Hz Lazer Mesafe Sens\u00f6r\u00fc h\u0131zl\u0131 ve s\u00fcrekli \u00f6l\u00e7\u00fcmler sa\u011flar. Y\u00fcksek frekans; robotik, otomasyon ve hareket takibi gibi h\u0131zl\u0131 geri bildirim ve ger\u00e7ek zamanl\u0131 veri i\u015fleme gerektiren uygulamalar i\u00e7in \u00e7ok \u00f6nemlidir.<\/p>\n<p data-start=\"1335\" data-end=\"1616\"><strong data-start=\"1623\" data-end=\"1676\">3. \u0130stikrarl\u0131 Performans i\u00e7in Anti-Jamming Teknolojisi<\/strong><\/p>\n<p data-start=\"1677\" data-end=\"1946\">PTFS-300-50Hz sens\u00f6r, \u00e7evresel g\u00fcr\u00fclt\u00fc ve parazitlere dayanacak \u015fekilde tasarlanm\u0131\u015f olup tutarl\u0131 ve do\u011fru mesafe \u00f6l\u00e7\u00fcmleri sa\u011flar. Bu, \u00f6zellikle zorlu ko\u015fullar alt\u0131nda istikrarl\u0131 performans\u0131n kritik oldu\u011fu end\u00fcstriyel ortamlarda de\u011ferlidir.<\/p>\n<p data-start=\"1677\" data-end=\"1946\"><strong data-start=\"1953\" data-end=\"2000\">4. \u00c7ok Y\u00f6nl\u00fc Kullan\u0131m i\u00e7in \u00d6zelle\u015ftirilebilir Frekans<\/strong><\/p>\n<p data-start=\"2001\" data-end=\"2247\">Standart frekans 50Hz olmakla birlikte, sens\u00f6r 1 ila 400Hz aras\u0131nda de\u011fi\u015fen frekanslar\u0131 destekleyecek \u015fekilde \u00f6zelle\u015ftirilebilir ve b\u00f6ylece farkl\u0131 \u00f6l\u00e7\u00fcm h\u0131zlar\u0131 veya ger\u00e7ek zamanl\u0131 geri bildirim gerektiren \u00e7e\u015fitli uygulamalar i\u00e7in uyarlanabilir.<\/p>\n<p data-start=\"2249\" data-end=\"2303\"><strong data-start=\"2254\" data-end=\"2303\">5. Kolay Entegrasyon ve Esnek Ba\u011flant\u0131<\/strong><\/p>\n<p data-start=\"2304\" data-end=\"2661\">Kompakt tasar\u0131m\u0131 ve \u00e7oklu ileti\u015fim aray\u00fczleri (TTL, RS232, RS485, Bluetooth, Modbus, UART) deste\u011fi ile PTFS-300-50Hz Lazer Mesafe Sens\u00f6r\u00fc, \u00e7o\u011fu end\u00fcstriyel otomasyon sistemine, veri kaydediciye ve IoT a\u011flar\u0131na sorunsuz bir \u015fekilde entegre olur. Kare yap\u0131s\u0131, kurulumu ve k\u0131s\u0131tl\u0131 alana sahip sistemlere entegrasyonu kolayla\u015ft\u0131r\u0131r.<\/p>\n<p data-start=\"2663\" data-end=\"2707\"><strong data-start=\"2668\" data-end=\"2707\">6. G\u00f6ze Zarars\u0131z, 905nm Lazer Teknolojisi<\/strong><\/p>\n<p data-start=\"2708\" data-end=\"2885\">905nm lazer g\u00f6ze zarar vermez ve uluslararas\u0131 g\u00fcvenlik standartlar\u0131na uygundur, insanlar\u0131n lazer \u0131\u015f\u0131nlar\u0131na maruz kalabilece\u011fi ortamlarda bile g\u00fcvenli \u00e7al\u0131\u015fma sa\u011flar.<\/p>\n<p data-start=\"2887\" data-end=\"2936\"><strong data-start=\"2892\" data-end=\"2936\">7. \u00d6zel Uygulamalar i\u00e7in OEM \u00c7\u00f6z\u00fcmleri<\/strong><\/p>\n<p data-start=\"2937\" data-end=\"3178\">PTFS-300-50Hz Lazer Menzil Sens\u00f6r\u00fcn\u00fc \u00fcr\u00fcnlerine veya sistemlerine dahil etmek isteyen i\u015fletmeler i\u00e7in OEM \u00e7\u00f6z\u00fcmleri sunuyoruz. \u00d6zel gereksinimleri kar\u015f\u0131lamak i\u00e7in \u00f6zel yap\u0131land\u0131rmalar, benzersiz paketleme ve toplu sipari\u015fler mevcuttur.<\/p>\n<h3 data-start=\"3180\" data-end=\"3242\"><strong data-start=\"3184\" data-end=\"3242\">PTFS-300-50Hz Lazer Menzil Sens\u00f6rlerinin Uygulamalar\u0131<\/strong><\/h3>\n<p data-start=\"3244\" data-end=\"3359\">PTFS-300-50Hz Lazer Menzil Sens\u00f6rleri \u00e7ok y\u00f6nl\u00fcd\u00fcr ve a\u015fa\u011f\u0131dakiler de dahil olmak \u00fczere bir dizi uygulama i\u00e7in uygundur:<\/p>\n<ul data-start=\"3361\" data-end=\"3840\">\n<li data-start=\"3361\" data-end=\"3484\"><strong data-start=\"3363\" data-end=\"3387\">Mesafe \u00d6l\u00e7\u00fcm\u00fc<\/strong>: \u00c7e\u015fitli end\u00fcstriyel, bilimsel ve ticari kullan\u0131mlar i\u00e7in 300 metreye kadar do\u011fru \u00f6l\u00e7\u00fcmler.<\/li>\n<li data-start=\"3485\" data-end=\"3605\"><strong data-start=\"3487\" data-end=\"3525\">H\u0131z ve Deplasman \u00d6l\u00e7\u00fcm\u00fc<\/strong>: Robotik, otomasyon ve ger\u00e7ek zamanl\u0131 sistemlerde dinamik \u00f6l\u00e7\u00fcmler i\u00e7in idealdir.<\/li>\n<li data-start=\"3606\" data-end=\"3718\"><strong data-start=\"3608\" data-end=\"3633\">\u00d6l\u00e7me ve Haritalama<\/strong>: Hem i\u00e7 hem de d\u0131\u015f ortamlarda orta menzilli \u00f6l\u00e7\u00fcm g\u00f6revleri i\u00e7in m\u00fckemmeldir.<\/li>\n<li data-start=\"3719\" data-end=\"3840\"><strong data-start=\"3721\" data-end=\"3740\">Hareket Takibi<\/strong>: H\u0131zl\u0131 veri toplama sa\u011flayarak robotik ve drone teknolojisindeki uygulamalar i\u00e7in idealdir.<\/li>\n<\/ul>\n<\/div>\n<figure id=\"attachment_2980\" aria-describedby=\"caption-attachment-2980\" style=\"width: 800px\" class=\"wp-caption aligncenter\"><img decoding=\"async\" class=\"wp-image-2980 size-full\" title=\"Drone i\u00e7in PTFS Lazer \u00d6l\u00e7\u00fcm Sens\u00f6r\u00fc\" src=\"https:\/\/meskernel.net\/wp-content\/uploads\/2024\/11\/PTFS-Laser-Measurement-Sensor.jpg\" alt=\"Drone i\u00e7in PTFS Lazer \u00d6l\u00e7\u00fcm Sens\u00f6r\u00fc\" width=\"800\" height=\"800\" srcset=\"https:\/\/meskernel.net\/wp-content\/uploads\/2024\/11\/PTFS-Laser-Measurement-Sensor.jpg 800w, https:\/\/meskernel.net\/wp-content\/uploads\/2024\/11\/PTFS-Laser-Measurement-Sensor-300x300.jpg 300w, https:\/\/meskernel.net\/wp-content\/uploads\/2024\/11\/PTFS-Laser-Measurement-Sensor-150x150.jpg 150w, https:\/\/meskernel.net\/wp-content\/uploads\/2024\/11\/PTFS-Laser-Measurement-Sensor-768x768.jpg 768w, https:\/\/meskernel.net\/wp-content\/uploads\/2024\/11\/PTFS-Laser-Measurement-Sensor-400x400.jpg 400w, https:\/\/meskernel.net\/wp-content\/uploads\/2024\/11\/PTFS-Laser-Measurement-Sensor-100x100.jpg 100w\" sizes=\"(max-width: 800px) 100vw, 800px\" \/><figcaption id=\"caption-attachment-2980\" class=\"wp-caption-text\">Drone i\u00e7in PTFS Lazer \u00d6l\u00e7\u00fcm Sens\u00f6r\u00fc<\/figcaption><\/figure>\n<h3 data-start=\"3842\" data-end=\"3900\"><strong data-start=\"3846\" data-end=\"3900\">Neden PTFS-300-50Hz Lazer Menzil Sens\u00f6rlerini Se\u00e7melisiniz?<\/strong><\/h3>\n<ul data-start=\"3902\" data-end=\"4543\">\n<li data-start=\"3902\" data-end=\"4034\"><strong data-start=\"3904\" data-end=\"3944\">Y\u00fcksek Do\u011fruluklu Uzun Menzilli \u00d6l\u00e7\u00fcm<\/strong>: \u00c7e\u015fitli uygulamalar i\u00e7in m\u00fckemmel hale getiren 300 metreye kadar g\u00fcvenilir \u00f6l\u00e7\u00fcmler.<\/li>\n<li data-start=\"4035\" data-end=\"4183\"><strong data-start=\"4037\" data-end=\"4076\">H\u0131zl\u0131 ve S\u00fcrekli Veri Toplama<\/strong>: 50Hz frekans ile sens\u00f6r ger\u00e7ek zamanl\u0131 uygulamalar\u0131 destekler ve h\u0131zl\u0131 veri i\u015fleme sa\u011flar.<\/li>\n<li data-start=\"4184\" data-end=\"4333\"><strong data-start=\"4186\" data-end=\"4210\">Dayan\u0131kl\u0131 ve G\u00fcvenilir<\/strong>: Zorlu ko\u015fullarda \u00e7al\u0131\u015fmak \u00fczere tasarlanan bu sens\u00f6r, g\u00fcr\u00fclt\u00fcl\u00fc veya zorlu ortamlarda bile istikrarl\u0131 \u00f6l\u00e7\u00fcmler sa\u011flar.<\/li>\n<li data-start=\"4334\" data-end=\"4444\"><strong data-start=\"4336\" data-end=\"4360\">Sorunsuz Entegrasyon<\/strong>: Mevcut sistemlere kolay entegrasyon i\u00e7in esnek ba\u011flant\u0131 se\u00e7eneklerini destekler.<\/li>\n<li data-start=\"4445\" data-end=\"4543\"><strong data-start=\"4447\" data-end=\"4471\">\u00d6zelle\u015ftirilebilir Se\u00e7enekler<\/strong>: \u00d6zel \u00f6l\u00e7\u00fcm ihtiya\u00e7lar\u0131n\u0131 kar\u015f\u0131lamak i\u00e7in uyarlanm\u0131\u015f \u00e7\u00f6z\u00fcmler ve OEM deste\u011fi.<\/li>\n<\/ul>\n<p data-start=\"4565\" data-end=\"5037\">PTFS-300-50Hz Lazer Mesafe Sens\u00f6rleri, y\u00fcksek h\u0131zl\u0131, y\u00fcksek hassasiyetli ve uzun menzilli mesafe \u00f6l\u00e7\u00fcm \u00f6zellikleri sunarak robotik, otomasyon, \u00f6l\u00e7me ve yer de\u011fi\u015ftirme takibi gibi end\u00fcstriler i\u00e7in m\u00fckemmel bir \u00e7\u00f6z\u00fcmd\u00fcr. 50Hz frekans\u0131, g\u00fcvenilir anti-parazit performans\u0131 ve kolay entegrasyonu, end\u00fcstriyel otomasyondan ara\u015ft\u0131rma ve geli\u015ftirmeye kadar \u00e7ok \u00e7e\u015fitli uygulamalar i\u00e7in \u00f6nemli bir ara\u00e7 haline getirir.<\/p>\n<p data-start=\"5039\" data-end=\"5209\"><a href=\"https:\/\/meskernel.net\/tr\/iletisim\/\"><strong data-start=\"5039\" data-end=\"5059\">Bug\u00fcn bize ula\u015f\u0131n<\/strong><\/a> PTFS-300-50Hz Lazer Menzil Sens\u00f6rlerinin sisteminizi veya projenizi nas\u0131l geli\u015ftirebilece\u011fi ve OEM ihtiya\u00e7lar\u0131n\u0131za nas\u0131l yard\u0131mc\u0131 olabilece\u011fimiz hakk\u0131nda daha fazla bilgi edinmek i\u00e7in.<\/p>","protected":false},"excerpt":{"rendered":"<p>Lazer Menzil Sens\u00f6rlerinin lider \u00fcreticisi olan Meskernel, \u00f6zel ihtiya\u00e7lar\u0131n\u0131z\u0131 kar\u015f\u0131lamak i\u00e7in \u00f6zelle\u015ftirilebilir \u00e7\u00f6z\u00fcmler sunar. 3 ila 700 metre menzili ve y\u00fcksek do\u011frulu\u011fu ile sens\u00f6rlerimiz otomasyon, robotik ve end\u00fcstriyel uygulamalar i\u00e7in m\u00fckemmeldir. \u00d6zel gereksinimlerinizi g\u00f6r\u00fc\u015fmek ve projelerinizi hassas teknolojiyle y\u00fckseltmek i\u00e7in bug\u00fcn bize ula\u015f\u0131n!<\/p>","protected":false},"featured_media":3701,"template":"","meta":{"site-sidebar-layout":"default","site-content-layout":"","ast-site-content-layout":"default","site-content-style":"default","site-sidebar-style":"default","ast-global-header-display":"","ast-banner-title-visibility":"","ast-main-header-display":"","ast-hfb-above-header-display":"","ast-hfb-below-header-display":"","ast-hfb-mobile-header-display":"","site-post-title":"","ast-breadcrumbs-content":"","ast-featured-img":"","footer-sml-layout":"","ast-disable-related-posts":"","theme-transparent-header-meta":"default","adv-header-id-meta":"","stick-header-meta":"","header-above-stick-meta":"","header-main-stick-meta":"","header-below-stick-meta":"","astra-migrate-meta-layouts":"set","ast-page-background-enabled":"default","ast-page-background-meta":{"desktop":{"background-color":"var(--ast-global-color-4)","background-image":"","background-repeat":"repeat","background-position":"center center","background-size":"auto","background-attachment":"scroll","background-type":"","background-media":"","overlay-type":"","overlay-color":"","overlay-opacity":"","overlay-gradient":""},"tablet":{"background-color":"","background-image":"","background-repeat":"repeat","background-position":"center center","background-size":"auto","background-attachment":"scroll","background-type":"","background-media":"","overlay-type":"","overlay-color":"","overlay-opacity":"","overlay-gradient":""},"mobile":{"background-color":"","background-image":"","background-repeat":"repeat","background-position":"center center","background-size":"auto","background-attachment":"scroll","background-type":"","background-media":"","overlay-type":"","overlay-color":"","overlay-opacity":"","overlay-gradient":""}},"ast-content-background-meta":{"desktop":{"background-color":"var(--ast-global-color-5)","background-image":"","background-repeat":"repeat","background-position":"center center","background-size":"auto","background-attachment":"scroll","background-type":"","background-media":"","overlay-type":"","overlay-color":"","overlay-opacity":"","overlay-gradient":""},"tablet":{"background-color":"var(--ast-global-color-5)","background-image":"","background-repeat":"repeat","background-position":"center center","background-size":"auto","background-attachment":"scroll","background-type":"","background-media":"","overlay-type":"","overlay-color":"","overlay-opacity":"","overlay-gradient":""},"mobile":{"background-color":"var(--ast-global-color-5)","background-image":"","background-repeat":"repeat","background-position":"center center","background-size":"auto","background-attachment":"scroll","background-type":"","background-media":"","overlay-type":"","overlay-color":"","overlay-opacity":"","overlay-gradient":""}}},"product_brand":[60],"product_cat":[30],"product_tag":[],"class_list":{"0":"post-3700","1":"product","2":"type-product","3":"status-publish","4":"has-post-thumbnail","6":"product_brand-meskernel","7":"product_cat-pulse-ranging-sensor","8":"desktop-align-center","9":"tablet-align-left","10":"mobile-align-left","12":"first","13":"instock","14":"shipping-taxable","15":"product-type-simple"},"_links":{"self":[{"href":"https:\/\/meskernel.net\/tr\/wp-json\/wp\/v2\/product\/3700","targetHints":{"allow":["GET"]}}],"collection":[{"href":"https:\/\/meskernel.net\/tr\/wp-json\/wp\/v2\/product"}],"about":[{"href":"https:\/\/meskernel.net\/tr\/wp-json\/wp\/v2\/types\/product"}],"version-history":[{"count":0,"href":"https:\/\/meskernel.net\/tr\/wp-json\/wp\/v2\/product\/3700\/revisions"}],"wp:featuredmedia":[{"embeddable":true,"href":"https:\/\/meskernel.net\/tr\/wp-json\/wp\/v2\/media\/3701"}],"wp:attachment":[{"href":"https:\/\/meskernel.net\/tr\/wp-json\/wp\/v2\/media?parent=3700"}],"wp:term":[{"taxonomy":"product_brand","embeddable":true,"href":"https:\/\/meskernel.net\/tr\/wp-json\/wp\/v2\/product_brand?post=3700"},{"taxonomy":"product_cat","embeddable":true,"href":"https:\/\/meskernel.net\/tr\/wp-json\/wp\/v2\/product_cat?post=3700"},{"taxonomy":"product_tag","embeddable":true,"href":"https:\/\/meskernel.net\/tr\/wp-json\/wp\/v2\/product_tag?post=3700"}],"curies":[{"name":"wp","href":"https:\/\/api.w.org\/{rel}","templated":true}]}}