{"id":3770,"date":"2025-02-18T17:34:45","date_gmt":"2025-02-18T09:34:45","guid":{"rendered":"https:\/\/meskernel.net\/?post_type=product&#038;p=3770"},"modified":"2025-06-11T10:24:18","modified_gmt":"2025-06-11T02:24:18","slug":"tof-mesafe-sensoru","status":"publish","type":"product","link":"https:\/\/meskernel.net\/tr\/product\/tof-distance-sensor\/","title":{"rendered":"Ak\u0131ll\u0131 Otomasyon i\u00e7in LDJG-80-20Hz ToF Mesafe Sens\u00f6r\u00fc"},"content":{"rendered":"<p data-start=\"177\" data-end=\"234\"><strong data-start=\"177\" data-end=\"234\">Ak\u0131ll\u0131 Otomasyon i\u00e7in LDJG-80-20Hz ToF Mesafe Sens\u00f6r\u00fc<\/strong><\/p>\n<p data-start=\"236\" data-end=\"696\">LDJG-80-20Hz ToF (Time-of-Flight) Mesafe Sens\u00f6r\u00fc, g\u00fcvenilir ve ger\u00e7ek zamanl\u0131 veri iletimi ile otomasyon sistemlerini geli\u015ftirmek i\u00e7in tasarlanm\u0131\u015f y\u00fcksek hassasiyetli bir \u00f6l\u00e7\u00fcm arac\u0131d\u0131r. Bu sens\u00f6r, sens\u00f6r ile nesneler aras\u0131ndaki mesafeleri ola\u011fan\u00fcst\u00fc do\u011fruluk ve kararl\u0131l\u0131kla \u00f6l\u00e7mek i\u00e7in geli\u015fmi\u015f ToF teknolojisini kullan\u0131r. Analog \u00e7\u0131k\u0131\u015fla entegrasyonu s\u00fcrekli, ger\u00e7ek zamanl\u0131 bir sinyal sa\u011flayarak \u00e7ok \u00e7e\u015fitli ak\u0131ll\u0131 otomasyon uygulamalar\u0131 i\u00e7in idealdir.<\/p>\n<figure id=\"attachment_3774\" aria-describedby=\"caption-attachment-3774\" style=\"width: 1000px\" class=\"wp-caption aligncenter\"><img data-dominant-color=\"f5f4f4\" data-has-transparency=\"false\" style=\"--dominant-color: #f5f4f4;\" fetchpriority=\"high\" decoding=\"async\" class=\"wp-image-3774 size-full not-transparent\" src=\"https:\/\/meskernel.net\/wp-content\/uploads\/2025\/02\/Arduino-Laser-Sensor.jpg\" alt=\"Arduino Lazer Sens\u00f6r\u00fc\" width=\"1000\" height=\"1000\" srcset=\"https:\/\/meskernel.net\/wp-content\/uploads\/2025\/02\/Arduino-Laser-Sensor.jpg 1000w, https:\/\/meskernel.net\/wp-content\/uploads\/2025\/02\/Arduino-Laser-Sensor-300x300.jpg 300w, https:\/\/meskernel.net\/wp-content\/uploads\/2025\/02\/Arduino-Laser-Sensor-150x150.jpg 150w, https:\/\/meskernel.net\/wp-content\/uploads\/2025\/02\/Arduino-Laser-Sensor-768x768.jpg 768w, https:\/\/meskernel.net\/wp-content\/uploads\/2025\/02\/Arduino-Laser-Sensor-400x400.jpg 400w, https:\/\/meskernel.net\/wp-content\/uploads\/2025\/02\/Arduino-Laser-Sensor-100x100.jpg 100w\" sizes=\"(max-width: 1000px) 100vw, 1000px\" \/><figcaption id=\"caption-attachment-3774\" class=\"wp-caption-text\">Arduino Lazer Sens\u00f6r\u00fc<\/figcaption><\/figure>\n<h3 data-start=\"698\" data-end=\"751\">1. LDJG-80-20Hz ToF Mesafe Sens\u00f6r\u00fc Nas\u0131l \u00c7al\u0131\u015f\u0131r?<\/h3>\n<p data-start=\"753\" data-end=\"1110\">LDJG-80 sens\u00f6r\u00fc, bir lazer darbesinin yay\u0131ld\u0131\u011f\u0131 ve darbenin bir nesneye gidip geri d\u00f6nmesi i\u00e7in ge\u00e7en s\u00fcrenin \u00f6l\u00e7\u00fcld\u00fc\u011f\u00fc U\u00e7u\u015f S\u00fcresi (ToF) prensibini kullan\u0131r. Sens\u00f6r, zaman gecikmesini hesaplayarak hedefe olan mesafeyi do\u011fru bir \u015fekilde belirler. Bu teknoloji, zorlu ortamlarda bile hassas, temass\u0131z \u00f6l\u00e7\u00fcmler sa\u011flar.<\/p>\n<h3 data-start=\"1112\" data-end=\"1144\">2. Analog \u00c7\u0131k\u0131\u015f\u0131n Rol\u00fc<\/h3>\n<p data-start=\"1146\" data-end=\"1341\">Sens\u00f6r\u00fcn <strong data-start=\"1159\" data-end=\"1176\">analog \u00e7\u0131k\u0131\u015f<\/strong> (voltaj veya ak\u0131m sinyallerinde mevcuttur) sorunsuz, ger\u00e7ek zamanl\u0131 geri bildirim sunar. Bu, s\u00fcrekli izleme ve kontrol i\u00e7in gereklidir. Yayg\u0131n analog \u00e7\u0131k\u0131\u015flar \u015funlar\u0131 i\u00e7erir:<\/p>\n<ul data-start=\"1343\" data-end=\"1555\">\n<li data-start=\"1343\" data-end=\"1433\"><strong data-start=\"1345\" data-end=\"1363\">Gerilim \u00c7\u0131k\u0131\u015f\u0131<\/strong>: 0-10V veya 0-5V gibi gerilim aral\u0131klar\u0131nda do\u011frudan \u00f6l\u00e7\u00fcm sa\u011flar.<\/li>\n<li data-start=\"1434\" data-end=\"1555\"><strong data-start=\"1436\" data-end=\"1454\">Ak\u0131m \u00c7\u0131k\u0131\u015f\u0131<\/strong>: 4-20mA ak\u0131m d\u00f6ng\u00fcs\u00fc uzun mesafeli iletim i\u00e7in idealdir ve \u00fcst\u00fcn g\u00fcr\u00fclt\u00fc ba\u011f\u0131\u015f\u0131kl\u0131\u011f\u0131 sunar.<\/li>\n<\/ul>\n<p data-start=\"1557\" data-end=\"1698\">Bu analog \u00e7\u0131k\u0131\u015flar, sorunsuz \u00e7al\u0131\u015fma ve hassas ayarlamalar i\u00e7in kontrol sistemlerine, PLC'lere ve di\u011fer end\u00fcstriyel kurulumlara kolayca entegre olur.<\/p>\n<h3 data-start=\"1700\" data-end=\"1759\">3. LDJG-80-20Hz ToF Mesafe Sens\u00f6r\u00fcn\u00fcn Uygulamalar\u0131<\/h3>\n<p data-start=\"1761\" data-end=\"1866\">LDJG-80 sens\u00f6r\u00fcn\u00fcn do\u011frulu\u011fu ve ger\u00e7ek zamanl\u0131 analog \u00e7\u0131k\u0131\u015f\u0131, onu a\u015fa\u011f\u0131daki uygulamalar i\u00e7in m\u00fckemmel k\u0131lar:<\/p>\n<ul data-start=\"1868\" data-end=\"2614\">\n<li data-start=\"1868\" data-end=\"2059\"><strong data-start=\"1870\" data-end=\"1906\">End\u00fcstriyel Otomasyon ve Robotik<\/strong>: Robotik ve otomatik sistemlerde hareket kontrol\u00fc i\u00e7in hassas mesafe verileri sa\u011flayarak nesne ta\u015f\u0131ma veya montaj gibi g\u00f6revlerde verimlili\u011fi art\u0131r\u0131r.<\/li>\n<li data-start=\"2060\" data-end=\"2261\"><strong data-start=\"2062\" data-end=\"2088\">Ak\u0131\u015fkan Seviyesi \u0130zleme<\/strong>: Y\u00fczeye olan mesafeyi temsil eden s\u00fcrekli bir analog sinyal g\u00f6ndererek tanklardaki ve silolardaki s\u0131v\u0131 seviyelerini \u00f6l\u00e7er, otomatik kontrol ve ger\u00e7ek zamanl\u0131 geri bildirim sa\u011flar.<\/li>\n<li data-start=\"2262\" data-end=\"2453\"><strong data-start=\"2264\" data-end=\"2307\">Hassas \u00d6l\u00e7\u00fcm ve Kalite Kontrol<\/strong>: \u00dcretimde par\u00e7alar\u0131n ve bile\u015fenlerin y\u00fcksek hassasiyetli \u00f6l\u00e7\u00fcm\u00fc i\u00e7in kullan\u0131l\u0131r, kalite standartlar\u0131n\u0131n kar\u015f\u0131lanmas\u0131n\u0131 sa\u011flar ve h\u0131zl\u0131 ayarlamalar yap\u0131lmas\u0131na olanak tan\u0131r.<\/li>\n<li data-start=\"2454\" data-end=\"2614\"><strong data-start=\"2456\" data-end=\"2491\">Ak\u0131ll\u0131 Park ve Trafik Sistemleri<\/strong>: Ara\u00e7 mesafesini veya park durumunu izleyerek alan kullan\u0131m\u0131n\u0131 optimize etmeye ve trafi\u011fi ger\u00e7ek zamanl\u0131 olarak y\u00f6netmeye yard\u0131mc\u0131 olur.<\/li>\n<\/ul>\n<figure id=\"attachment_3771\" aria-describedby=\"caption-attachment-3771\" style=\"width: 800px\" class=\"wp-caption aligncenter\"><img data-dominant-color=\"d0cdcc\" data-has-transparency=\"false\" style=\"--dominant-color: #d0cdcc;\" decoding=\"async\" class=\"wp-image-3771 size-full not-transparent\" src=\"https:\/\/meskernel.net\/wp-content\/uploads\/2025\/02\/ToF-Distance-Sensor.jpg\" alt=\"ToF Mesafe Sens\u00f6r\u00fc\" width=\"800\" height=\"800\" srcset=\"https:\/\/meskernel.net\/wp-content\/uploads\/2025\/02\/ToF-Distance-Sensor.jpg 800w, https:\/\/meskernel.net\/wp-content\/uploads\/2025\/02\/ToF-Distance-Sensor-300x300.jpg 300w, https:\/\/meskernel.net\/wp-content\/uploads\/2025\/02\/ToF-Distance-Sensor-150x150.jpg 150w, https:\/\/meskernel.net\/wp-content\/uploads\/2025\/02\/ToF-Distance-Sensor-768x768.jpg 768w, https:\/\/meskernel.net\/wp-content\/uploads\/2025\/02\/ToF-Distance-Sensor-400x400.jpg 400w, https:\/\/meskernel.net\/wp-content\/uploads\/2025\/02\/ToF-Distance-Sensor-100x100.jpg 100w\" sizes=\"(max-width: 800px) 100vw, 800px\" \/><figcaption id=\"caption-attachment-3771\" class=\"wp-caption-text\">ToF Mesafe Sens\u00f6r\u00fc<\/figcaption><\/figure>\n<h3 data-start=\"2616\" data-end=\"2677\">4. LDJG-80-20Hz ToF Mesafe Sens\u00f6r\u00fcn\u00fcn Temel Avantajlar\u0131<\/h3>\n<p><img decoding=\"async\" class=\"alignright wp-image-2972 size-medium\" src=\"https:\/\/meskernel.net\/wp-content\/uploads\/2024\/10\/distance-sensor-300x300.jpg\" alt=\"mesafe sens\u00f6r\u00fc\" width=\"300\" height=\"300\" srcset=\"https:\/\/meskernel.net\/wp-content\/uploads\/2024\/10\/distance-sensor-300x300.jpg 300w, https:\/\/meskernel.net\/wp-content\/uploads\/2024\/10\/distance-sensor-150x150.jpg 150w, https:\/\/meskernel.net\/wp-content\/uploads\/2024\/10\/distance-sensor-768x768.jpg 768w, https:\/\/meskernel.net\/wp-content\/uploads\/2024\/10\/distance-sensor-400x400.jpg 400w, https:\/\/meskernel.net\/wp-content\/uploads\/2024\/10\/distance-sensor-100x100.jpg 100w, https:\/\/meskernel.net\/wp-content\/uploads\/2024\/10\/distance-sensor.jpg 800w\" sizes=\"(max-width: 300px) 100vw, 300px\" \/><\/p>\n<ul data-start=\"2679\" data-end=\"3478\">\n<li data-start=\"2679\" data-end=\"2834\"><strong data-start=\"2681\" data-end=\"2712\">Y\u00fcksek Do\u011fruluk ve Kararl\u0131l\u0131k<\/strong>: \u00c7e\u015fitli ortamlarda istikrarl\u0131 performans ile genellikle milimetre ve hatta mikrometreye kadar hassas \u00f6l\u00e7\u00fcmler sa\u011flar.<\/li>\n<li data-start=\"2835\" data-end=\"3001\"><strong data-start=\"2837\" data-end=\"2864\">Temass\u0131z \u00d6l\u00e7\u00fcm<\/strong>: Lazer tabanl\u0131 \u00f6l\u00e7\u00fcm, hem sens\u00f6r hem de nesne \u00fczerinde minimum a\u015f\u0131nma ve y\u0131pranma sa\u011flar, hassas veya tehlikeli malzemeler i\u00e7in idealdir.<\/li>\n<li data-start=\"3002\" data-end=\"3159\"><strong data-start=\"3004\" data-end=\"3035\">Ger\u00e7ek Zamanl\u0131 Veri \u0130letimi<\/strong>: Analog \u00e7\u0131k\u0131\u015f, s\u00fcrekli izleme veya ayarlama gerektiren prosesler i\u00e7in s\u00fcrekli ve an\u0131nda geri bildirim sa\u011flar.<\/li>\n<li data-start=\"3160\" data-end=\"3306\"><strong data-start=\"3162\" data-end=\"3188\">Uzun Menzilli \u00d6l\u00e7\u00fcm<\/strong>: Birka\u00e7 metreden uzun mesafeleri \u00f6l\u00e7ebilir, bu da onu b\u00fcy\u00fck \u00f6l\u00e7ekli otomasyon veya karma\u015f\u0131k kurulumlar i\u00e7in uygun hale getirir.<\/li>\n<li data-start=\"3307\" data-end=\"3478\"><strong data-start=\"3309\" data-end=\"3329\">Kolay Entegrasyon<\/strong>: TTL, RS485 ve RS232 ileti\u015fim aray\u00fczleri ile sens\u00f6r mevcut sistemlere kolayca entegre olarak kurulum s\u00fcresini ve karma\u015f\u0131kl\u0131\u011f\u0131n\u0131 azalt\u0131r.<\/li>\n<\/ul>\n<div class=\"mceTemp\"><\/div>\n<h3 data-start=\"3480\" data-end=\"3498\">Neden Bizi Se\u00e7melisiniz?<\/h3>\n<ul data-start=\"3500\" data-end=\"4049\">\n<li data-start=\"3500\" data-end=\"3665\"><strong data-start=\"3502\" data-end=\"3526\">Dayan\u0131kl\u0131 Yap\u0131<\/strong>: Al\u00fcminyum ala\u015f\u0131ml\u0131 g\u00f6vde ve IP dereceli koruma, LDJG-80 sens\u00f6r\u00fcn\u00fc son derece dayan\u0131kl\u0131 ve zorlu end\u00fcstriyel ortamlar i\u00e7in uygun hale getirir.<\/li>\n<li data-start=\"3666\" data-end=\"3780\"><strong data-start=\"3668\" data-end=\"3688\">\u00d6zel \u00c7\u00f6z\u00fcmler<\/strong>: Sens\u00f6r\u00fc \u00f6zel uygulama ihtiya\u00e7lar\u0131n\u0131za g\u00f6re \u00f6zelle\u015ftirmek i\u00e7in OEM ve ODM hizmetleri sunuyoruz.<\/li>\n<li data-start=\"3781\" data-end=\"3921\"><strong data-start=\"3783\" data-end=\"3806\">Rekabet\u00e7i Fiyatland\u0131rma<\/strong>: \u00dcretici olarak, kaliteden \u00f6d\u00fcn vermeden fabrikadan do\u011frudan fiyatland\u0131rma sa\u011fl\u0131yor, maliyetleri d\u00fc\u015f\u00fcrmenize yard\u0131mc\u0131 oluyoruz.<\/li>\n<li data-start=\"3922\" data-end=\"4049\"><strong data-start=\"3924\" data-end=\"3945\">G\u00fcvenilir Do\u011fruluk<\/strong>: Sens\u00f6r teknolojisindeki 20 y\u0131l\u0131 a\u015fk\u0131n deneyimimizle, \u00fcst d\u00fczey performans ve g\u00fcvenilirlik sa\u011fl\u0131yoruz.<\/li>\n<\/ul>\n<p data-start=\"4051\" data-end=\"4242\">LDJG-80-20Hz <a href=\"https:\/\/www.globalsources.com\/chengdu-meskernel\/showroom_6002100157315.htm\" target=\"_blank\" rel=\"noopener\">ToF Mesafe Sens\u00f6r\u00fc<\/a> ak\u0131ll\u0131 otomasyonda hassas, ger\u00e7ek zamanl\u0131 \u00f6l\u00e7\u00fcm i\u00e7in m\u00fckemmel bir \u00e7\u00f6z\u00fcmd\u00fcr ve y\u00fcksek performans, kolay entegrasyon ve benzersiz g\u00fcvenilirlik sunar.<\/p>","protected":false},"excerpt":{"rendered":"<p>LDJG-80-20Hz ToF Mesafe Sens\u00f6r\u00fc, geli\u015fmi\u015f ToF teknolojisini kullanarak y\u00fcksek hassasiyetli, ger\u00e7ek zamanl\u0131 mesafe \u00f6l\u00e7\u00fcmleri sunar. Analog \u00e7\u0131k\u0131\u015f ve kolay entegrasyon ile ak\u0131ll\u0131 otomasyon, robotik ve s\u0131v\u0131 seviyesi izleme i\u00e7in idealdir.<\/p>","protected":false},"featured_media":3776,"template":"","meta":{"site-sidebar-layout":"right-sidebar","site-content-layout":"","ast-site-content-layout":"default","site-content-style":"default","site-sidebar-style":"default","ast-global-header-display":"","ast-banner-title-visibility":"","ast-main-header-display":"","ast-hfb-above-header-display":"","ast-hfb-below-header-display":"","ast-hfb-mobile-header-display":"","site-post-title":"","ast-breadcrumbs-content":"","ast-featured-img":"","footer-sml-layout":"","ast-disable-related-posts":"","theme-transparent-header-meta":"default","adv-header-id-meta":"","stick-header-meta":"","header-above-stick-meta":"","header-main-stick-meta":"","header-below-stick-meta":"","astra-migrate-meta-layouts":"set","ast-page-background-enabled":"default","ast-page-background-meta":{"desktop":{"background-color":"var(--ast-global-color-4)","background-image":"","background-repeat":"repeat","background-position":"center center","background-size":"auto","background-attachment":"scroll","background-type":"","background-media":"","overlay-type":"","overlay-color":"","overlay-opacity":"","overlay-gradient":""},"tablet":{"background-color":"","background-image":"","background-repeat":"repeat","background-position":"center center","background-size":"auto","background-attachment":"scroll","background-type":"","background-media":"","overlay-type":"","overlay-color":"","overlay-opacity":"","overlay-gradient":""},"mobile":{"background-color":"","background-image":"","background-repeat":"repeat","background-position":"center center","background-size":"auto","background-attachment":"scroll","background-type":"","background-media":"","overlay-type":"","overlay-color":"","overlay-opacity":"","overlay-gradient":""}},"ast-content-background-meta":{"desktop":{"background-color":"var(--ast-global-color-5)","background-image":"","background-repeat":"repeat","background-position":"center center","background-size":"auto","background-attachment":"scroll","background-type":"","background-media":"","overlay-type":"","overlay-color":"","overlay-opacity":"","overlay-gradient":""},"tablet":{"background-color":"var(--ast-global-color-5)","background-image":"","background-repeat":"repeat","background-position":"center center","background-size":"auto","background-attachment":"scroll","background-type":"","background-media":"","overlay-type":"","overlay-color":"","overlay-opacity":"","overlay-gradient":""},"mobile":{"background-color":"var(--ast-global-color-5)","background-image":"","background-repeat":"repeat","background-position":"center center","background-size":"auto","background-attachment":"scroll","background-type":"","background-media":"","overlay-type":"","overlay-color":"","overlay-opacity":"","overlay-gradient":""}}},"product_brand":[60],"product_cat":[32,52],"product_tag":[],"class_list":{"0":"post-3770","1":"product","2":"type-product","3":"status-publish","4":"has-post-thumbnail","6":"product_brand-meskernel","7":"product_cat-high-frequency-ranging-sensor-module","8":"product_cat-phase-distance-sensor","9":"desktop-align-center","10":"tablet-align-left","11":"mobile-align-left","13":"first","14":"instock","15":"shipping-taxable","16":"product-type-simple"},"_links":{"self":[{"href":"https:\/\/meskernel.net\/tr\/wp-json\/wp\/v2\/product\/3770","targetHints":{"allow":["GET"]}}],"collection":[{"href":"https:\/\/meskernel.net\/tr\/wp-json\/wp\/v2\/product"}],"about":[{"href":"https:\/\/meskernel.net\/tr\/wp-json\/wp\/v2\/types\/product"}],"version-history":[{"count":0,"href":"https:\/\/meskernel.net\/tr\/wp-json\/wp\/v2\/product\/3770\/revisions"}],"wp:featuredmedia":[{"embeddable":true,"href":"https:\/\/meskernel.net\/tr\/wp-json\/wp\/v2\/media\/3776"}],"wp:attachment":[{"href":"https:\/\/meskernel.net\/tr\/wp-json\/wp\/v2\/media?parent=3770"}],"wp:term":[{"taxonomy":"product_brand","embeddable":true,"href":"https:\/\/meskernel.net\/tr\/wp-json\/wp\/v2\/product_brand?post=3770"},{"taxonomy":"product_cat","embeddable":true,"href":"https:\/\/meskernel.net\/tr\/wp-json\/wp\/v2\/product_cat?post=3770"},{"taxonomy":"product_tag","embeddable":true,"href":"https:\/\/meskernel.net\/tr\/wp-json\/wp\/v2\/product_tag?post=3770"}],"curies":[{"name":"wp","href":"https:\/\/api.w.org\/{rel}","templated":true}]}}