{"id":4206,"date":"2025-04-17T11:16:54","date_gmt":"2025-04-17T03:16:54","guid":{"rendered":"https:\/\/meskernel.net\/?post_type=product&#038;p=4206"},"modified":"2025-10-21T09:32:43","modified_gmt":"2025-10-21T01:32:43","slug":"1mm-lazer-mesafe-sensoru-modulu","status":"publish","type":"product","link":"https:\/\/meskernel.net\/tr\/product\/1mm-laser-distance-sensor-module\/","title":{"rendered":"D\u0131\u015f Mekan G\u00fc\u00e7l\u00fc I\u015f\u0131k i\u00e7in 30Hz 30 Metre ile 1mm Lazer Mesafe Sens\u00f6r\u00fc Mod\u00fcl\u00fc LDL-S"},"content":{"rendered":"<p>bizim <a href=\"https:\/\/www.globalsources.com\/chengdu-meskernel\/showroom_6002100157315.htm\" target=\"_blank\" rel=\"noopener\">1mm Lazer Mesafe Sens\u00f6r\u00fc Mod\u00fcl\u00fc<\/a> LDL-S d\u0131\u015f mekan uygulamalar\u0131 i\u00e7in tasarlanm\u0131\u015ft\u0131r ve g\u00fc\u00e7l\u00fc g\u00fcne\u015f \u0131\u015f\u0131\u011f\u0131 alt\u0131nda bile ola\u011fan\u00fcst\u00fc performans sunar. Zay\u0131f sinyal ortamlar\u0131nda \u00fcst\u00fcnl\u00fck sa\u011flayarak g\u00fcvenilir \u00e7al\u0131\u015fma sa\u011flar. Y\u00fcksek hassasiyetli \u00f6l\u00e7\u00fcm yetenekleri ile zorlu g\u00f6revler i\u00e7in do\u011fru sonu\u00e7lar sunar. Cihaz, \u00f6zelle\u015ftirilebilir geni\u015f bir s\u0131cakl\u0131k aral\u0131\u011f\u0131n\u0131 destekleyerek \u00e7e\u015fitli \u00e7evre ko\u015fullar\u0131 i\u00e7in uygun hale getirir. Ayr\u0131ca, farkl\u0131 kullan\u0131c\u0131 ihtiya\u00e7lar\u0131n\u0131 kar\u015f\u0131lamak i\u00e7in iste\u011fe ba\u011fl\u0131 k\u0131rm\u0131z\u0131 veya ye\u015fil lazer teknolojisine sahiptir.<\/p>\n<p><img data-dominant-color=\"e6e4e4\" data-has-transparency=\"false\" style=\"--dominant-color: #e6e4e4;\" fetchpriority=\"high\" decoding=\"async\" class=\"wp-image-4207 size-full alignleft not-transparent\" src=\"https:\/\/meskernel.net\/wp-content\/uploads\/2025\/04\/1mm-Laser-Distance-Sensor-Module.webp\" alt=\"1mm Lazer Mesafe Sens\u00f6r\u00fc Mod\u00fcl\u00fc\" width=\"696\" height=\"459\" srcset=\"https:\/\/meskernel.net\/wp-content\/uploads\/2025\/04\/1mm-Laser-Distance-Sensor-Module.webp 696w, https:\/\/meskernel.net\/wp-content\/uploads\/2025\/04\/1mm-Laser-Distance-Sensor-Module-300x198.webp 300w, https:\/\/meskernel.net\/wp-content\/uploads\/2025\/04\/1mm-Laser-Distance-Sensor-Module-400x264.webp 400w\" sizes=\"(max-width: 696px) 100vw, 696px\" \/><\/p>\n<p>&nbsp;<\/p>\n<h6>Avantajlar<\/h6>\n<ul>\n<li>G\u00fc\u00e7l\u00fc I\u015f\u0131k Direnci ile D\u0131\u015f Mekan Kullan\u0131m\u0131<\/li>\n<li>Zay\u0131f Sinyal Ko\u015fullar\u0131nda \u00dcst\u00fcn Performans<\/li>\n<li>Y\u00fcksek Hassasiyetli \u00d6l\u00e7\u00fcm<\/li>\n<li>\u00d6zelle\u015ftirilebilir Geni\u015f S\u0131cakl\u0131k Aral\u0131\u011f\u0131<\/li>\n<li>K\u0131rm\u0131z\u0131\/Ye\u015fil Lazer Se\u00e7enekleri<\/li>\n<\/ul>\n<h5><strong>Quick Testing Guidance<\/strong><\/h5>\n<p><img data-dominant-color=\"ebeceb\" data-has-transparency=\"false\" style=\"--dominant-color: #ebeceb;\" decoding=\"async\" class=\"alignleft wp-image-6112 size-full not-transparent\" src=\"https:\/\/meskernel.net\/wp-content\/uploads\/2025\/04\/laser-distance-sensor-Quick-Testing-Guidance.webp\" alt=\"lazer mesafe sens\u00f6r\u00fc H\u0131zl\u0131 Test K\u0131lavuzu\" width=\"703\" height=\"185\" srcset=\"https:\/\/meskernel.net\/wp-content\/uploads\/2025\/04\/laser-distance-sensor-Quick-Testing-Guidance.webp 703w, https:\/\/meskernel.net\/wp-content\/uploads\/2025\/04\/laser-distance-sensor-Quick-Testing-Guidance-300x79.webp 300w, https:\/\/meskernel.net\/wp-content\/uploads\/2025\/04\/laser-distance-sensor-Quick-Testing-Guidance-18x5.webp 18w, https:\/\/meskernel.net\/wp-content\/uploads\/2025\/04\/laser-distance-sensor-Quick-Testing-Guidance-400x105.webp 400w\" sizes=\"(max-width: 703px) 100vw, 703px\" \/><\/p>\n<p>&nbsp;<\/p>\n<h3 class=\"text-title\"><span class=\"magic-22\">LDL-T 1mm Lazer Mesafe Sens\u00f6r\u00fc Mod\u00fcl\u00fcn\u00fcn Aray\u00fcz PCI'\u0131<\/span><\/h3>\n<div class=\"text-content\">Bluetooth iletimini, TTL\/RS232\/RS485 \u00fc\u00e7\u00fc bir arada aray\u00fcz\u00fc destekler, b\u00f6ylece veri iletimi daha verimli olur.<\/div>\n<div><\/div>\n<p class=\"\" data-start=\"2144\" data-end=\"2361\">1mm Lazer Mesafe Sens\u00f6r\u00fc Mod\u00fcl\u00fc, tam \u00f6zelle\u015ftirme esnekli\u011fine sahip y\u00fcksek hassasiyetli, kompakt ve g\u00fcvenilir bir lazer \u00f6l\u00e7\u00fcm \u00e7\u00f6z\u00fcm\u00fc arayan m\u00fchendisler ve geli\u015ftiriciler i\u00e7in m\u00fckemmel bir se\u00e7imdir.<\/p>\n<p class=\"\" data-start=\"2363\" data-end=\"2441\">\u00c7ekinmeyin <a href=\"https:\/\/meskernel.net\/tr\/iletisim\/\">Bize ula\u015f\u0131n<\/a> veri sayfalar\u0131, entegrasyon deste\u011fi veya OEM sorular\u0131 i\u00e7in.<\/p>\n<p data-start=\"2363\" data-end=\"2441\">","protected":false},"excerpt":{"rendered":"<p>30Hz frekans ve 30 metre menzile sahip LDL-S 1mm Lazer Mesafe Sens\u00f6r\u00fc Mod\u00fcl\u00fc, g\u00fc\u00e7l\u00fc \u0131\u015f\u0131kl\u0131 ortamlarda d\u0131\u015f mekan kullan\u0131m\u0131 i\u00e7in tasarlanm\u0131\u015ft\u0131r. Bu sens\u00f6r 1 mm'ye kadar \u00f6l\u00e7\u00fcm hassasiyeti sunar ve robotik, end\u00fcstriyel otomasyon, in\u015faat \u00f6l\u00e7\u00fcm\u00fc ve daha bir\u00e7ok alanda yayg\u0131n olarak kullan\u0131l\u0131r. \u00c7e\u015fitli \u00e7evre ko\u015fullar\u0131 alt\u0131nda hassas mesafe \u00f6l\u00e7\u00fcmleri ve istikrarl\u0131 performans sa\u011flar.<\/p>","protected":false},"featured_media":4209,"template":"","meta":{"site-sidebar-layout":"default","site-content-layout":"","ast-site-content-layout":"default","site-content-style":"default","site-sidebar-style":"default","ast-global-header-display":"","ast-banner-title-visibility":"","ast-main-header-display":"","ast-hfb-above-header-display":"","ast-hfb-below-header-display":"","ast-hfb-mobile-header-display":"","site-post-title":"","ast-breadcrumbs-content":"","ast-featured-img":"","footer-sml-layout":"","ast-disable-related-posts":"","theme-transparent-header-meta":"default","adv-header-id-meta":"","stick-header-meta":"","header-above-stick-meta":"","header-main-stick-meta":"","header-below-stick-meta":"","astra-migrate-meta-layouts":"set","ast-page-background-enabled":"default","ast-page-background-meta":{"desktop":{"background-color":"var(--ast-global-color-4)","background-image":"","background-repeat":"repeat","background-position":"center center","background-size":"auto","background-attachment":"scroll","background-type":"","background-media":"","overlay-type":"","overlay-color":"","overlay-opacity":"","overlay-gradient":""},"tablet":{"background-color":"","background-image":"","background-repeat":"repeat","background-position":"center center","background-size":"auto","background-attachment":"scroll","background-type":"","background-media":"","overlay-type":"","overlay-color":"","overlay-opacity":"","overlay-gradient":""},"mobile":{"background-color":"","background-image":"","background-repeat":"repeat","background-position":"center center","background-size":"auto","background-attachment":"scroll","background-type":"","background-media":"","overlay-type":"","overlay-color":"","overlay-opacity":"","overlay-gradient":""}},"ast-content-background-meta":{"desktop":{"background-color":"var(--ast-global-color-5)","background-image":"","background-repeat":"repeat","background-position":"center center","background-size":"auto","background-attachment":"scroll","background-type":"","background-media":"","overlay-type":"","overlay-color":"","overlay-opacity":"","overlay-gradient":""},"tablet":{"background-color":"var(--ast-global-color-5)","background-image":"","background-repeat":"repeat","background-position":"center center","background-size":"auto","background-attachment":"scroll","background-type":"","background-media":"","overlay-type":"","overlay-color":"","overlay-opacity":"","overlay-gradient":""},"mobile":{"background-color":"var(--ast-global-color-5)","background-image":"","background-repeat":"repeat","background-position":"center center","background-size":"auto","background-attachment":"scroll","background-type":"","background-media":"","overlay-type":"","overlay-color":"","overlay-opacity":"","overlay-gradient":""}}},"product_brand":[60],"product_cat":[51],"product_tag":[56],"class_list":{"0":"post-4206","1":"product","2":"type-product","3":"status-publish","4":"has-post-thumbnail","6":"product_brand-meskernel","7":"product_cat-laser-distance-sensor","8":"product_tag-hot","9":"desktop-align-center","10":"tablet-align-left","11":"mobile-align-left","13":"first","14":"instock","15":"shipping-taxable","16":"product-type-simple"},"_links":{"self":[{"href":"https:\/\/meskernel.net\/tr\/wp-json\/wp\/v2\/product\/4206","targetHints":{"allow":["GET"]}}],"collection":[{"href":"https:\/\/meskernel.net\/tr\/wp-json\/wp\/v2\/product"}],"about":[{"href":"https:\/\/meskernel.net\/tr\/wp-json\/wp\/v2\/types\/product"}],"version-history":[{"count":0,"href":"https:\/\/meskernel.net\/tr\/wp-json\/wp\/v2\/product\/4206\/revisions"}],"wp:featuredmedia":[{"embeddable":true,"href":"https:\/\/meskernel.net\/tr\/wp-json\/wp\/v2\/media\/4209"}],"wp:attachment":[{"href":"https:\/\/meskernel.net\/tr\/wp-json\/wp\/v2\/media?parent=4206"}],"wp:term":[{"taxonomy":"product_brand","embeddable":true,"href":"https:\/\/meskernel.net\/tr\/wp-json\/wp\/v2\/product_brand?post=4206"},{"taxonomy":"product_cat","embeddable":true,"href":"https:\/\/meskernel.net\/tr\/wp-json\/wp\/v2\/product_cat?post=4206"},{"taxonomy":"product_tag","embeddable":true,"href":"https:\/\/meskernel.net\/tr\/wp-json\/wp\/v2\/product_tag?post=4206"}],"curies":[{"name":"wp","href":"https:\/\/api.w.org\/{rel}","templated":true}]}}