{"id":4276,"date":"2025-04-28T14:55:00","date_gmt":"2025-04-28T06:55:00","guid":{"rendered":"https:\/\/meskernel.net\/?post_type=product&#038;p=4276"},"modified":"2025-09-05T10:45:44","modified_gmt":"2025-09-05T02:45:44","slug":"laser-sensor-for-distance-measurement","status":"publish","type":"product","link":"https:\/\/meskernel.net\/tr\/product\/laser-sensor-for-distance-measurement\/","title":{"rendered":"Mesafe \u00d6l\u00e7\u00fcm\u00fc i\u00e7in LDJU 3000Hz Ultra Y\u00fcksek Frekansl\u0131 Lazer Sens\u00f6r"},"content":{"rendered":"<p class=\"\" data-start=\"86\" data-end=\"363\">Our Laser Sensor for Distance Measurement is engineered for high-speed, high-precision performance in industrial applications. Featuring an ultra-high frequency of 100\u20133000Hz, it delivers real-time measurements with millimeter-level accuracy across a range of 0.2m to 25m.<\/p>\n<h3 class=\"\" data-start=\"365\" data-end=\"388\"><strong data-start=\"369\" data-end=\"386\">Temel \u00d6zellikler:<\/strong><\/h3>\n<p class=\"\" data-start=\"389\" data-end=\"1038\">\u2705 <strong data-start=\"391\" data-end=\"421\">Y\u00fcksek Frekansl\u0131 \u00d6l\u00e7\u00fcm<\/strong> - 100Hz ila 3000Hz aras\u0131nda de\u011fi\u015fen ultra h\u0131zl\u0131 deste\u011fi sayesinde h\u0131zl\u0131 ve istikrarl\u0131 veri \u00e7\u0131k\u0131\u015f\u0131 sa\u011flar.<br data-start=\"516\" data-end=\"519\" \/>\u2705 <strong data-start=\"521\" data-end=\"551\" data-is-only-node=\"\">Milimetre Seviyesinde Hassasiyet<\/strong> - End\u00fcstriyel otomasyon ve hassas m\u00fchendislik i\u00e7in son derece hassas mesafe okumalar\u0131 sa\u011flar.<br data-start=\"649\" data-end=\"652\" \/>\u2705 <strong data-start=\"654\" data-end=\"688\">Dayan\u0131kl\u0131 Al\u00fcminyum Ala\u015f\u0131ml\u0131 G\u00f6vde<\/strong> - Metal kabuk \u00fcst\u00fcn dayan\u0131kl\u0131l\u0131k, stabilite ve d\u0131\u015f darbelere kar\u015f\u0131 diren\u00e7 sa\u011flar.<br data-start=\"787\" data-end=\"790\" \/>\u2705 <strong data-start=\"792\" data-end=\"819\">S\u0131\u00e7rama ve Toz Ge\u00e7irmez<\/strong> - Zorlu ortamlar i\u00e7in tasarlanm\u0131\u015ft\u0131r, toza ve suya kar\u015f\u0131 g\u00fc\u00e7l\u00fc koruma sunar.<br data-start=\"911\" data-end=\"914\" \/>\u2705 <strong data-start=\"916\" data-end=\"953\">\u00c7oklu \u0130leti\u015fim Aray\u00fczleri<\/strong> - Sorunsuz sistem entegrasyonu i\u00e7in USART, RS485 ve RS232 aray\u00fczlerini destekler.<\/p>\n<p class=\"\" data-start=\"1040\" data-end=\"1244\">Ideal for industrial automation, robotics, logistics, and positioning applications, this TOF <a href=\"https:\/\/www.globalsources.com\/chengdu-meskernel\/showroom_6002100157315.htm\" target=\"_blank\" rel=\"noopener\"><strong>laser sesnor for distance measurement<\/strong><\/a> delivers unmatched speed, precision, and reliability in distance measurement.<\/p>\n<h3>\u00dcr\u00fcn Kar\u015f\u0131la\u015ft\u0131rma<\/h3>\n<p><img data-dominant-color=\"dfdfdf\" data-has-transparency=\"false\" style=\"--dominant-color: #dfdfdf;\" fetchpriority=\"high\" decoding=\"async\" class=\"wp-image-3967 size-full not-transparent\" src=\"https:\/\/meskernel.net\/wp-content\/uploads\/2025\/03\/laser-distance-sensor-compare.jpg\" alt=\"laser distance sensor compare\" width=\"1112\" height=\"339\" srcset=\"https:\/\/meskernel.net\/wp-content\/uploads\/2025\/03\/laser-distance-sensor-compare.jpg 1112w, https:\/\/meskernel.net\/wp-content\/uploads\/2025\/03\/laser-distance-sensor-compare-300x91.jpg 300w, https:\/\/meskernel.net\/wp-content\/uploads\/2025\/03\/laser-distance-sensor-compare-1024x312.jpg 1024w, https:\/\/meskernel.net\/wp-content\/uploads\/2025\/03\/laser-distance-sensor-compare-768x234.jpg 768w, https:\/\/meskernel.net\/wp-content\/uploads\/2025\/03\/laser-distance-sensor-compare-400x122.jpg 400w\" sizes=\"(max-width: 1112px) 100vw, 1112px\" \/><\/p>\n<p>&nbsp;<\/p>\n<p><img data-dominant-color=\"7a7f84\" data-has-transparency=\"false\" style=\"--dominant-color: #7a7f84;\" decoding=\"async\" class=\"wp-image-4277 size-full alignleft not-transparent\" src=\"https:\/\/meskernel.net\/wp-content\/uploads\/2025\/04\/LDJU-3000Hz-Ultra-high-Frequency-Laser-Sensor-for-Distance-Measurement.webp\" alt=\"Mesafe \u00d6l\u00e7\u00fcm\u00fc i\u00e7in LDJU 3000Hz Ultra Y\u00fcksek Frekansl\u0131 Lazer Sens\u00f6r\" width=\"1181\" height=\"330\" srcset=\"https:\/\/meskernel.net\/wp-content\/uploads\/2025\/04\/LDJU-3000Hz-Ultra-high-Frequency-Laser-Sensor-for-Distance-Measurement.webp 1181w, https:\/\/meskernel.net\/wp-content\/uploads\/2025\/04\/LDJU-3000Hz-Ultra-high-Frequency-Laser-Sensor-for-Distance-Measurement-300x84.webp 300w, https:\/\/meskernel.net\/wp-content\/uploads\/2025\/04\/LDJU-3000Hz-Ultra-high-Frequency-Laser-Sensor-for-Distance-Measurement-1024x286.webp 1024w, https:\/\/meskernel.net\/wp-content\/uploads\/2025\/04\/LDJU-3000Hz-Ultra-high-Frequency-Laser-Sensor-for-Distance-Measurement-768x215.webp 768w, https:\/\/meskernel.net\/wp-content\/uploads\/2025\/04\/LDJU-3000Hz-Ultra-high-Frequency-Laser-Sensor-for-Distance-Measurement-400x112.webp 400w\" sizes=\"(max-width: 1181px) 100vw, 1181px\" \/><\/p>\n<p>&nbsp;<\/p>\n<h3 class=\"\" data-start=\"1046\" data-end=\"1070\"><strong data-start=\"1050\" data-end=\"1068\">Neden Bizi Se\u00e7melisiniz?<\/strong><\/h3>\n<p class=\"\" data-start=\"1071\" data-end=\"1716\">Bir profesyonel olarak <a href=\"https:\/\/www.globalsources.com\/chengdu-meskernel\/showroom_6002100157315.htm\" target=\"_blank\" rel=\"noopener\">lazer mesafe sens\u00f6r\u00fc \u00fcreticisi<\/a>, \u00d6zel uygulama gereksinimlerinizi kar\u015f\u0131lamak i\u00e7in OEM ve ODM \u00f6zelle\u015ftirme hizmetleri sunuyoruz. Standart \u00e7\u00f6z\u00fcmlerin aksine, biz sunuyoruz:<br data-start=\"1261\" data-end=\"1264\" \/>\u2714 <strong data-start=\"1266\" data-end=\"1293\">\u00d6zelle\u015ftirilebilir Parametreler<\/strong> - Frekans\u0131, baud h\u0131z\u0131n\u0131, \u00f6l\u00e7\u00fcm aral\u0131\u011f\u0131n\u0131 ve di\u011fer ayarlar\u0131 proje ihtiya\u00e7lar\u0131n\u0131za uyacak \u015fekilde ayarlay\u0131n.<br data-start=\"1387\" data-end=\"1390\" \/>\u2714 <strong data-start=\"1392\" data-end=\"1428\">Esnek \u0130leti\u015fim Protokolleri<\/strong> - Sens\u00f6r\u00fc mevcut sisteminizle sorunsuz bir \u015fekilde entegre olacak \u015fekilde uyarlay\u0131n.<br data-start=\"1499\" data-end=\"1502\" \/>\u2714 <strong data-start=\"1504\" data-end=\"1530\">Fabrika Do\u011frudan Fiyatland\u0131rmas\u0131<\/strong> - Keyfini \u00e7\u0131kar\u0131n <strong data-start=\"1539\" data-end=\"1557\">uygun maliyetli<\/strong> arac\u0131lar olmadan \u00e7\u00f6z\u00fcmler.<br data-start=\"1594\" data-end=\"1597\" \/>\u2714 <strong data-start=\"1599\" data-end=\"1633\">Profesyonel Teknik Destek<\/strong> - Deneyimli Ar-Ge ekibimiz optimum performans ve h\u0131zl\u0131 sorun \u00e7\u00f6zme sa\u011flar.<\/p>\n<p class=\"\" data-start=\"1718\" data-end=\"1961\">Lazer \u00f6l\u00e7\u00fcm teknolojisindeki 20 y\u0131l\u0131 a\u015fk\u0131n deneyimimizle, end\u00fcstriyel uygulamalarda verimlili\u011fi ve hassasiyeti art\u0131ran y\u00fcksek kaliteli, \u00f6zelle\u015ftirilebilir \u00e7\u00f6z\u00fcmler sunuyoruz. \u00d6zel gereksinimlerinizi g\u00f6r\u00fc\u015fmek i\u00e7in bug\u00fcn bize ula\u015f\u0131n!<a href=\"https:\/\/meskernel.net\/tr\/indir\/\"><strong>\u00dcr\u00fcn K\u0131lavuzumuzu \u0130ndirin<\/strong><\/a><\/p>\n<h3 class=\"\" data-start=\"1718\" data-end=\"1763\"><strong data-start=\"1722\" data-end=\"1761\">FAQ \u2013 Laser Sensor for Distance Measurement<\/strong><\/h3>\n<p data-start=\"1765\" data-end=\"1819\"><strong>1. What is a Laser Distance Sensor?<\/strong><\/p>\n<p class=\"\" data-start=\"1820\" data-end=\"2061\">A Laser Distance Ranging Sensor is a precision measurement device that uses laser technology to determine distances quickly and accurately. It is commonly used in industrial automation, robotics, logistics, and positioning systems.<\/p>\n<p data-start=\"2063\" data-end=\"2127\"><strong>2. How accurate is the laser sesnor for distance measurement?<\/strong><\/p>\n<p class=\"\" data-start=\"2128\" data-end=\"2320\">Our sensor offers millimeter-level accuracy, ensuring precise measurements even at long distances. The actual precision depends on environmental conditions and target surface properties.<\/p>\n<p data-start=\"2322\" data-end=\"2413\"><strong>3. What communication interfaces does the laser sesnor for distance measurement support?<\/strong><\/p>\n<p class=\"\" data-start=\"2414\" data-end=\"2592\">Our Laser Distance Ranging Sensor supports USART, RS485, and RS232 interfaces, making it easy to integrate with various industrial control systems and microcontrollers.<\/p>\n<p data-start=\"2594\" data-end=\"2660\"><strong>4. Can the Laser Distance Ranging Sensor be customized?<\/strong><\/p>\n<p class=\"\" data-start=\"2661\" data-end=\"2900\">Yes! As a laser distance sensor manufacturer, we provide customization services, including adjustable frequency (100-3000Hz), baud rate, measurement range, and communication protocols, to meet your specific application needs.<\/p>\n<p data-start=\"2902\" data-end=\"2978\"><strong>5. Is the Laser Distance Sensor suitable for outdoor use?<\/strong><\/p>\n<p class=\"\" data-start=\"2979\" data-end=\"3155\">Yes, our sensor features a robust aluminum alloy housing with dustproof and splashproof protection, making it ideal for outdoor and harsh industrial environments.<\/p>\n<p data-start=\"3157\" data-end=\"3239\"><strong>6. What are the main applications of the laser sesnor for distance measurement?<\/strong><\/p>\n<p class=\"\" data-start=\"3240\" data-end=\"3443\">Our Laser Distance Ranging Sensor is widely used in robotics, AGVs (Automated Guided Vehicles), industrial automation, smart logistics, positioning systems, construction, and material handling.<\/p>\n<p data-start=\"3445\" data-end=\"3522\"><strong>7. What is the response time of the Laser Distance Sensor?<\/strong><\/p>\n<p class=\"\" data-start=\"3523\" data-end=\"3715\">With a high-frequency measurement rate of 100-3000Hz, our sensor delivers rapid and stable distance readings, making it suitable for applications requiring real-time data processing.<\/p>\n<p data-start=\"3717\" data-end=\"3814\"><strong>8. Do you provide technical support for integrating the laser sesnor for distance measurement?<\/strong><\/p>\n<p class=\"\" data-start=\"3815\" data-end=\"3975\">Yes! We offer professional technical support to help you with sensor integration, troublesighting, and performance optimization for your specific project.<\/p>","protected":false},"excerpt":{"rendered":"<p>Laser sensor for distance measurement with 25m range, 3000Hz speed, millimeter accuracy, IP67 robust design, and easy integration via RS232\/RS485\/USART.<\/p>","protected":false},"featured_media":3963,"template":"","meta":{"site-sidebar-layout":"default","site-content-layout":"","ast-site-content-layout":"default","site-content-style":"default","site-sidebar-style":"default","ast-global-header-display":"","ast-banner-title-visibility":"","ast-main-header-display":"","ast-hfb-above-header-display":"","ast-hfb-below-header-display":"","ast-hfb-mobile-header-display":"","site-post-title":"","ast-breadcrumbs-content":"","ast-featured-img":"","footer-sml-layout":"","ast-disable-related-posts":"","theme-transparent-header-meta":"default","adv-header-id-meta":"","stick-header-meta":"","header-above-stick-meta":"","header-main-stick-meta":"","header-below-stick-meta":"","astra-migrate-meta-layouts":"set","ast-page-background-enabled":"default","ast-page-background-meta":{"desktop":{"background-color":"var(--ast-global-color-4)","background-image":"","background-repeat":"repeat","background-position":"center center","background-size":"auto","background-attachment":"scroll","background-type":"","background-media":"","overlay-type":"","overlay-color":"","overlay-opacity":"","overlay-gradient":""},"tablet":{"background-color":"","background-image":"","background-repeat":"repeat","background-position":"center center","background-size":"auto","background-attachment":"scroll","background-type":"","background-media":"","overlay-type":"","overlay-color":"","overlay-opacity":"","overlay-gradient":""},"mobile":{"background-color":"","background-image":"","background-repeat":"repeat","background-position":"center center","background-size":"auto","background-attachment":"scroll","background-type":"","background-media":"","overlay-type":"","overlay-color":"","overlay-opacity":"","overlay-gradient":""}},"ast-content-background-meta":{"desktop":{"background-color":"var(--ast-global-color-5)","background-image":"","background-repeat":"repeat","background-position":"center center","background-size":"auto","background-attachment":"scroll","background-type":"","background-media":"","overlay-type":"","overlay-color":"","overlay-opacity":"","overlay-gradient":""},"tablet":{"background-color":"var(--ast-global-color-5)","background-image":"","background-repeat":"repeat","background-position":"center center","background-size":"auto","background-attachment":"scroll","background-type":"","background-media":"","overlay-type":"","overlay-color":"","overlay-opacity":"","overlay-gradient":""},"mobile":{"background-color":"var(--ast-global-color-5)","background-image":"","background-repeat":"repeat","background-position":"center center","background-size":"auto","background-attachment":"scroll","background-type":"","background-media":"","overlay-type":"","overlay-color":"","overlay-opacity":"","overlay-gradient":""}}},"product_brand":[60],"product_cat":[33],"product_tag":[],"class_list":{"0":"post-4276","1":"product","2":"type-product","3":"status-publish","4":"has-post-thumbnail","6":"product_brand-meskernel","7":"product_cat-industrial-laser-distance-sensors","8":"desktop-align-center","9":"tablet-align-left","10":"mobile-align-left","12":"first","13":"instock","14":"shipping-taxable","15":"product-type-simple"},"_links":{"self":[{"href":"https:\/\/meskernel.net\/tr\/wp-json\/wp\/v2\/product\/4276","targetHints":{"allow":["GET"]}}],"collection":[{"href":"https:\/\/meskernel.net\/tr\/wp-json\/wp\/v2\/product"}],"about":[{"href":"https:\/\/meskernel.net\/tr\/wp-json\/wp\/v2\/types\/product"}],"version-history":[{"count":0,"href":"https:\/\/meskernel.net\/tr\/wp-json\/wp\/v2\/product\/4276\/revisions"}],"wp:featuredmedia":[{"embeddable":true,"href":"https:\/\/meskernel.net\/tr\/wp-json\/wp\/v2\/media\/3963"}],"wp:attachment":[{"href":"https:\/\/meskernel.net\/tr\/wp-json\/wp\/v2\/media?parent=4276"}],"wp:term":[{"taxonomy":"product_brand","embeddable":true,"href":"https:\/\/meskernel.net\/tr\/wp-json\/wp\/v2\/product_brand?post=4276"},{"taxonomy":"product_cat","embeddable":true,"href":"https:\/\/meskernel.net\/tr\/wp-json\/wp\/v2\/product_cat?post=4276"},{"taxonomy":"product_tag","embeddable":true,"href":"https:\/\/meskernel.net\/tr\/wp-json\/wp\/v2\/product_tag?post=4276"}],"curies":[{"name":"wp","href":"https:\/\/api.w.org\/{rel}","templated":true}]}}