{"id":4278,"date":"2025-04-28T15:27:09","date_gmt":"2025-04-28T07:27:09","guid":{"rendered":"https:\/\/meskernel.net\/?post_type=product&#038;p=4278"},"modified":"2025-07-10T11:19:51","modified_gmt":"2025-07-10T03:19:51","slug":"ucus-suresi-lazer-mesafe-sensoru","status":"publish","type":"product","link":"https:\/\/meskernel.net\/tr\/product\/time-of-flight-laser-distance-sensor\/","title":{"rendered":"Drone i\u00e7in LDJU 1000Hz U\u00e7u\u015f S\u00fcresi Lazer Mesafe Sens\u00f6r\u00fc"},"content":{"rendered":"<p class=\"\" data-start=\"86\" data-end=\"363\">1000Hz U\u00e7u\u015f S\u00fcresi Lazer Mesafe Sens\u00f6r\u00fcm\u00fcz end\u00fcstriyel uygulamalarda y\u00fcksek h\u0131zl\u0131, y\u00fcksek hassasiyetli performans i\u00e7in tasarlanm\u0131\u015ft\u0131r. Ultra y\u00fcksek 100-3000Hz frekansa sahip olan bu \u00fcr\u00fcn, 0,2m ila 25m aral\u0131\u011f\u0131nda milimetre d\u00fczeyinde hassasiyetle ger\u00e7ek zamanl\u0131 \u00f6l\u00e7\u00fcmler sunar.<\/p>\n<h3 class=\"\" data-start=\"365\" data-end=\"388\"><strong data-start=\"369\" data-end=\"386\">Temel \u00d6zellikler:<\/strong><\/h3>\n<p class=\"\" data-start=\"389\" data-end=\"1038\">\u2705 <strong data-start=\"391\" data-end=\"421\">Y\u00fcksek Frekansl\u0131 \u00d6l\u00e7\u00fcm<\/strong> - 100Hz ila 3000Hz aras\u0131nda de\u011fi\u015fen ultra h\u0131zl\u0131 deste\u011fi sayesinde h\u0131zl\u0131 ve istikrarl\u0131 veri \u00e7\u0131k\u0131\u015f\u0131 sa\u011flar.<br data-start=\"516\" data-end=\"519\" \/>\u2705 <strong data-start=\"521\" data-end=\"551\" data-is-only-node=\"\">Milimetre Seviyesinde Hassasiyet<\/strong> - End\u00fcstriyel otomasyon ve hassas m\u00fchendislik i\u00e7in son derece hassas mesafe okumalar\u0131 sa\u011flar.<br data-start=\"649\" data-end=\"652\" \/>\u2705 <strong data-start=\"654\" data-end=\"688\">Dayan\u0131kl\u0131 Al\u00fcminyum Ala\u015f\u0131ml\u0131 G\u00f6vde<\/strong> - Metal kabuk \u00fcst\u00fcn dayan\u0131kl\u0131l\u0131k, stabilite ve d\u0131\u015f darbelere kar\u015f\u0131 diren\u00e7 sa\u011flar.<br data-start=\"787\" data-end=\"790\" \/>\u2705 <strong data-start=\"792\" data-end=\"819\">S\u0131\u00e7rama ve Toz Ge\u00e7irmez<\/strong> - Zorlu ortamlar i\u00e7in tasarlanm\u0131\u015ft\u0131r, toza ve suya kar\u015f\u0131 g\u00fc\u00e7l\u00fc koruma sunar.<br data-start=\"911\" data-end=\"914\" \/>\u2705 <strong data-start=\"916\" data-end=\"953\">\u00c7oklu \u0130leti\u015fim Aray\u00fczleri<\/strong> - Sorunsuz sistem entegrasyonu i\u00e7in USART, RS485 ve RS232 aray\u00fczlerini destekler.<\/p>\n<p class=\"\" data-start=\"1040\" data-end=\"1244\">End\u00fcstriyel otomasyon, robotik, lojistik ve konumland\u0131rma uygulamalar\u0131 i\u00e7in ideal olan bu U\u00e7u\u015f S\u00fcresi Lazer Mesafe Sens\u00f6r\u00fc, mesafe \u00f6l\u00e7\u00fcm\u00fcnde benzersiz h\u0131z, hassasiyet ve g\u00fcvenilirlik sunar.<\/p>\n<h3>\u00dcr\u00fcn Kar\u015f\u0131la\u015ft\u0131rma<\/h3>\n<p><img data-dominant-color=\"eceeee\" data-has-transparency=\"false\" style=\"--dominant-color: #eceeee;\" fetchpriority=\"high\" decoding=\"async\" class=\"wp-image-4283 size-large alignnone not-transparent\" src=\"https:\/\/meskernel.net\/wp-content\/uploads\/2025\/04\/High-Frequency-Ranging-Sensor-Module-1024x781.webp\" alt=\"Y\u00fcksek Frekansl\u0131 Menzil Sens\u00f6r Mod\u00fcl\u00fc\" width=\"1024\" height=\"781\" srcset=\"https:\/\/meskernel.net\/wp-content\/uploads\/2025\/04\/High-Frequency-Ranging-Sensor-Module-1024x781.webp 1024w, https:\/\/meskernel.net\/wp-content\/uploads\/2025\/04\/High-Frequency-Ranging-Sensor-Module-300x229.webp 300w, https:\/\/meskernel.net\/wp-content\/uploads\/2025\/04\/High-Frequency-Ranging-Sensor-Module-768x586.webp 768w, https:\/\/meskernel.net\/wp-content\/uploads\/2025\/04\/High-Frequency-Ranging-Sensor-Module-1536x1172.webp 1536w, https:\/\/meskernel.net\/wp-content\/uploads\/2025\/04\/High-Frequency-Ranging-Sensor-Module-400x305.webp 400w, https:\/\/meskernel.net\/wp-content\/uploads\/2025\/04\/High-Frequency-Ranging-Sensor-Module.webp 1796w\" sizes=\"(max-width: 1024px) 100vw, 1024px\" \/><\/p>\n<h3 data-start=\"1046\" data-end=\"1070\"><\/h3>\n<h3 class=\"\" data-start=\"1046\" data-end=\"1070\"><strong data-start=\"1050\" data-end=\"1068\">Neden Bizi Se\u00e7melisiniz?<\/strong><\/h3>\n<p class=\"\" data-start=\"1071\" data-end=\"1716\">Bir profesyonel olarak <a href=\"https:\/\/www.globalsources.com\/chengdu-meskernel\/showroom_6002100157315.htm\" target=\"_blank\" rel=\"noopener\">lazer mesafe sens\u00f6r\u00fc \u00fcreticisi<\/a>, \u00d6zel uygulama gereksinimlerinizi kar\u015f\u0131lamak i\u00e7in OEM ve ODM \u00f6zelle\u015ftirme hizmetleri sunuyoruz. Standart \u00e7\u00f6z\u00fcmlerin aksine, biz sunuyoruz:<br data-start=\"1261\" data-end=\"1264\" \/>\u2714 <strong data-start=\"1266\" data-end=\"1293\">\u00d6zelle\u015ftirilebilir Parametreler<\/strong> - Frekans\u0131, baud h\u0131z\u0131n\u0131, \u00f6l\u00e7\u00fcm aral\u0131\u011f\u0131n\u0131 ve di\u011fer ayarlar\u0131 proje ihtiya\u00e7lar\u0131n\u0131za uyacak \u015fekilde ayarlay\u0131n.<br data-start=\"1387\" data-end=\"1390\" \/>\u2714 <strong data-start=\"1392\" data-end=\"1428\">Esnek \u0130leti\u015fim Protokolleri<\/strong> - Sens\u00f6r\u00fc mevcut sisteminizle sorunsuz bir \u015fekilde entegre olacak \u015fekilde uyarlay\u0131n.<br data-start=\"1499\" data-end=\"1502\" \/>\u2714 <strong data-start=\"1504\" data-end=\"1530\">Fabrika Do\u011frudan Fiyatland\u0131rmas\u0131<\/strong> - Keyfini \u00e7\u0131kar\u0131n <strong data-start=\"1539\" data-end=\"1557\">uygun maliyetli<\/strong> arac\u0131lar olmadan \u00e7\u00f6z\u00fcmler.<br data-start=\"1594\" data-end=\"1597\" \/>\u2714 <strong data-start=\"1599\" data-end=\"1633\">Profesyonel Teknik Destek<\/strong> - Deneyimli Ar-Ge ekibimiz optimum performans ve h\u0131zl\u0131 sorun \u00e7\u00f6zme sa\u011flar.<\/p>\n<p class=\"\" data-start=\"1718\" data-end=\"1961\">Lazer \u00f6l\u00e7\u00fcm teknolojisindeki 20 y\u0131l\u0131 a\u015fk\u0131n deneyimimizle, end\u00fcstriyel uygulamalarda verimlili\u011fi ve hassasiyeti art\u0131ran y\u00fcksek kaliteli, \u00f6zelle\u015ftirilebilir \u00e7\u00f6z\u00fcmler sunuyoruz. \u00d6zel gereksinimlerinizi g\u00f6r\u00fc\u015fmek i\u00e7in bug\u00fcn bize ula\u015f\u0131n!<a href=\"https:\/\/meskernel.net\/tr\/indir\/\"><strong>\u00dcr\u00fcn K\u0131lavuzumuzu \u0130ndirin<\/strong><\/a><\/p>\n<h3 data-start=\"177\" data-end=\"228\">SSS - U\u00e7u\u015f S\u00fcresi Lazer Mesafe Sens\u00f6r\u00fc<\/h3>\n<h5 data-start=\"230\" data-end=\"290\">1. U\u00e7u\u015f S\u00fcresi (ToF) Lazer Mesafe Sens\u00f6r\u00fc nedir?<\/h5>\n<p class=\"\" data-start=\"291\" data-end=\"606\">Bir U\u00e7u\u015f S\u00fcresi (ToF) lazer mesafe sens\u00f6r\u00fc, bir lazer \u0131\u015f\u0131n\u0131n\u0131n bir hedefe gidip geri d\u00f6nmesi i\u00e7in ge\u00e7en s\u00fcreyi hesaplayarak mesafeyi \u00f6l\u00e7er. Bu y\u00f6ntem h\u0131zl\u0131, do\u011fru ve g\u00fcvenilir mesafe \u00f6l\u00e7\u00fcmleri sa\u011flayarak end\u00fcstriyel otomasyon, robotik ve hassas izleme uygulamalar\u0131 i\u00e7in idealdir.<\/p>\n<hr class=\"\" data-start=\"608\" data-end=\"611\" \/>\n<h5 data-start=\"613\" data-end=\"702\">2. 1000Hz U\u00e7u\u015f S\u00fcresi Lazer Mesafe Sens\u00f6r\u00fcn\u00fcz\u00fcn \u00f6l\u00e7\u00fcm aral\u0131\u011f\u0131 nedir?<\/h5>\n<p class=\"\" data-start=\"703\" data-end=\"864\">Sens\u00f6r\u00fcm\u00fcz 0,2 metreden 25 metreye kadar \u00f6l\u00e7\u00fcm aral\u0131\u011f\u0131n\u0131 destekleyerek hem k\u0131sa menzilli hem de orta menzilli end\u00fcstriyel uygulamalar i\u00e7in do\u011fru performans sa\u011flar.<\/p>\n<hr class=\"\" data-start=\"866\" data-end=\"869\" \/>\n<h5 data-start=\"871\" data-end=\"925\">3. Lazer mesafe \u00f6l\u00e7\u00fcm\u00fc ne kadar do\u011frudur?<\/h5>\n<p class=\"\" data-start=\"926\" data-end=\"1106\">Bu sens\u00f6r milimetre d\u00fczeyinde hassasiyet sunarak \u00fcretim, denetim sistemleri ve otomatik kontrol gibi hassasiyet gerektiren ortamlar i\u00e7in son derece uygundur.<\/p>\n<hr class=\"\" data-start=\"1746\" data-end=\"1749\" \/>\n<h5 data-start=\"1751\" data-end=\"1802\">4. Hangi ileti\u015fim aray\u00fczleri destekleniyor?<\/h5>\n<p class=\"\" data-start=\"1803\" data-end=\"2013\">1000Hz U\u00e7u\u015f S\u00fcresi Lazer Mesafe Sens\u00f6r\u00fcm\u00fcz USART, RS485 ve RS232 aray\u00fczlerini destekleyerek mevcut end\u00fcstriyel kontrol sistemlerine, PLC'lere ve IoT platformlar\u0131na kolay ve esnek entegrasyon sa\u011flar.<\/p>\n<hr class=\"\" data-start=\"2015\" data-end=\"2018\" \/>\n<h5 data-start=\"2020\" data-end=\"2096\">5. Lazer sens\u00f6r\u00fcn\u00fcn frekans\u0131, baud h\u0131z\u0131 ve aral\u0131\u011f\u0131 \u00f6zelle\u015ftirilebilir mi?<\/h5>\n<p class=\"\" data-start=\"2097\" data-end=\"2293\">Evet. Bir \u00fcretici olarak, projenizin \u00f6zel ihtiya\u00e7lar\u0131na m\u00fckemmel \u015fekilde uymas\u0131 i\u00e7in ayarlanabilir \u00f6rnekleme frekans\u0131, baud h\u0131z\u0131 ve \u00f6l\u00e7\u00fcm aral\u0131\u011f\u0131 dahil olmak \u00fczere \u00f6zelle\u015ftirilebilir \u00e7\u00f6z\u00fcmler sunuyoruz.<\/p>\n<p class=\"\" data-start=\"3185\" data-end=\"3227\">","protected":false},"excerpt":{"rendered":"<p>U\u00e7u\u015f S\u00fcresi Lazer Mesafe Sens\u00f6r\u00fcm\u00fcz, 100-3000Hz ultra y\u00fcksek frekans ve milimetre d\u00fczeyinde hassasiyet ile 0,2-25m menzil sunar. Sa\u011flam al\u00fcminyum ala\u015f\u0131ml\u0131 bir kasaya yerle\u015ftirilmi\u015f olan bu sens\u00f6r, toza ve su s\u0131\u00e7ramas\u0131na kar\u015f\u0131 dayan\u0131kl\u0131d\u0131r ve zorlu end\u00fcstriyel ortamlarda g\u00fcvenilir performans sa\u011flar. USART, RS485 ve RS232 aray\u00fczlerini destekleyen bu 1000Hz U\u00e7u\u015f S\u00fcresi Lazer Mesafe Sens\u00f6r\u00fc, \u00e7e\u015fitli sistemlere kolayca entegre olur. Bir \u00fcretici olarak, \u00f6zel uygulama gereksinimlerini kar\u015f\u0131lamak i\u00e7in ayarlanabilir frekans, baud h\u0131z\u0131 ve \u00f6l\u00e7\u00fcm aral\u0131\u011f\u0131 gibi \u00f6zelle\u015ftirilebilir se\u00e7enekler de sunuyoruz.<\/p>","protected":false},"featured_media":4279,"template":"","meta":{"site-sidebar-layout":"default","site-content-layout":"","ast-site-content-layout":"default","site-content-style":"default","site-sidebar-style":"default","ast-global-header-display":"","ast-banner-title-visibility":"","ast-main-header-display":"","ast-hfb-above-header-display":"","ast-hfb-below-header-display":"","ast-hfb-mobile-header-display":"","site-post-title":"","ast-breadcrumbs-content":"","ast-featured-img":"","footer-sml-layout":"","ast-disable-related-posts":"","theme-transparent-header-meta":"default","adv-header-id-meta":"","stick-header-meta":"","header-above-stick-meta":"","header-main-stick-meta":"","header-below-stick-meta":"","astra-migrate-meta-layouts":"set","ast-page-background-enabled":"default","ast-page-background-meta":{"desktop":{"background-color":"var(--ast-global-color-4)","background-image":"","background-repeat":"repeat","background-position":"center center","background-size":"auto","background-attachment":"scroll","background-type":"","background-media":"","overlay-type":"","overlay-color":"","overlay-opacity":"","overlay-gradient":""},"tablet":{"background-color":"","background-image":"","background-repeat":"repeat","background-position":"center center","background-size":"auto","background-attachment":"scroll","background-type":"","background-media":"","overlay-type":"","overlay-color":"","overlay-opacity":"","overlay-gradient":""},"mobile":{"background-color":"","background-image":"","background-repeat":"repeat","background-position":"center center","background-size":"auto","background-attachment":"scroll","background-type":"","background-media":"","overlay-type":"","overlay-color":"","overlay-opacity":"","overlay-gradient":""}},"ast-content-background-meta":{"desktop":{"background-color":"var(--ast-global-color-5)","background-image":"","background-repeat":"repeat","background-position":"center center","background-size":"auto","background-attachment":"scroll","background-type":"","background-media":"","overlay-type":"","overlay-color":"","overlay-opacity":"","overlay-gradient":""},"tablet":{"background-color":"var(--ast-global-color-5)","background-image":"","background-repeat":"repeat","background-position":"center center","background-size":"auto","background-attachment":"scroll","background-type":"","background-media":"","overlay-type":"","overlay-color":"","overlay-opacity":"","overlay-gradient":""},"mobile":{"background-color":"var(--ast-global-color-5)","background-image":"","background-repeat":"repeat","background-position":"center center","background-size":"auto","background-attachment":"scroll","background-type":"","background-media":"","overlay-type":"","overlay-color":"","overlay-opacity":"","overlay-gradient":""}}},"product_brand":[60],"product_cat":[32,52],"product_tag":[],"class_list":{"0":"post-4278","1":"product","2":"type-product","3":"status-publish","4":"has-post-thumbnail","6":"product_brand-meskernel","7":"product_cat-high-frequency-ranging-sensor-module","8":"product_cat-phase-distance-sensor","9":"desktop-align-center","10":"tablet-align-left","11":"mobile-align-left","13":"first","14":"instock","15":"shipping-taxable","16":"product-type-simple"},"_links":{"self":[{"href":"https:\/\/meskernel.net\/tr\/wp-json\/wp\/v2\/product\/4278","targetHints":{"allow":["GET"]}}],"collection":[{"href":"https:\/\/meskernel.net\/tr\/wp-json\/wp\/v2\/product"}],"about":[{"href":"https:\/\/meskernel.net\/tr\/wp-json\/wp\/v2\/types\/product"}],"version-history":[{"count":0,"href":"https:\/\/meskernel.net\/tr\/wp-json\/wp\/v2\/product\/4278\/revisions"}],"wp:featuredmedia":[{"embeddable":true,"href":"https:\/\/meskernel.net\/tr\/wp-json\/wp\/v2\/media\/4279"}],"wp:attachment":[{"href":"https:\/\/meskernel.net\/tr\/wp-json\/wp\/v2\/media?parent=4278"}],"wp:term":[{"taxonomy":"product_brand","embeddable":true,"href":"https:\/\/meskernel.net\/tr\/wp-json\/wp\/v2\/product_brand?post=4278"},{"taxonomy":"product_cat","embeddable":true,"href":"https:\/\/meskernel.net\/tr\/wp-json\/wp\/v2\/product_cat?post=4278"},{"taxonomy":"product_tag","embeddable":true,"href":"https:\/\/meskernel.net\/tr\/wp-json\/wp\/v2\/product_tag?post=4278"}],"curies":[{"name":"wp","href":"https:\/\/api.w.org\/{rel}","templated":true}]}}