{"id":496,"date":"2024-11-12T17:08:36","date_gmt":"2024-11-12T09:08:36","guid":{"rendered":"https:\/\/meskernel.net\/?post_type=product&#038;p=496"},"modified":"2025-12-29T14:09:57","modified_gmt":"2025-12-29T06:09:57","slug":"lazer-sensoru","status":"publish","type":"product","link":"https:\/\/meskernel.net\/tr\/product\/laser-sensor\/","title":{"rendered":"\u0130HA \u0130rtifa Tutma ve Engellerden Ka\u00e7\u0131nma i\u00e7in 100m Temass\u0131z Lazer Sens\u00f6r\u00fc"},"content":{"rendered":"<p><span style=\"font-size: 16px;\">Bir lazer sens\u00f6r\u00fc, bir nesneye \u00e7arpan ve ard\u0131ndan sens\u00f6re geri d\u00f6nen bir lazer \u0131\u015f\u0131n\u0131 g\u00f6ndererek \u00e7al\u0131\u015f\u0131r. I\u015f\u0131\u011f\u0131n geri d\u00f6nmesinin ne kadar s\u00fcrd\u00fc\u011f\u00fcn\u00fc \u00f6l\u00e7erek, sens\u00f6r nesneye olan mesafeyi hesaplayabilir. Bu teknoloji \u00e7ok do\u011frudur ve mesafeleri \u00f6l\u00e7mek, nesneleri tespit etmek veya konumlar\u0131 izlemek gibi \u015feyler i\u00e7in kullan\u0131labilir. Alan\u0131n ayd\u0131nl\u0131k veya karanl\u0131k olmas\u0131 ya da y\u00fczeyin p\u00fcr\u00fczs\u00fcz veya p\u00fcr\u00fczl\u00fc olmas\u0131 fark etmeksizin bir\u00e7ok farkl\u0131 ortamda iyi \u00e7al\u0131\u015f\u0131r.<\/span><\/p>\n<figure id=\"attachment_2958\" aria-describedby=\"caption-attachment-2958\" style=\"width: 1080px\" class=\"wp-caption aligncenter\"><img fetchpriority=\"high\" decoding=\"async\" class=\"wp-image-2958 size-full\" title=\"lazer sens\u00f6r\u00fc\" src=\"https:\/\/meskernel.net\/wp-content\/uploads\/2024\/11\/laser-distance-senso.jpg\" alt=\"lazer mesafe sens\u00f6r\u00fc\" width=\"1080\" height=\"300\" srcset=\"https:\/\/meskernel.net\/wp-content\/uploads\/2024\/11\/laser-distance-senso.jpg 1080w, https:\/\/meskernel.net\/wp-content\/uploads\/2024\/11\/laser-distance-senso-300x83.jpg 300w, https:\/\/meskernel.net\/wp-content\/uploads\/2024\/11\/laser-distance-senso-1024x284.jpg 1024w, https:\/\/meskernel.net\/wp-content\/uploads\/2024\/11\/laser-distance-senso-768x213.jpg 768w, https:\/\/meskernel.net\/wp-content\/uploads\/2024\/11\/laser-distance-senso-400x111.jpg 400w\" sizes=\"(max-width: 1080px) 100vw, 1080px\" \/><figcaption id=\"caption-attachment-2958\" class=\"wp-caption-text\">lazer mesafe sens\u00f6r\u00fc<\/figcaption><\/figure>\n<h3><strong>End\u00fcstriyel Lazer Sens\u00f6r\u00fc - Uzun S\u00fcreli End\u00fcstriyel Uygulamalar i\u00e7in G\u00fcvenilir \u00d6l\u00e7\u00fcm \u00c7\u00f6z\u00fcm\u00fc<\/strong><\/h3>\n<p>End\u00fcstriyel Lazer Sens\u00f6r\u00fc, zorlu end\u00fcstriyel ortamlar i\u00e7in tasarlanm\u0131\u015f y\u00fcksek hassasiyetli, dayan\u0131kl\u0131 bir ara\u00e7t\u0131r. Kompakt boyutlu (64x40x18mm) bu sens\u00f6r, tutarl\u0131 ve do\u011fru mesafe \u00f6l\u00e7\u00fcmleri sa\u011flayarak hem k\u0131sa menzilli hem de uzun menzilli end\u00fcstriyel g\u00f6revler i\u00e7in m\u00fckemmeldir. \u00d6l\u00e7\u00fcm aral\u0131\u011f\u0131 0,03 ila 100\/150\/200 metre olan bu sens\u00f6r, birden fazla sekt\u00f6rde \u00e7e\u015fitli uygulamalar\u0131n \u00fcstesinden gelebilecek kadar \u00e7ok y\u00f6nl\u00fcd\u00fcr.<\/p>\n<h3>End\u00fcstriyel Talepler i\u00e7in Hassasiyet ve Tutarl\u0131l\u0131k<\/h3>\n<p>End\u00fcstriyel Lazer Sens\u00f6r\u00fc, D'nin \u00f6l\u00e7\u00fclen mesafeyi temsil etti\u011fi \u00b1 (5mm + D(1\/10000)) \u00f6l\u00e7\u00fcm tolerans\u0131 ile ola\u011fan\u00fcst\u00fc do\u011fruluk sa\u011flar. Bu hassasiyet seviyesi, en k\u00fc\u00e7\u00fck hatan\u0131n bile \u00f6nemli aksakl\u0131klara yol a\u00e7abilece\u011fi sekt\u00f6rlerde kritik \u00f6neme sahiptir. \u00d6rne\u011fin, arazi \u00f6l\u00e7\u00fcm\u00fc, in\u015faat veya robotikte bu sens\u00f6r g\u00fcvenilir sonu\u00e7lar sa\u011flar. \u0130ster k\u0131sa mesafeleri ister geni\u015f alanlar\u0131 \u00f6l\u00e7s\u00fcn, end\u00fcstriyel uygulamalarda gerekli olan y\u00fcksek standartlar\u0131 tutarl\u0131 bir \u015fekilde kar\u015f\u0131lar.<\/p>\n<h3>\u00c7e\u015fitli Operasyonel Ko\u015fullar i\u00e7in Esneklik<\/h3>\n<p>3-20Hz frekans aral\u0131\u011f\u0131nda \u00e7al\u0131\u015fan End\u00fcstriyel Lazer Sens\u00f6r\u00fc, farkl\u0131 ko\u015fullar alt\u0131nda performans g\u00f6sterme esnekli\u011fi sunar. Daha y\u00fcksek frekans ayarlar\u0131 daha h\u0131zl\u0131 \u00f6l\u00e7\u00fcmlere olanak tan\u0131yarak sens\u00f6r\u00fc end\u00fcstriyel otomasyon veya makine g\u00f6r\u00fc\u015f\u00fc gibi y\u00fcksek h\u0131zl\u0131 uygulamalar i\u00e7in ideal hale getirir. \u00d6te yandan, daha d\u00fc\u015f\u00fck frekanslar, do\u011frulu\u011fun \u00e7ok \u00f6nemli oldu\u011fu yerlerde hassas, yava\u015f \u00f6l\u00e7\u00fcmler sa\u011flar. Frekans\u0131 ayarlayabilme \u00f6zelli\u011fi, bu sens\u00f6r\u00fc hem yava\u015f, y\u00fcksek hassasiyetli \u00f6l\u00e7\u00fcmlere hem de geni\u015f alanlar\u0131 veya dinamik sistemleri izleme gibi h\u0131zl\u0131 tarama g\u00f6revlerine uyarlanabilir hale getirir.<\/p>\n<figure id=\"attachment_2841\" aria-describedby=\"caption-attachment-2841\" style=\"width: 712px\" class=\"wp-caption aligncenter\"><img decoding=\"async\" class=\"wp-image-2841 size-full\" title=\"usb lazer mesafe sens\u00f6r\u00fc\" src=\"https:\/\/meskernel.net\/wp-content\/uploads\/2024\/11\/usb-laser-distance-sensor.jpg\" alt=\"usb lazer mesafe sens\u00f6r\u00fc\" width=\"712\" height=\"694\" srcset=\"https:\/\/meskernel.net\/wp-content\/uploads\/2024\/11\/usb-laser-distance-sensor.jpg 712w, https:\/\/meskernel.net\/wp-content\/uploads\/2024\/11\/usb-laser-distance-sensor-300x292.jpg 300w, https:\/\/meskernel.net\/wp-content\/uploads\/2024\/11\/usb-laser-distance-sensor-400x390.jpg 400w\" sizes=\"(max-width: 712px) 100vw, 712px\" \/><figcaption id=\"caption-attachment-2841\" class=\"wp-caption-text\">usb lazer mesafe sens\u00f6r\u00fc<\/figcaption><\/figure>\n<h3>\u00c7oklu End\u00fcstriyel Sekt\u00f6rlerde \u00c7ok Y\u00f6nl\u00fc Uygulamalar<\/h3>\n<p>End\u00fcstriyel Lazer Sens\u00f6r\u00fc, do\u011fru mesafe \u00f6l\u00e7\u00fcm\u00fcn\u00fcn gerekli oldu\u011fu bir\u00e7ok sekt\u00f6rde olmazsa olmazd\u0131r. \u0130n\u015faatta, arazi et\u00fctlerini, bina \u00f6l\u00e7\u00fcmlerini ve saha planlamas\u0131n\u0131 destekler. Robotik ve otomasyonda, navigasyon ve engellerden ka\u00e7\u0131nma i\u00e7in ayr\u0131nt\u0131l\u0131 haritalar olu\u015fturmada \u00f6nemli bir rol oynar. Ayr\u0131ca, sens\u00f6r dronlara, 3D tarama sistemlerine ve y\u00fcksek hassasiyetli mesafe \u00f6l\u00e7\u00fcm\u00fc gerektiren di\u011fer geli\u015fmi\u015f end\u00fcstriyel teknolojilere entegrasyon i\u00e7in \u00e7ok uygundur.<\/p>\n<p>End\u00fcstriyel Lazer Sens\u00f6r, esnekli\u011fi sayesinde envanter y\u00f6netimi, depo otomasyonu ve \u00fcretim hatt\u0131 kalite kontrol\u00fc gibi \u00e7e\u015fitli uygulamalarda kullan\u0131labilir. Bu \u00e7ok y\u00f6nl\u00fcl\u00fck, onu operasyonlar\u0131n\u0131 kolayla\u015ft\u0131rmak isteyen i\u015fletmeler i\u00e7in vazge\u00e7ilmez bir ara\u00e7 haline getirir.<\/p>\n<h3>Zorlu End\u00fcstriyel Ortamlarda Dayan\u0131kl\u0131l\u0131k i\u00e7in \u00dcretildi<\/h3>\n<p>Zorlu end\u00fcstriyel ortamlara dayanacak \u015fekilde tasarlanan End\u00fcstriyel Lazer Sens\u00f6r\u00fc uzun \u00f6m\u00fcrl\u00fc olacak \u015fekilde \u00fcretilmi\u015ftir. \u0130n\u015faat, imalat ve lojistik gibi sekt\u00f6rlerde yayg\u0131n olan a\u015f\u0131r\u0131 s\u0131cakl\u0131klar, y\u00fcksek nem ve titre\u015fim ko\u015fullar\u0131nda g\u00fcvenilir bir performans sergiler. S\u0131k de\u011fi\u015ftirme ihtiyac\u0131n\u0131 azaltarak, bu sens\u00f6r operasyonel aksama s\u00fcresini en aza indirir ve uzun vadeli projeler i\u00e7in uygun maliyetli bir \u00e7\u00f6z\u00fcm haline getirir.<\/p>\n<p>Ayr\u0131ca sa\u011flam yap\u0131s\u0131, end\u00fcstriyel ortamlarda s\u00fcrekli kullan\u0131m\u0131n getirdi\u011fi a\u015f\u0131nma ve y\u0131pranman\u0131n \u00fcstesinden gelebilece\u011fi anlam\u0131na gelir. Bu \u00f6zellikle zorlu ortamlarda bile y\u0131llarca g\u00fcvenebilecekleri bir sens\u00f6re ihtiya\u00e7 duyan b\u00fcy\u00fck \u00f6l\u00e7ekli veya toplu al\u0131m yapan m\u00fc\u015fteriler i\u00e7in \u00f6nemlidir.<\/p>\n<h3>Neden End\u00fcstriyel Lazer Sens\u00f6r\u00fc Se\u00e7melisiniz?<\/h3>\n<ul>\n<li><strong>Hassasiyet ve Do\u011fruluk<\/strong>: Sadece \u00b1(5mm + D(1\/10000)) hata pay\u0131na sahip bu sens\u00f6r, g\u00fcvenilir ve tutarl\u0131 sonu\u00e7lar\u0131 garanti ederek kritik end\u00fcstriyel projelerin ba\u015far\u0131l\u0131 olmas\u0131n\u0131 sa\u011flar.<\/li>\n<li><strong>Uyarlanabilirlik<\/strong>: Ayarlanabilir frekans aral\u0131\u011f\u0131 ve uzun \u00f6l\u00e7\u00fcm mesafesi (200 metreye kadar), bu sens\u00f6r\u00fc yava\u015f, son derece hassas \u00f6l\u00e7\u00fcmlerden geni\u015f alanlarda h\u0131zl\u0131 taramalara kadar \u00e7ok \u00e7e\u015fitli uygulamalar i\u00e7in uygun hale getirir.<\/li>\n<li><strong>Kompakt ve Kolay Entegrasyon<\/strong>: Kompakt boyutu, mevcut end\u00fcstriyel sistemlere entegre edilmesini kolayla\u015ft\u0131rarak alan\u0131 optimize eder ve kurulumu basitle\u015ftirir.<\/li>\n<li><strong>Uzun Vadeli Dayan\u0131kl\u0131l\u0131k<\/strong>: Zorlu end\u00fcstriyel ortamlar i\u00e7in \u00fcretilen bu sens\u00f6r, minimum bak\u0131mla uzun \u00f6m\u00fcrl\u00fc performans sa\u011flayarak toplam sahip olma maliyetini azalt\u0131r.<\/li>\n<li><strong>Toplu Al\u0131mlar i\u00e7in Uygun Maliyetli<\/strong>: B\u00fcy\u00fck \u00f6l\u00e7ekli end\u00fcstriyel uygulamalar i\u00e7in bu sens\u00f6r m\u00fckemmel bir de\u011fer sunar. Uzun kullan\u0131m \u00f6mr\u00fc ve minimum bak\u0131m gereksinimi, zaman i\u00e7inde maliyetleri optimize etmek isteyen i\u015fletmeler i\u00e7in ak\u0131ll\u0131 bir yat\u0131r\u0131m olmas\u0131n\u0131 sa\u011flar.<\/li>\n<\/ul>\n<h3>B\u00fcy\u00fck \u00d6l\u00e7ekli, Uzun Vadeli End\u00fcstriyel Projeler i\u00e7in \u0130deal<\/h3>\n<p>G\u00fcvenilir ve uygun maliyetli bir \u00e7\u00f6z\u00fcm arayan end\u00fcstriyel al\u0131c\u0131lar i\u00e7in End\u00fcstriyel Lazer Sens\u00f6r\u00fc ideal bir se\u00e7imdir. Hassasiyeti, uyarlanabilirli\u011fi ve sa\u011flam tasar\u0131m\u0131, onu \u00e7ok \u00e7e\u015fitli uzun vadeli end\u00fcstriyel uygulamalar i\u00e7in m\u00fckemmel bir ara\u00e7 haline getirir. \u0130ster in\u015faat, robotik, otomasyon veya \u00f6l\u00e7me ile ilgileniyor olun, bu sens\u00f6r do\u011fru sonu\u00e7lar ve g\u00fcvenilir performans sa\u011flar.<\/p>\n<p>Ayr\u0131ca, kapsaml\u0131 m\u00fc\u015fteri deste\u011fi ve sat\u0131\u015f sonras\u0131 hizmet, End\u00fcstriyel Lazer Sens\u00f6r\u00fcn\u00fc operasyonel verimlili\u011fi art\u0131rmak isteyen i\u015fletmeler i\u00e7in g\u00fcvenilir bir ortak haline getirmektedir. \u015eirketler, toplu al\u0131mlar\u0131 tercih ederek \u00f6l\u00e7\u00fcm ihtiya\u00e7lar\u0131 i\u00e7in uzun vadeli, y\u00fcksek kaliteli bir \u00e7\u00f6z\u00fcm\u00fc g\u00fcvence alt\u0131na al\u0131rken \u00f6nemli tasarruflardan yararlanabilirler.<\/p>","protected":false},"excerpt":{"rendered":"<p>\u00c7ok \u00e7e\u015fitli end\u00fcstriyel uygulamalar i\u00e7in tasarlanm\u0131\u015f dayan\u0131kl\u0131, y\u00fcksek hassasiyetli bir ara\u00e7 olan End\u00fcstriyel Lazer Sens\u00f6r\u00fcn\u00fc ke\u015ffedin. Uzun \u00f6l\u00e7\u00fcm aral\u0131\u011f\u0131, uyarlanabilir frekans ayarlar\u0131 ve zorlu ortamlarda sa\u011flam performans\u0131 ile uzun vadeli end\u00fcstriyel projeler i\u00e7in ideal \u00e7\u00f6z\u00fcmd\u00fcr, g\u00fcvenilir sonu\u00e7lar ve uygun maliyetli de\u011fer sunar.<\/p>","protected":false},"featured_media":2201,"template":"","meta":{"site-sidebar-layout":"default","site-content-layout":"","ast-site-content-layout":"default","site-content-style":"default","site-sidebar-style":"default","ast-global-header-display":"","ast-banner-title-visibility":"","ast-main-header-display":"","ast-hfb-above-header-display":"","ast-hfb-below-header-display":"","ast-hfb-mobile-header-display":"","site-post-title":"","ast-breadcrumbs-content":"","ast-featured-img":"","footer-sml-layout":"","ast-disable-related-posts":"","theme-transparent-header-meta":"default","adv-header-id-meta":"","stick-header-meta":"","header-above-stick-meta":"","header-main-stick-meta":"","header-below-stick-meta":"","astra-migrate-meta-layouts":"set","ast-page-background-enabled":"default","ast-page-background-meta":{"desktop":{"background-color":"var(--ast-global-color-4)","background-image":"","background-repeat":"repeat","background-position":"center center","background-size":"auto","background-attachment":"scroll","background-type":"","background-media":"","overlay-type":"","overlay-color":"","overlay-opacity":"","overlay-gradient":""},"tablet":{"background-color":"","background-image":"","background-repeat":"repeat","background-position":"center center","background-size":"auto","background-attachment":"scroll","background-type":"","background-media":"","overlay-type":"","overlay-color":"","overlay-opacity":"","overlay-gradient":""},"mobile":{"background-color":"","background-image":"","background-repeat":"repeat","background-position":"center center","background-size":"auto","background-attachment":"scroll","background-type":"","background-media":"","overlay-type":"","overlay-color":"","overlay-opacity":"","overlay-gradient":""}},"ast-content-background-meta":{"desktop":{"background-color":"var(--ast-global-color-5)","background-image":"","background-repeat":"repeat","background-position":"center center","background-size":"auto","background-attachment":"scroll","background-type":"","background-media":"","overlay-type":"","overlay-color":"","overlay-opacity":"","overlay-gradient":""},"tablet":{"background-color":"var(--ast-global-color-5)","background-image":"","background-repeat":"repeat","background-position":"center center","background-size":"auto","background-attachment":"scroll","background-type":"","background-media":"","overlay-type":"","overlay-color":"","overlay-opacity":"","overlay-gradient":""},"mobile":{"background-color":"var(--ast-global-color-5)","background-image":"","background-repeat":"repeat","background-position":"center center","background-size":"auto","background-attachment":"scroll","background-type":"","background-media":"","overlay-type":"","overlay-color":"","overlay-opacity":"","overlay-gradient":""}}},"product_brand":[60],"product_cat":[52],"product_tag":[],"class_list":{"0":"post-496","1":"product","2":"type-product","3":"status-publish","4":"has-post-thumbnail","6":"product_brand-meskernel","7":"product_cat-phase-distance-sensor","8":"desktop-align-center","9":"tablet-align-left","10":"mobile-align-left","12":"first","13":"instock","14":"shipping-taxable","15":"product-type-simple"},"_links":{"self":[{"href":"https:\/\/meskernel.net\/tr\/wp-json\/wp\/v2\/product\/496","targetHints":{"allow":["GET"]}}],"collection":[{"href":"https:\/\/meskernel.net\/tr\/wp-json\/wp\/v2\/product"}],"about":[{"href":"https:\/\/meskernel.net\/tr\/wp-json\/wp\/v2\/types\/product"}],"version-history":[{"count":0,"href":"https:\/\/meskernel.net\/tr\/wp-json\/wp\/v2\/product\/496\/revisions"}],"wp:featuredmedia":[{"embeddable":true,"href":"https:\/\/meskernel.net\/tr\/wp-json\/wp\/v2\/media\/2201"}],"wp:attachment":[{"href":"https:\/\/meskernel.net\/tr\/wp-json\/wp\/v2\/media?parent=496"}],"wp:term":[{"taxonomy":"product_brand","embeddable":true,"href":"https:\/\/meskernel.net\/tr\/wp-json\/wp\/v2\/product_brand?post=496"},{"taxonomy":"product_cat","embeddable":true,"href":"https:\/\/meskernel.net\/tr\/wp-json\/wp\/v2\/product_cat?post=496"},{"taxonomy":"product_tag","embeddable":true,"href":"https:\/\/meskernel.net\/tr\/wp-json\/wp\/v2\/product_tag?post=496"}],"curies":[{"name":"wp","href":"https:\/\/api.w.org\/{rel}","templated":true}]}}