{"id":498,"date":"2024-11-12T17:34:11","date_gmt":"2024-11-12T09:34:11","guid":{"rendered":"https:\/\/meskernel.net\/?post_type=product&#038;p=498"},"modified":"2025-07-03T13:53:30","modified_gmt":"2025-07-03T05:53:30","slug":"phase-laser-distance-module","status":"publish","type":"product","link":"https:\/\/meskernel.net\/tr\/product\/phase-laser-distance-module\/","title":{"rendered":"Temass\u0131z \u00d6l\u00e7\u00fcm i\u00e7in Kompakt 60m Fazl\u0131 Lazer Mesafe Mod\u00fcl\u00fc"},"content":{"rendered":"<p><strong>Y\u00fcksek Hassasiyetli Faz Lazer Mesafe Mod\u00fcl\u00fc - Kompakt, Do\u011fru ve G\u00fcvenilir Mesafe \u00d6l\u00e7\u00fcm\u00fc<\/strong><\/p>\n<p>The High-Precision Phase Laser Distance Module\u00a0offers exceptional accuracy in a compact design, making it the perfect choice for a wide variety of applications that require precise distance measurement. With a measuring range from 0.03 meters to 60 meters, this distance sensor module ensures reliable performance for both short-range and long-range measurements. Operating within a frequency range of 3 to 10 Hz, it guarantees quick and responsive data collection. This makes it an ideal solution for real-time applications where accuracy and speed are essential.<\/p>\n<figure id=\"attachment_2961\" aria-describedby=\"caption-attachment-2961\" style=\"width: 1080px\" class=\"wp-caption aligncenter\"><img fetchpriority=\"high\" decoding=\"async\" class=\"wp-image-2961 size-full\" title=\"Faz Lazer Mesafe Mod\u00fcl\u00fc\" src=\"https:\/\/meskernel.net\/wp-content\/uploads\/2024\/11\/Phase-Laser-Distance-Module.jpg\" alt=\"Faz Lazer Mesafe Mod\u00fcl\u00fc\" width=\"1080\" height=\"300\" srcset=\"https:\/\/meskernel.net\/wp-content\/uploads\/2024\/11\/Phase-Laser-Distance-Module.jpg 1080w, https:\/\/meskernel.net\/wp-content\/uploads\/2024\/11\/Phase-Laser-Distance-Module-300x83.jpg 300w, https:\/\/meskernel.net\/wp-content\/uploads\/2024\/11\/Phase-Laser-Distance-Module-1024x284.jpg 1024w, https:\/\/meskernel.net\/wp-content\/uploads\/2024\/11\/Phase-Laser-Distance-Module-768x213.jpg 768w, https:\/\/meskernel.net\/wp-content\/uploads\/2024\/11\/Phase-Laser-Distance-Module-400x111.jpg 400w\" sizes=\"(max-width: 1080px) 100vw, 1080px\" \/><figcaption id=\"caption-attachment-2961\" class=\"wp-caption-text\">Faz Lazer Mesafe Mod\u00fcl\u00fc<\/figcaption><\/figure>\n<h3>Faz Lazer Mesafe Mod\u00fcl\u00fcn\u00fcn Temel \u00d6zellikleri:<\/h3>\n<ul>\n<li><strong>Geni\u015f Mesafe Se\u00e7enekleri<\/strong><br \/>\nGeni\u015f se\u00e7ilebilir mesafe aral\u0131\u011f\u0131, \u00e7e\u015fitli uygulamalar i\u00e7in uygun hale getirir.<\/li>\n<li><strong>H\u0131zl\u0131 Yan\u0131t H\u0131z\u0131<\/strong><br \/>\nH\u0131zl\u0131 veri toplama \u00f6zellikleri, mesafe \u00f6l\u00e7\u00fcmlerini milisaniyeler i\u00e7inde tamamlar.<\/li>\n<li><strong>\u00c7oklu \u0130leti\u015fim Aray\u00fczleri<\/strong><br \/>\nRS232, RS485, Bluetooth, Modbus ve UART dahil olmak \u00fczere \u00e7e\u015fitli ileti\u015fim aray\u00fczlerini ve protokollerini destekleyerek mevcut kontrol veya verilerle entegrasyonu kolayla\u015ft\u0131r\u0131r.<\/li>\n<li><strong>Y\u00fcksek \u00d6l\u00e7\u00fcm Hassasiyeti<\/strong><br \/>\nTipik olarak milimetre aral\u0131\u011f\u0131nda hassasiyete sahip bu sens\u00f6r, jeodezik ve in\u015faat m\u00fchendisli\u011fi senaryolar\u0131 gibi uygulamalar\u0131n y\u00fcksek do\u011fruluk gereksinimlerini kar\u015f\u0131lar.<\/li>\n<li><strong>\u0130stikrarl\u0131 Performans<\/strong><br \/>\nSens\u00f6r, dar bir veri dalgalanmas\u0131 aral\u0131\u011f\u0131n\u0131 korur ve \u00e7ok d\u00fc\u015f\u00fck tekrarlanabilirlik hatas\u0131 sergiler.<\/li>\n<li><strong>Temass\u0131z \u00d6l\u00e7\u00fcm<\/strong><br \/>\nTemass\u0131z \u00f6l\u00e7\u00fcm yapabilen sens\u00f6r, hareketli nesneleri, y\u00fcksek veya d\u00fc\u015f\u00fck s\u0131cakl\u0131ktaki nesneleri, s\u0131v\u0131lar\u0131 ve d\u00fczensiz \u015fekilli nesneleri alg\u0131lamak i\u00e7in uygundur.<\/li>\n<li><strong>G\u00fcvenilir \u00d6l\u00e7\u00fcmler i\u00e7in \u00dcst\u00fcn Do\u011fruluk<\/strong>Lazer mesafe \u00f6l\u00e7\u00fcm\u00fc s\u00f6z konusu oldu\u011funda, bu sens\u00f6r benzersiz do\u011fruluk sa\u011flamada \u00fcst\u00fcnd\u00fcr. (5mm + D*(1\/10000)) hassasiyetiyle, uzun mesafelerde bile g\u00fcvenilir sonu\u00e7lar sa\u011flar. \u0130ster otomasyon sistemleri, robotik veya end\u00fcstriyel uygulamalarda \u00e7al\u0131\u015f\u0131yor olun, her seferinde hassas ve tutarl\u0131 \u00f6l\u00e7\u00fcmler i\u00e7in bu mesafe sens\u00f6r\u00fcne g\u00fcvenebilirsiniz.<\/li>\n<li>\u00a0<strong style=\"font-size: 16px;\">Kompakt ve Kolay Entegre Edilebilir<\/strong>Sadece 48x26x13mm boyutlar\u0131ndaki bu kompakt lazer mesafe \u00f6l\u00e7er, alan\u0131n s\u0131n\u0131rl\u0131 oldu\u011fu yerlerde bile \u00e7e\u015fitli sistemlere sorunsuz bir \u015fekilde uyacak \u015fekilde tasarlanm\u0131\u015ft\u0131r. K\u00fc\u00e7\u00fck form fakt\u00f6r\u00fc esneklik sunarak hem yeni sistemlere hem de mevcut kurulumlara entegre edilmesini kolayla\u015ft\u0131r\u0131r. \u0130ster yeni bir otomasyon projesi olu\u015fturuyor ister end\u00fcstriyel bir sistemi y\u00fckseltiyor olun, bu lazer sens\u00f6r mod\u00fcl\u00fc performanstan \u00f6d\u00fcn vermeden sorunsuz bir entegrasyon s\u00fcreci sa\u011flar.<\/li>\n<li>\u00a0<strong style=\"font-size: 16px;\">Farkl\u0131 Ortamlarda G\u00fcvenilir Performans<\/strong>Geli\u015fmi\u015f faz lazer teknolojisi sayesinde, bu mesafe \u00f6l\u00e7\u00fcm cihaz\u0131 \u00e7ok \u00e7e\u015fitli ortamlarda istikrarl\u0131 ve g\u00fcvenilir performans sa\u011flar. \u0130ster laboratuvar ara\u015ft\u0131rmalar\u0131nda, ister end\u00fcstriyel makinelerde veya d\u0131\u015f mekan kurulumlar\u0131nda kullan\u0131ls\u0131n, bu sens\u00f6r s\u00fcrekli olarak hassas \u00f6l\u00e7\u00fcmler sunar. Zorlu ko\u015fullarda performans g\u00f6sterecek \u015fekilde tasarlanm\u0131\u015ft\u0131r ve nerede kullan\u0131rsan\u0131z kullan\u0131n uzun s\u00fcreli g\u00fcvenilirlik ve do\u011fruluk sunar.<\/li>\n<\/ul>\n<h3 class=\"text-title\"><span class=\"magic-22\">Aray\u00fcz PCI<\/span><\/h3>\n<div class=\"text-content\">Bluetooth iletimini, TTL\/RS232\/RS485 \u00fc\u00e7\u00fc bir arada aray\u00fcz\u00fc destekler, b\u00f6ylece veri iletimi daha verimli olur.<\/div>\n<div>\n<figure id=\"attachment_2965\" aria-describedby=\"caption-attachment-2965\" style=\"width: 751px\" class=\"wp-caption aligncenter\"><img decoding=\"async\" class=\"wp-image-2965 size-full\" title=\"Faz Lazer Mesafe Mod\u00fcl\u00fc\" src=\"https:\/\/meskernel.net\/wp-content\/uploads\/2024\/10\/ldk.jpg\" alt=\"Lazer Deplasman Sens\u00f6rleri\" width=\"751\" height=\"480\" srcset=\"https:\/\/meskernel.net\/wp-content\/uploads\/2024\/10\/ldk.jpg 751w, https:\/\/meskernel.net\/wp-content\/uploads\/2024\/10\/ldk-300x192.jpg 300w, https:\/\/meskernel.net\/wp-content\/uploads\/2024\/10\/ldk-400x256.jpg 400w\" sizes=\"(max-width: 751px) 100vw, 751px\" \/><figcaption id=\"caption-attachment-2965\" class=\"wp-caption-text\">Lazer Deplasman Sens\u00f6rleri<\/figcaption><\/figure>\n<\/div>\n<p>&nbsp;<\/p>\n<p><strong>Toplu Al\u0131c\u0131lar Neden Bu Faz Lazer Mesafe Mod\u00fcl\u00fcn\u00fc Se\u00e7iyor?<\/strong><\/p>\n<p>Lazer mesafe sens\u00f6rlerini b\u00fcy\u00fck miktarlarda sat\u0131n almak isteyen \u015firketler i\u00e7in lazer mesafe \u00f6l\u00e7er y\u00fcksek do\u011fruluk, h\u0131zl\u0131 \u00f6l\u00e7\u00fcm h\u0131zlar\u0131 ve dayan\u0131kl\u0131l\u0131k sunar. Esnekli\u011fi ve kompakt boyutu sayesinde otomasyon, robotik ve end\u00fcstriyel \u00f6l\u00e7\u00fcm sistemleri gibi \u00e7e\u015fitli uygulamalar i\u00e7in uygundur. \u0130ster tek bir sens\u00f6re ister y\u00fczlerce sens\u00f6re ihtiyac\u0131n\u0131z olsun, bu mesafe \u00f6l\u00e7\u00fcm cihaz\u0131 i\u015finizin taleplerini kar\u015f\u0131layacak uygun maliyetli ve g\u00fcvenilir \u00e7\u00f6z\u00fcmler sunar.<\/p>\n<p>\u00d6zetle, Y\u00fcksek Hassasiyetli Faz Lazer Mesafe Mod\u00fcl\u00fc hassasiyet, h\u0131z ve kompaktl\u0131k aras\u0131nda m\u00fckemmel bir denge sunar. \u0130ster bir otomasyon projesi \u00fczerinde \u00e7al\u0131\u015f\u0131yor olun, ister do\u011fru robotik alg\u0131lamaya ihtiya\u00e7 duyun ya da end\u00fcstriyel bir \u00f6l\u00e7\u00fcm sistemi kuruyor olun, bu lazer sens\u00f6r mod\u00fcl\u00fc ideal se\u00e7imdir. Entegre edilmesi kolayd\u0131r, benzersiz performans sunar ve uzun \u00f6m\u00fcrl\u00fc olacak \u015fekilde \u00fcretilmi\u015ftir. Geli\u015fmi\u015f teknolojisi ve \u00e7ok y\u00f6nl\u00fcl\u00fc\u011f\u00fc ile y\u0131llarca hassas \u00f6l\u00e7\u00fcmlere g\u00fcvenebilmenizi sa\u011flar.<\/p>","protected":false},"excerpt":{"rendered":"<p><strong style=\"font-size: 16px;\">Compact and Easy to Integrate:<\/strong>At just 48x26x13mm, this <strong>Faz Lazer Mesafe Mod\u00fcl\u00fc<\/strong> is designed to fit seamlessly into a variety of systems, even in spaces where room is limited. Its small form factor offers flexibility, making it easy to integrate into both new systems and existing setups. Whether you&#8217;re building a new automation project or upgrading an industrial system, this laser sensor module provides a hassle-free integration process without sacrificing performance.<\/p>","protected":false},"featured_media":2208,"template":"","meta":{"site-sidebar-layout":"default","site-content-layout":"","ast-site-content-layout":"default","site-content-style":"default","site-sidebar-style":"default","ast-global-header-display":"","ast-banner-title-visibility":"","ast-main-header-display":"","ast-hfb-above-header-display":"","ast-hfb-below-header-display":"","ast-hfb-mobile-header-display":"","site-post-title":"","ast-breadcrumbs-content":"","ast-featured-img":"","footer-sml-layout":"","ast-disable-related-posts":"","theme-transparent-header-meta":"default","adv-header-id-meta":"","stick-header-meta":"","header-above-stick-meta":"","header-main-stick-meta":"","header-below-stick-meta":"","astra-migrate-meta-layouts":"set","ast-page-background-enabled":"default","ast-page-background-meta":{"desktop":{"background-color":"var(--ast-global-color-4)","background-image":"","background-repeat":"repeat","background-position":"center center","background-size":"auto","background-attachment":"scroll","background-type":"","background-media":"","overlay-type":"","overlay-color":"","overlay-opacity":"","overlay-gradient":""},"tablet":{"background-color":"","background-image":"","background-repeat":"repeat","background-position":"center center","background-size":"auto","background-attachment":"scroll","background-type":"","background-media":"","overlay-type":"","overlay-color":"","overlay-opacity":"","overlay-gradient":""},"mobile":{"background-color":"","background-image":"","background-repeat":"repeat","background-position":"center center","background-size":"auto","background-attachment":"scroll","background-type":"","background-media":"","overlay-type":"","overlay-color":"","overlay-opacity":"","overlay-gradient":""}},"ast-content-background-meta":{"desktop":{"background-color":"var(--ast-global-color-5)","background-image":"","background-repeat":"repeat","background-position":"center center","background-size":"auto","background-attachment":"scroll","background-type":"","background-media":"","overlay-type":"","overlay-color":"","overlay-opacity":"","overlay-gradient":""},"tablet":{"background-color":"var(--ast-global-color-5)","background-image":"","background-repeat":"repeat","background-position":"center center","background-size":"auto","background-attachment":"scroll","background-type":"","background-media":"","overlay-type":"","overlay-color":"","overlay-opacity":"","overlay-gradient":""},"mobile":{"background-color":"var(--ast-global-color-5)","background-image":"","background-repeat":"repeat","background-position":"center center","background-size":"auto","background-attachment":"scroll","background-type":"","background-media":"","overlay-type":"","overlay-color":"","overlay-opacity":"","overlay-gradient":""}}},"product_brand":[60],"product_cat":[51],"product_tag":[],"class_list":{"0":"post-498","1":"product","2":"type-product","3":"status-publish","4":"has-post-thumbnail","6":"product_brand-meskernel","7":"product_cat-laser-distance-sensor","8":"desktop-align-center","9":"tablet-align-left","10":"mobile-align-left","12":"first","13":"instock","14":"shipping-taxable","15":"product-type-simple"},"_links":{"self":[{"href":"https:\/\/meskernel.net\/tr\/wp-json\/wp\/v2\/product\/498","targetHints":{"allow":["GET"]}}],"collection":[{"href":"https:\/\/meskernel.net\/tr\/wp-json\/wp\/v2\/product"}],"about":[{"href":"https:\/\/meskernel.net\/tr\/wp-json\/wp\/v2\/types\/product"}],"version-history":[{"count":0,"href":"https:\/\/meskernel.net\/tr\/wp-json\/wp\/v2\/product\/498\/revisions"}],"wp:featuredmedia":[{"embeddable":true,"href":"https:\/\/meskernel.net\/tr\/wp-json\/wp\/v2\/media\/2208"}],"wp:attachment":[{"href":"https:\/\/meskernel.net\/tr\/wp-json\/wp\/v2\/media?parent=498"}],"wp:term":[{"taxonomy":"product_brand","embeddable":true,"href":"https:\/\/meskernel.net\/tr\/wp-json\/wp\/v2\/product_brand?post=498"},{"taxonomy":"product_cat","embeddable":true,"href":"https:\/\/meskernel.net\/tr\/wp-json\/wp\/v2\/product_cat?post=498"},{"taxonomy":"product_tag","embeddable":true,"href":"https:\/\/meskernel.net\/tr\/wp-json\/wp\/v2\/product_tag?post=498"}],"curies":[{"name":"wp","href":"https:\/\/api.w.org\/{rel}","templated":true}]}}