{"id":499,"date":"2024-11-13T10:30:59","date_gmt":"2024-11-13T02:30:59","guid":{"rendered":"https:\/\/meskernel.net\/?post_type=product&#038;p=499"},"modified":"2026-01-27T14:07:59","modified_gmt":"2026-01-27T06:07:59","slug":"lazer-mesafe-modulu","status":"publish","type":"product","link":"https:\/\/meskernel.net\/tr\/product\/laser-distance-module\/","title":{"rendered":"UART Lazer Mesafe Mod\u00fcl\u00fc 2000\u202fm \u2013 A\u00e7\u0131k Alan \u00d6l\u00e7\u00fcmleri i\u00e7in \u0130deal"},"content":{"rendered":"<p><span style=\"font-size: 16px;\">Pulse Lazer Mesafe Mod\u00fcl\u00fc, do\u011fruluk, g\u00fcvenilirlik ve \u00e7ok y\u00f6nl\u00fcl\u00fc\u011f\u00fc tek bir kompakt tasar\u0131mda birle\u015ftiren g\u00fc\u00e7l\u00fc ve hassas bir \u00f6l\u00e7\u00fcm \u00e7\u00f6z\u00fcm\u00fc sunar. \u00d6l\u00e7\u00fcm aral\u0131\u011f\u0131 5 metreden 2000 metreye kadar ve <\/span><strong style=\"font-size: 16px;\">\u00b1<\/strong><span style=\"font-size: 16px;\">1 metre hassasiyetle, hem k\u0131sa hem de uzun mesafeli \u00f6l\u00e7\u00fcmler gerektiren projeler i\u00e7in ideal se\u00e7imdir. 1-3Hz aras\u0131ndaki frekanslarda \u00e7al\u0131\u015fan bu mod\u00fcl, in\u015faat, \u00f6l\u00e7me, robotik ve bilimsel ara\u015ft\u0131rma dahil olmak \u00fczere \u00e7ok \u00e7e\u015fitli end\u00fcstriler i\u00e7in m\u00fckemmeldir. 905nm yar\u0131 iletken lazere dayal\u0131 bir lazer mesafe sens\u00f6r\u00fc olan bu TS1224 mesafe mod\u00fcl\u00fc, kullan\u0131c\u0131lar\u0131n ikincil geli\u015ftirmeyi kolayca kolayla\u015ft\u0131rmas\u0131 i\u00e7in UART (TTL protokol\u00fc) veri aktar\u0131m aray\u00fcz\u00fcne sahiptir.<\/span><\/p>\n<figure id=\"attachment_2986\" aria-describedby=\"caption-attachment-2986\" style=\"width: 1000px\" class=\"wp-caption aligncenter\"><img fetchpriority=\"high\" decoding=\"async\" class=\"wp-image-2986 size-full\" title=\"UART lazer mesafe mod\u00fcl\u00fc TS1224 2000m\" src=\"https:\/\/meskernel.net\/wp-content\/uploads\/2024\/11\/UART-laser-distance-module-TS1224.jpg\" alt=\"UART lazer mesafe mod\u00fcl\u00fc TS1224\" width=\"1000\" height=\"500\" srcset=\"https:\/\/meskernel.net\/wp-content\/uploads\/2024\/11\/UART-laser-distance-module-TS1224.jpg 1000w, https:\/\/meskernel.net\/wp-content\/uploads\/2024\/11\/UART-laser-distance-module-TS1224-300x150.jpg 300w, https:\/\/meskernel.net\/wp-content\/uploads\/2024\/11\/UART-laser-distance-module-TS1224-768x384.jpg 768w, https:\/\/meskernel.net\/wp-content\/uploads\/2024\/11\/UART-laser-distance-module-TS1224-400x200.jpg 400w\" sizes=\"(max-width: 1000px) 100vw, 1000px\" \/><figcaption id=\"caption-attachment-2986\" class=\"wp-caption-text\">UART lazer mesafe mod\u00fcl\u00fc TS1224<\/figcaption><\/figure>\n<h3>Temel \u00d6zellikler:<\/h3>\n<ul>\n<li><strong>B\u00fcy\u00fck Projeler i\u00e7in Uzun Menzilli \u00d6l\u00e7\u00fcm:<\/strong><br \/>\nPulse Lazer Mesafe Mod\u00fcl\u00fcn\u00fcn \u00f6ne \u00e7\u0131kan \u00f6zelliklerinden biri de 2000 metreye varan etkileyici \u00f6l\u00e7\u00fcm aral\u0131\u011f\u0131d\u0131r. Bu, onu \u00f6zellikle arazi \u00f6l\u00e7\u00fcm\u00fc, altyap\u0131 projeleri ve \u00e7evresel izleme gibi b\u00fcy\u00fck \u00f6l\u00e7ekli uygulamalar i\u00e7in uygun hale getirir. \u0130ster geni\u015f alanlardaki mesafeleri \u00f6l\u00e7meniz ister uzak konumlardan veri yakalaman\u0131z gereksin, bu mod\u00fcl uzun mesafelerde do\u011fru ve g\u00fcvenilir sonu\u00e7lar sa\u011flar.<\/li>\n<li><strong>Ultra Kompakt ve Yerden Tasarruf Sa\u011flayan Tasar\u0131m:<\/strong><br \/>\nG\u00fc\u00e7l\u00fc performans\u0131na ra\u011fmen, bu mod\u00fcl ultra kompakt bir form fakt\u00f6r\u00fcne (25,72\u00d724,60\u00d713,40 mm) sahiptir, bu da onu bir madeni paradan daha k\u00fc\u00e7\u00fck yapar. Yerden tasarruf sa\u011flayan bu tasar\u0131m, her milimetrenin \u00f6nemli oldu\u011fu g\u00f6m\u00fcl\u00fc sistemler veya kompakt cihazlarla \u00e7al\u0131\u015f\u0131rken \u00e7ok \u00f6nemlidir. \u00d6zellikle robotik, drone veya ta\u015f\u0131nabilir \u00f6l\u00e7\u00fcm cihazlar\u0131nda kullan\u0131m i\u00e7in \u00e7ok uygundur ve performanstan \u00f6d\u00fcn vermeden sistemlerinize sorunsuz entegrasyon sa\u011flar.<\/li>\n<li><strong>Daha Net \u00d6l\u00e7\u00fcmler i\u00e7in \u00dcst\u00fcn Sinyal Al\u0131m\u0131:<\/strong><br \/>\nY\u00fcksek ge\u00e7irgenlikli cam ile donat\u0131lm\u0131\u015f olan Pulse Lazer Mesafe Mod\u00fcl\u00fc, sinyal al\u0131m\u0131nda \u00fcst\u00fcnl\u00fck sa\u011flayarak daha uzak mesafelerde bile daha net ve daha do\u011fru \u00f6l\u00e7\u00fcmler sunar. Bu \u00f6zellik, d\u0131\u015f mekan veya end\u00fcstriyel ortamlar gibi sinyal paraziti veya engellerin bulunabilece\u011fi ortamlarda g\u00fcvenilir performans sa\u011flar. Sonu\u00e7 olarak, mod\u00fcl\u00fcn en zorlu ko\u015fullarda bile tutarl\u0131 ve hassas \u00f6l\u00e7\u00fcmler yapaca\u011f\u0131na g\u00fcvenebilirsiniz.<\/li>\n<li><strong>Zorlu Ortamlar i\u00e7in Dayan\u0131kl\u0131 Metal Kabuk:<\/strong><br \/>\nSa\u011flam bir metal kasaya sahip olan bu mod\u00fcl, zorlu ortamlara dayanacak \u015fekilde tasarlanm\u0131\u015ft\u0131r. Dayan\u0131kl\u0131 metal kabuk sadece fiziksel koruma sa\u011flamakla kalmaz, ayn\u0131 zamanda mod\u00fcl\u00fcn genel olarak uzun \u00f6m\u00fcrl\u00fc olmas\u0131na da katk\u0131da bulunur. \u0130ster a\u015f\u0131r\u0131 s\u0131cakl\u0131klarda, ister tozlu ko\u015fullarda veya d\u0131\u015f mekan projelerinde \u00e7al\u0131\u015f\u0131yor olun, sa\u011flam tasar\u0131m mod\u00fcl\u00fcn zaman i\u00e7inde g\u00fcvenilir bir \u015fekilde \u00e7al\u0131\u015fmaya devam etmesini sa\u011flar.<\/li>\n<\/ul>\n<h3>\u00c7oklu Aray\u00fczlerle Zahmetsiz Entegrasyon:<\/h3>\n<p>Pulse Lazer Mesafe Mod\u00fcl\u00fc, TTL, RS485 ve RS232 aray\u00fczleri ile esnek entegrasyon se\u00e7enekleri sunarak \u00e7ok \u00e7e\u015fitli cihazlara ve kontrol\u00f6rlere ba\u011flanmay\u0131 kolayla\u015ft\u0131r\u0131r. Mod\u00fcl\u00fc ister mikrodenetleyici tabanl\u0131 bir sisteme, ister end\u00fcstriyel otomasyon kurulumuna veya \u00f6zel yap\u0131m bir projeye entegre ediyor olun, uyumlulu\u011fu sorunsuz bir entegrasyon s\u00fcreci sa\u011flar.<\/p>\n<figure id=\"attachment_2987\" aria-describedby=\"caption-attachment-2987\" style=\"width: 750px\" class=\"wp-caption aligncenter\"><img decoding=\"async\" class=\"wp-image-2987 size-full\" title=\"Lazer Mesafe Mod\u00fcl\u00fc 2000m\" src=\"https:\/\/meskernel.net\/wp-content\/uploads\/2024\/11\/Laser-Distance-Module-2000m.jpg\" alt=\"Lazer Mesafe Mod\u00fcl\u00fc 2000m\" width=\"750\" height=\"266\" srcset=\"https:\/\/meskernel.net\/wp-content\/uploads\/2024\/11\/Laser-Distance-Module-2000m.jpg 750w, https:\/\/meskernel.net\/wp-content\/uploads\/2024\/11\/Laser-Distance-Module-2000m-300x106.jpg 300w, https:\/\/meskernel.net\/wp-content\/uploads\/2024\/11\/Laser-Distance-Module-2000m-400x142.jpg 400w\" sizes=\"(max-width: 750px) 100vw, 750px\" \/><figcaption id=\"caption-attachment-2987\" class=\"wp-caption-text\">Lazer Mesafe Mod\u00fcl\u00fc 2000m<\/figcaption><\/figure>\n<p><a href=\"https:\/\/meskernel.net\/tr\/ttl-vs-rs485\/\">TTL Vs RS485 Lazer Telemetre Mod\u00fcl\u00fc: Hangisini Se\u00e7melisiniz?<\/a><\/p>\n<h3>Sekt\u00f6rler Aras\u0131nda \u00c7ok Y\u00f6nl\u00fc Uygulamalar:<\/h3>\n<p>Pulse Lazer Mesafe Mod\u00fcl\u00fc, \u00e7e\u015fitli alanlardaki profesyonellerin farkl\u0131 ihtiya\u00e7lar\u0131n\u0131 kar\u015f\u0131lamak \u00fczere tasarlanm\u0131\u015ft\u0131r. Y\u00fcksek do\u011frulu\u011fu ve uzun menzilli yetenekleri sayesinde \u00e7ok \u00e7e\u015fitli uygulamalar i\u00e7in uygundur:<\/p>\n<ul>\n<li><strong>\u0130n\u015faat ve M\u00fchendislik:<\/strong><br \/>\n\u0130n\u015faat ve m\u00fchendislik profesyonelleri i\u00e7in bu mod\u00fcl, geni\u015f arazi alanlar\u0131n\u0131 \u00f6l\u00e7erken, yap\u0131lar in\u015fa ederken veya saha ara\u015ft\u0131rmalar\u0131 yaparken \u00e7ok de\u011ferlidir. Uzun mesafelerde do\u011fru \u00f6l\u00e7\u00fcm yapabilme \u00f6zelli\u011fi, bu mod\u00fcl\u00fc b\u00fcy\u00fck \u00f6l\u00e7ekli projelerin planlanmas\u0131 ve y\u00fcr\u00fct\u00fclmesi i\u00e7in \u00f6nemli bir ara\u00e7 haline getirmektedir.<\/li>\n<li><strong>\u00d6l\u00e7me:<\/strong><br \/>\nHaritac\u0131lar Pulse Lazer Mesafe Mod\u00fcl\u00fcn\u00fc hassasiyeti ve g\u00fcvenilirli\u011fi i\u00e7in takdir edeceklerdir. \u0130ster geni\u015f alanlar\u0131 harital\u0131yor, ister topografyay\u0131 hesapl\u0131yor veya jeodezik ara\u015ft\u0131rmalar yap\u0131yor olun, bu mod\u00fcl hassas arazi de\u011ferlendirmesi i\u00e7in gereken do\u011fru mesafe \u00f6l\u00e7\u00fcmlerini sa\u011flar.<\/li>\n<li><strong>Robotik ve Otomasyon:<\/strong><br \/>\nBu mod\u00fcl\u00fcn kompakt boyutu ve hassas \u00f6l\u00e7\u00fcmleri, onu robotik ve otomatik sistemlere entegrasyon i\u00e7in m\u00fckemmel bir se\u00e7im haline getirir. \u0130ster engel alg\u0131lama, ister navigasyon veya konumland\u0131rma i\u00e7in kullan\u0131ls\u0131n, mod\u00fcl\u00fcn \u00e7ok y\u00f6nl\u00fcl\u00fc\u011f\u00fc otomatik ortamlarda sorunsuz \u00e7al\u0131\u015fmay\u0131 sa\u011flamaya yard\u0131mc\u0131 olur.<\/li>\n<li><strong>\u00c7evresel \u0130zleme:<\/strong><br \/>\n\u00c7evresel izleme, uzak veya ula\u015f\u0131lmas\u0131 zor alanlarda hassas \u00f6l\u00e7\u00fcmler gerektirir. Pulse Lazer Mesafe Mod\u00fcl\u00fcn\u00fcn uzun menzilli \u00f6zelli\u011fi ve y\u00fcksek do\u011frulu\u011fu, hassasl\u0131\u011f\u0131n ve g\u00fcvenilirli\u011fin \u00e7ok \u00f6nemli oldu\u011fu ormanc\u0131l\u0131k, vah\u015fi ya\u015fam takibi ve jeolojik ara\u015ft\u0131rmalar gibi uygulamalar i\u00e7in idealdir.<\/li>\n<\/ul>\n<figure id=\"attachment_2990\" aria-describedby=\"caption-attachment-2990\" style=\"width: 1024px\" class=\"wp-caption aligncenter\"><img decoding=\"async\" class=\"wp-image-2990 size-large\" title=\"dronlar ve kamera i\u0307\u00e7i\u0307n lazer mesafe mod\u00fcl\u00fc\" src=\"https:\/\/meskernel.net\/wp-content\/uploads\/2024\/11\/laser-distance-module-for-drones-and-camera-1024x576.jpg\" alt=\"dronlar ve kamera i\u0307\u00e7i\u0307n lazer mesafe mod\u00fcl\u00fc\" width=\"1024\" height=\"576\" srcset=\"https:\/\/meskernel.net\/wp-content\/uploads\/2024\/11\/laser-distance-module-for-drones-and-camera-1024x576.jpg 1024w, https:\/\/meskernel.net\/wp-content\/uploads\/2024\/11\/laser-distance-module-for-drones-and-camera-300x169.jpg 300w, https:\/\/meskernel.net\/wp-content\/uploads\/2024\/11\/laser-distance-module-for-drones-and-camera-768x432.jpg 768w, https:\/\/meskernel.net\/wp-content\/uploads\/2024\/11\/laser-distance-module-for-drones-and-camera-1536x864.jpg 1536w, https:\/\/meskernel.net\/wp-content\/uploads\/2024\/11\/laser-distance-module-for-drones-and-camera-400x225.jpg 400w, https:\/\/meskernel.net\/wp-content\/uploads\/2024\/11\/laser-distance-module-for-drones-and-camera.jpg 2000w\" sizes=\"(max-width: 1024px) 100vw, 1024px\" \/><figcaption id=\"caption-attachment-2990\" class=\"wp-caption-text\">dronlar ve kamera i\u0307\u00e7i\u0307n lazer mesafe mod\u00fcl\u00fc<\/figcaption><\/figure>\n<h3>Neden Pulse Lazer Mesafe Mod\u00fcl\u00fcn\u00fc Se\u00e7melisiniz?<\/h3>\n<p>Y\u00fcksek performansl\u0131, g\u00fcvenilir ve kompakt bir lazer mesafe sens\u00f6r\u00fc ar\u0131yorsan\u0131z Pulse Lazer Mesafe Mod\u00fcl\u00fc ideal \u00e7\u00f6z\u00fcmd\u00fcr. \u0130\u015fte nedeni:<\/p>\n<ul>\n<li><strong>Do\u011fru ve G\u00fcvenilir \u00d6l\u00e7\u00fcmler:<\/strong> 5 metre ile 2000 metre aras\u0131nda de\u011fi\u015fen mesafelerde \u00b11 metre hassasiyet sunarak farkl\u0131 ko\u015fullarda tutarl\u0131 ve hassas sonu\u00e7lar sa\u011flar.<\/li>\n<li><strong>Kompakt ve Yerden Tasarruf Sa\u011flayan Tasar\u0131m:<\/strong> Ultra kompakt boyutu, k\u00fc\u00e7\u00fck alanlara entegre edilmesini kolayla\u015ft\u0131rarak g\u00f6m\u00fcl\u00fc sistemler veya kompakt cihazlar i\u00e7in m\u00fckemmel hale getirir.<\/li>\n<li><strong>\u00dcst\u00fcn Sinyal Al\u0131m\u0131:<\/strong> Y\u00fcksek ge\u00e7irgenli\u011fe sahip cam, uzun mesafelerde bile net ve do\u011fru \u00f6l\u00e7\u00fcmler sa\u011flar, d\u0131\u015f mekan veya end\u00fcstriyel uygulamalar i\u00e7in idealdir.<\/li>\n<li><strong>Dayan\u0131kl\u0131 ve Uzun \u00d6m\u00fcrl\u00fc:<\/strong> Sa\u011flam metal kabu\u011fuyla mod\u00fcl, uzun \u00f6m\u00fcrl\u00fcl\u00fck ve zaman i\u00e7inde g\u00fcvenilirlik sa\u011flayarak zorlu ortamlara dayanacak \u015fekilde \u00fcretilmi\u015ftir.<\/li>\n<\/ul>\n<p>\u0130ster in\u015faat, ister \u00f6l\u00e7me, ister robotik veya <a href=\"https:\/\/meskernel.net\/tr\/uygulama\/cevresel-izleme\/\">\u00e7evresel izleme<\/a>Pulse Lazer Mesafe Mod\u00fcl\u00fc e\u015fsiz performans, dayan\u0131kl\u0131l\u0131k ve kullan\u0131m kolayl\u0131\u011f\u0131 sunar. \u00c7ok y\u00f6nl\u00fcl\u00fc\u011f\u00fc, onu \u00e7e\u015fitli sekt\u00f6rlerdeki projeler i\u00e7in g\u00fcvenilir bir ara\u00e7 haline getirerek her seferinde hassas ve do\u011fru \u00f6l\u00e7\u00fcmler alman\u0131z\u0131 sa\u011flar.<\/p>","protected":false},"excerpt":{"rendered":"<p>Pulse Lazer Mesafe Mod\u00fcl\u00fc, 5 metreden 2000 metreye kadar hassas mesafe \u00f6l\u00e7\u00fcmleri sunar. <strong>\u00b1<\/strong>1 metre hassasiyet. Kompakt ancak g\u00fc\u00e7l\u00fc olan bu mod\u00fcl, ultra k\u00fc\u00e7\u00fck bir tasar\u0131ma, \u00fcst\u00fcn sinyal al\u0131m\u0131 i\u00e7in y\u00fcksek ge\u00e7irgenli\u011fe sahip cama ve uzun \u00f6m\u00fcrl\u00fc performans i\u00e7in dayan\u0131kl\u0131 bir metal g\u00f6vdeye sahiptir. \u0130n\u015faat, \u00f6l\u00e7me, robotik ve \u00e7evresel izleme gibi \u00e7e\u015fitli uygulamalar i\u00e7in ideal olan bu mod\u00fcl\u00fcn TTL, RS485 ve RS232 aray\u00fczleriyle entegrasyonu kolayd\u0131r. Zorlu ortamlarda do\u011fru, g\u00fcvenilir ve uzun menzilli \u00f6l\u00e7\u00fcmler gerektiren projeler i\u00e7in m\u00fckemmeldir.<\/p>","protected":false},"featured_media":2223,"template":"","meta":{"site-sidebar-layout":"default","site-content-layout":"","ast-site-content-layout":"default","site-content-style":"default","site-sidebar-style":"default","ast-global-header-display":"","ast-banner-title-visibility":"","ast-main-header-display":"","ast-hfb-above-header-display":"","ast-hfb-below-header-display":"","ast-hfb-mobile-header-display":"","site-post-title":"","ast-breadcrumbs-content":"","ast-featured-img":"","footer-sml-layout":"","ast-disable-related-posts":"","theme-transparent-header-meta":"default","adv-header-id-meta":"","stick-header-meta":"","header-above-stick-meta":"","header-main-stick-meta":"","header-below-stick-meta":"","astra-migrate-meta-layouts":"set","ast-page-background-enabled":"default","ast-page-background-meta":{"desktop":{"background-color":"var(--ast-global-color-4)","background-image":"","background-repeat":"repeat","background-position":"center center","background-size":"auto","background-attachment":"scroll","background-type":"","background-media":"","overlay-type":"","overlay-color":"","overlay-opacity":"","overlay-gradient":""},"tablet":{"background-color":"","background-image":"","background-repeat":"repeat","background-position":"center center","background-size":"auto","background-attachment":"scroll","background-type":"","background-media":"","overlay-type":"","overlay-color":"","overlay-opacity":"","overlay-gradient":""},"mobile":{"background-color":"","background-image":"","background-repeat":"repeat","background-position":"center center","background-size":"auto","background-attachment":"scroll","background-type":"","background-media":"","overlay-type":"","overlay-color":"","overlay-opacity":"","overlay-gradient":""}},"ast-content-background-meta":{"desktop":{"background-color":"var(--ast-global-color-5)","background-image":"","background-repeat":"repeat","background-position":"center center","background-size":"auto","background-attachment":"scroll","background-type":"","background-media":"","overlay-type":"","overlay-color":"","overlay-opacity":"","overlay-gradient":""},"tablet":{"background-color":"var(--ast-global-color-5)","background-image":"","background-repeat":"repeat","background-position":"center center","background-size":"auto","background-attachment":"scroll","background-type":"","background-media":"","overlay-type":"","overlay-color":"","overlay-opacity":"","overlay-gradient":""},"mobile":{"background-color":"var(--ast-global-color-5)","background-image":"","background-repeat":"repeat","background-position":"center center","background-size":"auto","background-attachment":"scroll","background-type":"","background-media":"","overlay-type":"","overlay-color":"","overlay-opacity":"","overlay-gradient":""}}},"product_brand":[60],"product_cat":[54],"product_tag":[],"class_list":{"0":"post-499","1":"product","2":"type-product","3":"status-publish","4":"has-post-thumbnail","6":"product_brand-meskernel","7":"product_cat-long-distance-laser-ranging-sensors","8":"desktop-align-center","9":"tablet-align-left","10":"mobile-align-left","12":"first","13":"instock","14":"shipping-taxable","15":"product-type-simple"},"_links":{"self":[{"href":"https:\/\/meskernel.net\/tr\/wp-json\/wp\/v2\/product\/499","targetHints":{"allow":["GET"]}}],"collection":[{"href":"https:\/\/meskernel.net\/tr\/wp-json\/wp\/v2\/product"}],"about":[{"href":"https:\/\/meskernel.net\/tr\/wp-json\/wp\/v2\/types\/product"}],"version-history":[{"count":0,"href":"https:\/\/meskernel.net\/tr\/wp-json\/wp\/v2\/product\/499\/revisions"}],"wp:featuredmedia":[{"embeddable":true,"href":"https:\/\/meskernel.net\/tr\/wp-json\/wp\/v2\/media\/2223"}],"wp:attachment":[{"href":"https:\/\/meskernel.net\/tr\/wp-json\/wp\/v2\/media?parent=499"}],"wp:term":[{"taxonomy":"product_brand","embeddable":true,"href":"https:\/\/meskernel.net\/tr\/wp-json\/wp\/v2\/product_brand?post=499"},{"taxonomy":"product_cat","embeddable":true,"href":"https:\/\/meskernel.net\/tr\/wp-json\/wp\/v2\/product_cat?post=499"},{"taxonomy":"product_tag","embeddable":true,"href":"https:\/\/meskernel.net\/tr\/wp-json\/wp\/v2\/product_tag?post=499"}],"curies":[{"name":"wp","href":"https:\/\/api.w.org\/{rel}","templated":true}]}}