{"id":5031,"date":"2025-07-14T11:31:39","date_gmt":"2025-07-14T03:31:39","guid":{"rendered":"https:\/\/meskernel.net\/?post_type=product&#038;p=5031"},"modified":"2026-01-16T15:52:26","modified_gmt":"2026-01-16T07:52:26","slug":"lazer-mesafe-bulucu-modulu","status":"publish","type":"product","link":"https:\/\/meskernel.net\/tr\/product\/laser-range-finder-module\/","title":{"rendered":"D\u0131\u015f Mekan Uygulamalar\u0131 i\u00e7in En \u0130yi Lazer Mesafe Bulucu Mod\u00fcl\u00fc TC25"},"content":{"rendered":"<p data-start=\"347\" data-end=\"407\"><strong data-start=\"347\" data-end=\"407\">Hassasiyet. H\u0131z. G\u00fcvenilirlik. Avucunuzun \u0130\u00e7inde.<\/strong><\/p>\n<p data-start=\"85\" data-end=\"349\">TC25, 1.000 m'ye kadar menzil ve \u00b11 m hassasiyet sunan kompakt bir Lazer Mesafe Bulucu Mod\u00fcl\u00fcd\u00fcr. Lazer \u00f6l\u00e7\u00fcm teknolojilerinde lider bir yenilik\u00e7i olan Meskernel taraf\u0131ndan tasarlanan TC25, geli\u015fmi\u015f optik alg\u0131lamay\u0131 sa\u011flam, hafif bir form fakt\u00f6r\u00fcyle birle\u015ftirerek h\u0131zl\u0131 tempolu, y\u00fcksek talep g\u00f6ren d\u0131\u015f ortamlarda bile g\u00fcvenilir mesafe \u00f6l\u00e7\u00fcm\u00fc sa\u011flar.<\/p>\n<p data-start=\"2902\" data-end=\"3098\">\u0130HA'lar ve AGV'ler gibi d\u0131\u015f mekan ve mobil platformlar i\u00e7in, <a href=\"https:\/\/meskernel.net\/tr\/time-of-flight-ranging\/\">De\u011fi\u015fen U\u00e7u\u015f S\u00fcresi<\/a> (ToF) lazer mesafe sens\u00f6rleri, g\u00fcne\u015f \u0131\u015f\u0131\u011f\u0131na ve ortam \u0131\u015f\u0131\u011f\u0131 parazitlerine kar\u015f\u0131 g\u00fc\u00e7l\u00fc diren\u00e7leri nedeniyle yayg\u0131n olarak kullan\u0131lmaktad\u0131r.<\/p>\n<p data-start=\"3105\" data-end=\"3211\">Do\u011frudan ToF (dToF) teknolojisi, dinamik ve karma\u015f\u0131k ortamlarda bile istikrarl\u0131 mesafe \u00f6l\u00e7\u00fcm\u00fc sa\u011flar.<\/p>\n<p data-start=\"85\" data-end=\"349\"><img fetchpriority=\"high\" decoding=\"async\" class=\"size-medium wp-image-2688 alignleft\" src=\"https:\/\/meskernel.net\/wp-content\/uploads\/2024\/11\/Laser-Distance-Sensor-TC22-700m3-300x300.jpg\" alt=\"\" width=\"300\" height=\"300\" srcset=\"https:\/\/meskernel.net\/wp-content\/uploads\/2024\/11\/Laser-Distance-Sensor-TC22-700m3-300x300.jpg 300w, https:\/\/meskernel.net\/wp-content\/uploads\/2024\/11\/Laser-Distance-Sensor-TC22-700m3-150x150.jpg 150w, https:\/\/meskernel.net\/wp-content\/uploads\/2024\/11\/Laser-Distance-Sensor-TC22-700m3-768x768.jpg 768w, https:\/\/meskernel.net\/wp-content\/uploads\/2024\/11\/Laser-Distance-Sensor-TC22-700m3-400x400.jpg 400w, https:\/\/meskernel.net\/wp-content\/uploads\/2024\/11\/Laser-Distance-Sensor-TC22-700m3-100x100.jpg 100w, https:\/\/meskernel.net\/wp-content\/uploads\/2024\/11\/Laser-Distance-Sensor-TC22-700m3.jpg 800w\" sizes=\"(max-width: 300px) 100vw, 300px\" \/><\/p>\n<p><img decoding=\"async\" class=\"wp-image-3143 size-medium alignleft\" src=\"https:\/\/meskernel.net\/wp-content\/uploads\/2024\/12\/Pulse-Laser-Distance-Sensor-TC22-1000m-300x300.jpg\" alt=\"Darbeli Lazer Mesafe Sens\u00f6r\u00fc TC22-1000m\" width=\"300\" height=\"300\" srcset=\"https:\/\/meskernel.net\/wp-content\/uploads\/2024\/12\/Pulse-Laser-Distance-Sensor-TC22-1000m-300x300.jpg 300w, https:\/\/meskernel.net\/wp-content\/uploads\/2024\/12\/Pulse-Laser-Distance-Sensor-TC22-1000m-150x150.jpg 150w, https:\/\/meskernel.net\/wp-content\/uploads\/2024\/12\/Pulse-Laser-Distance-Sensor-TC22-1000m-768x768.jpg 768w, https:\/\/meskernel.net\/wp-content\/uploads\/2024\/12\/Pulse-Laser-Distance-Sensor-TC22-1000m-400x400.jpg 400w, https:\/\/meskernel.net\/wp-content\/uploads\/2024\/12\/Pulse-Laser-Distance-Sensor-TC22-1000m-100x100.jpg 100w, https:\/\/meskernel.net\/wp-content\/uploads\/2024\/12\/Pulse-Laser-Distance-Sensor-TC22-1000m.jpg 800w\" sizes=\"(max-width: 300px) 100vw, 300px\" \/><\/p>\n<p><img decoding=\"async\" class=\"wp-image-2686 size-medium alignleft\" src=\"https:\/\/meskernel.net\/wp-content\/uploads\/2024\/11\/Laser-Distance-Sensor-TC22-700m1-300x300.jpg\" alt=\"Lazer Mesafe Bulucu\" width=\"300\" height=\"300\" srcset=\"https:\/\/meskernel.net\/wp-content\/uploads\/2024\/11\/Laser-Distance-Sensor-TC22-700m1-300x300.jpg 300w, https:\/\/meskernel.net\/wp-content\/uploads\/2024\/11\/Laser-Distance-Sensor-TC22-700m1-150x150.jpg 150w, https:\/\/meskernel.net\/wp-content\/uploads\/2024\/11\/Laser-Distance-Sensor-TC22-700m1-768x768.jpg 768w, https:\/\/meskernel.net\/wp-content\/uploads\/2024\/11\/Laser-Distance-Sensor-TC22-700m1-400x400.jpg 400w, https:\/\/meskernel.net\/wp-content\/uploads\/2024\/11\/Laser-Distance-Sensor-TC22-700m1-100x100.jpg 100w, https:\/\/meskernel.net\/wp-content\/uploads\/2024\/11\/Laser-Distance-Sensor-TC22-700m1.jpg 800w\" sizes=\"(max-width: 300px) 100vw, 300px\" \/><\/p>\n<p>&nbsp;<\/p>\n<p>&nbsp;<\/p>\n<p>&nbsp;<\/p>\n<p>&nbsp;<\/p>\n<p>&nbsp;<\/p>\n<p>&nbsp;<\/p>\n<p>&nbsp;<\/p>\n<h3 data-start=\"795\" data-end=\"815\"><\/h3>\n<h3 data-start=\"795\" data-end=\"815\">\ud83d\udd39 Temel \u00d6zellikler:<\/h3>\n<ul data-start=\"816\" data-end=\"1734\">\n<li data-start=\"816\" data-end=\"998\">\n<p data-start=\"818\" data-end=\"998\"><strong data-start=\"818\" data-end=\"843\">Kompakt ve Hafif<\/strong>: Sadece 43 mm uzunlu\u011funda ve sadece birka\u00e7 gram a\u011f\u0131rl\u0131\u011f\u0131nda olan TC25 lazer mesafe mod\u00fcl\u00fc, ta\u015f\u0131nabilir ni\u015fan ekipmanlar\u0131na ve ak\u0131ll\u0131 d\u00fcrb\u00fcnlere entegrasyon i\u00e7in idealdir.<\/p>\n<\/li>\n<li data-start=\"999\" data-end=\"1142\">\n<p data-start=\"1001\" data-end=\"1142\"><strong data-start=\"1001\" data-end=\"1024\">Uzun Menzilli Do\u011fruluk<\/strong>: 1.000 metreye kadar olan mesafeleri \u00b11 m hassasiyetle \u00f6l\u00e7\u00fcn - uzun menzilli ko\u015fullarda g\u00fcvenilir hedefleme sa\u011flar.<\/p>\n<\/li>\n<li data-start=\"1143\" data-end=\"1289\">\n<p data-start=\"1145\" data-end=\"1289\"><strong data-start=\"1145\" data-end=\"1174\">H\u0131zl\u0131 \u00d6l\u00e7\u00fcm Tepkisi<\/strong>: TC25, 5 Hz'ye kadar \u00f6l\u00e7\u00fcm frekanslar\u0131 ile dinamik ni\u015fan alma senaryolar\u0131nda h\u0131zl\u0131 hedef tespiti sa\u011flar.<\/p>\n<\/li>\n<li data-start=\"1290\" data-end=\"1439\">\n<p data-start=\"1292\" data-end=\"1439\"><strong data-start=\"1292\" data-end=\"1317\">D\u00fc\u015f\u00fck G\u00fc\u00e7 T\u00fcketimi<\/strong>: Mobil ve pille \u00e7al\u0131\u015fan platformlar i\u00e7in optimize edilen mod\u00fcl, s\u0131k s\u0131k \u015farj etmeden uzun s\u00fcreli d\u0131\u015f mekan kullan\u0131m\u0131n\u0131 destekler.<\/p>\n<\/li>\n<li data-start=\"1440\" data-end=\"1584\">\n<p data-start=\"1442\" data-end=\"1584\"><strong data-start=\"1442\" data-end=\"1468\">Esnek \u0130leti\u015fim<\/strong>: UART seri aray\u00fczleri ile uyumludur, g\u00f6m\u00fcl\u00fc sistemlere ve \u00f6zel kontrol kartlar\u0131na kolay entegrasyon sa\u011flar.<\/p>\n<\/li>\n<li data-start=\"1585\" data-end=\"1734\">\n<p data-start=\"1587\" data-end=\"1734\"><strong data-start=\"1587\" data-end=\"1615\">Hava Ko\u015fullar\u0131na Dayan\u0131kl\u0131 Tasar\u0131m<\/strong>: Zorlu ortamlarda d\u0131\u015f mekan kullan\u0131m\u0131 i\u00e7in tasarlanan TC25, \u015fok, titre\u015fim ve de\u011fi\u015fken s\u0131cakl\u0131klara dayanabilir.<\/p>\n<\/li>\n<\/ul>\n<h3 data-start=\"1736\" data-end=\"1756\">\ud83d\udd39 Uygulamalar:<\/h3>\n<ul data-start=\"1757\" data-end=\"1983\">\n<li data-start=\"1757\" data-end=\"1799\">\n<p data-start=\"1759\" data-end=\"1799\">lazer mesafe \u00f6l\u00e7erler<\/p>\n<\/li>\n<li data-start=\"1800\" data-end=\"1843\">\n<p data-start=\"1802\" data-end=\"1843\">Ak\u0131ll\u0131 d\u00fcrb\u00fcnler ve optik sistemler<\/p>\n<\/li>\n<li data-start=\"1844\" data-end=\"1884\">\n<p data-start=\"1846\" data-end=\"1884\">Dronlar ve robotlar<\/p>\n<\/li>\n<li data-start=\"1885\" data-end=\"1936\">\n<p data-start=\"1887\" data-end=\"1936\">Avc\u0131l\u0131k ve yaban hayat\u0131 g\u00f6zlemi i\u00e7in telemetreler<\/p>\n<\/li>\n<li data-start=\"1937\" data-end=\"1983\">\n<p data-start=\"1939\" data-end=\"1983\">A\u00e7\u0131k hava sporlar\u0131<\/p>\n<\/li>\n<\/ul>\n<h3 data-start=\"1985\" data-end=\"2013\"><img data-dominant-color=\"686870\" data-has-transparency=\"true\" style=\"--dominant-color: #686870;\" loading=\"lazy\" decoding=\"async\" class=\"alignleft wp-image-6603 size-full has-transparency\" src=\"https:\/\/meskernel.net\/wp-content\/uploads\/2025\/07\/Laser-Range-finder-Module-for-Outdoor-Applications.webp\" alt=\"D\u0131\u015f Mekan Uygulamalar\u0131 i\u00e7in Lazer Mesafe Bulucu Mod\u00fcl\u00fc\" width=\"1925\" height=\"482\" srcset=\"https:\/\/meskernel.net\/wp-content\/uploads\/2025\/07\/Laser-Range-finder-Module-for-Outdoor-Applications.webp 1925w, https:\/\/meskernel.net\/wp-content\/uploads\/2025\/07\/Laser-Range-finder-Module-for-Outdoor-Applications-300x75.webp 300w, https:\/\/meskernel.net\/wp-content\/uploads\/2025\/07\/Laser-Range-finder-Module-for-Outdoor-Applications-1024x256.webp 1024w, https:\/\/meskernel.net\/wp-content\/uploads\/2025\/07\/Laser-Range-finder-Module-for-Outdoor-Applications-768x192.webp 768w, https:\/\/meskernel.net\/wp-content\/uploads\/2025\/07\/Laser-Range-finder-Module-for-Outdoor-Applications-1536x385.webp 1536w, https:\/\/meskernel.net\/wp-content\/uploads\/2025\/07\/Laser-Range-finder-Module-for-Outdoor-Applications-18x5.webp 18w, https:\/\/meskernel.net\/wp-content\/uploads\/2025\/07\/Laser-Range-finder-Module-for-Outdoor-Applications-400x100.webp 400w\" sizes=\"(max-width: 1925px) 100vw, 1925px\" \/><\/h3>\n<h3 data-start=\"1985\" data-end=\"2013\">\ud83d\udd39 Teknik \u00d6zellikler:<\/h3>\n<ul data-start=\"2014\" data-end=\"2289\">\n<li data-start=\"2014\" data-end=\"2053\">\n<p data-start=\"2016\" data-end=\"2053\"><strong data-start=\"2016\" data-end=\"2030\">Dalga boyu<\/strong>: 905 nm k\u0131z\u0131l\u00f6tesi lazer<\/p>\n<\/li>\n<li data-start=\"2054\" data-end=\"2112\">\n<p data-start=\"2056\" data-end=\"2112\"><strong data-start=\"2056\" data-end=\"2065\">Menzil<\/strong>: 5 m - 1.000 m (hedef yans\u0131t\u0131c\u0131l\u0131\u011f\u0131na ba\u011fl\u0131)<\/p>\n<\/li>\n<li data-start=\"2113\" data-end=\"2133\">\n<p data-start=\"2115\" data-end=\"2133\"><strong data-start=\"2115\" data-end=\"2127\">Do\u011fruluk<\/strong>: \u00b11 m<\/p>\n<\/li>\n<li data-start=\"2134\" data-end=\"2163\">\n<p data-start=\"2136\" data-end=\"2163\"><strong data-start=\"2136\" data-end=\"2151\">G\u00fcncelleme Oran\u0131<\/strong>: 5 Hz'e kadar<\/p>\n<\/li>\n<li data-start=\"2164\" data-end=\"2218\">\n<p data-start=\"2166\" data-end=\"2218\"><strong data-start=\"2166\" data-end=\"2185\">I\u015f\u0131n Sapmas\u0131<\/strong>: Hassas hedefleme i\u00e7in ~2,5 mrad<\/p>\n<\/li>\n<li data-start=\"2219\" data-end=\"2248\">\n<p data-start=\"2221\" data-end=\"2248\"><strong data-start=\"2221\" data-end=\"2240\">\u00c7al\u0131\u015fma Gerilimi<\/strong>: 5 V DC<\/p>\n<\/li>\n<li data-start=\"2249\" data-end=\"2289\">\n<p data-start=\"2251\" data-end=\"2289\"><strong data-start=\"2251\" data-end=\"2271\">\u00c7\u0131k\u0131\u015f Aray\u00fcz\u00fc<\/strong>: UART (3,3 V TTL)<\/p>\n<\/li>\n<\/ul>\n<h3 data-start=\"2291\" data-end=\"2314\">\ud83d\udd39 Neden TC25 Lazer Mesafe Bulucu Mod\u00fcl\u00fcn\u00fc Se\u00e7melisiniz?<\/h3>\n<p data-start=\"2315\" data-end=\"2764\">Meskernel'in TC25 lazer mesafe \u00f6l\u00e7er sens\u00f6r mod\u00fcl\u00fc, minyat\u00fcr tasar\u0131m\u0131 profesyonel d\u00fczeyde performansla birle\u015ftirerek, end\u00fcstriyel g\u00fcvenilirli\u011fe sahip kompakt bir mesafe \u00f6l\u00e7er sens\u00f6r arayan OEM geli\u015ftiricileri, savunma uygulamalar\u0131 ve a\u00e7\u0131k hava spor ekipmanlar\u0131 \u00fcreticileri i\u00e7in ideal bir se\u00e7imdir. \u0130ster yeni nesil ak\u0131ll\u0131 optikler olu\u015fturuyor ister mevcut robot sistemlerini geli\u015ftiriyor olun, TC25 kullan\u0131c\u0131lar\u0131n\u0131z\u0131n talep etti\u011fi hassasiyeti sa\u011flar.<\/p>\n<h3 data-start=\"270\" data-end=\"346\">S\u0131k\u00e7a Sorulan Sorular - TC25 Lazer Mesafe Bulucu Mod\u00fcl\u00fc<\/h3>\n<p>&nbsp;<\/p>\n<p data-start=\"701\" data-end=\"944\"><strong data-start=\"701\" data-end=\"756\">S1: TC25 lazer mesafe sens\u00f6r\u00fc ne kadar do\u011frudur?<\/strong><br data-start=\"756\" data-end=\"759\" \/><strong data-start=\"759\" data-end=\"765\">A:<\/strong> TC25, \u00b11 metrelik tipik \u00f6l\u00e7\u00fcm hatas\u0131yla y\u00fcksek hassasiyet sunar ve hassas hedeflemenin gerekli oldu\u011fu uzun menzilli ni\u015fan alma ve avlanma senaryolar\u0131 i\u00e7in uygundur.<\/p>\n<hr data-start=\"946\" data-end=\"949\" \/>\n<p data-start=\"951\" data-end=\"1256\"><strong data-start=\"951\" data-end=\"1023\">S2: TC25 kendi sistemime veya kapsam\u0131ma entegre edilebilir mi?<\/strong><br data-start=\"1023\" data-end=\"1026\" \/><strong data-start=\"1026\" data-end=\"1032\">A:<\/strong> Evet. TC25 <a href=\"https:\/\/www.globalsources.com\/chengdu-meskernel\/showroom_6002100157315.htm\" target=\"_blank\" rel=\"noopener\">lazer mesafe bulucu mod\u00fcl\u00fc<\/a> kompakt tasar\u0131m\u0131 (43 \u00d7 25 mm) ve UART aray\u00fcz\u00fc sayesinde \u00f6zel sistemlere, ak\u0131ll\u0131 d\u00fcrb\u00fcnlere veya di\u011fer g\u00f6m\u00fcl\u00fc platformlara entegre edilmesini kolayla\u015ft\u0131r\u0131r.<\/p>\n<hr data-start=\"1258\" data-end=\"1261\" \/>\n<p data-start=\"1263\" data-end=\"1478\"><strong data-start=\"1263\" data-end=\"1323\">S3: TC25 a\u00e7\u0131k hava avc\u0131l\u0131k ko\u015fullar\u0131 i\u00e7in uygun mu?<\/strong><br data-start=\"1323\" data-end=\"1326\" \/><strong data-start=\"1326\" data-end=\"1332\">A:<\/strong> Kesinlikle. TC25 sa\u011flam d\u0131\u015f mekan kullan\u0131m\u0131 i\u00e7in \u00fcretilmi\u015ftir, bu da onu de\u011fi\u015fken hava ve \u0131\u015f\u0131k ko\u015fullar\u0131nda bile g\u00fcvenilir bir av menzil sens\u00f6r\u00fc haline getirir.<\/p>\n<hr data-start=\"1696\" data-end=\"1699\" \/>\n<p data-start=\"1701\" data-end=\"1935\"><strong data-start=\"1701\" data-end=\"1761\">S4: TC25 lazer mod\u00fcl\u00fc nas\u0131l \u00e7al\u0131\u015ft\u0131r\u0131l\u0131r ve kontrol edilir?<\/strong><br data-start=\"1761\" data-end=\"1764\" \/><strong data-start=\"1764\" data-end=\"1770\">A:<\/strong> 5V DC g\u00fc\u00e7 kayna\u011f\u0131 ile \u00e7al\u0131\u015f\u0131r ve 3.3V TTL UART aray\u00fcz\u00fc \u00fczerinden ileti\u015fim kurar, bu da onu \u00e7ok \u00e7e\u015fitli mikrodenetleyiciler ve g\u00f6m\u00fcl\u00fc sistemlerle uyumlu hale getirir.<\/p>\n<p data-start=\"1942\" data-end=\"2244\">","protected":false},"excerpt":{"rendered":"<p data-start=\"85\" data-end=\"349\">TC25, 1.000 m'ye kadar menzil ve \u00b11 m do\u011fruluk sunan, ni\u015fan alma i\u00e7in en iyi Lazer Mesafe Bulucu Mod\u00fcl\u00fcd\u00fcr. Telemetre d\u00fcrb\u00fcnleri, av cihazlar\u0131 ve taktik te\u00e7hizat i\u00e7in tasarlanan bu mod\u00fcl, hafif ve kolay entegre edilebilir bir formda h\u0131zl\u0131 ve g\u00fcvenilir mesafe \u00f6l\u00e7\u00fcm\u00fc sa\u011flar.<\/p>","protected":false},"featured_media":5087,"template":"","meta":{"site-sidebar-layout":"default","site-content-layout":"","ast-site-content-layout":"default","site-content-style":"default","site-sidebar-style":"default","ast-global-header-display":"","ast-banner-title-visibility":"","ast-main-header-display":"","ast-hfb-above-header-display":"","ast-hfb-below-header-display":"","ast-hfb-mobile-header-display":"","site-post-title":"","ast-breadcrumbs-content":"","ast-featured-img":"","footer-sml-layout":"","ast-disable-related-posts":"","theme-transparent-header-meta":"default","adv-header-id-meta":"","stick-header-meta":"","header-above-stick-meta":"","header-main-stick-meta":"","header-below-stick-meta":"","astra-migrate-meta-layouts":"set","ast-page-background-enabled":"default","ast-page-background-meta":{"desktop":{"background-color":"var(--ast-global-color-4)","background-image":"","background-repeat":"repeat","background-position":"center center","background-size":"auto","background-attachment":"scroll","background-type":"","background-media":"","overlay-type":"","overlay-color":"","overlay-opacity":"","overlay-gradient":""},"tablet":{"background-color":"","background-image":"","background-repeat":"repeat","background-position":"center center","background-size":"auto","background-attachment":"scroll","background-type":"","background-media":"","overlay-type":"","overlay-color":"","overlay-opacity":"","overlay-gradient":""},"mobile":{"background-color":"","background-image":"","background-repeat":"repeat","background-position":"center center","background-size":"auto","background-attachment":"scroll","background-type":"","background-media":"","overlay-type":"","overlay-color":"","overlay-opacity":"","overlay-gradient":""}},"ast-content-background-meta":{"desktop":{"background-color":"var(--ast-global-color-5)","background-image":"","background-repeat":"repeat","background-position":"center center","background-size":"auto","background-attachment":"scroll","background-type":"","background-media":"","overlay-type":"","overlay-color":"","overlay-opacity":"","overlay-gradient":""},"tablet":{"background-color":"var(--ast-global-color-5)","background-image":"","background-repeat":"repeat","background-position":"center center","background-size":"auto","background-attachment":"scroll","background-type":"","background-media":"","overlay-type":"","overlay-color":"","overlay-opacity":"","overlay-gradient":""},"mobile":{"background-color":"var(--ast-global-color-5)","background-image":"","background-repeat":"repeat","background-position":"center center","background-size":"auto","background-attachment":"scroll","background-type":"","background-media":"","overlay-type":"","overlay-color":"","overlay-opacity":"","overlay-gradient":""}}},"product_brand":[60],"product_cat":[54],"product_tag":[59],"class_list":{"0":"post-5031","1":"product","2":"type-product","3":"status-publish","4":"has-post-thumbnail","6":"product_brand-meskernel","7":"product_cat-long-distance-laser-ranging-sensors","8":"product_tag-advantage","9":"desktop-align-center","10":"tablet-align-left","11":"mobile-align-left","13":"first","14":"instock","15":"shipping-taxable","16":"product-type-simple"},"_links":{"self":[{"href":"https:\/\/meskernel.net\/tr\/wp-json\/wp\/v2\/product\/5031","targetHints":{"allow":["GET"]}}],"collection":[{"href":"https:\/\/meskernel.net\/tr\/wp-json\/wp\/v2\/product"}],"about":[{"href":"https:\/\/meskernel.net\/tr\/wp-json\/wp\/v2\/types\/product"}],"version-history":[{"count":0,"href":"https:\/\/meskernel.net\/tr\/wp-json\/wp\/v2\/product\/5031\/revisions"}],"wp:featuredmedia":[{"embeddable":true,"href":"https:\/\/meskernel.net\/tr\/wp-json\/wp\/v2\/media\/5087"}],"wp:attachment":[{"href":"https:\/\/meskernel.net\/tr\/wp-json\/wp\/v2\/media?parent=5031"}],"wp:term":[{"taxonomy":"product_brand","embeddable":true,"href":"https:\/\/meskernel.net\/tr\/wp-json\/wp\/v2\/product_brand?post=5031"},{"taxonomy":"product_cat","embeddable":true,"href":"https:\/\/meskernel.net\/tr\/wp-json\/wp\/v2\/product_cat?post=5031"},{"taxonomy":"product_tag","embeddable":true,"href":"https:\/\/meskernel.net\/tr\/wp-json\/wp\/v2\/product_tag?post=5031"}],"curies":[{"name":"wp","href":"https:\/\/api.w.org\/{rel}","templated":true}]}}