{"id":5219,"date":"2025-07-30T14:44:43","date_gmt":"2025-07-30T06:44:43","guid":{"rendered":"https:\/\/meskernel.net\/?post_type=product&#038;p=5219"},"modified":"2025-12-02T17:37:00","modified_gmt":"2025-12-02T09:37:00","slug":"rs232-lazer-mesafe-sensoru","status":"publish","type":"product","link":"https:\/\/meskernel.net\/tr\/product\/rs232-laser-distance-sensor\/","title":{"rendered":"End\u00fcstriyel Otomasyon i\u00e7in LDL 40m RS232 Lazer Mesafe Sens\u00f6r\u00fc 20Hz"},"content":{"rendered":"<div class=\"flex-shrink-0 flex flex-col relative items-end\">\n<div class=\"pt-0\">\n<div class=\"gizmo-bot-avatar flex h-8 w-8 items-center justify-center overflow-hidden rounded-full\">\n<p class=\"relative p-1 rounded-sm flex items-center justify-center bg-token-main-surface-primary text-token-text-primary h-8 w-8\"><span style=\"font-size: 16px;\">The <\/span>LDL 40 meter RS232 Laser Distance Sensor<span style=\"font-size: 16px;\"> is designed for <\/span>high-precision, mid-range non-contact measurement<span style=\"font-size: 16px;\"> in compact and embedded systems. With <\/span>RS232 interface<span style=\"font-size: 16px;\">, millimeter-level accuracy, and support for continuous and single-shot measurements, it\u2019s the perfect choice for developers and engineers requiring <\/span>stable serial communication<span style=\"font-size: 16px;\"> in harsh environments.<\/span><\/p>\n<\/div>\n<\/div>\n<\/div>\n<div class=\"group\/conversation-turn relative flex w-full min-w-0 flex-col agent-turn\">\n<div class=\"flex-col gap-1 md:gap-3\">\n<div class=\"flex max-w-full flex-col flex-grow\">\n<div class=\"min-h-8 text-message flex w-full flex-col items-end gap-2 whitespace-normal break-words [.text-message+&amp;]:mt-5\" dir=\"auto\" data-message-author-role=\"assistant\" data-message-id=\"c6b1e19e-927f-44f3-85d7-4ff5e3fa38f1\" data-message-model-slug=\"gpt-4o-mini\">\n<div class=\"flex w-full flex-col gap-1 empty:hidden first:pt-[3px]\">\n<div class=\"markdown prose w-full break-words dark:prose-invert light\">\n<p data-start=\"819\" data-end=\"1032\">Whether you&#8217;re integrating it into industrial automation, smart logistics, AGVs, or distance control systems, this module provides reliable, real-time data with minimal footprint and low power consumption.<\/p>\n<figure id=\"attachment_2962\" aria-describedby=\"caption-attachment-2962\" style=\"width: 1080px\" class=\"wp-caption aligncenter\"><img fetchpriority=\"high\" decoding=\"async\" class=\"wp-image-2962 size-full\" title=\"Phase Laser Sensor Module\" src=\"https:\/\/meskernel.net\/wp-content\/uploads\/2024\/11\/Phase-Laser-Sensor-Module.jpg\" alt=\"Phase Laser Sensor Module\" width=\"1080\" height=\"300\" srcset=\"https:\/\/meskernel.net\/wp-content\/uploads\/2024\/11\/Phase-Laser-Sensor-Module.jpg 1080w, https:\/\/meskernel.net\/wp-content\/uploads\/2024\/11\/Phase-Laser-Sensor-Module-300x83.jpg 300w, https:\/\/meskernel.net\/wp-content\/uploads\/2024\/11\/Phase-Laser-Sensor-Module-1024x284.jpg 1024w, https:\/\/meskernel.net\/wp-content\/uploads\/2024\/11\/Phase-Laser-Sensor-Module-768x213.jpg 768w, https:\/\/meskernel.net\/wp-content\/uploads\/2024\/11\/Phase-Laser-Sensor-Module-400x111.jpg 400w\" sizes=\"(max-width: 1080px) 100vw, 1080px\" \/><figcaption id=\"caption-attachment-2962\" class=\"wp-caption-text\">Phase Laser Sensor Module<\/figcaption><\/figure>\n<h3 data-start=\"1039\" data-end=\"1099\">\u2699\ufe0f Key Features of LDL RS232 Laser Distance Sensor<\/h3>\n<ul data-start=\"1101\" data-end=\"1651\">\n<li data-start=\"1101\" data-end=\"1142\">\n<p data-start=\"1103\" data-end=\"1142\">\u2705 <strong data-start=\"1105\" data-end=\"1126\">Measurement Range<\/strong>: 0.03m to 40m<\/p>\n<\/li>\n<li data-start=\"1143\" data-end=\"1182\">\n<p data-start=\"1145\" data-end=\"1182\">\ud83c\udfaf <strong data-start=\"1148\" data-end=\"1160\">Accuracy<\/strong>: \u00b1(3mm + D\u00d71\/10000)<\/p>\n<\/li>\n<li data-start=\"1183\" data-end=\"1209\">\n<p data-start=\"1185\" data-end=\"1209\">\ud83d\udccf <strong data-start=\"1188\" data-end=\"1202\">Resolution<\/strong>: 1mm<\/p>\n<\/li>\n<li data-start=\"1210\" data-end=\"1262\">\n<p data-start=\"1212\" data-end=\"1262\">\ud83d\udd04 <strong data-start=\"1215\" data-end=\"1235\">Output Frequency<\/strong>: 3Hz \/ 20Hz (selectable)<\/p>\n<\/li>\n<li data-start=\"1263\" data-end=\"1311\">\n<p data-start=\"1265\" data-end=\"1311\">\ud83d\udca1 <strong data-start=\"1268\" data-end=\"1282\">Laser Type<\/strong>: Class II, &lt;1mW, 610\u2013690nm<\/p>\n<\/li>\n<li data-start=\"1312\" data-end=\"1397\">\n<p data-start=\"1314\" data-end=\"1397\">\ud83d\udd0c <strong data-start=\"1317\" data-end=\"1330\">Interface<\/strong>: RS232 (via external USB-to-RS232 converter), supports TTL level<\/p>\n<\/li>\n<li data-start=\"1398\" data-end=\"1476\">\n<p data-start=\"1400\" data-end=\"1476\">\u26a1 <strong data-start=\"1402\" data-end=\"1418\">Power Supply<\/strong>: 2.5V\u20133.6V (typical: 3.3V or 4.0V depending on version)<\/p>\n<\/li>\n<li data-start=\"1477\" data-end=\"1529\">\n<p data-start=\"1479\" data-end=\"1529\">\ud83d\udce6 <strong data-start=\"1482\" data-end=\"1490\">Size<\/strong>: 42mm \u00d7 17.1mm \u00d7 7.06mm | Weight: 4g<\/p>\n<\/li>\n<li data-start=\"1530\" data-end=\"1578\">\n<p data-start=\"1532\" data-end=\"1578\">\ud83d\udd01 <strong data-start=\"1535\" data-end=\"1576\">Continuous \/ Single Measurement Modes<\/strong><\/p>\n<\/li>\n<li data-start=\"1579\" data-end=\"1651\">\n<p data-start=\"1581\" data-end=\"1651\">\ud83d\udd17 <strong data-start=\"1584\" data-end=\"1607\">Multiple Baud Rates<\/strong>: 9600 \u2013 115200bps (fixed or auto detection)<img decoding=\"async\" class=\"aligncenter wp-image-2963 size-full\" title=\"Laser Sensor Module\" src=\"https:\/\/meskernel.net\/wp-content\/uploads\/2024\/11\/LDL-Module.jpg\" alt=\"Laser Sensor Module\" width=\"754\" height=\"742\" srcset=\"https:\/\/meskernel.net\/wp-content\/uploads\/2024\/11\/LDL-Module.jpg 754w, https:\/\/meskernel.net\/wp-content\/uploads\/2024\/11\/LDL-Module-300x295.jpg 300w, https:\/\/meskernel.net\/wp-content\/uploads\/2024\/11\/LDL-Module-400x394.jpg 400w\" sizes=\"(max-width: 754px) 100vw, 754px\" \/><\/p>\n<\/li>\n<\/ul>\n<h3 data-start=\"1658\" data-end=\"1708\">Why Choose an RS232 Laser Distance Sensor?<\/h3>\n<p data-start=\"1710\" data-end=\"1949\">Using an RS232 interface allows seamless integration with industrial PCs, PLC systems, or legacy embedded controllers where longer cable distances and noise resistance are required. Compared to TTL or USB, RS232 offers:<\/p>\n<ul data-start=\"1951\" data-end=\"2152\">\n<li data-start=\"1951\" data-end=\"1990\">\n<p data-start=\"1953\" data-end=\"1990\">Robust signal over longer distances<\/p>\n<\/li>\n<li data-start=\"1991\" data-end=\"2046\">\n<p data-start=\"1993\" data-end=\"2046\">Broad compatibility with data acquisition equipment<\/p>\n<\/li>\n<li data-start=\"2047\" data-end=\"2106\">\n<p data-start=\"2049\" data-end=\"2106\">No need for USB drivers or complex stack initialization<\/p>\n<\/li>\n<li data-start=\"2107\" data-end=\"2152\">\n<p data-start=\"2109\" data-end=\"2152\">Stable performance in high-EMI environments<\/p>\n<\/li>\n<\/ul>\n<hr data-start=\"2154\" data-end=\"2157\" \/>\n<h3 data-start=\"2159\" data-end=\"2186\"><img data-dominant-color=\"818380\" data-has-transparency=\"false\" style=\"--dominant-color: #818380;\" decoding=\"async\" class=\"aligncenter wp-image-4836 size-full not-transparent\" src=\"https:\/\/meskernel.net\/wp-content\/uploads\/2025\/07\/application.webp\" alt=\"application\" width=\"720\" height=\"720\" srcset=\"https:\/\/meskernel.net\/wp-content\/uploads\/2025\/07\/application.webp 720w, https:\/\/meskernel.net\/wp-content\/uploads\/2025\/07\/application-300x300.webp 300w, https:\/\/meskernel.net\/wp-content\/uploads\/2025\/07\/application-150x150.webp 150w, https:\/\/meskernel.net\/wp-content\/uploads\/2025\/07\/application-400x400.webp 400w, https:\/\/meskernel.net\/wp-content\/uploads\/2025\/07\/application-100x100.webp 100w\" sizes=\"(max-width: 720px) 100vw, 720px\" \/><\/h3>\n<h3 data-start=\"2159\" data-end=\"2186\">\ud83e\udde9 Typical Applications<\/h3>\n<ul data-start=\"2188\" data-end=\"2573\">\n<li data-start=\"2188\" data-end=\"2265\">\n<p data-start=\"2190\" data-end=\"2265\">\ud83c\udfed <strong data-start=\"2193\" data-end=\"2218\">Industrial automation<\/strong>: object detection, conveyor belt measurement<\/p>\n<\/li>\n<li data-start=\"2266\" data-end=\"2326\">\n<p data-start=\"2268\" data-end=\"2326\">\ud83e\udd16 <strong data-start=\"2271\" data-end=\"2286\">AGVs \/ AMRs<\/strong>: obstacle detection and path guidance<\/p>\n<\/li>\n<li data-start=\"2327\" data-end=\"2392\">\n<p data-start=\"2329\" data-end=\"2392\">\ud83d\udcd0 <strong data-start=\"2332\" data-end=\"2351\">Smart logistics<\/strong>: cargo dimensioning, position tracking<\/p>\n<\/li>\n<li data-start=\"2393\" data-end=\"2481\">\n<p data-start=\"2395\" data-end=\"2481\">\ud83e\uddea <strong data-start=\"2398\" data-end=\"2433\">Measurement and control systems<\/strong>: real-time monitoring with RS232 host devices<\/p>\n<\/li>\n<li data-start=\"2482\" data-end=\"2573\">\n<p data-start=\"2484\" data-end=\"2573\">\ud83d\udd2c <strong data-start=\"2487\" data-end=\"2513\">OEM \/ ODM integrations<\/strong>: customizable, low-profile laser module for embedded design<\/p>\n<\/li>\n<\/ul>\n<hr data-start=\"2575\" data-end=\"2578\" \/>\n<h3 data-start=\"2580\" data-end=\"2619\">\ud83d\udce6 Product Variants &amp; Compatibility<\/h3>\n<div class=\"_tableContainer_16hzy_1\">\n<div class=\"_tableWrapper_16hzy_14 group flex w-fit flex-col-reverse\" tabindex=\"-1\">\n<table class=\"w-fit min-w-(--thread-content-width)\" data-start=\"2621\" data-end=\"2982\">\n<thead data-start=\"2621\" data-end=\"2692\">\n<tr data-start=\"2621\" data-end=\"2692\">\n<th data-start=\"2621\" data-end=\"2642\" data-col-size=\"sm\">Model<\/th>\n<th data-start=\"2642\" data-end=\"2654\" data-col-size=\"sm\">Interface<\/th>\n<th data-start=\"2654\" data-end=\"2668\" data-col-size=\"sm\">Output Rate<\/th>\n<th data-start=\"2668\" data-end=\"2692\" data-col-size=\"sm\">Integration Style<\/th>\n<\/tr>\n<\/thead>\n<tbody data-start=\"2765\" data-end=\"2982\">\n<tr data-start=\"2765\" data-end=\"2838\">\n<td data-start=\"2765\" data-end=\"2787\" data-col-size=\"sm\"><strong data-start=\"2767\" data-end=\"2786\">LDL-RS232<\/strong><\/td>\n<td data-col-size=\"sm\" data-start=\"2787\" data-end=\"2799\">RS232<\/td>\n<td data-col-size=\"sm\" data-start=\"2799\" data-end=\"2813\">3Hz \/ 20Hz<\/td>\n<td data-col-size=\"sm\" data-start=\"2813\" data-end=\"2838\">UART-to-RS232 adapter<\/td>\n<\/tr>\n<tr data-start=\"2839\" data-end=\"2910\">\n<td data-start=\"2839\" data-end=\"2859\" data-col-size=\"sm\">LDL-USB<\/td>\n<td data-col-size=\"sm\" data-start=\"2859\" data-end=\"2871\">USB<\/td>\n<td data-col-size=\"sm\" data-start=\"2871\" data-end=\"2885\">3Hz \/ 20Hz<\/td>\n<td data-col-size=\"sm\" data-start=\"2885\" data-end=\"2910\">Plug-and-play<\/td>\n<\/tr>\n<tr data-start=\"2911\" data-end=\"2982\">\n<td data-start=\"2911\" data-end=\"2931\" data-col-size=\"sm\">LDL-I2C<\/td>\n<td data-col-size=\"sm\" data-start=\"2931\" data-end=\"2943\">I2C<\/td>\n<td data-col-size=\"sm\" data-start=\"2943\" data-end=\"2957\">3Hz<\/td>\n<td data-col-size=\"sm\" data-start=\"2957\" data-end=\"2982\">Multi-sensor systems<\/td>\n<\/tr>\n<\/tbody>\n<\/table>\n<div class=\"sticky end-(--thread-content-margin) h-0 self-end select-none\">\n<div class=\"absolute end-0 flex items-end\"><img data-dominant-color=\"acb7c2\" data-has-transparency=\"true\" style=\"--dominant-color: #acb7c2;\" loading=\"lazy\" decoding=\"async\" class=\"alignleft wp-image-6374 size-full has-transparency\" src=\"https:\/\/meskernel.net\/wp-content\/uploads\/2025\/07\/RS232-Laser-Distance-Sensor-1.webp\" alt=\"RS232 Laser Distance Sensor\" width=\"1921\" height=\"758\" srcset=\"https:\/\/meskernel.net\/wp-content\/uploads\/2025\/07\/RS232-Laser-Distance-Sensor-1.webp 1921w, https:\/\/meskernel.net\/wp-content\/uploads\/2025\/07\/RS232-Laser-Distance-Sensor-1-300x118.webp 300w, https:\/\/meskernel.net\/wp-content\/uploads\/2025\/07\/RS232-Laser-Distance-Sensor-1-1024x404.webp 1024w, https:\/\/meskernel.net\/wp-content\/uploads\/2025\/07\/RS232-Laser-Distance-Sensor-1-768x303.webp 768w, https:\/\/meskernel.net\/wp-content\/uploads\/2025\/07\/RS232-Laser-Distance-Sensor-1-1536x606.webp 1536w, https:\/\/meskernel.net\/wp-content\/uploads\/2025\/07\/RS232-Laser-Distance-Sensor-1-18x7.webp 18w, https:\/\/meskernel.net\/wp-content\/uploads\/2025\/07\/RS232-Laser-Distance-Sensor-1-400x158.webp 400w\" sizes=\"(max-width: 1921px) 100vw, 1921px\" \/><\/div>\n<\/div>\n<\/div>\n<\/div>\n<hr data-start=\"2984\" data-end=\"2987\" \/>\n<h3 data-start=\"2989\" data-end=\"3012\">\ud83d\udd04 Easy Integration<\/h3>\n<p data-start=\"3014\" data-end=\"3228\">The LDL RS232 laser distance sensor supports both automatic and fixed baud rate protocols, and includes offset correction, multi-module networking (up to 127 devices), and command control via standard ASCII\/HEX instructions.<\/p>\n<p data-start=\"3230\" data-end=\"3271\">Optional software tools are available to:<\/p>\n<ul data-start=\"3272\" data-end=\"3408\">\n<li data-start=\"3272\" data-end=\"3297\">\n<p data-start=\"3274\" data-end=\"3297\">Change module address<\/p>\n<\/li>\n<li data-start=\"3298\" data-end=\"3340\">\n<p data-start=\"3300\" data-end=\"3340\">Visualize real-time distance in charts<\/p>\n<\/li>\n<li data-start=\"3341\" data-end=\"3369\">\n<p data-start=\"3343\" data-end=\"3369\">Adjust offsets and modes<\/p>\n<\/li>\n<li data-start=\"3370\" data-end=\"3408\">\n<p data-start=\"3372\" data-end=\"3408\">Perform quick test and diagnostics<\/p>\n<\/li>\n<\/ul>\n<hr data-start=\"3410\" data-end=\"3413\" \/>\n<h3 data-start=\"3415\" data-end=\"3439\">\ud83d\udd0d Technical Details<\/h3>\n<ul data-start=\"3441\" data-end=\"3754\">\n<li data-start=\"3441\" data-end=\"3478\">\n<p data-start=\"3443\" data-end=\"3478\"><strong data-start=\"3443\" data-end=\"3465\">Reflectivity Range<\/strong>: 0.2 \u2013 1.0<\/p>\n<\/li>\n<li data-start=\"3479\" data-end=\"3539\">\n<p data-start=\"3481\" data-end=\"3539\"><strong data-start=\"3481\" data-end=\"3499\">Operating Temp<\/strong>: 0\u201340\u00b0C (extended range customizable)<\/p>\n<\/li>\n<li data-start=\"3540\" data-end=\"3574\">\n<p data-start=\"3542\" data-end=\"3574\"><strong data-start=\"3542\" data-end=\"3558\">Storage Temp<\/strong>: \u201325 to +60\u00b0C<\/p>\n<\/li>\n<li data-start=\"3575\" data-end=\"3619\">\n<p data-start=\"3577\" data-end=\"3619\"><strong data-start=\"3577\" data-end=\"3596\">Laser Spot Size<\/strong>: &lt;8mm@10m; &lt;40mm@40m<\/p>\n<\/li>\n<li data-start=\"3620\" data-end=\"3686\">\n<p data-start=\"3622\" data-end=\"3686\"><strong data-start=\"3622\" data-end=\"3642\">Measurement Time<\/strong>: 0.3 \u2013 4s depending on reflectivity\/light<\/p>\n<\/li>\n<li data-start=\"3687\" data-end=\"3754\">\n<p data-start=\"3689\" data-end=\"3754\"><strong data-start=\"3689\" data-end=\"3713\">Signal Quality Index<\/strong>: output included in measurement result<\/p>\n<\/li>\n<\/ul>\n<hr data-start=\"3756\" data-end=\"3759\" \/>\n<h3 data-start=\"3761\" data-end=\"3807\">\ud83d\udcde Need Help Choosing the Right Interface?<\/h3>\n<p data-start=\"3809\" data-end=\"4144\">If you\u2019re unsure whether the RS232 laser distance sensor is best for your application, explore our guide on choosing the right interface for laser distance modules or <a class=\"cursor-pointer\" href=\"https:\/\/meskernel.net\/contact\/\" target=\"_new\" rel=\"noopener\" data-start=\"4070\" data-end=\"4118\">contact us<\/a> for technical assistance.<\/p>\n<hr data-start=\"4146\" data-end=\"4149\" \/>\n<h3 data-start=\"4151\" data-end=\"4174\">\ud83d\udd17 Related Products<\/h3>\n<ul data-start=\"4176\" data-end=\"4363\">\n<li data-start=\"4176\" data-end=\"4236\">\n<p data-start=\"4178\" data-end=\"4236\"><a class=\"cursor-pointer\" href=\"https:\/\/meskernel.net\/en\/product\/measure-distance\/\" target=\"_new\" rel=\"noopener\" data-start=\"4178\" data-end=\"4234\">UART Laser Sensor Module<\/a><\/p>\n<\/li>\n<li data-start=\"4301\" data-end=\"4363\">\n<p data-start=\"4303\" data-end=\"4363\"><a class=\"cursor-pointer\" href=\"https:\/\/meskernel.net\/about\/\" target=\"_new\" rel=\"noopener\" data-start=\"4303\" data-end=\"4363\">Custom ToF Sensors for OEM Projects<\/a><\/p>\n<\/li>\n<\/ul>\n<\/div>\n<\/div>\n<\/div>\n<\/div>\n<\/div>\n<\/div>\n","protected":false},"excerpt":{"rendered":"<p>1 mm \u00e7\u00f6z\u00fcn\u00fcrl\u00fc\u011fe ve 40 metreye kadar menzile sahip kompakt bir RS232 lazer mesafe sens\u00f6r\u00fc olan LDL 40m mesafe sens\u00f6r\u00fcn\u00fc ke\u015ffedin. End\u00fcstriyel otomasyon, AGV'ler ve g\u00f6m\u00fcl\u00fc \u00f6l\u00e7\u00fcm sistemleri i\u00e7in idealdir.<\/p>","protected":false},"featured_media":5221,"template":"","meta":{"site-sidebar-layout":"default","site-content-layout":"","ast-site-content-layout":"default","site-content-style":"default","site-sidebar-style":"default","ast-global-header-display":"","ast-banner-title-visibility":"","ast-main-header-display":"","ast-hfb-above-header-display":"","ast-hfb-below-header-display":"","ast-hfb-mobile-header-display":"","site-post-title":"","ast-breadcrumbs-content":"","ast-featured-img":"","footer-sml-layout":"","ast-disable-related-posts":"","theme-transparent-header-meta":"default","adv-header-id-meta":"","stick-header-meta":"","header-above-stick-meta":"","header-main-stick-meta":"","header-below-stick-meta":"","astra-migrate-meta-layouts":"set","ast-page-background-enabled":"default","ast-page-background-meta":{"desktop":{"background-color":"var(--ast-global-color-4)","background-image":"","background-repeat":"repeat","background-position":"center center","background-size":"auto","background-attachment":"scroll","background-type":"","background-media":"","overlay-type":"","overlay-color":"","overlay-opacity":"","overlay-gradient":""},"tablet":{"background-color":"","background-image":"","background-repeat":"repeat","background-position":"center center","background-size":"auto","background-attachment":"scroll","background-type":"","background-media":"","overlay-type":"","overlay-color":"","overlay-opacity":"","overlay-gradient":""},"mobile":{"background-color":"","background-image":"","background-repeat":"repeat","background-position":"center center","background-size":"auto","background-attachment":"scroll","background-type":"","background-media":"","overlay-type":"","overlay-color":"","overlay-opacity":"","overlay-gradient":""}},"ast-content-background-meta":{"desktop":{"background-color":"var(--ast-global-color-5)","background-image":"","background-repeat":"repeat","background-position":"center center","background-size":"auto","background-attachment":"scroll","background-type":"","background-media":"","overlay-type":"","overlay-color":"","overlay-opacity":"","overlay-gradient":""},"tablet":{"background-color":"var(--ast-global-color-5)","background-image":"","background-repeat":"repeat","background-position":"center center","background-size":"auto","background-attachment":"scroll","background-type":"","background-media":"","overlay-type":"","overlay-color":"","overlay-opacity":"","overlay-gradient":""},"mobile":{"background-color":"var(--ast-global-color-5)","background-image":"","background-repeat":"repeat","background-position":"center center","background-size":"auto","background-attachment":"scroll","background-type":"","background-media":"","overlay-type":"","overlay-color":"","overlay-opacity":"","overlay-gradient":""}}},"product_brand":[60],"product_cat":[31],"product_tag":[],"class_list":{"0":"post-5219","1":"product","2":"type-product","3":"status-publish","4":"has-post-thumbnail","6":"product_brand-meskernel","7":"product_cat-tof-ranging-sensor","8":"desktop-align-center","9":"tablet-align-left","10":"mobile-align-left","12":"first","13":"instock","14":"shipping-taxable","15":"product-type-simple"},"_links":{"self":[{"href":"https:\/\/meskernel.net\/tr\/wp-json\/wp\/v2\/product\/5219","targetHints":{"allow":["GET"]}}],"collection":[{"href":"https:\/\/meskernel.net\/tr\/wp-json\/wp\/v2\/product"}],"about":[{"href":"https:\/\/meskernel.net\/tr\/wp-json\/wp\/v2\/types\/product"}],"version-history":[{"count":0,"href":"https:\/\/meskernel.net\/tr\/wp-json\/wp\/v2\/product\/5219\/revisions"}],"wp:featuredmedia":[{"embeddable":true,"href":"https:\/\/meskernel.net\/tr\/wp-json\/wp\/v2\/media\/5221"}],"wp:attachment":[{"href":"https:\/\/meskernel.net\/tr\/wp-json\/wp\/v2\/media?parent=5219"}],"wp:term":[{"taxonomy":"product_brand","embeddable":true,"href":"https:\/\/meskernel.net\/tr\/wp-json\/wp\/v2\/product_brand?post=5219"},{"taxonomy":"product_cat","embeddable":true,"href":"https:\/\/meskernel.net\/tr\/wp-json\/wp\/v2\/product_cat?post=5219"},{"taxonomy":"product_tag","embeddable":true,"href":"https:\/\/meskernel.net\/tr\/wp-json\/wp\/v2\/product_tag?post=5219"}],"curies":[{"name":"wp","href":"https:\/\/api.w.org\/{rel}","templated":true}]}}