{"id":5544,"date":"2025-08-15T11:21:25","date_gmt":"2025-08-15T03:21:25","guid":{"rendered":"https:\/\/meskernel.net\/?post_type=product&#038;p=5544"},"modified":"2025-10-14T10:51:35","modified_gmt":"2025-10-14T02:51:35","slug":"mikro-lazer-mesafe-sensoru","status":"publish","type":"product","link":"https:\/\/meskernel.net\/tr\/product\/micro-laser-distance-sensor\/","title":{"rendered":"Mikro Lazer Mesafe Sens\u00f6r\u00fc LDL-T Mod\u00fcl\u00fc 80m Menzil Do\u011fru Mesafe \u00d6l\u00e7\u00fcm\u00fc"},"content":{"rendered":"<h2 data-start=\"386\" data-end=\"460\"><strong data-start=\"389\" data-end=\"458\">Mikro Lazer Mesafe Sens\u00f6r\u00fc LDL-T Mod\u00fcl\u00fc - Kompakt G\u00fc\u00e7, End\u00fcstriyel Hassasiyet<\/strong><\/h2>\n<p data-start=\"462\" data-end=\"878\">Chengdu Meskernel Integrated Technology Co, Ltd'nin son teknoloji \u00fcr\u00fcn\u00fc y\u00fcksek hassasiyetli lazer mesafe sens\u00f6r\u00fc mod\u00fcl\u00fc LDL-T ile bir sonraki seviye mesafe \u00f6l\u00e7\u00fcm\u00fcn\u00fcn kilidini a\u00e7\u0131n. Boyut ve a\u011f\u0131rl\u0131\u011fa duyarl\u0131 sistemlere entegrasyon i\u00e7in tasarlanan bu mikro lazer mesafe sens\u00f6r\u00fc mod\u00fcl\u00fc, yaln\u0131zca 2 gram a\u011f\u0131rl\u0131\u011f\u0131ndaki bir pakette ola\u011fan\u00fcst\u00fc do\u011fruluk, h\u0131zl\u0131 yan\u0131t ve end\u00fcstriyel d\u00fczeyde g\u00fcvenilirlik sunar.<\/p>\n<p><img data-dominant-color=\"d2cac9\" data-has-transparency=\"false\" style=\"--dominant-color: #d2cac9;\" fetchpriority=\"high\" decoding=\"async\" class=\"aligncenter wp-image-5545 size-full not-transparent\" src=\"https:\/\/meskernel.net\/wp-content\/uploads\/2025\/08\/Micro-Laser-Distance-Sensor-LDL-T-Module-2.webp\" alt=\"Mikro Lazer Mesafe Sens\u00f6r\u00fc LDL-T Mod\u00fcl\u00fc -2\" width=\"490\" height=\"492\" srcset=\"https:\/\/meskernel.net\/wp-content\/uploads\/2025\/08\/Micro-Laser-Distance-Sensor-LDL-T-Module-2.webp 490w, https:\/\/meskernel.net\/wp-content\/uploads\/2025\/08\/Micro-Laser-Distance-Sensor-LDL-T-Module-2-300x300.webp 300w, https:\/\/meskernel.net\/wp-content\/uploads\/2025\/08\/Micro-Laser-Distance-Sensor-LDL-T-Module-2-150x150.webp 150w, https:\/\/meskernel.net\/wp-content\/uploads\/2025\/08\/Micro-Laser-Distance-Sensor-LDL-T-Module-2-12x12.webp 12w, https:\/\/meskernel.net\/wp-content\/uploads\/2025\/08\/Micro-Laser-Distance-Sensor-LDL-T-Module-2-400x402.webp 400w, https:\/\/meskernel.net\/wp-content\/uploads\/2025\/08\/Micro-Laser-Distance-Sensor-LDL-T-Module-2-100x100.webp 100w\" sizes=\"(max-width: 490px) 100vw, 490px\" \/><\/p>\n<h3 data-start=\"885\" data-end=\"916\"><strong data-start=\"889\" data-end=\"914\">Neden Mikro Lazer Mesafe Sens\u00f6r\u00fc LDL-T'yi Se\u00e7melisiniz?<\/strong><\/h3>\n<p><img data-dominant-color=\"e7e6e5\" data-has-transparency=\"false\" style=\"--dominant-color: #e7e6e5;\" decoding=\"async\" class=\"aligncenter wp-image-5548 size-full not-transparent\" src=\"https:\/\/meskernel.net\/wp-content\/uploads\/2025\/08\/micro-laser-distance-sensors.webp\" alt=\"mikro lazer mesafe sens\u00f6rleri\" width=\"495\" height=\"460\" srcset=\"https:\/\/meskernel.net\/wp-content\/uploads\/2025\/08\/micro-laser-distance-sensors.webp 495w, https:\/\/meskernel.net\/wp-content\/uploads\/2025\/08\/micro-laser-distance-sensors-300x279.webp 300w, https:\/\/meskernel.net\/wp-content\/uploads\/2025\/08\/micro-laser-distance-sensors-13x12.webp 13w, https:\/\/meskernel.net\/wp-content\/uploads\/2025\/08\/micro-laser-distance-sensors-400x372.webp 400w\" sizes=\"(max-width: 495px) 100vw, 495px\" \/><\/p>\n<h4 data-start=\"918\" data-end=\"960\"><strong data-start=\"923\" data-end=\"958\">1. Ultra Kompakt ve T\u00fcy Hafifli\u011finde<\/strong><\/h4>\n<p data-start=\"961\" data-end=\"1115\">27,87 \u00d7 16,57 \u00d7 7,01 mm boyutlar\u0131nda ve sadece 2 g a\u011f\u0131rl\u0131\u011f\u0131nda olan mikro lazer mesafe sens\u00f6r\u00fc LDL-T, \u0130HA'lara, AGV'lere, el tipi cihazlara ve di\u011fer k\u0131s\u0131tl\u0131 alana sahip cihazlara zahmetsizce s\u0131\u011far.<\/p>\n<h4 data-start=\"1117\" data-end=\"1156\"><strong data-start=\"1122\" data-end=\"1154\">2. Y\u00fcksek Do\u011fruluk, Uzun Menzil<\/strong><\/h4>\n<ul data-start=\"1157\" data-end=\"1335\">\n<li data-start=\"1157\" data-end=\"1193\">\n<p data-start=\"1159\" data-end=\"1193\">\u00d6l\u00e7\u00fcm Aral\u0131\u011f\u0131<strong data-start=\"1159\" data-end=\"1181\">:<\/strong> 0.03-80 m<\/p>\n<\/li>\n<li data-start=\"1194\" data-end=\"1270\">\n<p data-start=\"1196\" data-end=\"1270\">Hassasiyet<strong data-start=\"1196\" data-end=\"1210\">:<\/strong> D\u00fc\u015f\u00fck yans\u0131tma veya parlak \u0131\u015f\u0131k ko\u015fullar\u0131nda bile \u00b11 mm<\/p>\n<\/li>\n<li data-start=\"1271\" data-end=\"1335\">\n<p data-start=\"1273\" data-end=\"1335\">Hem k\u0131sa menzilli hem de uzun menzilli g\u00f6revler i\u00e7in g\u00fcvenilir okumalar.<\/p>\n<\/li>\n<\/ul>\n<h4 data-start=\"1337\" data-end=\"1377\"><strong data-start=\"1342\" data-end=\"1375\">3. Y\u0131ld\u0131r\u0131m H\u0131z\u0131nda \u00d6l\u00e7\u00fcm<\/strong><\/h4>\n<ul data-start=\"1378\" data-end=\"1511\">\n<li data-start=\"1378\" data-end=\"1436\">\n<p data-start=\"1380\" data-end=\"1436\">Frekans<strong data-start=\"1380\" data-end=\"1394\">:<\/strong> Ger\u00e7ek zamanl\u0131 uygulamalar i\u00e7in 30 Hz'e kadar.<\/p>\n<\/li>\n<li data-start=\"1437\" data-end=\"1511\">\n<p data-start=\"1439\" data-end=\"1511\">Hareketli hedefler, otomasyon hatlar\u0131 ve robotik navigasyon i\u00e7in m\u00fckemmeldir.<\/p>\n<\/li>\n<\/ul>\n<h4 data-start=\"1513\" data-end=\"1550\"><strong data-start=\"1518\" data-end=\"1548\">4. Enerji Verimli Tasar\u0131m<\/strong><\/h4>\n<ul data-start=\"1551\" data-end=\"1682\">\n<li data-start=\"1551\" data-end=\"1614\">\n<p data-start=\"1553\" data-end=\"1614\">D\u00fc\u015f\u00fck ak\u0131m t\u00fcketimi, pille \u00e7al\u0131\u015fan sistemler i\u00e7in idealdir.<\/p>\n<\/li>\n<li data-start=\"1615\" data-end=\"1682\">\n<p data-start=\"1617\" data-end=\"1682\">Kuru h\u00fccre ve lityum h\u00fccre g\u00fc\u00e7 giri\u015fleri ile uyumludur.<\/p>\n<\/li>\n<\/ul>\n<h4 data-start=\"1684\" data-end=\"1719\"><strong data-start=\"1689\" data-end=\"1717\">5. Esnek Ba\u011flant\u0131<\/strong><\/h4>\n<ul data-start=\"1720\" data-end=\"1850\">\n<li data-start=\"1720\" data-end=\"1776\">\n<p data-start=\"1722\" data-end=\"1776\">\u00c7oklu aray\u00fcz se\u00e7enekleri: USART, RS232, RS485.<\/p>\n<\/li>\n<li data-start=\"1777\" data-end=\"1850\">\n<p data-start=\"1779\" data-end=\"1850\">Mevcut sistemlerle sorunsuz entegrasyon i\u00e7in ayarlanabilir baud h\u0131zlar\u0131.<\/p>\n<\/li>\n<\/ul>\n<h4 data-start=\"1852\" data-end=\"1892\"><strong data-start=\"1857\" data-end=\"1890\">6. Kan\u0131tlanm\u0131\u015f G\u00fcvenlik ve Uyumluluk<\/strong><\/h4>\n<ul data-start=\"1893\" data-end=\"2030\">\n<li data-start=\"1893\" data-end=\"1964\">\n<p data-start=\"1895\" data-end=\"1964\">S\u0131n\u0131f II g\u00f6r\u00fcn\u00fcr k\u0131rm\u0131z\u0131 lazer, end\u00fcstriyel ve ticari kullan\u0131m i\u00e7in g\u00fcvenlidir.<\/p>\n<\/li>\n<li data-start=\"1965\" data-end=\"2030\">\n<p data-start=\"1967\" data-end=\"2030\">D\u00fcnya \u00e7ap\u0131nda uyumluluk i\u00e7in CE \/ FCC \/ RoHS \/ FDA sertifikal\u0131.<\/p>\n<\/li>\n<\/ul>\n<h4 data-start=\"2032\" data-end=\"2077\"><strong data-start=\"2037\" data-end=\"2075\">7. \u0130htiya\u00e7lar\u0131n\u0131za Uygun \u00d6zelle\u015ftirme<\/strong><\/h4>\n<p data-start=\"2078\" data-end=\"2223\">Belirli aral\u0131k, do\u011fruluk veya ileti\u015fim ayarlar\u0131na m\u0131 ihtiyac\u0131n\u0131z var? Meskernel, uygulama gereksinimlerinizi tam olarak kar\u015f\u0131lamak i\u00e7in tam \u00f6zelle\u015ftirme sunar.<\/p>\n<hr data-start=\"2225\" data-end=\"2228\" \/>\n<h3 data-start=\"2230\" data-end=\"2260\"><strong data-start=\"2234\" data-end=\"2258\">Tipik Uygulamalar<\/strong><\/h3>\n<ul data-start=\"2261\" data-end=\"2647\">\n<li data-start=\"2261\" data-end=\"2340\">\n<p data-start=\"2263\" data-end=\"2340\"><strong data-start=\"2263\" data-end=\"2288\">End\u00fcstriyel Otomasyon<\/strong> - Konumland\u0131rma, nesne alg\u0131lama, makine kontrol\u00fc.<\/p>\n<\/li>\n<li data-start=\"2341\" data-end=\"2416\">\n<p data-start=\"2343\" data-end=\"2416\"><strong data-start=\"2343\" data-end=\"2364\">Dronlar ve Robotik<\/strong> - Engellerden ka\u00e7\u0131nma, y\u00fckseklik kontrol\u00fc, navigasyon.<\/p>\n<\/li>\n<li data-start=\"2417\" data-end=\"2480\">\n<p data-start=\"2419\" data-end=\"2480\"><strong data-start=\"2419\" data-end=\"2442\">\u00d6l\u00e7me ve Haritalama<\/strong> - Y\u00fcksek do\u011frulukta saha \u00f6l\u00e7\u00fcmleri.<\/p>\n<\/li>\n<li data-start=\"2481\" data-end=\"2565\">\n<p data-start=\"2483\" data-end=\"2565\"><strong data-start=\"2483\" data-end=\"2502\">Ak\u0131ll\u0131 Lojistik<\/strong> - Konvey\u00f6r bantlar\u0131 ve depolama i\u00e7in otomatik mesafe kontrol\u00fc.<\/p>\n<\/li>\n<li data-start=\"2566\" data-end=\"2647\">\n<p data-start=\"2568\" data-end=\"2647\"><strong data-start=\"2568\" data-end=\"2588\">Ta\u015f\u0131nabilir Cihazlar<\/strong> - Elde ta\u015f\u0131nabilir veya giyilebilir \u00f6l\u00e7\u00fcm ara\u00e7lar\u0131na entegrasyon.<\/p>\n<\/li>\n<\/ul>\n<p><img data-dominant-color=\"818380\" data-has-transparency=\"false\" style=\"--dominant-color: #818380;\" decoding=\"async\" class=\"aligncenter wp-image-4836 size-full not-transparent\" src=\"https:\/\/meskernel.net\/wp-content\/uploads\/2025\/07\/application.webp\" alt=\"uygulama\" width=\"720\" height=\"720\" srcset=\"https:\/\/meskernel.net\/wp-content\/uploads\/2025\/07\/application.webp 720w, https:\/\/meskernel.net\/wp-content\/uploads\/2025\/07\/application-300x300.webp 300w, https:\/\/meskernel.net\/wp-content\/uploads\/2025\/07\/application-150x150.webp 150w, https:\/\/meskernel.net\/wp-content\/uploads\/2025\/07\/application-400x400.webp 400w, https:\/\/meskernel.net\/wp-content\/uploads\/2025\/07\/application-100x100.webp 100w\" sizes=\"(max-width: 720px) 100vw, 720px\" \/><\/p>\n<hr data-start=\"2649\" data-end=\"2652\" \/>\n<h3 data-start=\"2654\" data-end=\"2684\"><strong data-start=\"2658\" data-end=\"2682\">Teknik \u00d6nemli Noktalar<\/strong><\/h3>\n<div class=\"_tableContainer_1rjym_1\">\n<div class=\"_tableWrapper_1rjym_13 group flex w-fit flex-col-reverse\" tabindex=\"-1\">\n<table class=\"w-fit min-w-(--thread-content-width)\" data-start=\"2685\" data-end=\"3074\">\n<thead data-start=\"2685\" data-end=\"2722\">\n<tr data-start=\"2685\" data-end=\"2722\">\n<th data-start=\"2685\" data-end=\"2705\" data-col-size=\"sm\">\u00d6zellik<\/th>\n<th data-start=\"2705\" data-end=\"2722\" data-col-size=\"sm\">\u015eartname<\/th>\n<\/tr>\n<\/thead>\n<tbody data-start=\"2760\" data-end=\"3074\">\n<tr data-start=\"2760\" data-end=\"2793\">\n<td data-start=\"2760\" data-end=\"2780\" data-col-size=\"sm\">Menzil<\/td>\n<td data-col-size=\"sm\" data-start=\"2780\" data-end=\"2793\">0.03-80 m<\/td>\n<\/tr>\n<tr data-start=\"2794\" data-end=\"2823\">\n<td data-start=\"2794\" data-end=\"2814\" data-col-size=\"sm\">Do\u011fruluk<\/td>\n<td data-col-size=\"sm\" data-start=\"2814\" data-end=\"2823\">\u00b11 mm<\/td>\n<\/tr>\n<tr data-start=\"2824\" data-end=\"2859\">\n<td data-start=\"2824\" data-end=\"2844\" data-col-size=\"sm\">Frekans<\/td>\n<td data-col-size=\"sm\" data-start=\"2844\" data-end=\"2859\">30 Hz'e kadar<\/td>\n<\/tr>\n<tr data-start=\"2860\" data-end=\"2908\">\n<td data-start=\"2860\" data-end=\"2880\" data-col-size=\"sm\">Lazer Tipi<\/td>\n<td data-col-size=\"sm\" data-start=\"2880\" data-end=\"2908\">610-690 nm (G\u00f6r\u00fcn\u00fcr K\u0131rm\u0131z\u0131)<\/td>\n<\/tr>\n<tr data-start=\"2909\" data-end=\"2956\">\n<td data-start=\"2909\" data-end=\"2929\" data-col-size=\"sm\">Boyutlar<\/td>\n<td data-col-size=\"sm\" data-start=\"2929\" data-end=\"2956\">27,87 \u00d7 16,57 \u00d7 7,01 mm<\/td>\n<\/tr>\n<tr data-start=\"2957\" data-end=\"2984\">\n<td data-start=\"2957\" data-end=\"2977\" data-col-size=\"sm\">A\u011f\u0131rl\u0131k<\/td>\n<td data-col-size=\"sm\" data-start=\"2977\" data-end=\"2984\">2 g<\/td>\n<\/tr>\n<tr data-start=\"2985\" data-end=\"3028\">\n<td data-start=\"2985\" data-end=\"3005\" data-col-size=\"sm\">Aray\u00fczler<\/td>\n<td data-col-size=\"sm\" data-start=\"3005\" data-end=\"3028\">USART, RS232, RS485<\/td>\n<\/tr>\n<tr data-start=\"3029\" data-end=\"3074\">\n<td data-start=\"3029\" data-end=\"3049\" data-col-size=\"sm\">Sertifikalar<\/td>\n<td data-col-size=\"sm\" data-start=\"3049\" data-end=\"3074\">CE \/ FCC \/ RoHS \/ FDA<\/td>\n<\/tr>\n<\/tbody>\n<\/table>\n<\/div>\n<\/div>\n<hr data-start=\"3076\" data-end=\"3079\" \/>\n<p data-start=\"3081\" data-end=\"3399\">\ud83d\ude80 Mikro lazer mesafe sens\u00f6r\u00fc LDL-T, minyat\u00fcr boyutu maksimum \u00f6l\u00e7\u00fcm performans\u0131 ile birle\u015ftirmek isteyen m\u00fchendisler, OEM'ler ve yenilik\u00e7iler i\u00e7in m\u00fckemmel bir se\u00e7imdir. \u0130ster end\u00fcstriyel ekipman, ister robotik veya ak\u0131ll\u0131 cihazlar geli\u015ftiriyor olun, bu lazer mesafe mod\u00fcl\u00fc g\u00fcvenebilece\u011finiz h\u0131z, hassasiyet ve dayan\u0131kl\u0131l\u0131k sunar.<\/p>\n<p data-start=\"3401\" data-end=\"3555\">\ud83d\udce9 <a href=\"https:\/\/meskernel.net\/tr\/iletisim\/\"><strong data-start=\"3404\" data-end=\"3445\">Fiyatland\u0131rma ve OEM Se\u00e7enekleri i\u00e7in \u015eimdi Sorgulay\u0131n<\/strong><\/a><\/p>","protected":false},"excerpt":{"rendered":"<p>Mikro lazer mesafe sens\u00f6r\u00fc LDL-T, 80 metreye kadar menzile sahip minyat\u00fcr, y\u00fcksek hassasiyetli 1 mm lazer mesafe sens\u00f6r\u00fcd\u00fcr. 1 mm hassasiyet, 0,03-80 m aral\u0131k, 30 Hz h\u0131z, d\u00fc\u015f\u00fck g\u00fc\u00e7 ve end\u00fcstriyel s\u0131n\u0131f g\u00fcvenilirli\u011fe sahip ultra kompakt 2 g lazer mesafe mod\u00fcl\u00fc.<\/p>","protected":false},"featured_media":6091,"template":"","meta":{"site-sidebar-layout":"default","site-content-layout":"","ast-site-content-layout":"default","site-content-style":"default","site-sidebar-style":"default","ast-global-header-display":"","ast-banner-title-visibility":"","ast-main-header-display":"","ast-hfb-above-header-display":"","ast-hfb-below-header-display":"","ast-hfb-mobile-header-display":"","site-post-title":"","ast-breadcrumbs-content":"","ast-featured-img":"","footer-sml-layout":"","ast-disable-related-posts":"","theme-transparent-header-meta":"default","adv-header-id-meta":"","stick-header-meta":"","header-above-stick-meta":"","header-main-stick-meta":"","header-below-stick-meta":"","astra-migrate-meta-layouts":"set","ast-page-background-enabled":"default","ast-page-background-meta":{"desktop":{"background-color":"var(--ast-global-color-4)","background-image":"","background-repeat":"repeat","background-position":"center center","background-size":"auto","background-attachment":"scroll","background-type":"","background-media":"","overlay-type":"","overlay-color":"","overlay-opacity":"","overlay-gradient":""},"tablet":{"background-color":"","background-image":"","background-repeat":"repeat","background-position":"center center","background-size":"auto","background-attachment":"scroll","background-type":"","background-media":"","overlay-type":"","overlay-color":"","overlay-opacity":"","overlay-gradient":""},"mobile":{"background-color":"","background-image":"","background-repeat":"repeat","background-position":"center center","background-size":"auto","background-attachment":"scroll","background-type":"","background-media":"","overlay-type":"","overlay-color":"","overlay-opacity":"","overlay-gradient":""}},"ast-content-background-meta":{"desktop":{"background-color":"var(--ast-global-color-5)","background-image":"","background-repeat":"repeat","background-position":"center center","background-size":"auto","background-attachment":"scroll","background-type":"","background-media":"","overlay-type":"","overlay-color":"","overlay-opacity":"","overlay-gradient":""},"tablet":{"background-color":"var(--ast-global-color-5)","background-image":"","background-repeat":"repeat","background-position":"center center","background-size":"auto","background-attachment":"scroll","background-type":"","background-media":"","overlay-type":"","overlay-color":"","overlay-opacity":"","overlay-gradient":""},"mobile":{"background-color":"var(--ast-global-color-5)","background-image":"","background-repeat":"repeat","background-position":"center center","background-size":"auto","background-attachment":"scroll","background-type":"","background-media":"","overlay-type":"","overlay-color":"","overlay-opacity":"","overlay-gradient":""}}},"product_brand":[],"product_cat":[51],"product_tag":[56],"class_list":{"0":"post-5544","1":"product","2":"type-product","3":"status-publish","4":"has-post-thumbnail","6":"product_cat-laser-distance-sensor","7":"product_tag-hot","8":"desktop-align-center","9":"tablet-align-left","10":"mobile-align-left","12":"first","13":"instock","14":"shipping-taxable","15":"product-type-simple"},"_links":{"self":[{"href":"https:\/\/meskernel.net\/tr\/wp-json\/wp\/v2\/product\/5544","targetHints":{"allow":["GET"]}}],"collection":[{"href":"https:\/\/meskernel.net\/tr\/wp-json\/wp\/v2\/product"}],"about":[{"href":"https:\/\/meskernel.net\/tr\/wp-json\/wp\/v2\/types\/product"}],"version-history":[{"count":0,"href":"https:\/\/meskernel.net\/tr\/wp-json\/wp\/v2\/product\/5544\/revisions"}],"wp:featuredmedia":[{"embeddable":true,"href":"https:\/\/meskernel.net\/tr\/wp-json\/wp\/v2\/media\/6091"}],"wp:attachment":[{"href":"https:\/\/meskernel.net\/tr\/wp-json\/wp\/v2\/media?parent=5544"}],"wp:term":[{"taxonomy":"product_brand","embeddable":true,"href":"https:\/\/meskernel.net\/tr\/wp-json\/wp\/v2\/product_brand?post=5544"},{"taxonomy":"product_cat","embeddable":true,"href":"https:\/\/meskernel.net\/tr\/wp-json\/wp\/v2\/product_cat?post=5544"},{"taxonomy":"product_tag","embeddable":true,"href":"https:\/\/meskernel.net\/tr\/wp-json\/wp\/v2\/product_tag?post=5544"}],"curies":[{"name":"wp","href":"https:\/\/api.w.org\/{rel}","templated":true}]}}