{"id":5966,"date":"2025-09-25T11:33:46","date_gmt":"2025-09-25T03:33:46","guid":{"rendered":"https:\/\/meskernel.net\/?post_type=product&#038;p=5966"},"modified":"2025-10-10T10:25:46","modified_gmt":"2025-10-10T02:25:46","slug":"lazer-tof-sensoru","status":"publish","type":"product","link":"https:\/\/meskernel.net\/tr\/product\/laser-tof-sensor\/","title":{"rendered":"LDJ-P7 Hassas Mesafe \u00d6l\u00e7\u00fcm\u00fc i\u00e7in 150 m Lazer ToF Sens\u00f6r\u00fc, IP67 Anma ve En \u0130yi Fiyat"},"content":{"rendered":"<h2 data-start=\"662\" data-end=\"992\">LDJ-P7 150m\/200m Lazer ToF Sens\u00f6r\u00fc | IP67 End\u00fcstriyel Mod\u00fcl<\/h2>\n<p data-start=\"662\" data-end=\"992\">LDJ-P7 Lazer ToF Sens\u00f6r\u00fc, zorlu end\u00fcstriyel ve d\u0131\u015f mekan uygulamalar\u0131 i\u00e7in tasarlanm\u0131\u015f y\u00fcksek performansl\u0131 bir mesafe \u00f6l\u00e7\u00fcm mod\u00fcl\u00fcd\u00fcr. \u00d6l\u00e7\u00fcm aral\u0131\u011f\u0131 0,03 m ila 200 m aras\u0131nda ve do\u011frulu\u011fu <strong data-start=\"887\" data-end=\"909\">\u00b1<\/strong>(3 mm + D\/10.000), zorlu ortamlarda bile istikrarl\u0131 ve g\u00fcvenilir mesafe verileri sa\u011flar.<\/p>\n<p data-start=\"994\" data-end=\"1460\">Bu sens\u00f6r, toza ve suya kar\u015f\u0131 koruma sa\u011flayan IP67 s\u0131n\u0131f\u0131 sa\u011flam bir muhafazaya sahipken, geni\u015f \u00e7al\u0131\u015fma s\u0131cakl\u0131\u011f\u0131 (-10 \u2103 ila 50 \u2103) onu y\u0131l boyunca konu\u015fland\u0131rmaya uygun hale getirir. K\u0131rm\u0131z\u0131\/Ye\u015fil lazer se\u00e7eneklerini, \u00e7oklu \u00e7\u0131k\u0131\u015f frekanslar\u0131n\u0131 (30 Hz'e kadar) ve \u00e7ok y\u00f6nl\u00fc ileti\u015fim aray\u00fczlerini (RS485, RS232, USART) destekleyen LDJ-P7, AGV'lere, \u0130HA'lara, robotik, in\u015faat ve ak\u0131ll\u0131 trafik izleme sistemlerine sorunsuz entegrasyon sunar.<\/p>\n<p><img data-dominant-color=\"c3c3c4\" data-has-transparency=\"false\" style=\"--dominant-color: #c3c3c4;\" fetchpriority=\"high\" decoding=\"async\" class=\"aligncenter wp-image-5970 size-full not-transparent\" src=\"https:\/\/meskernel.net\/wp-content\/uploads\/2025\/09\/Laser-ToF-Distance-Sensor.webp\" alt=\"Lazer ToF Mesafe Sens\u00f6r\u00fc\" width=\"696\" height=\"454\" srcset=\"https:\/\/meskernel.net\/wp-content\/uploads\/2025\/09\/Laser-ToF-Distance-Sensor.webp 696w, https:\/\/meskernel.net\/wp-content\/uploads\/2025\/09\/Laser-ToF-Distance-Sensor-300x196.webp 300w, https:\/\/meskernel.net\/wp-content\/uploads\/2025\/09\/Laser-ToF-Distance-Sensor-18x12.webp 18w, https:\/\/meskernel.net\/wp-content\/uploads\/2025\/09\/Laser-ToF-Distance-Sensor-400x261.webp 400w\" sizes=\"(max-width: 696px) 100vw, 696px\" \/><\/p>\n<hr data-start=\"1724\" data-end=\"1727\" \/>\n<h2 data-start=\"964\" data-end=\"993\">Temel \u00d6zellikler<\/h2>\n<ul data-start=\"995\" data-end=\"1361\">\n<li data-start=\"995\" data-end=\"1046\">\n<p data-start=\"997\" data-end=\"1046\">\u00d6l\u00e7\u00fcm Aral\u0131\u011f\u0131: 0.03 - 100 \/ 150 \/ 200 m<\/p>\n<\/li>\n<li data-start=\"1047\" data-end=\"1083\">\n<p data-start=\"1049\" data-end=\"1083\">Do\u011fruluk: \u00b1 (3 mm + D\/10.000)<\/p>\n<\/li>\n<li data-start=\"1084\" data-end=\"1118\">\n<p data-start=\"1086\" data-end=\"1118\">Lazer Se\u00e7enekleri: K\u0131rm\u0131z\u0131 \/ Ye\u015fil<\/p>\n<\/li>\n<li data-start=\"1119\" data-end=\"1172\">\n<p data-start=\"1121\" data-end=\"1172\">Koruma S\u0131n\u0131f\u0131: IP67 su ve toz ge\u00e7irmez<\/p>\n<\/li>\n<li data-start=\"1173\" data-end=\"1214\">\n<p data-start=\"1175\" data-end=\"1214\">\u00c7al\u0131\u015fma S\u0131cakl\u0131\u011f\u0131: -10 \u2103 ila +50 \u2103<\/p>\n<\/li>\n<li data-start=\"1215\" data-end=\"1236\">\n<p data-start=\"1217\" data-end=\"1236\">A\u011f\u0131rl\u0131k: 446 g<\/p>\n<\/li>\n<li data-start=\"1237\" data-end=\"1275\">\n<p data-start=\"1239\" data-end=\"1275\">Frekans: 3 \/ 10 \/ 20 \/ 30 Hz<\/p>\n<\/li>\n<li data-start=\"1276\" data-end=\"1315\">\n<p data-start=\"1278\" data-end=\"1315\">Aray\u00fczler: RS485, RS232, USART<\/p>\n<\/li>\n<li data-start=\"1316\" data-end=\"1361\">\n<p data-start=\"1318\" data-end=\"1361\">Boyutlar: 122.00 \u00d7 84.00 \u00d7 37.00 mm<\/p>\n<\/li>\n<\/ul>\n<hr data-start=\"1724\" data-end=\"1727\" \/>\n<h2 data-start=\"646\" data-end=\"695\">LDJ-P7 Lazer ToF Sens\u00f6r\u00fcn\u00fcn Temel \u00d6zellikleri<\/h2>\n<ul data-start=\"697\" data-end=\"1240\">\n<li data-start=\"697\" data-end=\"841\">\n<p data-start=\"699\" data-end=\"841\">Sa\u011flam Al\u00fcminyum Ala\u015f\u0131ml\u0131 G\u00f6vde - Daha fazla dayan\u0131kl\u0131l\u0131k, stabilite ve titre\u015fime kar\u015f\u0131 diren\u00e7 i\u00e7in y\u00fcksek mukavemetli metal bir muhafaza ile \u00fcretilmi\u015ftir.<\/p>\n<\/li>\n<li data-start=\"842\" data-end=\"1035\">\n<p data-start=\"844\" data-end=\"1035\">Geli\u015fmi\u015f IP67 Korumas\u0131 - Eksiksiz toz ge\u00e7irmez tasar\u0131m ve su s\u0131\u00e7ramas\u0131na dayan\u0131kl\u0131 g\u00fcvenilirlik sunarak end\u00fcstriyel otomasyonda, d\u0131\u015f mekan \u00f6l\u00e7\u00fcmlerinde istikrarl\u0131 \u00e7al\u0131\u015fma sa\u011flar<strong data-start=\"966\" data-end=\"1032\">, <\/strong>ve \u0130HA uygulamalar\u0131.<\/p>\n<\/li>\n<li data-start=\"1036\" data-end=\"1240\">\n<p data-start=\"1038\" data-end=\"1240\">Esnek Ba\u011flant\u0131 Se\u00e7enekleri - \u00c7ok \u00e7e\u015fitli kontrol sistemleri, AGV'ler ve veri toplama platformlar\u0131 ile sorunsuz entegrasyonu desteklemek i\u00e7in RS232, RS485 ve USART aray\u00fczleri ile donat\u0131lm\u0131\u015ft\u0131r.<\/p>\n<\/li>\n<\/ul>\n<hr data-start=\"1724\" data-end=\"1727\" \/>\n<h2>Uygulama Senaryolar\u0131<\/h2>\n<p><img data-dominant-color=\"79828b\" data-has-transparency=\"true\" style=\"--dominant-color: #79828b;\" decoding=\"async\" class=\"aligncenter wp-image-5974 size-full has-transparency\" src=\"https:\/\/meskernel.net\/wp-content\/uploads\/2025\/09\/laser-tof-sensor-applications.webp\" alt=\"lazer tof sens\u00f6r uygulamalari\" width=\"1923\" height=\"406\" srcset=\"https:\/\/meskernel.net\/wp-content\/uploads\/2025\/09\/laser-tof-sensor-applications.webp 1923w, https:\/\/meskernel.net\/wp-content\/uploads\/2025\/09\/laser-tof-sensor-applications-300x63.webp 300w, https:\/\/meskernel.net\/wp-content\/uploads\/2025\/09\/laser-tof-sensor-applications-1024x216.webp 1024w, https:\/\/meskernel.net\/wp-content\/uploads\/2025\/09\/laser-tof-sensor-applications-768x162.webp 768w, https:\/\/meskernel.net\/wp-content\/uploads\/2025\/09\/laser-tof-sensor-applications-1536x324.webp 1536w, https:\/\/meskernel.net\/wp-content\/uploads\/2025\/09\/laser-tof-sensor-applications-18x4.webp 18w, https:\/\/meskernel.net\/wp-content\/uploads\/2025\/09\/laser-tof-sensor-applications-400x84.webp 400w\" sizes=\"(max-width: 1923px) 100vw, 1923px\" \/><\/p>\n<p><strong>End\u00fcstriyel Otomasyon<\/strong><\/p>\n<p>LDJ-P7, otomatik \u00fcretim hatlar\u0131nda, konvey\u00f6r sistemlerinde ve robotik kollarda temass\u0131z mesafe \u00f6l\u00e7\u00fcm\u00fc sa\u011flayarak hassasiyet ve verimlilik sa\u011flar.<\/p>\n<p><strong>\u0130HA ve Drone Navigasyonu<\/strong><\/p>\n<p>Hafif ve uzun menzilli ToF \u00f6zelli\u011fine sahip bu sens\u00f6r, drone tabanl\u0131 haritalama, engellerden ka\u00e7\u0131nma ve arazi takibini destekler.<\/p>\n<p><strong><a href=\"https:\/\/meskernel.net\/tr\/uygulama\/surveying-and-geospatial-analysis\/\">\u00d6l\u00e7me ve Haritalama<\/a><\/strong><\/p>\n<p>M\u00fchendisler ve haritac\u0131lar \u015fantiye izleme, co\u011frafi veri toplama ve mesafe \u00f6l\u00e7\u00fcm\u00fc i\u00e7in 200 m uzun menzilli lazer sens\u00f6r\u00fcne g\u00fcvenebilirler.<\/p>\n<p><strong>Ak\u0131ll\u0131 Ula\u015f\u0131m ve G\u00fcvenlik<\/strong><\/p>\n<p>Sens\u00f6r, ara\u00e7 alg\u0131lama sistemlerine, trafik izleme ve g\u00fcvenlik bariyerlerine entegre edilebilir ve g\u00fcvenilir ger\u00e7ek zamanl\u0131 \u00f6l\u00e7\u00fcm sunar.<\/p>\n<p><strong>D\u0131\u015f Mekan Zorlu Ortamlar<\/strong><\/p>\n<p>IP67 korumas\u0131 sayesinde LDJ-P7 tozlu, ya\u011fmurlu veya zorlu d\u0131\u015f mekan ko\u015fullar\u0131nda tutarl\u0131 bir performans sergiler<\/p>\n<hr data-start=\"2286\" data-end=\"2289\" \/>\n<h2 data-start=\"2348\" data-end=\"2407\">Neden LDJ-P7 Lazer ToF Sens\u00f6r\u00fcn\u00fc Se\u00e7melisiniz?<\/h2>\n<p data-start=\"2409\" data-end=\"2795\">Geleneksel optik mesafe sens\u00f6rlerinin aksine LDJ-P7, uzun mesafelerde h\u0131zl\u0131, istikrarl\u0131 ve son derece hassas sonu\u00e7lar sunmak i\u00e7in geli\u015fmi\u015f U\u00e7u\u015f S\u00fcresi teknolojisini kullan\u0131r. \u0130ster end\u00fcstriyel bir lazer mesafe sens\u00f6r\u00fcne, ister AGV'ler i\u00e7in bir mesafe \u00f6l\u00e7\u00fcm mod\u00fcl\u00fcne veya IP67 s\u0131n\u0131f\u0131 bir d\u0131\u015f mekan lazer sens\u00f6r\u00fcne ihtiyac\u0131n\u0131z olsun, LDJ-P7 \u00e7ok y\u00f6nl\u00fc ve uygun maliyetli bir \u00e7\u00f6z\u00fcm sunar.<\/p>\n<p data-start=\"3365\" data-end=\"3480\">","protected":false},"excerpt":{"rendered":"<p>LDJ-P7 Lazer ToF Sens\u00f6r\u00fc, IP67 korumas\u0131 ile 200 m'ye kadar hassas uzun menzilli \u00f6l\u00e7\u00fcm sunarak end\u00fcstriyel otomasyon, \u0130HA navigasyonu, \u00f6l\u00e7\u00fcm ve zorlu d\u0131\u015f ortamlar i\u00e7in idealdir. \u00c7oklu frekans se\u00e7enekleri (3\/10\/20\/30 Hz) ve RS485, RS232 ve USART gibi aray\u00fczlerle \u00e7ok \u00e7e\u015fitli uygulamalarda g\u00fcvenilir performans sa\u011flar.<\/p>","protected":false},"featured_media":5971,"template":"","meta":{"site-sidebar-layout":"default","site-content-layout":"","ast-site-content-layout":"default","site-content-style":"default","site-sidebar-style":"default","ast-global-header-display":"","ast-banner-title-visibility":"","ast-main-header-display":"","ast-hfb-above-header-display":"","ast-hfb-below-header-display":"","ast-hfb-mobile-header-display":"","site-post-title":"","ast-breadcrumbs-content":"","ast-featured-img":"","footer-sml-layout":"","ast-disable-related-posts":"","theme-transparent-header-meta":"default","adv-header-id-meta":"","stick-header-meta":"","header-above-stick-meta":"","header-main-stick-meta":"","header-below-stick-meta":"","astra-migrate-meta-layouts":"set","ast-page-background-enabled":"default","ast-page-background-meta":{"desktop":{"background-color":"var(--ast-global-color-4)","background-image":"","background-repeat":"repeat","background-position":"center center","background-size":"auto","background-attachment":"scroll","background-type":"","background-media":"","overlay-type":"","overlay-color":"","overlay-opacity":"","overlay-gradient":""},"tablet":{"background-color":"","background-image":"","background-repeat":"repeat","background-position":"center center","background-size":"auto","background-attachment":"scroll","background-type":"","background-media":"","overlay-type":"","overlay-color":"","overlay-opacity":"","overlay-gradient":""},"mobile":{"background-color":"","background-image":"","background-repeat":"repeat","background-position":"center center","background-size":"auto","background-attachment":"scroll","background-type":"","background-media":"","overlay-type":"","overlay-color":"","overlay-opacity":"","overlay-gradient":""}},"ast-content-background-meta":{"desktop":{"background-color":"var(--ast-global-color-5)","background-image":"","background-repeat":"repeat","background-position":"center center","background-size":"auto","background-attachment":"scroll","background-type":"","background-media":"","overlay-type":"","overlay-color":"","overlay-opacity":"","overlay-gradient":""},"tablet":{"background-color":"var(--ast-global-color-5)","background-image":"","background-repeat":"repeat","background-position":"center center","background-size":"auto","background-attachment":"scroll","background-type":"","background-media":"","overlay-type":"","overlay-color":"","overlay-opacity":"","overlay-gradient":""},"mobile":{"background-color":"var(--ast-global-color-5)","background-image":"","background-repeat":"repeat","background-position":"center center","background-size":"auto","background-attachment":"scroll","background-type":"","background-media":"","overlay-type":"","overlay-color":"","overlay-opacity":"","overlay-gradient":""}}},"product_brand":[],"product_cat":[33],"product_tag":[],"class_list":{"0":"post-5966","1":"product","2":"type-product","3":"status-publish","4":"has-post-thumbnail","6":"product_cat-industrial-laser-distance-sensors","7":"desktop-align-center","8":"tablet-align-left","9":"mobile-align-left","11":"first","12":"instock","13":"shipping-taxable","14":"product-type-simple"},"_links":{"self":[{"href":"https:\/\/meskernel.net\/tr\/wp-json\/wp\/v2\/product\/5966","targetHints":{"allow":["GET"]}}],"collection":[{"href":"https:\/\/meskernel.net\/tr\/wp-json\/wp\/v2\/product"}],"about":[{"href":"https:\/\/meskernel.net\/tr\/wp-json\/wp\/v2\/types\/product"}],"version-history":[{"count":0,"href":"https:\/\/meskernel.net\/tr\/wp-json\/wp\/v2\/product\/5966\/revisions"}],"wp:featuredmedia":[{"embeddable":true,"href":"https:\/\/meskernel.net\/tr\/wp-json\/wp\/v2\/media\/5971"}],"wp:attachment":[{"href":"https:\/\/meskernel.net\/tr\/wp-json\/wp\/v2\/media?parent=5966"}],"wp:term":[{"taxonomy":"product_brand","embeddable":true,"href":"https:\/\/meskernel.net\/tr\/wp-json\/wp\/v2\/product_brand?post=5966"},{"taxonomy":"product_cat","embeddable":true,"href":"https:\/\/meskernel.net\/tr\/wp-json\/wp\/v2\/product_cat?post=5966"},{"taxonomy":"product_tag","embeddable":true,"href":"https:\/\/meskernel.net\/tr\/wp-json\/wp\/v2\/product_tag?post=5966"}],"curies":[{"name":"wp","href":"https:\/\/api.w.org\/{rel}","templated":true}]}}