{"id":6104,"date":"2025-10-20T09:29:29","date_gmt":"2025-10-20T01:29:29","guid":{"rendered":"https:\/\/meskernel.net\/?post_type=product&#038;p=6104"},"modified":"2025-11-04T10:46:33","modified_gmt":"2025-11-04T02:46:33","slug":"yuksek-frekansli-menzil-sensoru","status":"publish","type":"product","link":"https:\/\/meskernel.net\/tr\/product\/high-frequency-ranging-sensor\/","title":{"rendered":"LDLG-P4 | IP54 Ye\u015fil Lazer I\u015f\u0131nl\u0131 20Hz Y\u00fcksek Frekansl\u0131 Menzil Sens\u00f6r\u00fc"},"content":{"rendered":"<p data-start=\"289\" data-end=\"810\">Meskernel LDLG-P4, zorlu ortamlarda hassas mesafe \u00f6l\u00e7\u00fcm\u00fc i\u00e7in tasarlanm\u0131\u015f end\u00fcstriyel s\u0131n\u0131f bir Y\u00fcksek Frekansl\u0131 Menzil Sens\u00f6r\u00fcd\u00fcr.<br data-start=\"444\" data-end=\"447\" \/>LDL40 serisinin kan\u0131tlanm\u0131\u015f iToF (Dolayl\u0131 U\u00e7u\u015f S\u00fcresi) teknolojisi \u00fczerine in\u015fa edilen LDLG-P4, ye\u015fil lazer \u0131\u015f\u0131n\u0131, dayan\u0131kl\u0131 IP54 korumal\u0131 al\u00fcminyum g\u00f6vde ve 100 Hz y\u00fcksek h\u0131zl\u0131 \u00f6l\u00e7\u00fcm oran\u0131n\u0131 bir araya getirir.<br data-start=\"671\" data-end=\"674\" \/>G\u00fc\u00e7l\u00fc ortam \u0131\u015f\u0131\u011f\u0131, titre\u015fim veya tozlu end\u00fcstriyel ko\u015fullar alt\u0131nda bile h\u0131zl\u0131, istikrarl\u0131 ve do\u011fru mesafe okumalar\u0131 sa\u011flar.<\/p>\n<p data-start=\"812\" data-end=\"1022\">Farkl\u0131 uygulama ihtiya\u00e7lar\u0131n\u0131 kar\u015f\u0131lamak i\u00e7in, Y\u00fcksek Frekansl\u0131 \u00d6l\u00e7\u00fcm Sens\u00f6r\u00fc serisinin 40 m, 60 m ve 100 m olmak \u00fczere birden fazla \u00f6l\u00e7\u00fcm versiyonu mevcuttur ve bunlar\u0131n t\u00fcm\u00fc tutarl\u0131 \u00f6l\u00e7\u00fcm hassasiyeti ve sinyal kararl\u0131l\u0131\u011f\u0131n\u0131 korur.<\/p>\n<hr data-start=\"1024\" data-end=\"1027\" \/>\n<h3 data-start=\"1029\" data-end=\"1049\"><strong data-start=\"1033\" data-end=\"1049\">Temel \u00d6zellikler<\/strong><\/h3>\n<ul data-start=\"1050\" data-end=\"1725\">\n<li data-start=\"1050\" data-end=\"1161\">\n<p data-start=\"1052\" data-end=\"1161\"><strong data-start=\"1052\" data-end=\"1083\">Y\u00fcksek Frekans \u00d6l\u00e7\u00fcm\u00fc:<\/strong> Ger\u00e7ek zamanl\u0131 ve dinamik uygulamalar i\u00e7in 100 Hz'e kadar s\u00fcrekli aral\u0131k.<\/p>\n<\/li>\n<li data-start=\"1162\" data-end=\"1261\">\n<p data-start=\"1164\" data-end=\"1261\"><strong data-start=\"1164\" data-end=\"1195\">Se\u00e7ilebilir \u00d6l\u00e7\u00fcm Aral\u0131\u011f\u0131:<\/strong> Esnek da\u011f\u0131t\u0131m i\u00e7in 40 m \/ 60 m \/ 100 m versiyonlar\u0131 mevcuttur.<\/p>\n<\/li>\n<li data-start=\"1262\" data-end=\"1372\">\n<p data-start=\"1264\" data-end=\"1372\"><strong data-start=\"1264\" data-end=\"1298\">Ye\u015fil Lazer I\u015f\u0131n\u0131 (\u03bb = 520 nm):<\/strong> Farkl\u0131 y\u00fczeyler ve malzemeler \u00fczerinde daha iyi g\u00f6r\u00fcn\u00fcrl\u00fck ve yans\u0131tma.<\/p>\n<\/li>\n<li data-start=\"1373\" data-end=\"1465\">\n<p data-start=\"1375\" data-end=\"1465\"><strong data-start=\"1375\" data-end=\"1398\">IP54 S\u0131n\u0131f\u0131 Muhafaza:<\/strong> \u0130\u00e7 veya d\u0131\u015f mekanlarda end\u00fcstriyel kullan\u0131m i\u00e7in toza ve s\u0131\u00e7ramaya dayan\u0131kl\u0131d\u0131r.<\/p>\n<\/li>\n<li data-start=\"1466\" data-end=\"1563\">\n<p data-start=\"1468\" data-end=\"1563\"><strong data-start=\"1468\" data-end=\"1492\">Kompakt Entegrasyon:<\/strong> 58,00 \u00d7 42,20 \u00d7 17,40 mm al\u00fcminyum g\u00f6vde OEM sistemlerine kolayca uyar.<\/p>\n<\/li>\n<li data-start=\"1564\" data-end=\"1628\">\n<p data-start=\"1566\" data-end=\"1628\"><strong data-start=\"1566\" data-end=\"1584\">Y\u00fcksek Do\u011fruluk:<\/strong> \u00b1 (3 mm + D \u00d7 1\/10 000) tipik hassasiyet.<\/p>\n<\/li>\n<li data-start=\"1629\" data-end=\"1725\">\n<p data-start=\"1631\" data-end=\"1725\"><strong data-start=\"1631\" data-end=\"1670\">D\u00fc\u015f\u00fck G\u00fc\u00e7 ve G\u00fcvenilir \u0130leti\u015fim:<\/strong> UART\/RS485 aray\u00fcz se\u00e7enekleri ile 3,3 V'da &lt;100 mA.<\/p>\n<\/li>\n<\/ul>\n<hr data-start=\"1727\" data-end=\"1730\" \/>\n<h3 data-start=\"1732\" data-end=\"1764\"><strong data-start=\"1736\" data-end=\"1764\">Teknik \u00d6zellikler<\/strong><\/h3>\n<div class=\"_tableContainer_1rjym_1\">\n<div class=\"group _tableWrapper_1rjym_13 flex w-fit flex-col-reverse\" tabindex=\"-1\">\n<table class=\"w-fit min-w-(--thread-content-width)\" data-start=\"1766\" data-end=\"2820\">\n<thead data-start=\"1766\" data-end=\"1798\">\n<tr data-start=\"1766\" data-end=\"1798\">\n<th data-start=\"1766\" data-end=\"1777\" data-col-size=\"sm\"><strong data-start=\"1768\" data-end=\"1776\">\u00d6\u011fe<\/strong><\/th>\n<th data-start=\"1777\" data-end=\"1798\" data-col-size=\"md\"><strong data-start=\"1779\" data-end=\"1796\">\u015eartname<\/strong><\/th>\n<\/tr>\n<\/thead>\n<tbody data-start=\"1833\" data-end=\"2820\">\n<tr data-start=\"1833\" data-end=\"1908\">\n<td data-start=\"1833\" data-end=\"1861\" data-col-size=\"sm\"><strong data-start=\"1835\" data-end=\"1860\">\u00d6l\u00e7\u00fcm Prensibi<\/strong><\/td>\n<td data-col-size=\"md\" data-start=\"1861\" data-end=\"1908\">iToF (Dolayl\u0131 U\u00e7u\u015f S\u00fcresi, faz tabanl\u0131)<\/td>\n<\/tr>\n<tr data-start=\"1909\" data-end=\"1991\">\n<td data-start=\"1909\" data-end=\"1939\" data-col-size=\"sm\"><strong data-start=\"1911\" data-end=\"1938\">\u00d6l\u00e7\u00fcm Aral\u0131\u011f\u0131 Se\u00e7enekleri<\/strong><\/td>\n<td data-col-size=\"md\" data-start=\"1939\" data-end=\"1991\">0,03 m - 40 m \/ 60 m \/ 100 m (se\u00e7ilebilir modeller)<\/td>\n<\/tr>\n<tr data-start=\"1992\" data-end=\"2033\">\n<td data-start=\"1992\" data-end=\"2007\" data-col-size=\"sm\"><strong data-start=\"1994\" data-end=\"2006\">Do\u011fruluk<\/strong><\/td>\n<td data-start=\"2007\" data-end=\"2033\" data-col-size=\"md\">\u00b1 (3 mm + D \u00d7 1\/10 000)<\/td>\n<\/tr>\n<tr data-start=\"2034\" data-end=\"2059\">\n<td data-start=\"2034\" data-end=\"2051\" data-col-size=\"sm\"><strong data-start=\"2036\" data-end=\"2050\">\u00c7\u00f6z\u00fcn\u00fcrl\u00fck<\/strong><\/td>\n<td data-col-size=\"md\" data-start=\"2051\" data-end=\"2059\">1 mm<\/td>\n<\/tr>\n<tr data-start=\"2060\" data-end=\"2109\">\n<td data-start=\"2060\" data-end=\"2088\" data-col-size=\"sm\"><strong data-start=\"2062\" data-end=\"2087\">\u00d6l\u00e7\u00fcm Frekans\u0131<\/strong><\/td>\n<td data-col-size=\"md\" data-start=\"2088\" data-end=\"2109\">100 Hz s\u00fcrekli<\/td>\n<\/tr>\n<tr data-start=\"2110\" data-end=\"2151\">\n<td data-start=\"2110\" data-end=\"2127\" data-col-size=\"sm\"><strong data-start=\"2112\" data-end=\"2126\">Lazer Tipi<\/strong><\/td>\n<td data-col-size=\"md\" data-start=\"2127\" data-end=\"2151\">S\u0131n\u0131f II Ye\u015fil Lazer<\/td>\n<\/tr>\n<tr data-start=\"2152\" data-end=\"2185\">\n<td data-start=\"2152\" data-end=\"2175\" data-col-size=\"sm\"><strong data-start=\"2154\" data-end=\"2174\">Lazer Dalga Boyu<\/strong><\/td>\n<td data-col-size=\"md\" data-start=\"2175\" data-end=\"2185\">520 nm<\/td>\n<\/tr>\n<tr data-start=\"2186\" data-end=\"2214\">\n<td data-start=\"2186\" data-end=\"2204\" data-col-size=\"sm\"><strong data-start=\"2188\" data-end=\"2203\">Lazer G\u00fcc\u00fc<\/strong><\/td>\n<td data-col-size=\"md\" data-start=\"2204\" data-end=\"2214\">&lt; 1 mW<\/td>\n<\/tr>\n<tr data-start=\"2215\" data-end=\"2252\">\n<td data-start=\"2215\" data-end=\"2235\" data-col-size=\"sm\"><strong data-start=\"2217\" data-end=\"2234\">Nokta \u00c7ap\u0131<\/strong><\/td>\n<td data-col-size=\"md\" data-start=\"2235\" data-end=\"2252\">&lt; 8 mm @ 10 m<\/td>\n<\/tr>\n<tr data-start=\"2253\" data-end=\"2308\">\n<td data-start=\"2253\" data-end=\"2277\" data-col-size=\"sm\"><strong data-start=\"2255\" data-end=\"2276\">\u00c7al\u0131\u015fma Gerilimi<\/strong><\/td>\n<td data-col-size=\"md\" data-start=\"2277\" data-end=\"2308\">DC 2,5 - 3,6 V (tip. 3,3 V)<\/td>\n<\/tr>\n<tr data-start=\"2309\" data-end=\"2353\">\n<td data-start=\"2309\" data-end=\"2333\" data-col-size=\"sm\"><strong data-start=\"2311\" data-end=\"2332\">\u0130\u015fletim Ak\u0131m\u0131<\/strong><\/td>\n<td data-col-size=\"md\" data-start=\"2333\" data-end=\"2353\">&lt; 100 mA @ 3,3 V<\/td>\n<\/tr>\n<tr data-start=\"2354\" data-end=\"2407\">\n<td data-start=\"2354\" data-end=\"2370\" data-col-size=\"sm\"><strong data-start=\"2356\" data-end=\"2369\">Aray\u00fcz<\/strong><\/td>\n<td data-col-size=\"md\" data-start=\"2370\" data-end=\"2407\">UART (TTL 3,3 V) \/ RS485 iste\u011fe ba\u011fl\u0131<\/td>\n<\/tr>\n<tr data-start=\"2408\" data-end=\"2462\">\n<td data-start=\"2408\" data-end=\"2424\" data-col-size=\"sm\"><strong data-start=\"2410\" data-end=\"2423\">Baud H\u0131z\u0131<\/strong><\/td>\n<td data-col-size=\"md\" data-start=\"2424\" data-end=\"2462\">9600 - 115200 bps (varsay\u0131lan 115200)<\/td>\n<\/tr>\n<tr data-start=\"2463\" data-end=\"2537\">\n<td data-start=\"2463\" data-end=\"2491\" data-col-size=\"sm\"><strong data-start=\"2465\" data-end=\"2490\">\u00c7al\u0131\u015fma S\u0131cakl\u0131\u011f\u0131<\/strong><\/td>\n<td data-col-size=\"md\" data-start=\"2491\" data-end=\"2537\">0 \u00b0C - 40 \u00b0C (\u00f6zelle\u015ftirilebilir -25 \u00b0C - 60 \u00b0C)<\/td>\n<\/tr>\n<tr data-start=\"2538\" data-end=\"2582\">\n<td data-start=\"2538\" data-end=\"2564\" data-col-size=\"sm\"><strong data-start=\"2540\" data-end=\"2563\">Depolama S\u0131cakl\u0131\u011f\u0131<\/strong><\/td>\n<td data-col-size=\"md\" data-start=\"2564\" data-end=\"2582\">-25 \u00b0C - 60 \u00b0C<\/td>\n<\/tr>\n<tr data-start=\"2583\" data-end=\"2614\">\n<td data-start=\"2583\" data-end=\"2606\" data-col-size=\"sm\"><strong data-start=\"2585\" data-end=\"2605\">Koruma Seviyesi<\/strong><\/td>\n<td data-col-size=\"md\" data-start=\"2606\" data-end=\"2614\">IP54<\/td>\n<\/tr>\n<tr data-start=\"2615\" data-end=\"2682\">\n<td data-start=\"2615\" data-end=\"2638\" data-col-size=\"sm\"><strong data-start=\"2617\" data-end=\"2637\">Muhafaza Malzemesi<\/strong><\/td>\n<td data-col-size=\"md\" data-start=\"2638\" data-end=\"2682\">Optik cam pencereli al\u00fcminyum ala\u015f\u0131m<\/td>\n<\/tr>\n<tr data-start=\"2683\" data-end=\"2728\">\n<td data-start=\"2683\" data-end=\"2700\" data-col-size=\"sm\"><strong data-start=\"2685\" data-end=\"2699\">Boyutlar<\/strong><\/td>\n<td data-col-size=\"md\" data-start=\"2700\" data-end=\"2728\">58,00 \u00d7 42,20 \u00d7 17,40 mm<\/td>\n<\/tr>\n<tr data-start=\"2729\" data-end=\"2758\">\n<td data-start=\"2729\" data-end=\"2742\" data-col-size=\"sm\"><strong data-start=\"2731\" data-end=\"2741\">A\u011f\u0131rl\u0131k<\/strong><\/td>\n<td data-col-size=\"md\" data-start=\"2742\" data-end=\"2758\">Yakla\u015f\u0131k 50 g<\/td>\n<\/tr>\n<tr data-start=\"2759\" data-end=\"2820\">\n<td data-start=\"2759\" data-end=\"2774\" data-col-size=\"sm\"><strong data-start=\"2761\" data-end=\"2773\">Montaj<\/strong><\/td>\n<td data-col-size=\"md\" data-start=\"2774\" data-end=\"2820\">M3 vida delikleri \/ yap\u0131\u015fkan \/ \u00f6zel fikst\u00fcr<\/td>\n<\/tr>\n<\/tbody>\n<\/table>\n<\/div>\n<\/div>\n<hr data-start=\"2822\" data-end=\"2825\" \/>\n<h3 data-start=\"2827\" data-end=\"2863\"><strong data-start=\"2831\" data-end=\"2863\">Y\u00fcksek Frekansl\u0131 Menzil Sens\u00f6r\u00fcn\u00fcn Avantajlar\u0131<\/strong><\/h3>\n<div class=\"_tableContainer_1rjym_1\">\n<div class=\"group _tableWrapper_1rjym_13 flex w-fit flex-col-reverse\" tabindex=\"-1\">\n<table class=\"w-fit min-w-(--thread-content-width)\" data-start=\"2865\" data-end=\"3365\">\n<thead data-start=\"2865\" data-end=\"2906\">\n<tr data-start=\"2865\" data-end=\"2906\">\n<th data-start=\"2865\" data-end=\"2879\" data-col-size=\"sm\"><strong data-start=\"2867\" data-end=\"2878\">\u00d6zellik<\/strong><\/th>\n<th data-start=\"2879\" data-end=\"2891\" data-col-size=\"sm\"><strong data-start=\"2881\" data-end=\"2890\">LDL40<\/strong><\/th>\n<th data-start=\"2891\" data-end=\"2906\" data-col-size=\"sm\"><strong data-start=\"2893\" data-end=\"2904\">LDLG-P4<\/strong><\/th>\n<\/tr>\n<\/thead>\n<tbody data-start=\"2952\" data-end=\"3365\">\n<tr data-start=\"2952\" data-end=\"3011\">\n<td data-start=\"2952\" data-end=\"2970\" data-col-size=\"sm\"><strong data-start=\"2954\" data-end=\"2969\">Lazer Renkli<\/strong><\/td>\n<td data-col-size=\"sm\" data-start=\"2970\" data-end=\"2989\">K\u0131rm\u0131z\u0131 (610-690 nm)<\/td>\n<td data-col-size=\"sm\" data-start=\"2989\" data-end=\"3011\"><strong data-start=\"2991\" data-end=\"3009\">Ye\u015fil (520 nm)<\/strong><\/td>\n<\/tr>\n<tr data-start=\"3012\" data-end=\"3067\">\n<td data-start=\"3012\" data-end=\"3028\" data-col-size=\"sm\"><strong data-start=\"3014\" data-end=\"3027\">Frekans<\/strong><\/td>\n<td data-col-size=\"sm\" data-start=\"3028\" data-end=\"3038\">3-20 Hz<\/td>\n<td data-col-size=\"sm\" data-start=\"3038\" data-end=\"3067\"><strong data-start=\"3040\" data-end=\"3065\">100 Hz Y\u00fcksek Frekans<\/strong><\/td>\n<\/tr>\n<tr data-start=\"3068\" data-end=\"3138\">\n<td data-start=\"3068\" data-end=\"3091\" data-col-size=\"sm\"><strong data-start=\"3070\" data-end=\"3090\">Menzil Mesafesi<\/strong><\/td>\n<td data-col-size=\"sm\" data-start=\"3091\" data-end=\"3104\">40 m'ye kadar<\/td>\n<td data-col-size=\"sm\" data-start=\"3104\" data-end=\"3138\"><strong data-start=\"3106\" data-end=\"3136\">40 m \/ 60 m \/ 100 m modelleri<\/strong><\/td>\n<\/tr>\n<tr data-start=\"3139\" data-end=\"3202\">\n<td data-start=\"3139\" data-end=\"3155\" data-col-size=\"sm\"><strong data-start=\"3141\" data-end=\"3154\">Muhafaza<\/strong><\/td>\n<td data-col-size=\"sm\" data-start=\"3155\" data-end=\"3173\">\u00c7\u0131plak PCB mod\u00fcl\u00fc<\/td>\n<td data-col-size=\"sm\" data-start=\"3173\" data-end=\"3202\"><strong data-start=\"3175\" data-end=\"3200\">IP54 al\u00fcminyum g\u00f6vde<\/strong><\/td>\n<\/tr>\n<tr data-start=\"3203\" data-end=\"3282\">\n<td data-start=\"3203\" data-end=\"3218\" data-col-size=\"sm\"><strong data-start=\"3205\" data-end=\"3217\">Kullan\u0131m \u00d6rne\u011fi<\/strong><\/td>\n<td data-start=\"3218\" data-end=\"3241\" data-col-size=\"sm\">\u0130\u00e7 mekan \/ laboratuvar testleri<\/td>\n<td data-col-size=\"sm\" data-start=\"3241\" data-end=\"3282\"><strong data-start=\"3243\" data-end=\"3280\">End\u00fcstriyel \/ d\u0131\u015f mekan uygulamalar\u0131<\/strong><\/td>\n<\/tr>\n<tr data-start=\"3283\" data-end=\"3365\">\n<td data-start=\"3283\" data-end=\"3300\" data-col-size=\"sm\"><strong data-start=\"3285\" data-end=\"3299\">G\u00f6r\u00fcn\u00fcrl\u00fck<\/strong><\/td>\n<td data-start=\"3300\" data-end=\"3325\" data-col-size=\"sm\">G\u00fcne\u015f \u0131\u015f\u0131\u011f\u0131 alt\u0131nda s\u0131n\u0131rl\u0131<\/td>\n<td data-col-size=\"sm\" data-start=\"3325\" data-end=\"3365\"><strong data-start=\"3327\" data-end=\"3363\">Ayd\u0131nl\u0131k ortamlarda m\u00fckemmel<\/strong><\/td>\n<\/tr>\n<\/tbody>\n<\/table>\n<\/div>\n<\/div>\n<hr data-start=\"3367\" data-end=\"3370\" \/>\n<h3 data-start=\"3372\" data-end=\"3400\"><img data-dominant-color=\"bbc1be\" data-has-transparency=\"false\" style=\"--dominant-color: #bbc1be;\" fetchpriority=\"high\" decoding=\"async\" class=\"alignleft wp-image-3992 size-full not-transparent\" src=\"https:\/\/meskernel.net\/wp-content\/uploads\/2025\/03\/laser-distance-sensor-1.jpg\" alt=\"lazer mesafe sens\u00f6r\u00fc\" width=\"1695\" height=\"340\" srcset=\"https:\/\/meskernel.net\/wp-content\/uploads\/2025\/03\/laser-distance-sensor-1.jpg 1695w, https:\/\/meskernel.net\/wp-content\/uploads\/2025\/03\/laser-distance-sensor-1-300x60.jpg 300w, https:\/\/meskernel.net\/wp-content\/uploads\/2025\/03\/laser-distance-sensor-1-1024x205.jpg 1024w, https:\/\/meskernel.net\/wp-content\/uploads\/2025\/03\/laser-distance-sensor-1-768x154.jpg 768w, https:\/\/meskernel.net\/wp-content\/uploads\/2025\/03\/laser-distance-sensor-1-1536x308.jpg 1536w, https:\/\/meskernel.net\/wp-content\/uploads\/2025\/03\/laser-distance-sensor-1-400x80.jpg 400w\" sizes=\"(max-width: 1695px) 100vw, 1695px\" \/><strong data-start=\"3376\" data-end=\"3400\">Tipik Uygulamalar<\/strong><\/h3>\n<ul data-start=\"3401\" data-end=\"3788\">\n<li data-start=\"3401\" data-end=\"3481\">\n<p data-start=\"3403\" data-end=\"3481\"><strong data-start=\"3403\" data-end=\"3446\">End\u00fcstriyel otomasyon ve s\u00fcre\u00e7 kontrol\u00fc<\/strong> h\u0131zl\u0131 yan\u0131t geri bildirimi gerektiren<\/p>\n<\/li>\n<li data-start=\"3482\" data-end=\"3563\">\n<p data-start=\"3484\" data-end=\"3563\"><strong data-start=\"3484\" data-end=\"3515\">Robotik ve hareket kontrol\u00fc<\/strong> - kollar ve portallar i\u00e7in ger\u00e7ek zamanl\u0131 konumland\u0131rma<\/p>\n<\/li>\n<li data-start=\"3564\" data-end=\"3638\">\n<p data-start=\"3566\" data-end=\"3638\"><strong data-start=\"3566\" data-end=\"3600\">Tank ve silo seviyesi izleme<\/strong> tozlu veya yans\u0131t\u0131c\u0131 ortamlarda<\/p>\n<\/li>\n<li data-start=\"3639\" data-end=\"3709\">\n<p data-start=\"3641\" data-end=\"3709\"><strong data-start=\"3641\" data-end=\"3665\">\u0130HA \/ AGV navigasyonu<\/strong>, \u00e7arp\u0131\u015fma alg\u0131lama ve arazi haritalama<\/p>\n<\/li>\n<li data-start=\"3710\" data-end=\"3788\">\n<p data-start=\"3712\" data-end=\"3788\"><strong data-start=\"3712\" data-end=\"3742\">\u0130n\u015faat ve \u00f6l\u00e7me<\/strong> uzun menzilli hassasiyet gerektiren uygulamalar<\/p>\n<\/li>\n<\/ul>\n<hr data-start=\"3790\" data-end=\"3793\" \/>\n<h3 data-start=\"3795\" data-end=\"3845\"><strong data-start=\"3799\" data-end=\"3845\">Neden Y\u00fcksek Frekansl\u0131 \u00d6l\u00e7\u00fcm Sens\u00f6r\u00fc Se\u00e7melisiniz?<\/strong><\/h3>\n<p data-start=\"3846\" data-end=\"4235\">Geleneksel d\u00fc\u015f\u00fck frekansl\u0131 mod\u00fcllerin aksine, LDLG-P4 <a href=\"https:\/\/www.youtube.com\/@Meskernelnet\/videos\" target=\"_blank\" rel=\"noopener\">Y\u00fcksek Frekansl\u0131 Menzil Sens\u00f6r\u00fc<\/a> s\u00fcrekli mesafe verilerini 100 Hz'e kadar yakalayarak dinamik senaryolarda hareket izleme do\u011frulu\u011funu ve y\u00fczey alg\u0131lamay\u0131 \u00f6nemli \u00f6l\u00e7\u00fcde geli\u015ftirir.<br data-start=\"4081\" data-end=\"4084\" \/>Ye\u015fil lazeri y\u00fczey tepkisini geli\u015ftirirken, IP54 s\u0131n\u0131f\u0131 muhafazas\u0131 end\u00fcstriyel ve yar\u0131 a\u00e7\u0131k hava ko\u015fullar\u0131nda tutarl\u0131 \u00e7al\u0131\u015fma sa\u011flar.<\/p>\n<p data-start=\"3846\" data-end=\"4235\"><img data-dominant-color=\"b2aead\" data-has-transparency=\"false\" style=\"--dominant-color: #b2aead;\" decoding=\"async\" class=\"alignleft wp-image-4222 size-full not-transparent\" src=\"https:\/\/meskernel.net\/wp-content\/uploads\/2025\/04\/Industrial-Applications.webp\" alt=\"\" width=\"719\" height=\"292\" srcset=\"https:\/\/meskernel.net\/wp-content\/uploads\/2025\/04\/Industrial-Applications.webp 719w, https:\/\/meskernel.net\/wp-content\/uploads\/2025\/04\/Industrial-Applications-300x122.webp 300w, https:\/\/meskernel.net\/wp-content\/uploads\/2025\/04\/Industrial-Applications-400x162.webp 400w\" sizes=\"(max-width: 719px) 100vw, 719px\" \/><\/p>\n<hr data-start=\"4237\" data-end=\"4240\" \/>\n<h3 data-start=\"4242\" data-end=\"4254\"><strong data-start=\"4246\" data-end=\"4254\">SSS<\/strong><\/h3>\n<p data-start=\"4256\" data-end=\"4466\"><strong data-start=\"4256\" data-end=\"4316\">S1: Y\u00fcksek frekans aral\u0131kl\u0131 sens\u00f6r i\u00e7in mevcut \u00f6l\u00e7\u00fcm aral\u0131klar\u0131 nelerdir?<\/strong><br data-start=\"4316\" data-end=\"4319\" \/>C: LDLG-P4'\u00fcn 40 m, 60 m ve 100 m versiyonlar\u0131 mevcuttur ve hepsi ayn\u0131 y\u00fcksek frekans (100 Hz) performans\u0131n\u0131 ve hassasiyetini sunar.<\/p>\n<p data-start=\"4468\" data-end=\"4678\"><strong data-start=\"4468\" data-end=\"4533\">S2: Ye\u015fil lazerin k\u0131rm\u0131z\u0131ya k\u0131yasla avantajlar\u0131 nelerdir?<\/strong><br data-start=\"4533\" data-end=\"4536\" \/>C: Ye\u015fil lazerler (520 nm) daha y\u00fcksek g\u00f6r\u00fcn\u00fcrl\u00fc\u011fe ve yans\u0131t\u0131c\u0131l\u0131\u011fa sahiptir ve farkl\u0131 malzemeler ve ayd\u0131nlatma ko\u015fullar\u0131nda daha iyi do\u011fruluk sa\u011flar.<\/p>\n<p data-start=\"4680\" data-end=\"4841\"><strong data-start=\"4680\" data-end=\"4721\">S3: LDLG-P4 a\u00e7\u0131k havada kullan\u0131labilir mi?<\/strong><br data-start=\"4721\" data-end=\"4724\" \/>C: Evet. IP54 muhafazas\u0131 toza ve su s\u0131\u00e7ramalar\u0131na kar\u015f\u0131 koruma sa\u011flayarak d\u0131\u015f mekan veya end\u00fcstriyel ortamlar i\u00e7in uygun hale getirir.<\/p>\n<p data-start=\"4843\" data-end=\"5000\"><strong data-start=\"4843\" data-end=\"4895\">S4: Hangi ileti\u015fim aray\u00fczleri mevcut?<\/strong><br data-start=\"4895\" data-end=\"4898\" \/>C: Sens\u00f6r, uzun mesafeli end\u00fcstriyel ileti\u015fim i\u00e7in UART (TTL 3,3 V) ve iste\u011fe ba\u011fl\u0131 RS485'i destekler.<\/p>\n<p data-start=\"5002\" data-end=\"5171\"><strong data-start=\"5002\" data-end=\"5060\">S5: LDL40 yaz\u0131l\u0131m\u0131 ve protokol\u00fc ile uyumlu mu?<\/strong><br data-start=\"5060\" data-end=\"5063\" \/>C: Evet. Ayn\u0131 ileti\u015fim protokol\u00fcn\u00fc kullan\u0131r ve LDL40 serisinden kolay entegrasyon veya y\u00fckseltme sa\u011flar.<\/p>\n<hr data-start=\"5173\" data-end=\"5176\" \/>\n<h3 data-start=\"5178\" data-end=\"5202\"><strong data-start=\"5182\" data-end=\"5202\">\u0130lgili \u00dcr\u00fcnler<\/strong><\/h3>\n<ul data-start=\"5203\" data-end=\"5542\">\n<li data-start=\"5203\" data-end=\"5304\">\n<p data-start=\"5205\" data-end=\"5304\"><a class=\"decorated-link cursor-pointer\" href=\"https:\/\/meskernel.net\/tr\/product\/10m-lazer-mesafe-sensoru\/\" target=\"_new\" rel=\"noopener\" data-start=\"5205\" data-end=\"5302\">LDL Kompakt Mesafe Sens\u00f6r\u00fc Mod\u00fcl\u00fc<\/a><\/p>\n<\/li>\n<li data-start=\"5305\" data-end=\"5419\">\n<p data-start=\"5307\" data-end=\"5419\"><a class=\"decorated-link cursor-pointer\" href=\"https:\/\/meskernel.net\/tr\/uzun-mesafe-lazer-menzil-sensorleri\/\" target=\"_new\" rel=\"noopener\" data-start=\"5307\" data-end=\"5417\">Uzun Menzilli RS485 Lazer Mesafe Sens\u00f6r\u00fc<\/a><\/p>\n<\/li>\n<li data-start=\"5420\" data-end=\"5542\">\n<p data-start=\"5422\" data-end=\"5542\"><a class=\"decorated-link cursor-pointer\" href=\"https:\/\/meskernel.net\/tr\/product\/1mm-lazer-mesafe-sensoru-modulu\/\" target=\"_new\" rel=\"noopener\" data-start=\"5422\" data-end=\"5542\">Tank Seviye \u00d6l\u00e7\u00fcm\u00fc i\u00e7in Dijital \u00c7\u0131k\u0131\u015f Sens\u00f6rleri<\/a><\/p>\n<\/li>\n<\/ul>","protected":false},"excerpt":{"rendered":"<p>Meskernel LDLG-P4 Y\u00fcksek Frekansl\u0131 Menzil Sens\u00f6r\u00fc, end\u00fcstriyel ve d\u0131\u015f ortamlarda g\u00fcvenilir performans i\u00e7in 100 Hz h\u0131zl\u0131 \u00f6l\u00e7\u00fcm, ye\u015fil lazer hassasiyeti ve IP54 korumal\u0131 muhafazay\u0131 bir araya getirir. Milimetre d\u00fczeyinde hassasiyet ve 100 m menzile sahip bu kompakt iToF tabanl\u0131 sens\u00f6r otomasyon, robotik ve ger\u00e7ek zamanl\u0131 mesafe alg\u0131lama uygulamalar\u0131 i\u00e7in idealdir.<\/p>","protected":false},"featured_media":6105,"template":"","meta":{"site-sidebar-layout":"default","site-content-layout":"","ast-site-content-layout":"default","site-content-style":"default","site-sidebar-style":"default","ast-global-header-display":"","ast-banner-title-visibility":"","ast-main-header-display":"","ast-hfb-above-header-display":"","ast-hfb-below-header-display":"","ast-hfb-mobile-header-display":"","site-post-title":"","ast-breadcrumbs-content":"","ast-featured-img":"","footer-sml-layout":"","ast-disable-related-posts":"","theme-transparent-header-meta":"default","adv-header-id-meta":"","stick-header-meta":"","header-above-stick-meta":"","header-main-stick-meta":"","header-below-stick-meta":"","astra-migrate-meta-layouts":"set","ast-page-background-enabled":"default","ast-page-background-meta":{"desktop":{"background-color":"var(--ast-global-color-4)","background-image":"","background-repeat":"repeat","background-position":"center center","background-size":"auto","background-attachment":"scroll","background-type":"","background-media":"","overlay-type":"","overlay-color":"","overlay-opacity":"","overlay-gradient":""},"tablet":{"background-color":"","background-image":"","background-repeat":"repeat","background-position":"center center","background-size":"auto","background-attachment":"scroll","background-type":"","background-media":"","overlay-type":"","overlay-color":"","overlay-opacity":"","overlay-gradient":""},"mobile":{"background-color":"","background-image":"","background-repeat":"repeat","background-position":"center center","background-size":"auto","background-attachment":"scroll","background-type":"","background-media":"","overlay-type":"","overlay-color":"","overlay-opacity":"","overlay-gradient":""}},"ast-content-background-meta":{"desktop":{"background-color":"var(--ast-global-color-5)","background-image":"","background-repeat":"repeat","background-position":"center center","background-size":"auto","background-attachment":"scroll","background-type":"","background-media":"","overlay-type":"","overlay-color":"","overlay-opacity":"","overlay-gradient":""},"tablet":{"background-color":"var(--ast-global-color-5)","background-image":"","background-repeat":"repeat","background-position":"center center","background-size":"auto","background-attachment":"scroll","background-type":"","background-media":"","overlay-type":"","overlay-color":"","overlay-opacity":"","overlay-gradient":""},"mobile":{"background-color":"var(--ast-global-color-5)","background-image":"","background-repeat":"repeat","background-position":"center center","background-size":"auto","background-attachment":"scroll","background-type":"","background-media":"","overlay-type":"","overlay-color":"","overlay-opacity":"","overlay-gradient":""}}},"product_brand":[],"product_cat":[33],"product_tag":[],"class_list":{"0":"post-6104","1":"product","2":"type-product","3":"status-publish","4":"has-post-thumbnail","6":"product_cat-industrial-laser-distance-sensors","7":"desktop-align-center","8":"tablet-align-left","9":"mobile-align-left","11":"first","12":"instock","13":"shipping-taxable","14":"product-type-simple"},"_links":{"self":[{"href":"https:\/\/meskernel.net\/tr\/wp-json\/wp\/v2\/product\/6104","targetHints":{"allow":["GET"]}}],"collection":[{"href":"https:\/\/meskernel.net\/tr\/wp-json\/wp\/v2\/product"}],"about":[{"href":"https:\/\/meskernel.net\/tr\/wp-json\/wp\/v2\/types\/product"}],"version-history":[{"count":0,"href":"https:\/\/meskernel.net\/tr\/wp-json\/wp\/v2\/product\/6104\/revisions"}],"wp:featuredmedia":[{"embeddable":true,"href":"https:\/\/meskernel.net\/tr\/wp-json\/wp\/v2\/media\/6105"}],"wp:attachment":[{"href":"https:\/\/meskernel.net\/tr\/wp-json\/wp\/v2\/media?parent=6104"}],"wp:term":[{"taxonomy":"product_brand","embeddable":true,"href":"https:\/\/meskernel.net\/tr\/wp-json\/wp\/v2\/product_brand?post=6104"},{"taxonomy":"product_cat","embeddable":true,"href":"https:\/\/meskernel.net\/tr\/wp-json\/wp\/v2\/product_cat?post=6104"},{"taxonomy":"product_tag","embeddable":true,"href":"https:\/\/meskernel.net\/tr\/wp-json\/wp\/v2\/product_tag?post=6104"}],"curies":[{"name":"wp","href":"https:\/\/api.w.org\/{rel}","templated":true}]}}