{"id":6180,"date":"2025-11-04T10:57:48","date_gmt":"2025-11-04T02:57:48","guid":{"rendered":"https:\/\/meskernel.net\/?post_type=product&#038;p=6180"},"modified":"2025-11-04T11:12:25","modified_gmt":"2025-11-04T03:12:25","slug":"laser-range-finder-sensor","status":"publish","type":"product","link":"https:\/\/meskernel.net\/tr\/product\/laser-range-finder-sensor\/","title":{"rendered":"Dinamik Hedef Takibi i\u00e7in 100Hz Y\u00fcksek H\u0131zl\u0131 K\u0131rm\u0131z\u0131 Lazer Mesafe Bulucu Sens\u00f6r"},"content":{"rendered":"<p class=\"\" data-start=\"286\" data-end=\"640\">The 100Hz High-Speed Red Laser Range Finder Sensor Module is a high-precision optical sensor designed for industrial automation and demanding outdoor applications. With a compact design and 1mm accuracy over distances up to 80 meters, this module is ideal for integration into systems where space-saving and precise measurement are critical.<\/p>\n<p class=\"\" data-start=\"642\" data-end=\"861\">Engineered to perform reliably even under strong sunlight, the Laser Range Finder Sensor excels in low reflectivity or weak signal environments, making it a trusted solution for real-world, challenging measurement scenarios.<\/p>\n<p class=\"\" data-start=\"863\" data-end=\"1263\">Built on advanced optical sensing technology, the Laser Range Finder Sensor supports both digital and analog output, with versatile jack compatibility including CAN, SPI, I\u00b2C, UART, TTL, RS232, RS485, and analog interfaces. Its flexible three-in-one communication interface with optional Bluetooth transmission ensures efficient and seamless data integration into a wide range of systems.<\/p>\n<p><img data-dominant-color=\"d0d3d0\" data-has-transparency=\"false\" style=\"--dominant-color: #d0d3d0;\" fetchpriority=\"high\" decoding=\"async\" class=\"alignnone wp-image-4444 size-full not-transparent\" src=\"https:\/\/meskernel.net\/wp-content\/uploads\/2025\/04\/distance-sensor-module.webp\" alt=\"mesafe sens\u00f6r\u00fc mod\u00fcl\u00fc\" width=\"800\" height=\"718\" srcset=\"https:\/\/meskernel.net\/wp-content\/uploads\/2025\/04\/distance-sensor-module.webp 800w, https:\/\/meskernel.net\/wp-content\/uploads\/2025\/04\/distance-sensor-module-300x269.webp 300w, https:\/\/meskernel.net\/wp-content\/uploads\/2025\/04\/distance-sensor-module-768x689.webp 768w, https:\/\/meskernel.net\/wp-content\/uploads\/2025\/04\/distance-sensor-module-400x359.webp 400w\" sizes=\"(max-width: 800px) 100vw, 800px\" \/><\/p>\n<p>&nbsp;<\/p>\n<h3 data-start=\"1265\" data-end=\"1278\">Key Features of Laser Range Finder Sensor:<\/h3>\n<h3 data-start=\"1265\" data-end=\"1278\">\ud83d\udd39 <strong style=\"font-size: 16px;\" data-start=\"1284\" data-end=\"1304\">Minyat\u00fcr Tasar\u0131m<\/strong><span style=\"font-size: 16px;\"> - Dar entegrasyon alanlar\u0131 i\u00e7in ultra kompakt<\/span><\/h3>\n<h3 data-start=\"1265\" data-end=\"1278\">\ud83d\udd39 <strong style=\"font-size: 16px;\" data-start=\"1357\" data-end=\"1374\">Y\u00fcksek Do\u011fruluk<\/strong><span style=\"font-size: 16px;\"> - Kadar <\/span><strong style=\"font-size: 16px;\" data-start=\"1383\" data-end=\"1391\">\u00b1<\/strong><span style=\"font-size: 16px;\">1mm hassasiyet<\/span><\/h3>\n<h3 data-start=\"1265\" data-end=\"1278\">\ud83d\udd39 <strong style=\"font-size: 16px;\" data-start=\"1409\" data-end=\"1423\">Uzun Menzilli<\/strong><span style=\"font-size: 16px;\"> - 80 metreye kadar etkili \u00f6l\u00e7\u00fcm<\/span><\/h3>\n<h3 data-start=\"1265\" data-end=\"1278\">\ud83d\udd39 <strong style=\"font-size: 16px;\" data-start=\"1475\" data-end=\"1492\">D\u0131\u015f Mekana Haz\u0131r<\/strong><span style=\"font-size: 16px;\"> - G\u00fc\u00e7l\u00fc ortam \u0131\u015f\u0131\u011f\u0131na dayan\u0131kl\u0131d\u0131r, d\u0131\u015f mekanda konumland\u0131rma i\u00e7in m\u00fckemmeldir<\/span><\/h3>\n<h3 data-start=\"1265\" data-end=\"1278\">\ud83d\udd39 <strong style=\"font-size: 16px;\" data-start=\"1577\" data-end=\"1613\">M\u00fckemmel D\u00fc\u015f\u00fck Sinyal Performans\u0131<\/strong><span style=\"font-size: 16px;\"> - Zay\u0131f yans\u0131tma ko\u015fullar\u0131nda kararl\u0131 \u00e7al\u0131\u015fma<\/span><\/h3>\n<h3 data-start=\"1265\" data-end=\"1278\">\ud83d\udd39 <strong style=\"font-size: 16px;\" data-start=\"1672\" data-end=\"1706\">\u00d6zelle\u015ftirilebilir S\u0131cakl\u0131k Aral\u0131\u011f\u0131<\/strong><span style=\"font-size: 16px;\"> - Zorlu ortamlar i\u00e7in uygundur<\/span><\/h3>\n<h3 data-start=\"1265\" data-end=\"1278\">\ud83d\udd39 <strong style=\"font-size: 16px;\" data-start=\"1750\" data-end=\"1767\">Lazer Se\u00e7enekleri<\/strong><span style=\"font-size: 16px;\"> - Uygulaman\u0131z\u0131n ihtiya\u00e7lar\u0131na g\u00f6re k\u0131rm\u0131z\u0131 veya ye\u015fil lazer aras\u0131ndan se\u00e7im yap\u0131n<\/span><\/h3>\n<h3 data-start=\"1265\" data-end=\"1278\">\ud83d\udd39 <strong style=\"font-size: 16px;\" data-start=\"1846\" data-end=\"1874\">\u00c7ok Fonksiyonlu Amplifikat\u00f6r<\/strong><span style=\"font-size: 16px;\"> - Uyarlanabilir sinyal i\u015fleme<\/span><\/h3>\n<h3 data-start=\"1265\" data-end=\"1278\">\ud83d\udd39 <strong style=\"font-size: 16px;\" data-start=\"1912\" data-end=\"1938\">Zengin Aray\u00fcz Deste\u011fi<\/strong><span style=\"font-size: 16px;\"> - TTL\/RS232\/RS485, Bluetooth ve di\u011fer yayg\u0131n protokoller<\/span><\/h3>\n<p class=\"\" data-start=\"2003\" data-end=\"2213\">This Laser Range Finder Sensor\u00a0<span style=\"font-size: 16px;\">sa\u011flam performans ve esnek entegrasyona sahip kompakt, g\u00fcvenilir ve tamamen \u00f6zelle\u015ftirilebilir bir lazer \u00f6l\u00e7\u00fcm \u00e7\u00f6z\u00fcm\u00fc arayan m\u00fchendisler ve geli\u015ftiriciler i\u00e7in ideal se\u00e7imdir.<\/span><\/p>\n<p data-start=\"2003\" data-end=\"2213\"><img data-dominant-color=\"ebeceb\" data-has-transparency=\"false\" style=\"--dominant-color: #ebeceb;\" decoding=\"async\" class=\"wp-image-6112 size-full aligncenter not-transparent\" src=\"https:\/\/meskernel.net\/wp-content\/uploads\/2025\/04\/laser-distance-sensor-Quick-Testing-Guidance.webp\" alt=\"lazer mesafe sens\u00f6r\u00fc H\u0131zl\u0131 Test K\u0131lavuzu\" width=\"703\" height=\"185\" srcset=\"https:\/\/meskernel.net\/wp-content\/uploads\/2025\/04\/laser-distance-sensor-Quick-Testing-Guidance.webp 703w, https:\/\/meskernel.net\/wp-content\/uploads\/2025\/04\/laser-distance-sensor-Quick-Testing-Guidance-300x79.webp 300w, https:\/\/meskernel.net\/wp-content\/uploads\/2025\/04\/laser-distance-sensor-Quick-Testing-Guidance-18x5.webp 18w, https:\/\/meskernel.net\/wp-content\/uploads\/2025\/04\/laser-distance-sensor-Quick-Testing-Guidance-400x105.webp 400w\" sizes=\"(max-width: 703px) 100vw, 703px\" \/><\/p>\n<p class=\"\" data-start=\"2215\" data-end=\"2353\">\ud83d\udce9 <a href=\"https:\/\/meskernel.net\/tr\/iletisim\/\"><strong data-start=\"2218\" data-end=\"2238\">Bug\u00fcn bize ula\u015f\u0131n<\/strong><\/a> veri sayfalar\u0131, uygulama deste\u011fi veya \u00f6zel proje ihtiya\u00e7lar\u0131n\u0131za g\u00f6re OEM\/ODM \u00f6zelle\u015ftirmesini g\u00f6r\u00fc\u015fmek i\u00e7in.<\/p>\n<p data-start=\"2363\" data-end=\"2441\">","protected":false},"excerpt":{"rendered":"<p class=\"\" data-start=\"88\" data-end=\"634\">The Laser Range Finder Sensor Module is an ultra-compact, high-precision optical sensor offering 1mm accuracy and up to 80m measurement range. Engineered for outdoor use, it delivers stable performance even under strong sunlight and in low-reflectivity environments. With customizable options including red or green laser, wide temperature range, and versatile multi-interface support (Bluetooth, TTL, RS232\/RS485), LDL-S is ideal for industrial automation and precision measurement applications.<\/p>","protected":false},"featured_media":6181,"template":"","meta":{"site-sidebar-layout":"default","site-content-layout":"","ast-site-content-layout":"default","site-content-style":"default","site-sidebar-style":"default","ast-global-header-display":"","ast-banner-title-visibility":"","ast-main-header-display":"","ast-hfb-above-header-display":"","ast-hfb-below-header-display":"","ast-hfb-mobile-header-display":"","site-post-title":"","ast-breadcrumbs-content":"","ast-featured-img":"","footer-sml-layout":"","ast-disable-related-posts":"","theme-transparent-header-meta":"default","adv-header-id-meta":"","stick-header-meta":"","header-above-stick-meta":"","header-main-stick-meta":"","header-below-stick-meta":"","astra-migrate-meta-layouts":"set","ast-page-background-enabled":"default","ast-page-background-meta":{"desktop":{"background-color":"var(--ast-global-color-4)","background-image":"","background-repeat":"repeat","background-position":"center center","background-size":"auto","background-attachment":"scroll","background-type":"","background-media":"","overlay-type":"","overlay-color":"","overlay-opacity":"","overlay-gradient":""},"tablet":{"background-color":"","background-image":"","background-repeat":"repeat","background-position":"center center","background-size":"auto","background-attachment":"scroll","background-type":"","background-media":"","overlay-type":"","overlay-color":"","overlay-opacity":"","overlay-gradient":""},"mobile":{"background-color":"","background-image":"","background-repeat":"repeat","background-position":"center center","background-size":"auto","background-attachment":"scroll","background-type":"","background-media":"","overlay-type":"","overlay-color":"","overlay-opacity":"","overlay-gradient":""}},"ast-content-background-meta":{"desktop":{"background-color":"var(--ast-global-color-5)","background-image":"","background-repeat":"repeat","background-position":"center center","background-size":"auto","background-attachment":"scroll","background-type":"","background-media":"","overlay-type":"","overlay-color":"","overlay-opacity":"","overlay-gradient":""},"tablet":{"background-color":"var(--ast-global-color-5)","background-image":"","background-repeat":"repeat","background-position":"center center","background-size":"auto","background-attachment":"scroll","background-type":"","background-media":"","overlay-type":"","overlay-color":"","overlay-opacity":"","overlay-gradient":""},"mobile":{"background-color":"var(--ast-global-color-5)","background-image":"","background-repeat":"repeat","background-position":"center center","background-size":"auto","background-attachment":"scroll","background-type":"","background-media":"","overlay-type":"","overlay-color":"","overlay-opacity":"","overlay-gradient":""}}},"product_brand":[],"product_cat":[52],"product_tag":[],"class_list":{"0":"post-6180","1":"product","2":"type-product","3":"status-publish","4":"has-post-thumbnail","6":"product_cat-phase-distance-sensor","7":"desktop-align-center","8":"tablet-align-left","9":"mobile-align-left","11":"first","12":"instock","13":"shipping-taxable","14":"product-type-simple"},"_links":{"self":[{"href":"https:\/\/meskernel.net\/tr\/wp-json\/wp\/v2\/product\/6180","targetHints":{"allow":["GET"]}}],"collection":[{"href":"https:\/\/meskernel.net\/tr\/wp-json\/wp\/v2\/product"}],"about":[{"href":"https:\/\/meskernel.net\/tr\/wp-json\/wp\/v2\/types\/product"}],"version-history":[{"count":0,"href":"https:\/\/meskernel.net\/tr\/wp-json\/wp\/v2\/product\/6180\/revisions"}],"wp:featuredmedia":[{"embeddable":true,"href":"https:\/\/meskernel.net\/tr\/wp-json\/wp\/v2\/media\/6181"}],"wp:attachment":[{"href":"https:\/\/meskernel.net\/tr\/wp-json\/wp\/v2\/media?parent=6180"}],"wp:term":[{"taxonomy":"product_brand","embeddable":true,"href":"https:\/\/meskernel.net\/tr\/wp-json\/wp\/v2\/product_brand?post=6180"},{"taxonomy":"product_cat","embeddable":true,"href":"https:\/\/meskernel.net\/tr\/wp-json\/wp\/v2\/product_cat?post=6180"},{"taxonomy":"product_tag","embeddable":true,"href":"https:\/\/meskernel.net\/tr\/wp-json\/wp\/v2\/product_tag?post=6180"}],"curies":[{"name":"wp","href":"https:\/\/api.w.org\/{rel}","templated":true}]}}