{"id":6266,"date":"2025-11-17T11:31:39","date_gmt":"2025-11-17T03:31:39","guid":{"rendered":"https:\/\/meskernel.net\/?post_type=product&#038;p=6266"},"modified":"2025-11-17T11:31:40","modified_gmt":"2025-11-17T03:31:40","slug":"preamplifikator","status":"publish","type":"product","link":"https:\/\/meskernel.net\/tr\/product\/preamplifier\/","title":{"rendered":"Silikon APD \u00d6n Y\u00fckseltici Mod\u00fcl\u00fc - LIDAR, Lazer Menzil ve Optik \u00d6l\u00e7\u00fcm i\u00e7in Y\u00fcksek Hassasiyetli Dedekt\u00f6r"},"content":{"rendered":"<p data-start=\"384\" data-end=\"873\">Silikon APD \u00d6n Y\u00fckseltici Mod\u00fcl\u00fc, y\u00fcksek performansl\u0131 bir silikon \u00e7\u0131\u011f fotodiyotu (APD) d\u00fc\u015f\u00fck g\u00fcr\u00fclt\u00fcl\u00fc bir hibrit \u00f6n y\u00fckseltici ile entegre ederek geli\u015fmi\u015f optik alg\u0131lama sistemleri i\u00e7in ola\u011fan\u00fcst\u00fc hassasiyet ve ultra h\u0131zl\u0131 yan\u0131t sa\u011flar.<br data-start=\"629\" data-end=\"632\" \/>LIDAR, lazer menzili, TOF \u00f6l\u00e7\u00fcm\u00fc ve optik ileti\u015fim i\u00e7in tasarlanan mod\u00fcl, 400-1100 nm spektral aral\u0131kta m\u00fckemmel performans sa\u011flar ve 905 nm ve 1064 nm'de y\u00fcksek h\u0131zl\u0131 darbe alg\u0131lamay\u0131 destekler.<\/p>\n<p data-start=\"875\" data-end=\"1092\">Bu APD \u00f6n amplifikat\u00f6r mod\u00fcl\u00fc, uzun menzilli lazer mesafe \u00f6l\u00e7\u00fcm\u00fc, \u0130HA LIDAR haritalama, end\u00fcstriyel otomasyon ve y\u00fcksek kazan\u00e7 ve g\u00fcvenilir sinyal amplifikasyonu gerektiren bilimsel enstr\u00fcmantasyon i\u00e7in idealdir.<\/p>\n<p data-start=\"875\" data-end=\"1092\"><img data-dominant-color=\"f2f3f4\" data-has-transparency=\"false\" style=\"--dominant-color: #f2f3f4;\" fetchpriority=\"high\" decoding=\"async\" class=\"aligncenter wp-image-6269 size-full not-transparent\" src=\"https:\/\/meskernel.net\/wp-content\/uploads\/2025\/11\/LIDAR-detector-module.webp\" alt=\"LIDAR dedekt\u00f6r mod\u00fcl\u00fc\" width=\"1000\" height=\"702\" srcset=\"https:\/\/meskernel.net\/wp-content\/uploads\/2025\/11\/LIDAR-detector-module.webp 1000w, https:\/\/meskernel.net\/wp-content\/uploads\/2025\/11\/LIDAR-detector-module-300x211.webp 300w, https:\/\/meskernel.net\/wp-content\/uploads\/2025\/11\/LIDAR-detector-module-768x539.webp 768w, https:\/\/meskernel.net\/wp-content\/uploads\/2025\/11\/LIDAR-detector-module-18x12.webp 18w, https:\/\/meskernel.net\/wp-content\/uploads\/2025\/11\/LIDAR-detector-module-400x281.webp 400w\" sizes=\"(max-width: 1000px) 100vw, 1000px\" \/><\/p>\n<hr data-start=\"1094\" data-end=\"1097\" \/>\n<h1 data-start=\"1099\" data-end=\"1117\"><strong data-start=\"1101\" data-end=\"1117\">Temel \u00d6zellikler<\/strong><\/h1>\n<ul data-start=\"1118\" data-end=\"1771\">\n<li data-start=\"1118\" data-end=\"1228\">\n<p data-start=\"1120\" data-end=\"1228\"><strong data-start=\"1120\" data-end=\"1166\">Y\u00fcksek Hassasiyet ve D\u00fc\u015f\u00fck G\u00fcr\u00fclt\u00fcl\u00fc Amplifikasyon<\/strong><br data-start=\"1166\" data-end=\"1169\" \/>Uzun mesafelerdeki son derece zay\u0131f lazer sinyallerini alg\u0131lar.<\/p>\n<\/li>\n<li data-start=\"1230\" data-end=\"1336\">\n<p data-start=\"1232\" data-end=\"1336\"><strong data-start=\"1232\" data-end=\"1264\">Ultra H\u0131zl\u0131 Y\u00fckselme ve D\u00fc\u015fme S\u00fcreleri<\/strong><br data-start=\"1264\" data-end=\"1267\" \/>2-10 ns'ye kadar y\u00fcksek h\u0131zl\u0131 TOF ve puls lazer sistemlerine olanak sa\u011flar.<\/p>\n<\/li>\n<li data-start=\"1338\" data-end=\"1436\">\n<p data-start=\"1340\" data-end=\"1436\"><strong data-start=\"1340\" data-end=\"1379\">Geni\u015f Spektral Yan\u0131t: 400-1100 nm<\/strong><br data-start=\"1379\" data-end=\"1382\" \/>905 nm ve 1064 nm lazer uygulamalar\u0131 i\u00e7in optimize edilmi\u015ftir.<\/p>\n<\/li>\n<li data-start=\"1438\" data-end=\"1557\">\n<p data-start=\"1440\" data-end=\"1557\"><strong data-start=\"1440\" data-end=\"1480\">Entegre APD + Hibrit Preamplifikat\u00f6r<\/strong><br data-start=\"1480\" data-end=\"1483\" \/>Kararl\u0131 kazan\u00e7, d\u00fc\u015f\u00fck g\u00fc\u00e7 t\u00fcketimi ve y\u00fcksek alg\u0131lama do\u011frulu\u011fu sa\u011flar.<\/p>\n<\/li>\n<li data-start=\"1559\" data-end=\"1662\">\n<p data-start=\"1561\" data-end=\"1662\"><strong data-start=\"1561\" data-end=\"1593\">Y\u00fcksek Dinamik Aral\u0131k ve D\u00fc\u015f\u00fck NEP<\/strong><br data-start=\"1593\" data-end=\"1596\" \/>Y\u00fcksek hassasiyetli LIDAR ve end\u00fcstriyel lazer taray\u0131c\u0131lar i\u00e7in uygundur.<\/p>\n<\/li>\n<li data-start=\"1664\" data-end=\"1771\">\n<p data-start=\"1666\" data-end=\"1771\"><strong data-start=\"1666\" data-end=\"1716\">Sa\u011flam Metal G\u00f6vde ve Termal Olarak Kararl\u0131 Tasar\u0131m<\/strong><br data-start=\"1716\" data-end=\"1719\" \/>Zorlu ortamlarda uzun s\u00fcreli stabilite sa\u011flar.<\/p>\n<\/li>\n<\/ul>\n<hr data-start=\"1773\" data-end=\"1776\" \/>\n<h1 data-start=\"1778\" data-end=\"1804\"><strong data-start=\"1780\" data-end=\"1804\">Tipik Uygulamalar<\/strong><\/h1>\n<ul data-start=\"1805\" data-end=\"2117\">\n<li data-start=\"1805\" data-end=\"1860\">\n<p data-start=\"1807\" data-end=\"1860\"><strong data-start=\"1807\" data-end=\"1824\">LIDAR sistemleri<\/strong> (\u0130HA, AGV, otonom navigasyon)<\/p>\n<\/li>\n<li data-start=\"1861\" data-end=\"1918\">\n<p data-start=\"1863\" data-end=\"1918\"><strong data-start=\"1863\" data-end=\"1916\">Lazer telemetreler ve mesafe \u00f6l\u00e7\u00fcm mod\u00fclleri<\/strong><\/p>\n<\/li>\n<li data-start=\"1919\" data-end=\"1956\">\n<p data-start=\"1921\" data-end=\"1956\"><strong data-start=\"1921\" data-end=\"1954\">Optik ileti\u015fim sistemleri<\/strong><\/p>\n<\/li>\n<li data-start=\"1957\" data-end=\"1997\">\n<p data-start=\"1959\" data-end=\"1997\"><strong data-start=\"1959\" data-end=\"1995\">U\u00e7u\u015f S\u00fcresi (TOF) \u00f6l\u00e7\u00fcm\u00fc<\/strong><\/p>\n<\/li>\n<li data-start=\"1998\" data-end=\"2040\">\n<p data-start=\"2000\" data-end=\"2040\"><strong data-start=\"2000\" data-end=\"2038\">Temass\u0131z end\u00fcstriyel \u00f6l\u00e7\u00fcm<\/strong><\/p>\n<\/li>\n<li data-start=\"2041\" data-end=\"2079\">\n<p data-start=\"2043\" data-end=\"2079\"><strong data-start=\"2043\" data-end=\"2077\">Bilimsel optik aletler<\/strong><\/p>\n<\/li>\n<li data-start=\"2080\" data-end=\"2117\">\n<p data-start=\"2082\" data-end=\"2117\"><strong data-start=\"2082\" data-end=\"2117\">Y\u00fcksek kazan\u00e7l\u0131 APD alg\u0131lama sistemleri<\/strong><\/p>\n<\/li>\n<\/ul>\n<hr data-start=\"2268\" data-end=\"2271\" \/>\n<h1 data-start=\"2273\" data-end=\"2295\"><strong data-start=\"2275\" data-end=\"2295\">\u00dcr\u00fcn Varyantlar\u0131<\/strong><\/h1>\n<p data-start=\"2296\" data-end=\"2365\">Farkl\u0131 performans gereksinimleri i\u00e7in optimize edilmi\u015f iki model sunuyoruz:<\/p>\n<hr data-start=\"2367\" data-end=\"2370\" \/>\n<h2 data-start=\"2372\" data-end=\"2435\">\ud83d\udfe6 <strong data-start=\"2378\" data-end=\"2435\">Mod\u00fcl A - Standart Y\u00fcksek Hassasiyetli APD \u00d6n Y\u00fckseltici<\/strong><\/h2>\n<h3 data-start=\"2436\" data-end=\"2462\"><strong data-start=\"2440\" data-end=\"2462\">Temel \u00d6zellikler<\/strong><\/h3>\n<ul data-start=\"2463\" data-end=\"2831\">\n<li data-start=\"2463\" data-end=\"2501\">\n<p data-start=\"2465\" data-end=\"2501\"><strong data-start=\"2465\" data-end=\"2487\">Spektral Tepki:<\/strong> 400-1100 nm<\/p>\n<\/li>\n<li data-start=\"2502\" data-end=\"2533\">\n<p data-start=\"2504\" data-end=\"2533\"><strong data-start=\"2504\" data-end=\"2524\">Aktif \u00c7ap:<\/strong> 0,8 mm<\/p>\n<\/li>\n<li data-start=\"2534\" data-end=\"2570\">\n<p data-start=\"2536\" data-end=\"2570\"><strong data-start=\"2536\" data-end=\"2558\">Ar\u0131za Gerilimi:<\/strong> 400-480 V<\/p>\n<\/li>\n<li data-start=\"2571\" data-end=\"2607\">\n<p data-start=\"2573\" data-end=\"2607\"><strong data-start=\"2573\" data-end=\"2595\">\u00c7al\u0131\u015fma Gerilimi:<\/strong> 0,9 \u00d7 VBR<\/p>\n<\/li>\n<li data-start=\"2608\" data-end=\"2648\">\n<p data-start=\"2610\" data-end=\"2648\"><strong data-start=\"2610\" data-end=\"2627\">Duyarl\u0131l\u0131k:<\/strong> 150 kV\/W @ 1064 nm<\/p>\n<\/li>\n<li data-start=\"2649\" data-end=\"2677\">\n<p data-start=\"2651\" data-end=\"2677\"><strong data-start=\"2651\" data-end=\"2669\">Dinamik Aral\u0131k:<\/strong> 25 dB<\/p>\n<\/li>\n<li data-start=\"2678\" data-end=\"2703\">\n<p data-start=\"2680\" data-end=\"2703\"><strong data-start=\"2680\" data-end=\"2694\">Bant geni\u015fli\u011fi:<\/strong> 35 MHz<\/p>\n<\/li>\n<li data-start=\"2704\" data-end=\"2733\">\n<p data-start=\"2706\" data-end=\"2733\"><strong data-start=\"2706\" data-end=\"2725\">Y\u00fckselme\/D\u00fc\u015fme Zaman\u0131:<\/strong> 10 ns<\/p>\n<\/li>\n<li data-start=\"2734\" data-end=\"2758\">\n<p data-start=\"2736\" data-end=\"2758\"><strong data-start=\"2736\" data-end=\"2744\">NEP:<\/strong> 0,20 pW\/\u221aHz<\/p>\n<\/li>\n<li data-start=\"2759\" data-end=\"2789\">\n<p data-start=\"2761\" data-end=\"2789\"><strong data-start=\"2761\" data-end=\"2782\">\u00c7\u0131k\u0131\u015f Empedans\u0131:<\/strong> 33 \u03a9<\/p>\n<\/li>\n<li data-start=\"2790\" data-end=\"2831\">\n<p data-start=\"2792\" data-end=\"2831\"><strong data-start=\"2792\" data-end=\"2814\">S\u0131cakl\u0131k Aral\u0131\u011f\u0131:<\/strong> -45\u00b0C ila +70\u00b0C<\/p>\n<\/li>\n<\/ul>\n<p data-start=\"2833\" data-end=\"2978\"><strong data-start=\"2833\" data-end=\"2849\">Konumland\u0131rma:<\/strong><br data-start=\"2849\" data-end=\"2852\" \/>Kararl\u0131 alg\u0131lama, orta bant geni\u015fli\u011fi ve m\u00fckemmel sinyal-g\u00fcr\u00fclt\u00fc oran\u0131na ihtiya\u00e7 duyan lazer menzil sistemleri i\u00e7in idealdir.<\/p>\n<hr data-start=\"2980\" data-end=\"2983\" \/>\n<h2 data-start=\"2985\" data-end=\"3049\">\ud83d\udfe9 <strong data-start=\"2991\" data-end=\"3049\">Mod\u00fcl B - Ultra H\u0131zl\u0131, Y\u00fcksek Bant Geni\u015flikli APD \u00d6n Y\u00fckseltici<\/strong><\/h2>\n<h3 data-start=\"3050\" data-end=\"3076\"><strong data-start=\"3054\" data-end=\"3076\">Temel \u00d6zellikler<\/strong><\/h3>\n<ul data-start=\"3077\" data-end=\"3450\">\n<li data-start=\"3077\" data-end=\"3115\">\n<p data-start=\"3079\" data-end=\"3115\"><strong data-start=\"3079\" data-end=\"3101\">Spektral Tepki:<\/strong> 400-1100 nm<\/p>\n<\/li>\n<li data-start=\"3116\" data-end=\"3147\">\n<p data-start=\"3118\" data-end=\"3147\"><strong data-start=\"3118\" data-end=\"3138\">Aktif \u00c7ap:<\/strong> 0,8 mm<\/p>\n<\/li>\n<li data-start=\"3148\" data-end=\"3184\">\n<p data-start=\"3150\" data-end=\"3184\"><strong data-start=\"3150\" data-end=\"3172\">Ar\u0131za Gerilimi:<\/strong> 300-500 V<\/p>\n<\/li>\n<li data-start=\"3185\" data-end=\"3221\">\n<p data-start=\"3187\" data-end=\"3221\"><strong data-start=\"3187\" data-end=\"3209\">\u00c7al\u0131\u015fma Gerilimi:<\/strong> 0,9 \u00d7 VBR<\/p>\n<\/li>\n<li data-start=\"3222\" data-end=\"3262\">\n<p data-start=\"3224\" data-end=\"3262\"><strong data-start=\"3224\" data-end=\"3241\">Duyarl\u0131l\u0131k:<\/strong> 200 kV\/W @ 1064 nm<\/p>\n<\/li>\n<li data-start=\"3263\" data-end=\"3291\">\n<p data-start=\"3265\" data-end=\"3291\"><strong data-start=\"3265\" data-end=\"3283\">Dinamik Aral\u0131k:<\/strong> 25 dB<\/p>\n<\/li>\n<li data-start=\"3292\" data-end=\"3318\">\n<p data-start=\"3294\" data-end=\"3318\"><strong data-start=\"3294\" data-end=\"3308\">Bant geni\u015fli\u011fi:<\/strong> 170 MHz<\/p>\n<\/li>\n<li data-start=\"3319\" data-end=\"3347\">\n<p data-start=\"3321\" data-end=\"3347\"><strong data-start=\"3321\" data-end=\"3340\">Y\u00fckselme\/D\u00fc\u015fme Zaman\u0131:<\/strong> 2 ns<\/p>\n<\/li>\n<li data-start=\"3348\" data-end=\"3377\">\n<p data-start=\"3350\" data-end=\"3377\"><strong data-start=\"3350\" data-end=\"3358\">NEP:<\/strong> 0,15-0,20 pW\/\u221aHz<\/p>\n<\/li>\n<li data-start=\"3378\" data-end=\"3408\">\n<p data-start=\"3380\" data-end=\"3408\"><strong data-start=\"3380\" data-end=\"3401\">\u00c7\u0131k\u0131\u015f Empedans\u0131:<\/strong> 50 \u03a9<\/p>\n<\/li>\n<li data-start=\"3409\" data-end=\"3450\">\n<p data-start=\"3411\" data-end=\"3450\"><strong data-start=\"3411\" data-end=\"3433\">S\u0131cakl\u0131k Aral\u0131\u011f\u0131:<\/strong> -55\u00b0C ila +85\u00b0C<\/p>\n<\/li>\n<\/ul>\n<p data-start=\"3452\" data-end=\"3624\"><strong data-start=\"3452\" data-end=\"3468\">Konumland\u0131rma:<\/strong><br data-start=\"3468\" data-end=\"3471\" \/>Ultra h\u0131zl\u0131 sinyal yan\u0131t\u0131 gerektiren uygulamalar i\u00e7in \u00fcretilmi\u015ftir, \u00f6rne\u011fin<br data-start=\"3543\" data-end=\"3546\" \/>\u0130HA LIDAR haritalama, y\u00fcksek h\u0131zl\u0131 TOF sistemleri ve h\u0131zl\u0131 optik ileti\u015fim.<\/p>\n<hr data-start=\"3626\" data-end=\"3629\" \/>\n<h1 data-start=\"3631\" data-end=\"3667\"><strong data-start=\"3633\" data-end=\"3667\">Elektrik ve Pin Konfig\u00fcrasyonu<\/strong><\/h1>\n<h3 data-start=\"3668\" data-end=\"3688\"><strong data-start=\"3672\" data-end=\"3688\">G\u00fc\u00e7 Kayna\u011f\u0131<\/strong><\/h3>\n<ul data-start=\"3689\" data-end=\"3756\">\n<li data-start=\"3689\" data-end=\"3720\">\n<p data-start=\"3691\" data-end=\"3720\"><strong data-start=\"3691\" data-end=\"3713\">\u00c7al\u0131\u015fma Gerilimi:<\/strong> \u00b15 V<\/p>\n<\/li>\n<li data-start=\"3721\" data-end=\"3756\">\n<p data-start=\"3723\" data-end=\"3756\"><strong data-start=\"3723\" data-end=\"3744\">APD \u00d6nyarg\u0131 Gerilimi:<\/strong> 0,9 \u00d7 VBR<\/p>\n<\/li>\n<\/ul>\n<h3 data-start=\"3758\" data-end=\"3779\"><strong data-start=\"3762\" data-end=\"3779\">Pin Fonksiyonlar\u0131<\/strong><\/h3>\n<div class=\"_tableContainer_1rjym_1\">\n<div class=\"group _tableWrapper_1rjym_13 flex w-fit flex-col-reverse\" tabindex=\"-1\">\n<table class=\"w-fit min-w-(--thread-content-width)\" data-start=\"3780\" data-end=\"4055\">\n<thead data-start=\"3780\" data-end=\"3798\">\n<tr data-start=\"3780\" data-end=\"3798\">\n<th data-start=\"3780\" data-end=\"3786\" data-col-size=\"sm\">Pim<\/th>\n<th data-start=\"3786\" data-end=\"3798\" data-col-size=\"sm\">Fonksiyon<\/th>\n<\/tr>\n<\/thead>\n<tbody data-start=\"3822\" data-end=\"4055\">\n<tr data-start=\"3822\" data-end=\"3850\">\n<td data-start=\"3822\" data-end=\"3826\" data-col-size=\"sm\">1<\/td>\n<td data-start=\"3826\" data-end=\"3850\" data-col-size=\"sm\">Sinyal \u00c7\u0131k\u0131\u015f\u0131 (VOUT)<\/td>\n<\/tr>\n<tr data-start=\"3851\" data-end=\"3874\">\n<td data-start=\"3851\" data-end=\"3858\" data-col-size=\"sm\">6\/10<\/td>\n<td data-start=\"3858\" data-end=\"3874\" data-col-size=\"sm\">Toprak (GND)<\/td>\n<\/tr>\n<tr data-start=\"3875\" data-end=\"3912\">\n<td data-start=\"3875\" data-end=\"3879\" data-col-size=\"sm\">3<\/td>\n<td data-start=\"3879\" data-end=\"3912\" data-col-size=\"sm\">Negatif Amplifikat\u00f6r \u00d6nyarg\u0131s\u0131 (VEE)<\/td>\n<\/tr>\n<tr data-start=\"3913\" data-end=\"3951\">\n<td data-start=\"3913\" data-end=\"3918\" data-col-size=\"sm\">12<\/td>\n<td data-start=\"3918\" data-end=\"3951\" data-col-size=\"sm\">Pozitif Amplifikat\u00f6r \u00d6nyarg\u0131s\u0131 (VCC)<\/td>\n<\/tr>\n<tr data-start=\"3952\" data-end=\"3981\">\n<td data-start=\"3952\" data-end=\"3956\" data-col-size=\"sm\">4<\/td>\n<td data-col-size=\"sm\" data-start=\"3956\" data-end=\"3981\">APD \u00d6nyarg\u0131 Gerilimi (VR)<\/td>\n<\/tr>\n<tr data-start=\"3982\" data-end=\"4031\">\n<td data-start=\"3982\" data-end=\"3988\" data-col-size=\"sm\">8\/9<\/td>\n<td data-col-size=\"sm\" data-start=\"3988\" data-end=\"4031\">S\u0131cakl\u0131k Alg\u0131lama Diyotu (+VTH \/ -VTH)<\/td>\n<\/tr>\n<tr data-start=\"4032\" data-end=\"4055\">\n<td data-start=\"4032\" data-end=\"4041\" data-col-size=\"sm\">Di\u011ferleri<\/td>\n<td data-col-size=\"sm\" data-start=\"4041\" data-end=\"4055\">N.C veya GND<\/td>\n<\/tr>\n<\/tbody>\n<\/table>\n<\/div>\n<\/div>\n<hr data-start=\"4057\" data-end=\"4060\" \/>\n<h1 data-start=\"4062\" data-end=\"4092\"><strong data-start=\"4064\" data-end=\"4092\">Mutlak Maksimum De\u011ferler<\/strong><\/h1>\n<ul data-start=\"4093\" data-end=\"4315\">\n<li data-start=\"4093\" data-end=\"4140\">\n<p data-start=\"4095\" data-end=\"4140\"><strong data-start=\"4095\" data-end=\"4117\">\u00c7al\u0131\u015fma Gerilimi:<\/strong> \u00b19 V (A), \u00b15,5 V (B)<\/p>\n<\/li>\n<li data-start=\"4141\" data-end=\"4177\">\n<p data-start=\"4143\" data-end=\"4177\"><strong data-start=\"4143\" data-end=\"4164\">Maksimum APD \u00d6nyarg\u0131s\u0131:<\/strong> 0,95 \u00d7 VBR<\/p>\n<\/li>\n<li data-start=\"4178\" data-end=\"4222\">\n<p data-start=\"4180\" data-end=\"4222\"><strong data-start=\"4180\" data-end=\"4204\">Depolama S\u0131cakl\u0131\u011f\u0131:<\/strong> -55\u00b0C ila +100\u00b0C<\/p>\n<\/li>\n<li data-start=\"4223\" data-end=\"4315\">\n<p data-start=\"4225\" data-end=\"4253\"><strong data-start=\"4225\" data-end=\"4251\">\u00c7al\u0131\u015fma S\u0131cakl\u0131\u011f\u0131:<\/strong><\/p>\n<ul data-start=\"4256\" data-end=\"4315\">\n<li data-start=\"4256\" data-end=\"4284\">\n<p data-start=\"4258\" data-end=\"4284\">Mod\u00fcl A: -45\u00b0C ila +70\u00b0C<\/p>\n<\/li>\n<li data-start=\"4287\" data-end=\"4315\">\n<p data-start=\"4289\" data-end=\"4315\">Mod\u00fcl B: -55\u00b0C ila +85\u00b0C<\/p>\n<\/li>\n<\/ul>\n<\/li>\n<\/ul>\n<hr data-start=\"4317\" data-end=\"4320\" \/>\n<h1 data-start=\"4322\" data-end=\"4349\"><strong data-start=\"4324\" data-end=\"4349\">Mekanik Boyutlar<\/strong><\/h1>\n<p data-start=\"4350\" data-end=\"4467\">Koruyucu optik pencereli metal g\u00f6vde.<br data-start=\"4395\" data-end=\"4398\" \/><img data-dominant-color=\"edeeef\" data-has-transparency=\"false\" style=\"--dominant-color: #edeeef;\" decoding=\"async\" class=\"wp-image-6267 size-full aligncenter not-transparent\" src=\"https:\/\/meskernel.net\/wp-content\/uploads\/2025\/11\/APD-receiver-module.webp\" alt=\"APD al\u0131c\u0131 mod\u00fcl\u00fc\" width=\"1000\" height=\"700\" srcset=\"https:\/\/meskernel.net\/wp-content\/uploads\/2025\/11\/APD-receiver-module.webp 1000w, https:\/\/meskernel.net\/wp-content\/uploads\/2025\/11\/APD-receiver-module-300x210.webp 300w, https:\/\/meskernel.net\/wp-content\/uploads\/2025\/11\/APD-receiver-module-768x538.webp 768w, https:\/\/meskernel.net\/wp-content\/uploads\/2025\/11\/APD-receiver-module-18x12.webp 18w, https:\/\/meskernel.net\/wp-content\/uploads\/2025\/11\/APD-receiver-module-400x280.webp 400w\" sizes=\"(max-width: 1000px) 100vw, 1000px\" \/><\/p>\n<hr data-start=\"4469\" data-end=\"4472\" \/>\n<h1 data-start=\"4474\" data-end=\"4532\"><strong data-start=\"4476\" data-end=\"4532\">End\u00fcstriyel ve LIDAR Sistem Entegrat\u00f6rleri i\u00e7in Avantajlar<\/strong><\/h1>\n<ul data-start=\"4533\" data-end=\"4836\">\n<li data-start=\"4533\" data-end=\"4578\">\n<p data-start=\"4535\" data-end=\"4578\">\u00dcst\u00fcn uzun menzilli alg\u0131lama performans\u0131<\/p>\n<\/li>\n<li data-start=\"4579\" data-end=\"4616\">\n<p data-start=\"4581\" data-end=\"4616\">Tak ve \u00e7al\u0131\u015ft\u0131r preamplifikat\u00f6r tasar\u0131m\u0131<\/p>\n<\/li>\n<li data-start=\"4617\" data-end=\"4673\">\n<p data-start=\"4619\" data-end=\"4673\">Geni\u015f s\u0131cakl\u0131k aral\u0131klar\u0131nda m\u00fckemmel g\u00fcvenilirlik<\/p>\n<\/li>\n<li data-start=\"4674\" data-end=\"4721\">\n<p data-start=\"4676\" data-end=\"4721\">Hassas TOF \u00f6l\u00e7\u00fcm\u00fc i\u00e7in tutarl\u0131 kazan\u00e7<\/p>\n<\/li>\n<li data-start=\"4722\" data-end=\"4785\">\n<p data-start=\"4724\" data-end=\"4785\">Geleneksel PIN + amplifikat\u00f6r \u00e7\u00f6z\u00fcmleri i\u00e7in ideal yedek<\/p>\n<\/li>\n<li data-start=\"4786\" data-end=\"4836\">\n<p data-start=\"4788\" data-end=\"4836\">Seri \u00fcretim ve OEM entegrasyonu i\u00e7in tasarlanm\u0131\u015ft\u0131r<\/p>\n<\/li>\n<\/ul>\n<p data-start=\"4838\" data-end=\"4921\"><strong data-start=\"4838\" data-end=\"4921\">(\u0130\u00e7erir: \u201cOEM APD mod\u00fcl\u00fc\u201d, \u201cLIDAR APD dedekt\u00f6r\u00fc\u201d, \u201cend\u00fcstriyel APD sens\u00f6r\u00fc\u201d)<\/strong><\/p>","protected":false},"excerpt":{"rendered":"<p>LIDAR, lazer mesafe \u00f6l\u00e7\u00fcm\u00fc, TOF alg\u0131lama ve 1064 nm\/905 nm alg\u0131lama i\u00e7in ultra h\u0131zl\u0131 tepki ve d\u00fc\u015f\u00fck g\u00fcr\u00fclt\u00fcye sahip y\u00fcksek performansl\u0131 silikon APD \u00f6n amplifikat\u00f6r mod\u00fcl\u00fc.<\/p>","protected":false},"featured_media":6268,"template":"","meta":{"site-sidebar-layout":"default","site-content-layout":"","ast-site-content-layout":"default","site-content-style":"default","site-sidebar-style":"default","ast-global-header-display":"","ast-banner-title-visibility":"","ast-main-header-display":"","ast-hfb-above-header-display":"","ast-hfb-below-header-display":"","ast-hfb-mobile-header-display":"","site-post-title":"","ast-breadcrumbs-content":"","ast-featured-img":"","footer-sml-layout":"","ast-disable-related-posts":"","theme-transparent-header-meta":"default","adv-header-id-meta":"","stick-header-meta":"","header-above-stick-meta":"","header-main-stick-meta":"","header-below-stick-meta":"","astra-migrate-meta-layouts":"set","ast-page-background-enabled":"default","ast-page-background-meta":{"desktop":{"background-color":"var(--ast-global-color-4)","background-image":"","background-repeat":"repeat","background-position":"center center","background-size":"auto","background-attachment":"scroll","background-type":"","background-media":"","overlay-type":"","overlay-color":"","overlay-opacity":"","overlay-gradient":""},"tablet":{"background-color":"","background-image":"","background-repeat":"repeat","background-position":"center center","background-size":"auto","background-attachment":"scroll","background-type":"","background-media":"","overlay-type":"","overlay-color":"","overlay-opacity":"","overlay-gradient":""},"mobile":{"background-color":"","background-image":"","background-repeat":"repeat","background-position":"center center","background-size":"auto","background-attachment":"scroll","background-type":"","background-media":"","overlay-type":"","overlay-color":"","overlay-opacity":"","overlay-gradient":""}},"ast-content-background-meta":{"desktop":{"background-color":"var(--ast-global-color-5)","background-image":"","background-repeat":"repeat","background-position":"center center","background-size":"auto","background-attachment":"scroll","background-type":"","background-media":"","overlay-type":"","overlay-color":"","overlay-opacity":"","overlay-gradient":""},"tablet":{"background-color":"var(--ast-global-color-5)","background-image":"","background-repeat":"repeat","background-position":"center center","background-size":"auto","background-attachment":"scroll","background-type":"","background-media":"","overlay-type":"","overlay-color":"","overlay-opacity":"","overlay-gradient":""},"mobile":{"background-color":"var(--ast-global-color-5)","background-image":"","background-repeat":"repeat","background-position":"center center","background-size":"auto","background-attachment":"scroll","background-type":"","background-media":"","overlay-type":"","overlay-color":"","overlay-opacity":"","overlay-gradient":""}}},"product_brand":[],"product_cat":[62],"product_tag":[],"class_list":{"0":"post-6266","1":"product","2":"type-product","3":"status-publish","4":"has-post-thumbnail","6":"product_cat-detectors-components","7":"desktop-align-center","8":"tablet-align-left","9":"mobile-align-left","11":"first","12":"instock","13":"shipping-taxable","14":"product-type-simple"},"_links":{"self":[{"href":"https:\/\/meskernel.net\/tr\/wp-json\/wp\/v2\/product\/6266","targetHints":{"allow":["GET"]}}],"collection":[{"href":"https:\/\/meskernel.net\/tr\/wp-json\/wp\/v2\/product"}],"about":[{"href":"https:\/\/meskernel.net\/tr\/wp-json\/wp\/v2\/types\/product"}],"version-history":[{"count":0,"href":"https:\/\/meskernel.net\/tr\/wp-json\/wp\/v2\/product\/6266\/revisions"}],"wp:featuredmedia":[{"embeddable":true,"href":"https:\/\/meskernel.net\/tr\/wp-json\/wp\/v2\/media\/6268"}],"wp:attachment":[{"href":"https:\/\/meskernel.net\/tr\/wp-json\/wp\/v2\/media?parent=6266"}],"wp:term":[{"taxonomy":"product_brand","embeddable":true,"href":"https:\/\/meskernel.net\/tr\/wp-json\/wp\/v2\/product_brand?post=6266"},{"taxonomy":"product_cat","embeddable":true,"href":"https:\/\/meskernel.net\/tr\/wp-json\/wp\/v2\/product_cat?post=6266"},{"taxonomy":"product_tag","embeddable":true,"href":"https:\/\/meskernel.net\/tr\/wp-json\/wp\/v2\/product_tag?post=6266"}],"curies":[{"name":"wp","href":"https:\/\/api.w.org\/{rel}","templated":true}]}}