{"id":6278,"date":"2025-11-17T11:33:03","date_gmt":"2025-11-17T03:33:03","guid":{"rendered":"https:\/\/meskernel.net\/?post_type=product&#038;p=6278"},"modified":"2025-11-17T11:33:04","modified_gmt":"2025-11-17T03:33:04","slug":"ccd-sensoru","status":"publish","type":"product","link":"https:\/\/meskernel.net\/tr\/product\/ccd-sensor\/","title":{"rendered":"2000\u00d7256 Elemanl\u0131 Arkadan Ayd\u0131nlatmal\u0131 CCD Sens\u00f6r"},"content":{"rendered":"<p data-start=\"1198\" data-end=\"1275\"><strong data-start=\"1198\" data-end=\"1275\">Spektroskopi ve Bilimsel Cihazlar i\u00e7in Y\u00fcksek Hassasiyetli Tam Kare CCD<\/strong><\/p>\n<p data-start=\"1277\" data-end=\"1726\">2000\u00d7256 Elemanl\u0131 Arkadan Ayd\u0131nlatmal\u0131 CCD Sens\u00f6r, spektroskopi, hassas optik \u00f6l\u00e7\u00fcm ve d\u00fc\u015f\u00fck \u0131\u015f\u0131kta bilimsel g\u00f6r\u00fcnt\u00fcleme i\u00e7in optimize edilmi\u015f y\u00fcksek performansl\u0131, tam \u00e7er\u00e7eve bilimsel bir CCD'dir. 15 \u03bcm \u00d7 15 \u03bcm piksel mimarisine sahip 2048(H) \u00d7 264(V) etkin piksel i\u00e7eren bu sens\u00f6r, ola\u011fan\u00fcst\u00fc hassasiyet, homojenlik ve kararl\u0131l\u0131k sunarak g\u00fcvenilir bir CCD dedekt\u00f6r\u00fc arayan OEM cihaz geli\u015ftiricileri i\u00e7in idealdir.<\/p>\n<p data-start=\"1728\" data-end=\"2079\">Ultra d\u00fc\u015f\u00fck g\u00fcr\u00fclt\u00fc ve d\u00fc\u015f\u00fck karanl\u0131k ak\u0131m i\u00e7in tasarlanan cihaz, tipik olarak seramik DIL ambalaj veya termoelektrik (TE) so\u011futmal\u0131 muhafaza kullan\u0131larak -60\u00b0C'de \u00e7al\u0131\u015ft\u0131r\u0131ld\u0131\u011f\u0131nda optimum performansa ula\u015f\u0131r. En y\u00fcksek kuantum verimlili\u011fi \u226585% olan bu cihaz, zorlu spektral ve analitik uygulamalar i\u00e7in \u00fcst\u00fcn foton toplama verimlili\u011fi sa\u011flar.<\/p>\n<p data-start=\"1728\" data-end=\"2079\"><img data-dominant-color=\"e5ddc0\" data-has-transparency=\"false\" style=\"--dominant-color: #e5ddc0;\" fetchpriority=\"high\" decoding=\"async\" class=\"aligncenter wp-image-6279 size-full not-transparent\" src=\"https:\/\/meskernel.net\/wp-content\/uploads\/2025\/11\/2000\u00d7256-Elements-Back-Illuminated-CCD-Sensor.webp\" alt=\"2000\u00d7256 Elemanl\u0131 Arka Ayd\u0131nlatmal\u0131 CCD Sens\u00f6r\" width=\"800\" height=\"800\" srcset=\"https:\/\/meskernel.net\/wp-content\/uploads\/2025\/11\/2000\u00d7256-Elements-Back-Illuminated-CCD-Sensor.webp 800w, https:\/\/meskernel.net\/wp-content\/uploads\/2025\/11\/2000\u00d7256-Elements-Back-Illuminated-CCD-Sensor-300x300.webp 300w, https:\/\/meskernel.net\/wp-content\/uploads\/2025\/11\/2000\u00d7256-Elements-Back-Illuminated-CCD-Sensor-150x150.webp 150w, https:\/\/meskernel.net\/wp-content\/uploads\/2025\/11\/2000\u00d7256-Elements-Back-Illuminated-CCD-Sensor-768x768.webp 768w, https:\/\/meskernel.net\/wp-content\/uploads\/2025\/11\/2000\u00d7256-Elements-Back-Illuminated-CCD-Sensor-12x12.webp 12w, https:\/\/meskernel.net\/wp-content\/uploads\/2025\/11\/2000\u00d7256-Elements-Back-Illuminated-CCD-Sensor-400x400.webp 400w, https:\/\/meskernel.net\/wp-content\/uploads\/2025\/11\/2000\u00d7256-Elements-Back-Illuminated-CCD-Sensor-100x100.webp 100w\" sizes=\"(max-width: 800px) 100vw, 800px\" \/><\/p>\n<hr data-start=\"2081\" data-end=\"2084\" \/>\n<h2 data-start=\"2086\" data-end=\"2105\"><strong data-start=\"2089\" data-end=\"2105\">Temel \u00d6zellikler<\/strong><\/h2>\n<ul data-start=\"2106\" data-end=\"2527\">\n<li data-start=\"2106\" data-end=\"2186\">\n<p data-start=\"2108\" data-end=\"2186\"><strong data-start=\"2108\" data-end=\"2138\">Arkadan ayd\u0131nlatmal\u0131 yap\u0131<\/strong> y\u00fcksek kuantum verimlili\u011fi i\u00e7in (\u226580%, tepe \u226585%)<\/p>\n<\/li>\n<li data-start=\"2187\" data-end=\"2256\">\n<p data-start=\"2189\" data-end=\"2256\"><strong data-start=\"2189\" data-end=\"2224\">Tam \u00e7er\u00e7eve spektroskopik sens\u00f6r<\/strong> b\u00fcy\u00fck 15 \u03bcm piksel tasar\u0131m\u0131 ile<\/p>\n<\/li>\n<li data-start=\"2257\" data-end=\"2321\">\n<p data-start=\"2259\" data-end=\"2321\"><strong data-start=\"2259\" data-end=\"2286\">D\u00fc\u015f\u00fck okuma g\u00fcr\u00fclt\u00fcs\u00fc \u22647 e-<\/strong> d\u00fc\u015f\u00fck \u0131\u015f\u0131kta do\u011fru alg\u0131lama i\u00e7in<\/p>\n<\/li>\n<li data-start=\"2322\" data-end=\"2373\">\n<p data-start=\"2324\" data-end=\"2373\"><strong data-start=\"2324\" data-end=\"2371\">M\u00fckemmel d\u00fc\u015f\u00fck karanl\u0131k sinyal \u2264<\/strong>0,3 e-\/piksel\/sn<\/p>\n<\/li>\n<li data-start=\"2374\" data-end=\"2439\">\n<p data-start=\"2376\" data-end=\"2439\"><strong data-start=\"2376\" data-end=\"2412\">Y\u00fcksek tam kuyu kapasitesi \u2265<\/strong>150 ke<strong data-start=\"2376\" data-end=\"2412\">\u207b<\/strong> g\u00fc\u00e7l\u00fc dinamik aral\u0131k i\u00e7in<\/p>\n<\/li>\n<li data-start=\"2440\" data-end=\"2489\">\n<p data-start=\"2442\" data-end=\"2489\"><strong data-start=\"2442\" data-end=\"2487\">H\u0131zl\u0131 spektral al\u0131m - <\/strong>100 fps'ye kadar<\/p>\n<\/li>\n<li data-start=\"2490\" data-end=\"2527\">\n<p data-start=\"2492\" data-end=\"2527\"><strong data-start=\"2492\" data-end=\"2511\">Y\u00fcksek homojenlik<\/strong> PRNU \u22641% ile<\/p>\n<\/li>\n<\/ul>\n<hr data-start=\"2529\" data-end=\"2532\" \/>\n<h2 data-start=\"2534\" data-end=\"2561\"><strong data-start=\"2537\" data-end=\"2561\">Tipik Uygulamalar<\/strong><\/h2>\n<ul data-start=\"2562\" data-end=\"2832\">\n<li data-start=\"2562\" data-end=\"2605\">\n<p data-start=\"2564\" data-end=\"2605\">UV-VIS-NIR spektroskopi cihazlar\u0131<\/p>\n<\/li>\n<li data-start=\"2606\" data-end=\"2628\">\n<p data-start=\"2608\" data-end=\"2628\">Raman spektroskopisi<\/p>\n<\/li>\n<li data-start=\"2629\" data-end=\"2654\">\n<p data-start=\"2631\" data-end=\"2654\">Floresan analizi<\/p>\n<\/li>\n<li data-start=\"2655\" data-end=\"2685\">\n<p data-start=\"2657\" data-end=\"2685\">Bilimsel g\u00f6r\u00fcnt\u00fcleme sistemleri<\/p>\n<\/li>\n<li data-start=\"2686\" data-end=\"2716\">\n<p data-start=\"2688\" data-end=\"2716\">Laboratuvar enstr\u00fcmantasyonu<\/p>\n<\/li>\n<li data-start=\"2717\" data-end=\"2762\">\n<p data-start=\"2719\" data-end=\"2762\">Optik \u00f6l\u00e7\u00fcm ve metroloji cihazlar\u0131<\/p>\n<\/li>\n<li data-start=\"2763\" data-end=\"2832\">\n<p data-start=\"2765\" data-end=\"2832\">Y\u00fcksek hassasiyetli CCD dedekt\u00f6rleri gerektiren OEM analitik ekipmanlar\u0131<\/p>\n<\/li>\n<\/ul>\n<hr data-start=\"2834\" data-end=\"2837\" \/>\n<h2 data-start=\"2839\" data-end=\"2872\"><strong data-start=\"2842\" data-end=\"2870\">Teknik \u00d6zellikler<\/strong><\/h2>\n<div class=\"_tableContainer_1rjym_1\">\n<div class=\"group _tableWrapper_1rjym_13 flex w-fit flex-col-reverse\" tabindex=\"-1\">\n<table class=\"w-fit min-w-(--thread-content-width)\" data-start=\"2873\" data-end=\"3343\">\n<thead data-start=\"2873\" data-end=\"2902\">\n<tr data-start=\"2873\" data-end=\"2902\">\n<th data-start=\"2873\" data-end=\"2889\" data-col-size=\"sm\"><strong data-start=\"2875\" data-end=\"2888\">Parametre<\/strong><\/th>\n<th data-start=\"2889\" data-end=\"2902\" data-col-size=\"sm\"><strong data-start=\"2891\" data-end=\"2900\">De\u011fer<\/strong><\/th>\n<\/tr>\n<\/thead>\n<tbody data-start=\"2933\" data-end=\"3343\">\n<tr data-start=\"2933\" data-end=\"2971\">\n<td data-start=\"2933\" data-end=\"2949\" data-col-size=\"sm\">Aktif pikseller<\/td>\n<td data-col-size=\"sm\" data-start=\"2949\" data-end=\"2971\">2000 (H) \u00d7 256 (V)<\/td>\n<\/tr>\n<tr data-start=\"2972\" data-end=\"3002\">\n<td data-start=\"2972\" data-end=\"2985\" data-col-size=\"sm\">Piksel boyutu<\/td>\n<td data-col-size=\"sm\" data-start=\"2985\" data-end=\"3002\">15 \u03bcm \u00d7 15 \u03bcm<\/td>\n<\/tr>\n<tr data-start=\"3003\" data-end=\"3041\">\n<td data-start=\"3003\" data-end=\"3023\" data-col-size=\"sm\">Aktif g\u00f6r\u00fcnt\u00fc alan\u0131<\/td>\n<td data-col-size=\"sm\" data-start=\"3023\" data-end=\"3041\">30 mm \u00d7 3,8 mm<\/td>\n<\/tr>\n<tr data-start=\"3042\" data-end=\"3073\">\n<td data-start=\"3042\" data-end=\"3059\" data-col-size=\"sm\">\u00c7al\u0131\u015fma modu<\/td>\n<td data-col-size=\"sm\" data-start=\"3059\" data-end=\"3073\">Tam \u00e7er\u00e7eve<\/td>\n<\/tr>\n<tr data-start=\"3074\" data-end=\"3107\">\n<td data-start=\"3074\" data-end=\"3095\" data-col-size=\"sm\">Tam kuyu kapasitesi<\/td>\n<td data-col-size=\"sm\" data-start=\"3095\" data-end=\"3107\">\u2265150 ke-<\/td>\n<\/tr>\n<tr data-start=\"3108\" data-end=\"3149\">\n<td data-start=\"3108\" data-end=\"3137\" data-col-size=\"sm\">\u00c7\u0131k\u0131\u015f kayd\u0131 doygunlu\u011fu<\/td>\n<td data-col-size=\"sm\" data-start=\"3137\" data-end=\"3149\">\u2265300 ke-<\/td>\n<\/tr>\n<tr data-start=\"3150\" data-end=\"3175\">\n<td data-start=\"3150\" data-end=\"3166\" data-col-size=\"sm\">Okuma g\u00fcr\u00fclt\u00fcs\u00fc<\/td>\n<td data-col-size=\"sm\" data-start=\"3166\" data-end=\"3175\">\u22647 e-<\/td>\n<\/tr>\n<tr data-start=\"3176\" data-end=\"3212\">\n<td data-start=\"3176\" data-end=\"3191\" data-col-size=\"sm\">Karanl\u0131k ak\u0131m<\/td>\n<td data-col-size=\"sm\" data-start=\"3191\" data-end=\"3212\">\u22640,3 e-\/piksel\/sn<\/td>\n<\/tr>\n<tr data-start=\"3213\" data-end=\"3255\">\n<td data-start=\"3213\" data-end=\"3247\" data-col-size=\"sm\">Kuantum verimlili\u011fi (540-700 nm)<\/td>\n<td data-col-size=\"sm\" data-start=\"3247\" data-end=\"3255\">\u226580%<\/td>\n<\/tr>\n<tr data-start=\"3256\" data-end=\"3290\">\n<td data-start=\"3256\" data-end=\"3282\" data-col-size=\"sm\">Tepe kuantum verimlili\u011fi<\/td>\n<td data-col-size=\"sm\" data-start=\"3282\" data-end=\"3290\">\u226585%<\/td>\n<\/tr>\n<tr data-start=\"3291\" data-end=\"3328\">\n<td data-start=\"3291\" data-end=\"3317\" data-col-size=\"sm\">Maksimum spektral kare h\u0131z\u0131<\/td>\n<td data-col-size=\"sm\" data-start=\"3317\" data-end=\"3328\">100 fps<\/td>\n<\/tr>\n<tr data-start=\"3329\" data-end=\"3343\">\n<td data-start=\"3329\" data-end=\"3336\" data-col-size=\"sm\">PRNU<\/td>\n<td data-start=\"3336\" data-end=\"3343\" data-col-size=\"sm\">\u22641%<\/td>\n<\/tr>\n<\/tbody>\n<\/table>\n<\/div>\n<\/div>\n<hr data-start=\"3345\" data-end=\"3348\" \/>\n<h2 data-start=\"3350\" data-end=\"3401\"><strong data-start=\"3353\" data-end=\"3401\">Neden Bu Arkadan Ayd\u0131nlatmal\u0131 CCD Sens\u00f6r\u00fc Se\u00e7melisiniz?<\/strong><\/h2>\n<p data-start=\"3402\" data-end=\"3740\">Y\u00fcksek do\u011fruluk, d\u00fc\u015f\u00fck g\u00fcr\u00fclt\u00fc ve m\u00fckemmel spektral hassasiyet arayan cihaz \u00fcreticileri ve ara\u015ft\u0131rma geli\u015ftiricileri i\u00e7in bu CCD, en uygun maliyetli ve istikrarl\u0131 \u00e7\u00f6z\u00fcmlerden birini sunar. Y\u00fcksek QE ve d\u00fc\u015f\u00fck g\u00fcr\u00fclt\u00fc \u00f6zellikleri spektroskopi, laboratuvar cihazlar\u0131 ve OEM alg\u0131lama platformlar\u0131nda g\u00fcvenilir performans sa\u011flar.<\/p>\n<p data-start=\"3742\" data-end=\"3939\">Sens\u00f6r ayr\u0131ca CCD sens\u00f6rleri sat\u0131n almak, OEM CCD mod\u00fcllerini entegre etmek veya mevcut spektrometre dedekt\u00f6rlerini y\u00fcksek hassasiyetli arkadan ayd\u0131nlatmal\u0131 bir CCD ile y\u00fckseltmek isteyen m\u00fc\u015fteriler i\u00e7in de uygundur.<\/p>\n<hr data-start=\"3941\" data-end=\"3944\" \/>\n<h2 data-start=\"3946\" data-end=\"3978\"><strong data-start=\"3949\" data-end=\"3978\">Entegrasyon ve OEM Deste\u011fi<\/strong><\/h2>\n<p data-start=\"3979\" data-end=\"3990\">Biz sa\u011fl\u0131yoruz:<\/p>\n<ul data-start=\"3991\" data-end=\"4118\">\n<li data-start=\"3991\" data-end=\"4019\">\n<p data-start=\"3993\" data-end=\"4019\">OEM mod\u00fcl \u00f6zelle\u015ftirmesi<\/p>\n<\/li>\n<li data-start=\"4020\" data-end=\"4049\">\n<p data-start=\"4022\" data-end=\"4049\">TE so\u011futmal\u0131 paket se\u00e7enekleri<\/p>\n<\/li>\n<li data-start=\"4050\" data-end=\"4118\">\n<p data-start=\"4052\" data-end=\"4118\">End\u00fcstriyel ve bilimsel m\u00fc\u015fteriler i\u00e7in uzun vadeli tedarik deste\u011fi<\/p>\n<\/li>\n<\/ul>\n<p data-start=\"4120\" data-end=\"4191\">M\u00fchendislik \u00f6rnekleri, fiyatland\u0131rma veya teknik dan\u0131\u015fmanl\u0131k i\u00e7in bize ula\u015f\u0131n.<\/p>","protected":false},"excerpt":{"rendered":"<p>Spektroskopi, Raman ve bilimsel optik \u00f6l\u00e7\u00fcm i\u00e7in tasarlanm\u0131\u015f y\u00fcksek performansl\u0131 2000\u00d7256 arka ayd\u0131nlatmal\u0131 CCD sens\u00f6r sat\u0131n al\u0131n. OEM cihaz entegrasyonu i\u00e7in d\u00fc\u015f\u00fck g\u00fcr\u00fclt\u00fc, y\u00fcksek QE ve g\u00fcvenilir tam \u00e7er\u00e7eve alg\u0131lama.<\/p>","protected":false},"featured_media":6279,"template":"","meta":{"site-sidebar-layout":"default","site-content-layout":"","ast-site-content-layout":"default","site-content-style":"default","site-sidebar-style":"default","ast-global-header-display":"","ast-banner-title-visibility":"","ast-main-header-display":"","ast-hfb-above-header-display":"","ast-hfb-below-header-display":"","ast-hfb-mobile-header-display":"","site-post-title":"","ast-breadcrumbs-content":"","ast-featured-img":"","footer-sml-layout":"","ast-disable-related-posts":"","theme-transparent-header-meta":"default","adv-header-id-meta":"","stick-header-meta":"","header-above-stick-meta":"","header-main-stick-meta":"","header-below-stick-meta":"","astra-migrate-meta-layouts":"set","ast-page-background-enabled":"default","ast-page-background-meta":{"desktop":{"background-color":"var(--ast-global-color-4)","background-image":"","background-repeat":"repeat","background-position":"center center","background-size":"auto","background-attachment":"scroll","background-type":"","background-media":"","overlay-type":"","overlay-color":"","overlay-opacity":"","overlay-gradient":""},"tablet":{"background-color":"","background-image":"","background-repeat":"repeat","background-position":"center center","background-size":"auto","background-attachment":"scroll","background-type":"","background-media":"","overlay-type":"","overlay-color":"","overlay-opacity":"","overlay-gradient":""},"mobile":{"background-color":"","background-image":"","background-repeat":"repeat","background-position":"center center","background-size":"auto","background-attachment":"scroll","background-type":"","background-media":"","overlay-type":"","overlay-color":"","overlay-opacity":"","overlay-gradient":""}},"ast-content-background-meta":{"desktop":{"background-color":"var(--ast-global-color-5)","background-image":"","background-repeat":"repeat","background-position":"center center","background-size":"auto","background-attachment":"scroll","background-type":"","background-media":"","overlay-type":"","overlay-color":"","overlay-opacity":"","overlay-gradient":""},"tablet":{"background-color":"var(--ast-global-color-5)","background-image":"","background-repeat":"repeat","background-position":"center center","background-size":"auto","background-attachment":"scroll","background-type":"","background-media":"","overlay-type":"","overlay-color":"","overlay-opacity":"","overlay-gradient":""},"mobile":{"background-color":"var(--ast-global-color-5)","background-image":"","background-repeat":"repeat","background-position":"center center","background-size":"auto","background-attachment":"scroll","background-type":"","background-media":"","overlay-type":"","overlay-color":"","overlay-opacity":"","overlay-gradient":""}}},"product_brand":[],"product_cat":[62],"product_tag":[],"class_list":{"0":"post-6278","1":"product","2":"type-product","3":"status-publish","4":"has-post-thumbnail","6":"product_cat-detectors-components","7":"desktop-align-center","8":"tablet-align-left","9":"mobile-align-left","11":"first","12":"instock","13":"shipping-taxable","14":"product-type-simple"},"_links":{"self":[{"href":"https:\/\/meskernel.net\/tr\/wp-json\/wp\/v2\/product\/6278","targetHints":{"allow":["GET"]}}],"collection":[{"href":"https:\/\/meskernel.net\/tr\/wp-json\/wp\/v2\/product"}],"about":[{"href":"https:\/\/meskernel.net\/tr\/wp-json\/wp\/v2\/types\/product"}],"version-history":[{"count":0,"href":"https:\/\/meskernel.net\/tr\/wp-json\/wp\/v2\/product\/6278\/revisions"}],"wp:featuredmedia":[{"embeddable":true,"href":"https:\/\/meskernel.net\/tr\/wp-json\/wp\/v2\/media\/6279"}],"wp:attachment":[{"href":"https:\/\/meskernel.net\/tr\/wp-json\/wp\/v2\/media?parent=6278"}],"wp:term":[{"taxonomy":"product_brand","embeddable":true,"href":"https:\/\/meskernel.net\/tr\/wp-json\/wp\/v2\/product_brand?post=6278"},{"taxonomy":"product_cat","embeddable":true,"href":"https:\/\/meskernel.net\/tr\/wp-json\/wp\/v2\/product_cat?post=6278"},{"taxonomy":"product_tag","embeddable":true,"href":"https:\/\/meskernel.net\/tr\/wp-json\/wp\/v2\/product_tag?post=6278"}],"curies":[{"name":"wp","href":"https:\/\/api.w.org\/{rel}","templated":true}]}}