{"id":6283,"date":"2025-11-17T11:30:15","date_gmt":"2025-11-17T03:30:15","guid":{"rendered":"https:\/\/meskernel.net\/?post_type=product&#038;p=6283"},"modified":"2025-11-17T11:30:16","modified_gmt":"2025-11-17T03:30:16","slug":"gece-gorus-sensoru","status":"publish","type":"product","link":"https:\/\/meskernel.net\/tr\/product\/night-vision-sensor\/","title":{"rendered":"Savunma, G\u00fcvenlik ve Makine G\u00f6r\u00fc\u015f\u00fc i\u00e7in 1024P Sub 1 mLux Ultra D\u00fc\u015f\u00fck I\u015f\u0131k Monokrom Gece G\u00f6r\u00fc\u015f Sens\u00f6r\u00fc"},"content":{"rendered":"<p data-start=\"1173\" data-end=\"1262\"><strong data-start=\"1173\" data-end=\"1262\">Savunma, G\u00fcvenlik ve Makine G\u00f6r\u00fc\u015f\u00fc i\u00e7in Ultra D\u00fc\u015f\u00fck I\u015f\u0131k Monokrom Gece G\u00f6r\u00fc\u015f Sens\u00f6r\u00fc<\/strong><\/p>\n<p data-start=\"1264\" data-end=\"1745\">1024P Sub 1 mLux Dijital Gece G\u00f6r\u00fc\u015f mod\u00fcl\u00fc, a\u015f\u0131r\u0131 d\u00fc\u015f\u00fck \u0131\u015f\u0131kl\u0131 ortamlar i\u00e7in tasarlanm\u0131\u015f y\u00fcksek performansl\u0131 tek renkli bir g\u00f6r\u00fcnt\u00fcleme \u00e7\u00f6z\u00fcm\u00fcd\u00fcr ve 0,65 mLux (ays\u0131z y\u0131ld\u0131z \u0131\u015f\u0131\u011f\u0131) kadar d\u00fc\u015f\u00fck ayd\u0131nlatma seviyelerinde net g\u00f6r\u00fcnt\u00fcler sunar<\/p>\n<p class=\"not-prose mt-0! mb-0! flex-auto truncate\">1280 \u00d7 1024 CMOS g\u00f6r\u00fcnt\u00fc sens\u00f6r\u00fcnden g\u00fc\u00e7 alan bu \u00fcr\u00fcn, savunma, g\u00f6zetleme ve end\u00fcstriyel uygulamalar i\u00e7in optimize edilmi\u015f geli\u015fmi\u015f gece g\u00f6r\u00fc\u015f algoritmalar\u0131yla ger\u00e7ek zamanl\u0131 30 fps \/ 60 fps \u00e7\u0131k\u0131\u015f sa\u011flar.<\/p>\n<p data-start=\"1747\" data-end=\"2069\">Bu dijital gece g\u00f6r\u00fc\u015f sens\u00f6r\u00fc mod\u00fcl\u00fc, HDR g\u00f6r\u00fcnt\u00fcleme, yak\u0131n k\u0131z\u0131l\u00f6tesi geli\u015ftirme, 3D g\u00fcr\u00fclt\u00fc azaltma, kusurlu piksel d\u00fczeltme, sis giderme ve d\u00fc\u015f\u00fck gecikmeli i\u015fleme gibi kritik \u00f6zellikleri entegre ederek profesyonel gece g\u00f6r\u00fc\u015f cihazlar\u0131 \u00fcreten veya mevcut g\u00f6r\u00fcnt\u00fcleme sistemlerini y\u00fckselten OEM'ler i\u00e7in g\u00fcvenilir bir se\u00e7imdir.<\/p>\n<p data-start=\"1747\" data-end=\"2069\"><img data-dominant-color=\"fbfafb\" data-has-transparency=\"false\" style=\"--dominant-color: #fbfafb;\" fetchpriority=\"high\" decoding=\"async\" class=\"aligncenter wp-image-6286 size-full not-transparent\" src=\"https:\/\/meskernel.net\/wp-content\/uploads\/2025\/11\/Digital-Nightvision.webp\" alt=\"Dijital Gece G\u00f6r\u00fc\u015f\u00fc\" width=\"1000\" height=\"615\" srcset=\"https:\/\/meskernel.net\/wp-content\/uploads\/2025\/11\/Digital-Nightvision.webp 1000w, https:\/\/meskernel.net\/wp-content\/uploads\/2025\/11\/Digital-Nightvision-300x185.webp 300w, https:\/\/meskernel.net\/wp-content\/uploads\/2025\/11\/Digital-Nightvision-768x472.webp 768w, https:\/\/meskernel.net\/wp-content\/uploads\/2025\/11\/Digital-Nightvision-18x12.webp 18w, https:\/\/meskernel.net\/wp-content\/uploads\/2025\/11\/Digital-Nightvision-400x246.webp 400w\" sizes=\"(max-width: 1000px) 100vw, 1000px\" \/><\/p>\n<hr data-start=\"2071\" data-end=\"2074\" \/>\n<h2 data-start=\"2076\" data-end=\"2095\"><strong data-start=\"2079\" data-end=\"2095\">Temel \u00d6zellikler<\/strong><\/h2>\n<ul data-start=\"2096\" data-end=\"2640\">\n<li data-start=\"2096\" data-end=\"2177\">\n<p data-start=\"2098\" data-end=\"2177\">F1.4 lens ile 6.5\u00d710-\u2074 Lux'e kadar ultra d\u00fc\u015f\u00fck ayd\u0131nlatma \u00f6zelli\u011fi<\/p>\n<\/li>\n<li data-start=\"2178\" data-end=\"2234\">\n<p data-start=\"2180\" data-end=\"2234\">Yak\u0131n k\u0131z\u0131l\u00f6tesi geli\u015fmi\u015f hassasiyet (400-1100 nm)<\/p>\n<\/li>\n<li data-start=\"2235\" data-end=\"2274\">\n<p data-start=\"2237\" data-end=\"2274\">Y\u00fcksek dinamik aral\u0131k \u226580 dB (HDR)<\/p>\n<\/li>\n<li data-start=\"2275\" data-end=\"2335\">\n<p data-start=\"2277\" data-end=\"2335\">Ger\u00e7ek zamanl\u0131 gece g\u00f6r\u00fc\u015f\u00fc i\u00e7in d\u00fc\u015f\u00fck g\u00fcr\u00fclt\u00fc ve d\u00fc\u015f\u00fck gecikme s\u00fcresi<\/p>\n<\/li>\n<li data-start=\"2336\" data-end=\"2397\">\n<p data-start=\"2338\" data-end=\"2397\">Dahili 3D g\u00fcr\u00fclt\u00fc azaltma ve kusurlu piksel d\u00fczeltme<\/p>\n<\/li>\n<li data-start=\"2398\" data-end=\"2447\">\n<p data-start=\"2400\" data-end=\"2447\">Sis giderme ve g\u00f6r\u00fcnt\u00fc iyile\u015ftirme fonksiyonlar\u0131<\/p>\n<\/li>\n<li data-start=\"2448\" data-end=\"2508\">\n<p data-start=\"2450\" data-end=\"2508\">Dinamik ayd\u0131nlatma ortamlar\u0131 i\u00e7in otomatik pozlama<\/p>\n<\/li>\n<li data-start=\"2509\" data-end=\"2570\">\n<p data-start=\"2511\" data-end=\"2570\">Geometrik merkez sens\u00f6r yerle\u015fimi ile kompakt tasar\u0131m<\/p>\n<\/li>\n<li data-start=\"2571\" data-end=\"2640\">\n<p data-start=\"2573\" data-end=\"2640\">\u00c7oklu \u00e7\u0131k\u0131\u015f aray\u00fczlerini destekler: Camera Link \/ OLED \/ GbE<\/p>\n<\/li>\n<\/ul>\n<hr data-start=\"2642\" data-end=\"2645\" \/>\n<h2 data-start=\"2647\" data-end=\"2674\"><strong data-start=\"2650\" data-end=\"2674\">Tipik Uygulamalar<\/strong><\/h2>\n<p data-start=\"2675\" data-end=\"2775\">A\u015f\u0131r\u0131 karanl\u0131k ko\u015fullarda istikrarl\u0131 performans gerektiren profesyonel g\u00f6r\u00fcnt\u00fcleme sistemleri i\u00e7in tasarlanm\u0131\u015ft\u0131r:<\/p>\n<ul data-start=\"2777\" data-end=\"3088\">\n<li data-start=\"2777\" data-end=\"2851\">\n<p data-start=\"2779\" data-end=\"2851\">Savunma ve askeri g\u00f6zetim<\/p>\n<\/li>\n<li data-start=\"2852\" data-end=\"2886\">\n<p data-start=\"2854\" data-end=\"2886\">Z\u0131rhl\u0131 ara\u00e7 g\u00f6r\u00fc\u015f sistemleri<\/p>\n<\/li>\n<li data-start=\"2887\" data-end=\"2927\">\n<p data-start=\"2889\" data-end=\"2927\">S\u0131n\u0131r ve altyap\u0131 izleme<\/p>\n<\/li>\n<li data-start=\"2928\" data-end=\"2973\">\n<p data-start=\"2930\" data-end=\"2973\">Bireysel asker gece g\u00f6r\u00fc\u015f ekipman\u0131<\/p>\n<\/li>\n<li data-start=\"2974\" data-end=\"3015\">\n<p data-start=\"2976\" data-end=\"3015\">D\u00fc\u015f\u00fck \u0131\u015f\u0131kl\u0131 fabrikalarda makine g\u00f6r\u00fc\u015f\u00fc<\/p>\n<\/li>\n<li data-start=\"3016\" data-end=\"3053\">\n<p data-start=\"3018\" data-end=\"3053\">\u00c7evre ve g\u00fcvenlik g\u00f6zetimi<\/p>\n<\/li>\n<li data-start=\"3054\" data-end=\"3088\">\n<p data-start=\"3056\" data-end=\"3088\">OEM dijital gece g\u00f6r\u00fc\u015f cihazlar\u0131<\/p>\n<\/li>\n<\/ul>\n<hr data-start=\"3090\" data-end=\"3093\" \/>\n<h2 data-start=\"3095\" data-end=\"3126\"><strong data-start=\"3098\" data-end=\"3126\">Teknik \u00d6zellikler<\/strong><\/h2>\n<div class=\"_tableContainer_1rjym_1\">\n<div class=\"group _tableWrapper_1rjym_13 flex w-fit flex-col-reverse\" tabindex=\"-1\">\n<table class=\"w-fit min-w-(--thread-content-width)\" data-start=\"3128\" data-end=\"4086\">\n<thead data-start=\"3128\" data-end=\"3157\">\n<tr data-start=\"3128\" data-end=\"3157\">\n<th data-start=\"3128\" data-end=\"3144\" data-col-size=\"sm\"><strong data-start=\"3130\" data-end=\"3143\">Parametre<\/strong><\/th>\n<th data-start=\"3144\" data-end=\"3157\" data-col-size=\"md\"><strong data-start=\"3146\" data-end=\"3155\">De\u011fer<\/strong><\/th>\n<\/tr>\n<\/thead>\n<tbody data-start=\"3188\" data-end=\"4086\">\n<tr data-start=\"3188\" data-end=\"3226\">\n<td data-start=\"3188\" data-end=\"3206\" data-col-size=\"sm\"><strong data-start=\"3190\" data-end=\"3205\">Sens\u00f6r Tipi<\/strong><\/td>\n<td data-col-size=\"md\" data-start=\"3206\" data-end=\"3226\">CMOS, tek renkli<\/td>\n<\/tr>\n<tr data-start=\"3227\" data-end=\"3321\">\n<td data-start=\"3227\" data-end=\"3244\" data-col-size=\"sm\"><strong data-start=\"3229\" data-end=\"3243\">Dizi Boyutu<\/strong><\/td>\n<td data-col-size=\"md\" data-start=\"3244\" data-end=\"3321\">1280(Y) \u00d7 1024(V) \/ 1024P \/ 1,3 Mpix<\/td>\n<\/tr>\n<tr data-start=\"3322\" data-end=\"3358\">\n<td data-start=\"3322\" data-end=\"3339\" data-col-size=\"sm\"><strong data-start=\"3324\" data-end=\"3338\">Piksel Boyutu<\/strong><\/td>\n<td data-col-size=\"md\" data-start=\"3339\" data-end=\"3358\">9,7 \u03bcm \u00d7 9,7 \u03bcm<\/td>\n<\/tr>\n<tr data-start=\"3359\" data-end=\"3393\">\n<td data-start=\"3359\" data-end=\"3376\" data-col-size=\"sm\"><strong data-start=\"3361\" data-end=\"3375\">Kare H\u0131z\u0131<\/strong><\/td>\n<td data-col-size=\"md\" data-start=\"3376\" data-end=\"3393\">30 Hz \/ 60 Hz<\/td>\n<\/tr>\n<tr data-start=\"3394\" data-end=\"3459\">\n<td data-start=\"3394\" data-end=\"3421\" data-col-size=\"sm\"><strong data-start=\"3396\" data-end=\"3420\">Minimum Ayd\u0131nlatma<\/strong><\/td>\n<td data-col-size=\"md\" data-start=\"3421\" data-end=\"3459\">6,5 \u00d7 10-\u2074 Lux (35 mm lens @ F1,4)<\/td>\n<\/tr>\n<tr data-start=\"3460\" data-end=\"3514\">\n<td data-start=\"3460\" data-end=\"3480\" data-col-size=\"sm\"><strong data-start=\"3462\" data-end=\"3479\">Dinamik Aral\u0131k<\/strong><\/td>\n<td data-start=\"3480\" data-end=\"3514\" data-col-size=\"md\">\u226580 dB (HDR), \u226568 dB (HDR olmayan)<\/td>\n<\/tr>\n<tr data-start=\"3515\" data-end=\"3551\">\n<td data-start=\"3515\" data-end=\"3536\" data-col-size=\"sm\"><strong data-start=\"3517\" data-end=\"3535\">Spektral Aral\u0131k<\/strong><\/td>\n<td data-col-size=\"md\" data-start=\"3536\" data-end=\"3551\">400-1100 nm<\/td>\n<\/tr>\n<tr data-start=\"3552\" data-end=\"3596\">\n<td data-start=\"3552\" data-end=\"3577\" data-col-size=\"sm\"><strong data-start=\"3554\" data-end=\"3576\">Elektronik Deklan\u015f\u00f6r<\/strong><\/td>\n<td data-col-size=\"md\" data-start=\"3577\" data-end=\"3596\">Panjur<\/td>\n<\/tr>\n<tr data-start=\"3597\" data-end=\"3627\">\n<td data-start=\"3597\" data-end=\"3616\" data-col-size=\"sm\"><strong data-start=\"3599\" data-end=\"3615\">Kazan\u00e7 Kontrol\u00fc<\/strong><\/td>\n<td data-col-size=\"md\" data-start=\"3616\" data-end=\"3627\">0-24 dB<\/td>\n<\/tr>\n<tr data-start=\"3628\" data-end=\"3697\">\n<td data-start=\"3628\" data-end=\"3650\" data-col-size=\"sm\"><strong data-start=\"3630\" data-end=\"3649\">G\u00fcr\u00fclt\u00fc Azaltma<\/strong><\/td>\n<td data-col-size=\"md\" data-start=\"3650\" data-end=\"3697\">3D g\u00fcr\u00fclt\u00fc azaltma, kusurlu piksel d\u00fczeltme<\/td>\n<\/tr>\n<tr data-start=\"3698\" data-end=\"3750\">\n<td data-start=\"3698\" data-end=\"3722\" data-col-size=\"sm\"><strong data-start=\"3700\" data-end=\"3721\">\u00c7\u0131k\u0131\u015f Aray\u00fczleri<\/strong><\/td>\n<td data-col-size=\"md\" data-start=\"3722\" data-end=\"3750\">Camera Link \/ OLED \/ GbE<\/td>\n<\/tr>\n<tr data-start=\"3751\" data-end=\"3780\">\n<td data-start=\"3751\" data-end=\"3770\" data-col-size=\"sm\"><strong data-start=\"3753\" data-end=\"3769\">\u00c7\u0131k\u0131\u015f Saati<\/strong><\/td>\n<td data-col-size=\"md\" data-start=\"3770\" data-end=\"3780\">50 MHz<\/td>\n<\/tr>\n<tr data-start=\"3781\" data-end=\"3809\">\n<td data-start=\"3781\" data-end=\"3800\" data-col-size=\"sm\"><strong data-start=\"3783\" data-end=\"3799\">G\u00fc\u00e7 Kayna\u011f\u0131<\/strong><\/td>\n<td data-col-size=\"md\" data-start=\"3800\" data-end=\"3809\">4-6 V<\/td>\n<\/tr>\n<tr data-start=\"3810\" data-end=\"3842\">\n<td data-start=\"3810\" data-end=\"3834\" data-col-size=\"sm\"><strong data-start=\"3812\" data-end=\"3833\">G\u00fc\u00e7 T\u00fcketimi<\/strong><\/td>\n<td data-col-size=\"md\" data-start=\"3834\" data-end=\"3842\">\u22642 W<\/td>\n<\/tr>\n<tr data-start=\"3843\" data-end=\"3888\">\n<td data-start=\"3843\" data-end=\"3871\" data-col-size=\"sm\"><strong data-start=\"3845\" data-end=\"3870\">\u00c7al\u0131\u015fma S\u0131cakl\u0131\u011f\u0131<\/strong><\/td>\n<td data-col-size=\"md\" data-start=\"3871\" data-end=\"3888\">-55 ila +70 \u00b0C<\/td>\n<\/tr>\n<tr data-start=\"3889\" data-end=\"3932\">\n<td data-start=\"3889\" data-end=\"3915\" data-col-size=\"sm\"><strong data-start=\"3891\" data-end=\"3914\">Depolama S\u0131cakl\u0131\u011f\u0131<\/strong><\/td>\n<td data-col-size=\"md\" data-start=\"3915\" data-end=\"3932\">-55 ila +70 \u00b0C<\/td>\n<\/tr>\n<tr data-start=\"3933\" data-end=\"4027\">\n<td data-start=\"3933\" data-end=\"3973\" data-col-size=\"sm\"><strong data-start=\"3935\" data-end=\"3972\">\u00d6nerilen \u00c7al\u0131\u015fma S\u0131cakl\u0131\u011f\u0131<\/strong><\/td>\n<td data-col-size=\"md\" data-start=\"3973\" data-end=\"4027\">-40 ila +60 \u00b0C<\/p>\n<p class=\"not-prose mt-0! mb-0! flex-auto truncate\">1024P Sub 1 mLux Dijital Gece V...<\/p>\n<\/td>\n<\/tr>\n<tr data-start=\"4028\" data-end=\"4086\">\n<td data-start=\"4028\" data-end=\"4056\" data-col-size=\"sm\"><strong data-start=\"4030\" data-end=\"4055\">Kurulum Pozisyonu<\/strong><\/td>\n<td data-col-size=\"md\" data-start=\"4056\" data-end=\"4086\">Geometrik merkezdeki sens\u00f6r<\/td>\n<\/tr>\n<\/tbody>\n<\/table>\n<\/div>\n<\/div>\n<hr data-start=\"4088\" data-end=\"4091\" \/>\n<h2 data-start=\"4093\" data-end=\"4144\"><strong data-start=\"4096\" data-end=\"4144\">Neden Bu Dijital Gece G\u00f6r\u00fc\u015f Sens\u00f6r\u00fcn\u00fc Se\u00e7melisiniz?<\/strong><\/h2>\n<p data-start=\"4145\" data-end=\"4363\">Bu mod\u00fcl, geleneksel CMOS sens\u00f6rlerin ba\u015far\u0131s\u0131z oldu\u011fu kritik g\u00f6rev ortamlar\u0131 i\u00e7in tasarlanm\u0131\u015ft\u0131r. Alt-mLux hassasiyeti, HDR g\u00f6r\u00fcnt\u00fcleme, sis penetrasyon algoritmalar\u0131 ve NIR yan\u0131t\u0131 ile istikrarl\u0131 performans sunar:<\/p>\n<ul data-start=\"4365\" data-end=\"4475\">\n<li data-start=\"4365\" data-end=\"4378\">\n<p data-start=\"4367\" data-end=\"4378\">y\u0131ld\u0131z \u0131\u015f\u0131\u011f\u0131<\/p>\n<\/li>\n<li data-start=\"4379\" data-end=\"4398\">\n<p data-start=\"4381\" data-end=\"4398\">Ays\u0131z geceler<\/p>\n<\/li>\n<li data-start=\"4399\" data-end=\"4419\">\n<p data-start=\"4401\" data-end=\"4419\">sis, toz, duman<\/p>\n<\/li>\n<li data-start=\"4420\" data-end=\"4447\">\n<p data-start=\"4422\" data-end=\"4447\">d\u00fc\u015f\u00fck kontrastl\u0131 ko\u015fullar<\/p>\n<\/li>\n<li data-start=\"4448\" data-end=\"4475\">\n<p data-start=\"4450\" data-end=\"4475\">uzun menzilli g\u00f6zetleme<\/p>\n<\/li>\n<\/ul>\n<p data-start=\"4477\" data-end=\"4642\">Dijital bir gece g\u00f6r\u00fc\u015f sens\u00f6r\u00fc sat\u0131n almas\u0131 gereken entegrat\u00f6rler i\u00e7in bu model, g\u00f6r\u00fcnt\u00fc kalitesi, g\u00fcvenilirlik ve kolay OEM entegrasyonu aras\u0131nda ideal dengeyi sa\u011flar.<\/p>\n<p data-start=\"4477\" data-end=\"4642\"><img data-dominant-color=\"c5c9cf\" data-has-transparency=\"false\" style=\"--dominant-color: #c5c9cf;\" decoding=\"async\" class=\"aligncenter wp-image-6285 size-full not-transparent\" src=\"https:\/\/meskernel.net\/wp-content\/uploads\/2025\/11\/Defense-and-Surveillance-Systems.webp\" alt=\"Savunma ve G\u00f6zetim Sistemleri\" width=\"800\" height=\"800\" srcset=\"https:\/\/meskernel.net\/wp-content\/uploads\/2025\/11\/Defense-and-Surveillance-Systems.webp 800w, https:\/\/meskernel.net\/wp-content\/uploads\/2025\/11\/Defense-and-Surveillance-Systems-300x300.webp 300w, https:\/\/meskernel.net\/wp-content\/uploads\/2025\/11\/Defense-and-Surveillance-Systems-150x150.webp 150w, https:\/\/meskernel.net\/wp-content\/uploads\/2025\/11\/Defense-and-Surveillance-Systems-768x768.webp 768w, https:\/\/meskernel.net\/wp-content\/uploads\/2025\/11\/Defense-and-Surveillance-Systems-12x12.webp 12w, https:\/\/meskernel.net\/wp-content\/uploads\/2025\/11\/Defense-and-Surveillance-Systems-400x400.webp 400w, https:\/\/meskernel.net\/wp-content\/uploads\/2025\/11\/Defense-and-Surveillance-Systems-100x100.webp 100w\" sizes=\"(max-width: 800px) 100vw, 800px\" \/><\/p>\n<hr data-start=\"4644\" data-end=\"4647\" \/>\n<h2 data-start=\"4649\" data-end=\"4683\"><strong data-start=\"4652\" data-end=\"4683\">OEM Deste\u011fi ve \u00d6zelle\u015ftirme<\/strong><\/h2>\n<p data-start=\"4684\" data-end=\"4695\">Biz sa\u011fl\u0131yoruz:<\/p>\n<ul data-start=\"4696\" data-end=\"4895\">\n<li data-start=\"4696\" data-end=\"4729\">\n<p data-start=\"4698\" data-end=\"4729\">Tam OEM mod\u00fcl \u00f6zelle\u015ftirmesi<\/p>\n<\/li>\n<li data-start=\"4730\" data-end=\"4781\">\n<p data-start=\"4732\" data-end=\"4781\">Aray\u00fcz adaptasyonu (Camera Link \/ GbE \/ OLED)<\/p>\n<\/li>\n<li data-start=\"4782\" data-end=\"4837\">\n<p data-start=\"4784\" data-end=\"4837\">Savunma ve end\u00fcstriyel m\u00fc\u015fteriler i\u00e7in uzun vadeli tedarik<\/p>\n<\/li>\n<li data-start=\"4838\" data-end=\"4895\">\n<p data-start=\"4840\" data-end=\"4895\">M\u00fchendislik \u00f6rnekleri ve teknik entegrasyon deste\u011fi<\/p>\n<\/li>\n<\/ul>","protected":false},"excerpt":{"rendered":"<p>1024P sub-1 mLux dijital gece g\u00f6r\u00fc\u015f sens\u00f6r\u00fc, 0,65 mLux alt\u0131nda net monokrom g\u00f6r\u00fcnt\u00fcleme sa\u011flar. HDR, d\u00fc\u015f\u00fck g\u00fcr\u00fclt\u00fc, NIR geli\u015ftirme, sis giderme ve 30\/60 fps \u00e7\u0131k\u0131\u015f \u00f6zelliklerine sahiptir. Savunma, g\u00f6zetleme, z\u0131rhl\u0131 ara\u00e7lar ve makine g\u00f6r\u00fc\u015f\u00fc uygulamalar\u0131 i\u00e7in idealdir.<\/p>","protected":false},"featured_media":6288,"template":"","meta":{"site-sidebar-layout":"default","site-content-layout":"","ast-site-content-layout":"default","site-content-style":"default","site-sidebar-style":"default","ast-global-header-display":"","ast-banner-title-visibility":"","ast-main-header-display":"","ast-hfb-above-header-display":"","ast-hfb-below-header-display":"","ast-hfb-mobile-header-display":"","site-post-title":"","ast-breadcrumbs-content":"","ast-featured-img":"","footer-sml-layout":"","ast-disable-related-posts":"","theme-transparent-header-meta":"default","adv-header-id-meta":"","stick-header-meta":"","header-above-stick-meta":"","header-main-stick-meta":"","header-below-stick-meta":"","astra-migrate-meta-layouts":"set","ast-page-background-enabled":"default","ast-page-background-meta":{"desktop":{"background-color":"var(--ast-global-color-4)","background-image":"","background-repeat":"repeat","background-position":"center center","background-size":"auto","background-attachment":"scroll","background-type":"","background-media":"","overlay-type":"","overlay-color":"","overlay-opacity":"","overlay-gradient":""},"tablet":{"background-color":"","background-image":"","background-repeat":"repeat","background-position":"center center","background-size":"auto","background-attachment":"scroll","background-type":"","background-media":"","overlay-type":"","overlay-color":"","overlay-opacity":"","overlay-gradient":""},"mobile":{"background-color":"","background-image":"","background-repeat":"repeat","background-position":"center center","background-size":"auto","background-attachment":"scroll","background-type":"","background-media":"","overlay-type":"","overlay-color":"","overlay-opacity":"","overlay-gradient":""}},"ast-content-background-meta":{"desktop":{"background-color":"var(--ast-global-color-5)","background-image":"","background-repeat":"repeat","background-position":"center center","background-size":"auto","background-attachment":"scroll","background-type":"","background-media":"","overlay-type":"","overlay-color":"","overlay-opacity":"","overlay-gradient":""},"tablet":{"background-color":"var(--ast-global-color-5)","background-image":"","background-repeat":"repeat","background-position":"center center","background-size":"auto","background-attachment":"scroll","background-type":"","background-media":"","overlay-type":"","overlay-color":"","overlay-opacity":"","overlay-gradient":""},"mobile":{"background-color":"var(--ast-global-color-5)","background-image":"","background-repeat":"repeat","background-position":"center center","background-size":"auto","background-attachment":"scroll","background-type":"","background-media":"","overlay-type":"","overlay-color":"","overlay-opacity":"","overlay-gradient":""}}},"product_brand":[],"product_cat":[62],"product_tag":[],"class_list":{"0":"post-6283","1":"product","2":"type-product","3":"status-publish","4":"has-post-thumbnail","6":"product_cat-detectors-components","7":"desktop-align-center","8":"tablet-align-left","9":"mobile-align-left","11":"first","12":"instock","13":"shipping-taxable","14":"product-type-simple"},"_links":{"self":[{"href":"https:\/\/meskernel.net\/tr\/wp-json\/wp\/v2\/product\/6283","targetHints":{"allow":["GET"]}}],"collection":[{"href":"https:\/\/meskernel.net\/tr\/wp-json\/wp\/v2\/product"}],"about":[{"href":"https:\/\/meskernel.net\/tr\/wp-json\/wp\/v2\/types\/product"}],"version-history":[{"count":0,"href":"https:\/\/meskernel.net\/tr\/wp-json\/wp\/v2\/product\/6283\/revisions"}],"wp:featuredmedia":[{"embeddable":true,"href":"https:\/\/meskernel.net\/tr\/wp-json\/wp\/v2\/media\/6288"}],"wp:attachment":[{"href":"https:\/\/meskernel.net\/tr\/wp-json\/wp\/v2\/media?parent=6283"}],"wp:term":[{"taxonomy":"product_brand","embeddable":true,"href":"https:\/\/meskernel.net\/tr\/wp-json\/wp\/v2\/product_brand?post=6283"},{"taxonomy":"product_cat","embeddable":true,"href":"https:\/\/meskernel.net\/tr\/wp-json\/wp\/v2\/product_cat?post=6283"},{"taxonomy":"product_tag","embeddable":true,"href":"https:\/\/meskernel.net\/tr\/wp-json\/wp\/v2\/product_tag?post=6283"}],"curies":[{"name":"wp","href":"https:\/\/api.w.org\/{rel}","templated":true}]}}