{"id":6381,"date":"2025-12-02T17:55:41","date_gmt":"2025-12-02T09:55:41","guid":{"rendered":"https:\/\/meskernel.net\/?post_type=product&#038;p=6381"},"modified":"2026-01-29T10:07:24","modified_gmt":"2026-01-29T02:07:24","slug":"distance-sensor-for-drones","status":"publish","type":"product","link":"https:\/\/meskernel.net\/tr\/product\/distance-sensor-for-drones\/","title":{"rendered":"Dronlar i\u00e7in 1500m Uzun Menzilli Mesafe Sens\u00f6r\u00fc"},"content":{"rendered":"<p><span style=\"font-size: 16px;\">The 1500m Distance Sensor for Drones Module offers a powerful and precise measurement solution, combining accuracy, reliability, and versatility in one compact design. With a measuring range of 5 meters to 2000 meters and <\/span><strong style=\"font-size: 16px;\">\u00b1<\/strong><span style=\"font-size: 16px;\">1 meter accuracy, it is the ideal choice for projects requiring both short and long-distance measurements. Operating at frequencies between 1-3Hz, this module is perfect for a broad range of industries, including construction, surveying, robotics, and scientific research.This\u00a0Distance Sensor for Drones module is a laser distance sensor based on 905nm semiconductor laser, with UART (TTL protocol) data transmission interface for users to easily facilitate secondary development.<\/span><\/p>\n<figure id=\"attachment_2986\" aria-describedby=\"caption-attachment-2986\" style=\"width: 1000px\" class=\"wp-caption aligncenter\"><img fetchpriority=\"high\" decoding=\"async\" class=\"wp-image-2986 size-full\" title=\"UART lazer mesafe mod\u00fcl\u00fc TS1224 2000m\" src=\"https:\/\/meskernel.net\/wp-content\/uploads\/2024\/11\/UART-laser-distance-module-TS1224.jpg\" alt=\"UART lazer mesafe mod\u00fcl\u00fc TS1224\" width=\"1000\" height=\"500\" srcset=\"https:\/\/meskernel.net\/wp-content\/uploads\/2024\/11\/UART-laser-distance-module-TS1224.jpg 1000w, https:\/\/meskernel.net\/wp-content\/uploads\/2024\/11\/UART-laser-distance-module-TS1224-300x150.jpg 300w, https:\/\/meskernel.net\/wp-content\/uploads\/2024\/11\/UART-laser-distance-module-TS1224-768x384.jpg 768w, https:\/\/meskernel.net\/wp-content\/uploads\/2024\/11\/UART-laser-distance-module-TS1224-400x200.jpg 400w\" sizes=\"(max-width: 1000px) 100vw, 1000px\" \/><figcaption id=\"caption-attachment-2986\" class=\"wp-caption-text\">UART lazer mesafe mod\u00fcl\u00fc TS1224<\/figcaption><\/figure>\n<h3>Temel \u00d6zellikler:<\/h3>\n<ul>\n<li><strong>B\u00fcy\u00fck Projeler i\u00e7in Uzun Menzilli \u00d6l\u00e7\u00fcm:<\/strong><br \/>\nOne of the standout features of the <span style=\"font-size: 16px;\">Distance Sensor for Drones module<\/span> is its impressive measuring range of up to 2000 meters. This makes it especially suitable for large-scale applications, such as land surveying, infrastructure projects, and environmental monitoring. Whether you need to measure distances over vast areas or capture data from remote locations, this module ensures accurate and reliable results over long distances.<\/li>\n<li><strong>Ultra Kompakt ve Yerden Tasarruf Sa\u011flayan Tasar\u0131m:<\/strong><br \/>\nG\u00fc\u00e7l\u00fc performans\u0131na ra\u011fmen, bu mod\u00fcl ultra kompakt bir form fakt\u00f6r\u00fcne (25,72\u00d724,60\u00d713,40 mm) sahiptir, bu da onu bir madeni paradan daha k\u00fc\u00e7\u00fck yapar. Yerden tasarruf sa\u011flayan bu tasar\u0131m, her milimetrenin \u00f6nemli oldu\u011fu g\u00f6m\u00fcl\u00fc sistemler veya kompakt cihazlarla \u00e7al\u0131\u015f\u0131rken \u00e7ok \u00f6nemlidir. \u00d6zellikle robotik, drone veya ta\u015f\u0131nabilir \u00f6l\u00e7\u00fcm cihazlar\u0131nda kullan\u0131m i\u00e7in \u00e7ok uygundur ve performanstan \u00f6d\u00fcn vermeden sistemlerinize sorunsuz entegrasyon sa\u011flar.<\/li>\n<li><strong>Daha Net \u00d6l\u00e7\u00fcmler i\u00e7in \u00dcst\u00fcn Sinyal Al\u0131m\u0131:<\/strong><br \/>\nEquipped with high-transmittance glass, the <span style=\"font-size: 16px;\">Distance Sensor for Drones module<\/span> excels in signal reception, delivering clearer, more accurate measurements even at greater distances. This feature ensures reliable performance in environments where signal interference or obstacles may be present, such as outdoor or industrial settings. As a result, you can trust the module to deliver consistent, precise measurements in even the most challenging conditions.<\/li>\n<li><strong>Zorlu Ortamlar i\u00e7in Dayan\u0131kl\u0131 Metal Kabuk:<\/strong><br \/>\nSa\u011flam bir metal kasaya sahip olan bu mod\u00fcl, zorlu ortamlara dayanacak \u015fekilde tasarlanm\u0131\u015ft\u0131r. Dayan\u0131kl\u0131 metal kabuk sadece fiziksel koruma sa\u011flamakla kalmaz, ayn\u0131 zamanda mod\u00fcl\u00fcn genel olarak uzun \u00f6m\u00fcrl\u00fc olmas\u0131na da katk\u0131da bulunur. \u0130ster a\u015f\u0131r\u0131 s\u0131cakl\u0131klarda, ister tozlu ko\u015fullarda veya d\u0131\u015f mekan projelerinde \u00e7al\u0131\u015f\u0131yor olun, sa\u011flam tasar\u0131m mod\u00fcl\u00fcn zaman i\u00e7inde g\u00fcvenilir bir \u015fekilde \u00e7al\u0131\u015fmaya devam etmesini sa\u011flar.<\/li>\n<\/ul>\n<h3>\u00c7oklu Aray\u00fczlerle Zahmetsiz Entegrasyon:<\/h3>\n<p>Bu <span style=\"font-size: 16px;\">Distance Sensor for Drones module<\/span> offers flexible integration options with TTL, RS485, and RS232 interfaces, making it easy to connect to a wide range of devices and controllers. Whether you&#8217;re integrating the module into a microcontroller-based system, an industrial automation setup, or a custom-built project, its compatibility ensures a hassle-free integration process.<\/p>\n<figure id=\"attachment_2987\" aria-describedby=\"caption-attachment-2987\" style=\"width: 750px\" class=\"wp-caption aligncenter\"><img decoding=\"async\" class=\"wp-image-2987 size-full\" title=\"Lazer Mesafe Mod\u00fcl\u00fc 2000m\" src=\"https:\/\/meskernel.net\/wp-content\/uploads\/2024\/11\/Laser-Distance-Module-2000m.jpg\" alt=\"Lazer Mesafe Mod\u00fcl\u00fc 2000m\" width=\"750\" height=\"266\" srcset=\"https:\/\/meskernel.net\/wp-content\/uploads\/2024\/11\/Laser-Distance-Module-2000m.jpg 750w, https:\/\/meskernel.net\/wp-content\/uploads\/2024\/11\/Laser-Distance-Module-2000m-300x106.jpg 300w, https:\/\/meskernel.net\/wp-content\/uploads\/2024\/11\/Laser-Distance-Module-2000m-400x142.jpg 400w\" sizes=\"(max-width: 750px) 100vw, 750px\" \/><figcaption id=\"caption-attachment-2987\" class=\"wp-caption-text\">Lazer Mesafe Mod\u00fcl\u00fc 2000m<\/figcaption><\/figure>\n<h3>Sekt\u00f6rler Aras\u0131nda \u00c7ok Y\u00f6nl\u00fc Uygulamalar:<\/h3>\n<p>Bu <span style=\"font-size: 16px;\">Distance Sensor for Drones module<\/span> is designed to meet the diverse needs of professionals in various fields. Thanks to its high accuracy and long-range capabilities, it is suitable for a wide range of applications:<\/p>\n<ul>\n<li><strong>\u0130n\u015faat ve M\u00fchendislik:<\/strong><br \/>\n\u0130n\u015faat ve m\u00fchendislik profesyonelleri i\u00e7in bu mod\u00fcl, geni\u015f arazi alanlar\u0131n\u0131 \u00f6l\u00e7erken, yap\u0131lar in\u015fa ederken veya saha ara\u015ft\u0131rmalar\u0131 yaparken \u00e7ok de\u011ferlidir. Uzun mesafelerde do\u011fru \u00f6l\u00e7\u00fcm yapabilme \u00f6zelli\u011fi, bu mod\u00fcl\u00fc b\u00fcy\u00fck \u00f6l\u00e7ekli projelerin planlanmas\u0131 ve y\u00fcr\u00fct\u00fclmesi i\u00e7in \u00f6nemli bir ara\u00e7 haline getirmektedir.<\/li>\n<li><strong>\u00d6l\u00e7me:<\/strong><br \/>\nHaritac\u0131lar Pulse Lazer Mesafe Mod\u00fcl\u00fcn\u00fc hassasiyeti ve g\u00fcvenilirli\u011fi i\u00e7in takdir edeceklerdir. \u0130ster geni\u015f alanlar\u0131 harital\u0131yor, ister topografyay\u0131 hesapl\u0131yor veya jeodezik ara\u015ft\u0131rmalar yap\u0131yor olun, bu mod\u00fcl hassas arazi de\u011ferlendirmesi i\u00e7in gereken do\u011fru mesafe \u00f6l\u00e7\u00fcmlerini sa\u011flar.<\/li>\n<li><strong>Robotik ve Otomasyon:<\/strong><br \/>\nBu mod\u00fcl\u00fcn kompakt boyutu ve hassas \u00f6l\u00e7\u00fcmleri, onu robotik ve otomatik sistemlere entegrasyon i\u00e7in m\u00fckemmel bir se\u00e7im haline getirir. \u0130ster engel alg\u0131lama, ister navigasyon veya konumland\u0131rma i\u00e7in kullan\u0131ls\u0131n, mod\u00fcl\u00fcn \u00e7ok y\u00f6nl\u00fcl\u00fc\u011f\u00fc otomatik ortamlarda sorunsuz \u00e7al\u0131\u015fmay\u0131 sa\u011flamaya yard\u0131mc\u0131 olur.<\/li>\n<li><strong>\u00c7evresel \u0130zleme:<\/strong><br \/>\n\u00c7evresel izleme, uzak veya ula\u015f\u0131lmas\u0131 zor alanlarda hassas \u00f6l\u00e7\u00fcmler gerektirir. Pulse Lazer Mesafe Mod\u00fcl\u00fcn\u00fcn uzun menzilli \u00f6zelli\u011fi ve y\u00fcksek do\u011frulu\u011fu, hassasl\u0131\u011f\u0131n ve g\u00fcvenilirli\u011fin \u00e7ok \u00f6nemli oldu\u011fu ormanc\u0131l\u0131k, vah\u015fi ya\u015fam takibi ve jeolojik ara\u015ft\u0131rmalar gibi uygulamalar i\u00e7in idealdir.<\/li>\n<\/ul>\n<h3><img data-dominant-color=\"687c8a\" data-has-transparency=\"true\" style=\"--dominant-color: #687c8a;\" decoding=\"async\" class=\"aligncenter wp-image-6383 size-large has-transparency\" src=\"https:\/\/meskernel.net\/wp-content\/uploads\/2025\/12\/Distance-Sensor-for-Drones-application-1024x251.webp\" alt=\"Distance Sensor for Drones application\" width=\"1024\" height=\"251\" srcset=\"https:\/\/meskernel.net\/wp-content\/uploads\/2025\/12\/Distance-Sensor-for-Drones-application-1024x251.webp 1024w, https:\/\/meskernel.net\/wp-content\/uploads\/2025\/12\/Distance-Sensor-for-Drones-application-300x74.webp 300w, https:\/\/meskernel.net\/wp-content\/uploads\/2025\/12\/Distance-Sensor-for-Drones-application-768x188.webp 768w, https:\/\/meskernel.net\/wp-content\/uploads\/2025\/12\/Distance-Sensor-for-Drones-application-1536x376.webp 1536w, https:\/\/meskernel.net\/wp-content\/uploads\/2025\/12\/Distance-Sensor-for-Drones-application-18x4.webp 18w, https:\/\/meskernel.net\/wp-content\/uploads\/2025\/12\/Distance-Sensor-for-Drones-application-400x98.webp 400w, https:\/\/meskernel.net\/wp-content\/uploads\/2025\/12\/Distance-Sensor-for-Drones-application.webp 1922w\" sizes=\"(max-width: 1024px) 100vw, 1024px\" \/><\/h3>\n<p>Projenize hangi mesafe sens\u00f6r\u00fcn\u00fcn uygun oldu\u011fundan emin de\u011fil misiniz? Se\u00e7im k\u0131lavuzumuzu okuyun \u2192<a href=\"https:\/\/meskernel.net\/tr\/dogru-mesafe-sensorunu-secme\/\">Do\u011fru Mesafe Sens\u00f6r\u00fcn\u00fc Se\u00e7me<\/a><\/p>\n<h3>Neden Pulse Lazer Mesafe Mod\u00fcl\u00fcn\u00fc Se\u00e7melisiniz?<\/h3>\n<p>If you&#8217;re looking for a high-performance, reliable, and compact laser distance sensor, the <span style=\"font-size: 16px;\">Distance Sensor for Drones module<\/span> is the ideal solution. Here\u2019s why:<\/p>\n<ul>\n<li><strong>Do\u011fru ve G\u00fcvenilir \u00d6l\u00e7\u00fcmler:<\/strong> 5 metre ile 2000 metre aras\u0131nda de\u011fi\u015fen mesafelerde \u00b11 metre hassasiyet sunarak farkl\u0131 ko\u015fullarda tutarl\u0131 ve hassas sonu\u00e7lar sa\u011flar.<\/li>\n<li><strong>Kompakt ve Yerden Tasarruf Sa\u011flayan Tasar\u0131m:<\/strong> Ultra kompakt boyutu, k\u00fc\u00e7\u00fck alanlara entegre edilmesini kolayla\u015ft\u0131rarak g\u00f6m\u00fcl\u00fc sistemler veya kompakt cihazlar i\u00e7in m\u00fckemmel hale getirir.<\/li>\n<li><strong>\u00dcst\u00fcn Sinyal Al\u0131m\u0131:<\/strong> Y\u00fcksek ge\u00e7irgenli\u011fe sahip cam, uzun mesafelerde bile net ve do\u011fru \u00f6l\u00e7\u00fcmler sa\u011flar, d\u0131\u015f mekan veya end\u00fcstriyel uygulamalar i\u00e7in idealdir.<\/li>\n<li><strong>Dayan\u0131kl\u0131 ve Uzun \u00d6m\u00fcrl\u00fc:<\/strong> Sa\u011flam metal kabu\u011fuyla mod\u00fcl, uzun \u00f6m\u00fcrl\u00fcl\u00fck ve zaman i\u00e7inde g\u00fcvenilirlik sa\u011flayarak zorlu ortamlara dayanacak \u015fekilde \u00fcretilmi\u015ftir.<\/li>\n<\/ul>\n<p>\u0130ster in\u015faat, ister \u00f6l\u00e7me, ister robotik veya <a href=\"https:\/\/meskernel.net\/tr\/uygulama\/cevresel-izleme\/\">\u00e7evresel izleme<\/a>, the <span style=\"font-size: 16px;\">Distance Sensor for Drones module<\/span> offers unmatched performance, durability, and ease of use. Its versatility makes it a reliable tool for projects across various industries, ensuring that you get precise and accurate measurements every time.<\/p>\n<p><a class=\"wps-ellipsis-parent wps-internal-link\" href=\"https:\/\/meskernel.net\/tr\/single-point-laser-distance-sensors\/\" aria-label=\"\u0130HA Faydal\u0131 Y\u00fck\u00fcn\u00fcz i\u00e7in En \u0130yi Tek Noktal\u0131 Lazer Mesafe Sens\u00f6rleri Nas\u0131l Se\u00e7ilir (\/tr\/single-point-laser-distance-sensors\/)\"><span class=\"wps-ellipsis-text\">\u0130HA Faydal\u0131 Y\u00fck\u00fcn\u00fcz i\u00e7in En \u0130yi Tek Noktal\u0131 Lazer Mesafe Sens\u00f6rleri Nas\u0131l Se\u00e7ilir?\u00a0<\/span><\/a><\/p>","protected":false},"excerpt":{"rendered":"<p>Achieve stable long-range distance measurements from 5\u20132000 m for drones, UAV mapping, and robotics. This <span style=\"font-size: 16px;\">Distance Sensor for Drones module<\/span> combines high-transmittance optics with a durable metal housing for reliable performance in harsh outdoor environments. Designed for easy flight-controller integration via TTL, RS485, and RS232, it\u2019s the go-to 1500 m drone distance sensor for surveying, construction, and critical field applications.<\/p>","protected":false},"featured_media":6382,"template":"","meta":{"site-sidebar-layout":"default","site-content-layout":"","ast-site-content-layout":"default","site-content-style":"default","site-sidebar-style":"default","ast-global-header-display":"","ast-banner-title-visibility":"","ast-main-header-display":"","ast-hfb-above-header-display":"","ast-hfb-below-header-display":"","ast-hfb-mobile-header-display":"","site-post-title":"","ast-breadcrumbs-content":"","ast-featured-img":"","footer-sml-layout":"","ast-disable-related-posts":"","theme-transparent-header-meta":"default","adv-header-id-meta":"","stick-header-meta":"","header-above-stick-meta":"","header-main-stick-meta":"","header-below-stick-meta":"","astra-migrate-meta-layouts":"set","ast-page-background-enabled":"default","ast-page-background-meta":{"desktop":{"background-color":"var(--ast-global-color-4)","background-image":"","background-repeat":"repeat","background-position":"center center","background-size":"auto","background-attachment":"scroll","background-type":"","background-media":"","overlay-type":"","overlay-color":"","overlay-opacity":"","overlay-gradient":""},"tablet":{"background-color":"","background-image":"","background-repeat":"repeat","background-position":"center center","background-size":"auto","background-attachment":"scroll","background-type":"","background-media":"","overlay-type":"","overlay-color":"","overlay-opacity":"","overlay-gradient":""},"mobile":{"background-color":"","background-image":"","background-repeat":"repeat","background-position":"center center","background-size":"auto","background-attachment":"scroll","background-type":"","background-media":"","overlay-type":"","overlay-color":"","overlay-opacity":"","overlay-gradient":""}},"ast-content-background-meta":{"desktop":{"background-color":"var(--ast-global-color-5)","background-image":"","background-repeat":"repeat","background-position":"center center","background-size":"auto","background-attachment":"scroll","background-type":"","background-media":"","overlay-type":"","overlay-color":"","overlay-opacity":"","overlay-gradient":""},"tablet":{"background-color":"var(--ast-global-color-5)","background-image":"","background-repeat":"repeat","background-position":"center center","background-size":"auto","background-attachment":"scroll","background-type":"","background-media":"","overlay-type":"","overlay-color":"","overlay-opacity":"","overlay-gradient":""},"mobile":{"background-color":"var(--ast-global-color-5)","background-image":"","background-repeat":"repeat","background-position":"center center","background-size":"auto","background-attachment":"scroll","background-type":"","background-media":"","overlay-type":"","overlay-color":"","overlay-opacity":"","overlay-gradient":""}}},"product_brand":[60],"product_cat":[54],"product_tag":[],"class_list":{"0":"post-6381","1":"product","2":"type-product","3":"status-publish","4":"has-post-thumbnail","6":"product_brand-meskernel","7":"product_cat-long-distance-laser-ranging-sensors","8":"desktop-align-center","9":"tablet-align-left","10":"mobile-align-left","12":"first","13":"instock","14":"shipping-taxable","15":"product-type-simple"},"_links":{"self":[{"href":"https:\/\/meskernel.net\/tr\/wp-json\/wp\/v2\/product\/6381","targetHints":{"allow":["GET"]}}],"collection":[{"href":"https:\/\/meskernel.net\/tr\/wp-json\/wp\/v2\/product"}],"about":[{"href":"https:\/\/meskernel.net\/tr\/wp-json\/wp\/v2\/types\/product"}],"version-history":[{"count":0,"href":"https:\/\/meskernel.net\/tr\/wp-json\/wp\/v2\/product\/6381\/revisions"}],"wp:featuredmedia":[{"embeddable":true,"href":"https:\/\/meskernel.net\/tr\/wp-json\/wp\/v2\/media\/6382"}],"wp:attachment":[{"href":"https:\/\/meskernel.net\/tr\/wp-json\/wp\/v2\/media?parent=6381"}],"wp:term":[{"taxonomy":"product_brand","embeddable":true,"href":"https:\/\/meskernel.net\/tr\/wp-json\/wp\/v2\/product_brand?post=6381"},{"taxonomy":"product_cat","embeddable":true,"href":"https:\/\/meskernel.net\/tr\/wp-json\/wp\/v2\/product_cat?post=6381"},{"taxonomy":"product_tag","embeddable":true,"href":"https:\/\/meskernel.net\/tr\/wp-json\/wp\/v2\/product_tag?post=6381"}],"curies":[{"name":"wp","href":"https:\/\/api.w.org\/{rel}","templated":true}]}}