{"id":6426,"date":"2025-12-04T15:56:26","date_gmt":"2025-12-04T07:56:26","guid":{"rendered":"https:\/\/meskernel.net\/?post_type=product&#038;p=6426"},"modified":"2025-12-04T16:00:18","modified_gmt":"2025-12-04T08:00:18","slug":"rs232","status":"publish","type":"product","link":"https:\/\/meskernel.net\/tr\/product\/rs232\/","title":{"rendered":"Lazer Mesafe Sens\u00f6r\u00fc i\u00e7in RS232"},"content":{"rendered":"<h2>RS232 Seri Port Mod\u00fcl\u00fc - Lazer Mesafe Sens\u00f6rleri i\u00e7in End\u00fcstriyel S\u0131n\u0131f \u0130leti\u015fim Aray\u00fcz\u00fc<\/h2>\n<p data-start=\"405\" data-end=\"710\">Meskernel RS232 Seri Port Mod\u00fcl\u00fc, a\u015fa\u011f\u0131dakiler aras\u0131nda sorunsuz entegrasyon i\u00e7in tasarlanm\u0131\u015ft\u0131r <a href=\"https:\/\/meskernel.net\/tr\/lazer-mesafe-sensoru\/\">lazer mesafe \u00f6l\u00e7\u00fcm sens\u00f6rleri<\/a> ve end\u00fcstriyel kontrol sistemleri. Sa\u011flam parazit \u00f6nleme \u00f6zelliklerine ve y\u00fcksek uyumlulu\u011fa sahip bu mod\u00fcl, zorlu ortamlarda istikrarl\u0131, uzun mesafeli ileti\u015fim sa\u011flar.<\/p>\n<p data-start=\"712\" data-end=\"848\">Otomasyon, robotik, \u0130HA'lar ve hassas \u00f6l\u00e7\u00fcm sistemleri i\u00e7in tasarlanan bu \u00fcr\u00fcn, minimum kurulumla g\u00fcvenilir veri iletimi sa\u011flar.<\/p>\n<div id='gallery-1' class='gallery galleryid-6426 gallery-columns-2 gallery-size-full'><figure class='gallery-item'>\n\t\t\t<div class='gallery-icon landscape'>\n\t\t\t\t<a href='https:\/\/meskernel.net\/tr\/?attachment_id=6430'><img fetchpriority=\"high\" decoding=\"async\" width=\"800\" height=\"800\" src=\"https:\/\/meskernel.net\/wp-content\/uploads\/2025\/12\/RS232-for-laser-sensor.webp\" class=\"attachment-full size-full not-transparent\" alt=\"\" srcset=\"https:\/\/meskernel.net\/wp-content\/uploads\/2025\/12\/RS232-for-laser-sensor.webp 800w, https:\/\/meskernel.net\/wp-content\/uploads\/2025\/12\/RS232-for-laser-sensor-300x300.webp 300w, https:\/\/meskernel.net\/wp-content\/uploads\/2025\/12\/RS232-for-laser-sensor-150x150.webp 150w, https:\/\/meskernel.net\/wp-content\/uploads\/2025\/12\/RS232-for-laser-sensor-768x768.webp 768w, https:\/\/meskernel.net\/wp-content\/uploads\/2025\/12\/RS232-for-laser-sensor-12x12.webp 12w, https:\/\/meskernel.net\/wp-content\/uploads\/2025\/12\/RS232-for-laser-sensor-400x400.webp 400w, https:\/\/meskernel.net\/wp-content\/uploads\/2025\/12\/RS232-for-laser-sensor-100x100.webp 100w\" sizes=\"(max-width: 800px) 100vw, 800px\" data-has-transparency=\"false\" data-dominant-color=\"dfdede\" style=\"--dominant-color: #dfdede;\"><\/a>\n\t\t\t<\/div><\/figure><figure class='gallery-item'>\n\t\t\t<div class='gallery-icon landscape'>\n\t\t\t\t<a href='https:\/\/meskernel.net\/tr\/?attachment_id=6427'><img decoding=\"async\" width=\"800\" height=\"800\" src=\"https:\/\/meskernel.net\/wp-content\/uploads\/2025\/12\/RS232.webp\" class=\"attachment-full size-full not-transparent\" alt=\"RS232\" srcset=\"https:\/\/meskernel.net\/wp-content\/uploads\/2025\/12\/RS232.webp 800w, https:\/\/meskernel.net\/wp-content\/uploads\/2025\/12\/RS232-300x300.webp 300w, https:\/\/meskernel.net\/wp-content\/uploads\/2025\/12\/RS232-150x150.webp 150w, https:\/\/meskernel.net\/wp-content\/uploads\/2025\/12\/RS232-768x768.webp 768w, https:\/\/meskernel.net\/wp-content\/uploads\/2025\/12\/RS232-12x12.webp 12w, https:\/\/meskernel.net\/wp-content\/uploads\/2025\/12\/RS232-400x400.webp 400w, https:\/\/meskernel.net\/wp-content\/uploads\/2025\/12\/RS232-100x100.webp 100w\" sizes=\"(max-width: 800px) 100vw, 800px\" data-has-transparency=\"false\" data-dominant-color=\"d7e5e1\" style=\"--dominant-color: #d7e5e1;\" \/><\/a>\n\t\t\t<\/div><\/figure>\n\t\t<\/div>\n\n<hr data-start=\"850\" data-end=\"853\" \/>\n<h2 data-start=\"855\" data-end=\"874\"><strong data-start=\"858\" data-end=\"874\">Temel \u00d6zellikler<\/strong><\/h2>\n<h3 data-start=\"876\" data-end=\"918\"><strong data-start=\"880\" data-end=\"918\">\u2713 G\u00fc\u00e7l\u00fc Parazit \u00d6nleme Yetene\u011fi<\/strong><\/h3>\n<ul data-start=\"919\" data-end=\"1124\">\n<li data-start=\"919\" data-end=\"981\">\n<p data-start=\"921\" data-end=\"981\">End\u00fcstriyel s\u0131n\u0131f filtreleme ve ekranlama tasar\u0131m\u0131 ile \u00fcretilmi\u015ftir<\/p>\n<\/li>\n<li data-start=\"982\" data-end=\"1045\">\n<p data-start=\"984\" data-end=\"1045\">G\u00fcr\u00fclt\u00fcl\u00fc ortamlarda bile istikrarl\u0131 veri iletimi sa\u011flar<\/p>\n<\/li>\n<li data-start=\"1046\" data-end=\"1124\">\n<p data-start=\"1048\" data-end=\"1124\">Fabrika otomasyonu, d\u0131\u015f mekan \u00f6l\u00e7\u00fcm\u00fc ve y\u00fcksek EMI ekipman\u0131 i\u00e7in uygundur<\/p>\n<\/li>\n<\/ul>\n<h3 data-start=\"1126\" data-end=\"1159\"><strong data-start=\"1130\" data-end=\"1159\">\u2713 M\u00fckemmel Uyumluluk<\/strong><\/h3>\n<ul data-start=\"1160\" data-end=\"1287\">\n<li data-start=\"1160\" data-end=\"1210\">\n<p data-start=\"1162\" data-end=\"1210\">Standart RS232 ileti\u015fim protokol\u00fcn\u00fc destekler<\/p>\n<\/li>\n<li data-start=\"1211\" data-end=\"1287\">\n<p data-start=\"1213\" data-end=\"1287\">PLC'ler, IPC'ler, end\u00fcstriyel kontrol\u00f6rler ve g\u00f6m\u00fcl\u00fc sistemlerle uyumlu<\/p>\n<\/li>\n<\/ul>\n<h3 data-start=\"1289\" data-end=\"1322\"><strong data-start=\"1293\" data-end=\"1322\">\u2713 End\u00fcstriyel S\u0131n\u0131f Tasar\u0131m<\/strong><\/h3>\n<ul data-start=\"1323\" data-end=\"1458\">\n<li data-start=\"1323\" data-end=\"1365\">\n<p data-start=\"1325\" data-end=\"1365\">Y\u00fcksek g\u00fcvenilirlikli elektronik bile\u015fenler<\/p>\n<\/li>\n<li data-start=\"1366\" data-end=\"1402\">\n<p data-start=\"1368\" data-end=\"1402\">Geni\u015f \u00e7al\u0131\u015fma s\u0131cakl\u0131\u011f\u0131 aral\u0131\u011f\u0131<\/p>\n<\/li>\n<li data-start=\"1403\" data-end=\"1458\">\n<p data-start=\"1405\" data-end=\"1458\">Uzun s\u00fcreli \u00e7al\u0131\u015fmaya uygun dayan\u0131kl\u0131 PCB d\u00fczeni<\/p>\n<\/li>\n<\/ul>\n<h3 data-start=\"1460\" data-end=\"1497\"><strong data-start=\"1464\" data-end=\"1497\">\u2713 Kolay Kullan\u0131m ve Entegrasyon<\/strong><\/h3>\n<ul data-start=\"1498\" data-end=\"1630\">\n<li data-start=\"1498\" data-end=\"1525\">\n<p data-start=\"1500\" data-end=\"1525\">Tak ve \u00e7al\u0131\u015ft\u0131r aray\u00fcz\u00fc<\/p>\n<\/li>\n<li data-start=\"1526\" data-end=\"1568\">\n<p data-start=\"1528\" data-end=\"1568\">H\u0131zl\u0131 kablolama i\u00e7in net pin tan\u0131mlar\u0131<\/p>\n<\/li>\n<li data-start=\"1569\" data-end=\"1630\">\n<p data-start=\"1571\" data-end=\"1630\">Karma\u015f\u0131k yap\u0131land\u0131rma yok - h\u0131zl\u0131 proje da\u011f\u0131t\u0131m\u0131 i\u00e7in ideal<\/p>\n<\/li>\n<\/ul>\n<hr data-start=\"1632\" data-end=\"1635\" \/>\n<h2 data-start=\"1637\" data-end=\"1668\"><strong data-start=\"1640\" data-end=\"1668\">Teknik \u00d6zellikler<\/strong><\/h2>\n<div class=\"TyagGW_tableContainer\">\n<div class=\"group TyagGW_tableWrapper flex w-fit flex-col-reverse\" tabindex=\"-1\">\n<table class=\"w-fit min-w-(--thread-content-width)\" data-start=\"1669\" data-end=\"2052\">\n<thead data-start=\"1669\" data-end=\"1698\">\n<tr data-start=\"1669\" data-end=\"1698\">\n<th data-start=\"1669\" data-end=\"1685\" data-col-size=\"sm\"><strong data-start=\"1671\" data-end=\"1684\">Parametre<\/strong><\/th>\n<th data-start=\"1685\" data-end=\"1698\" data-col-size=\"md\"><strong data-start=\"1687\" data-end=\"1696\">De\u011fer<\/strong><\/th>\n<\/tr>\n<\/thead>\n<tbody data-start=\"1728\" data-end=\"2052\">\n<tr data-start=\"1728\" data-end=\"1766\">\n<td data-start=\"1728\" data-end=\"1745\" data-col-size=\"sm\">Aray\u00fcz Tipi<\/td>\n<td data-col-size=\"md\" data-start=\"1745\" data-end=\"1766\">RS232 Seri Ba\u011flant\u0131 Noktas\u0131<\/td>\n<\/tr>\n<tr data-start=\"1767\" data-end=\"1798\">\n<td data-start=\"1767\" data-end=\"1779\" data-col-size=\"sm\">Baud H\u0131z\u0131<\/td>\n<td data-col-size=\"md\" data-start=\"1779\" data-end=\"1798\">9600-115200 bps<\/td>\n<\/tr>\n<tr data-start=\"1799\" data-end=\"1830\">\n<td data-start=\"1799\" data-end=\"1814\" data-col-size=\"sm\">G\u00fc\u00e7 Kayna\u011f\u0131<\/td>\n<td data-col-size=\"md\" data-start=\"1814\" data-end=\"1830\">5V (tipik)<\/td>\n<\/tr>\n<tr data-start=\"1831\" data-end=\"1905\">\n<td data-start=\"1831\" data-end=\"1855\" data-col-size=\"sm\">\u00c7al\u0131\u015fma S\u0131cakl\u0131\u011f\u0131<\/td>\n<td data-col-size=\"md\" data-start=\"1855\" data-end=\"1905\">-20\u00b0C ila 60\u00b0C (sens\u00f6re ba\u011fl\u0131 olarak geni\u015fletilebilir)<\/td>\n<\/tr>\n<tr data-start=\"1906\" data-end=\"1966\">\n<td data-start=\"1906\" data-end=\"1919\" data-col-size=\"sm\">Boyutlar<\/td>\n<td data-col-size=\"md\" data-start=\"1919\" data-end=\"1966\">G\u00f6m\u00fcl\u00fc entegrasyon i\u00e7in kompakt PCB tasar\u0131m\u0131<\/td>\n<\/tr>\n<tr data-start=\"1967\" data-end=\"2052\">\n<td data-start=\"1967\" data-end=\"1988\" data-col-size=\"sm\">Uyumlu Sens\u00f6rler<\/td>\n<td data-col-size=\"md\" data-start=\"1988\" data-end=\"2052\">Meskernel LD\/LDX serisi, OEM ToF mod\u00fclleri, \u00f6zel entegrasyon<\/td>\n<\/tr>\n<\/tbody>\n<\/table>\n<\/div>\n<\/div>\n<hr data-start=\"2054\" data-end=\"2057\" \/>\n<h2 data-start=\"2059\" data-end=\"2086\"><strong data-start=\"2062\" data-end=\"2086\">Tipik Uygulamalar<\/strong><\/h2>\n<ul data-start=\"2087\" data-end=\"2396\">\n<li data-start=\"2087\" data-end=\"2161\">\n<p data-start=\"2089\" data-end=\"2161\"><strong data-start=\"2089\" data-end=\"2114\">End\u00fcstriyel Otomasyon<\/strong> (PLC mesafe geri bildirimi, makine konumland\u0131rma)<\/p>\n<\/li>\n<li data-start=\"2162\" data-end=\"2228\">\n<p data-start=\"2164\" data-end=\"2228\"><strong data-start=\"2164\" data-end=\"2182\">\u0130HA ve Robotik<\/strong> (irtifa \u00f6l\u00e7\u00fcm\u00fc, \u00e7arp\u0131\u015fmadan ka\u00e7\u0131nma)<\/p>\n<\/li>\n<li data-start=\"2229\" data-end=\"2297\">\n<p data-start=\"2231\" data-end=\"2297\"><strong data-start=\"2231\" data-end=\"2258\">Lojistik ve Depolama<\/strong> (nesne alg\u0131lama, konvey\u00f6r kontrol\u00fc)<\/p>\n<\/li>\n<li data-start=\"2298\" data-end=\"2367\">\n<p data-start=\"2300\" data-end=\"2367\"><strong data-start=\"2300\" data-end=\"2324\">Ak\u0131ll\u0131 Altyap\u0131<\/strong> (seviye izleme, yer de\u011fi\u015ftirme alg\u0131lama)<\/p>\n<\/li>\n<li data-start=\"2368\" data-end=\"2396\">\n<p data-start=\"2370\" data-end=\"2396\"><strong data-start=\"2370\" data-end=\"2396\">OEM Sistem Geli\u015ftirme<\/strong><\/p>\n<\/li>\n<\/ul>\n<hr data-start=\"2398\" data-end=\"2401\" \/>\n<h2 data-start=\"2403\" data-end=\"2424\"><strong data-start=\"2406\" data-end=\"2424\">Pim Tan\u0131m\u0131<\/strong><\/h2>\n<p data-start=\"2425\" data-end=\"2475\">(\u00d6rnek - ger\u00e7ek mod\u00fcl\u00fcn\u00fcze g\u00f6re ayarlay\u0131n)<\/p>\n<div class=\"TyagGW_tableContainer\">\n<div class=\"group TyagGW_tableWrapper flex w-fit flex-col-reverse\" tabindex=\"-1\">\n<table class=\"w-fit min-w-(--thread-content-width)\" data-start=\"2477\" data-end=\"2638\">\n<thead data-start=\"2477\" data-end=\"2503\">\n<tr data-start=\"2477\" data-end=\"2503\">\n<th data-start=\"2477\" data-end=\"2487\" data-col-size=\"sm\"><strong data-start=\"2479\" data-end=\"2486\">Pim<\/strong><\/th>\n<th data-start=\"2487\" data-end=\"2503\" data-col-size=\"sm\"><strong data-start=\"2489\" data-end=\"2501\">Fonksiyon<\/strong><\/th>\n<\/tr>\n<\/thead>\n<tbody data-start=\"2531\" data-end=\"2638\">\n<tr data-start=\"2531\" data-end=\"2555\">\n<td data-start=\"2531\" data-end=\"2537\" data-col-size=\"sm\">VCC<\/td>\n<td data-col-size=\"sm\" data-start=\"2537\" data-end=\"2555\">G\u00fc\u00e7 Giri\u015fi 5V<\/td>\n<\/tr>\n<tr data-start=\"2556\" data-end=\"2572\">\n<td data-start=\"2556\" data-end=\"2562\" data-col-size=\"sm\">GND<\/td>\n<td data-col-size=\"sm\" data-start=\"2562\" data-end=\"2572\">Zemin<\/td>\n<\/tr>\n<tr data-start=\"2573\" data-end=\"2594\">\n<td data-start=\"2573\" data-end=\"2579\" data-col-size=\"sm\">TXD<\/td>\n<td data-col-size=\"sm\" data-start=\"2579\" data-end=\"2594\">Veri \u00c7\u0131k\u0131\u015f\u0131<\/td>\n<\/tr>\n<tr data-start=\"2595\" data-end=\"2615\">\n<td data-start=\"2595\" data-end=\"2601\" data-col-size=\"sm\">RXD<\/td>\n<td data-col-size=\"sm\" data-start=\"2601\" data-end=\"2615\">Veri Giri\u015fi<\/td>\n<\/tr>\n<tr data-start=\"2616\" data-end=\"2638\">\n<td data-start=\"2616\" data-end=\"2621\" data-col-size=\"sm\">EN<\/td>\n<td data-col-size=\"sm\" data-start=\"2621\" data-end=\"2638\">Sinyali Etkinle\u015ftir<\/td>\n<\/tr>\n<\/tbody>\n<\/table>\n<\/div>\n<\/div>\n<hr data-start=\"2640\" data-end=\"2643\" \/>\n<h2 data-start=\"2645\" data-end=\"2693\"><img data-dominant-color=\"e7e9e3\" data-has-transparency=\"false\" style=\"--dominant-color: #e7e9e3;\" decoding=\"async\" class=\"aligncenter wp-image-6396 size-full not-transparent\" src=\"https:\/\/meskernel.net\/wp-content\/uploads\/2025\/03\/ldj.webp\" alt=\"\" width=\"763\" height=\"307\" srcset=\"https:\/\/meskernel.net\/wp-content\/uploads\/2025\/03\/ldj.webp 763w, https:\/\/meskernel.net\/wp-content\/uploads\/2025\/03\/ldj-300x121.webp 300w, https:\/\/meskernel.net\/wp-content\/uploads\/2025\/03\/ldj-18x7.webp 18w, https:\/\/meskernel.net\/wp-content\/uploads\/2025\/03\/ldj-400x161.webp 400w\" sizes=\"(max-width: 763px) 100vw, 763px\" \/><\/h2>\n<h2 data-start=\"2645\" data-end=\"2693\"><strong data-start=\"2648\" data-end=\"2693\">USB\/TTL Aray\u00fczlerine K\u0131yasla Avantajlar\u0131<\/strong><\/h2>\n<ul data-start=\"2694\" data-end=\"2867\">\n<li data-start=\"2694\" data-end=\"2757\">\n<p data-start=\"2696\" data-end=\"2757\">Daha istikrarl\u0131 uzun mesafeli iletim (15 m veya daha fazlas\u0131na kadar)<\/p>\n<\/li>\n<li data-start=\"2758\" data-end=\"2814\">\n<p data-start=\"2760\" data-end=\"2814\">Daha iyi EMI direnci, end\u00fcstriyel tesisler i\u00e7in uygun<\/p>\n<\/li>\n<li data-start=\"2815\" data-end=\"2867\">\n<p data-start=\"2817\" data-end=\"2867\">PLC ve end\u00fcstriyel bilgisayarlarda yayg\u0131n olarak desteklenir<\/p>\n<\/li>\n<\/ul>\n<hr data-start=\"2869\" data-end=\"2872\" \/>\n<h2 data-start=\"2874\" data-end=\"2935\"><strong data-start=\"2877\" data-end=\"2935\">Meskernel Lazer Mesafe Sens\u00f6rleri ile Entegrasyon<\/strong><\/h2>\n<ol data-start=\"2936\" data-end=\"3145\">\n<li data-start=\"2936\" data-end=\"3000\">\n<p data-start=\"2939\" data-end=\"3000\">RS232 mod\u00fcl\u00fcn\u00fc sens\u00f6r\u00fcn ileti\u015fim portuna ba\u011flay\u0131n<\/p>\n<\/li>\n<li data-start=\"3001\" data-end=\"3046\">\n<p data-start=\"3004\" data-end=\"3046\">Ana kontrol panosundan g\u00fc\u00e7 beslemesi<\/p>\n<\/li>\n<li data-start=\"3047\" data-end=\"3083\">\n<p data-start=\"3050\" data-end=\"3083\">\u0130lgili baud h\u0131z\u0131n\u0131 ayarlay\u0131n<\/p>\n<\/li>\n<li data-start=\"3084\" data-end=\"3145\">\n<p data-start=\"3087\" data-end=\"3145\">PLC\/embedded sisteminiz \u00fczerinden mesafe verilerini okumaya ba\u015flay\u0131n<\/p>\n<\/li>\n<\/ol>\n<p data-start=\"3147\" data-end=\"3200\">H\u0131zl\u0131 ve g\u00fcvenilir - h\u0131zl\u0131 proje da\u011f\u0131t\u0131m\u0131 i\u00e7in ideal.<\/p>\n<hr data-start=\"3202\" data-end=\"3205\" \/>\n<h2 data-start=\"3207\" data-end=\"3251\"><strong data-start=\"3210\" data-end=\"3251\">Neden Meskernel RS232 \u00c7\u00f6z\u00fcmlerini Se\u00e7melisiniz?<\/strong><\/h2>\n<p data-start=\"3252\" data-end=\"3486\">Meskernel'in uzmanl\u0131k alanlar\u0131 <a href=\"https:\/\/www.youtube.com\/@Meskernelnet\/videos\" target=\"_blank\" rel=\"noopener\">lazer mesafe alg\u0131lama<\/a> teknolojisi ve destekleyici mod\u00fcller. \u0130leti\u015fim mod\u00fcllerimiz hassas \u00f6l\u00e7\u00fcm ortamlar\u0131 i\u00e7in optimize edilmi\u015ftir ve end\u00fcstriyel uygulamalar\u0131n\u0131z i\u00e7in istikrarl\u0131 uzun vadeli performans sa\u011flar.<\/p>\n<p data-start=\"3252\" data-end=\"3486\"><img data-dominant-color=\"d2d0cd\" data-has-transparency=\"false\" style=\"--dominant-color: #d2d0cd;\" loading=\"lazy\" decoding=\"async\" class=\"alignleft wp-image-6412 size-large not-transparent\" src=\"https:\/\/meskernel.net\/wp-content\/uploads\/2025\/12\/ToF-Laser-Sensors-1024x1024.webp\" alt=\"\" width=\"1024\" height=\"1024\" srcset=\"https:\/\/meskernel.net\/wp-content\/uploads\/2025\/12\/ToF-Laser-Sensors-1024x1024.webp 1024w, https:\/\/meskernel.net\/wp-content\/uploads\/2025\/12\/ToF-Laser-Sensors-300x300.webp 300w, https:\/\/meskernel.net\/wp-content\/uploads\/2025\/12\/ToF-Laser-Sensors-150x150.webp 150w, https:\/\/meskernel.net\/wp-content\/uploads\/2025\/12\/ToF-Laser-Sensors-768x768.webp 768w, https:\/\/meskernel.net\/wp-content\/uploads\/2025\/12\/ToF-Laser-Sensors-1536x1536.webp 1536w, https:\/\/meskernel.net\/wp-content\/uploads\/2025\/12\/ToF-Laser-Sensors-12x12.webp 12w, https:\/\/meskernel.net\/wp-content\/uploads\/2025\/12\/ToF-Laser-Sensors-400x400.webp 400w, https:\/\/meskernel.net\/wp-content\/uploads\/2025\/12\/ToF-Laser-Sensors-100x100.webp 100w, https:\/\/meskernel.net\/wp-content\/uploads\/2025\/12\/ToF-Laser-Sensors.webp 2000w\" sizes=\"(max-width: 1024px) 100vw, 1024px\" \/><\/p>","protected":false},"excerpt":{"rendered":"<p>G\u00fc\u00e7l\u00fc parazit \u00f6nleme, end\u00fcstriyel s\u0131n\u0131f g\u00fcvenilirlik ve PLC'ler ve lazer mesafe sens\u00f6rleri ile sorunsuz uyumluluk \u00f6zelliklerine sahip RS232 seri port mod\u00fcl\u00fc.<\/p>","protected":false},"featured_media":6427,"template":"","meta":{"site-sidebar-layout":"default","site-content-layout":"","ast-site-content-layout":"default","site-content-style":"default","site-sidebar-style":"default","ast-global-header-display":"","ast-banner-title-visibility":"","ast-main-header-display":"","ast-hfb-above-header-display":"","ast-hfb-below-header-display":"","ast-hfb-mobile-header-display":"","site-post-title":"","ast-breadcrumbs-content":"","ast-featured-img":"","footer-sml-layout":"","ast-disable-related-posts":"","theme-transparent-header-meta":"default","adv-header-id-meta":"","stick-header-meta":"","header-above-stick-meta":"","header-main-stick-meta":"","header-below-stick-meta":"","astra-migrate-meta-layouts":"set","ast-page-background-enabled":"default","ast-page-background-meta":{"desktop":{"background-color":"var(--ast-global-color-4)","background-image":"","background-repeat":"repeat","background-position":"center center","background-size":"auto","background-attachment":"scroll","background-type":"","background-media":"","overlay-type":"","overlay-color":"","overlay-opacity":"","overlay-gradient":""},"tablet":{"background-color":"","background-image":"","background-repeat":"repeat","background-position":"center center","background-size":"auto","background-attachment":"scroll","background-type":"","background-media":"","overlay-type":"","overlay-color":"","overlay-opacity":"","overlay-gradient":""},"mobile":{"background-color":"","background-image":"","background-repeat":"repeat","background-position":"center center","background-size":"auto","background-attachment":"scroll","background-type":"","background-media":"","overlay-type":"","overlay-color":"","overlay-opacity":"","overlay-gradient":""}},"ast-content-background-meta":{"desktop":{"background-color":"var(--ast-global-color-5)","background-image":"","background-repeat":"repeat","background-position":"center center","background-size":"auto","background-attachment":"scroll","background-type":"","background-media":"","overlay-type":"","overlay-color":"","overlay-opacity":"","overlay-gradient":""},"tablet":{"background-color":"var(--ast-global-color-5)","background-image":"","background-repeat":"repeat","background-position":"center center","background-size":"auto","background-attachment":"scroll","background-type":"","background-media":"","overlay-type":"","overlay-color":"","overlay-opacity":"","overlay-gradient":""},"mobile":{"background-color":"var(--ast-global-color-5)","background-image":"","background-repeat":"repeat","background-position":"center center","background-size":"auto","background-attachment":"scroll","background-type":"","background-media":"","overlay-type":"","overlay-color":"","overlay-opacity":"","overlay-gradient":""}}},"product_brand":[],"product_cat":[31],"product_tag":[],"class_list":{"0":"post-6426","1":"product","2":"type-product","3":"status-publish","4":"has-post-thumbnail","6":"product_cat-tof-ranging-sensor","7":"desktop-align-center","8":"tablet-align-left","9":"mobile-align-left","11":"first","12":"instock","13":"shipping-taxable","14":"product-type-simple"},"_links":{"self":[{"href":"https:\/\/meskernel.net\/tr\/wp-json\/wp\/v2\/product\/6426","targetHints":{"allow":["GET"]}}],"collection":[{"href":"https:\/\/meskernel.net\/tr\/wp-json\/wp\/v2\/product"}],"about":[{"href":"https:\/\/meskernel.net\/tr\/wp-json\/wp\/v2\/types\/product"}],"version-history":[{"count":0,"href":"https:\/\/meskernel.net\/tr\/wp-json\/wp\/v2\/product\/6426\/revisions"}],"wp:featuredmedia":[{"embeddable":true,"href":"https:\/\/meskernel.net\/tr\/wp-json\/wp\/v2\/media\/6427"}],"wp:attachment":[{"href":"https:\/\/meskernel.net\/tr\/wp-json\/wp\/v2\/media?parent=6426"}],"wp:term":[{"taxonomy":"product_brand","embeddable":true,"href":"https:\/\/meskernel.net\/tr\/wp-json\/wp\/v2\/product_brand?post=6426"},{"taxonomy":"product_cat","embeddable":true,"href":"https:\/\/meskernel.net\/tr\/wp-json\/wp\/v2\/product_cat?post=6426"},{"taxonomy":"product_tag","embeddable":true,"href":"https:\/\/meskernel.net\/tr\/wp-json\/wp\/v2\/product_tag?post=6426"}],"curies":[{"name":"wp","href":"https:\/\/api.w.org\/{rel}","templated":true}]}}