{"id":6696,"date":"2026-01-08T18:00:27","date_gmt":"2026-01-08T10:00:27","guid":{"rendered":"https:\/\/meskernel.net\/?post_type=product&#038;p=6696"},"modified":"2026-01-19T17:03:44","modified_gmt":"2026-01-19T09:03:44","slug":"lazer-telemetre-sensor-modulu","status":"publish","type":"product","link":"https:\/\/meskernel.net\/tr\/product\/laser-rangefinder-sensor-module\/","title":{"rendered":"Do\u011fru Tank Seviyesi \u0130zleme i\u00e7in Lazer Telemetre Sens\u00f6r Mod\u00fcl\u00fc 0,03-60 m"},"content":{"rendered":"<p data-start=\"298\" data-end=\"705\">LDL-T Lazer Uzakl\u0131k \u00d6l\u00e7er Sens\u00f6r Mod\u00fcl\u00fc, end\u00fcstriyel otomasyon, robotik, ak\u0131ll\u0131 cihazlar ve hassas \u00f6l\u00e7\u00fcm sistemleri i\u00e7in tasarlanm\u0131\u015f kompakt, y\u00fcksek hassasiyetli bir lazer mesafe \u00f6l\u00e7\u00fcm mod\u00fcl\u00fcd\u00fcr.<br data-start=\"498\" data-end=\"501\" \/>Geli\u015fmi\u015f faz kayd\u0131rmal\u0131 iToF (dolayl\u0131 U\u00e7u\u015f S\u00fcresi) teknolojisi \u00fczerine in\u015fa edilmi\u015ftir, <a href=\"https:\/\/www.youtube.com\/@Meskernelnet\/videos\" target=\"_blank\" rel=\"noopener\">LDL-T<\/a> hafif bir form fakt\u00f6r\u00fcnde milimetre d\u00fczeyinde do\u011fruluk, istikrarl\u0131 performans ve esnek sistem entegrasyonu sunar.<\/p>\n<p data-start=\"298\" data-end=\"705\"><img data-dominant-color=\"f5f5f5\" data-has-transparency=\"false\" fetchpriority=\"high\" decoding=\"async\" class=\"wp-image-6709 size-full aligncenter not-transparent\" style=\"--dominant-color: #f5f5f5; font-style: inherit; font-weight: inherit;\" src=\"https:\/\/meskernel.net\/wp-content\/uploads\/2026\/01\/LDL-T-PIN.webp\" alt=\"LDL-T PIN\" width=\"837\" height=\"336\" srcset=\"https:\/\/meskernel.net\/wp-content\/uploads\/2026\/01\/LDL-T-PIN.webp 837w, https:\/\/meskernel.net\/wp-content\/uploads\/2026\/01\/LDL-T-PIN-300x120.webp 300w, https:\/\/meskernel.net\/wp-content\/uploads\/2026\/01\/LDL-T-PIN-768x308.webp 768w, https:\/\/meskernel.net\/wp-content\/uploads\/2026\/01\/LDL-T-PIN-18x7.webp 18w, https:\/\/meskernel.net\/wp-content\/uploads\/2026\/01\/LDL-T-PIN-400x161.webp 400w\" sizes=\"(max-width: 837px) 100vw, 837px\" \/><\/p>\n<h2 data-start=\"712\" data-end=\"778\">iToF Teknolojisine Dayal\u0131 Y\u00fcksek Hassasiyetli Lazer Telemetre Sens\u00f6r\u00fc<\/h2>\n<p data-start=\"780\" data-end=\"1068\">Geleneksel ultrasonik veya d\u00fc\u015f\u00fck \u00e7\u00f6z\u00fcn\u00fcrl\u00fckl\u00fc optik sens\u00f6rlerin aksine, LDL-T Lazer Mesafe \u00d6l\u00e7er Sens\u00f6r Mod\u00fcl\u00fc faz tabanl\u0131 iToF lazer mesafe \u00f6l\u00e7\u00fcm\u00fc kullan\u0131r. Sens\u00f6r, yay\u0131lan ve yans\u0131yan mod\u00fcle edilmi\u015f lazer sinyalleri aras\u0131ndaki faz fark\u0131n\u0131 analiz ederek mesafeyi ola\u011fan\u00fcst\u00fc bir hassasiyetle hesaplar.<\/p>\n<p data-start=\"1070\" data-end=\"1109\"><strong data-start=\"1070\" data-end=\"1109\">iToF lazer mesafelendirmenin temel faydalar\u0131:<\/strong><\/p>\n<ul data-start=\"1111\" data-end=\"1313\">\n<li data-start=\"1111\" data-end=\"1154\">\n<p data-start=\"1113\" data-end=\"1154\">Milimetre d\u00fczeyinde \u00f6l\u00e7\u00fcm \u00e7\u00f6z\u00fcn\u00fcrl\u00fc\u011f\u00fc<\/p>\n<\/li>\n<li data-start=\"1155\" data-end=\"1206\">\n<p data-start=\"1157\" data-end=\"1206\">Ortam \u0131\u015f\u0131\u011f\u0131 parazitine kar\u015f\u0131 g\u00fc\u00e7l\u00fc diren\u00e7<\/p>\n<\/li>\n<li data-start=\"1207\" data-end=\"1255\">\n<p data-start=\"1209\" data-end=\"1255\">M\u00fckemmel tekrarlanabilirlik ve sinyal kararl\u0131l\u0131\u011f\u0131<\/p>\n<\/li>\n<li data-start=\"1256\" data-end=\"1313\">\n<p data-start=\"1258\" data-end=\"1313\">K\u0131sa-orta menzilli hassas \u00f6l\u00e7\u00fcmler i\u00e7in ideal<\/p>\n<\/li>\n<\/ul>\n<p data-start=\"1315\" data-end=\"1450\">Bu, LDL-T Lazer Telemetre Sens\u00f6r Mod\u00fcl\u00fcn\u00fc \u00f6zellikle y\u00fcksek hassasiyet ve kompakt entegrasyon gerektiren uygulamalar i\u00e7in uygun hale getirir.<\/p>\n<p data-start=\"1315\" data-end=\"1450\"><img data-dominant-color=\"e9e6e4\" data-has-transparency=\"false\" style=\"--dominant-color: #e9e6e4;\" decoding=\"async\" class=\"wp-image-5798 aligncenter not-transparent\" src=\"https:\/\/meskernel.net\/wp-content\/uploads\/2025\/08\/Laser-Distance-Measurers.webp\" alt=\"Lazer Mesafe \u00d6l\u00e7erler\" width=\"495\" height=\"495\" srcset=\"https:\/\/meskernel.net\/wp-content\/uploads\/2025\/08\/Laser-Distance-Measurers.webp 800w, https:\/\/meskernel.net\/wp-content\/uploads\/2025\/08\/Laser-Distance-Measurers-300x300.webp 300w, https:\/\/meskernel.net\/wp-content\/uploads\/2025\/08\/Laser-Distance-Measurers-150x150.webp 150w, https:\/\/meskernel.net\/wp-content\/uploads\/2025\/08\/Laser-Distance-Measurers-768x768.webp 768w, https:\/\/meskernel.net\/wp-content\/uploads\/2025\/08\/Laser-Distance-Measurers-12x12.webp 12w, https:\/\/meskernel.net\/wp-content\/uploads\/2025\/08\/Laser-Distance-Measurers-400x400.webp 400w, https:\/\/meskernel.net\/wp-content\/uploads\/2025\/08\/Laser-Distance-Measurers-100x100.webp 100w\" sizes=\"(max-width: 495px) 100vw, 495px\" \/><\/p>\n<hr data-start=\"1452\" data-end=\"1455\" \/>\n<h2 data-start=\"1457\" data-end=\"1483\">\u00d6l\u00e7\u00fcm Performans\u0131<\/h2>\n<div class=\"TyagGW_tableContainer\">\n<div class=\"group TyagGW_tableWrapper flex w-fit flex-col-reverse\" tabindex=\"-1\">\n<table class=\"w-fit min-w-(--thread-content-width)\" data-start=\"1485\" data-end=\"1960\">\n<thead data-start=\"1485\" data-end=\"1514\">\n<tr data-start=\"1485\" data-end=\"1514\">\n<th data-start=\"1485\" data-end=\"1497\" data-col-size=\"sm\">Parametre<\/th>\n<th data-start=\"1497\" data-end=\"1514\" data-col-size=\"md\">\u015eartname<\/th>\n<\/tr>\n<\/thead>\n<tbody data-start=\"1541\" data-end=\"1960\">\n<tr data-start=\"1541\" data-end=\"1633\">\n<td data-start=\"1541\" data-end=\"1565\" data-col-size=\"sm\"><strong data-start=\"1543\" data-end=\"1564\">\u00d6l\u00e7\u00fcm Aral\u0131\u011f\u0131<\/strong><\/td>\n<td data-col-size=\"md\" data-start=\"1565\" data-end=\"1633\">0,03 m - 60 m (hedef yans\u0131t\u0131c\u0131l\u0131\u011f\u0131na ve ortam \u0131\u015f\u0131\u011f\u0131na ba\u011fl\u0131 olarak)<\/td>\n<\/tr>\n<tr data-start=\"1634\" data-end=\"1674\">\n<td data-start=\"1634\" data-end=\"1649\" data-col-size=\"sm\"><strong data-start=\"1636\" data-end=\"1648\">Do\u011fruluk<\/strong><\/td>\n<td data-col-size=\"md\" data-start=\"1649\" data-end=\"1674\">\u00b1 (1 mm + D \u00d7 1\/10000)<\/td>\n<\/tr>\n<tr data-start=\"1675\" data-end=\"1700\">\n<td data-start=\"1675\" data-end=\"1692\" data-col-size=\"sm\"><strong data-start=\"1677\" data-end=\"1691\">\u00c7\u00f6z\u00fcn\u00fcrl\u00fck<\/strong><\/td>\n<td data-col-size=\"md\" data-start=\"1692\" data-end=\"1700\">1 mm<\/td>\n<\/tr>\n<tr data-start=\"1701\" data-end=\"1737\">\n<td data-start=\"1701\" data-end=\"1724\" data-col-size=\"sm\"><strong data-start=\"1703\" data-end=\"1723\">\u00d6l\u00e7\u00fcm S\u00fcresi<\/strong><\/td>\n<td data-col-size=\"md\" data-start=\"1724\" data-end=\"1737\">0.3 - 4 s<\/td>\n<\/tr>\n<tr data-start=\"1738\" data-end=\"1807\">\n<td data-start=\"1738\" data-end=\"1777\" data-col-size=\"sm\"><strong data-start=\"1740\" data-end=\"1776\">S\u00fcrekli \u00d6l\u00e7\u00fcm Frekans\u0131<\/strong><\/td>\n<td data-col-size=\"md\" data-start=\"1777\" data-end=\"1807\">5 Hz \/ 30 Hz (k\u0131sa aral\u0131k)<\/td>\n<\/tr>\n<tr data-start=\"1808\" data-end=\"1846\">\n<td data-start=\"1808\" data-end=\"1833\" data-col-size=\"sm\"><strong data-start=\"1810\" data-end=\"1832\">Yans\u0131tma Aral\u0131\u011f\u0131<\/strong><\/td>\n<td data-col-size=\"md\" data-start=\"1833\" data-end=\"1846\">2% - 100%<\/td>\n<\/tr>\n<tr data-start=\"1847\" data-end=\"1891\">\n<td data-start=\"1847\" data-end=\"1865\" data-col-size=\"sm\"><strong data-start=\"1849\" data-end=\"1864\">Lazer S\u0131n\u0131f\u0131<\/strong><\/td>\n<td data-col-size=\"md\" data-start=\"1865\" data-end=\"1891\">S\u0131n\u0131f II (IEC 60825-1)<\/td>\n<\/tr>\n<tr data-start=\"1892\" data-end=\"1931\">\n<td data-start=\"1892\" data-end=\"1915\" data-col-size=\"sm\"><strong data-start=\"1894\" data-end=\"1914\">Lazer Dalga Boyu<\/strong><\/td>\n<td data-col-size=\"md\" data-start=\"1915\" data-end=\"1931\">610 - 690 nm<\/td>\n<\/tr>\n<tr data-start=\"1932\" data-end=\"1960\">\n<td data-start=\"1932\" data-end=\"1950\" data-col-size=\"sm\"><strong data-start=\"1934\" data-end=\"1949\">Lazer G\u00fcc\u00fc<\/strong><\/td>\n<td data-col-size=\"md\" data-start=\"1950\" data-end=\"1960\">&lt; 1 mW<\/td>\n<\/tr>\n<\/tbody>\n<\/table>\n<\/div>\n<\/div>\n<blockquote data-start=\"1962\" data-end=\"2121\">\n<p data-start=\"1964\" data-end=\"2121\">LDL-T lazer telemetre sens\u00f6r\u00fc, d\u00fc\u015f\u00fck yans\u0131tma veya orta d\u00fczeyde ortam \u0131\u015f\u0131\u011f\u0131 gibi karma\u015f\u0131k ko\u015fullar alt\u0131nda bile istikrarl\u0131 ve tekrarlanabilir sonu\u00e7lar sa\u011flar.<\/p>\n<\/blockquote>\n<hr data-start=\"2123\" data-end=\"2126\" \/>\n<h2 data-start=\"2128\" data-end=\"2166\">Kolay Entegrasyon i\u00e7in Kompakt Tasar\u0131m<\/h2>\n<p data-start=\"2168\" data-end=\"2362\">G\u00f6m\u00fcl\u00fc ve OEM projeleri i\u00e7in tasarlanan LDL-T Lazer Uzakl\u0131k \u00d6l\u00e7er Sens\u00f6r Mod\u00fcl\u00fc, az yer kaplayan ve hafif yap\u0131s\u0131yla k\u0131s\u0131tl\u0131 alana sahip sistemlere sorunsuz entegrasyon sa\u011flar.<\/p>\n<ul data-start=\"2364\" data-end=\"2539\">\n<li data-start=\"2364\" data-end=\"2407\">\n<p data-start=\"2366\" data-end=\"2407\">Boyutlar: 27,87 \u00d7 17,03 \u00d7 7,01 mm<\/p>\n<\/li>\n<li data-start=\"2408\" data-end=\"2435\">\n<p data-start=\"2410\" data-end=\"2435\">A\u011f\u0131rl\u0131k: yakla\u015f\u0131k 3 g<\/p>\n<\/li>\n<li data-start=\"2436\" data-end=\"2482\">\n<p data-start=\"2438\" data-end=\"2482\">Do\u011frudan lehimleme i\u00e7in d\u00f6k\u00fcm delikler<\/p>\n<\/li>\n<li data-start=\"2483\" data-end=\"2539\">\n<p data-start=\"2485\" data-end=\"2539\">Esnek kurulum i\u00e7in iste\u011fe ba\u011fl\u0131 FPC konekt\u00f6r\u00fc<\/p>\n<\/li>\n<\/ul>\n<p data-start=\"2541\" data-end=\"2645\">Kompakt tasar\u0131m\u0131 sayesinde drone'lar, robotlar, el cihazlar\u0131 ve g\u00f6m\u00fcl\u00fc end\u00fcstriyel sistemler i\u00e7in idealdir.<\/p>\n<p data-start=\"2541\" data-end=\"2645\"><img data-dominant-color=\"bfc2c7\" data-has-transparency=\"false\" style=\"--dominant-color: #bfc2c7;\" decoding=\"async\" class=\"wp-image-6101 size-full aligncenter not-transparent\" src=\"https:\/\/meskernel.net\/wp-content\/uploads\/2025\/10\/Digital-Output-Sensors.webp\" alt=\"Dijital \u00c7\u0131k\u0131\u015f Sens\u00f6rleri\" width=\"492\" height=\"375\" srcset=\"https:\/\/meskernel.net\/wp-content\/uploads\/2025\/10\/Digital-Output-Sensors.webp 492w, https:\/\/meskernel.net\/wp-content\/uploads\/2025\/10\/Digital-Output-Sensors-300x229.webp 300w, https:\/\/meskernel.net\/wp-content\/uploads\/2025\/10\/Digital-Output-Sensors-16x12.webp 16w, https:\/\/meskernel.net\/wp-content\/uploads\/2025\/10\/Digital-Output-Sensors-400x305.webp 400w\" sizes=\"(max-width: 492px) 100vw, 492px\" \/><\/p>\n<hr data-start=\"2647\" data-end=\"2650\" \/>\n<h2 data-start=\"2652\" data-end=\"2688\">Esnek \u0130leti\u015fim Aray\u00fczleri<\/h2>\n<p data-start=\"2690\" data-end=\"2845\">LDL-T Lazer Uzakl\u0131k \u00d6l\u00e7er Sens\u00f6r Mod\u00fcl\u00fc, \u00e7ok \u00e7e\u015fitli kontrol\u00f6rler ve end\u00fcstriyel sistemlerle uyumluluk sa\u011flamak i\u00e7in birden fazla ileti\u015fim y\u00f6ntemini destekler.<\/p>\n<ul data-start=\"2847\" data-end=\"3028\">\n<li data-start=\"2847\" data-end=\"2866\">\n<p data-start=\"2849\" data-end=\"2866\">TTL (3,3 V)<\/p>\n<\/li>\n<li data-start=\"2867\" data-end=\"2880\">\n<p data-start=\"2869\" data-end=\"2880\">USART<\/p>\n<\/li>\n<li data-start=\"2881\" data-end=\"2934\">\n<p data-start=\"2883\" data-end=\"2934\">RS232 \/ RS485 (harici seviye d\u00f6n\u00fc\u015ft\u00fcrme yoluyla)<\/p>\n<\/li>\n<li data-start=\"2935\" data-end=\"2972\">\n<p data-start=\"2937\" data-end=\"2972\">Varsay\u0131lan baud h\u0131z\u0131: 115200 bps<\/p>\n<\/li>\n<li data-start=\"2973\" data-end=\"3028\">\n<p data-start=\"2975\" data-end=\"3028\">\u0130ste\u011fe ba\u011fl\u0131 otomatik veya sabit baud h\u0131z\u0131 yap\u0131land\u0131rmas\u0131<\/p>\n<\/li>\n<\/ul>\n<p data-start=\"3030\" data-end=\"3135\">Bu esneklik MCU'lar, PLC'ler, end\u00fcstriyel PC'ler ve g\u00f6m\u00fcl\u00fc Linux sistemleri ile kolay entegrasyon sa\u011flar.<\/p>\n<hr data-start=\"3137\" data-end=\"3140\" \/>\n<h2 data-start=\"3142\" data-end=\"3174\">Ak\u0131ll\u0131 \u00d6l\u00e7\u00fcm Modlar\u0131<\/h2>\n<p data-start=\"3176\" data-end=\"3305\">Farkl\u0131 uygulama gereksinimlerine uyum sa\u011flamak i\u00e7in LDL-T Lazer Telemetre Sens\u00f6r Mod\u00fcl\u00fc birden fazla \u00e7al\u0131\u015fma ve \u00f6l\u00e7\u00fcm modu sunar:<\/p>\n<ul data-start=\"3307\" data-end=\"3492\">\n<li data-start=\"3307\" data-end=\"3343\">\n<p data-start=\"3309\" data-end=\"3343\">Tek otomatik \u00f6l\u00e7\u00fcm<\/p>\n<\/li>\n<li data-start=\"3344\" data-end=\"3384\">\n<p data-start=\"3346\" data-end=\"3384\">S\u00fcrekli otomatik \u00f6l\u00e7\u00fcm<\/p>\n<\/li>\n<li data-start=\"3385\" data-end=\"3439\">\n<p data-start=\"3387\" data-end=\"3439\">Sinyal kalitesine g\u00f6re otomatik h\u0131z ayar\u0131<\/p>\n<\/li>\n<li data-start=\"3440\" data-end=\"3492\">\n<p data-start=\"3442\" data-end=\"3492\">Komut kayd\u0131 \u00fczerinden uzaktan lazer a\u00e7ma\/kapama kontrol\u00fc<\/p>\n<\/li>\n<\/ul>\n<p data-start=\"3494\" data-end=\"3606\">\u00d6l\u00e7\u00fcm sonu\u00e7lar\u0131 hem mesafe verilerini hem de sinyal kalitesini i\u00e7erir ve sistem d\u00fczeyinde g\u00fcvenilirlik kontrollerine olanak tan\u0131r.<\/p>\n<hr data-start=\"3608\" data-end=\"3611\" \/>\n<h2 data-start=\"3613\" data-end=\"3645\">D\u00fc\u015f\u00fck G\u00fc\u00e7 T\u00fcketimi Se\u00e7enekleri<\/h2>\n<p data-start=\"3647\" data-end=\"3780\">LDL-T Lazer Telemetre Sens\u00f6r Mod\u00fcl\u00fc, enerjiye duyarl\u0131 tasar\u0131mlar\u0131 destekleyen kuru pil ve lityum pil versiyonlar\u0131nda mevcuttur:<\/p>\n<ul data-start=\"3782\" data-end=\"3971\">\n<li data-start=\"3782\" data-end=\"3810\">\n<p data-start=\"3784\" data-end=\"3810\">Bekleme ak\u0131m\u0131: &lt; 10 \u03bcA<\/p>\n<\/li>\n<li data-start=\"3811\" data-end=\"3881\">\n<p data-start=\"3813\" data-end=\"3881\">S\u00fcrekli \u00f6l\u00e7\u00fcm ak\u0131m\u0131: &lt; 80-100 mA (versiyona ba\u011fl\u0131 olarak)<\/p>\n<\/li>\n<li data-start=\"3882\" data-end=\"3971\">\n<p data-start=\"3884\" data-end=\"3901\">Besleme gerilimi:<\/p>\n<ul data-start=\"3904\" data-end=\"3971\">\n<li data-start=\"3904\" data-end=\"3935\">\n<p data-start=\"3906\" data-end=\"3935\">3,3 V (kuru pil versiyonu)<\/p>\n<\/li>\n<li data-start=\"3938\" data-end=\"3971\">\n<p data-start=\"3940\" data-end=\"3971\">4,0 V (lityum pil versiyonu)<\/p>\n<\/li>\n<\/ul>\n<\/li>\n<\/ul>\n<p data-start=\"3973\" data-end=\"4061\">Bu, mod\u00fcl\u00fc ta\u015f\u0131nabilir, pille \u00e7al\u0131\u015fan ve her zaman a\u00e7\u0131k sistemler i\u00e7in uygun hale getirir.<\/p>\n<hr data-start=\"4063\" data-end=\"4066\" \/>\n<h2 data-start=\"4068\" data-end=\"4119\">Lazer Telemetre Sens\u00f6r\u00fcn\u00fcn Tipik Uygulamalar\u0131<\/h2>\n<p data-start=\"4121\" data-end=\"4174\">LDL-T Lazer Telemetre Sens\u00f6r Mod\u00fcl\u00fc yayg\u0131n olarak \u015fu alanlarda kullan\u0131l\u0131r:<\/p>\n<ul data-start=\"4176\" data-end=\"4420\">\n<li data-start=\"4176\" data-end=\"4224\">\n<p data-start=\"4178\" data-end=\"4224\">End\u00fcstriyel mesafe ve konum \u00f6l\u00e7\u00fcm\u00fc<\/p>\n<\/li>\n<li data-start=\"4225\" data-end=\"4256\">\n<p data-start=\"4227\" data-end=\"4256\">Robotik ve AGV navigasyonu<\/p>\n<\/li>\n<li data-start=\"4257\" data-end=\"4296\">\n<p data-start=\"4259\" data-end=\"4296\">\u0130HA irtifas\u0131 ve engel tespiti<\/p>\n<\/li>\n<li data-start=\"4297\" data-end=\"4339\">\n<p data-start=\"4299\" data-end=\"4339\">Ak\u0131ll\u0131 cihazlar ve otomasyon ekipmanlar\u0131<\/p>\n<\/li>\n<li data-start=\"4340\" data-end=\"4375\">\n<p data-start=\"4342\" data-end=\"4375\">\u00d6l\u00e7me ve hizalama sistemleri<\/p>\n<\/li>\n<li data-start=\"4376\" data-end=\"4420\">\n<p data-start=\"4378\" data-end=\"4420\">G\u00f6m\u00fcl\u00fc OEM lazer \u00f6l\u00e7\u00fcm \u00e7\u00f6z\u00fcmleri<\/p>\n<\/li>\n<\/ul>\n<p data-start=\"4422\" data-end=\"4554\">Do\u011fruluk, boyut ve kararl\u0131l\u0131k dengesi, onu hem Ar-Ge hem de seri \u00fcretim projeleri i\u00e7in g\u00fcvenilir bir lazer telemetre sens\u00f6r\u00fc haline getirir.<\/p>\n<p data-start=\"4422\" data-end=\"4554\"><img data-dominant-color=\"818380\" data-has-transparency=\"false\" style=\"--dominant-color: #818380;\" loading=\"lazy\" decoding=\"async\" class=\"wp-image-4836 size-full aligncenter not-transparent\" src=\"https:\/\/meskernel.net\/wp-content\/uploads\/2025\/07\/application.webp\" alt=\"uygulama\" width=\"720\" height=\"720\" srcset=\"https:\/\/meskernel.net\/wp-content\/uploads\/2025\/07\/application.webp 720w, https:\/\/meskernel.net\/wp-content\/uploads\/2025\/07\/application-300x300.webp 300w, https:\/\/meskernel.net\/wp-content\/uploads\/2025\/07\/application-150x150.webp 150w, https:\/\/meskernel.net\/wp-content\/uploads\/2025\/07\/application-400x400.webp 400w, https:\/\/meskernel.net\/wp-content\/uploads\/2025\/07\/application-100x100.webp 100w\" sizes=\"(max-width: 720px) 100vw, 720px\" \/><\/p>\n<p data-start=\"4422\" data-end=\"4554\">Projenize hangi mesafe sens\u00f6r\u00fcn\u00fcn uygun oldu\u011fundan emin de\u011fil misiniz? Se\u00e7im k\u0131lavuzumuzu okuyun \u2192<a href=\"https:\/\/meskernel.net\/tr\/dogru-mesafe-sensorunu-secme\/\">Lazer Mesafe Sens\u00f6r\u00fc Se\u00e7imi<\/a><\/p>\n<hr data-start=\"4556\" data-end=\"4559\" \/>\n<h2 data-start=\"4561\" data-end=\"4610\">Neden Meskernel Lazer Telemetre Sens\u00f6r\u00fcn\u00fc Se\u00e7melisiniz?<\/h2>\n<ul data-start=\"4612\" data-end=\"4836\">\n<li data-start=\"4612\" data-end=\"4665\">\n<p data-start=\"4614\" data-end=\"4665\">\u2714 iToF teknolojisi ile milimetre d\u00fczeyinde hassasiyet<\/p>\n<\/li>\n<li data-start=\"4666\" data-end=\"4709\">\n<p data-start=\"4668\" data-end=\"4709\">\u2714 Kompakt, hafif OEM'e haz\u0131r tasar\u0131m<\/p>\n<\/li>\n<li data-start=\"4710\" data-end=\"4749\">\n<p data-start=\"4712\" data-end=\"4749\">\u2714 Esnek ileti\u015fim aray\u00fczleri<\/p>\n<\/li>\n<li data-start=\"4750\" data-end=\"4801\">\n<p data-start=\"4752\" data-end=\"4801\">\u2714 De\u011fi\u015fken yans\u0131tma alt\u0131nda istikrarl\u0131 performans<\/p>\n<\/li>\n<li data-start=\"4802\" data-end=\"4836\">\n<p data-start=\"4804\" data-end=\"4836\">\u2714 End\u00fcstriyel d\u00fczeyde g\u00fcvenilirlik<\/p>\n<\/li>\n<\/ul>\n<p data-start=\"4838\" data-end=\"5013\">Performans, entegrasyon esnekli\u011fi ve uzun vadeli kararl\u0131l\u0131\u011f\u0131 bir araya getiren y\u00fcksek hassasiyetli bir Lazer Telemetre Sens\u00f6r Mod\u00fcl\u00fc ar\u0131yorsan\u0131z <a href=\"https:\/\/meskernel.net\/tr\/hakkinda\/\">Meskernel<\/a> sens\u00f6r\u00fc ideal bir se\u00e7imdir.<\/p>","protected":false},"excerpt":{"rendered":"<p>LDL-T lazer telemetre sens\u00f6r mod\u00fcl\u00fc, geli\u015fmi\u015f iToF faz kayd\u0131rma teknolojisini kullanarak 0,03 ila 60 metre aras\u0131nda y\u00fcksek hassasiyetli mesafe \u00f6l\u00e7\u00fcm\u00fc sa\u011flar. Milimetre d\u00fczeyinde do\u011fruluk, kompakt boyut ve esnek ileti\u015fim aray\u00fczleri (TTL \/ RS232 \/ RS485) ile end\u00fcstriyel otomasyon, robotik, \u0130HA'lar ve g\u00f6m\u00fcl\u00fc OEM uygulamalar\u0131 i\u00e7in idealdir.<\/p>","protected":false},"featured_media":6710,"template":"","meta":{"site-sidebar-layout":"default","site-content-layout":"","ast-site-content-layout":"default","site-content-style":"default","site-sidebar-style":"default","ast-global-header-display":"","ast-banner-title-visibility":"","ast-main-header-display":"","ast-hfb-above-header-display":"","ast-hfb-below-header-display":"","ast-hfb-mobile-header-display":"","site-post-title":"","ast-breadcrumbs-content":"","ast-featured-img":"","footer-sml-layout":"","ast-disable-related-posts":"","theme-transparent-header-meta":"default","adv-header-id-meta":"","stick-header-meta":"","header-above-stick-meta":"","header-main-stick-meta":"","header-below-stick-meta":"","astra-migrate-meta-layouts":"set","ast-page-background-enabled":"default","ast-page-background-meta":{"desktop":{"background-color":"var(--ast-global-color-4)","background-image":"","background-repeat":"repeat","background-position":"center center","background-size":"auto","background-attachment":"scroll","background-type":"","background-media":"","overlay-type":"","overlay-color":"","overlay-opacity":"","overlay-gradient":""},"tablet":{"background-color":"","background-image":"","background-repeat":"repeat","background-position":"center center","background-size":"auto","background-attachment":"scroll","background-type":"","background-media":"","overlay-type":"","overlay-color":"","overlay-opacity":"","overlay-gradient":""},"mobile":{"background-color":"","background-image":"","background-repeat":"repeat","background-position":"center center","background-size":"auto","background-attachment":"scroll","background-type":"","background-media":"","overlay-type":"","overlay-color":"","overlay-opacity":"","overlay-gradient":""}},"ast-content-background-meta":{"desktop":{"background-color":"var(--ast-global-color-5)","background-image":"","background-repeat":"repeat","background-position":"center center","background-size":"auto","background-attachment":"scroll","background-type":"","background-media":"","overlay-type":"","overlay-color":"","overlay-opacity":"","overlay-gradient":""},"tablet":{"background-color":"var(--ast-global-color-5)","background-image":"","background-repeat":"repeat","background-position":"center center","background-size":"auto","background-attachment":"scroll","background-type":"","background-media":"","overlay-type":"","overlay-color":"","overlay-opacity":"","overlay-gradient":""},"mobile":{"background-color":"var(--ast-global-color-5)","background-image":"","background-repeat":"repeat","background-position":"center center","background-size":"auto","background-attachment":"scroll","background-type":"","background-media":"","overlay-type":"","overlay-color":"","overlay-opacity":"","overlay-gradient":""}}},"product_brand":[],"product_cat":[51],"product_tag":[],"class_list":{"0":"post-6696","1":"product","2":"type-product","3":"status-publish","4":"has-post-thumbnail","6":"product_cat-laser-distance-sensor","7":"desktop-align-center","8":"tablet-align-left","9":"mobile-align-left","11":"first","12":"instock","13":"shipping-taxable","14":"product-type-simple"},"_links":{"self":[{"href":"https:\/\/meskernel.net\/tr\/wp-json\/wp\/v2\/product\/6696","targetHints":{"allow":["GET"]}}],"collection":[{"href":"https:\/\/meskernel.net\/tr\/wp-json\/wp\/v2\/product"}],"about":[{"href":"https:\/\/meskernel.net\/tr\/wp-json\/wp\/v2\/types\/product"}],"version-history":[{"count":0,"href":"https:\/\/meskernel.net\/tr\/wp-json\/wp\/v2\/product\/6696\/revisions"}],"wp:featuredmedia":[{"embeddable":true,"href":"https:\/\/meskernel.net\/tr\/wp-json\/wp\/v2\/media\/6710"}],"wp:attachment":[{"href":"https:\/\/meskernel.net\/tr\/wp-json\/wp\/v2\/media?parent=6696"}],"wp:term":[{"taxonomy":"product_brand","embeddable":true,"href":"https:\/\/meskernel.net\/tr\/wp-json\/wp\/v2\/product_brand?post=6696"},{"taxonomy":"product_cat","embeddable":true,"href":"https:\/\/meskernel.net\/tr\/wp-json\/wp\/v2\/product_cat?post=6696"},{"taxonomy":"product_tag","embeddable":true,"href":"https:\/\/meskernel.net\/tr\/wp-json\/wp\/v2\/product_tag?post=6696"}],"curies":[{"name":"wp","href":"https:\/\/api.w.org\/{rel}","templated":true}]}}