{"id":6996,"date":"2026-02-06T15:48:18","date_gmt":"2026-02-06T07:48:18","guid":{"rendered":"https:\/\/meskernel.net\/?post_type=product&#038;p=6996"},"modified":"2026-02-06T15:57:31","modified_gmt":"2026-02-06T07:57:31","slug":"yuksek-hizli-lazer-mesafe-sensoru","status":"publish","type":"product","link":"https:\/\/meskernel.net\/tr\/product\/high-speed-laser-distance-sensor\/","title":{"rendered":"LDJU Y\u00fcksek H\u0131zl\u0131 Lazer Mesafe Sens\u00f6r\u00fc (10 kHz'e kadar)"},"content":{"rendered":"<h3 data-start=\"350\" data-end=\"427\">Ger\u00e7ek Zamanl\u0131 End\u00fcstriyel Sistemler i\u00e7in Milimetre Hassasiyetinde Mesafe \u00d6l\u00e7\u00fcm\u00fc<\/h3>\n<p data-start=\"429\" data-end=\"769\">LDJU y\u00fcksek h\u0131zl\u0131 lazer mesafe sens\u00f6r\u00fc, ultra h\u0131zl\u0131 yan\u0131t, kararl\u0131 s\u00fcrekli \u00e7\u0131k\u0131\u015f ve milimetre d\u00fczeyinde do\u011fruluk gerektiren uygulamalar i\u00e7in tasarlanm\u0131\u015ft\u0131r.<br data-start=\"598\" data-end=\"601\" \/>Saniyede maksimum 10.000 \u00f6l\u00e7\u00fcm frekans\u0131na sahip olan LDJU, end\u00fcstriyel otomasyon, hareket kontrol\u00fc ve ger\u00e7ek zamanl\u0131 geri bildirim sistemleri i\u00e7in idealdir.<\/p>\n<p data-start=\"429\" data-end=\"769\"><img data-dominant-color=\"b8bcc9\" data-has-transparency=\"true\" style=\"--dominant-color: #b8bcc9;\" fetchpriority=\"high\" decoding=\"async\" class=\"alignleft wp-image-7001 has-transparency\" src=\"https:\/\/meskernel.net\/wp-content\/uploads\/2026\/02\/LDJU-Laser-Distance-Sensor-300x244.webp\" alt=\"LDJU Lazer Mesafe Sens\u00f6r\u00fc\" width=\"400\" height=\"326\" srcset=\"https:\/\/meskernel.net\/wp-content\/uploads\/2026\/02\/LDJU-Laser-Distance-Sensor-300x244.webp 300w, https:\/\/meskernel.net\/wp-content\/uploads\/2026\/02\/LDJU-Laser-Distance-Sensor-768x626.webp 768w, https:\/\/meskernel.net\/wp-content\/uploads\/2026\/02\/LDJU-Laser-Distance-Sensor-15x12.webp 15w, https:\/\/meskernel.net\/wp-content\/uploads\/2026\/02\/LDJU-Laser-Distance-Sensor-400x326.webp 400w, https:\/\/meskernel.net\/wp-content\/uploads\/2026\/02\/LDJU-Laser-Distance-Sensor.webp 945w\" sizes=\"(max-width: 400px) 100vw, 400px\" \/><\/p>\n<p data-start=\"771\" data-end=\"789\"><strong data-start=\"771\" data-end=\"789\">\u00d6nemli Noktalar<\/strong><\/p>\n<ul data-start=\"790\" data-end=\"1038\">\n<li data-start=\"790\" data-end=\"841\">\n<p data-start=\"792\" data-end=\"841\">10 kHz'e kadar s\u00fcrekli \u00f6l\u00e7\u00fcm frekans\u0131<\/p>\n<\/li>\n<li data-start=\"842\" data-end=\"878\">\n<p data-start=\"844\" data-end=\"878\"><strong data-start=\"844\" data-end=\"869\">\u00b1<\/strong>(3 mm + D \u00d7 1\/10000) do\u011fruluk<\/p>\n<\/li>\n<li data-start=\"879\" data-end=\"900\">\n<p data-start=\"881\" data-end=\"900\">1 mm \u00e7\u00f6z\u00fcn\u00fcrl\u00fck<\/p>\n<\/li>\n<li data-start=\"901\" data-end=\"943\">\n<p data-start=\"903\" data-end=\"943\">iToF faz fark\u0131 \u00f6l\u00e7\u00fcm teknolojisi<\/p>\n<\/li>\n<li data-start=\"944\" data-end=\"979\">\n<p data-start=\"946\" data-end=\"979\">TTL \/ USB \/ RS232 \/ RS485 deste\u011fi<\/p>\n<\/li>\n<li data-start=\"980\" data-end=\"1038\">\n<p data-start=\"982\" data-end=\"1038\">ASCII protokol\u00fc ve \u00fcr\u00fcn yaz\u0131l\u0131m\u0131 y\u00fckseltme deste\u011fi ile OEM'e haz\u0131r<\/p>\n<\/li>\n<\/ul>\n<hr data-start=\"1040\" data-end=\"1043\" \/>\n<h2 data-start=\"1045\" data-end=\"1094\"><strong data-start=\"1048\" data-end=\"1094\">LDJU Lazer Mesafe Sens\u00f6r\u00fc Nedir?<\/strong><\/h2>\n<p data-start=\"1096\" data-end=\"1403\">LDJU, dolayl\u0131 U\u00e7u\u015f S\u00fcresi (iToF) faz fark\u0131 \u00f6l\u00e7\u00fcm teknolojisine dayanan kompakt, end\u00fcstriyel s\u0131n\u0131f y\u00fcksek h\u0131zl\u0131 bir lazer mesafe sens\u00f6r\u00fcd\u00fcr.<br data-start=\"1257\" data-end=\"1260\" \/>Yay\u0131lan ve yans\u0131yan lazer sinyalleri aras\u0131ndaki faz kaymas\u0131n\u0131 analiz ederek sens\u00f6r ile bir hedef aras\u0131ndaki mesafeyi s\u00fcrekli olarak \u00f6l\u00e7er.<\/p>\n<p data-start=\"1405\" data-end=\"1606\">Geleneksel mesafe sens\u00f6rleriyle kar\u015f\u0131la\u015ft\u0131r\u0131ld\u0131\u011f\u0131nda LDJU, istikrarl\u0131 do\u011frulukla birlikte y\u00fcksek frekansl\u0131 \u00e7\u0131k\u0131\u015fa odaklan\u0131r ve bu da onu ger\u00e7ek zamanl\u0131 mesafe geri bildiriminin kritik oldu\u011fu dinamik sistemler i\u00e7in uygun hale getirir.<\/p>\n<p data-start=\"1405\" data-end=\"1606\"><a href=\"https:\/\/www.youtube.com\/@Meskernelnet\/videos\" target=\"_blank\" rel=\"noopener\">LDJU y\u00fcksek h\u0131zl\u0131 lazer mesafe sens\u00f6r\u00fcn\u00fcn ger\u00e7ek d\u00fcnyadaki performans testini izleyin<\/a>, s\u00fcrekli 10 kHz \u00e7\u0131k\u0131\u015f ve sinyal kararl\u0131l\u0131\u011f\u0131 dahil olmak \u00fczere.<\/p>\n<hr data-start=\"1608\" data-end=\"1611\" \/>\n<h2 data-start=\"1613\" data-end=\"1639\"><strong data-start=\"1616\" data-end=\"1639\">Neden LDJU'yu Se\u00e7melisiniz?<\/strong><\/h2>\n<p>&nbsp;<\/p>\n<h3 data-start=\"1641\" data-end=\"1677\"><strong data-start=\"1645\" data-end=\"1677\">1. Ultra Y\u00fcksek \u00d6l\u00e7\u00fcm H\u0131z\u0131<\/strong><\/h3>\n<p data-start=\"1678\" data-end=\"1798\">LDJU, 10 kHz'e kadar s\u00fcrekli \u00f6l\u00e7\u00fcm frekanslar\u0131n\u0131 destekleyerek y\u00fcksek h\u0131zl\u0131 kontrol sistemlerinde h\u0131zl\u0131 yan\u0131t sa\u011flar.<\/p>\n<h3 data-start=\"1800\" data-end=\"1834\"><strong data-start=\"1804\" data-end=\"1834\">2. Kararl\u0131 Milimetre Do\u011frulu\u011fu<\/strong><\/h3>\n<p data-start=\"1835\" data-end=\"1979\">1 mm \u00e7\u00f6z\u00fcn\u00fcrl\u00fck ve uyarlanabilir \u00f6l\u00e7\u00fcm zamanlamas\u0131 ile LDJU, hedef yans\u0131t\u0131c\u0131l\u0131\u011f\u0131 veya sinyal g\u00fcc\u00fc de\u011fi\u015fti\u011finde bile kararl\u0131 \u00e7\u0131k\u0131\u015f\u0131 korur.<\/p>\n<h3 data-start=\"1981\" data-end=\"2015\"><strong data-start=\"1985\" data-end=\"2015\">3. Uyarlanabilir \u00d6l\u00e7\u00fcm Mant\u0131\u011f\u0131<\/strong><\/h3>\n<p data-start=\"2016\" data-end=\"2067\">Sens\u00f6r \u00f6l\u00e7\u00fcm h\u0131z\u0131n\u0131 otomatik olarak ayarlar:<\/p>\n<ul data-start=\"2068\" data-end=\"2162\">\n<li data-start=\"2068\" data-end=\"2106\">\n<p data-start=\"2070\" data-end=\"2106\">G\u00fc\u00e7l\u00fc sinyal \u2192 daha h\u0131zl\u0131 \u00f6l\u00e7\u00fcm<\/p>\n<\/li>\n<li data-start=\"2107\" data-end=\"2162\">\n<p data-start=\"2109\" data-end=\"2162\">Zay\u0131f sinyal \u2192 do\u011frulu\u011fu korumak i\u00e7in optimize edilmi\u015f zamanlama<\/p>\n<\/li>\n<\/ul>\n<p data-start=\"2164\" data-end=\"2224\">Bu, ani mesafe s\u0131\u00e7ramalar\u0131 olmadan g\u00fcvenilir sonu\u00e7lar sa\u011flar.<\/p>\n<h3 data-start=\"2226\" data-end=\"2259\"><strong data-start=\"2230\" data-end=\"2259\">End\u00fcstriyel ve OEM Dostu<\/strong><\/h3>\n<p data-start=\"2260\" data-end=\"2486\">LDJU varsay\u0131lan olarak TTL ileti\u015fimini destekler ve harici d\u00f6n\u00fc\u015ft\u00fcrme mod\u00fclleri arac\u0131l\u0131\u011f\u0131yla USB, RS232 veya RS485 sistemleriyle entegre edilebilir.<br data-start=\"2391\" data-end=\"2394\" \/>MODBUS CRC16 ile ASCII tabanl\u0131 komut protokol\u00fc sistem entegrasyonunu kolayla\u015ft\u0131r\u0131r.<\/p>\n<p><img decoding=\"async\" class=\"wp-image-2995 size-full aligncenter\" src=\"https:\/\/meskernel.net\/wp-content\/uploads\/2024\/11\/why-us-distance-sensor.jpg\" alt=\"neden mesafe sens\u00f6r\u00fc kullaniyoruz\" width=\"1069\" height=\"228\" srcset=\"https:\/\/meskernel.net\/wp-content\/uploads\/2024\/11\/why-us-distance-sensor.jpg 1069w, https:\/\/meskernel.net\/wp-content\/uploads\/2024\/11\/why-us-distance-sensor-300x64.jpg 300w, https:\/\/meskernel.net\/wp-content\/uploads\/2024\/11\/why-us-distance-sensor-1024x218.jpg 1024w, https:\/\/meskernel.net\/wp-content\/uploads\/2024\/11\/why-us-distance-sensor-768x164.jpg 768w, https:\/\/meskernel.net\/wp-content\/uploads\/2024\/11\/why-us-distance-sensor-400x85.jpg 400w\" sizes=\"(max-width: 1069px) 100vw, 1069px\" \/><\/p>\n<hr data-start=\"2488\" data-end=\"2491\" \/>\n<h2 data-start=\"2493\" data-end=\"2549\"><strong data-start=\"2496\" data-end=\"2549\">\u00d6l\u00e7\u00fcm Teknolojisi - iToF Faz Fark\u0131<\/strong><\/h2>\n<p data-start=\"2551\" data-end=\"2722\">LDJU dolayl\u0131 y\u00f6ntemi benimsiyor <a href=\"https:\/\/meskernel.net\/tr\/ucus-suresi-mesafe-sensoru\/\">U\u00e7u\u015f S\u00fcresi (iToF) teknolojisi<\/a>, Mod\u00fcle edilmi\u015f bir lazer sinyali ile yans\u0131mas\u0131 aras\u0131ndaki faz fark\u0131n\u0131 \u00f6l\u00e7erek mesafeyi hesaplar.<\/p>\n<p data-start=\"2724\" data-end=\"2752\">LDJU'da iToF'un Faydalar\u0131<\/p>\n<ul data-start=\"2753\" data-end=\"2907\">\n<li data-start=\"2753\" data-end=\"2779\">\n<p data-start=\"2755\" data-end=\"2779\">Y\u00fcksek mesafe \u00e7\u00f6z\u00fcn\u00fcrl\u00fc\u011f\u00fc<\/p>\n<\/li>\n<li data-start=\"2780\" data-end=\"2807\">\n<p data-start=\"2782\" data-end=\"2807\">Azalt\u0131lm\u0131\u015f zamanlama karma\u015f\u0131kl\u0131\u011f\u0131<\/p>\n<\/li>\n<li data-start=\"2808\" data-end=\"2844\">\n<p data-start=\"2810\" data-end=\"2844\">Ortam \u0131\u015f\u0131\u011f\u0131na kar\u015f\u0131 g\u00fc\u00e7l\u00fc diren\u00e7<\/p>\n<\/li>\n<li data-start=\"2845\" data-end=\"2907\">\n<p data-start=\"2847\" data-end=\"2907\">K\u0131sa ila orta menzilli, y\u00fcksek h\u0131zl\u0131 \u00f6l\u00e7\u00fcmler i\u00e7in optimize edilmi\u015ftir<\/p>\n<\/li>\n<\/ul>\n<hr data-start=\"2909\" data-end=\"2912\" \/>\n<h2 data-start=\"2914\" data-end=\"2944\"><\/h2>\n<h2 data-start=\"2914\" data-end=\"2944\"><strong data-start=\"2917\" data-end=\"2944\">Tipik Uygulamalar<\/strong><\/h2>\n<ul data-start=\"2946\" data-end=\"3131\">\n<li data-start=\"2946\" data-end=\"2990\">\n<p data-start=\"2948\" data-end=\"2990\">End\u00fcstriyel otomasyon ve hareket kontrol\u00fc<\/p>\n<\/li>\n<li data-start=\"2991\" data-end=\"3023\">\n<p data-start=\"2993\" data-end=\"3023\">Robotik ve AGV konumland\u0131rma<\/p>\n<\/li>\n<li data-start=\"3024\" data-end=\"3056\">\n<p data-start=\"3026\" data-end=\"3056\">Konvey\u00f6r ve ay\u0131rma sistemleri<\/p>\n<\/li>\n<li data-start=\"3057\" data-end=\"3094\">\n<p data-start=\"3059\" data-end=\"3094\">Ger\u00e7ek zamanl\u0131 deplasman izleme<\/p>\n<\/li>\n<li data-start=\"3095\" data-end=\"3131\">\n<p data-start=\"3097\" data-end=\"3131\">OEM g\u00f6m\u00fcl\u00fc \u00f6l\u00e7\u00fcm sistemleri<\/p>\n<\/li>\n<\/ul>\n<hr data-start=\"3133\" data-end=\"3136\" \/>\n<h2 data-start=\"3138\" data-end=\"3172\"><img data-dominant-color=\"e3e4e2\" data-has-transparency=\"false\" style=\"--dominant-color: #e3e4e2;\" decoding=\"async\" class=\"wp-image-7000 size-full aligncenter not-transparent\" src=\"https:\/\/meskernel.net\/wp-content\/uploads\/2026\/02\/LDJU-laser-distance-sensor-integration.webp\" alt=\"LDJU lazer mesafe sens\u00f6r\u00fc entegrasyonu\" width=\"984\" height=\"233\" srcset=\"https:\/\/meskernel.net\/wp-content\/uploads\/2026\/02\/LDJU-laser-distance-sensor-integration.webp 984w, https:\/\/meskernel.net\/wp-content\/uploads\/2026\/02\/LDJU-laser-distance-sensor-integration-300x71.webp 300w, https:\/\/meskernel.net\/wp-content\/uploads\/2026\/02\/LDJU-laser-distance-sensor-integration-768x182.webp 768w, https:\/\/meskernel.net\/wp-content\/uploads\/2026\/02\/LDJU-laser-distance-sensor-integration-18x4.webp 18w, https:\/\/meskernel.net\/wp-content\/uploads\/2026\/02\/LDJU-laser-distance-sensor-integration-400x95.webp 400w\" sizes=\"(max-width: 984px) 100vw, 984px\" \/><\/h2>\n<h2 data-start=\"3138\" data-end=\"3172\"><\/h2>\n<h2 data-start=\"3138\" data-end=\"3172\"><strong data-start=\"3141\" data-end=\"3172\">Entegrasyon ve Sonraki Ad\u0131mlar<\/strong><\/h2>\n<p data-start=\"3174\" data-end=\"3330\">LDJU, end\u00fcstriyel ve g\u00f6m\u00fcl\u00fc platformlara do\u011frudan entegrasyon i\u00e7in tasarlanm\u0131\u015ft\u0131r ve s\u00fcrekli \u00e7\u0131k\u0131\u015f\u0131, sistem tan\u0131lamay\u0131 ve \u00fcr\u00fcn yaz\u0131l\u0131m\u0131 y\u00fckseltmelerini destekler.<\/p>","protected":false},"excerpt":{"rendered":"<p>Y\u00fcksek H\u0131zl\u0131 Lazer Mesafe Sens\u00f6r\u00fc, 10 kHz frekans, milimetre hassasiyet ve uyarlanabilir \u00f6l\u00e7\u00fcm. End\u00fcstriyel otomasyon, robotik ve OEM entegrasyonu i\u00e7in tasarlanm\u0131\u015ft\u0131r.<\/p>","protected":false},"featured_media":6999,"template":"","meta":{"site-sidebar-layout":"default","site-content-layout":"","ast-site-content-layout":"default","site-content-style":"default","site-sidebar-style":"default","ast-global-header-display":"","ast-banner-title-visibility":"","ast-main-header-display":"","ast-hfb-above-header-display":"","ast-hfb-below-header-display":"","ast-hfb-mobile-header-display":"","site-post-title":"","ast-breadcrumbs-content":"","ast-featured-img":"","footer-sml-layout":"","ast-disable-related-posts":"","theme-transparent-header-meta":"default","adv-header-id-meta":"","stick-header-meta":"","header-above-stick-meta":"","header-main-stick-meta":"","header-below-stick-meta":"","astra-migrate-meta-layouts":"set","ast-page-background-enabled":"default","ast-page-background-meta":{"desktop":{"background-color":"var(--ast-global-color-4)","background-image":"","background-repeat":"repeat","background-position":"center center","background-size":"auto","background-attachment":"scroll","background-type":"","background-media":"","overlay-type":"","overlay-color":"","overlay-opacity":"","overlay-gradient":""},"tablet":{"background-color":"","background-image":"","background-repeat":"repeat","background-position":"center center","background-size":"auto","background-attachment":"scroll","background-type":"","background-media":"","overlay-type":"","overlay-color":"","overlay-opacity":"","overlay-gradient":""},"mobile":{"background-color":"","background-image":"","background-repeat":"repeat","background-position":"center center","background-size":"auto","background-attachment":"scroll","background-type":"","background-media":"","overlay-type":"","overlay-color":"","overlay-opacity":"","overlay-gradient":""}},"ast-content-background-meta":{"desktop":{"background-color":"var(--ast-global-color-5)","background-image":"","background-repeat":"repeat","background-position":"center center","background-size":"auto","background-attachment":"scroll","background-type":"","background-media":"","overlay-type":"","overlay-color":"","overlay-opacity":"","overlay-gradient":""},"tablet":{"background-color":"var(--ast-global-color-5)","background-image":"","background-repeat":"repeat","background-position":"center center","background-size":"auto","background-attachment":"scroll","background-type":"","background-media":"","overlay-type":"","overlay-color":"","overlay-opacity":"","overlay-gradient":""},"mobile":{"background-color":"var(--ast-global-color-5)","background-image":"","background-repeat":"repeat","background-position":"center center","background-size":"auto","background-attachment":"scroll","background-type":"","background-media":"","overlay-type":"","overlay-color":"","overlay-opacity":"","overlay-gradient":""}}},"product_brand":[],"product_cat":[32,52],"product_tag":[],"class_list":{"0":"post-6996","1":"product","2":"type-product","3":"status-publish","4":"has-post-thumbnail","6":"product_cat-high-frequency-ranging-sensor-module","7":"product_cat-phase-distance-sensor","8":"desktop-align-center","9":"tablet-align-left","10":"mobile-align-left","12":"first","13":"instock","14":"shipping-taxable","15":"product-type-simple"},"_links":{"self":[{"href":"https:\/\/meskernel.net\/tr\/wp-json\/wp\/v2\/product\/6996","targetHints":{"allow":["GET"]}}],"collection":[{"href":"https:\/\/meskernel.net\/tr\/wp-json\/wp\/v2\/product"}],"about":[{"href":"https:\/\/meskernel.net\/tr\/wp-json\/wp\/v2\/types\/product"}],"version-history":[{"count":0,"href":"https:\/\/meskernel.net\/tr\/wp-json\/wp\/v2\/product\/6996\/revisions"}],"wp:featuredmedia":[{"embeddable":true,"href":"https:\/\/meskernel.net\/tr\/wp-json\/wp\/v2\/media\/6999"}],"wp:attachment":[{"href":"https:\/\/meskernel.net\/tr\/wp-json\/wp\/v2\/media?parent=6996"}],"wp:term":[{"taxonomy":"product_brand","embeddable":true,"href":"https:\/\/meskernel.net\/tr\/wp-json\/wp\/v2\/product_brand?post=6996"},{"taxonomy":"product_cat","embeddable":true,"href":"https:\/\/meskernel.net\/tr\/wp-json\/wp\/v2\/product_cat?post=6996"},{"taxonomy":"product_tag","embeddable":true,"href":"https:\/\/meskernel.net\/tr\/wp-json\/wp\/v2\/product_tag?post=6996"}],"curies":[{"name":"wp","href":"https:\/\/api.w.org\/{rel}","templated":true}]}}